{"id":5926,"date":"2022-02-22T08:28:02","date_gmt":"2022-02-22T08:28:02","guid":{"rendered":"https:\/\/medicinasinc.com\/sl\/?post_type=product&#038;p=5926"},"modified":"2022-03-19T00:12:28","modified_gmt":"2022-03-19T00:12:28","slug":"kupi-thj-018","status":"publish","type":"product","link":"https:\/\/medicinasinc.com\/sl\/product\/kupi-thj-018\/","title":{"rendered":"Kupite THJ-018"},"content":{"rendered":"<p>Kljub vse ve\u010dji raz\u0161irjenosti novih psihoaktivnih spojin trenutno ni na voljo podatkov o presnovi pri \u010dloveku, kar ote\u017euje laboratorijsko dokumentiranje zau\u017eitja vzorcev urina in oceno farmakodinami\u010dnih, farmakokineti\u010dnih in toksikolo\u0161kih lastnosti zdravil.<\/p>\n<p>Sinteti\u010dni analogi indazola iz konoplje JWH-018 in THJ-2201 so bili izdani leta 2014 kot THJ-018 in THJ-2201.<\/p>\n<p>THJ 018 je popolnoma novo sinteti\u010dno zdravilo, ki je na voljo za nakup. Razvr\u0161\u010den je kot kanabinoid. Ta spojina je derivat dobro znanega zdravila jwh 018.<\/p>\n<p>Informacijski sistem nacionalnega forenzi\u010dnega laboratorija ima 220 poro\u010dil THJ-2201, glede na AM-2201. Januarja 2015 je uprava za boj proti drogam uvrstila THJ-2201 kot seznam I zaradi \u0161tevilnih ne\u017eelenih pojavov.<\/p>\n<p>METODE: Po inkubaciji 10 mol\/L THJ-018 in THJ-2201 v \u010dlove\u0161kih hepatocitih 3 ure, uporabili smo masno spektrometrijo visoke lo\u010dljivosti (HR-MS) (TripleTOF 5600+), da smo odkrili optimalne ozna\u010devalce metabolitov. Skeniranje ionov izdelkov s filtri masnih napak je bilo aktivirano s popolnim skeniranjem in pridobivanjem podatkov, ki je odvisen od informacij. MetaSite je bil uporabljen za napovedovanje metabolitov in silico, ki so jih nato primerjali s presnovki, ki jih najdemo v \u010dlove\u0161kih hepatocitih.<\/p>\n<p>REZULTATI: Najdenih je bilo trinajst metabolitov THJ-018 s hidroksilacijo v N-pentilni verigi in kasnej\u0161o oksidacijo oz. glukuronidacija je prevladujo\u010da metabolna pot. V THJ-2201 je bilo najdenih 27 metabolitov, pri \u010demer je ve\u010dina bila oksidativna defluoracija, ki ji je sledila karboksilacija ali glukuronidacija, pa tudi glukuronidacija hidroksiliranih presnovkov.<\/p>\n<p>Obe spojini sta pokazali sintezo dihidrodiola na naftalenskem delu. Napoved MetaSite je bila natan\u010dna za metabolite hepatocitov THJ-018, medtem ko je bila oksidativna defluoracija THJ-2201 podcenjena.<\/p>\n<p> ZAKLJU\u010cKI: Raziskali smo presnovo THJ-018 in THJ-2201 v \u010dlove\u0161kih hepatocitih in podatke s pomo\u010djo HR-MS-sition. predelavo in priporo\u010damo ustrezne kazalnike za laboratorije za identifikacijo zau\u017eitja THJ-018 in THJ-2201 in povezovanje dokumentiranih \u0161kodljivih izidov s temi novimi sinteti\u010dnimi kanabinoidi.<\/p>\n<p>SC se ve\u017eejo na endogene kanabinoidne receptorje in povzro\u010dajo kanabimimeti\u010dne u\u010dinke, primerljive z 9. -tetrahidrokanabinol (1, 2). Zloraba SC3 vodi do velikih stranskih u\u010dinkov, kot so akutna po\u0161kodba ledvic, miokardni infarkt in smrt (3, 4).<\/p>\n<p>Kljub tem tveganjem ljudje \u0161e naprej u\u017eivajo SC. \u0160tevilni SC so bili na\u010drtovani v Zdru\u017eenih dr\u017eavah, na Japonskem in v ve\u010dini evropskih dr\u017eav (na primer JWH018, JWH-073, AKB48 in XLR-11); vendar se nenehno pojavljajo dodatne strukturno raznolike spojine.<\/p>\n","protected":false},"excerpt":{"rendered":"<p>Kupite THJ-018 (SGT-17) za prodajo Evropa, Zdru\u017eeno kraljestvo je sinteti\u010dni kanabinoid, ki je indazolni analog JWH-018 in je bil naprodaj na spletu kot oblikovalsko zdravilo. Na voljo je veleprodajno naro\u010dilo<\/p>\n","protected":false},"featured_media":5940,"comment_status":"open","ping_status":"closed","template":"","meta":[],"product_brand":[],"product_cat":[2596],"product_tag":[4104,4106,4103,4105,4107,4108,4109],"class_list":{"0":"post-5926","1":"product","2":"type-product","3":"status-publish","4":"has-post-thumbnail","6":"product_cat-kanabinoidi-za-prodajo","7":"product_tag-how-to-buy-thj-018-online","8":"product_tag-nakup-thj-018-na-spletu","9":"product_tag-kupi-thj-018-na-spletu","10":"product_tag-order-thj-018-online","11":"product_tag-the-best-place-to-buy-thj-018-online","12":"product_tag-thj-018-for-sale","13":"product_tag-where-to-buy-thj-018-online","15":"first","16":"instock","17":"shipping-taxable","18":"purchasable","19":"product-type-variable"},"yoast_head":"<!-- This site is optimized with the Yoast SEO plugin v27.3 - https:\/\/yoast.com\/product\/yoast-seo-wordpress\/ -->\n<title>Kupite THJ-018 - SGT-17 - Najbolj\u0161a najbolj\u0161a zdravila na svetu<\/title>\n<meta name=\"description\" content=\"Kupite THJ-018 (SGT-17) za prodajo Evropa, Zdru\u017eeno kraljestvo je sinteti\u010dni kanabinoid, ki je indazolni analog JWH-018 in je bil naprodaj na spletu kot oblikovalsko zdravilo. Mo\u017eno naro\u010dilo na debelo\" \/>\n<meta name=\"robots\" content=\"index, follow, max-snippet:-1, max-image-preview:large, max-video-preview:-1\" \/>\n<link rel=\"canonical\" href=\"https:\/\/medicinasinc.com\/sl\/product\/kupi-thj-018\/\" \/>\n<meta property=\"og:locale\" content=\"en_US\" \/>\n<meta property=\"og:type\" content=\"article\" \/>\n<meta property=\"og:title\" content=\"Kupite THJ-018 - SGT-17 - Najbolj\u0161a najbolj\u0161a zdravila na svetu\" \/>\n<meta property=\"og:description\" content=\"Kupite THJ-018 (SGT-17) za prodajo Evropa, Zdru\u017eeno kraljestvo je sinteti\u010dni kanabinoid, ki je indazolni analog JWH-018 in je bil naprodaj na spletu kot oblikovalsko zdravilo. Mo\u017eno naro\u010dilo na debelo\" \/>\n<meta property=\"og:url\" content=\"https:\/\/medicinasinc.com\/sl\/product\/kupi-thj-018\/\" \/>\n<meta property=\"og:site_name\" content=\"Medicinas Inc\" \/>\n<meta property=\"article:modified_time\" content=\"2022-03-19T00:12:28+00:00\" \/>\n<meta property=\"og:image\" content=\"https:\/\/medicinasinc.com\/sl\/wp-content\/uploads\/sites\/7\/2022\/02\/Buy-THJ-018.jpeg\" \/>\n\t<meta property=\"og:image:width\" content=\"751\" \/>\n\t<meta property=\"og:image:height\" content=\"800\" \/>\n\t<meta property=\"og:image:type\" content=\"image\/jpeg\" \/>\n<meta name=\"twitter:card\" content=\"summary_large_image\" \/>\n<meta name=\"twitter:label1\" content=\"Est. reading time\" \/>\n\t<meta name=\"twitter:data1\" content=\"2 minutes\" \/>\n<script type=\"application\/ld+json\" class=\"yoast-schema-graph\">{\"@context\":\"https:\\\/\\\/schema.org\",\"@graph\":[{\"@type\":\"WebPage\",\"@id\":\"https:\\\/\\\/medicinasinc.com\\\/sl\\\/product\\\/kupi-thj-018\\\/\",\"url\":\"https:\\\/\\\/medicinasinc.com\\\/sl\\\/product\\\/kupi-thj-018\\\/\",\"name\":\"Kupite THJ-018 - SGT-17 - Najbolj\u0161a najbolj\u0161a zdravila na svetu\",\"isPartOf\":{\"@id\":\"https:\\\/\\\/medicinasinc.com\\\/sl\\\/#website\"},\"primaryImageOfPage\":{\"@id\":\"https:\\\/\\\/medicinasinc.com\\\/sl\\\/product\\\/kupi-thj-018\\\/#primaryimage\"},\"image\":{\"@id\":\"https:\\\/\\\/medicinasinc.com\\\/sl\\\/product\\\/kupi-thj-018\\\/#primaryimage\"},\"thumbnailUrl\":\"https:\\\/\\\/medicinasinc.com\\\/sl\\\/wp-content\\\/uploads\\\/sites\\\/7\\\/2022\\\/02\\\/Buy-THJ-018.jpeg\",\"datePublished\":\"2022-02-22T08:28:02+00:00\",\"dateModified\":\"2022-03-19T00:12:28+00:00\",\"description\":\"Kupite THJ-018 (SGT-17) za prodajo Evropa, Zdru\u017eeno kraljestvo je sinteti\u010dni kanabinoid, ki je indazolni analog JWH-018 in je bil naprodaj na spletu kot oblikovalsko zdravilo. Mo\u017eno naro\u010dilo na debelo\",\"breadcrumb\":{\"@id\":\"https:\\\/\\\/medicinasinc.com\\\/sl\\\/product\\\/kupi-thj-018\\\/#breadcrumb\"},\"inLanguage\":\"en-US\",\"potentialAction\":[{\"@type\":\"ReadAction\",\"target\":[\"https:\\\/\\\/medicinasinc.com\\\/sl\\\/product\\\/kupi-thj-018\\\/\"]}]},{\"@type\":\"ImageObject\",\"inLanguage\":\"en-US\",\"@id\":\"https:\\\/\\\/medicinasinc.com\\\/sl\\\/product\\\/kupi-thj-018\\\/#primaryimage\",\"url\":\"https:\\\/\\\/medicinasinc.com\\\/sl\\\/wp-content\\\/uploads\\\/sites\\\/7\\\/2022\\\/02\\\/Buy-THJ-018.jpeg\",\"contentUrl\":\"https:\\\/\\\/medicinasinc.com\\\/sl\\\/wp-content\\\/uploads\\\/sites\\\/7\\\/2022\\\/02\\\/Buy-THJ-018.jpeg\",\"width\":751,\"height\":800},{\"@type\":\"BreadcrumbList\",\"@id\":\"https:\\\/\\\/medicinasinc.com\\\/sl\\\/product\\\/kupi-thj-018\\\/#breadcrumb\",\"itemListElement\":[{\"@type\":\"ListItem\",\"position\":1,\"name\":\"Nakupujte\",\"item\":\"https:\\\/\\\/medicinasinc.com\\\/sl\\\/nakupujte\\\/\"},{\"@type\":\"ListItem\",\"position\":2,\"name\":\"Kupite THJ-018\"}]},{\"@type\":\"WebSite\",\"@id\":\"https:\\\/\\\/medicinasinc.com\\\/sl\\\/#website\",\"url\":\"https:\\\/\\\/medicinasinc.com\\\/sl\\\/\",\"name\":\"Medicinas Inc\",\"description\":\"Health Medical Clinic\",\"potentialAction\":[{\"@type\":\"SearchAction\",\"target\":{\"@type\":\"EntryPoint\",\"urlTemplate\":\"https:\\\/\\\/medicinasinc.com\\\/sl\\\/?s={search_term_string}\"},\"query-input\":{\"@type\":\"PropertyValueSpecification\",\"valueRequired\":true,\"valueName\":\"search_term_string\"}}],\"inLanguage\":\"en-US\"}]}<\/script>\n<!-- \/ Yoast SEO plugin. -->","yoast_head_json":{"title":"Kupite THJ-018 - SGT-17 - Najbolj\u0161a najbolj\u0161a zdravila na svetu","description":"Kupite THJ-018 (SGT-17) za prodajo Evropa, Zdru\u017eeno kraljestvo je sinteti\u010dni kanabinoid, ki je indazolni analog JWH-018 in je bil naprodaj na spletu kot oblikovalsko zdravilo. Mo\u017eno naro\u010dilo na debelo","robots":{"index":"index","follow":"follow","max-snippet":"max-snippet:-1","max-image-preview":"max-image-preview:large","max-video-preview":"max-video-preview:-1"},"canonical":"https:\/\/medicinasinc.com\/sl\/product\/kupi-thj-018\/","og_locale":"en_US","og_type":"article","og_title":"Kupite THJ-018 - SGT-17 - Najbolj\u0161a najbolj\u0161a zdravila na svetu","og_description":"Kupite THJ-018 (SGT-17) za prodajo Evropa, Zdru\u017eeno kraljestvo je sinteti\u010dni kanabinoid, ki je indazolni analog JWH-018 in je bil naprodaj na spletu kot oblikovalsko zdravilo. Mo\u017eno naro\u010dilo na debelo","og_url":"https:\/\/medicinasinc.com\/sl\/product\/kupi-thj-018\/","og_site_name":"Medicinas Inc","article_modified_time":"2022-03-19T00:12:28+00:00","og_image":[{"width":751,"height":800,"url":"https:\/\/medicinasinc.com\/sl\/wp-content\/uploads\/sites\/7\/2022\/02\/Buy-THJ-018.jpeg","type":"image\/jpeg"}],"twitter_card":"summary_large_image","twitter_misc":{"Est. reading time":"2 minutes"},"schema":{"@context":"https:\/\/schema.org","@graph":[{"@type":"WebPage","@id":"https:\/\/medicinasinc.com\/sl\/product\/kupi-thj-018\/","url":"https:\/\/medicinasinc.com\/sl\/product\/kupi-thj-018\/","name":"Kupite THJ-018 - SGT-17 - Najbolj\u0161a najbolj\u0161a zdravila na svetu","isPartOf":{"@id":"https:\/\/medicinasinc.com\/sl\/#website"},"primaryImageOfPage":{"@id":"https:\/\/medicinasinc.com\/sl\/product\/kupi-thj-018\/#primaryimage"},"image":{"@id":"https:\/\/medicinasinc.com\/sl\/product\/kupi-thj-018\/#primaryimage"},"thumbnailUrl":"https:\/\/medicinasinc.com\/sl\/wp-content\/uploads\/sites\/7\/2022\/02\/Buy-THJ-018.jpeg","datePublished":"2022-02-22T08:28:02+00:00","dateModified":"2022-03-19T00:12:28+00:00","description":"Kupite THJ-018 (SGT-17) za prodajo Evropa, Zdru\u017eeno kraljestvo je sinteti\u010dni kanabinoid, ki je indazolni analog JWH-018 in je bil naprodaj na spletu kot oblikovalsko zdravilo. Mo\u017eno naro\u010dilo na debelo","breadcrumb":{"@id":"https:\/\/medicinasinc.com\/sl\/product\/kupi-thj-018\/#breadcrumb"},"inLanguage":"en-US","potentialAction":[{"@type":"ReadAction","target":["https:\/\/medicinasinc.com\/sl\/product\/kupi-thj-018\/"]}]},{"@type":"ImageObject","inLanguage":"en-US","@id":"https:\/\/medicinasinc.com\/sl\/product\/kupi-thj-018\/#primaryimage","url":"https:\/\/medicinasinc.com\/sl\/wp-content\/uploads\/sites\/7\/2022\/02\/Buy-THJ-018.jpeg","contentUrl":"https:\/\/medicinasinc.com\/sl\/wp-content\/uploads\/sites\/7\/2022\/02\/Buy-THJ-018.jpeg","width":751,"height":800},{"@type":"BreadcrumbList","@id":"https:\/\/medicinasinc.com\/sl\/product\/kupi-thj-018\/#breadcrumb","itemListElement":[{"@type":"ListItem","position":1,"name":"Nakupujte","item":"https:\/\/medicinasinc.com\/sl\/nakupujte\/"},{"@type":"ListItem","position":2,"name":"Kupite THJ-018"}]},{"@type":"WebSite","@id":"https:\/\/medicinasinc.com\/sl\/#website","url":"https:\/\/medicinasinc.com\/sl\/","name":"Medicinas Inc","description":"Health Medical Clinic","potentialAction":[{"@type":"SearchAction","target":{"@type":"EntryPoint","urlTemplate":"https:\/\/medicinasinc.com\/sl\/?s={search_term_string}"},"query-input":{"@type":"PropertyValueSpecification","valueRequired":true,"valueName":"search_term_string"}}],"inLanguage":"en-US"}]}},"_links":{"self":[{"href":"https:\/\/medicinasinc.com\/sl\/wp-json\/wp\/v2\/product\/5926","targetHints":{"allow":["GET"]}}],"collection":[{"href":"https:\/\/medicinasinc.com\/sl\/wp-json\/wp\/v2\/product"}],"about":[{"href":"https:\/\/medicinasinc.com\/sl\/wp-json\/wp\/v2\/types\/product"}],"replies":[{"embeddable":true,"href":"https:\/\/medicinasinc.com\/sl\/wp-json\/wp\/v2\/comments?post=5926"}],"wp:featuredmedia":[{"embeddable":true,"href":"https:\/\/medicinasinc.com\/sl\/wp-json\/wp\/v2\/media\/5940"}],"wp:attachment":[{"href":"https:\/\/medicinasinc.com\/sl\/wp-json\/wp\/v2\/media?parent=5926"}],"wp:term":[{"taxonomy":"product_brand","embeddable":true,"href":"https:\/\/medicinasinc.com\/sl\/wp-json\/wp\/v2\/product_brand?post=5926"},{"taxonomy":"product_cat","embeddable":true,"href":"https:\/\/medicinasinc.com\/sl\/wp-json\/wp\/v2\/product_cat?post=5926"},{"taxonomy":"product_tag","embeddable":true,"href":"https:\/\/medicinasinc.com\/sl\/wp-json\/wp\/v2\/product_tag?post=5926"}],"curies":[{"name":"wp","href":"https:\/\/api.w.org\/{rel}","templated":true}]}}