{"id":5917,"date":"2022-02-22T08:19:52","date_gmt":"2022-02-22T08:19:52","guid":{"rendered":"https:\/\/medicinasinc.com\/sl\/?post_type=product&#038;p=5917"},"modified":"2022-03-19T00:12:47","modified_gmt":"2022-03-19T00:12:47","slug":"kupi-nm-2201","status":"publish","type":"product","link":"https:\/\/medicinasinc.com\/sl\/product\/kupi-nm-2201\/","title":{"rendered":"Kupite NM-2201"},"content":{"rendered":"<p>Je sinteti\u010dni kanabinoid na osnovi indola, imenovan CBL-2201. Verjetno ima enake lastnosti kot 5F-PB-22 in NNE1, ki sta oba polna agonista in se ve\u017eeta na receptorje CB1 in CB2 z nizko nanomolarno afiniteto.<\/p>\n<p>Nakup NM-2201 Online je dobro mesto za nakupovanje NM-2201 Online. kupiti Research Chemicals. NM-2201 lahko kupite na spletu pri zaupanja vrednem dobavitelju po zni\u017eani ceni. Globalhomemed.com je mesto za nakup. NM-2201 je varno po\u0161iljati iz Evrope v Zdru\u017eene dr\u017eave in druga mesta.<\/p>\n<p>To je sinteti\u010dni kanabinoid, imenovan NM-2201. Ima veliko enakih lastnosti kot njegova bli\u017enja sorodnika, 5F-PB-22 in NNE1, ki sta oba polna agonista in se ve\u017eeta na receptorje CB1 in CB2 z nizko nanomolarno afiniteto.<\/p>\n<p>Samo za raziskave. Ni ga mogo\u010de uporabiti za ni\u010d drugega, kot so diagnostika in vivo, hrana, zdravila, medicinski pripomo\u010dki in kozmetika za ljudi in\/ali \u017eivali, in ni ga mogo\u010de uporabljati na ljudeh ali \u017eivalih.<\/p>\n<p>5F. -PB-22 in NNE1 sta oba sinteti\u010dna kanabinoida na osnovi indola. Oba sta polna agonista in se ve\u017eeta tako na CB1 kot na CB2 receptorje z nizko nanomolarno afiniteto.<\/p>\n<p>1. 1-(5-fluoro-pentil)-1H,3-karboksilna kislina N-naftalen-1-il ester N-naftalen-1-il ester N-naftalen-1-il ester N-naftalen-1-1-il ester NM-2201 ima kemijsko formulo C24H22FNO2 in tehta 375,16 gramov. \u0160e vedno je zelo zgodaj v procesu preu\u010devanja NM-2201. Ni \u0161e dovolj podatkov, da bi pokazali, kaj lahko naredi. Vendar je enak AM-2201. To pomeni, da so lastnosti enake.<\/p>\n<p>To je sinteti\u010dni kanabinoid, imenovan NM-2201. Ima veliko enakih lastnosti kot njegova bli\u017enja sorodnika, 5F-PB-22 in NNE1, ki sta oba polna agonista in se ve\u017eeta na receptorje CB1 in CB2 z nizko nanomolarno afiniteto.<\/p>\n<p>Samo za raziskave. Ni ga mogo\u010de uporabiti za ni\u010d drugega, kot so diagnostika in vivo, hrana, zdravila, medicinski pripomo\u010dki in kozmetika za ljudi in\/ali \u017eivali, in ni ga mogo\u010de uporabljati na ljudeh ali \u017eivalih.<\/p>\n<p>5F. -PB-22 in NNE1 sta oba sinteti\u010dna kanabinoida na osnovi indola. Oba sta polna agonista in se ve\u017eeta tako na CB1 kot na CB2 receptorje z nizko nanomolarno afiniteto.<\/p>\n<p>1. 1-(5-fluoro-pentil)-1H,3-karboksilna kislina N-naftalen-1-il ester N-naftalen-1-il ester N-naftalen-1-il ester N-naftalen-1-1-il ester NM-2201 ima kemijsko formulo C24H22FNO2 in tehta 375,16 gramov. \u0160e vedno je zelo zgodaj v procesu preu\u010devanja NM-2201. Ni \u0161e dovolj podatkov, da bi pokazali, kaj lahko naredi. Vendar je enak AM-2201. To pomeni, da so zna\u010dilnosti enake.<\/p>\n","protected":false},"excerpt":{"rendered":"<p><b>Nakup NM-2201 <\/b>za prodajo Evropa, Zdru\u017eeno kraljestvo (znan tudi kot\u00a0<b>CBL-2201<\/b>) je\u00a0na osnovi indola\u00a0<a class=\"mw-redirect\" title=\"Sinteti\u010dni kanabinoid\" href=\"https:\/\/en.wikipedia.org\/wiki\/Synthetic_cannabinoid\">sinteti\u010dni kanabinoid<\/a>\u00a0ki ima verjetno podobne lastnosti kot tesno povezana\u00a05F-PB-22\u00a0in\u00a0NNE1, ki sta oba\u00a0polna agonista in\u00a0neselektivno\u00a0se ve\u017eejo na\u00a0CB<sub>1<\/sub>\u00a0in\u00a0CB<sub>2<\/sub> receptorje z nizko nanomolarno afiniteto, na voljo na debelo<\/p>\n","protected":false},"featured_media":5938,"comment_status":"open","ping_status":"closed","template":"","meta":[],"product_brand":[],"product_cat":[2596],"product_tag":[4090,4091,4092,4093,4094,4095],"class_list":{"0":"post-5917","1":"product","2":"type-product","3":"status-publish","4":"has-post-thumbnail","6":"product_cat-kanabinoidi-za-prodajo","7":"product_tag-buy-nm2201-online","8":"product_tag-nm2201-for-sale","9":"product_tag-order-nm2201-online","10":"product_tag-purchase-nm2201-online","11":"product_tag-the-best-place-to-buy-nm2201-online","12":"product_tag-where-to-buy-nm2201-online","14":"first","15":"instock","16":"featured","17":"shipping-taxable","18":"purchasable","19":"product-type-variable"},"yoast_head":"<!-- This site is optimized with the Yoast SEO plugin v27.3 - https:\/\/yoast.com\/product\/yoast-seo-wordpress\/ -->\n<title>Kupite NM-2201\u00a0\u2013 CBL-2201 \u2013 Najbolj\u0161a najbolj\u0161a zdravila na svetu<\/title>\n<meta name=\"description\" content=\"Kupite NM-2201 za prodajo Evropa, Zdru\u017eeno kraljestvo (znan tudi kot\u00a0CBL-2201) je\u00a0sinteti\u010dni kanabinoid\u00a0na osnovi indola\u00a0ki ima verjetno podobne lastnosti kot tesno sorodna\u00a05F-PB-22\u00a0in\u00a0NNE1, ki sta oba\u00a0polna agonista\u00a0in\u00a0neselektivno\u00a0d Receptorji CB1\u00a0in\u00a0CB2 z nizko nanomolarno afiniteto, na voljo na debelo\" \/>\n<meta name=\"robots\" content=\"index, follow, max-snippet:-1, max-image-preview:large, max-video-preview:-1\" \/>\n<link rel=\"canonical\" href=\"https:\/\/medicinasinc.com\/sl\/product\/kupi-nm-2201\/\" \/>\n<meta property=\"og:locale\" content=\"en_US\" \/>\n<meta property=\"og:type\" content=\"article\" \/>\n<meta property=\"og:title\" content=\"Kupite NM-2201\u00a0\u2013 CBL-2201 \u2013 Najbolj\u0161a najbolj\u0161a zdravila na svetu\" \/>\n<meta property=\"og:description\" content=\"Kupite NM-2201 za prodajo Evropa, Zdru\u017eeno kraljestvo (znan tudi kot\u00a0CBL-2201) je\u00a0sinteti\u010dni kanabinoid\u00a0na osnovi indola\u00a0ki ima verjetno podobne lastnosti kot tesno sorodna\u00a05F-PB-22\u00a0in\u00a0NNE1, ki sta oba\u00a0polna agonista\u00a0in\u00a0neselektivno\u00a0d Receptorji CB1\u00a0in\u00a0CB2 z nizko nanomolarno afiniteto, na voljo na debelo\" \/>\n<meta property=\"og:url\" content=\"https:\/\/medicinasinc.com\/sl\/product\/kupi-nm-2201\/\" \/>\n<meta property=\"og:site_name\" content=\"Medicinas Inc\" \/>\n<meta property=\"article:modified_time\" content=\"2022-03-19T00:12:47+00:00\" \/>\n<meta property=\"og:image\" content=\"https:\/\/medicinasinc.com\/sl\/wp-content\/uploads\/sites\/7\/2022\/02\/Buy-NM-2201.jpg\" \/>\n\t<meta property=\"og:image:width\" content=\"458\" \/>\n\t<meta property=\"og:image:height\" content=\"458\" \/>\n\t<meta property=\"og:image:type\" content=\"image\/jpeg\" \/>\n<meta name=\"twitter:card\" content=\"summary_large_image\" \/>\n<meta name=\"twitter:label1\" content=\"Est. reading time\" \/>\n\t<meta name=\"twitter:data1\" content=\"2 minutes\" \/>\n<script type=\"application\/ld+json\" class=\"yoast-schema-graph\">{\"@context\":\"https:\\\/\\\/schema.org\",\"@graph\":[{\"@type\":\"WebPage\",\"@id\":\"https:\\\/\\\/medicinasinc.com\\\/sl\\\/product\\\/kupi-nm-2201\\\/\",\"url\":\"https:\\\/\\\/medicinasinc.com\\\/sl\\\/product\\\/kupi-nm-2201\\\/\",\"name\":\"Kupite NM-2201\u00a0\u2013 CBL-2201 \u2013 Najbolj\u0161a najbolj\u0161a zdravila na svetu\",\"isPartOf\":{\"@id\":\"https:\\\/\\\/medicinasinc.com\\\/sl\\\/#website\"},\"primaryImageOfPage\":{\"@id\":\"https:\\\/\\\/medicinasinc.com\\\/sl\\\/product\\\/kupi-nm-2201\\\/#primaryimage\"},\"image\":{\"@id\":\"https:\\\/\\\/medicinasinc.com\\\/sl\\\/product\\\/kupi-nm-2201\\\/#primaryimage\"},\"thumbnailUrl\":\"https:\\\/\\\/medicinasinc.com\\\/sl\\\/wp-content\\\/uploads\\\/sites\\\/7\\\/2022\\\/02\\\/Buy-NM-2201.jpg\",\"datePublished\":\"2022-02-22T08:19:52+00:00\",\"dateModified\":\"2022-03-19T00:12:47+00:00\",\"description\":\"Kupite NM-2201 za prodajo Evropa, Zdru\u017eeno kraljestvo (znan tudi kot\u00a0CBL-2201) je\u00a0sinteti\u010dni kanabinoid\u00a0na osnovi indola\u00a0ki ima verjetno podobne lastnosti kot tesno sorodna\u00a05F-PB-22\u00a0in\u00a0NNE1, ki sta oba\u00a0polna agonista\u00a0in\u00a0neselektivno\u00a0d Receptorji CB1\u00a0in\u00a0CB2 z nizko nanomolarno afiniteto, na voljo na debelo\",\"breadcrumb\":{\"@id\":\"https:\\\/\\\/medicinasinc.com\\\/sl\\\/product\\\/kupi-nm-2201\\\/#breadcrumb\"},\"inLanguage\":\"en-US\",\"potentialAction\":[{\"@type\":\"ReadAction\",\"target\":[\"https:\\\/\\\/medicinasinc.com\\\/sl\\\/product\\\/kupi-nm-2201\\\/\"]}]},{\"@type\":\"ImageObject\",\"inLanguage\":\"en-US\",\"@id\":\"https:\\\/\\\/medicinasinc.com\\\/sl\\\/product\\\/kupi-nm-2201\\\/#primaryimage\",\"url\":\"https:\\\/\\\/medicinasinc.com\\\/sl\\\/wp-content\\\/uploads\\\/sites\\\/7\\\/2022\\\/02\\\/Buy-NM-2201.jpg\",\"contentUrl\":\"https:\\\/\\\/medicinasinc.com\\\/sl\\\/wp-content\\\/uploads\\\/sites\\\/7\\\/2022\\\/02\\\/Buy-NM-2201.jpg\",\"width\":458,\"height\":458},{\"@type\":\"BreadcrumbList\",\"@id\":\"https:\\\/\\\/medicinasinc.com\\\/sl\\\/product\\\/kupi-nm-2201\\\/#breadcrumb\",\"itemListElement\":[{\"@type\":\"ListItem\",\"position\":1,\"name\":\"Nakupujte\",\"item\":\"https:\\\/\\\/medicinasinc.com\\\/sl\\\/nakupujte\\\/\"},{\"@type\":\"ListItem\",\"position\":2,\"name\":\"Kupite NM-2201\"}]},{\"@type\":\"WebSite\",\"@id\":\"https:\\\/\\\/medicinasinc.com\\\/sl\\\/#website\",\"url\":\"https:\\\/\\\/medicinasinc.com\\\/sl\\\/\",\"name\":\"Medicinas Inc\",\"description\":\"Health Medical Clinic\",\"potentialAction\":[{\"@type\":\"SearchAction\",\"target\":{\"@type\":\"EntryPoint\",\"urlTemplate\":\"https:\\\/\\\/medicinasinc.com\\\/sl\\\/?s={search_term_string}\"},\"query-input\":{\"@type\":\"PropertyValueSpecification\",\"valueRequired\":true,\"valueName\":\"search_term_string\"}}],\"inLanguage\":\"en-US\"}]}<\/script>\n<!-- \/ Yoast SEO plugin. -->","yoast_head_json":{"title":"Kupite NM-2201\u00a0\u2013 CBL-2201 \u2013 Najbolj\u0161a najbolj\u0161a zdravila na svetu","description":"Kupite NM-2201 za prodajo Evropa, Zdru\u017eeno kraljestvo (znan tudi kot\u00a0CBL-2201) je\u00a0sinteti\u010dni kanabinoid\u00a0na osnovi indola\u00a0ki ima verjetno podobne lastnosti kot tesno sorodna\u00a05F-PB-22\u00a0in\u00a0NNE1, ki sta oba\u00a0polna agonista\u00a0in\u00a0neselektivno\u00a0d Receptorji CB1\u00a0in\u00a0CB2 z nizko nanomolarno afiniteto, na voljo na debelo","robots":{"index":"index","follow":"follow","max-snippet":"max-snippet:-1","max-image-preview":"max-image-preview:large","max-video-preview":"max-video-preview:-1"},"canonical":"https:\/\/medicinasinc.com\/sl\/product\/kupi-nm-2201\/","og_locale":"en_US","og_type":"article","og_title":"Kupite NM-2201\u00a0\u2013 CBL-2201 \u2013 Najbolj\u0161a najbolj\u0161a zdravila na svetu","og_description":"Kupite NM-2201 za prodajo Evropa, Zdru\u017eeno kraljestvo (znan tudi kot\u00a0CBL-2201) je\u00a0sinteti\u010dni kanabinoid\u00a0na osnovi indola\u00a0ki ima verjetno podobne lastnosti kot tesno sorodna\u00a05F-PB-22\u00a0in\u00a0NNE1, ki sta oba\u00a0polna agonista\u00a0in\u00a0neselektivno\u00a0d Receptorji CB1\u00a0in\u00a0CB2 z nizko nanomolarno afiniteto, na voljo na debelo","og_url":"https:\/\/medicinasinc.com\/sl\/product\/kupi-nm-2201\/","og_site_name":"Medicinas Inc","article_modified_time":"2022-03-19T00:12:47+00:00","og_image":[{"width":458,"height":458,"url":"https:\/\/medicinasinc.com\/sl\/wp-content\/uploads\/sites\/7\/2022\/02\/Buy-NM-2201.jpg","type":"image\/jpeg"}],"twitter_card":"summary_large_image","twitter_misc":{"Est. reading time":"2 minutes"},"schema":{"@context":"https:\/\/schema.org","@graph":[{"@type":"WebPage","@id":"https:\/\/medicinasinc.com\/sl\/product\/kupi-nm-2201\/","url":"https:\/\/medicinasinc.com\/sl\/product\/kupi-nm-2201\/","name":"Kupite NM-2201\u00a0\u2013 CBL-2201 \u2013 Najbolj\u0161a najbolj\u0161a zdravila na svetu","isPartOf":{"@id":"https:\/\/medicinasinc.com\/sl\/#website"},"primaryImageOfPage":{"@id":"https:\/\/medicinasinc.com\/sl\/product\/kupi-nm-2201\/#primaryimage"},"image":{"@id":"https:\/\/medicinasinc.com\/sl\/product\/kupi-nm-2201\/#primaryimage"},"thumbnailUrl":"https:\/\/medicinasinc.com\/sl\/wp-content\/uploads\/sites\/7\/2022\/02\/Buy-NM-2201.jpg","datePublished":"2022-02-22T08:19:52+00:00","dateModified":"2022-03-19T00:12:47+00:00","description":"Kupite NM-2201 za prodajo Evropa, Zdru\u017eeno kraljestvo (znan tudi kot\u00a0CBL-2201) je\u00a0sinteti\u010dni kanabinoid\u00a0na osnovi indola\u00a0ki ima verjetno podobne lastnosti kot tesno sorodna\u00a05F-PB-22\u00a0in\u00a0NNE1, ki sta oba\u00a0polna agonista\u00a0in\u00a0neselektivno\u00a0d Receptorji CB1\u00a0in\u00a0CB2 z nizko nanomolarno afiniteto, na voljo na debelo","breadcrumb":{"@id":"https:\/\/medicinasinc.com\/sl\/product\/kupi-nm-2201\/#breadcrumb"},"inLanguage":"en-US","potentialAction":[{"@type":"ReadAction","target":["https:\/\/medicinasinc.com\/sl\/product\/kupi-nm-2201\/"]}]},{"@type":"ImageObject","inLanguage":"en-US","@id":"https:\/\/medicinasinc.com\/sl\/product\/kupi-nm-2201\/#primaryimage","url":"https:\/\/medicinasinc.com\/sl\/wp-content\/uploads\/sites\/7\/2022\/02\/Buy-NM-2201.jpg","contentUrl":"https:\/\/medicinasinc.com\/sl\/wp-content\/uploads\/sites\/7\/2022\/02\/Buy-NM-2201.jpg","width":458,"height":458},{"@type":"BreadcrumbList","@id":"https:\/\/medicinasinc.com\/sl\/product\/kupi-nm-2201\/#breadcrumb","itemListElement":[{"@type":"ListItem","position":1,"name":"Nakupujte","item":"https:\/\/medicinasinc.com\/sl\/nakupujte\/"},{"@type":"ListItem","position":2,"name":"Kupite NM-2201"}]},{"@type":"WebSite","@id":"https:\/\/medicinasinc.com\/sl\/#website","url":"https:\/\/medicinasinc.com\/sl\/","name":"Medicinas Inc","description":"Health Medical Clinic","potentialAction":[{"@type":"SearchAction","target":{"@type":"EntryPoint","urlTemplate":"https:\/\/medicinasinc.com\/sl\/?s={search_term_string}"},"query-input":{"@type":"PropertyValueSpecification","valueRequired":true,"valueName":"search_term_string"}}],"inLanguage":"en-US"}]}},"_links":{"self":[{"href":"https:\/\/medicinasinc.com\/sl\/wp-json\/wp\/v2\/product\/5917","targetHints":{"allow":["GET"]}}],"collection":[{"href":"https:\/\/medicinasinc.com\/sl\/wp-json\/wp\/v2\/product"}],"about":[{"href":"https:\/\/medicinasinc.com\/sl\/wp-json\/wp\/v2\/types\/product"}],"replies":[{"embeddable":true,"href":"https:\/\/medicinasinc.com\/sl\/wp-json\/wp\/v2\/comments?post=5917"}],"wp:featuredmedia":[{"embeddable":true,"href":"https:\/\/medicinasinc.com\/sl\/wp-json\/wp\/v2\/media\/5938"}],"wp:attachment":[{"href":"https:\/\/medicinasinc.com\/sl\/wp-json\/wp\/v2\/media?parent=5917"}],"wp:term":[{"taxonomy":"product_brand","embeddable":true,"href":"https:\/\/medicinasinc.com\/sl\/wp-json\/wp\/v2\/product_brand?post=5917"},{"taxonomy":"product_cat","embeddable":true,"href":"https:\/\/medicinasinc.com\/sl\/wp-json\/wp\/v2\/product_cat?post=5917"},{"taxonomy":"product_tag","embeddable":true,"href":"https:\/\/medicinasinc.com\/sl\/wp-json\/wp\/v2\/product_tag?post=5917"}],"curies":[{"name":"wp","href":"https:\/\/api.w.org\/{rel}","templated":true}]}}