{"id":5912,"date":"2022-02-22T08:15:30","date_gmt":"2022-02-22T08:15:30","guid":{"rendered":"https:\/\/medicinasinc.com\/sl\/?post_type=product&#038;p=5912"},"modified":"2022-03-19T00:12:56","modified_gmt":"2022-03-19T00:12:56","slug":"buy-mdmb-chmica","status":"publish","type":"product","link":"https:\/\/medicinasinc.com\/sl\/product\/buy-mdmb-chmica\/","title":{"rendered":"Kupite MDMB-CHMICA"},"content":{"rendered":"<p>MDMB-CHMICA (ali MMB-CHMINACA) je sinteti\u010dna konoplja na osnovi indola, ki je bila na spletu na voljo kot oblikovalsko zdravilo. Medtem ko je bil MDMB-CHMICA sprva tr\u017een kot &#8220;MMB-CHMINACA&#8221;, je bil izopropilni analog MDMB-CHMINACA (AMB-CHMINACA) odkrit na trgu oblikovalskih zdravil leta 2015.<\/p>\n<p>MMB-CHMINACA<\/p>\n<p>MDMB-CHMINACA<\/p>\n<p>MMB-CHMINACA (MDMB-CHMINACA) je sinteti\u010dna konoplja na osnovi indola, ki je bila na spletu na voljo kot oblikovalsko zdravilo.<\/p>\n<p>MMB-CHMINACA<\/p>\n<p> p&gt; <\/p>\n<p>MDMB-CHMINACA<\/p>\n<p>IUPAC ime: (2S)<\/p>\n<p>2,3-dimetilbutanoat<br \/> CAS: N\/A<br \/> N\/A ChemSpider <br \/> C23H32N2O3<br \/> 384,5 g\/mol MMB<br \/> MDMB-CHMINACA<\/p>\n<p>(2S)-metil<\/p>\n<p>1 H-indol-3-ilkarbonilamino-2 ,3-dimetilbutanoat<\/p>\n<p>MMB-CHMINACA (MDMB-CHMINACA) je kanabinoid na osnovi indola z dimetilbutanoatno skupino. Zdi se, da ima ta kemikalija ve\u010djo afiniteto vezave in vitro kot mnogi trenutni kanabinoidi, zato bi morali raziskovalci to upo\u0161tevati pri na\u010drtovanju \u0161tudij in uvajanju materiala na celi\u010dne substrate.<\/p>\n<p>Sinteti\u010dni kanabinoidi so velika zbirka spojin, ki se nenehno pojavljajo. razvijati in predstaviti javnosti. Vendar pa je uvedba MMB-CHMINACA pritegnila izjemno zanimanje zaradi svojih edinstvenih lastnosti. Njegov domnevni vpliv na receptorje CB1 in CB2 je bistveno ve\u010dji na enoto kot AB-CHMINACA, zato so potrebne manj\u0161e koli\u010dine aktivne snovi za izpolnitev cilja poskusa.<\/p>\n<p>MMB-CHMINACA je bel prah, ki ga je mogo\u010de varno shraniti. in obdelano v laboratoriju. Ta sinteti\u010dni kanabinoid ima zapleteno kemi\u010dno formulo (2S)-metil-2-(1-(cikloheksilmetil)-1 H-indol-3-ilkarbonilamino)-3,3-dimetilbutanoat. Njegova molekulska masa je 384,5 g\/mol, njegova formula pa je C23H32N2O3.<\/p>\n<p>MMB-CHMINACA je nova kemikalija, s katero je treba ravnati s posebno pozornostjo in jo natan\u010dno meriti zaradi njene izjemne \u010distosti. Vse pozivamo, da pred nakupom sinteti\u010dne konoplje in drugih snovi v na\u0161i spletni trgovini preu\u010dijo stanje lokalnih omejitev.<\/p>\n","protected":false},"excerpt":{"rendered":"<p>Kupite MDMB-CHMICA, MMB2101\u00a0za prodajo Evropa, Zdru\u017eeno kraljestvo (napa\u010dno znano tudi kot MMB-CHMINACA) je sinteti\u010dni kanabinoid na osnovi indola, ki je mo\u010dan\u00a0agonist\u00a0receptorja\u00a0CB1\u00a0in se prodaja na spletu kot oblikovalsko zdravilo Wholes Naro\u010dilo je na voljo<\/p>\n","protected":false},"featured_media":5937,"comment_status":"open","ping_status":"closed","template":"","meta":[],"product_brand":[],"product_cat":[2596],"product_tag":[4084,4083,4085,4086,4087,4088,4089],"class_list":{"0":"post-5912","1":"product","2":"type-product","3":"status-publish","4":"has-post-thumbnail","6":"product_cat-kanabinoidi-za-prodajo","7":"product_tag-kako-kupiti-mmb-chminaca-online","8":"product_tag-buy-mmb-chminaca-online","9":"product_tag-mmb-chminaca","10":"product_tag-mmb-chminaca-for-sale","11":"product_tag-order-mmb-chminaca-online","12":"product_tag-the-best-place-to-buy-mmb-chminaca-online","13":"product_tag-where-to-buy-mmb-chminaca-online","15":"first","16":"instock","17":"shipping-taxable","18":"purchasable","19":"product-type-variable"},"yoast_head":"<!-- This site is optimized with the Yoast SEO plugin v27.3 - https:\/\/yoast.com\/product\/yoast-seo-wordpress\/ -->\n<title>Kupite MMB-Chminaca - MMB-CHMINACA - Najbolj\u0161a zdravila v svetu<\/title>\n<meta name=\"description\" content=\"Kupite MDMB-CHMICA, MMB2101\u00a0za prodajo Evropa, Zdru\u017eeno kraljestvo (napa\u010dno znan tudi kot MMB-CHMINACA) je sinteti\u010dni kanabinoid na osnovi indola, ki je mo\u010dan agonist\u00a0receptorja\u00a0CB1\u00a0in je na voljo na spletu kot zdravilo za oblikovanje na debelo.\" \/>\n<meta name=\"robots\" content=\"index, follow, max-snippet:-1, max-image-preview:large, max-video-preview:-1\" \/>\n<link rel=\"canonical\" href=\"https:\/\/medicinasinc.com\/sl\/product\/buy-mdmb-chmica\/\" \/>\n<meta property=\"og:locale\" content=\"en_US\" \/>\n<meta property=\"og:type\" content=\"article\" \/>\n<meta property=\"og:title\" content=\"Kupite MMB-Chminaca - MMB-CHMINACA - Najbolj\u0161a zdravila v svetu\" \/>\n<meta property=\"og:description\" content=\"Kupite MDMB-CHMICA, MMB2101\u00a0za prodajo Evropa, Zdru\u017eeno kraljestvo (napa\u010dno znan tudi kot MMB-CHMINACA) je sinteti\u010dni kanabinoid na osnovi indola, ki je mo\u010dan agonist\u00a0receptorja\u00a0CB1\u00a0in je na voljo na spletu kot zdravilo za oblikovanje na debelo.\" \/>\n<meta property=\"og:url\" content=\"https:\/\/medicinasinc.com\/sl\/product\/buy-mdmb-chmica\/\" \/>\n<meta property=\"og:site_name\" content=\"Medicinas Inc\" \/>\n<meta property=\"article:modified_time\" content=\"2022-03-19T00:12:56+00:00\" \/>\n<meta property=\"og:image\" content=\"https:\/\/medicinasinc.com\/sl\/wp-content\/uploads\/sites\/7\/2022\/02\/Buy-MDMB-CHMICA.jpg\" \/>\n\t<meta property=\"og:image:width\" content=\"459\" \/>\n\t<meta property=\"og:image:height\" content=\"443\" \/>\n\t<meta property=\"og:image:type\" content=\"image\/jpeg\" \/>\n<meta name=\"twitter:card\" content=\"summary_large_image\" \/>\n<meta name=\"twitter:label1\" content=\"Est. reading time\" \/>\n\t<meta name=\"twitter:data1\" content=\"2 minutes\" \/>\n<script type=\"application\/ld+json\" class=\"yoast-schema-graph\">{\"@context\":\"https:\\\/\\\/schema.org\",\"@graph\":[{\"@type\":\"WebPage\",\"@id\":\"https:\\\/\\\/medicinasinc.com\\\/sl\\\/product\\\/buy-mdmb-chmica\\\/\",\"url\":\"https:\\\/\\\/medicinasinc.com\\\/sl\\\/product\\\/buy-mdmb-chmica\\\/\",\"name\":\"Kupite MMB-Chminaca - MMB-CHMINACA - Najbolj\u0161a zdravila v svetu\",\"isPartOf\":{\"@id\":\"https:\\\/\\\/medicinasinc.com\\\/sl\\\/#website\"},\"primaryImageOfPage\":{\"@id\":\"https:\\\/\\\/medicinasinc.com\\\/sl\\\/product\\\/buy-mdmb-chmica\\\/#primaryimage\"},\"image\":{\"@id\":\"https:\\\/\\\/medicinasinc.com\\\/sl\\\/product\\\/buy-mdmb-chmica\\\/#primaryimage\"},\"thumbnailUrl\":\"https:\\\/\\\/medicinasinc.com\\\/sl\\\/wp-content\\\/uploads\\\/sites\\\/7\\\/2022\\\/02\\\/Buy-MDMB-CHMICA.jpg\",\"datePublished\":\"2022-02-22T08:15:30+00:00\",\"dateModified\":\"2022-03-19T00:12:56+00:00\",\"description\":\"Kupite MDMB-CHMICA, MMB2101\u00a0za prodajo Evropa, Zdru\u017eeno kraljestvo (napa\u010dno znan tudi kot MMB-CHMINACA) je sinteti\u010dni kanabinoid na osnovi indola, ki je mo\u010dan agonist\u00a0receptorja\u00a0CB1\u00a0in je na voljo na spletu kot zdravilo za oblikovanje na debelo.\",\"breadcrumb\":{\"@id\":\"https:\\\/\\\/medicinasinc.com\\\/sl\\\/product\\\/buy-mdmb-chmica\\\/#breadcrumb\"},\"inLanguage\":\"en-US\",\"potentialAction\":[{\"@type\":\"ReadAction\",\"target\":[\"https:\\\/\\\/medicinasinc.com\\\/sl\\\/product\\\/buy-mdmb-chmica\\\/\"]}]},{\"@type\":\"ImageObject\",\"inLanguage\":\"en-US\",\"@id\":\"https:\\\/\\\/medicinasinc.com\\\/sl\\\/product\\\/buy-mdmb-chmica\\\/#primaryimage\",\"url\":\"https:\\\/\\\/medicinasinc.com\\\/sl\\\/wp-content\\\/uploads\\\/sites\\\/7\\\/2022\\\/02\\\/Buy-MDMB-CHMICA.jpg\",\"contentUrl\":\"https:\\\/\\\/medicinasinc.com\\\/sl\\\/wp-content\\\/uploads\\\/sites\\\/7\\\/2022\\\/02\\\/Buy-MDMB-CHMICA.jpg\",\"width\":459,\"height\":443},{\"@type\":\"BreadcrumbList\",\"@id\":\"https:\\\/\\\/medicinasinc.com\\\/sl\\\/product\\\/buy-mdmb-chmica\\\/#breadcrumb\",\"itemListElement\":[{\"@type\":\"ListItem\",\"position\":1,\"name\":\"Nakupujte\",\"item\":\"https:\\\/\\\/medicinasinc.com\\\/sl\\\/nakupujte\\\/\"},{\"@type\":\"ListItem\",\"position\":2,\"name\":\"Kupite MDMB-CHMICA\"}]},{\"@type\":\"WebSite\",\"@id\":\"https:\\\/\\\/medicinasinc.com\\\/sl\\\/#website\",\"url\":\"https:\\\/\\\/medicinasinc.com\\\/sl\\\/\",\"name\":\"Medicinas Inc\",\"description\":\"Health Medical Clinic\",\"potentialAction\":[{\"@type\":\"SearchAction\",\"target\":{\"@type\":\"EntryPoint\",\"urlTemplate\":\"https:\\\/\\\/medicinasinc.com\\\/sl\\\/?s={search_term_string}\"},\"query-input\":{\"@type\":\"PropertyValueSpecification\",\"valueRequired\":true,\"valueName\":\"search_term_string\"}}],\"inLanguage\":\"en-US\"}]}<\/script>\n<!-- \/ Yoast SEO plugin. -->","yoast_head_json":{"title":"Kupite MMB-Chminaca - MMB-CHMINACA - Najbolj\u0161a zdravila v svetu","description":"Kupite MDMB-CHMICA, MMB2101\u00a0za prodajo Evropa, Zdru\u017eeno kraljestvo (napa\u010dno znan tudi kot MMB-CHMINACA) je sinteti\u010dni kanabinoid na osnovi indola, ki je mo\u010dan agonist\u00a0receptorja\u00a0CB1\u00a0in je na voljo na spletu kot zdravilo za oblikovanje na debelo.","robots":{"index":"index","follow":"follow","max-snippet":"max-snippet:-1","max-image-preview":"max-image-preview:large","max-video-preview":"max-video-preview:-1"},"canonical":"https:\/\/medicinasinc.com\/sl\/product\/buy-mdmb-chmica\/","og_locale":"en_US","og_type":"article","og_title":"Kupite MMB-Chminaca - MMB-CHMINACA - Najbolj\u0161a zdravila v svetu","og_description":"Kupite MDMB-CHMICA, MMB2101\u00a0za prodajo Evropa, Zdru\u017eeno kraljestvo (napa\u010dno znan tudi kot MMB-CHMINACA) je sinteti\u010dni kanabinoid na osnovi indola, ki je mo\u010dan agonist\u00a0receptorja\u00a0CB1\u00a0in je na voljo na spletu kot zdravilo za oblikovanje na debelo.","og_url":"https:\/\/medicinasinc.com\/sl\/product\/buy-mdmb-chmica\/","og_site_name":"Medicinas Inc","article_modified_time":"2022-03-19T00:12:56+00:00","og_image":[{"width":459,"height":443,"url":"https:\/\/medicinasinc.com\/sl\/wp-content\/uploads\/sites\/7\/2022\/02\/Buy-MDMB-CHMICA.jpg","type":"image\/jpeg"}],"twitter_card":"summary_large_image","twitter_misc":{"Est. reading time":"2 minutes"},"schema":{"@context":"https:\/\/schema.org","@graph":[{"@type":"WebPage","@id":"https:\/\/medicinasinc.com\/sl\/product\/buy-mdmb-chmica\/","url":"https:\/\/medicinasinc.com\/sl\/product\/buy-mdmb-chmica\/","name":"Kupite MMB-Chminaca - MMB-CHMINACA - Najbolj\u0161a zdravila v svetu","isPartOf":{"@id":"https:\/\/medicinasinc.com\/sl\/#website"},"primaryImageOfPage":{"@id":"https:\/\/medicinasinc.com\/sl\/product\/buy-mdmb-chmica\/#primaryimage"},"image":{"@id":"https:\/\/medicinasinc.com\/sl\/product\/buy-mdmb-chmica\/#primaryimage"},"thumbnailUrl":"https:\/\/medicinasinc.com\/sl\/wp-content\/uploads\/sites\/7\/2022\/02\/Buy-MDMB-CHMICA.jpg","datePublished":"2022-02-22T08:15:30+00:00","dateModified":"2022-03-19T00:12:56+00:00","description":"Kupite MDMB-CHMICA, MMB2101\u00a0za prodajo Evropa, Zdru\u017eeno kraljestvo (napa\u010dno znan tudi kot MMB-CHMINACA) je sinteti\u010dni kanabinoid na osnovi indola, ki je mo\u010dan agonist\u00a0receptorja\u00a0CB1\u00a0in je na voljo na spletu kot zdravilo za oblikovanje na debelo.","breadcrumb":{"@id":"https:\/\/medicinasinc.com\/sl\/product\/buy-mdmb-chmica\/#breadcrumb"},"inLanguage":"en-US","potentialAction":[{"@type":"ReadAction","target":["https:\/\/medicinasinc.com\/sl\/product\/buy-mdmb-chmica\/"]}]},{"@type":"ImageObject","inLanguage":"en-US","@id":"https:\/\/medicinasinc.com\/sl\/product\/buy-mdmb-chmica\/#primaryimage","url":"https:\/\/medicinasinc.com\/sl\/wp-content\/uploads\/sites\/7\/2022\/02\/Buy-MDMB-CHMICA.jpg","contentUrl":"https:\/\/medicinasinc.com\/sl\/wp-content\/uploads\/sites\/7\/2022\/02\/Buy-MDMB-CHMICA.jpg","width":459,"height":443},{"@type":"BreadcrumbList","@id":"https:\/\/medicinasinc.com\/sl\/product\/buy-mdmb-chmica\/#breadcrumb","itemListElement":[{"@type":"ListItem","position":1,"name":"Nakupujte","item":"https:\/\/medicinasinc.com\/sl\/nakupujte\/"},{"@type":"ListItem","position":2,"name":"Kupite MDMB-CHMICA"}]},{"@type":"WebSite","@id":"https:\/\/medicinasinc.com\/sl\/#website","url":"https:\/\/medicinasinc.com\/sl\/","name":"Medicinas Inc","description":"Health Medical Clinic","potentialAction":[{"@type":"SearchAction","target":{"@type":"EntryPoint","urlTemplate":"https:\/\/medicinasinc.com\/sl\/?s={search_term_string}"},"query-input":{"@type":"PropertyValueSpecification","valueRequired":true,"valueName":"search_term_string"}}],"inLanguage":"en-US"}]}},"_links":{"self":[{"href":"https:\/\/medicinasinc.com\/sl\/wp-json\/wp\/v2\/product\/5912","targetHints":{"allow":["GET"]}}],"collection":[{"href":"https:\/\/medicinasinc.com\/sl\/wp-json\/wp\/v2\/product"}],"about":[{"href":"https:\/\/medicinasinc.com\/sl\/wp-json\/wp\/v2\/types\/product"}],"replies":[{"embeddable":true,"href":"https:\/\/medicinasinc.com\/sl\/wp-json\/wp\/v2\/comments?post=5912"}],"wp:featuredmedia":[{"embeddable":true,"href":"https:\/\/medicinasinc.com\/sl\/wp-json\/wp\/v2\/media\/5937"}],"wp:attachment":[{"href":"https:\/\/medicinasinc.com\/sl\/wp-json\/wp\/v2\/media?parent=5912"}],"wp:term":[{"taxonomy":"product_brand","embeddable":true,"href":"https:\/\/medicinasinc.com\/sl\/wp-json\/wp\/v2\/product_brand?post=5912"},{"taxonomy":"product_cat","embeddable":true,"href":"https:\/\/medicinasinc.com\/sl\/wp-json\/wp\/v2\/product_cat?post=5912"},{"taxonomy":"product_tag","embeddable":true,"href":"https:\/\/medicinasinc.com\/sl\/wp-json\/wp\/v2\/product_tag?post=5912"}],"curies":[{"name":"wp","href":"https:\/\/api.w.org\/{rel}","templated":true}]}}