{"id":5902,"date":"2022-02-22T08:09:55","date_gmt":"2022-02-22T08:09:55","guid":{"rendered":"https:\/\/medicinasinc.com\/sl\/?post_type=product&#038;p=5902"},"modified":"2022-03-19T00:13:19","modified_gmt":"2022-03-19T00:13:19","slug":"buy-5f-adb","status":"publish","type":"product","link":"https:\/\/medicinasinc.com\/sl\/product\/buy-5f-adb\/","title":{"rendered":"Kupite 5F-ADB"},"content":{"rendered":"<p>5F-ADB (alternativno napisano 5F-MDMB-PINACA) je sinteti\u010dni kanabinoid, pridobljen iz indazola, ki je bil uporabljen kot aktivna sestavina v izdelkih iz sinteti\u010dne konoplje in se prodaja na spletu kot oblikovalsko zdravilo.<\/p>\n<p>5F. -ADB je mo\u010dan agonist receptorja CB1, \u010deprav njegova selektivnost za ta receptor ni znana. 5F-ADB je bil prvi\u010d odkrit novembra 2014 z obdukcijskimi vzorci, pridobljenimi od osebe, ki je umrla po jemanju izdelka, ki vsebuje to zdravilo. Kasnej\u0161e testiranje je pokazalo, da je bil 5F-ADB odkrit pri skupno desetih ljudeh, ki so umrli na Japonskem med septembrom in decembrom 2014 zaradi nerazlo\u017eljivih prevelikih odmerkov drog. Glede na razmeroma nizke ravni, odkrite v tkivnih testih, se domneva, da je 5F-ADB izjemno mo\u010dan in se zdi bistveno bolj nevaren kot prej prodajana zdravila iz sinteti\u010dne konoplje.<\/p>\n<p>N-[[1-(5-) fluoropentil)-1H-indazol-3-il]karbonil]<\/p>\n<p>-3-metil-D-valin metil ester (5F-ADB) je zelo mo\u010dna sinteti\u010dna konoplja, ki povzro\u010da hude psihoti\u010dne simptome pri ljudeh, ob\u010dasno usodno.<\/p>\n<p>Da bi razjasnili nevronske mehanizme za toksi\u010dnostjo 5F, smo ADB preu\u010devali njegove u\u010dinke na dopaminergi\u010dna in serotonergi\u010dna vezja srednjih mo\u017eganov, ki uravnavajo razli\u010dne temeljne mo\u017eganske funkcije, vklju\u010dno s tistimi, ki so povezane z vedenjem, povezanim z nagrajevanjem. Elektrofiziolo\u0161ke tehnike ex vivo so bile uporabljene za bele\u017eenje sprememb spontane spro\u017eilne aktivnosti dopaminergi\u010dnih in serotonergi\u010dnih nevronov, ki jih proizvaja 5F-ADB.<\/p>\n<p>5F-ADB (1 M) je dramati\u010dno pove\u010dal hitrost spontanega spro\u017eitve dopaminergi\u010dnih nevronov, vendar jih ni uspelo aktivirati v prisotnosti antagonista CB1 AM251 (1 M). Po drugi strani enaka koncentracija 5F-ADB ni vplivala na aktivnost serotonergi\u010dnega nevrona. Te ugotovitve ka\u017eejo, da 5F-ADB aktivira lokalne receptorje CB1 in krepi dopaminergi\u010dne sisteme v srednjih mo\u017eganih, medtem ko nima vpliva na serotonergi\u010dne sisteme v srednjih mo\u017eganih.<\/p>\n","protected":false},"excerpt":{"rendered":"<p>Kupite 5F-ADB za prodajo UK, Evropa, Kitajska (znan tudi kot 5F-MDMB-PINACA) je sinteti\u010dni kanabinoid na osnovi indazola iz dru\u017eine indazol-3-karboksamidov, na voljo je veleprodajno naro\u010dilo<\/p>\n","protected":false},"featured_media":5933,"comment_status":"open","ping_status":"closed","template":"","meta":[],"product_brand":[],"product_cat":[2596],"product_tag":[4066,4068,4067,4069,4070,4071,4072,4073,4074,4075,4076],"class_list":{"0":"post-5902","1":"product","2":"type-product","3":"status-publish","4":"has-post-thumbnail","6":"product_cat-kanabinoidi-za-prodajo","7":"product_tag-5f-adb","8":"product_tag-5f-adb-powder","9":"product_tag-5f-adb-na-prodaj","10":"product_tag-5f-mdmb-pinaca","11":"product_tag-buy-5f-adb-online","12":"product_tag-c20h28fn3o3","13":"product_tag-how-to-buy-5f-adb-online","14":"product_tag-order-5f-adb-online","15":"product_tag-the-best-place-to-buy-5f-adb-online","16":"product_tag-v1715016-75-3","17":"product_tag-where-to-buy-5f-adb-online","19":"first","20":"instock","21":"featured","22":"shipping-taxable","23":"purchasable","24":"product-type-variable"},"yoast_head":"<!-- This site is optimized with the Yoast SEO plugin v27.3 - https:\/\/yoast.com\/product\/yoast-seo-wordpress\/ -->\n<title>Kupite 5F-ADB - 5F-MDMB-PINACA - najbolj\u0161a najbolj\u0161a zdravila na svetu<\/title>\n<meta name=\"description\" content=\"Kupite 5F-ADB za prodajo UK, Evropa\u00a0(znan tudi kot\u00a05F-MDMB-PINACA) je\u00a0sinteti\u010dni\u00a0kanabinoid na osnovi indazola\u00a0iz dru\u017eine indazol-3-karboksamidov, na voljo je veleprodajno naro\u010dilo\" \/>\n<meta name=\"robots\" content=\"index, follow, max-snippet:-1, max-image-preview:large, max-video-preview:-1\" \/>\n<link rel=\"canonical\" href=\"https:\/\/medicinasinc.com\/sl\/product\/buy-5f-adb\/\" \/>\n<meta property=\"og:locale\" content=\"en_US\" \/>\n<meta property=\"og:type\" content=\"article\" \/>\n<meta property=\"og:title\" content=\"Kupite 5F-ADB - 5F-MDMB-PINACA - najbolj\u0161a najbolj\u0161a zdravila na svetu\" \/>\n<meta property=\"og:description\" content=\"Kupite 5F-ADB za prodajo UK, Evropa\u00a0(znan tudi kot\u00a05F-MDMB-PINACA) je\u00a0sinteti\u010dni\u00a0kanabinoid na osnovi indazola\u00a0iz dru\u017eine indazol-3-karboksamidov, na voljo je veleprodajno naro\u010dilo\" \/>\n<meta property=\"og:url\" content=\"https:\/\/medicinasinc.com\/sl\/product\/buy-5f-adb\/\" \/>\n<meta property=\"og:site_name\" content=\"Medicinas Inc\" \/>\n<meta property=\"article:modified_time\" content=\"2022-03-19T00:13:19+00:00\" \/>\n<meta property=\"og:image\" content=\"https:\/\/medicinasinc.com\/sl\/wp-content\/uploads\/sites\/7\/2022\/02\/Buy-5F-ADB.jpeg\" \/>\n\t<meta property=\"og:image:width\" content=\"800\" \/>\n\t<meta property=\"og:image:height\" content=\"450\" \/>\n\t<meta property=\"og:image:type\" content=\"image\/jpeg\" \/>\n<meta name=\"twitter:card\" content=\"summary_large_image\" \/>\n<meta name=\"twitter:label1\" content=\"Est. reading time\" \/>\n\t<meta name=\"twitter:data1\" content=\"2 minutes\" \/>\n<script type=\"application\/ld+json\" class=\"yoast-schema-graph\">{\"@context\":\"https:\\\/\\\/schema.org\",\"@graph\":[{\"@type\":\"WebPage\",\"@id\":\"https:\\\/\\\/medicinasinc.com\\\/sl\\\/product\\\/buy-5f-adb\\\/\",\"url\":\"https:\\\/\\\/medicinasinc.com\\\/sl\\\/product\\\/buy-5f-adb\\\/\",\"name\":\"Kupite 5F-ADB - 5F-MDMB-PINACA - najbolj\u0161a najbolj\u0161a zdravila na svetu\",\"isPartOf\":{\"@id\":\"https:\\\/\\\/medicinasinc.com\\\/sl\\\/#website\"},\"primaryImageOfPage\":{\"@id\":\"https:\\\/\\\/medicinasinc.com\\\/sl\\\/product\\\/buy-5f-adb\\\/#primaryimage\"},\"image\":{\"@id\":\"https:\\\/\\\/medicinasinc.com\\\/sl\\\/product\\\/buy-5f-adb\\\/#primaryimage\"},\"thumbnailUrl\":\"https:\\\/\\\/medicinasinc.com\\\/sl\\\/wp-content\\\/uploads\\\/sites\\\/7\\\/2022\\\/02\\\/Buy-5F-ADB.jpeg\",\"datePublished\":\"2022-02-22T08:09:55+00:00\",\"dateModified\":\"2022-03-19T00:13:19+00:00\",\"description\":\"Kupite 5F-ADB za prodajo UK, Evropa\u00a0(znan tudi kot\u00a05F-MDMB-PINACA) je\u00a0sinteti\u010dni\u00a0kanabinoid na osnovi indazola\u00a0iz dru\u017eine indazol-3-karboksamidov, na voljo je veleprodajno naro\u010dilo\",\"breadcrumb\":{\"@id\":\"https:\\\/\\\/medicinasinc.com\\\/sl\\\/product\\\/buy-5f-adb\\\/#breadcrumb\"},\"inLanguage\":\"en-US\",\"potentialAction\":[{\"@type\":\"ReadAction\",\"target\":[\"https:\\\/\\\/medicinasinc.com\\\/sl\\\/product\\\/buy-5f-adb\\\/\"]}]},{\"@type\":\"ImageObject\",\"inLanguage\":\"en-US\",\"@id\":\"https:\\\/\\\/medicinasinc.com\\\/sl\\\/product\\\/buy-5f-adb\\\/#primaryimage\",\"url\":\"https:\\\/\\\/medicinasinc.com\\\/sl\\\/wp-content\\\/uploads\\\/sites\\\/7\\\/2022\\\/02\\\/Buy-5F-ADB.jpeg\",\"contentUrl\":\"https:\\\/\\\/medicinasinc.com\\\/sl\\\/wp-content\\\/uploads\\\/sites\\\/7\\\/2022\\\/02\\\/Buy-5F-ADB.jpeg\",\"width\":800,\"height\":450},{\"@type\":\"BreadcrumbList\",\"@id\":\"https:\\\/\\\/medicinasinc.com\\\/sl\\\/product\\\/buy-5f-adb\\\/#breadcrumb\",\"itemListElement\":[{\"@type\":\"ListItem\",\"position\":1,\"name\":\"Nakupujte\",\"item\":\"https:\\\/\\\/medicinasinc.com\\\/sl\\\/nakupujte\\\/\"},{\"@type\":\"ListItem\",\"position\":2,\"name\":\"Kupite 5F-ADB\"}]},{\"@type\":\"WebSite\",\"@id\":\"https:\\\/\\\/medicinasinc.com\\\/sl\\\/#website\",\"url\":\"https:\\\/\\\/medicinasinc.com\\\/sl\\\/\",\"name\":\"Medicinas Inc\",\"description\":\"Health Medical Clinic\",\"potentialAction\":[{\"@type\":\"SearchAction\",\"target\":{\"@type\":\"EntryPoint\",\"urlTemplate\":\"https:\\\/\\\/medicinasinc.com\\\/sl\\\/?s={search_term_string}\"},\"query-input\":{\"@type\":\"PropertyValueSpecification\",\"valueRequired\":true,\"valueName\":\"search_term_string\"}}],\"inLanguage\":\"en-US\"}]}<\/script>\n<!-- \/ Yoast SEO plugin. -->","yoast_head_json":{"title":"Kupite 5F-ADB - 5F-MDMB-PINACA - najbolj\u0161a najbolj\u0161a zdravila na svetu","description":"Kupite 5F-ADB za prodajo UK, Evropa\u00a0(znan tudi kot\u00a05F-MDMB-PINACA) je\u00a0sinteti\u010dni\u00a0kanabinoid na osnovi indazola\u00a0iz dru\u017eine indazol-3-karboksamidov, na voljo je veleprodajno naro\u010dilo","robots":{"index":"index","follow":"follow","max-snippet":"max-snippet:-1","max-image-preview":"max-image-preview:large","max-video-preview":"max-video-preview:-1"},"canonical":"https:\/\/medicinasinc.com\/sl\/product\/buy-5f-adb\/","og_locale":"en_US","og_type":"article","og_title":"Kupite 5F-ADB - 5F-MDMB-PINACA - najbolj\u0161a najbolj\u0161a zdravila na svetu","og_description":"Kupite 5F-ADB za prodajo UK, Evropa\u00a0(znan tudi kot\u00a05F-MDMB-PINACA) je\u00a0sinteti\u010dni\u00a0kanabinoid na osnovi indazola\u00a0iz dru\u017eine indazol-3-karboksamidov, na voljo je veleprodajno naro\u010dilo","og_url":"https:\/\/medicinasinc.com\/sl\/product\/buy-5f-adb\/","og_site_name":"Medicinas Inc","article_modified_time":"2022-03-19T00:13:19+00:00","og_image":[{"width":800,"height":450,"url":"https:\/\/medicinasinc.com\/sl\/wp-content\/uploads\/sites\/7\/2022\/02\/Buy-5F-ADB.jpeg","type":"image\/jpeg"}],"twitter_card":"summary_large_image","twitter_misc":{"Est. reading time":"2 minutes"},"schema":{"@context":"https:\/\/schema.org","@graph":[{"@type":"WebPage","@id":"https:\/\/medicinasinc.com\/sl\/product\/buy-5f-adb\/","url":"https:\/\/medicinasinc.com\/sl\/product\/buy-5f-adb\/","name":"Kupite 5F-ADB - 5F-MDMB-PINACA - najbolj\u0161a najbolj\u0161a zdravila na svetu","isPartOf":{"@id":"https:\/\/medicinasinc.com\/sl\/#website"},"primaryImageOfPage":{"@id":"https:\/\/medicinasinc.com\/sl\/product\/buy-5f-adb\/#primaryimage"},"image":{"@id":"https:\/\/medicinasinc.com\/sl\/product\/buy-5f-adb\/#primaryimage"},"thumbnailUrl":"https:\/\/medicinasinc.com\/sl\/wp-content\/uploads\/sites\/7\/2022\/02\/Buy-5F-ADB.jpeg","datePublished":"2022-02-22T08:09:55+00:00","dateModified":"2022-03-19T00:13:19+00:00","description":"Kupite 5F-ADB za prodajo UK, Evropa\u00a0(znan tudi kot\u00a05F-MDMB-PINACA) je\u00a0sinteti\u010dni\u00a0kanabinoid na osnovi indazola\u00a0iz dru\u017eine indazol-3-karboksamidov, na voljo je veleprodajno naro\u010dilo","breadcrumb":{"@id":"https:\/\/medicinasinc.com\/sl\/product\/buy-5f-adb\/#breadcrumb"},"inLanguage":"en-US","potentialAction":[{"@type":"ReadAction","target":["https:\/\/medicinasinc.com\/sl\/product\/buy-5f-adb\/"]}]},{"@type":"ImageObject","inLanguage":"en-US","@id":"https:\/\/medicinasinc.com\/sl\/product\/buy-5f-adb\/#primaryimage","url":"https:\/\/medicinasinc.com\/sl\/wp-content\/uploads\/sites\/7\/2022\/02\/Buy-5F-ADB.jpeg","contentUrl":"https:\/\/medicinasinc.com\/sl\/wp-content\/uploads\/sites\/7\/2022\/02\/Buy-5F-ADB.jpeg","width":800,"height":450},{"@type":"BreadcrumbList","@id":"https:\/\/medicinasinc.com\/sl\/product\/buy-5f-adb\/#breadcrumb","itemListElement":[{"@type":"ListItem","position":1,"name":"Nakupujte","item":"https:\/\/medicinasinc.com\/sl\/nakupujte\/"},{"@type":"ListItem","position":2,"name":"Kupite 5F-ADB"}]},{"@type":"WebSite","@id":"https:\/\/medicinasinc.com\/sl\/#website","url":"https:\/\/medicinasinc.com\/sl\/","name":"Medicinas Inc","description":"Health Medical Clinic","potentialAction":[{"@type":"SearchAction","target":{"@type":"EntryPoint","urlTemplate":"https:\/\/medicinasinc.com\/sl\/?s={search_term_string}"},"query-input":{"@type":"PropertyValueSpecification","valueRequired":true,"valueName":"search_term_string"}}],"inLanguage":"en-US"}]}},"_links":{"self":[{"href":"https:\/\/medicinasinc.com\/sl\/wp-json\/wp\/v2\/product\/5902","targetHints":{"allow":["GET"]}}],"collection":[{"href":"https:\/\/medicinasinc.com\/sl\/wp-json\/wp\/v2\/product"}],"about":[{"href":"https:\/\/medicinasinc.com\/sl\/wp-json\/wp\/v2\/types\/product"}],"replies":[{"embeddable":true,"href":"https:\/\/medicinasinc.com\/sl\/wp-json\/wp\/v2\/comments?post=5902"}],"wp:featuredmedia":[{"embeddable":true,"href":"https:\/\/medicinasinc.com\/sl\/wp-json\/wp\/v2\/media\/5933"}],"wp:attachment":[{"href":"https:\/\/medicinasinc.com\/sl\/wp-json\/wp\/v2\/media?parent=5902"}],"wp:term":[{"taxonomy":"product_brand","embeddable":true,"href":"https:\/\/medicinasinc.com\/sl\/wp-json\/wp\/v2\/product_brand?post=5902"},{"taxonomy":"product_cat","embeddable":true,"href":"https:\/\/medicinasinc.com\/sl\/wp-json\/wp\/v2\/product_cat?post=5902"},{"taxonomy":"product_tag","embeddable":true,"href":"https:\/\/medicinasinc.com\/sl\/wp-json\/wp\/v2\/product_tag?post=5902"}],"curies":[{"name":"wp","href":"https:\/\/api.w.org\/{rel}","templated":true}]}}