{"id":5897,"date":"2022-02-22T08:07:13","date_gmt":"2022-02-22T08:07:13","guid":{"rendered":"https:\/\/medicinasinc.com\/sl\/?post_type=product&#038;p=5897"},"modified":"2022-03-19T00:13:29","modified_gmt":"2022-03-19T00:13:29","slug":"kupi-5c-akb48","status":"publish","type":"product","link":"https:\/\/medicinasinc.com\/sl\/product\/kupi-5c-akb48\/","title":{"rendered":"Kupite 5C-AKB48"},"content":{"rendered":"<p>Kaj je koda 5C-AKB48?<\/p>\n<p>5C-AKB48 je sinteti\u010dni kanabinoid, ki spada v razred indazol karboksamidov. Je 5-kloro analog 5F-AKB48 (pogosto imenovan AKB48, 5F-APINACA ali 5F-AKB48), bolj znanega sinteti\u010dnega kanabinoida, odkritega v Ju\u017eni Koreji.<\/p>\n<p>Najve\u010dji evropski trgovec na drobno. prahu 5C-AKB48.<\/p>\n<p>5C-AKB48 je mogo\u010de kupiti na spletu z uporabo Bitcoina. 5C-AKB48 je mo\u010dnej\u0161a razli\u010dica AKB-48, ki deluje na kanabinoidne receptorje.<\/p>\n<p>Trdi se, da ima 5C-AKB48 podobne, vendar mo\u010dnej\u0161e u\u010dinke kot 5F-AKB48, in tako kot vsi sinteti\u010dni kanabinoidi, ima visoko afiniteto za receptorje CB1 in CB2.<\/p>\n<p>Kemi\u010dne lastnosti 5C-AKB48<\/p>\n<p>C23H30CIN3O<\/p>\n<p>N-(adamantan-1-il)<\/p>\n<p> p&gt; <\/p>\n<p>-1-(5-kloropentil)-1H-indazol<\/p>\n<p>-3-karboksamid<\/p>\n<p>Molekulska te\u017ea: 400,00 g\/mol<\/p>\n<p>\u010cistost : ve\u010d kot 98 odstotkov<\/p>\n<p>5C-AKB48 je sinteti\u010dni kanabinoid, ki spada v dru\u017eino indazol-3-karboksamidov. Ima podobne molekularne lastnosti kot 5F-ABD. Kot pri mnogih kanabinoidih ima tudi ta visoko afiniteto do receptorjev CB1 in CB2, kar prispeva k njegovim evfori\u010dnim zna\u010dilnostim. Kot pri ve\u010dini kanabinoidov je netopen v vodi in stabilen pri sobni temperaturi. Tako kot pri ve\u010dini kanabinoidov ima tudi 5C-AKB48 velik potencial za uporabo kot laj\u0161anje bole\u010din in stimulans apetita. \u010ceprav niso bila izvedena nobena presku\u0161anja na ljudeh, je smiselno domnevati, da ima 5C-AKB48 enak sinteti\u010dni kanabinoidni u\u010dinek kot druge kemikalije v istem razredu. Omeniti je treba, da varnostni profil tega zdravila ni bil temeljito ovrednoten in da ni namenjeno za prehrano ljudi.<\/p>\n<p>Kateri so verjetni ne\u017eeleni u\u010dinki in previdnostni ukrepi, povezani z 5C-AKB48?<\/p>\n<p>U\u010dinki 5C-psihoaktivnega AKB48 so primerljivi z u\u010dinki drugih naravnih in sinteti\u010dnih kanabinoidov, predvsem 5F-ABD.<\/p>\n<p>Sedacija: morda najbolj znan u\u010dinek kanabinoidov, potro\u0161niki poro\u010dajo o globokem ob\u010dutku miru in zmanj\u0161ane ravni energije po porabi 5C-AKB48.<\/p>\n<p>Zmanj\u0161anje vnetja: \u017ee tiso\u010dletja so bili naravni kanabinoidi uporabljeni zaradi svojih protivnetnih lastnosti. CBD (nepsihoaktivni kanabinoid) je v zadnjem \u010dasu postal priljubljen kot sredstvo za laj\u0161anje bole\u010din in vnetja. \u010ceprav uradne \u0161tudije niso bile izvedene, je smiselno domnevati, da ima 5C-AKB48 protivnetne lastnosti, povezane s kanabinoidi.<\/p>\n<p>Proti slabosti in bruhanju: kanabinoidi imajo lastnosti proti slabosti in bruhanju, ki delujejo proti slabosti in bruhanju. so bili klini\u010dno opa\u017eeni \u017ee vrsto let [1], pri rutinsko predpisovanih zdravilih, kot so Marinol, Syndros in Nabilone, ki vsebujejo sinteti\u010dne kanabinoide.<\/p>\n<p>Kanabinoidi so \u017ee dolgo priznani po svoji sposobnosti, da znatno zmanj\u0161ajo resnost migrene in migrene in nabilona. kroni\u010dni glavoboli pri ljudeh [2]. Na \u017ealost niso bile izvedene nobene nadzorovane \u0161tudije o uporabnosti 5C-AKB48 pri zdravljenju glavobolov, obstaja pa le nekaj anekdotnih poro\u010dil.<\/p>\n<p>Kot \u017ee navedeno, uradne raziskave o 5C-AKB48 niso bile izvedene. , zato njegov varnostni profil trenutno ni jasen. Kljub odsotnosti testiranja lahko pri\u010dakujemo, da bo pokazal tipi\u010dne \u0161kodljive u\u010dinke konoplje. Zato se je treba spomniti, da je 5C-AKB48 namenjen samo za raziskovalno uporabo in ni namenjen prehrani ljudi. Z njim ne smete ravnati brez uporabe ustrezne laboratorijske opreme, vklju\u010dno z za\u0161\u010dito za o\u010di in rokavicami.<\/p>\n<p>Kje lahko kupim?<\/p>\n<p>Chemical Planet s ponosom ponuja najvi\u0161jo kakovost 5C-. AKB48 na trgu. Chemical Planet je tudi zaupanja vreden ponudnik \u0161tevilka 1, ki zagotavlja hitro in diskretno po\u0161iljanje na \u0161tevilne kraje po vsem svetu.<\/p>\n<p>\u010ce \u017eelite kupiti 5C-AKB48, morate biti stari vsaj 18 let in imeti vse glavne kreditne kartice. kot tudi bitcoin so sprejeti. Vsi izdelki, vklju\u010dno s 5C-AKB48, so namenjeni izklju\u010dno raziskovalni uporabi in niso namenjeni prehrani ljudi.<\/p>\n","protected":false},"excerpt":{"rendered":"<p>Kupite 5c-akb48 za prodajo, veleprodajo 5c-akb48 UK, naro\u010dite 5cakb48 evropski dobavitelj. 5c-akb48 je sinteti\u010dni kanabinoid na osnovi indazola, ki se prodaja na spletu kot oblikovalsko zdravilo.<\/p>\n","protected":false},"featured_media":5928,"comment_status":"open","ping_status":"closed","template":"","meta":[],"product_brand":[],"product_cat":[2596],"product_tag":[4052,4053,4054,4055,4056,2600,4057,4058,2616,4059,2615,4060,4061,4062,4063,4064,4065],"class_list":{"0":"post-5897","1":"product","2":"type-product","3":"status-publish","4":"has-post-thumbnail","6":"product_cat-kanabinoidi-za-prodajo","7":"product_tag-5c-akb48","8":"product_tag-5c-akb48-na-prodaj","9":"product_tag-5cakb48","10":"product_tag-5f-mdmb-2201-5f-mdmb-2201-kanabinoid","11":"product_tag-5f-mdmb-2201-psihonavt","12":"product_tag-5f-mdmb-2201","13":"product_tag-5f-mdmb-2201-cayman","14":"product_tag-5f-mdmb-2201-dosage","15":"product_tag-5f-mdmb-2201-pregled","16":"product_tag-5f-mdmb-2201-recenzije","17":"product_tag-5f-mdmb-2201-reddit","18":"product_tag-5f-mdmb-2201-wiki","19":"product_tag-5fmdmb2201-5f-mdmb-2201-kanabinoid","20":"product_tag-buy-5c-akb48-online","21":"product_tag-nakup-5c-akb48-na-spletu","22":"product_tag-the-best-place-to-buy-5c-akb48-online","23":"product_tag-where-to-buy-5c-akb48-online","25":"first","26":"instock","27":"shipping-taxable","28":"purchasable","29":"product-type-variable"},"yoast_head":"<!-- This site is optimized with the Yoast SEO plugin v27.3 - https:\/\/yoast.com\/product\/yoast-seo-wordpress\/ -->\n<title>Kupite 5c-akb48 pri zanesljivem prodajalcu - kanabinoidi - najbolj\u0161a globalna zdravila<\/title>\n<meta name=\"description\" content=\"Kupite 5c-akb48 za prodajo, veleprodajo 5c-akb48 UK, naro\u010dite 5cakb48 evropski dobavitelj. 5c-akb48 je sinteti\u010dni kanabinoid na osnovi indazola, ki se prodaja na spletu kot oblikovalsko zdravilo.\" \/>\n<meta name=\"robots\" content=\"index, follow, max-snippet:-1, max-image-preview:large, max-video-preview:-1\" \/>\n<link rel=\"canonical\" href=\"https:\/\/medicinasinc.com\/sl\/product\/kupi-5c-akb48\/\" \/>\n<meta property=\"og:locale\" content=\"en_US\" \/>\n<meta property=\"og:type\" content=\"article\" \/>\n<meta property=\"og:title\" content=\"Kupite 5c-akb48 pri zanesljivem prodajalcu - kanabinoidi - najbolj\u0161a globalna zdravila\" \/>\n<meta property=\"og:description\" content=\"Kupite 5c-akb48 za prodajo, veleprodajo 5c-akb48 UK, naro\u010dite 5cakb48 evropski dobavitelj. 5c-akb48 je sinteti\u010dni kanabinoid na osnovi indazola, ki se prodaja na spletu kot oblikovalsko zdravilo.\" \/>\n<meta property=\"og:url\" content=\"https:\/\/medicinasinc.com\/sl\/product\/kupi-5c-akb48\/\" \/>\n<meta property=\"og:site_name\" content=\"Medicinas Inc\" \/>\n<meta property=\"article:modified_time\" content=\"2022-03-19T00:13:29+00:00\" \/>\n<meta property=\"og:image\" content=\"https:\/\/medicinasinc.com\/sl\/wp-content\/uploads\/sites\/7\/2022\/02\/Buy-5C-AKB48.png\" \/>\n\t<meta property=\"og:image:width\" content=\"500\" \/>\n\t<meta property=\"og:image:height\" content=\"500\" \/>\n\t<meta property=\"og:image:type\" content=\"image\/png\" \/>\n<meta name=\"twitter:card\" content=\"summary_large_image\" \/>\n<meta name=\"twitter:label1\" content=\"Est. reading time\" \/>\n\t<meta name=\"twitter:data1\" content=\"3 minutes\" \/>\n<script type=\"application\/ld+json\" class=\"yoast-schema-graph\">{\"@context\":\"https:\\\/\\\/schema.org\",\"@graph\":[{\"@type\":\"WebPage\",\"@id\":\"https:\\\/\\\/medicinasinc.com\\\/sl\\\/product\\\/kupi-5c-akb48\\\/\",\"url\":\"https:\\\/\\\/medicinasinc.com\\\/sl\\\/product\\\/kupi-5c-akb48\\\/\",\"name\":\"Kupite 5c-akb48 pri zanesljivem prodajalcu - kanabinoidi - najbolj\u0161a globalna zdravila\",\"isPartOf\":{\"@id\":\"https:\\\/\\\/medicinasinc.com\\\/sl\\\/#website\"},\"primaryImageOfPage\":{\"@id\":\"https:\\\/\\\/medicinasinc.com\\\/sl\\\/product\\\/kupi-5c-akb48\\\/#primaryimage\"},\"image\":{\"@id\":\"https:\\\/\\\/medicinasinc.com\\\/sl\\\/product\\\/kupi-5c-akb48\\\/#primaryimage\"},\"thumbnailUrl\":\"https:\\\/\\\/medicinasinc.com\\\/sl\\\/wp-content\\\/uploads\\\/sites\\\/7\\\/2022\\\/02\\\/Buy-5C-AKB48.png\",\"datePublished\":\"2022-02-22T08:07:13+00:00\",\"dateModified\":\"2022-03-19T00:13:29+00:00\",\"description\":\"Kupite 5c-akb48 za prodajo, veleprodajo 5c-akb48 UK, naro\u010dite 5cakb48 evropski dobavitelj. 5c-akb48 je sinteti\u010dni kanabinoid na osnovi indazola, ki se prodaja na spletu kot oblikovalsko zdravilo.\",\"breadcrumb\":{\"@id\":\"https:\\\/\\\/medicinasinc.com\\\/sl\\\/product\\\/kupi-5c-akb48\\\/#breadcrumb\"},\"inLanguage\":\"en-US\",\"potentialAction\":[{\"@type\":\"ReadAction\",\"target\":[\"https:\\\/\\\/medicinasinc.com\\\/sl\\\/product\\\/kupi-5c-akb48\\\/\"]}]},{\"@type\":\"ImageObject\",\"inLanguage\":\"en-US\",\"@id\":\"https:\\\/\\\/medicinasinc.com\\\/sl\\\/product\\\/kupi-5c-akb48\\\/#primaryimage\",\"url\":\"https:\\\/\\\/medicinasinc.com\\\/sl\\\/wp-content\\\/uploads\\\/sites\\\/7\\\/2022\\\/02\\\/Buy-5C-AKB48.png\",\"contentUrl\":\"https:\\\/\\\/medicinasinc.com\\\/sl\\\/wp-content\\\/uploads\\\/sites\\\/7\\\/2022\\\/02\\\/Buy-5C-AKB48.png\",\"width\":500,\"height\":500},{\"@type\":\"BreadcrumbList\",\"@id\":\"https:\\\/\\\/medicinasinc.com\\\/sl\\\/product\\\/kupi-5c-akb48\\\/#breadcrumb\",\"itemListElement\":[{\"@type\":\"ListItem\",\"position\":1,\"name\":\"Nakupujte\",\"item\":\"https:\\\/\\\/medicinasinc.com\\\/sl\\\/nakupujte\\\/\"},{\"@type\":\"ListItem\",\"position\":2,\"name\":\"Kupite 5C-AKB48\"}]},{\"@type\":\"WebSite\",\"@id\":\"https:\\\/\\\/medicinasinc.com\\\/sl\\\/#website\",\"url\":\"https:\\\/\\\/medicinasinc.com\\\/sl\\\/\",\"name\":\"Medicinas Inc\",\"description\":\"Health Medical Clinic\",\"potentialAction\":[{\"@type\":\"SearchAction\",\"target\":{\"@type\":\"EntryPoint\",\"urlTemplate\":\"https:\\\/\\\/medicinasinc.com\\\/sl\\\/?s={search_term_string}\"},\"query-input\":{\"@type\":\"PropertyValueSpecification\",\"valueRequired\":true,\"valueName\":\"search_term_string\"}}],\"inLanguage\":\"en-US\"}]}<\/script>\n<!-- \/ Yoast SEO plugin. -->","yoast_head_json":{"title":"Kupite 5c-akb48 pri zanesljivem prodajalcu - kanabinoidi - najbolj\u0161a globalna zdravila","description":"Kupite 5c-akb48 za prodajo, veleprodajo 5c-akb48 UK, naro\u010dite 5cakb48 evropski dobavitelj. 5c-akb48 je sinteti\u010dni kanabinoid na osnovi indazola, ki se prodaja na spletu kot oblikovalsko zdravilo.","robots":{"index":"index","follow":"follow","max-snippet":"max-snippet:-1","max-image-preview":"max-image-preview:large","max-video-preview":"max-video-preview:-1"},"canonical":"https:\/\/medicinasinc.com\/sl\/product\/kupi-5c-akb48\/","og_locale":"en_US","og_type":"article","og_title":"Kupite 5c-akb48 pri zanesljivem prodajalcu - kanabinoidi - najbolj\u0161a globalna zdravila","og_description":"Kupite 5c-akb48 za prodajo, veleprodajo 5c-akb48 UK, naro\u010dite 5cakb48 evropski dobavitelj. 5c-akb48 je sinteti\u010dni kanabinoid na osnovi indazola, ki se prodaja na spletu kot oblikovalsko zdravilo.","og_url":"https:\/\/medicinasinc.com\/sl\/product\/kupi-5c-akb48\/","og_site_name":"Medicinas Inc","article_modified_time":"2022-03-19T00:13:29+00:00","og_image":[{"width":500,"height":500,"url":"https:\/\/medicinasinc.com\/sl\/wp-content\/uploads\/sites\/7\/2022\/02\/Buy-5C-AKB48.png","type":"image\/png"}],"twitter_card":"summary_large_image","twitter_misc":{"Est. reading time":"3 minutes"},"schema":{"@context":"https:\/\/schema.org","@graph":[{"@type":"WebPage","@id":"https:\/\/medicinasinc.com\/sl\/product\/kupi-5c-akb48\/","url":"https:\/\/medicinasinc.com\/sl\/product\/kupi-5c-akb48\/","name":"Kupite 5c-akb48 pri zanesljivem prodajalcu - kanabinoidi - najbolj\u0161a globalna zdravila","isPartOf":{"@id":"https:\/\/medicinasinc.com\/sl\/#website"},"primaryImageOfPage":{"@id":"https:\/\/medicinasinc.com\/sl\/product\/kupi-5c-akb48\/#primaryimage"},"image":{"@id":"https:\/\/medicinasinc.com\/sl\/product\/kupi-5c-akb48\/#primaryimage"},"thumbnailUrl":"https:\/\/medicinasinc.com\/sl\/wp-content\/uploads\/sites\/7\/2022\/02\/Buy-5C-AKB48.png","datePublished":"2022-02-22T08:07:13+00:00","dateModified":"2022-03-19T00:13:29+00:00","description":"Kupite 5c-akb48 za prodajo, veleprodajo 5c-akb48 UK, naro\u010dite 5cakb48 evropski dobavitelj. 5c-akb48 je sinteti\u010dni kanabinoid na osnovi indazola, ki se prodaja na spletu kot oblikovalsko zdravilo.","breadcrumb":{"@id":"https:\/\/medicinasinc.com\/sl\/product\/kupi-5c-akb48\/#breadcrumb"},"inLanguage":"en-US","potentialAction":[{"@type":"ReadAction","target":["https:\/\/medicinasinc.com\/sl\/product\/kupi-5c-akb48\/"]}]},{"@type":"ImageObject","inLanguage":"en-US","@id":"https:\/\/medicinasinc.com\/sl\/product\/kupi-5c-akb48\/#primaryimage","url":"https:\/\/medicinasinc.com\/sl\/wp-content\/uploads\/sites\/7\/2022\/02\/Buy-5C-AKB48.png","contentUrl":"https:\/\/medicinasinc.com\/sl\/wp-content\/uploads\/sites\/7\/2022\/02\/Buy-5C-AKB48.png","width":500,"height":500},{"@type":"BreadcrumbList","@id":"https:\/\/medicinasinc.com\/sl\/product\/kupi-5c-akb48\/#breadcrumb","itemListElement":[{"@type":"ListItem","position":1,"name":"Nakupujte","item":"https:\/\/medicinasinc.com\/sl\/nakupujte\/"},{"@type":"ListItem","position":2,"name":"Kupite 5C-AKB48"}]},{"@type":"WebSite","@id":"https:\/\/medicinasinc.com\/sl\/#website","url":"https:\/\/medicinasinc.com\/sl\/","name":"Medicinas Inc","description":"Health Medical Clinic","potentialAction":[{"@type":"SearchAction","target":{"@type":"EntryPoint","urlTemplate":"https:\/\/medicinasinc.com\/sl\/?s={search_term_string}"},"query-input":{"@type":"PropertyValueSpecification","valueRequired":true,"valueName":"search_term_string"}}],"inLanguage":"en-US"}]}},"_links":{"self":[{"href":"https:\/\/medicinasinc.com\/sl\/wp-json\/wp\/v2\/product\/5897","targetHints":{"allow":["GET"]}}],"collection":[{"href":"https:\/\/medicinasinc.com\/sl\/wp-json\/wp\/v2\/product"}],"about":[{"href":"https:\/\/medicinasinc.com\/sl\/wp-json\/wp\/v2\/types\/product"}],"replies":[{"embeddable":true,"href":"https:\/\/medicinasinc.com\/sl\/wp-json\/wp\/v2\/comments?post=5897"}],"wp:featuredmedia":[{"embeddable":true,"href":"https:\/\/medicinasinc.com\/sl\/wp-json\/wp\/v2\/media\/5928"}],"wp:attachment":[{"href":"https:\/\/medicinasinc.com\/sl\/wp-json\/wp\/v2\/media?parent=5897"}],"wp:term":[{"taxonomy":"product_brand","embeddable":true,"href":"https:\/\/medicinasinc.com\/sl\/wp-json\/wp\/v2\/product_brand?post=5897"},{"taxonomy":"product_cat","embeddable":true,"href":"https:\/\/medicinasinc.com\/sl\/wp-json\/wp\/v2\/product_cat?post=5897"},{"taxonomy":"product_tag","embeddable":true,"href":"https:\/\/medicinasinc.com\/sl\/wp-json\/wp\/v2\/product_tag?post=5897"}],"curies":[{"name":"wp","href":"https:\/\/api.w.org\/{rel}","templated":true}]}}