{"id":5893,"date":"2022-02-22T08:05:19","date_gmt":"2022-02-22T08:05:19","guid":{"rendered":"https:\/\/medicinasinc.com\/sl\/?post_type=product&#038;p=5893"},"modified":"2022-03-19T00:13:39","modified_gmt":"2022-03-19T00:13:39","slug":"kupite-benzil-metil-keton-bmk-powder-online","status":"publish","type":"product","link":"https:\/\/medicinasinc.com\/sl\/product\/kupite-benzil-metil-keton-bmk-powder-online\/","title":{"rendered":"Kupite benzil metil keton (BMK) v prahu na spletu"},"content":{"rendered":"<p>Spletni nakup BMK prahu<\/p>\n<p>BMK prah lahko kupite na spletu. Kemi\u010dna formula za fenilaceton je C6H5CH2COCH3. To je olje, ki je brezbarvno in topno v organskih topilih. Ta kemikalija se na splo\u0161no imenuje P2P, saj se uporablja pri proizvodnji metamfetamina in amfetamina. Fenilaceton se pri ljudeh proizvaja kot presnovek amfetamina in metamfetamina z oksidativno deaminacijo, ki jo posreduje FMO3.<\/p>\n<p>Fenilaceton, znan tudi kot benzil metil keton (BMK) ali P2P, je bil predhodnik proizvodnje amfetamina. Ureja ga Evropska unija (EU) v skladu z Uredbo (ES) 273\/2004 o predhodnih sestavinah za droge in Uredbo Sveta (ES) 111\/2005 o izmenjavi predhodnih sestavin za droge. Zaradi tega morajo skrbniki pridobiti dovoljenje usposobljenih strokovnjakov, da ga lahko lastijo, uvozijo ali preva\u017eajo. V zadnjem \u010dasu v EU ni bilo ve\u010djih zajemov BMK. Imamo res dobro oceno zadovoljstva strank in smo pripravljeni biti najbolj\u0161i spletni dobavitelji fenilacetonskega olja.<\/p>\n<p>Fenilaceton je mogo\u010de sintetizirati tudi iz predhodnikov, kot je APAAN (alfa-fenilacetoacetonitril). Nedavno je bil uvoz APAAN na najvi\u0161ji ravni v vseh \u010dasih, zato je bil v EU uravnove\u0161en proti koncu leta 2013. Marca 2014 je Komisija Zdru\u017eenih narodov za mamila soglasno izglasovala, da ga uredi globalno. <\/p>\n<p>Na\u0161i na\u010dini po\u0161iljanja in dostave so popolnoma varni in enostavni za nakup fenilacetonskega olja na spletu. Pripravljeni smo prodati tako majhne koli\u010dine kot tudi velike koli\u010dine na\u0161ega fenilacetonskega olja na spletu. Na\u0161a spletna kakovost fenilacetonskega olja je neprimerljiva in prodajamo v majhnih\/velikih koli\u010dinah z zagotavljanjem diskretne pravo\u010dasne dostave po tem, ko kupite fenilacetonsko olje na spletu. Dostava preko DHL, TNT ali FedEx, med drugim. Poleg tega je odvisno od na\u010dina prevoza stranke pri oddaji naro\u010dila za fenilacetonsko olje na spletu. Ne oklevajte in nas kontaktirajte, ko boste pripravljeni kupiti fenilaceton, saj ponujamo najcenej\u0161o ceno.<\/p>\n<p>Najbolje smo poenostaviti nakup najrazli\u010dnej\u0161ih na\u0161ih izdelkov. Ko oddate naro\u010dilo fenilacetonskega olja na spletu pri nas, vam bomo svetovali pri nakupu. Zagotavljamo, da bodo na\u0161e stranke prejele svoj paket in visokokakovostno fenilacetonsko olje ter da bodo dosegle svoje cilje z zagotavljanjem, da so na\u0161i izdelki ustrezno obdelani.<\/p>\n","protected":false},"excerpt":{"rendered":"<p>Kupite benzil metil keton (BMK) v prahu na spletu. Na\u0161 BMK Powder je 100 % laboratorijsko testiran. Na\u0161 BMK Powder po\u0161iljamo kot diskretno in ekspresno po\u0161iljko<\/p>\n","protected":false},"featured_media":5922,"comment_status":"open","ping_status":"closed","template":"","meta":[],"product_brand":[],"product_cat":[2014],"product_tag":[],"class_list":{"0":"post-5893","1":"product","2":"type-product","3":"status-publish","4":"has-post-thumbnail","6":"product_cat-nakup-raziskave-kemikalije","8":"first","9":"instock","10":"shipping-taxable","11":"purchasable","12":"product-type-variable"},"yoast_head":"<!-- This site is optimized with the Yoast SEO plugin v27.3 - https:\/\/yoast.com\/product\/yoast-seo-wordpress\/ -->\n<title>Kupite benzil metil keton (BMK) v prahu na spletu \u2013 najbolj\u0161a zdravila na svetu<\/title>\n<meta name=\"description\" content=\"Kupite benzil metil keton (BMK) v prahu na spletu. Na\u0161 BMK Powder je 100 % laboratorijsko testiran. Na\u0161 BMK Powder po\u0161iljamo kot diskretno in ekspresno po\u0161iljko\" \/>\n<meta name=\"robots\" content=\"index, follow, max-snippet:-1, max-image-preview:large, max-video-preview:-1\" \/>\n<link rel=\"canonical\" href=\"https:\/\/medicinasinc.com\/sl\/product\/kupite-benzil-metil-keton-bmk-powder-online\/\" \/>\n<meta property=\"og:locale\" content=\"en_US\" \/>\n<meta property=\"og:type\" content=\"article\" \/>\n<meta property=\"og:title\" content=\"Kupite benzil metil keton (BMK) v prahu na spletu \u2013 najbolj\u0161a zdravila na svetu\" \/>\n<meta property=\"og:description\" content=\"Kupite benzil metil keton (BMK) v prahu na spletu. Na\u0161 BMK Powder je 100 % laboratorijsko testiran. Na\u0161 BMK Powder po\u0161iljamo kot diskretno in ekspresno po\u0161iljko\" \/>\n<meta property=\"og:url\" content=\"https:\/\/medicinasinc.com\/sl\/product\/kupite-benzil-metil-keton-bmk-powder-online\/\" \/>\n<meta property=\"og:site_name\" content=\"Medicinas Inc\" \/>\n<meta property=\"article:modified_time\" content=\"2022-03-19T00:13:39+00:00\" \/>\n<meta property=\"og:image\" content=\"https:\/\/medicinasinc.com\/sl\/wp-content\/uploads\/sites\/7\/2022\/02\/buy-bmk-powder.jpg\" \/>\n\t<meta property=\"og:image:width\" content=\"447\" \/>\n\t<meta property=\"og:image:height\" content=\"389\" \/>\n\t<meta property=\"og:image:type\" content=\"image\/jpeg\" \/>\n<meta name=\"twitter:card\" content=\"summary_large_image\" \/>\n<meta name=\"twitter:label1\" content=\"Est. reading time\" \/>\n\t<meta name=\"twitter:data1\" content=\"2 minutes\" \/>\n<script type=\"application\/ld+json\" class=\"yoast-schema-graph\">{\"@context\":\"https:\\\/\\\/schema.org\",\"@graph\":[{\"@type\":\"WebPage\",\"@id\":\"https:\\\/\\\/medicinasinc.com\\\/sl\\\/product\\\/kupite-benzil-metil-keton-bmk-powder-online\\\/\",\"url\":\"https:\\\/\\\/medicinasinc.com\\\/sl\\\/product\\\/kupite-benzil-metil-keton-bmk-powder-online\\\/\",\"name\":\"Kupite benzil metil keton (BMK) v prahu na spletu \u2013 najbolj\u0161a zdravila na svetu\",\"isPartOf\":{\"@id\":\"https:\\\/\\\/medicinasinc.com\\\/sl\\\/#website\"},\"primaryImageOfPage\":{\"@id\":\"https:\\\/\\\/medicinasinc.com\\\/sl\\\/product\\\/kupite-benzil-metil-keton-bmk-powder-online\\\/#primaryimage\"},\"image\":{\"@id\":\"https:\\\/\\\/medicinasinc.com\\\/sl\\\/product\\\/kupite-benzil-metil-keton-bmk-powder-online\\\/#primaryimage\"},\"thumbnailUrl\":\"https:\\\/\\\/medicinasinc.com\\\/sl\\\/wp-content\\\/uploads\\\/sites\\\/7\\\/2022\\\/02\\\/buy-bmk-powder.jpg\",\"datePublished\":\"2022-02-22T08:05:19+00:00\",\"dateModified\":\"2022-03-19T00:13:39+00:00\",\"description\":\"Kupite benzil metil keton (BMK) v prahu na spletu. Na\u0161 BMK Powder je 100 % laboratorijsko testiran. Na\u0161 BMK Powder po\u0161iljamo kot diskretno in ekspresno po\u0161iljko\",\"breadcrumb\":{\"@id\":\"https:\\\/\\\/medicinasinc.com\\\/sl\\\/product\\\/kupite-benzil-metil-keton-bmk-powder-online\\\/#breadcrumb\"},\"inLanguage\":\"en-US\",\"potentialAction\":[{\"@type\":\"ReadAction\",\"target\":[\"https:\\\/\\\/medicinasinc.com\\\/sl\\\/product\\\/kupite-benzil-metil-keton-bmk-powder-online\\\/\"]}]},{\"@type\":\"ImageObject\",\"inLanguage\":\"en-US\",\"@id\":\"https:\\\/\\\/medicinasinc.com\\\/sl\\\/product\\\/kupite-benzil-metil-keton-bmk-powder-online\\\/#primaryimage\",\"url\":\"https:\\\/\\\/medicinasinc.com\\\/sl\\\/wp-content\\\/uploads\\\/sites\\\/7\\\/2022\\\/02\\\/buy-bmk-powder.jpg\",\"contentUrl\":\"https:\\\/\\\/medicinasinc.com\\\/sl\\\/wp-content\\\/uploads\\\/sites\\\/7\\\/2022\\\/02\\\/buy-bmk-powder.jpg\",\"width\":447,\"height\":389},{\"@type\":\"BreadcrumbList\",\"@id\":\"https:\\\/\\\/medicinasinc.com\\\/sl\\\/product\\\/kupite-benzil-metil-keton-bmk-powder-online\\\/#breadcrumb\",\"itemListElement\":[{\"@type\":\"ListItem\",\"position\":1,\"name\":\"Nakupujte\",\"item\":\"https:\\\/\\\/medicinasinc.com\\\/sl\\\/nakupujte\\\/\"},{\"@type\":\"ListItem\",\"position\":2,\"name\":\"Kupite benzil metil keton (BMK) v prahu na spletu\"}]},{\"@type\":\"WebSite\",\"@id\":\"https:\\\/\\\/medicinasinc.com\\\/sl\\\/#website\",\"url\":\"https:\\\/\\\/medicinasinc.com\\\/sl\\\/\",\"name\":\"Medicinas Inc\",\"description\":\"Health Medical Clinic\",\"potentialAction\":[{\"@type\":\"SearchAction\",\"target\":{\"@type\":\"EntryPoint\",\"urlTemplate\":\"https:\\\/\\\/medicinasinc.com\\\/sl\\\/?s={search_term_string}\"},\"query-input\":{\"@type\":\"PropertyValueSpecification\",\"valueRequired\":true,\"valueName\":\"search_term_string\"}}],\"inLanguage\":\"en-US\"}]}<\/script>\n<!-- \/ Yoast SEO plugin. -->","yoast_head_json":{"title":"Kupite benzil metil keton (BMK) v prahu na spletu \u2013 najbolj\u0161a zdravila na svetu","description":"Kupite benzil metil keton (BMK) v prahu na spletu. Na\u0161 BMK Powder je 100 % laboratorijsko testiran. Na\u0161 BMK Powder po\u0161iljamo kot diskretno in ekspresno po\u0161iljko","robots":{"index":"index","follow":"follow","max-snippet":"max-snippet:-1","max-image-preview":"max-image-preview:large","max-video-preview":"max-video-preview:-1"},"canonical":"https:\/\/medicinasinc.com\/sl\/product\/kupite-benzil-metil-keton-bmk-powder-online\/","og_locale":"en_US","og_type":"article","og_title":"Kupite benzil metil keton (BMK) v prahu na spletu \u2013 najbolj\u0161a zdravila na svetu","og_description":"Kupite benzil metil keton (BMK) v prahu na spletu. Na\u0161 BMK Powder je 100 % laboratorijsko testiran. Na\u0161 BMK Powder po\u0161iljamo kot diskretno in ekspresno po\u0161iljko","og_url":"https:\/\/medicinasinc.com\/sl\/product\/kupite-benzil-metil-keton-bmk-powder-online\/","og_site_name":"Medicinas Inc","article_modified_time":"2022-03-19T00:13:39+00:00","og_image":[{"width":447,"height":389,"url":"https:\/\/medicinasinc.com\/sl\/wp-content\/uploads\/sites\/7\/2022\/02\/buy-bmk-powder.jpg","type":"image\/jpeg"}],"twitter_card":"summary_large_image","twitter_misc":{"Est. reading time":"2 minutes"},"schema":{"@context":"https:\/\/schema.org","@graph":[{"@type":"WebPage","@id":"https:\/\/medicinasinc.com\/sl\/product\/kupite-benzil-metil-keton-bmk-powder-online\/","url":"https:\/\/medicinasinc.com\/sl\/product\/kupite-benzil-metil-keton-bmk-powder-online\/","name":"Kupite benzil metil keton (BMK) v prahu na spletu \u2013 najbolj\u0161a zdravila na svetu","isPartOf":{"@id":"https:\/\/medicinasinc.com\/sl\/#website"},"primaryImageOfPage":{"@id":"https:\/\/medicinasinc.com\/sl\/product\/kupite-benzil-metil-keton-bmk-powder-online\/#primaryimage"},"image":{"@id":"https:\/\/medicinasinc.com\/sl\/product\/kupite-benzil-metil-keton-bmk-powder-online\/#primaryimage"},"thumbnailUrl":"https:\/\/medicinasinc.com\/sl\/wp-content\/uploads\/sites\/7\/2022\/02\/buy-bmk-powder.jpg","datePublished":"2022-02-22T08:05:19+00:00","dateModified":"2022-03-19T00:13:39+00:00","description":"Kupite benzil metil keton (BMK) v prahu na spletu. Na\u0161 BMK Powder je 100 % laboratorijsko testiran. Na\u0161 BMK Powder po\u0161iljamo kot diskretno in ekspresno po\u0161iljko","breadcrumb":{"@id":"https:\/\/medicinasinc.com\/sl\/product\/kupite-benzil-metil-keton-bmk-powder-online\/#breadcrumb"},"inLanguage":"en-US","potentialAction":[{"@type":"ReadAction","target":["https:\/\/medicinasinc.com\/sl\/product\/kupite-benzil-metil-keton-bmk-powder-online\/"]}]},{"@type":"ImageObject","inLanguage":"en-US","@id":"https:\/\/medicinasinc.com\/sl\/product\/kupite-benzil-metil-keton-bmk-powder-online\/#primaryimage","url":"https:\/\/medicinasinc.com\/sl\/wp-content\/uploads\/sites\/7\/2022\/02\/buy-bmk-powder.jpg","contentUrl":"https:\/\/medicinasinc.com\/sl\/wp-content\/uploads\/sites\/7\/2022\/02\/buy-bmk-powder.jpg","width":447,"height":389},{"@type":"BreadcrumbList","@id":"https:\/\/medicinasinc.com\/sl\/product\/kupite-benzil-metil-keton-bmk-powder-online\/#breadcrumb","itemListElement":[{"@type":"ListItem","position":1,"name":"Nakupujte","item":"https:\/\/medicinasinc.com\/sl\/nakupujte\/"},{"@type":"ListItem","position":2,"name":"Kupite benzil metil keton (BMK) v prahu na spletu"}]},{"@type":"WebSite","@id":"https:\/\/medicinasinc.com\/sl\/#website","url":"https:\/\/medicinasinc.com\/sl\/","name":"Medicinas Inc","description":"Health Medical Clinic","potentialAction":[{"@type":"SearchAction","target":{"@type":"EntryPoint","urlTemplate":"https:\/\/medicinasinc.com\/sl\/?s={search_term_string}"},"query-input":{"@type":"PropertyValueSpecification","valueRequired":true,"valueName":"search_term_string"}}],"inLanguage":"en-US"}]}},"_links":{"self":[{"href":"https:\/\/medicinasinc.com\/sl\/wp-json\/wp\/v2\/product\/5893","targetHints":{"allow":["GET"]}}],"collection":[{"href":"https:\/\/medicinasinc.com\/sl\/wp-json\/wp\/v2\/product"}],"about":[{"href":"https:\/\/medicinasinc.com\/sl\/wp-json\/wp\/v2\/types\/product"}],"replies":[{"embeddable":true,"href":"https:\/\/medicinasinc.com\/sl\/wp-json\/wp\/v2\/comments?post=5893"}],"wp:featuredmedia":[{"embeddable":true,"href":"https:\/\/medicinasinc.com\/sl\/wp-json\/wp\/v2\/media\/5922"}],"wp:attachment":[{"href":"https:\/\/medicinasinc.com\/sl\/wp-json\/wp\/v2\/media?parent=5893"}],"wp:term":[{"taxonomy":"product_brand","embeddable":true,"href":"https:\/\/medicinasinc.com\/sl\/wp-json\/wp\/v2\/product_brand?post=5893"},{"taxonomy":"product_cat","embeddable":true,"href":"https:\/\/medicinasinc.com\/sl\/wp-json\/wp\/v2\/product_cat?post=5893"},{"taxonomy":"product_tag","embeddable":true,"href":"https:\/\/medicinasinc.com\/sl\/wp-json\/wp\/v2\/product_tag?post=5893"}],"curies":[{"name":"wp","href":"https:\/\/api.w.org\/{rel}","templated":true}]}}