{"id":5890,"date":"2022-02-22T08:03:24","date_gmt":"2022-02-22T08:03:24","guid":{"rendered":"https:\/\/medicinasinc.com\/sl\/?post_type=product&#038;p=5890"},"modified":"2022-03-19T00:13:52","modified_gmt":"2022-03-19T00:13:52","slug":"buy-apaan-online-alfa-fenilacetoacetonitril","status":"publish","type":"product","link":"https:\/\/medicinasinc.com\/sl\/product\/buy-apaan-online-alfa-fenilacetoacetonitril\/","title":{"rendered":"Kupite APAAN na spletu (alfa-fenilacetoacetonitril)"},"content":{"rendered":"<p>Kupite APAAN v ugledni spletni lekarni.<\/p>\n<p>APAAN, registrska \u0161tevilka CAS 4468-48-8, je kristalini\u010dni prah z razli\u010dno barvo od bele do svetlo rumene, ki je sintetiziran iz benzilcianida.<\/p>\n<p> &gt; <\/p>\n<p>Kaj je APAAN (Alfa-fenilacetoacetonitril)?<\/p>\n<p>Alfa-fenilacetoacetonitril je kemikalija s \u0161tevilko CAS 4468-48-8, ki jo Zakon o nadzorovanih snoveh razvr\u0161\u010da kot snov iz seznama I (CSA). Ugotovljeno je bilo, da se uporablja v tajnih kemi\u010dnih laboratorijih za nezakonito proizvodnjo snovi z omejitvami iz seznama II, znane kot fenil-2-propanon ali P2P), metamfetamina in amfetamina. Posledi\u010dno je DEA zahtevala, da se razvrsti kot nadzorovana snov.<\/p>\n<p>Vsako kemi\u010dno me\u0161anico, ki vsebuje alfa-fenilacetoacetonitril, ureja CSA, razen v omejenih okoli\u0161\u010dinah.<\/p>\n<p>Kaj. so nekateri alfa fenilacetoacetonitril sopomenki?<\/p>\n<p>Poleg tega je alfa fenilacetoacetonitril ozna\u010den z naslednjimi imeni:<\/p>\n<p>NSC 11777 NSC 25183 NSC 55206 APAAN 2-Phenylace What are many <br \/> so na voljo vrste alfa fenilacetoacetonitrila?<\/p>\n<p>Ta kemikalija je na voljo v obliki prahu, rumene, rjave ali bele oblike, pa tudi v kristalini\u010dnih oblikah z rahlim slamnato rumenim odtenkom.<\/p>\n<p>Kako lahko najdem. kupiti Alfa fenilacetoacetonitril?<\/p>\n<p>Alfa fenilacetoacetonitril je na voljo za nakup v na\u0161i spletni trgovini. Na\u0161a kemikalija je izjemno \u010dista. Ne samo to, pri nas ga boste prejeli tudi po bistveno ni\u017eji ceni kot ve\u010dina drugih ponudnikov na trgu. Druga prepri\u010dljiva spodbuda za nakupovanje v na\u0161i spletni trgovini je, da jo diskretno in varno distribuiramo na\u0161im strankam na mnogih mestih po vsem svetu prek na\u0161ih zaupanja vrednih kurirskih partnerjev.<\/p>\n<p>Kak\u0161ne lastnosti ima alfa fenilacetoacetonitril?<br \/> Naslednje so posebne zna\u010dilnosti te kemikalije:<\/p>\n<p>Za ta del uporabite tabelo (na primer tali\u0161\u010de, vreli\u0161\u010de, gostota, \u0161tevilka CAS, \u010distost in molekulska masa).<\/p>\n<p>Kak\u0161ne aplikacije ima alfa fenilacetoacetonitril?<\/p>\n<p>Alfa fenilacetoacetonitril nima dovoljene uporabe razen za raziskovalne in razvojne namene ter za analiti\u010dne namene v laboratorijih.<\/p>\n<p>Ve\u010d znanih prodajalcev izdelkov. ta kemikalija vklju\u010duje naslednje:<br \/> Sledi seznam dobaviteljev alfa fenilacetoacetonitrila:<br \/> Aurum Pharmatech LLC Activate Scientific<br \/> Heterocyclics Research Chemicals and Building Blocks MolPort<br \/> Kemijske raziskave in razvoj s strani Volkovi<br \/> AK Scienti fic, Inc. (AKSCI) Alfa Chemistry Oakwood Products<br \/> APIChem Technology Vitas-M Laboratory LabNetwork, a WuXi AppTec Company Chemieliva Pharmaceutical Co., Ltd Hangzhou APIChem Technology Vitas-M Laboratory<br \/> Kako je Alpha Phetonylaceized pripravljeno?<\/p>\n<p>60 g \u010distega natrija z maso 2,6 g atomov se zdru\u017ei s 700 cc absolutnega alkohola. Raztopino natrijevega etoksida pripravimo s to metodo v 2-1 bu\u010dki z okroglim dnom, opremljeni z refluksnim kondenzatorjem. Tej segreti raztopini dodamo 234 g ali 2 mola \u010distega benzil cianida in 264 g ali 3 mole suhega etil acetata in jih dobro pretresemo. Kondenzator je zaprt s cevjo s kalcijevim kloridom. Raztopino kuhamo v parni kopeli dve uri in nato pustimo \u010dez no\u010d. Naslednje jutro boste opazili, da so se v me\u0161anici oblikovale grudice. Posledi\u010dno se za me\u0161anje teko\u010dine uporablja lesena palica, zaradi \u010desar se grudice razbijejo. Nato uporabimo zmes za zamrzovanje, da se ohladi na temperaturo 10\u00b0. Nato se temperatura vzdr\u017euje na tej ravni dve uri. 6-in. B\u00fcchnerjev lij se uporablja za zbiranje natrijeve soli, ki jo v lijaku \u0161tirikrat speremo z 250-cc. deli etra. Odkrili boste brezbarvno filtrirno poga\u010do, ki ustreza 250\u2013275 g. suhe natrijeve soli ali 69\u201376 % predvidene koli\u010dine. Zdru\u017eite filtrate in jih dodajte v zamrzovalno me\u0161anico.<\/p>\n<p>Pri sobni temperaturi raztopite natrijevo sol, ki je \u0161e mokra z etrom, v 1,3 l destiliranega vode in nato raztopino ohladimo na 0\u00b0. Nitril oborimo tako, da ne\u017eno dodamo 90 ccm ledenoocetne kisline in mo\u010dno stresemo. Oborino lo\u010dimo s sesalno filtracijo in jo \u0161tirikrat speremo v 250 cc vode z lijakom. Zdaj bi morali imeti vla\u017eno torto -fenilacetoacetonitrila s te\u017eo 300 g (188-206 g). Je 59\u201364 odstotkov suh in ima tali\u0161\u010de 87\u201389\u00b0, kar je primerno za ve\u010dino aplikacij.<\/p>\n<p>\u010ce je za\u017eelena prekristalizacija surove kemikalije, raztopite vla\u017eno poga\u010do v 100 ccm me\u0161anice. vreli metilni alkohol. Raztopino filtriramo in jo z me\u0161anjem ohladimo na temperaturo 10\u00b0. Kristale odsesamo in jih enkrat speremo s 40 ccm metilnega alkohola, ohlajenega na 10\u00b0. Izdelek tehta 173\u2013191 g (54%\u201360%), ko je suh, in ima tali\u0161\u010de 88,5\u201389,5\u00b0. Pri 5-1. bu\u010dko, zdru\u017eimo filtrate in izpiranje iz lo\u010devanja natrijeve soli. Lahko ga razred\u010dite z ledeno mrzlo vodo do to\u010dke, ko je bu\u010dka popolnoma polna. S sifoniranjem popolnoma odstranite spodnji sloj. Pomemben del etra je mogo\u010de odstraniti z dekantacijo, preostanek pa lo\u010diti z lijakom za lo\u010devanje.<\/p>\n<p>Vodno plast ekstrahirajte \u0161e dvakrat s 500 cc delov etra, nato zavrzite etrske izvle\u010dke.<\/p>\n<p>Pri zni\u017eanem tlaku lahko odstranite morebitne ostanke etra v vodni plasti tako, da eno uro sesate zrak skozi raztopino s sesalno \u010drpalko. Z dodajanjem 60 cc ledocetne kisline oborimo -fenilacetoacetonitril.<\/p>\n<p>\u010ce olje zavr\u017eemo, bu\u010dko potopimo v ledeno kopel, dokler oborina ne kristalizira. Kristale lo\u010dite s sesalno filtracijo in jih \u0161tirikrat sperite v lijaku, napolnjenem s 50 cc vode. Porjavelo obarvan material tehta 50\u201355 g in ima po su\u0161enju tali\u0161\u010de 83\u201386\u00b0. Nato ga raztopimo v mati\u010dnih lu\u017enicah metilnega alkohola, ki so ostale od kristalizacije prej\u0161nje serije. Nastalo raztopino nato segrejemo v prisotnosti sledi norita. Prefiltriramo in ohladimo na temperaturo 10\u00b0. Kristale, ustvarjene s filtrom, zberemo in jih speremo z 10 cc hladnega metilnega alkohola, \u010demur sledi su\u0161enje. Nato dobimo 43\u201348 gramsko snov z bledo slamnato barvo in tali\u0161\u010dem 87\u201389 \u00b0. Prekristalizira se iz raztopine 25cc \u010distega metilnega alkohola in 10cc hladnega metilnega alkohola. Proizvaja se 37\u201341 g materiala s tali\u0161\u010dem 88,5\u201389,5\u00b0. Posledica tega je skupni material te \u010distosti, ki tehta med 210 in 232 g ali 66\u201373 odstotkov teoreti\u010dne koli\u010dine.<\/p>\n<p>Kak\u0161ne lastnosti ima alfa fenilacetoacetonitril?<\/p>\n<p>Naslednje so naslednje. posebne zna\u010dilnosti te kemikalije:<\/p>\n<p>Molekulska te\u017ea: 159,188 g\/mol Natan\u010dna masa: 159,068 g\/mol CAS: 4468-48-8<br \/> 99,8 % \u010distost<br \/> Koliko zna\u0161a Alpha Cena fenilacetoacetonitrila?<\/p>\n<p>Stro\u0161ki te kemikalije se razlikujejo glede na ponudnika. Dejanska cena je dolo\u010dena s popustom, ki ga odobri spletni trgovec, in koli\u010dino kupljene kemikalije. Zagotavljamo vam, da ga boste v na\u0161i trgovini na\u0161li po najbolj\u0161i ceni na trgu. Poleg tega zagotavljamo kakovost izdelka in hitro dostavo na va\u0161 dom.<\/p>\n<p>Kako je Alpha Phenylacetoacetonitril pravno razvr\u0161\u010den?<\/p>\n<p>Zaradi dejstva, da je Alpha Phenylacetoacetonitril kemikalija na seznamu I, vse transakcije se nadzorujejo, ne glede na njihovo koli\u010dino.<\/p>\n<p>Proizvajalci zmesi, ki vsebujejo to kemikalijo, ki ne izpolnjujejo pogojev za samodejno izvzetje, morajo vlo\u017eiti vlogo za izvzetje, saj so vse kemi\u010dne me\u0161anice, vklju\u010dno z njo v kateri koli koncentraciji, urejene. <\/p>\n<p>Katera so opozorila, povezana s to kemikalijo, ki se jih morate dr\u017eati?<\/p>\n<p>Pri ravnanju s to snovjo morate paziti, da za\u0161\u010ditite svojo varnost. Naslednja so opozorila in previdnostni ukrepi:<\/p>\n<p>\u010ce se zau\u017eije peroralno, je ta kemikalija izjemno nevarna. Zato se mu za vsako ceno izogibajte.<br \/> Ker je nevarno, \u010de pride v stik z va\u0161im mesom, morate z njimi ravnati zelo previdno in nositi rokavice, da za\u0161\u010ditite ko\u017eo.<br \/> ob\u010dutite dra\u017eenje ko\u017ee in lahko celo razjede, zato se izogibajte tesnemu dotiku.<br \/> Ker je znano, da kemikalija povzro\u010da mo\u010dno dra\u017eenje in po\u0161kodbe o\u010di, je klju\u010dnega pomena, da uporabljate za\u0161\u010ditna o\u010dala, ki popolnoma pokrivajo o\u010di in s tem prepre\u010dite nenamerni stik z o\u010dmi.<br \/> Ugotovljeno je bilo, da je zelo nevarno pri vdihavanju. Tako mora biti obraz pokrit, da se prepre\u010di nenamerno vdihavanje kemikalije med izvajanjem raziskav, razvoja ali analize.<br \/> Zdravilo je dovolj mo\u010dno, da povzro\u010di nelagodje pri dihanju. \u017de enkratna izpostavljenost temu lahko povzro\u010di strupenost za ciljni organ. Mo\u017eno je hudo vnetje, zlasti v dihalnih poteh.<\/p>\n<p>Nakup APAAN Online | Nakup APAAN za prodajo | Spletni nakup APAAN | Kupite APAAN na spletu (ZDA, KITAJSKA, UK, PO SVETU)<\/p>\n","protected":false},"excerpt":{"rendered":"<p>Kupite APAAN (alfa-fenilacetoacetonitril) za prodajo v Evropi, Zdru\u017eeno kraljestvo na spletu brez recepta. Naro\u010dite APAAN (alfa-fenilacetoacetonitril) na spletu.<\/p>\n<p>APAAN (alfa-fenilacetoacetonitril) je analiti\u010dni referen\u010dni standard, ki je strukturno podoben amfetaminu.<\/p>\n<p>-acetilbenzenacetonitril<\/p>\n<p> 4468-48-8 CAS \u0161t.<\/p>\n<p>Sinonimi: APAAN, 2-fenilacetoacetonitril<\/p>\n<p>Molekulska formula: C10H9NO<\/p>\n<p>Te\u017ea formule: 159,2<\/p>\n<p>\u010cistost:\u226598%<\/p>\n<p>Formulacija: kristalini\u010dna trdna snov<\/p>\n<p>\u03bbmax:264 nm<\/p>\n<p>Shranjevanje: -20\u00b0C<\/p>\n<p>Stabilnost :\u2265 2 leti<\/p>\n","protected":false},"featured_media":5916,"comment_status":"open","ping_status":"closed","template":"","meta":[],"product_brand":[],"product_cat":[703],"product_tag":[],"class_list":{"0":"post-5890","1":"product","2":"type-product","3":"status-publish","4":"has-post-thumbnail","6":"product_cat-kupi-psihedelina-mamila","8":"first","9":"instock","10":"shipping-taxable","11":"purchasable","12":"product-type-variable"},"yoast_head":"<!-- This site is optimized with the Yoast SEO plugin v27.3 - https:\/\/yoast.com\/product\/yoast-seo-wordpress\/ -->\n<title>Kupite APAAN na spletu (alfa-fenilacetoacetonitril) - najbolj\u0161a zdravila v svetu<\/title>\n<meta name=\"description\" content=\"Kupite APAAN (alfa-fenilacetoacetonitril) za prodajo v Evropi, Zdru\u017eeno kraljestvo na spletu brez recepta. Naro\u010dite APAAN (alfa-fenilacetoacetonitril) na spletu.\" \/>\n<meta name=\"robots\" content=\"index, follow, max-snippet:-1, max-image-preview:large, max-video-preview:-1\" \/>\n<link rel=\"canonical\" href=\"https:\/\/medicinasinc.com\/sl\/product\/buy-apaan-online-alfa-fenilacetoacetonitril\/\" \/>\n<meta property=\"og:locale\" content=\"en_US\" \/>\n<meta property=\"og:type\" content=\"article\" \/>\n<meta property=\"og:title\" content=\"Kupite APAAN na spletu (alfa-fenilacetoacetonitril) - najbolj\u0161a zdravila v svetu\" \/>\n<meta property=\"og:description\" content=\"Kupite APAAN (alfa-fenilacetoacetonitril) za prodajo v Evropi, Zdru\u017eeno kraljestvo na spletu brez recepta. Naro\u010dite APAAN (alfa-fenilacetoacetonitril) na spletu.\" \/>\n<meta property=\"og:url\" content=\"https:\/\/medicinasinc.com\/sl\/product\/buy-apaan-online-alfa-fenilacetoacetonitril\/\" \/>\n<meta property=\"og:site_name\" content=\"Medicinas Inc\" \/>\n<meta property=\"article:modified_time\" content=\"2022-03-19T00:13:52+00:00\" \/>\n<meta property=\"og:image\" content=\"https:\/\/medicinasinc.com\/sl\/wp-content\/uploads\/sites\/7\/2022\/02\/buy-apaan-alpha-phenylacetoacetonitrile.jpg\" \/>\n\t<meta property=\"og:image:width\" content=\"600\" \/>\n\t<meta property=\"og:image:height\" content=\"600\" \/>\n\t<meta property=\"og:image:type\" content=\"image\/jpeg\" \/>\n<meta name=\"twitter:card\" content=\"summary_large_image\" \/>\n<meta name=\"twitter:label1\" content=\"Est. reading time\" \/>\n\t<meta name=\"twitter:data1\" content=\"6 minutes\" \/>\n<script type=\"application\/ld+json\" class=\"yoast-schema-graph\">{\"@context\":\"https:\\\/\\\/schema.org\",\"@graph\":[{\"@type\":\"WebPage\",\"@id\":\"https:\\\/\\\/medicinasinc.com\\\/sl\\\/product\\\/buy-apaan-online-alfa-fenilacetoacetonitril\\\/\",\"url\":\"https:\\\/\\\/medicinasinc.com\\\/sl\\\/product\\\/buy-apaan-online-alfa-fenilacetoacetonitril\\\/\",\"name\":\"Kupite APAAN na spletu (alfa-fenilacetoacetonitril) - najbolj\u0161a zdravila v svetu\",\"isPartOf\":{\"@id\":\"https:\\\/\\\/medicinasinc.com\\\/sl\\\/#website\"},\"primaryImageOfPage\":{\"@id\":\"https:\\\/\\\/medicinasinc.com\\\/sl\\\/product\\\/buy-apaan-online-alfa-fenilacetoacetonitril\\\/#primaryimage\"},\"image\":{\"@id\":\"https:\\\/\\\/medicinasinc.com\\\/sl\\\/product\\\/buy-apaan-online-alfa-fenilacetoacetonitril\\\/#primaryimage\"},\"thumbnailUrl\":\"https:\\\/\\\/medicinasinc.com\\\/sl\\\/wp-content\\\/uploads\\\/sites\\\/7\\\/2022\\\/02\\\/buy-apaan-alpha-phenylacetoacetonitrile.jpg\",\"datePublished\":\"2022-02-22T08:03:24+00:00\",\"dateModified\":\"2022-03-19T00:13:52+00:00\",\"description\":\"Kupite APAAN (alfa-fenilacetoacetonitril) za prodajo v Evropi, Zdru\u017eeno kraljestvo na spletu brez recepta. Naro\u010dite APAAN (alfa-fenilacetoacetonitril) na spletu.\",\"breadcrumb\":{\"@id\":\"https:\\\/\\\/medicinasinc.com\\\/sl\\\/product\\\/buy-apaan-online-alfa-fenilacetoacetonitril\\\/#breadcrumb\"},\"inLanguage\":\"en-US\",\"potentialAction\":[{\"@type\":\"ReadAction\",\"target\":[\"https:\\\/\\\/medicinasinc.com\\\/sl\\\/product\\\/buy-apaan-online-alfa-fenilacetoacetonitril\\\/\"]}]},{\"@type\":\"ImageObject\",\"inLanguage\":\"en-US\",\"@id\":\"https:\\\/\\\/medicinasinc.com\\\/sl\\\/product\\\/buy-apaan-online-alfa-fenilacetoacetonitril\\\/#primaryimage\",\"url\":\"https:\\\/\\\/medicinasinc.com\\\/sl\\\/wp-content\\\/uploads\\\/sites\\\/7\\\/2022\\\/02\\\/buy-apaan-alpha-phenylacetoacetonitrile.jpg\",\"contentUrl\":\"https:\\\/\\\/medicinasinc.com\\\/sl\\\/wp-content\\\/uploads\\\/sites\\\/7\\\/2022\\\/02\\\/buy-apaan-alpha-phenylacetoacetonitrile.jpg\",\"width\":600,\"height\":600},{\"@type\":\"BreadcrumbList\",\"@id\":\"https:\\\/\\\/medicinasinc.com\\\/sl\\\/product\\\/buy-apaan-online-alfa-fenilacetoacetonitril\\\/#breadcrumb\",\"itemListElement\":[{\"@type\":\"ListItem\",\"position\":1,\"name\":\"Nakupujte\",\"item\":\"https:\\\/\\\/medicinasinc.com\\\/sl\\\/nakupujte\\\/\"},{\"@type\":\"ListItem\",\"position\":2,\"name\":\"Kupite APAAN na spletu (alfa-fenilacetoacetonitril)\"}]},{\"@type\":\"WebSite\",\"@id\":\"https:\\\/\\\/medicinasinc.com\\\/sl\\\/#website\",\"url\":\"https:\\\/\\\/medicinasinc.com\\\/sl\\\/\",\"name\":\"Medicinas Inc\",\"description\":\"Health Medical Clinic\",\"potentialAction\":[{\"@type\":\"SearchAction\",\"target\":{\"@type\":\"EntryPoint\",\"urlTemplate\":\"https:\\\/\\\/medicinasinc.com\\\/sl\\\/?s={search_term_string}\"},\"query-input\":{\"@type\":\"PropertyValueSpecification\",\"valueRequired\":true,\"valueName\":\"search_term_string\"}}],\"inLanguage\":\"en-US\"}]}<\/script>\n<!-- \/ Yoast SEO plugin. -->","yoast_head_json":{"title":"Kupite APAAN na spletu (alfa-fenilacetoacetonitril) - najbolj\u0161a zdravila v svetu","description":"Kupite APAAN (alfa-fenilacetoacetonitril) za prodajo v Evropi, Zdru\u017eeno kraljestvo na spletu brez recepta. Naro\u010dite APAAN (alfa-fenilacetoacetonitril) na spletu.","robots":{"index":"index","follow":"follow","max-snippet":"max-snippet:-1","max-image-preview":"max-image-preview:large","max-video-preview":"max-video-preview:-1"},"canonical":"https:\/\/medicinasinc.com\/sl\/product\/buy-apaan-online-alfa-fenilacetoacetonitril\/","og_locale":"en_US","og_type":"article","og_title":"Kupite APAAN na spletu (alfa-fenilacetoacetonitril) - najbolj\u0161a zdravila v svetu","og_description":"Kupite APAAN (alfa-fenilacetoacetonitril) za prodajo v Evropi, Zdru\u017eeno kraljestvo na spletu brez recepta. Naro\u010dite APAAN (alfa-fenilacetoacetonitril) na spletu.","og_url":"https:\/\/medicinasinc.com\/sl\/product\/buy-apaan-online-alfa-fenilacetoacetonitril\/","og_site_name":"Medicinas Inc","article_modified_time":"2022-03-19T00:13:52+00:00","og_image":[{"width":600,"height":600,"url":"https:\/\/medicinasinc.com\/sl\/wp-content\/uploads\/sites\/7\/2022\/02\/buy-apaan-alpha-phenylacetoacetonitrile.jpg","type":"image\/jpeg"}],"twitter_card":"summary_large_image","twitter_misc":{"Est. reading time":"6 minutes"},"schema":{"@context":"https:\/\/schema.org","@graph":[{"@type":"WebPage","@id":"https:\/\/medicinasinc.com\/sl\/product\/buy-apaan-online-alfa-fenilacetoacetonitril\/","url":"https:\/\/medicinasinc.com\/sl\/product\/buy-apaan-online-alfa-fenilacetoacetonitril\/","name":"Kupite APAAN na spletu (alfa-fenilacetoacetonitril) - najbolj\u0161a zdravila v svetu","isPartOf":{"@id":"https:\/\/medicinasinc.com\/sl\/#website"},"primaryImageOfPage":{"@id":"https:\/\/medicinasinc.com\/sl\/product\/buy-apaan-online-alfa-fenilacetoacetonitril\/#primaryimage"},"image":{"@id":"https:\/\/medicinasinc.com\/sl\/product\/buy-apaan-online-alfa-fenilacetoacetonitril\/#primaryimage"},"thumbnailUrl":"https:\/\/medicinasinc.com\/sl\/wp-content\/uploads\/sites\/7\/2022\/02\/buy-apaan-alpha-phenylacetoacetonitrile.jpg","datePublished":"2022-02-22T08:03:24+00:00","dateModified":"2022-03-19T00:13:52+00:00","description":"Kupite APAAN (alfa-fenilacetoacetonitril) za prodajo v Evropi, Zdru\u017eeno kraljestvo na spletu brez recepta. Naro\u010dite APAAN (alfa-fenilacetoacetonitril) na spletu.","breadcrumb":{"@id":"https:\/\/medicinasinc.com\/sl\/product\/buy-apaan-online-alfa-fenilacetoacetonitril\/#breadcrumb"},"inLanguage":"en-US","potentialAction":[{"@type":"ReadAction","target":["https:\/\/medicinasinc.com\/sl\/product\/buy-apaan-online-alfa-fenilacetoacetonitril\/"]}]},{"@type":"ImageObject","inLanguage":"en-US","@id":"https:\/\/medicinasinc.com\/sl\/product\/buy-apaan-online-alfa-fenilacetoacetonitril\/#primaryimage","url":"https:\/\/medicinasinc.com\/sl\/wp-content\/uploads\/sites\/7\/2022\/02\/buy-apaan-alpha-phenylacetoacetonitrile.jpg","contentUrl":"https:\/\/medicinasinc.com\/sl\/wp-content\/uploads\/sites\/7\/2022\/02\/buy-apaan-alpha-phenylacetoacetonitrile.jpg","width":600,"height":600},{"@type":"BreadcrumbList","@id":"https:\/\/medicinasinc.com\/sl\/product\/buy-apaan-online-alfa-fenilacetoacetonitril\/#breadcrumb","itemListElement":[{"@type":"ListItem","position":1,"name":"Nakupujte","item":"https:\/\/medicinasinc.com\/sl\/nakupujte\/"},{"@type":"ListItem","position":2,"name":"Kupite APAAN na spletu (alfa-fenilacetoacetonitril)"}]},{"@type":"WebSite","@id":"https:\/\/medicinasinc.com\/sl\/#website","url":"https:\/\/medicinasinc.com\/sl\/","name":"Medicinas Inc","description":"Health Medical Clinic","potentialAction":[{"@type":"SearchAction","target":{"@type":"EntryPoint","urlTemplate":"https:\/\/medicinasinc.com\/sl\/?s={search_term_string}"},"query-input":{"@type":"PropertyValueSpecification","valueRequired":true,"valueName":"search_term_string"}}],"inLanguage":"en-US"}]}},"_links":{"self":[{"href":"https:\/\/medicinasinc.com\/sl\/wp-json\/wp\/v2\/product\/5890","targetHints":{"allow":["GET"]}}],"collection":[{"href":"https:\/\/medicinasinc.com\/sl\/wp-json\/wp\/v2\/product"}],"about":[{"href":"https:\/\/medicinasinc.com\/sl\/wp-json\/wp\/v2\/types\/product"}],"replies":[{"embeddable":true,"href":"https:\/\/medicinasinc.com\/sl\/wp-json\/wp\/v2\/comments?post=5890"}],"wp:featuredmedia":[{"embeddable":true,"href":"https:\/\/medicinasinc.com\/sl\/wp-json\/wp\/v2\/media\/5916"}],"wp:attachment":[{"href":"https:\/\/medicinasinc.com\/sl\/wp-json\/wp\/v2\/media?parent=5890"}],"wp:term":[{"taxonomy":"product_brand","embeddable":true,"href":"https:\/\/medicinasinc.com\/sl\/wp-json\/wp\/v2\/product_brand?post=5890"},{"taxonomy":"product_cat","embeddable":true,"href":"https:\/\/medicinasinc.com\/sl\/wp-json\/wp\/v2\/product_cat?post=5890"},{"taxonomy":"product_tag","embeddable":true,"href":"https:\/\/medicinasinc.com\/sl\/wp-json\/wp\/v2\/product_tag?post=5890"}],"curies":[{"name":"wp","href":"https:\/\/api.w.org\/{rel}","templated":true}]}}