{"id":5886,"date":"2022-02-22T07:58:50","date_gmt":"2022-02-22T07:58:50","guid":{"rendered":"https:\/\/medicinasinc.com\/sl\/?post_type=product&#038;p=5886"},"modified":"2022-03-19T00:14:02","modified_gmt":"2022-03-19T00:14:02","slug":"kupi-dilaudid-4-mg","status":"publish","type":"product","link":"https:\/\/medicinasinc.com\/sl\/product\/kupi-dilaudid-4-mg\/","title":{"rendered":"Kupite Dilaudid 4 mg"},"content":{"rendered":"<p>Kupite dilaudid 4 mg v Zdru\u017eenem kraljestvu in Evropi v na\u0161i spletni lekarni Global med s hitro mednarodno dostavo! Tukaj boste dobili najbolj\u0161i Dilaudid 4 mg za nakup!<\/p>\n<p>Dilaudid 4 mg, hidromorfon je narkoti\u010dni analgetik. Opioid se ob\u010dasno imenuje narkotik.<\/p>\n<p>Dilaudid 4 mg je zdravilo na recept, ki se uporablja za zdravljenje zmerne do hude bole\u010dine.<\/p>\n<p>\u010ce Dilaudid kupite prek spleta, lahko dobite tudi odmerek. informacije. Za za\u010detno zdravljenje morate vzeti od 2 mg do 4 mg, kot je predpisano.<\/p>\n<p>To zdravilo je na voljo v obliki s podalj\u0161anim spro\u0161\u010danjem za zdravljenje zmerne do hude bole\u010dine 24 ur na dan. Ta dozirna oblika zdravila Dilaudid 4 mg ni namenjena uporabi, kot je potrebna proti bole\u010dinam.<\/p>\n<p>Hidromorfon Dilaudid 4 mg se lahko uporablja tudi za druge namene, ki niso vklju\u010deni v ta priro\u010dnik za zdravila.<\/p>\n<p>Kaj je najpomembnej\u0161a informacija, ki bi jo moral vedeti glede hidromorfona?<\/p>\n<p>\u010ce imate resne te\u017eave z dihali ali zama\u0161itev v \u017eelodcu ali \u010drevesju, ne smete uporabljati hidromorfona.<\/p>\n<p>4 mg. dilaudid hidromorfon lahko povzro\u010di hitro ali popolno prenehanje dihanja in lahko razvije navado. Da bi se izognili potencialno smrtnemu odmerku, vzemite le predpisani odmerek in pogoltnite celo tableto s podalj\u0161anim spro\u0161\u010danjem. Nikoli ne dajte drugim osebam zdravila Dilaudid 4 mg.<\/p>\n<p>&nbsp;<\/p>\n<p>NEPRAVILNA UPORABA NARKOTI\u010cNEGA ZDRAVILA LAHKO POVZIDI DO ZAVISNOSTI, PREODMERKA ALI SMRTI, zlasti pri otrocih ali drugih posameznikih, ki prejemajo zdravilo brez na recept.<\/p>\n<p>\u010ce je mati jemala zdravilo Dilaudid 4 mg med nose\u010dnostjo, lahko novorojen\u010dek do\u017eivi \u017eivljenjsko nevarne odtegnitvene simptome.<\/p>\n<p>Ne u\u017eivajte alkoholnih pija\u010d.<\/p>\n<p>Tam je mo\u017enost nevarnih ne\u017eelenih u\u010dinkov, vklju\u010dno s smrtjo.<\/p>\n<p>O \u010dem naj se pogovorim s svojim zdravstvenim delavcem, preden za\u010dnem zdravljenje s hidromorfonom?<\/p>\n<p>Tega zdravila ne smete jemati, \u010de ste ga kdaj jemali? ne\u017eelen odziv na hidromorfon ali katero koli drugo narkoti\u010dno zdravilo ali \u010de imate katero od naslednjih stanj:<\/p>\n<p>hudo astmo ali te\u017eave z dihanjem; blokada v \u017eelodcu ali \u010drevesju; ali paraliti\u010dni ileus, \u010drevesna obstrukcija.<\/p>\n<p>\u010ce ste v zadnjih 14 dneh uporabljali zaviralec MAO, ne jemljite zdravila Dilaudid 4 mg hidromorfona. Lahko pride do potencialno \u0161kodljive interakcije z zdravili. Izokarboksazid, linezolid, injekcija metilen modrega, fenelzin, razagilin, selegilin in tranilcipromin so vsi zaviralci MAO.<\/p>\n<p>Nekatera zdravila lahko medsebojno delujejo s hidromorfonom, kar povzro\u010di potencialno smrtno bolezen, imenovano serotoninski sindrom. Prepri\u010dajte se, da va\u0161 zdravnik pozna vsa zdravila, ki jih jemljete za depresijo, du\u0161evne bolezni, Parkinsonovo bolezen, migrenske glavobole, resne oku\u017ebe ali prepre\u010devanje slabosti in bruhanja. Posvetujte se s svojim zdravnikom, preden spremenite na\u010din ali pogostost jemanja zdravil.<\/p>\n<p>Morda ne boste mogli jemati zdravila Dilaudid 4 mg hidromorfona, \u010de trenutno ne uporabljate opioidnega (narkoti\u010dnega) zdravila proti bole\u010dinam in so tolerantni do tega. Posvetujte se s svojim zdravnikom, \u010de niste prepri\u010dani, ali ste tolerantni na opioid.<\/p>\n<p>\u010ce \u017eelite zagotoviti, da je hidromorfon varen za vas, obvestite svojega zdravnika, \u010de imate kaj od naslednjega:<\/p>\n<p>kakr\u0161no koli vrsto te\u017eave z dihanjem ali plju\u010dna bolezen; pretres mo\u017eganov, mo\u017eganski tumor ali napadi v anamnezi; zgodovina zlorabe substanc, alkoholizma ali du\u0161evne bolezni; te\u017eave z uriniranjem; bolezni jeter ali ledvic; alergija na sulfite; Addisonova bolezen ali druge motnje nadledvi\u010dne \u017eleze; te\u017eave z \u017eol\u010dnikom, trebu\u0161no slinavko ali \u0161\u010ditnico; ali \u010de jemljete pomirjevalo, kot je Valium (diazepam, alprazolam, lorazepam, Ativan, Klonopin, Restoril, Tranxene, Versed, Xanax in drugi).<\/p>\n","protected":false},"excerpt":{"rendered":"<p>Kupite dilaudid 4 mg za prodajo v Veliki Britaniji, Evropi v na\u0161i najbolj\u0161i spletni trgovini z zdravili po svetu s hitro dostavo po vsem svetu! Najbolj\u0161i Dilaudid 4 mg za naro\u010danje boste na\u0161li tukaj!<\/p>\n<p>Dilaudid 4 mg, hidromorfon lahko povzro\u010di upo\u010dasnjeno ali ustavljeno dihanje in se lahko razvije v navado. Da bi se izognili potencialno smrtnemu odmerku, vzemite le predpisani odmerek in pogoltnite celo tableto s podalj\u0161anim spro\u0161\u010danjem. Nikoli ne dajajte drugim osebam zdravila Dilaudid 4 mg.<\/p>\n","protected":false},"featured_media":5911,"comment_status":"open","ping_status":"closed","template":"","meta":[],"product_brand":[],"product_cat":[1117],"product_tag":[4045,4047,4049,4048,4046,4050,4051],"class_list":{"0":"post-5886","1":"product","2":"type-product","3":"status-publish","4":"has-post-thumbnail","6":"product_cat-kupite-tablete-proti-bolecinam-spanju-seksu","7":"product_tag-buy-dilaudid-4-mg-online","8":"product_tag-kako-kupiti-dilaudid-4-mg-online","9":"product_tag-nakup-dilaudid-4-mg-online","10":"product_tag-order-dilaudid-4-mg-online","11":"product_tag-dilaudid-4-mg-na-prodaj","12":"product_tag-the-best-place-to-buy-dilaudid-4-mg-online","13":"product_tag-where-to-buy-dilaudid-4-mg-online","15":"first","16":"instock","17":"featured","18":"shipping-taxable","19":"purchasable","20":"product-type-variable","21":"has-default-attributes"},"yoast_head":"<!-- This site is optimized with the Yoast SEO plugin v27.3 - https:\/\/yoast.com\/product\/yoast-seo-wordpress\/ -->\n<title>Kupite Dilaudid 4 mg - najbolj\u0161a najbolj\u0161a zdravila na svetu<\/title>\n<meta name=\"description\" content=\"Kupite dilaudid 4 mg za prodajo v Zdru\u017eenem kraljestvu, Evropi v na\u0161i Best Global Meds spletni trgovini s hitro dostavo po vsem svetu! Najbolj\u0161i Dilaudid 4 mg za naro\u010danje boste na\u0161li tukaj!\" \/>\n<meta name=\"robots\" content=\"index, follow, max-snippet:-1, max-image-preview:large, max-video-preview:-1\" \/>\n<link rel=\"canonical\" href=\"https:\/\/medicinasinc.com\/sl\/product\/kupi-dilaudid-4-mg\/\" \/>\n<meta property=\"og:locale\" content=\"en_US\" \/>\n<meta property=\"og:type\" content=\"article\" \/>\n<meta property=\"og:title\" content=\"Kupite Dilaudid 4 mg - najbolj\u0161a najbolj\u0161a zdravila na svetu\" \/>\n<meta property=\"og:description\" content=\"Kupite dilaudid 4 mg za prodajo v Zdru\u017eenem kraljestvu, Evropi v na\u0161i Best Global Meds spletni trgovini s hitro dostavo po vsem svetu! Najbolj\u0161i Dilaudid 4 mg za naro\u010danje boste na\u0161li tukaj!\" \/>\n<meta property=\"og:url\" content=\"https:\/\/medicinasinc.com\/sl\/product\/kupi-dilaudid-4-mg\/\" \/>\n<meta property=\"og:site_name\" content=\"Medicinas Inc\" \/>\n<meta property=\"article:modified_time\" content=\"2022-03-19T00:14:02+00:00\" \/>\n<meta property=\"og:image\" content=\"https:\/\/medicinasinc.com\/sl\/wp-content\/uploads\/sites\/7\/2022\/02\/Buy-Dilaudid-4-mg.jpg\" \/>\n\t<meta property=\"og:image:width\" content=\"720\" \/>\n\t<meta property=\"og:image:height\" content=\"445\" \/>\n\t<meta property=\"og:image:type\" content=\"image\/jpeg\" \/>\n<meta name=\"twitter:card\" content=\"summary_large_image\" \/>\n<meta name=\"twitter:label1\" content=\"Est. reading time\" \/>\n\t<meta name=\"twitter:data1\" content=\"3 minutes\" \/>\n<script type=\"application\/ld+json\" class=\"yoast-schema-graph\">{\"@context\":\"https:\\\/\\\/schema.org\",\"@graph\":[{\"@type\":\"WebPage\",\"@id\":\"https:\\\/\\\/medicinasinc.com\\\/sl\\\/product\\\/kupi-dilaudid-4-mg\\\/\",\"url\":\"https:\\\/\\\/medicinasinc.com\\\/sl\\\/product\\\/kupi-dilaudid-4-mg\\\/\",\"name\":\"Kupite Dilaudid 4 mg - najbolj\u0161a najbolj\u0161a zdravila na svetu\",\"isPartOf\":{\"@id\":\"https:\\\/\\\/medicinasinc.com\\\/sl\\\/#website\"},\"primaryImageOfPage\":{\"@id\":\"https:\\\/\\\/medicinasinc.com\\\/sl\\\/product\\\/kupi-dilaudid-4-mg\\\/#primaryimage\"},\"image\":{\"@id\":\"https:\\\/\\\/medicinasinc.com\\\/sl\\\/product\\\/kupi-dilaudid-4-mg\\\/#primaryimage\"},\"thumbnailUrl\":\"https:\\\/\\\/medicinasinc.com\\\/sl\\\/wp-content\\\/uploads\\\/sites\\\/7\\\/2022\\\/02\\\/Buy-Dilaudid-4-mg.jpg\",\"datePublished\":\"2022-02-22T07:58:50+00:00\",\"dateModified\":\"2022-03-19T00:14:02+00:00\",\"description\":\"Kupite dilaudid 4 mg za prodajo v Zdru\u017eenem kraljestvu, Evropi v na\u0161i Best Global Meds spletni trgovini s hitro dostavo po vsem svetu! Najbolj\u0161i Dilaudid 4 mg za naro\u010danje boste na\u0161li tukaj!\",\"breadcrumb\":{\"@id\":\"https:\\\/\\\/medicinasinc.com\\\/sl\\\/product\\\/kupi-dilaudid-4-mg\\\/#breadcrumb\"},\"inLanguage\":\"en-US\",\"potentialAction\":[{\"@type\":\"ReadAction\",\"target\":[\"https:\\\/\\\/medicinasinc.com\\\/sl\\\/product\\\/kupi-dilaudid-4-mg\\\/\"]}]},{\"@type\":\"ImageObject\",\"inLanguage\":\"en-US\",\"@id\":\"https:\\\/\\\/medicinasinc.com\\\/sl\\\/product\\\/kupi-dilaudid-4-mg\\\/#primaryimage\",\"url\":\"https:\\\/\\\/medicinasinc.com\\\/sl\\\/wp-content\\\/uploads\\\/sites\\\/7\\\/2022\\\/02\\\/Buy-Dilaudid-4-mg.jpg\",\"contentUrl\":\"https:\\\/\\\/medicinasinc.com\\\/sl\\\/wp-content\\\/uploads\\\/sites\\\/7\\\/2022\\\/02\\\/Buy-Dilaudid-4-mg.jpg\",\"width\":720,\"height\":445},{\"@type\":\"BreadcrumbList\",\"@id\":\"https:\\\/\\\/medicinasinc.com\\\/sl\\\/product\\\/kupi-dilaudid-4-mg\\\/#breadcrumb\",\"itemListElement\":[{\"@type\":\"ListItem\",\"position\":1,\"name\":\"Nakupujte\",\"item\":\"https:\\\/\\\/medicinasinc.com\\\/sl\\\/nakupujte\\\/\"},{\"@type\":\"ListItem\",\"position\":2,\"name\":\"Kupite Dilaudid 4 mg\"}]},{\"@type\":\"WebSite\",\"@id\":\"https:\\\/\\\/medicinasinc.com\\\/sl\\\/#website\",\"url\":\"https:\\\/\\\/medicinasinc.com\\\/sl\\\/\",\"name\":\"Medicinas Inc\",\"description\":\"Health Medical Clinic\",\"potentialAction\":[{\"@type\":\"SearchAction\",\"target\":{\"@type\":\"EntryPoint\",\"urlTemplate\":\"https:\\\/\\\/medicinasinc.com\\\/sl\\\/?s={search_term_string}\"},\"query-input\":{\"@type\":\"PropertyValueSpecification\",\"valueRequired\":true,\"valueName\":\"search_term_string\"}}],\"inLanguage\":\"en-US\"}]}<\/script>\n<!-- \/ Yoast SEO plugin. -->","yoast_head_json":{"title":"Kupite Dilaudid 4 mg - najbolj\u0161a najbolj\u0161a zdravila na svetu","description":"Kupite dilaudid 4 mg za prodajo v Zdru\u017eenem kraljestvu, Evropi v na\u0161i Best Global Meds spletni trgovini s hitro dostavo po vsem svetu! Najbolj\u0161i Dilaudid 4 mg za naro\u010danje boste na\u0161li tukaj!","robots":{"index":"index","follow":"follow","max-snippet":"max-snippet:-1","max-image-preview":"max-image-preview:large","max-video-preview":"max-video-preview:-1"},"canonical":"https:\/\/medicinasinc.com\/sl\/product\/kupi-dilaudid-4-mg\/","og_locale":"en_US","og_type":"article","og_title":"Kupite Dilaudid 4 mg - najbolj\u0161a najbolj\u0161a zdravila na svetu","og_description":"Kupite dilaudid 4 mg za prodajo v Zdru\u017eenem kraljestvu, Evropi v na\u0161i Best Global Meds spletni trgovini s hitro dostavo po vsem svetu! Najbolj\u0161i Dilaudid 4 mg za naro\u010danje boste na\u0161li tukaj!","og_url":"https:\/\/medicinasinc.com\/sl\/product\/kupi-dilaudid-4-mg\/","og_site_name":"Medicinas Inc","article_modified_time":"2022-03-19T00:14:02+00:00","og_image":[{"width":720,"height":445,"url":"https:\/\/medicinasinc.com\/sl\/wp-content\/uploads\/sites\/7\/2022\/02\/Buy-Dilaudid-4-mg.jpg","type":"image\/jpeg"}],"twitter_card":"summary_large_image","twitter_misc":{"Est. reading time":"3 minutes"},"schema":{"@context":"https:\/\/schema.org","@graph":[{"@type":"WebPage","@id":"https:\/\/medicinasinc.com\/sl\/product\/kupi-dilaudid-4-mg\/","url":"https:\/\/medicinasinc.com\/sl\/product\/kupi-dilaudid-4-mg\/","name":"Kupite Dilaudid 4 mg - najbolj\u0161a najbolj\u0161a zdravila na svetu","isPartOf":{"@id":"https:\/\/medicinasinc.com\/sl\/#website"},"primaryImageOfPage":{"@id":"https:\/\/medicinasinc.com\/sl\/product\/kupi-dilaudid-4-mg\/#primaryimage"},"image":{"@id":"https:\/\/medicinasinc.com\/sl\/product\/kupi-dilaudid-4-mg\/#primaryimage"},"thumbnailUrl":"https:\/\/medicinasinc.com\/sl\/wp-content\/uploads\/sites\/7\/2022\/02\/Buy-Dilaudid-4-mg.jpg","datePublished":"2022-02-22T07:58:50+00:00","dateModified":"2022-03-19T00:14:02+00:00","description":"Kupite dilaudid 4 mg za prodajo v Zdru\u017eenem kraljestvu, Evropi v na\u0161i Best Global Meds spletni trgovini s hitro dostavo po vsem svetu! Najbolj\u0161i Dilaudid 4 mg za naro\u010danje boste na\u0161li tukaj!","breadcrumb":{"@id":"https:\/\/medicinasinc.com\/sl\/product\/kupi-dilaudid-4-mg\/#breadcrumb"},"inLanguage":"en-US","potentialAction":[{"@type":"ReadAction","target":["https:\/\/medicinasinc.com\/sl\/product\/kupi-dilaudid-4-mg\/"]}]},{"@type":"ImageObject","inLanguage":"en-US","@id":"https:\/\/medicinasinc.com\/sl\/product\/kupi-dilaudid-4-mg\/#primaryimage","url":"https:\/\/medicinasinc.com\/sl\/wp-content\/uploads\/sites\/7\/2022\/02\/Buy-Dilaudid-4-mg.jpg","contentUrl":"https:\/\/medicinasinc.com\/sl\/wp-content\/uploads\/sites\/7\/2022\/02\/Buy-Dilaudid-4-mg.jpg","width":720,"height":445},{"@type":"BreadcrumbList","@id":"https:\/\/medicinasinc.com\/sl\/product\/kupi-dilaudid-4-mg\/#breadcrumb","itemListElement":[{"@type":"ListItem","position":1,"name":"Nakupujte","item":"https:\/\/medicinasinc.com\/sl\/nakupujte\/"},{"@type":"ListItem","position":2,"name":"Kupite Dilaudid 4 mg"}]},{"@type":"WebSite","@id":"https:\/\/medicinasinc.com\/sl\/#website","url":"https:\/\/medicinasinc.com\/sl\/","name":"Medicinas Inc","description":"Health Medical Clinic","potentialAction":[{"@type":"SearchAction","target":{"@type":"EntryPoint","urlTemplate":"https:\/\/medicinasinc.com\/sl\/?s={search_term_string}"},"query-input":{"@type":"PropertyValueSpecification","valueRequired":true,"valueName":"search_term_string"}}],"inLanguage":"en-US"}]}},"_links":{"self":[{"href":"https:\/\/medicinasinc.com\/sl\/wp-json\/wp\/v2\/product\/5886","targetHints":{"allow":["GET"]}}],"collection":[{"href":"https:\/\/medicinasinc.com\/sl\/wp-json\/wp\/v2\/product"}],"about":[{"href":"https:\/\/medicinasinc.com\/sl\/wp-json\/wp\/v2\/types\/product"}],"replies":[{"embeddable":true,"href":"https:\/\/medicinasinc.com\/sl\/wp-json\/wp\/v2\/comments?post=5886"}],"wp:featuredmedia":[{"embeddable":true,"href":"https:\/\/medicinasinc.com\/sl\/wp-json\/wp\/v2\/media\/5911"}],"wp:attachment":[{"href":"https:\/\/medicinasinc.com\/sl\/wp-json\/wp\/v2\/media?parent=5886"}],"wp:term":[{"taxonomy":"product_brand","embeddable":true,"href":"https:\/\/medicinasinc.com\/sl\/wp-json\/wp\/v2\/product_brand?post=5886"},{"taxonomy":"product_cat","embeddable":true,"href":"https:\/\/medicinasinc.com\/sl\/wp-json\/wp\/v2\/product_cat?post=5886"},{"taxonomy":"product_tag","embeddable":true,"href":"https:\/\/medicinasinc.com\/sl\/wp-json\/wp\/v2\/product_tag?post=5886"}],"curies":[{"name":"wp","href":"https:\/\/api.w.org\/{rel}","templated":true}]}}