{"id":5881,"date":"2022-02-22T07:53:30","date_gmt":"2022-02-22T07:53:30","guid":{"rendered":"https:\/\/medicinasinc.com\/sl\/?post_type=product&#038;p=5881"},"modified":"2022-09-16T12:12:39","modified_gmt":"2022-09-16T12:12:39","slug":"kupi-dilaudid-8-mg","status":"publish","type":"product","link":"https:\/\/medicinasinc.com\/sl\/product\/kupi-dilaudid-8-mg\/","title":{"rendered":"Kupite Dilaudid 8 mg"},"content":{"rendered":"<p>Hidromorfon je opioidno zdravilo proti bole\u010dinam, ki ga je mogo\u010de kupiti na spletu. Opioid se ob\u010dasno imenuje narkotik.<\/p>\n<p>Dilaudid 8 mg je zdravilo na recept, ki se uporablja za zdravljenje zmerne do hude bole\u010dine.<\/p>\n<p>To zdravilo je na voljo v obliki s podalj\u0161anim spro\u0161\u010danjem za zdravljenje z zdravili. zdravljenje zmerne do hude bole\u010dine 24 ur na dan. Ta dozirna oblika zdravila Dilaudid 8 mg ni namenjena uporabi, kot je potrebna proti bole\u010dinam.<\/p>\n<p>Hidromorfon Dilaudid 8 mg se lahko uporablja tudi za druge namene, ki niso vklju\u010deni v ta priro\u010dnik za zdravila.<\/p>\n<p>Kaj je najbolj kriti\u010dna informacija, ki bi jo moral vedeti glede hidromorfona?<\/p>\n<p>\u010ce imate resne te\u017eave z dihanjem ali zama\u0161itev v \u017eelodcu ali \u010drevesju, ne smete uporabljati hidromorfona.<\/p>\n<p>8 mg. dilaudid hidromorfon lahko povzro\u010di hitro ali popolno prenehanje dihanja in lahko razvije navado. Da bi se izognili potencialno smrtnemu odmerku, vzemite le predpisani odmerek in pogoltnite celo tableto s podalj\u0161anim spro\u0161\u010danjem. Nikoli ne dajajte drugim osebam zdravila Dilaudid 8 mg.<\/p>\n<p>&nbsp;<\/p>\n<p>NEPRAVILNA UPORABA NARKOTI\u010cNEGA ZDRAVILA LAHKO POVZIDI DO ZAVISNOSTI, PREODMERKA ALI SMRTI, zlasti pri otrocih ali drugih posameznikih, ki prejemajo zdravilo brez na recept.<\/p>\n<p>\u010ce je mati med nose\u010dnostjo jemala zdravilo Dilaudid 8 mg, lahko novorojen\u010dek do\u017eivi \u017eivljenjsko nevarne odtegnitvene simptome.<\/p>\n<p>Ne u\u017eivajte alkoholnih pija\u010d.<\/p>\n<p>Tam je mo\u017enost nevarnih ne\u017eelenih u\u010dinkov, vklju\u010dno s smrtjo.<\/p>\n<p>O \u010dem naj se pogovorim s svojim zdravstvenim delavcem, preden za\u010dnem zdravljenje s hidromorfonom?<\/p>\n<p>Tega zdravila ne smete jemati, \u010de ste ga kdaj jemali? ne\u017eelen odziv na hidromorfon ali katero koli drugo narkoti\u010dno zdravilo ali \u010de imate katero od naslednjih stanj:<\/p>\n<p>hudo astmo ali te\u017eave z dihanjem; blokada v \u017eelodcu ali \u010drevesju; ali paraliti\u010dni ileus, \u010drevesna obstrukcija.<\/p>\n<p>\u010ce ste v zadnjih 14 dneh uporabljali zaviralec MAO, ne jemljite zdravila Dilaudid 8 mg hidromorfona. Lahko pride do potencialno \u0161kodljive interakcije z zdravili. Izokarboksazid, linezolid, injekcija metilen modrega, fenelzin, razagilin, selegilin in tranilcipromin so vsi zaviralci MAO.<\/p>\n<p>Nekatera zdravila lahko medsebojno delujejo s hidromorfonom, kar povzro\u010di potencialno smrtno bolezen, imenovano serotoninski sindrom. Prepri\u010dajte se, da va\u0161 zdravnik pozna vsa zdravila, ki jih jemljete za depresijo, du\u0161evne bolezni, Parkinsonovo bolezen, migrenske glavobole, resne oku\u017ebe ali prepre\u010devanje slabosti in bruhanja. Posvetujte se s svojim zdravnikom, preden spremenite na\u010din ali pogostost jemanja zdravil.<\/p>\n<p>Morda ne boste mogli jemati Dilaudid 8 mg hidromorfona, \u010de trenutno ne uporabljate opioidnega (narkoti\u010dnega) zdravila proti bole\u010dinam in so tolerantni do tega. Posvetujte se s svojim zdravnikom, \u010de niste prepri\u010dani, ali ste tolerantni na opioid.<\/p>\n<p>\u010ce \u017eelite zagotoviti, da je hidromorfon varen za vas, obvestite svojega zdravnika, \u010de imate kaj od naslednjega:<\/p>\n<p>kakr\u0161no koli vrsto te\u017eave z dihanjem ali plju\u010dna bolezen; pretres mo\u017eganov, mo\u017eganski tumor ali napadi v anamnezi; zgodovina zlorabe substanc, alkoholizma ali du\u0161evne bolezni; te\u017eave z uriniranjem; bolezni jeter ali ledvic; alergija na sulfite; Addisonova bolezen ali druge motnje nadledvi\u010dne \u017eleze; te\u017eave z \u017eol\u010dnikom, trebu\u0161no slinavko ali \u0161\u010ditnico; ali \u010de jemljete pomirjevalo, kot je Valium (diazepam, alprazolam, lorazepam, Ativan, Klonopin, Restoril, Tranxene, Versed, Xanax in drugi).<\/p>\n","protected":false},"excerpt":{"rendered":"<p>Kupite dilaudid 8 mg za prodajo v Veliki Britaniji, Evropi, ZDA v na\u0161i spletni trgovini bestglobalmeds.com s hitro dostavo po vsem svetu! Najbolj\u0161i Dilaudid 8 mg za naro\u010danje boste na\u0161li tukaj!<\/p>\n<p><b>Dilaudid 8 mg hidromorfon lahko upo\u010dasni ali ustavi va\u0161e dihanje in vam lahko tvori navado.<\/b>\u00a0Uporabljajte samo predpisani odmerek, in pogoltnite celo tableto s podalj\u0161anim spro\u0161\u010danjem, da se izognete potencialno smrtnemu odmerku. Nikoli ne delite zdravila Dilaudid 8 mg z drugo osebo.<\/p>\n","protected":false},"featured_media":5909,"comment_status":"open","ping_status":"closed","template":"","meta":[],"product_brand":[],"product_cat":[1117],"product_tag":[4038,4040,4042,4041,4039,4043,4044],"class_list":{"0":"post-5881","1":"product","2":"type-product","3":"status-publish","4":"has-post-thumbnail","6":"product_cat-kupite-tablete-proti-bolecinam-spanju-seksu","7":"product_tag-buy-dilaudid-8-mg-online","8":"product_tag-how-to-buy-dilaudid-8-mg-online","9":"product_tag-nakup-dilaudid-8-mg-online","10":"product_tag-order-dilaudid-8-mg-online","11":"product_tag-dilaudid-8-mg-na-prodaj","12":"product_tag-the-bets-place-to-buy-dilaudid-8-mg-online","13":"product_tag-where-to-buy-dilaudid-8-mg-online","15":"first","16":"instock","17":"shipping-taxable","18":"purchasable","19":"product-type-variable"},"yoast_head":"<!-- This site is optimized with the Yoast SEO plugin v27.3 - https:\/\/yoast.com\/product\/yoast-seo-wordpress\/ -->\n<title>Kupite Dilaudid 8 mg - Best Global Medicina<\/title>\n<meta name=\"description\" content=\"Kupite dilaudid 8 mg za prodajo v Veliki Britaniji, Evropi, ZDA v na\u0161i spletni trgovini bestglobalmeds.com s hitro dostavo po vsem svetu! Najbolj\u0161i Dilaudid 8 mg za naro\u010danje boste na\u0161li tukaj!\" \/>\n<meta name=\"robots\" content=\"index, follow, max-snippet:-1, max-image-preview:large, max-video-preview:-1\" \/>\n<link rel=\"canonical\" href=\"https:\/\/medicinasinc.com\/sl\/product\/kupi-dilaudid-8-mg\/\" \/>\n<meta property=\"og:locale\" content=\"en_US\" \/>\n<meta property=\"og:type\" content=\"article\" \/>\n<meta property=\"og:title\" content=\"Kupite Dilaudid 8 mg - Best Global Medicina\" \/>\n<meta property=\"og:description\" content=\"Kupite dilaudid 8 mg za prodajo v Veliki Britaniji, Evropi, ZDA v na\u0161i spletni trgovini bestglobalmeds.com s hitro dostavo po vsem svetu! Najbolj\u0161i Dilaudid 8 mg za naro\u010danje boste na\u0161li tukaj!\" \/>\n<meta property=\"og:url\" content=\"https:\/\/medicinasinc.com\/sl\/product\/kupi-dilaudid-8-mg\/\" \/>\n<meta property=\"og:site_name\" content=\"Medicinas Inc\" \/>\n<meta property=\"article:modified_time\" content=\"2022-09-16T12:12:39+00:00\" \/>\n<meta property=\"og:image\" content=\"https:\/\/medicinasinc.com\/sl\/wp-content\/uploads\/sites\/7\/2022\/02\/Dilaudid-8-mg.jpg\" \/>\n\t<meta property=\"og:image:width\" content=\"300\" \/>\n\t<meta property=\"og:image:height\" content=\"300\" \/>\n\t<meta property=\"og:image:type\" content=\"image\/jpeg\" \/>\n<meta name=\"twitter:card\" content=\"summary_large_image\" \/>\n<meta name=\"twitter:label1\" content=\"Est. reading time\" \/>\n\t<meta name=\"twitter:data1\" content=\"3 minutes\" \/>\n<script type=\"application\/ld+json\" class=\"yoast-schema-graph\">{\"@context\":\"https:\\\/\\\/schema.org\",\"@graph\":[{\"@type\":\"WebPage\",\"@id\":\"https:\\\/\\\/medicinasinc.com\\\/sl\\\/product\\\/kupi-dilaudid-8-mg\\\/\",\"url\":\"https:\\\/\\\/medicinasinc.com\\\/sl\\\/product\\\/kupi-dilaudid-8-mg\\\/\",\"name\":\"Kupite Dilaudid 8 mg - Best Global Medicina\",\"isPartOf\":{\"@id\":\"https:\\\/\\\/medicinasinc.com\\\/sl\\\/#website\"},\"primaryImageOfPage\":{\"@id\":\"https:\\\/\\\/medicinasinc.com\\\/sl\\\/product\\\/kupi-dilaudid-8-mg\\\/#primaryimage\"},\"image\":{\"@id\":\"https:\\\/\\\/medicinasinc.com\\\/sl\\\/product\\\/kupi-dilaudid-8-mg\\\/#primaryimage\"},\"thumbnailUrl\":\"https:\\\/\\\/medicinasinc.com\\\/sl\\\/wp-content\\\/uploads\\\/sites\\\/7\\\/2022\\\/02\\\/Dilaudid-8-mg.jpg\",\"datePublished\":\"2022-02-22T07:53:30+00:00\",\"dateModified\":\"2022-09-16T12:12:39+00:00\",\"description\":\"Kupite dilaudid 8 mg za prodajo v Veliki Britaniji, Evropi, ZDA v na\u0161i spletni trgovini bestglobalmeds.com s hitro dostavo po vsem svetu! Najbolj\u0161i Dilaudid 8 mg za naro\u010danje boste na\u0161li tukaj!\",\"breadcrumb\":{\"@id\":\"https:\\\/\\\/medicinasinc.com\\\/sl\\\/product\\\/kupi-dilaudid-8-mg\\\/#breadcrumb\"},\"inLanguage\":\"en-US\",\"potentialAction\":[{\"@type\":\"ReadAction\",\"target\":[\"https:\\\/\\\/medicinasinc.com\\\/sl\\\/product\\\/kupi-dilaudid-8-mg\\\/\"]}]},{\"@type\":\"ImageObject\",\"inLanguage\":\"en-US\",\"@id\":\"https:\\\/\\\/medicinasinc.com\\\/sl\\\/product\\\/kupi-dilaudid-8-mg\\\/#primaryimage\",\"url\":\"https:\\\/\\\/medicinasinc.com\\\/sl\\\/wp-content\\\/uploads\\\/sites\\\/7\\\/2022\\\/02\\\/Dilaudid-8-mg.jpg\",\"contentUrl\":\"https:\\\/\\\/medicinasinc.com\\\/sl\\\/wp-content\\\/uploads\\\/sites\\\/7\\\/2022\\\/02\\\/Dilaudid-8-mg.jpg\",\"width\":300,\"height\":300},{\"@type\":\"BreadcrumbList\",\"@id\":\"https:\\\/\\\/medicinasinc.com\\\/sl\\\/product\\\/kupi-dilaudid-8-mg\\\/#breadcrumb\",\"itemListElement\":[{\"@type\":\"ListItem\",\"position\":1,\"name\":\"Nakupujte\",\"item\":\"https:\\\/\\\/medicinasinc.com\\\/sl\\\/nakupujte\\\/\"},{\"@type\":\"ListItem\",\"position\":2,\"name\":\"Kupite Dilaudid 8 mg\"}]},{\"@type\":\"WebSite\",\"@id\":\"https:\\\/\\\/medicinasinc.com\\\/sl\\\/#website\",\"url\":\"https:\\\/\\\/medicinasinc.com\\\/sl\\\/\",\"name\":\"Medicinas Inc\",\"description\":\"Health Medical Clinic\",\"potentialAction\":[{\"@type\":\"SearchAction\",\"target\":{\"@type\":\"EntryPoint\",\"urlTemplate\":\"https:\\\/\\\/medicinasinc.com\\\/sl\\\/?s={search_term_string}\"},\"query-input\":{\"@type\":\"PropertyValueSpecification\",\"valueRequired\":true,\"valueName\":\"search_term_string\"}}],\"inLanguage\":\"en-US\"}]}<\/script>\n<!-- \/ Yoast SEO plugin. -->","yoast_head_json":{"title":"Kupite Dilaudid 8 mg - Best Global Medicina","description":"Kupite dilaudid 8 mg za prodajo v Veliki Britaniji, Evropi, ZDA v na\u0161i spletni trgovini bestglobalmeds.com s hitro dostavo po vsem svetu! Najbolj\u0161i Dilaudid 8 mg za naro\u010danje boste na\u0161li tukaj!","robots":{"index":"index","follow":"follow","max-snippet":"max-snippet:-1","max-image-preview":"max-image-preview:large","max-video-preview":"max-video-preview:-1"},"canonical":"https:\/\/medicinasinc.com\/sl\/product\/kupi-dilaudid-8-mg\/","og_locale":"en_US","og_type":"article","og_title":"Kupite Dilaudid 8 mg - Best Global Medicina","og_description":"Kupite dilaudid 8 mg za prodajo v Veliki Britaniji, Evropi, ZDA v na\u0161i spletni trgovini bestglobalmeds.com s hitro dostavo po vsem svetu! Najbolj\u0161i Dilaudid 8 mg za naro\u010danje boste na\u0161li tukaj!","og_url":"https:\/\/medicinasinc.com\/sl\/product\/kupi-dilaudid-8-mg\/","og_site_name":"Medicinas Inc","article_modified_time":"2022-09-16T12:12:39+00:00","og_image":[{"width":300,"height":300,"url":"https:\/\/medicinasinc.com\/sl\/wp-content\/uploads\/sites\/7\/2022\/02\/Dilaudid-8-mg.jpg","type":"image\/jpeg"}],"twitter_card":"summary_large_image","twitter_misc":{"Est. reading time":"3 minutes"},"schema":{"@context":"https:\/\/schema.org","@graph":[{"@type":"WebPage","@id":"https:\/\/medicinasinc.com\/sl\/product\/kupi-dilaudid-8-mg\/","url":"https:\/\/medicinasinc.com\/sl\/product\/kupi-dilaudid-8-mg\/","name":"Kupite Dilaudid 8 mg - Best Global Medicina","isPartOf":{"@id":"https:\/\/medicinasinc.com\/sl\/#website"},"primaryImageOfPage":{"@id":"https:\/\/medicinasinc.com\/sl\/product\/kupi-dilaudid-8-mg\/#primaryimage"},"image":{"@id":"https:\/\/medicinasinc.com\/sl\/product\/kupi-dilaudid-8-mg\/#primaryimage"},"thumbnailUrl":"https:\/\/medicinasinc.com\/sl\/wp-content\/uploads\/sites\/7\/2022\/02\/Dilaudid-8-mg.jpg","datePublished":"2022-02-22T07:53:30+00:00","dateModified":"2022-09-16T12:12:39+00:00","description":"Kupite dilaudid 8 mg za prodajo v Veliki Britaniji, Evropi, ZDA v na\u0161i spletni trgovini bestglobalmeds.com s hitro dostavo po vsem svetu! Najbolj\u0161i Dilaudid 8 mg za naro\u010danje boste na\u0161li tukaj!","breadcrumb":{"@id":"https:\/\/medicinasinc.com\/sl\/product\/kupi-dilaudid-8-mg\/#breadcrumb"},"inLanguage":"en-US","potentialAction":[{"@type":"ReadAction","target":["https:\/\/medicinasinc.com\/sl\/product\/kupi-dilaudid-8-mg\/"]}]},{"@type":"ImageObject","inLanguage":"en-US","@id":"https:\/\/medicinasinc.com\/sl\/product\/kupi-dilaudid-8-mg\/#primaryimage","url":"https:\/\/medicinasinc.com\/sl\/wp-content\/uploads\/sites\/7\/2022\/02\/Dilaudid-8-mg.jpg","contentUrl":"https:\/\/medicinasinc.com\/sl\/wp-content\/uploads\/sites\/7\/2022\/02\/Dilaudid-8-mg.jpg","width":300,"height":300},{"@type":"BreadcrumbList","@id":"https:\/\/medicinasinc.com\/sl\/product\/kupi-dilaudid-8-mg\/#breadcrumb","itemListElement":[{"@type":"ListItem","position":1,"name":"Nakupujte","item":"https:\/\/medicinasinc.com\/sl\/nakupujte\/"},{"@type":"ListItem","position":2,"name":"Kupite Dilaudid 8 mg"}]},{"@type":"WebSite","@id":"https:\/\/medicinasinc.com\/sl\/#website","url":"https:\/\/medicinasinc.com\/sl\/","name":"Medicinas Inc","description":"Health Medical Clinic","potentialAction":[{"@type":"SearchAction","target":{"@type":"EntryPoint","urlTemplate":"https:\/\/medicinasinc.com\/sl\/?s={search_term_string}"},"query-input":{"@type":"PropertyValueSpecification","valueRequired":true,"valueName":"search_term_string"}}],"inLanguage":"en-US"}]}},"_links":{"self":[{"href":"https:\/\/medicinasinc.com\/sl\/wp-json\/wp\/v2\/product\/5881","targetHints":{"allow":["GET"]}}],"collection":[{"href":"https:\/\/medicinasinc.com\/sl\/wp-json\/wp\/v2\/product"}],"about":[{"href":"https:\/\/medicinasinc.com\/sl\/wp-json\/wp\/v2\/types\/product"}],"replies":[{"embeddable":true,"href":"https:\/\/medicinasinc.com\/sl\/wp-json\/wp\/v2\/comments?post=5881"}],"wp:featuredmedia":[{"embeddable":true,"href":"https:\/\/medicinasinc.com\/sl\/wp-json\/wp\/v2\/media\/5909"}],"wp:attachment":[{"href":"https:\/\/medicinasinc.com\/sl\/wp-json\/wp\/v2\/media?parent=5881"}],"wp:term":[{"taxonomy":"product_brand","embeddable":true,"href":"https:\/\/medicinasinc.com\/sl\/wp-json\/wp\/v2\/product_brand?post=5881"},{"taxonomy":"product_cat","embeddable":true,"href":"https:\/\/medicinasinc.com\/sl\/wp-json\/wp\/v2\/product_cat?post=5881"},{"taxonomy":"product_tag","embeddable":true,"href":"https:\/\/medicinasinc.com\/sl\/wp-json\/wp\/v2\/product_tag?post=5881"}],"curies":[{"name":"wp","href":"https:\/\/api.w.org\/{rel}","templated":true}]}}