{"id":5875,"date":"2022-02-22T07:46:55","date_gmt":"2022-02-22T07:46:55","guid":{"rendered":"https:\/\/medicinasinc.com\/sl\/?post_type=product&#038;p=5875"},"modified":"2022-03-19T00:14:23","modified_gmt":"2022-03-19T00:14:23","slug":"kupi-gama-butirolakton","status":"publish","type":"product","link":"https:\/\/medicinasinc.com\/sl\/product\/kupi-gama-butirolakton\/","title":{"rendered":"Kupite gama-butirolakton"},"content":{"rendered":"<p>Gama-butirolakton (-butirolakton ali GBL) je bela higroskopna teko\u010dina z rahlim zna\u010dilnim vonjem, ki je topna v vodi. GBL je topilo in reagent, ki se pogosto uporablja v kemiji, pa tudi sredstvo za aromo, \u010distilno topilo, odstranjevalec super lepila in topilo v nekaterih mokrih aluminijastih elektrolitskih kondenzatorjih.<\/p>\n<p>Nakup gama-butirolaktona (GBL) 1,0 mg\/ml v referen\u010dnih standardih za acetonitril, pridobljenih iz GHB in podobnih spojin. Nakupljiv na spletu<\/p>\n<p>Gama butirolakton za prodajo na spletu, gbl (gama-butirolakton) za prodajo, gama butirolakton za prodajo v Zdru\u017eenem kraljestvu, gama butirolakton \u010distilo za prodajo<\/p>\n<p>Deluje kot predhodnik GHB pri ljudeh in se uporablja kot rekreacijsko opojno sredstvo z u\u010dinki, primerljivimi z alkoholom.<\/p>\n<p>GBL je bil odkrit v izvle\u010dkih iz vzorcev \u010distega vina. Ta raziskava ka\u017ee, da se GBL naravno pojavlja v nekaterih vinih in je lahko prisoten v primerljivih izdelkih. Odkrita koncentracija je bila okoli 5 g\/mL, kar je bilo preprosto dolo\u010deno s preprostim ekstrakcijskim pristopom, ki mu je sledila analiza GC\/MS.<\/p>\n<p>GBL je mogo\u010de zaznati v aromah sira, vendar ima kon\u010dni \u017eivilski izdelek obi\u010dajno manj kot 0,0002 odstotka GBL.<\/p>\n<p>GBL je razvr\u0161\u010den kot lakton. Hidrolizira se v natrijev gama-hidroksibutirat, natrijevo sol gama-hidroksimaslene kisline, pod bazi\u010dnimi pogoji, na primer v raztopini natrijevega hidroksida. Ustvari ravnote\u017eno kombinacijo obeh kemikalij v kislih okoli\u0161\u010dinah. Po tem se lahko te kemikalije zdru\u017eijo v polimer. Kadar se uporablja nenukleofilna baza, kot je litijev diizopropilamid,<\/p>\n<p>GBL lahko deluje kot alfa-ogljikov nukleofil. Kaprolakton, podobno kemikalijo, se lahko uporabi na ta na\u010din za ustvarjanje poliestra.<\/p>\n<p>GBL sam po sebi ni aktivna snov; njegov mehanizem delovanja izhaja iz njegovega statusa predzdravila GHB. Hipnoti\u010dni u\u010dinek GHB se okrepi v kombinaciji z alkoholom. V \u0161tudiji na podganah iz leta 2003 je bilo ugotovljeno, da ima GBL mo\u010dan hipnoti\u010dni u\u010dinek v kombinaciji z etanolom, saj je bil ukrep \u010dasa spanja dalj\u0161i od vsote dveh neodvisnih komponent.<\/p>\n","protected":false},"excerpt":{"rendered":"<p>Gama-butirolakton lahko kupite pri dobaviteljih, ki jim zaupamo, in s temi dobavitelji sodelujemo, da bi omogo\u010dili dostop do nakupa gama-butirolaktona za prodajo v Zdru\u017eenem kraljestvu, Evropi<\/p>\n<p>Vsi pirolidoni so sintetizirani z uporabo GBL kot kemi\u010dnega posrednika . Uporablja se lahko za izdelavo insekticidov, herbicidov in regulatorjev rasti za rastline.<\/p>\n","protected":false},"featured_media":5885,"comment_status":"open","ping_status":"closed","template":"","meta":[],"product_brand":[],"product_cat":[2014],"product_tag":[4031,4032,4033,4035,4034,4036,4037],"class_list":{"0":"post-5875","1":"product","2":"type-product","3":"status-publish","4":"has-post-thumbnail","6":"product_cat-nakup-raziskave-kemikalije","7":"product_tag-buy-gamma-butyrolactone-online","8":"product_tag-gamma-butyrolactone-for-sale","9":"product_tag-kako-kupiti-gama-butirolakton-na-spletu","10":"product_tag-nakup-gama-butirolakton-online","11":"product_tag-order-gamma-butyrolactone-online","12":"product_tag-the-best-place-to-buy-gamma-butyrolactone-online","13":"product_tag-where-to-buy-gamma-butyrolactone-online","15":"first","16":"instock","17":"featured","18":"shipping-taxable","19":"purchasable","20":"product-type-variable"},"yoast_head":"<!-- This site is optimized with the Yoast SEO plugin v27.3 - https:\/\/yoast.com\/product\/yoast-seo-wordpress\/ -->\n<title>Kupite gama-butirolakton - najbolj\u0161a najbolj\u0161a zdravila na svetu<\/title>\n<meta name=\"description\" content=\"Gama-butirolakton lahko kupite pri dobaviteljih, ki jim zaupamo, in sodelujemo s temi dobavitelji, da bi omogo\u010dili dostop do nakupa gama-butirolaktona za prodajo v Zdru\u017eenem kraljestvu, Evropi\" \/>\n<meta name=\"robots\" content=\"index, follow, max-snippet:-1, max-image-preview:large, max-video-preview:-1\" \/>\n<link rel=\"canonical\" href=\"https:\/\/medicinasinc.com\/sl\/product\/kupi-gama-butirolakton\/\" \/>\n<meta property=\"og:locale\" content=\"en_US\" \/>\n<meta property=\"og:type\" content=\"article\" \/>\n<meta property=\"og:title\" content=\"Kupite gama-butirolakton - najbolj\u0161a najbolj\u0161a zdravila na svetu\" \/>\n<meta property=\"og:description\" content=\"Gama-butirolakton lahko kupite pri dobaviteljih, ki jim zaupamo, in sodelujemo s temi dobavitelji, da bi omogo\u010dili dostop do nakupa gama-butirolaktona za prodajo v Zdru\u017eenem kraljestvu, Evropi\" \/>\n<meta property=\"og:url\" content=\"https:\/\/medicinasinc.com\/sl\/product\/kupi-gama-butirolakton\/\" \/>\n<meta property=\"og:site_name\" content=\"Medicinas Inc\" \/>\n<meta property=\"article:modified_time\" content=\"2022-03-19T00:14:23+00:00\" \/>\n<meta property=\"og:image\" content=\"https:\/\/medicinasinc.com\/sl\/wp-content\/uploads\/sites\/7\/2022\/02\/Buy-Gamma-Butyrolactone.jpg\" \/>\n\t<meta property=\"og:image:width\" content=\"500\" \/>\n\t<meta property=\"og:image:height\" content=\"500\" \/>\n\t<meta property=\"og:image:type\" content=\"image\/jpeg\" \/>\n<meta name=\"twitter:card\" content=\"summary_large_image\" \/>\n<meta name=\"twitter:label1\" content=\"Est. reading time\" \/>\n\t<meta name=\"twitter:data1\" content=\"2 minutes\" \/>\n<script type=\"application\/ld+json\" class=\"yoast-schema-graph\">{\"@context\":\"https:\\\/\\\/schema.org\",\"@graph\":[{\"@type\":\"WebPage\",\"@id\":\"https:\\\/\\\/medicinasinc.com\\\/sl\\\/product\\\/kupi-gama-butirolakton\\\/\",\"url\":\"https:\\\/\\\/medicinasinc.com\\\/sl\\\/product\\\/kupi-gama-butirolakton\\\/\",\"name\":\"Kupite gama-butirolakton - najbolj\u0161a najbolj\u0161a zdravila na svetu\",\"isPartOf\":{\"@id\":\"https:\\\/\\\/medicinasinc.com\\\/sl\\\/#website\"},\"primaryImageOfPage\":{\"@id\":\"https:\\\/\\\/medicinasinc.com\\\/sl\\\/product\\\/kupi-gama-butirolakton\\\/#primaryimage\"},\"image\":{\"@id\":\"https:\\\/\\\/medicinasinc.com\\\/sl\\\/product\\\/kupi-gama-butirolakton\\\/#primaryimage\"},\"thumbnailUrl\":\"https:\\\/\\\/medicinasinc.com\\\/sl\\\/wp-content\\\/uploads\\\/sites\\\/7\\\/2022\\\/02\\\/Buy-Gamma-Butyrolactone.jpg\",\"datePublished\":\"2022-02-22T07:46:55+00:00\",\"dateModified\":\"2022-03-19T00:14:23+00:00\",\"description\":\"Gama-butirolakton lahko kupite pri dobaviteljih, ki jim zaupamo, in sodelujemo s temi dobavitelji, da bi omogo\u010dili dostop do nakupa gama-butirolaktona za prodajo v Zdru\u017eenem kraljestvu, Evropi\",\"breadcrumb\":{\"@id\":\"https:\\\/\\\/medicinasinc.com\\\/sl\\\/product\\\/kupi-gama-butirolakton\\\/#breadcrumb\"},\"inLanguage\":\"en-US\",\"potentialAction\":[{\"@type\":\"ReadAction\",\"target\":[\"https:\\\/\\\/medicinasinc.com\\\/sl\\\/product\\\/kupi-gama-butirolakton\\\/\"]}]},{\"@type\":\"ImageObject\",\"inLanguage\":\"en-US\",\"@id\":\"https:\\\/\\\/medicinasinc.com\\\/sl\\\/product\\\/kupi-gama-butirolakton\\\/#primaryimage\",\"url\":\"https:\\\/\\\/medicinasinc.com\\\/sl\\\/wp-content\\\/uploads\\\/sites\\\/7\\\/2022\\\/02\\\/Buy-Gamma-Butyrolactone.jpg\",\"contentUrl\":\"https:\\\/\\\/medicinasinc.com\\\/sl\\\/wp-content\\\/uploads\\\/sites\\\/7\\\/2022\\\/02\\\/Buy-Gamma-Butyrolactone.jpg\",\"width\":500,\"height\":500},{\"@type\":\"BreadcrumbList\",\"@id\":\"https:\\\/\\\/medicinasinc.com\\\/sl\\\/product\\\/kupi-gama-butirolakton\\\/#breadcrumb\",\"itemListElement\":[{\"@type\":\"ListItem\",\"position\":1,\"name\":\"Nakupujte\",\"item\":\"https:\\\/\\\/medicinasinc.com\\\/sl\\\/nakupujte\\\/\"},{\"@type\":\"ListItem\",\"position\":2,\"name\":\"Kupite gama-butirolakton\"}]},{\"@type\":\"WebSite\",\"@id\":\"https:\\\/\\\/medicinasinc.com\\\/sl\\\/#website\",\"url\":\"https:\\\/\\\/medicinasinc.com\\\/sl\\\/\",\"name\":\"Medicinas Inc\",\"description\":\"Health Medical Clinic\",\"potentialAction\":[{\"@type\":\"SearchAction\",\"target\":{\"@type\":\"EntryPoint\",\"urlTemplate\":\"https:\\\/\\\/medicinasinc.com\\\/sl\\\/?s={search_term_string}\"},\"query-input\":{\"@type\":\"PropertyValueSpecification\",\"valueRequired\":true,\"valueName\":\"search_term_string\"}}],\"inLanguage\":\"en-US\"}]}<\/script>\n<!-- \/ Yoast SEO plugin. -->","yoast_head_json":{"title":"Kupite gama-butirolakton - najbolj\u0161a najbolj\u0161a zdravila na svetu","description":"Gama-butirolakton lahko kupite pri dobaviteljih, ki jim zaupamo, in sodelujemo s temi dobavitelji, da bi omogo\u010dili dostop do nakupa gama-butirolaktona za prodajo v Zdru\u017eenem kraljestvu, Evropi","robots":{"index":"index","follow":"follow","max-snippet":"max-snippet:-1","max-image-preview":"max-image-preview:large","max-video-preview":"max-video-preview:-1"},"canonical":"https:\/\/medicinasinc.com\/sl\/product\/kupi-gama-butirolakton\/","og_locale":"en_US","og_type":"article","og_title":"Kupite gama-butirolakton - najbolj\u0161a najbolj\u0161a zdravila na svetu","og_description":"Gama-butirolakton lahko kupite pri dobaviteljih, ki jim zaupamo, in sodelujemo s temi dobavitelji, da bi omogo\u010dili dostop do nakupa gama-butirolaktona za prodajo v Zdru\u017eenem kraljestvu, Evropi","og_url":"https:\/\/medicinasinc.com\/sl\/product\/kupi-gama-butirolakton\/","og_site_name":"Medicinas Inc","article_modified_time":"2022-03-19T00:14:23+00:00","og_image":[{"width":500,"height":500,"url":"https:\/\/medicinasinc.com\/sl\/wp-content\/uploads\/sites\/7\/2022\/02\/Buy-Gamma-Butyrolactone.jpg","type":"image\/jpeg"}],"twitter_card":"summary_large_image","twitter_misc":{"Est. reading time":"2 minutes"},"schema":{"@context":"https:\/\/schema.org","@graph":[{"@type":"WebPage","@id":"https:\/\/medicinasinc.com\/sl\/product\/kupi-gama-butirolakton\/","url":"https:\/\/medicinasinc.com\/sl\/product\/kupi-gama-butirolakton\/","name":"Kupite gama-butirolakton - najbolj\u0161a najbolj\u0161a zdravila na svetu","isPartOf":{"@id":"https:\/\/medicinasinc.com\/sl\/#website"},"primaryImageOfPage":{"@id":"https:\/\/medicinasinc.com\/sl\/product\/kupi-gama-butirolakton\/#primaryimage"},"image":{"@id":"https:\/\/medicinasinc.com\/sl\/product\/kupi-gama-butirolakton\/#primaryimage"},"thumbnailUrl":"https:\/\/medicinasinc.com\/sl\/wp-content\/uploads\/sites\/7\/2022\/02\/Buy-Gamma-Butyrolactone.jpg","datePublished":"2022-02-22T07:46:55+00:00","dateModified":"2022-03-19T00:14:23+00:00","description":"Gama-butirolakton lahko kupite pri dobaviteljih, ki jim zaupamo, in sodelujemo s temi dobavitelji, da bi omogo\u010dili dostop do nakupa gama-butirolaktona za prodajo v Zdru\u017eenem kraljestvu, Evropi","breadcrumb":{"@id":"https:\/\/medicinasinc.com\/sl\/product\/kupi-gama-butirolakton\/#breadcrumb"},"inLanguage":"en-US","potentialAction":[{"@type":"ReadAction","target":["https:\/\/medicinasinc.com\/sl\/product\/kupi-gama-butirolakton\/"]}]},{"@type":"ImageObject","inLanguage":"en-US","@id":"https:\/\/medicinasinc.com\/sl\/product\/kupi-gama-butirolakton\/#primaryimage","url":"https:\/\/medicinasinc.com\/sl\/wp-content\/uploads\/sites\/7\/2022\/02\/Buy-Gamma-Butyrolactone.jpg","contentUrl":"https:\/\/medicinasinc.com\/sl\/wp-content\/uploads\/sites\/7\/2022\/02\/Buy-Gamma-Butyrolactone.jpg","width":500,"height":500},{"@type":"BreadcrumbList","@id":"https:\/\/medicinasinc.com\/sl\/product\/kupi-gama-butirolakton\/#breadcrumb","itemListElement":[{"@type":"ListItem","position":1,"name":"Nakupujte","item":"https:\/\/medicinasinc.com\/sl\/nakupujte\/"},{"@type":"ListItem","position":2,"name":"Kupite gama-butirolakton"}]},{"@type":"WebSite","@id":"https:\/\/medicinasinc.com\/sl\/#website","url":"https:\/\/medicinasinc.com\/sl\/","name":"Medicinas Inc","description":"Health Medical Clinic","potentialAction":[{"@type":"SearchAction","target":{"@type":"EntryPoint","urlTemplate":"https:\/\/medicinasinc.com\/sl\/?s={search_term_string}"},"query-input":{"@type":"PropertyValueSpecification","valueRequired":true,"valueName":"search_term_string"}}],"inLanguage":"en-US"}]}},"_links":{"self":[{"href":"https:\/\/medicinasinc.com\/sl\/wp-json\/wp\/v2\/product\/5875","targetHints":{"allow":["GET"]}}],"collection":[{"href":"https:\/\/medicinasinc.com\/sl\/wp-json\/wp\/v2\/product"}],"about":[{"href":"https:\/\/medicinasinc.com\/sl\/wp-json\/wp\/v2\/types\/product"}],"replies":[{"embeddable":true,"href":"https:\/\/medicinasinc.com\/sl\/wp-json\/wp\/v2\/comments?post=5875"}],"wp:featuredmedia":[{"embeddable":true,"href":"https:\/\/medicinasinc.com\/sl\/wp-json\/wp\/v2\/media\/5885"}],"wp:attachment":[{"href":"https:\/\/medicinasinc.com\/sl\/wp-json\/wp\/v2\/media?parent=5875"}],"wp:term":[{"taxonomy":"product_brand","embeddable":true,"href":"https:\/\/medicinasinc.com\/sl\/wp-json\/wp\/v2\/product_brand?post=5875"},{"taxonomy":"product_cat","embeddable":true,"href":"https:\/\/medicinasinc.com\/sl\/wp-json\/wp\/v2\/product_cat?post=5875"},{"taxonomy":"product_tag","embeddable":true,"href":"https:\/\/medicinasinc.com\/sl\/wp-json\/wp\/v2\/product_tag?post=5875"}],"curies":[{"name":"wp","href":"https:\/\/api.w.org\/{rel}","templated":true}]}}