{"id":5870,"date":"2022-02-22T07:42:43","date_gmt":"2022-02-22T07:42:43","guid":{"rendered":"https:\/\/medicinasinc.com\/sl\/?post_type=product&#038;p=5870"},"modified":"2022-03-19T00:14:39","modified_gmt":"2022-03-19T00:14:39","slug":"kupi-3-cmc-kristal","status":"publish","type":"product","link":"https:\/\/medicinasinc.com\/sl\/product\/kupi-3-cmc-kristal\/","title":{"rendered":"Kupite 3-cmc kristal"},"content":{"rendered":"<p>Kupite 3-CMC CRYSTAL, kupite 3 CMC CRYSTAL, kupite 3 CMC CRYSTAL, kupite 3-CMC CRYSTAL<\/p>\n<p>KRISTAL 3-CMC, zdaj je na voljo toliko katinonov, kar dokazuje nit v katerem so uporabniki pregledali svoje izku\u0161nje z vsem, kar so poskusili. Ne da bi se spu\u0161\u010dal v poglobitev o vsakem od njih, tukaj je moja uvrstitev:<br \/> bk-MDMA (metilon) &gt; bk-MBDB (butilon) &gt; 4-MEC &gt; MABP (Buphedrone)<\/p>\n<p>Edina, ki bi ju kdaj znova imel v lasti, sta zloglasna mefedron in metilon, oba pa sta bila v zadnjih letih bolj ali manj prepovedana po vsem svetu.<\/p>\n<p>Pridobil sem sem. ta razvrstitev od nekoga, ki dobro pozna ta razred RC-jev, kar se mi je zdelo zanimivo:<\/p>\n<p>KRISTALNA OBLIKA 3-CMC, 4-MMC &gt; bk-MDMA &gt; 4-CMC &gt; 3-CMC &gt; 3-MMC &gt; 5-metil-etilon &gt; Butilon &gt; Etilon<br \/> Ta &#8220;klefedron&#8221; (4-CMC), ki ni imel velikega vpliva na trg RC, se zdi lepa stvar. In, AFAIK, ni posebej na\u010drtovano na ve\u010dini lokacij. Vendar pa je varnostni profil ve\u010dinoma neznan in mnogi se bojijo, saj je znano, da je analog amfetamina, 4-CA, izjemno nevrotoksi\u010den.<\/p>\n<p>Edine, za katere bi \u0161e kdaj pomislil, da bi jih imel, so, da jih imam \u0161e enkrat. zloglasni mefedron in metilon, oba pa sta bila v zadnjih letih bolj ali manj prepovedana po vsem svetu.<br \/> To uvrstitev sem pridobil od nekoga, ki dobro pozna ta razred RC, kar se mi je zdelo zanimivo:<\/p>\n<p>KRISTALNA OBLIKA 3-CMC, 4-MMC &gt; bk-MDMA &gt; 4-CMC &gt; 3-CMC &gt; 3-MMC &gt; 5-metil-etilon &gt; Butilon &gt; Etilon<br \/> Ta &#8220;klefedron&#8221; (4-CMC), ki ni imel velikega vpliva na trg RC, se zdi lepa stvar. In, AFAIK, ni posebej na\u010drtovano na ve\u010dini lokacij. Vendar je varnostni profil ve\u010dinoma neznan in mnogi se bojijo, saj je znano, da je analog amfetamina, 4-CA, izjemno nevrotoksi\u010den.<\/p>\n","protected":false},"excerpt":{"rendered":"<p>Kupite 3-CMC CRYSTAL Powder za prodajo v Veliki Britaniji, Evropi v na\u0161i spletni trgovini bestglobalmeds.com s hitro dostavo po vsem svetu! Najbolj\u0161i 3-CMC CRYSTAL za naro\u010danje boste na\u0161li tukaj!<\/p>\n<p>bk-MDMA &gt; 4-CMC &gt; 3-CMC &gt; 3-MMC &gt; 5-metil-etilon &gt; Butilon &gt; Etilon<br \/> Po poro\u010dilih naj bi ta &#8220;Klepedron&#8221; (4-CMC), ki \u0161e ni bil mo\u010dno prisoten na trgu RC, je pravzaprav precej dober. In, AFAIK, v ve\u010dini krajev ni posebej na\u010drtovano. \u010ceprav je varnostni profil ve\u010dinoma neznan,<\/p>\n","protected":false},"featured_media":5880,"comment_status":"open","ping_status":"closed","template":"","meta":[],"product_brand":[],"product_cat":[2014],"product_tag":[4024,4026,4028,4025,4027,4029,4030],"class_list":{"0":"post-5870","1":"product","2":"type-product","3":"status-publish","4":"has-post-thumbnail","6":"product_cat-nakup-raziskave-kemikalije","7":"product_tag-3-cmc-kristal-na-prodaj","8":"product_tag-kako-kupiti-3-cmc-kristal-na-spletu","9":"product_tag-nakup-3-cmc-kristal-na-spletu","10":"product_tag-buy-3-cmc-crystal-online","11":"product_tag-order-3-cmc-crystal-online","12":"product_tag-the-best-place-to-buy-3-cmc-crystal-online","13":"product_tag-where-to-buy-3-cmc-crystal-online","15":"first","16":"instock","17":"featured","18":"shipping-taxable","19":"purchasable","20":"product-type-variable"},"yoast_head":"<!-- This site is optimized with the Yoast SEO plugin v27.3 - https:\/\/yoast.com\/product\/yoast-seo-wordpress\/ -->\n<title>Kupite 3-cmc kristal - Beat Best Global Meds<\/title>\n<meta name=\"description\" content=\"Kupite 3-CMC CRYSTAL Powder za prodajo v Veliki Britaniji, Evropi v na\u0161i spletni trgovini bestglobalmeds.com s hitro dostavo po vsem svetu! Najbolj\u0161i 3-CMC CRYSTAL za naro\u010danje boste na\u0161li tukaj!\" \/>\n<meta name=\"robots\" content=\"index, follow, max-snippet:-1, max-image-preview:large, max-video-preview:-1\" \/>\n<link rel=\"canonical\" href=\"https:\/\/medicinasinc.com\/sl\/product\/kupi-3-cmc-kristal\/\" \/>\n<meta property=\"og:locale\" content=\"en_US\" \/>\n<meta property=\"og:type\" content=\"article\" \/>\n<meta property=\"og:title\" content=\"Kupite 3-cmc kristal - Beat Best Global Meds\" \/>\n<meta property=\"og:description\" content=\"Kupite 3-CMC CRYSTAL Powder za prodajo v Veliki Britaniji, Evropi v na\u0161i spletni trgovini bestglobalmeds.com s hitro dostavo po vsem svetu! Najbolj\u0161i 3-CMC CRYSTAL za naro\u010danje boste na\u0161li tukaj!\" \/>\n<meta property=\"og:url\" content=\"https:\/\/medicinasinc.com\/sl\/product\/kupi-3-cmc-kristal\/\" \/>\n<meta property=\"og:site_name\" content=\"Medicinas Inc\" \/>\n<meta property=\"article:modified_time\" content=\"2022-03-19T00:14:39+00:00\" \/>\n<meta property=\"og:image\" content=\"https:\/\/medicinasinc.com\/sl\/wp-content\/uploads\/sites\/7\/2022\/02\/Buy-3-CMC-CRYSTAL.jpg\" \/>\n\t<meta property=\"og:image:width\" content=\"720\" \/>\n\t<meta property=\"og:image:height\" content=\"600\" \/>\n\t<meta property=\"og:image:type\" content=\"image\/jpeg\" \/>\n<meta name=\"twitter:card\" content=\"summary_large_image\" \/>\n<meta name=\"twitter:label1\" content=\"Est. reading time\" \/>\n\t<meta name=\"twitter:data1\" content=\"2 minutes\" \/>\n<script type=\"application\/ld+json\" class=\"yoast-schema-graph\">{\"@context\":\"https:\\\/\\\/schema.org\",\"@graph\":[{\"@type\":\"WebPage\",\"@id\":\"https:\\\/\\\/medicinasinc.com\\\/sl\\\/product\\\/kupi-3-cmc-kristal\\\/\",\"url\":\"https:\\\/\\\/medicinasinc.com\\\/sl\\\/product\\\/kupi-3-cmc-kristal\\\/\",\"name\":\"Kupite 3-cmc kristal - Beat Best Global Meds\",\"isPartOf\":{\"@id\":\"https:\\\/\\\/medicinasinc.com\\\/sl\\\/#website\"},\"primaryImageOfPage\":{\"@id\":\"https:\\\/\\\/medicinasinc.com\\\/sl\\\/product\\\/kupi-3-cmc-kristal\\\/#primaryimage\"},\"image\":{\"@id\":\"https:\\\/\\\/medicinasinc.com\\\/sl\\\/product\\\/kupi-3-cmc-kristal\\\/#primaryimage\"},\"thumbnailUrl\":\"https:\\\/\\\/medicinasinc.com\\\/sl\\\/wp-content\\\/uploads\\\/sites\\\/7\\\/2022\\\/02\\\/Buy-3-CMC-CRYSTAL.jpg\",\"datePublished\":\"2022-02-22T07:42:43+00:00\",\"dateModified\":\"2022-03-19T00:14:39+00:00\",\"description\":\"Kupite 3-CMC CRYSTAL Powder za prodajo v Veliki Britaniji, Evropi v na\u0161i spletni trgovini bestglobalmeds.com s hitro dostavo po vsem svetu! Najbolj\u0161i 3-CMC CRYSTAL za naro\u010danje boste na\u0161li tukaj!\",\"breadcrumb\":{\"@id\":\"https:\\\/\\\/medicinasinc.com\\\/sl\\\/product\\\/kupi-3-cmc-kristal\\\/#breadcrumb\"},\"inLanguage\":\"en-US\",\"potentialAction\":[{\"@type\":\"ReadAction\",\"target\":[\"https:\\\/\\\/medicinasinc.com\\\/sl\\\/product\\\/kupi-3-cmc-kristal\\\/\"]}]},{\"@type\":\"ImageObject\",\"inLanguage\":\"en-US\",\"@id\":\"https:\\\/\\\/medicinasinc.com\\\/sl\\\/product\\\/kupi-3-cmc-kristal\\\/#primaryimage\",\"url\":\"https:\\\/\\\/medicinasinc.com\\\/sl\\\/wp-content\\\/uploads\\\/sites\\\/7\\\/2022\\\/02\\\/Buy-3-CMC-CRYSTAL.jpg\",\"contentUrl\":\"https:\\\/\\\/medicinasinc.com\\\/sl\\\/wp-content\\\/uploads\\\/sites\\\/7\\\/2022\\\/02\\\/Buy-3-CMC-CRYSTAL.jpg\",\"width\":720,\"height\":600},{\"@type\":\"BreadcrumbList\",\"@id\":\"https:\\\/\\\/medicinasinc.com\\\/sl\\\/product\\\/kupi-3-cmc-kristal\\\/#breadcrumb\",\"itemListElement\":[{\"@type\":\"ListItem\",\"position\":1,\"name\":\"Nakupujte\",\"item\":\"https:\\\/\\\/medicinasinc.com\\\/sl\\\/nakupujte\\\/\"},{\"@type\":\"ListItem\",\"position\":2,\"name\":\"Kupite 3-cmc kristal\"}]},{\"@type\":\"WebSite\",\"@id\":\"https:\\\/\\\/medicinasinc.com\\\/sl\\\/#website\",\"url\":\"https:\\\/\\\/medicinasinc.com\\\/sl\\\/\",\"name\":\"Medicinas Inc\",\"description\":\"Health Medical Clinic\",\"potentialAction\":[{\"@type\":\"SearchAction\",\"target\":{\"@type\":\"EntryPoint\",\"urlTemplate\":\"https:\\\/\\\/medicinasinc.com\\\/sl\\\/?s={search_term_string}\"},\"query-input\":{\"@type\":\"PropertyValueSpecification\",\"valueRequired\":true,\"valueName\":\"search_term_string\"}}],\"inLanguage\":\"en-US\"}]}<\/script>\n<!-- \/ Yoast SEO plugin. -->","yoast_head_json":{"title":"Kupite 3-cmc kristal - Beat Best Global Meds","description":"Kupite 3-CMC CRYSTAL Powder za prodajo v Veliki Britaniji, Evropi v na\u0161i spletni trgovini bestglobalmeds.com s hitro dostavo po vsem svetu! Najbolj\u0161i 3-CMC CRYSTAL za naro\u010danje boste na\u0161li tukaj!","robots":{"index":"index","follow":"follow","max-snippet":"max-snippet:-1","max-image-preview":"max-image-preview:large","max-video-preview":"max-video-preview:-1"},"canonical":"https:\/\/medicinasinc.com\/sl\/product\/kupi-3-cmc-kristal\/","og_locale":"en_US","og_type":"article","og_title":"Kupite 3-cmc kristal - Beat Best Global Meds","og_description":"Kupite 3-CMC CRYSTAL Powder za prodajo v Veliki Britaniji, Evropi v na\u0161i spletni trgovini bestglobalmeds.com s hitro dostavo po vsem svetu! Najbolj\u0161i 3-CMC CRYSTAL za naro\u010danje boste na\u0161li tukaj!","og_url":"https:\/\/medicinasinc.com\/sl\/product\/kupi-3-cmc-kristal\/","og_site_name":"Medicinas Inc","article_modified_time":"2022-03-19T00:14:39+00:00","og_image":[{"width":720,"height":600,"url":"https:\/\/medicinasinc.com\/sl\/wp-content\/uploads\/sites\/7\/2022\/02\/Buy-3-CMC-CRYSTAL.jpg","type":"image\/jpeg"}],"twitter_card":"summary_large_image","twitter_misc":{"Est. reading time":"2 minutes"},"schema":{"@context":"https:\/\/schema.org","@graph":[{"@type":"WebPage","@id":"https:\/\/medicinasinc.com\/sl\/product\/kupi-3-cmc-kristal\/","url":"https:\/\/medicinasinc.com\/sl\/product\/kupi-3-cmc-kristal\/","name":"Kupite 3-cmc kristal - Beat Best Global Meds","isPartOf":{"@id":"https:\/\/medicinasinc.com\/sl\/#website"},"primaryImageOfPage":{"@id":"https:\/\/medicinasinc.com\/sl\/product\/kupi-3-cmc-kristal\/#primaryimage"},"image":{"@id":"https:\/\/medicinasinc.com\/sl\/product\/kupi-3-cmc-kristal\/#primaryimage"},"thumbnailUrl":"https:\/\/medicinasinc.com\/sl\/wp-content\/uploads\/sites\/7\/2022\/02\/Buy-3-CMC-CRYSTAL.jpg","datePublished":"2022-02-22T07:42:43+00:00","dateModified":"2022-03-19T00:14:39+00:00","description":"Kupite 3-CMC CRYSTAL Powder za prodajo v Veliki Britaniji, Evropi v na\u0161i spletni trgovini bestglobalmeds.com s hitro dostavo po vsem svetu! Najbolj\u0161i 3-CMC CRYSTAL za naro\u010danje boste na\u0161li tukaj!","breadcrumb":{"@id":"https:\/\/medicinasinc.com\/sl\/product\/kupi-3-cmc-kristal\/#breadcrumb"},"inLanguage":"en-US","potentialAction":[{"@type":"ReadAction","target":["https:\/\/medicinasinc.com\/sl\/product\/kupi-3-cmc-kristal\/"]}]},{"@type":"ImageObject","inLanguage":"en-US","@id":"https:\/\/medicinasinc.com\/sl\/product\/kupi-3-cmc-kristal\/#primaryimage","url":"https:\/\/medicinasinc.com\/sl\/wp-content\/uploads\/sites\/7\/2022\/02\/Buy-3-CMC-CRYSTAL.jpg","contentUrl":"https:\/\/medicinasinc.com\/sl\/wp-content\/uploads\/sites\/7\/2022\/02\/Buy-3-CMC-CRYSTAL.jpg","width":720,"height":600},{"@type":"BreadcrumbList","@id":"https:\/\/medicinasinc.com\/sl\/product\/kupi-3-cmc-kristal\/#breadcrumb","itemListElement":[{"@type":"ListItem","position":1,"name":"Nakupujte","item":"https:\/\/medicinasinc.com\/sl\/nakupujte\/"},{"@type":"ListItem","position":2,"name":"Kupite 3-cmc kristal"}]},{"@type":"WebSite","@id":"https:\/\/medicinasinc.com\/sl\/#website","url":"https:\/\/medicinasinc.com\/sl\/","name":"Medicinas Inc","description":"Health Medical Clinic","potentialAction":[{"@type":"SearchAction","target":{"@type":"EntryPoint","urlTemplate":"https:\/\/medicinasinc.com\/sl\/?s={search_term_string}"},"query-input":{"@type":"PropertyValueSpecification","valueRequired":true,"valueName":"search_term_string"}}],"inLanguage":"en-US"}]}},"_links":{"self":[{"href":"https:\/\/medicinasinc.com\/sl\/wp-json\/wp\/v2\/product\/5870","targetHints":{"allow":["GET"]}}],"collection":[{"href":"https:\/\/medicinasinc.com\/sl\/wp-json\/wp\/v2\/product"}],"about":[{"href":"https:\/\/medicinasinc.com\/sl\/wp-json\/wp\/v2\/types\/product"}],"replies":[{"embeddable":true,"href":"https:\/\/medicinasinc.com\/sl\/wp-json\/wp\/v2\/comments?post=5870"}],"wp:featuredmedia":[{"embeddable":true,"href":"https:\/\/medicinasinc.com\/sl\/wp-json\/wp\/v2\/media\/5880"}],"wp:attachment":[{"href":"https:\/\/medicinasinc.com\/sl\/wp-json\/wp\/v2\/media?parent=5870"}],"wp:term":[{"taxonomy":"product_brand","embeddable":true,"href":"https:\/\/medicinasinc.com\/sl\/wp-json\/wp\/v2\/product_brand?post=5870"},{"taxonomy":"product_cat","embeddable":true,"href":"https:\/\/medicinasinc.com\/sl\/wp-json\/wp\/v2\/product_cat?post=5870"},{"taxonomy":"product_tag","embeddable":true,"href":"https:\/\/medicinasinc.com\/sl\/wp-json\/wp\/v2\/product_tag?post=5870"}],"curies":[{"name":"wp","href":"https:\/\/api.w.org\/{rel}","templated":true}]}}