{"id":5863,"date":"2022-02-22T07:36:01","date_gmt":"2022-02-22T07:36:01","guid":{"rendered":"https:\/\/medicinasinc.com\/sl\/?post_type=product&#038;p=5863"},"modified":"2022-03-19T00:14:48","modified_gmt":"2022-03-19T00:14:48","slug":"kupi-gama-hidroksibutirat-ghb-prasek","status":"publish","type":"product","link":"https:\/\/medicinasinc.com\/sl\/product\/kupi-gama-hidroksibutirat-ghb-prasek\/","title":{"rendered":"Kupite gama hidroksibutirat (GHB) v prahu"},"content":{"rendered":"<p>Spletni nakup GHB v prahu<\/p>\n<p>Nakup GHB v prahu prek spleta. GHB je sinteti\u010dni anestetik. Na voljo je v obliki prozorne teko\u010dine ali prahu in ima rahlo slan okus. Ker je mo\u010d razli\u010dna, ne obstaja &#8216;varen odmerek&#8217;. GBL (gama-butirolakton) in 1,4-butandiol sta komercialno na voljo kot alternativa GHB. Ti so zakonito na voljo kot \u010distilna topila in ob zau\u017eitju se naravno pretvorijo v GHB.<\/p>\n<p>Gama butirolakton se uporablja za izbolj\u0161anje atletske uspe\u0161nosti, kakovosti spanja ter spolne zmogljivosti in u\u017eitka. Poleg tega ga uporabljajo za zdravljenje depresije in stresa, za podalj\u0161anje \u017eivljenja, za spodbujanje jasnega razmi\u0161ljanja, za spro\u0161\u010danje in spro\u0161\u010danje rastnega hormona. Poleg tega se GBL uporablja za zmanj\u0161anje telesne ma\u0161\u010dobe in kot gradnik telesa ali mi\u0161ic. Nekateri posamezniki ga uporabljajo rekreativno.<\/p>\n<p>GHB ali GBL Chemicals for Research<\/p>\n<p>(nadomestna imena: gamahidroksibutirat, teko\u010di ekstazi, teko\u010di X, gamahidroksibutirat)<\/p>\n<p>Obi\u010dajno GHB je na voljo v majhnih vialah kot bistra teko\u010dina z nekoliko gostej\u0161o konsistenco kot voda.<br \/> Odmerki se dajejo v majhnih koli\u010dinah, imenovanih &#8220;pokrov\u010dki&#8221; ali &#8220;zama\u0161ki G.&#8221;<br \/> \u010ceprav ga je mogo\u010de zau\u017eiti cel, obi\u010dajno ga razred\u010dimo v vodi ali soku in spijemo.<br \/> GHB nima vonja in nima opaznega okusa.<br \/> GBL ima blag slan, kemi\u010dni okus in vonj, ki ga je mogo\u010de zlahka prikriti, \u010de ga pome\u0161amo z drugimi teko\u010dinami . GBL je mo\u010dnej\u0161a razli\u010dica zdravila.<br \/> Omejite se na izjemno nizke odmerke GHB. Je precej mo\u010dan in mo\u010d se lahko mo\u010dno razlikuje med serijami, tudi med izku\u0161enimi uporabniki. Med odmerki je priporo\u010dljivo po\u010dakati. Nekateri viri priporo\u010dajo, da med odmerki po\u010dakate do dve uri, da se izognete Ging Out.<\/p>\n<p>U\u010dinki GHB<\/p>\n<p>U\u010dinki se za\u010dnejo pribli\u017eno dvajset minut po zau\u017eitju in lahko trajajo do \u0161tiri ure.<br \/> Manj\u0161e, bla\u017eje koli\u010dine povzro\u010dijo sprostitev in umirjenost.<br \/> \u010ce zau\u017eijete ve\u010dje koli\u010dine, boste morda imeli zaspanost, omotico in zmedenost. Poleg tega lahko do\u017eivite slabost, bruhanje in mi\u0161i\u010dne kr\u010de.<br \/> Lahko povzro\u010dijo kr\u010de, izgubo zavesti, komo in te\u017eave z dihanjem<br \/> Mo\u017enost pove\u010danja mi\u0161i\u010dne rasti pri bodybuilderjih<\/p>\n<p>Seks z GHB<\/p>\n<p>Podobno kot alkohol zmanj\u0161uje zavore, hkrati pa pove\u010duje samozavest in dru\u017eabnost.<br \/> Pove\u010dana taktilna ob\u010dutljivost in ob\u010dutljivost na dra\u017eljaje<br \/> Nekateri mo\u0161ki imajo mo\u010dnej\u0161o erekcijo.<br \/> Orgazmi, ki so precej intenziven, \u010deprav je to odvisno od odmerka<br \/> Prese\u017eek GHB lahko povzro\u010di utrujenost in izgine med seksom.<br \/> GHB se imenuje zdravilo za &#8220;posilstvo na zmenku&#8221;, ker pove\u010da va\u0161o pripravljenost za spolno sodelovanje dejavnosti in zmanj\u0161a va\u0161o sposobnost vzpostavitve in uveljavljanja spolnih meja. \u0160e posebej pomembno je, da potrdite soglasje s partnerji, ki so na G. Ohranjajte stik med seksom. Spolni stik z nekom, ki je nezavesten, se lahko razlaga kot spolni napad.<\/p>\n","protected":false},"excerpt":{"rendered":"<p>Kupite gama-hidroksibutiri\u010dni\u00a0GHB prah za prodajo\u00a0v Zdru\u017eenem kraljestvu, Evropi, na Japonskem, v ZAE, na Kitajskem, v Aziji od najbolj\u0161ega veleprodajnega dobavitelja GHB, zagotavljamo diskretno dostavo po vsem svetu<\/p>\n","protected":false},"featured_media":5873,"comment_status":"open","ping_status":"closed","template":"","meta":[],"product_brand":[],"product_cat":[2014],"product_tag":[4019,4015,4016,4021,4017,4020,4018,4022,4014,4023],"class_list":{"0":"post-5863","1":"product","2":"type-product","3":"status-publish","4":"has-post-thumbnail","6":"product_cat-nakup-raziskave-kemikalije","7":"product_tag-antidepresiv-gama-hidroksibutirine-kisline","8":"product_tag-buy-ghb","9":"product_tag-buy-ghb-online","10":"product_tag-cena-gama-hidroksimaslene-kisline","11":"product_tag-droga","12":"product_tag-gama-hidroksimaslena-kislina-bodybuilding","13":"product_tag-gama-hidroksibutirina-kislina-in-rastni-hormon","14":"product_tag-ghb-na-prodaj","15":"product_tag-kupite-gama-hidroksibutirat-online","16":"product_tag-buy-ghb-powder","18":"first","19":"instock","20":"shipping-taxable","21":"purchasable","22":"product-type-variable"},"yoast_head":"<!-- This site is optimized with the Yoast SEO plugin v27.3 - https:\/\/yoast.com\/product\/yoast-seo-wordpress\/ -->\n<title>Kupite gama hidroksibutirat (GHB) v prahu - najbolj\u0161a najbolj\u0161a zdravila na svetu<\/title>\n<meta name=\"description\" content=\"Kupite Gama-Hydroxybutyric\u00a0GHB v prahu za prodajo\u00a0v Zdru\u017eenem kraljestvu, Evropi, na Japonskem, ZAE, Kitajskem, v Aziji od najbolj\u0161ega veleprodajnega dobavitelja GHB, zagotavljamo diskretno dostavo po vsem svetu\" \/>\n<meta name=\"robots\" content=\"index, follow, max-snippet:-1, max-image-preview:large, max-video-preview:-1\" \/>\n<link rel=\"canonical\" href=\"https:\/\/medicinasinc.com\/sl\/product\/kupi-gama-hidroksibutirat-ghb-prasek\/\" \/>\n<meta property=\"og:locale\" content=\"en_US\" \/>\n<meta property=\"og:type\" content=\"article\" \/>\n<meta property=\"og:title\" content=\"Kupite gama hidroksibutirat (GHB) v prahu - najbolj\u0161a najbolj\u0161a zdravila na svetu\" \/>\n<meta property=\"og:description\" content=\"Kupite Gama-Hydroxybutyric\u00a0GHB v prahu za prodajo\u00a0v Zdru\u017eenem kraljestvu, Evropi, na Japonskem, ZAE, Kitajskem, v Aziji od najbolj\u0161ega veleprodajnega dobavitelja GHB, zagotavljamo diskretno dostavo po vsem svetu\" \/>\n<meta property=\"og:url\" content=\"https:\/\/medicinasinc.com\/sl\/product\/kupi-gama-hidroksibutirat-ghb-prasek\/\" \/>\n<meta property=\"og:site_name\" content=\"Medicinas Inc\" \/>\n<meta property=\"article:modified_time\" content=\"2022-03-19T00:14:48+00:00\" \/>\n<meta property=\"og:image\" content=\"https:\/\/medicinasinc.com\/sl\/wp-content\/uploads\/sites\/7\/2022\/02\/buy-GHB-powder-1.jpg\" \/>\n\t<meta property=\"og:image:width\" content=\"612\" \/>\n\t<meta property=\"og:image:height\" content=\"408\" \/>\n\t<meta property=\"og:image:type\" content=\"image\/jpeg\" \/>\n<meta name=\"twitter:card\" content=\"summary_large_image\" \/>\n<meta name=\"twitter:label1\" content=\"Est. reading time\" \/>\n\t<meta name=\"twitter:data1\" content=\"2 minutes\" \/>\n<script type=\"application\/ld+json\" class=\"yoast-schema-graph\">{\"@context\":\"https:\\\/\\\/schema.org\",\"@graph\":[{\"@type\":\"WebPage\",\"@id\":\"https:\\\/\\\/medicinasinc.com\\\/sl\\\/product\\\/kupi-gama-hidroksibutirat-ghb-prasek\\\/\",\"url\":\"https:\\\/\\\/medicinasinc.com\\\/sl\\\/product\\\/kupi-gama-hidroksibutirat-ghb-prasek\\\/\",\"name\":\"Kupite gama hidroksibutirat (GHB) v prahu - najbolj\u0161a najbolj\u0161a zdravila na svetu\",\"isPartOf\":{\"@id\":\"https:\\\/\\\/medicinasinc.com\\\/sl\\\/#website\"},\"primaryImageOfPage\":{\"@id\":\"https:\\\/\\\/medicinasinc.com\\\/sl\\\/product\\\/kupi-gama-hidroksibutirat-ghb-prasek\\\/#primaryimage\"},\"image\":{\"@id\":\"https:\\\/\\\/medicinasinc.com\\\/sl\\\/product\\\/kupi-gama-hidroksibutirat-ghb-prasek\\\/#primaryimage\"},\"thumbnailUrl\":\"https:\\\/\\\/medicinasinc.com\\\/sl\\\/wp-content\\\/uploads\\\/sites\\\/7\\\/2022\\\/02\\\/buy-GHB-powder-1.jpg\",\"datePublished\":\"2022-02-22T07:36:01+00:00\",\"dateModified\":\"2022-03-19T00:14:48+00:00\",\"description\":\"Kupite Gama-Hydroxybutyric\u00a0GHB v prahu za prodajo\u00a0v Zdru\u017eenem kraljestvu, Evropi, na Japonskem, ZAE, Kitajskem, v Aziji od najbolj\u0161ega veleprodajnega dobavitelja GHB, zagotavljamo diskretno dostavo po vsem svetu\",\"breadcrumb\":{\"@id\":\"https:\\\/\\\/medicinasinc.com\\\/sl\\\/product\\\/kupi-gama-hidroksibutirat-ghb-prasek\\\/#breadcrumb\"},\"inLanguage\":\"en-US\",\"potentialAction\":[{\"@type\":\"ReadAction\",\"target\":[\"https:\\\/\\\/medicinasinc.com\\\/sl\\\/product\\\/kupi-gama-hidroksibutirat-ghb-prasek\\\/\"]}]},{\"@type\":\"ImageObject\",\"inLanguage\":\"en-US\",\"@id\":\"https:\\\/\\\/medicinasinc.com\\\/sl\\\/product\\\/kupi-gama-hidroksibutirat-ghb-prasek\\\/#primaryimage\",\"url\":\"https:\\\/\\\/medicinasinc.com\\\/sl\\\/wp-content\\\/uploads\\\/sites\\\/7\\\/2022\\\/02\\\/buy-GHB-powder-1.jpg\",\"contentUrl\":\"https:\\\/\\\/medicinasinc.com\\\/sl\\\/wp-content\\\/uploads\\\/sites\\\/7\\\/2022\\\/02\\\/buy-GHB-powder-1.jpg\",\"width\":612,\"height\":408},{\"@type\":\"BreadcrumbList\",\"@id\":\"https:\\\/\\\/medicinasinc.com\\\/sl\\\/product\\\/kupi-gama-hidroksibutirat-ghb-prasek\\\/#breadcrumb\",\"itemListElement\":[{\"@type\":\"ListItem\",\"position\":1,\"name\":\"Nakupujte\",\"item\":\"https:\\\/\\\/medicinasinc.com\\\/sl\\\/nakupujte\\\/\"},{\"@type\":\"ListItem\",\"position\":2,\"name\":\"Kupite gama hidroksibutirat (GHB) v prahu\"}]},{\"@type\":\"WebSite\",\"@id\":\"https:\\\/\\\/medicinasinc.com\\\/sl\\\/#website\",\"url\":\"https:\\\/\\\/medicinasinc.com\\\/sl\\\/\",\"name\":\"Medicinas Inc\",\"description\":\"Health Medical Clinic\",\"potentialAction\":[{\"@type\":\"SearchAction\",\"target\":{\"@type\":\"EntryPoint\",\"urlTemplate\":\"https:\\\/\\\/medicinasinc.com\\\/sl\\\/?s={search_term_string}\"},\"query-input\":{\"@type\":\"PropertyValueSpecification\",\"valueRequired\":true,\"valueName\":\"search_term_string\"}}],\"inLanguage\":\"en-US\"}]}<\/script>\n<!-- \/ Yoast SEO plugin. -->","yoast_head_json":{"title":"Kupite gama hidroksibutirat (GHB) v prahu - najbolj\u0161a najbolj\u0161a zdravila na svetu","description":"Kupite Gama-Hydroxybutyric\u00a0GHB v prahu za prodajo\u00a0v Zdru\u017eenem kraljestvu, Evropi, na Japonskem, ZAE, Kitajskem, v Aziji od najbolj\u0161ega veleprodajnega dobavitelja GHB, zagotavljamo diskretno dostavo po vsem svetu","robots":{"index":"index","follow":"follow","max-snippet":"max-snippet:-1","max-image-preview":"max-image-preview:large","max-video-preview":"max-video-preview:-1"},"canonical":"https:\/\/medicinasinc.com\/sl\/product\/kupi-gama-hidroksibutirat-ghb-prasek\/","og_locale":"en_US","og_type":"article","og_title":"Kupite gama hidroksibutirat (GHB) v prahu - najbolj\u0161a najbolj\u0161a zdravila na svetu","og_description":"Kupite Gama-Hydroxybutyric\u00a0GHB v prahu za prodajo\u00a0v Zdru\u017eenem kraljestvu, Evropi, na Japonskem, ZAE, Kitajskem, v Aziji od najbolj\u0161ega veleprodajnega dobavitelja GHB, zagotavljamo diskretno dostavo po vsem svetu","og_url":"https:\/\/medicinasinc.com\/sl\/product\/kupi-gama-hidroksibutirat-ghb-prasek\/","og_site_name":"Medicinas Inc","article_modified_time":"2022-03-19T00:14:48+00:00","og_image":[{"width":612,"height":408,"url":"https:\/\/medicinasinc.com\/sl\/wp-content\/uploads\/sites\/7\/2022\/02\/buy-GHB-powder-1.jpg","type":"image\/jpeg"}],"twitter_card":"summary_large_image","twitter_misc":{"Est. reading time":"2 minutes"},"schema":{"@context":"https:\/\/schema.org","@graph":[{"@type":"WebPage","@id":"https:\/\/medicinasinc.com\/sl\/product\/kupi-gama-hidroksibutirat-ghb-prasek\/","url":"https:\/\/medicinasinc.com\/sl\/product\/kupi-gama-hidroksibutirat-ghb-prasek\/","name":"Kupite gama hidroksibutirat (GHB) v prahu - najbolj\u0161a najbolj\u0161a zdravila na svetu","isPartOf":{"@id":"https:\/\/medicinasinc.com\/sl\/#website"},"primaryImageOfPage":{"@id":"https:\/\/medicinasinc.com\/sl\/product\/kupi-gama-hidroksibutirat-ghb-prasek\/#primaryimage"},"image":{"@id":"https:\/\/medicinasinc.com\/sl\/product\/kupi-gama-hidroksibutirat-ghb-prasek\/#primaryimage"},"thumbnailUrl":"https:\/\/medicinasinc.com\/sl\/wp-content\/uploads\/sites\/7\/2022\/02\/buy-GHB-powder-1.jpg","datePublished":"2022-02-22T07:36:01+00:00","dateModified":"2022-03-19T00:14:48+00:00","description":"Kupite Gama-Hydroxybutyric\u00a0GHB v prahu za prodajo\u00a0v Zdru\u017eenem kraljestvu, Evropi, na Japonskem, ZAE, Kitajskem, v Aziji od najbolj\u0161ega veleprodajnega dobavitelja GHB, zagotavljamo diskretno dostavo po vsem svetu","breadcrumb":{"@id":"https:\/\/medicinasinc.com\/sl\/product\/kupi-gama-hidroksibutirat-ghb-prasek\/#breadcrumb"},"inLanguage":"en-US","potentialAction":[{"@type":"ReadAction","target":["https:\/\/medicinasinc.com\/sl\/product\/kupi-gama-hidroksibutirat-ghb-prasek\/"]}]},{"@type":"ImageObject","inLanguage":"en-US","@id":"https:\/\/medicinasinc.com\/sl\/product\/kupi-gama-hidroksibutirat-ghb-prasek\/#primaryimage","url":"https:\/\/medicinasinc.com\/sl\/wp-content\/uploads\/sites\/7\/2022\/02\/buy-GHB-powder-1.jpg","contentUrl":"https:\/\/medicinasinc.com\/sl\/wp-content\/uploads\/sites\/7\/2022\/02\/buy-GHB-powder-1.jpg","width":612,"height":408},{"@type":"BreadcrumbList","@id":"https:\/\/medicinasinc.com\/sl\/product\/kupi-gama-hidroksibutirat-ghb-prasek\/#breadcrumb","itemListElement":[{"@type":"ListItem","position":1,"name":"Nakupujte","item":"https:\/\/medicinasinc.com\/sl\/nakupujte\/"},{"@type":"ListItem","position":2,"name":"Kupite gama hidroksibutirat (GHB) v prahu"}]},{"@type":"WebSite","@id":"https:\/\/medicinasinc.com\/sl\/#website","url":"https:\/\/medicinasinc.com\/sl\/","name":"Medicinas Inc","description":"Health Medical Clinic","potentialAction":[{"@type":"SearchAction","target":{"@type":"EntryPoint","urlTemplate":"https:\/\/medicinasinc.com\/sl\/?s={search_term_string}"},"query-input":{"@type":"PropertyValueSpecification","valueRequired":true,"valueName":"search_term_string"}}],"inLanguage":"en-US"}]}},"_links":{"self":[{"href":"https:\/\/medicinasinc.com\/sl\/wp-json\/wp\/v2\/product\/5863","targetHints":{"allow":["GET"]}}],"collection":[{"href":"https:\/\/medicinasinc.com\/sl\/wp-json\/wp\/v2\/product"}],"about":[{"href":"https:\/\/medicinasinc.com\/sl\/wp-json\/wp\/v2\/types\/product"}],"replies":[{"embeddable":true,"href":"https:\/\/medicinasinc.com\/sl\/wp-json\/wp\/v2\/comments?post=5863"}],"wp:featuredmedia":[{"embeddable":true,"href":"https:\/\/medicinasinc.com\/sl\/wp-json\/wp\/v2\/media\/5873"}],"wp:attachment":[{"href":"https:\/\/medicinasinc.com\/sl\/wp-json\/wp\/v2\/media?parent=5863"}],"wp:term":[{"taxonomy":"product_brand","embeddable":true,"href":"https:\/\/medicinasinc.com\/sl\/wp-json\/wp\/v2\/product_brand?post=5863"},{"taxonomy":"product_cat","embeddable":true,"href":"https:\/\/medicinasinc.com\/sl\/wp-json\/wp\/v2\/product_cat?post=5863"},{"taxonomy":"product_tag","embeddable":true,"href":"https:\/\/medicinasinc.com\/sl\/wp-json\/wp\/v2\/product_tag?post=5863"}],"curies":[{"name":"wp","href":"https:\/\/api.w.org\/{rel}","templated":true}]}}