{"id":5858,"date":"2022-02-22T07:31:17","date_gmt":"2022-02-22T07:31:17","guid":{"rendered":"https:\/\/medicinasinc.com\/sl\/?post_type=product&#038;p=5858"},"modified":"2022-03-19T00:15:01","modified_gmt":"2022-03-19T00:15:01","slug":"kupi-gama-hidroksibutirat-ghb-tekocina","status":"publish","type":"product","link":"https:\/\/medicinasinc.com\/sl\/product\/kupi-gama-hidroksibutirat-ghb-tekocina\/","title":{"rendered":"Kupite teko\u010dino gama hidroksibutirat (GHB)."},"content":{"rendered":"<p>Gama-hidroksibutiri\u010dni GHB za prodajo v Zdru\u017eenem kraljestvu, Evropi, na Japonskem, v Zdru\u017eenih arabskih emiratih, na Kitajskem in v Aziji iz najbolj\u0161ega veleprodajnega vira GHB. Obljubljamo diskretno mednarodno po\u0161iljanje.<\/p>\n<p>-Hidroksibutirna kislina (GHB), znana tudi kot 4-hidroksibutanojska kislina, je naravni nevrotransmiter in halucinogena snov. Na dolo\u010denih mo\u017eganskih lokacijah deluje kot predhodnik GABA, glutamata in glicina. Je skromen agonist receptorja GABAB in deluje na receptor GHB. GHB se uporablja kot splo\u0161ni anestetik in kot zdravljenje katapleksije, narkolepsije in alkoholizma v medicinskem okolju. Poleg tega se nezakonito uporablja kot opojno sredstvo, sredstvo za izbolj\u0161anje u\u010dinkovitosti, droga proti posilstvu in rekreacijska snov.<\/p>\n<p>Pogosto se uporablja kot sol v obliki natrijevega hidroksibutirata (NaGHB, natrij). oksibat ali Xyrem) ali kalijev hidroksibutirat (KGHB, kalijev oksibat). GHB nastaja tudi med fermentacijo in ga v sledovih najdemo v razli\u010dnih pivih in vinih, pa tudi v govedini in drobnih citrusih.<\/p>\n<p>GHB se v medicini uporablja za zdravljenje narkolepsije in redkeje alkoholizma, \u010deprav njegova u\u010dinkovitost v primerjavi z drugimi farmakoterapevtskimi zdravili za alkoholizem ostaja neznana.<\/p>\n<p>Ob\u010dasno se uporablja za zdravljenje fibromialgije.<\/p>\n<p>Natrijev oksibat je zdravilo na recept, ki vsebuje aktivno komponento GHB. (Xyrem). Ameri\u0161ka agencija za hrano in zdravila je odobrila natrijev oksibat za zdravljenje katapleksije, povezane z narkolepsijo, in prekomerne dnevne zaspanosti (EDS), povezane z narkolepsijo.<\/p>\n<p>V modificiranih testih ve\u010dkratne latence spanja je bilo ugotovljeno, da GHB zanesljivo pove\u010duje dinamiko spanja. po\u010dasnega spanca in zmanj\u0161a nagnjenost k REM spanju.<\/p>\n<p>Ozna\u010devanje natrijevega oksibata, ki ga je odobrila FDA, ka\u017ee, da ni dokazov, da je GHB rakotvoren, teratogen ali hepatotoksi\u010den. Njegov bolj\u0161i varnostni profil kot etanol lahko pojasni, zakaj se GHB \u0161e vedno raziskuje] kot mo\u017een nadomestek za alkohol.<\/p>\n","protected":false},"excerpt":{"rendered":"<p>Kupite teko\u010dino Gama-Hydroxybutyric GHB za prodajo v Zdru\u017eenem kraljestvu, Evropi, Japonskem, ZAE, Kitajskem, Aziji od najbolj\u0161ega veleprodajnega dobavitelja GHB, zagotavljamo diskretno dostavo po vsem svetu<\/p>\n<p>Najmanj\u0161a koli\u010dina\u00a0 200 ml<\/p>\n","protected":false},"featured_media":5868,"comment_status":"open","ping_status":"closed","template":"","meta":[],"product_brand":[],"product_cat":[2014],"product_tag":[4019,4015,4016,4021,4017,4020,4018,4022,4014],"class_list":{"0":"post-5858","1":"product","2":"type-product","3":"status-publish","4":"has-post-thumbnail","6":"product_cat-nakup-raziskave-kemikalije","7":"product_tag-antidepresiv-gama-hidroksibutirine-kisline","8":"product_tag-buy-ghb","9":"product_tag-buy-ghb-online","10":"product_tag-cena-gama-hidroksimaslene-kisline","11":"product_tag-droga","12":"product_tag-gama-hidroksimaslena-kislina-bodybuilding","13":"product_tag-gama-hidroksibutirina-kislina-in-rastni-hormon","14":"product_tag-ghb-na-prodaj","15":"product_tag-kupite-gama-hidroksibutirat-online","17":"first","18":"instock","19":"shipping-taxable","20":"purchasable","21":"product-type-variable"},"yoast_head":"<!-- This site is optimized with the Yoast SEO plugin v27.3 - https:\/\/yoast.com\/product\/yoast-seo-wordpress\/ -->\n<title>Kupite gama hidroksibutirat (GHB) - najbolj\u0161a najbolj\u0161a zdravila na svetu<\/title>\n<meta name=\"description\" content=\"Kupite teko\u010dino Gama-Hydroxybutyric GHB za prodajo v Zdru\u017eenem kraljestvu, Evropi, Japonskem, ZAE, Kitajskem, Aziji od najbolj\u0161ega veleprodajnega dobavitelja GHB, zagotavljamo diskretno dostavo po vsem svetu\" \/>\n<meta name=\"robots\" content=\"index, follow, max-snippet:-1, max-image-preview:large, max-video-preview:-1\" \/>\n<link rel=\"canonical\" href=\"https:\/\/medicinasinc.com\/sl\/product\/kupi-gama-hidroksibutirat-ghb-tekocina\/\" \/>\n<meta property=\"og:locale\" content=\"en_US\" \/>\n<meta property=\"og:type\" content=\"article\" \/>\n<meta property=\"og:title\" content=\"Kupite gama hidroksibutirat (GHB) - najbolj\u0161a najbolj\u0161a zdravila na svetu\" \/>\n<meta property=\"og:description\" content=\"Kupite teko\u010dino Gama-Hydroxybutyric GHB za prodajo v Zdru\u017eenem kraljestvu, Evropi, Japonskem, ZAE, Kitajskem, Aziji od najbolj\u0161ega veleprodajnega dobavitelja GHB, zagotavljamo diskretno dostavo po vsem svetu\" \/>\n<meta property=\"og:url\" content=\"https:\/\/medicinasinc.com\/sl\/product\/kupi-gama-hidroksibutirat-ghb-tekocina\/\" \/>\n<meta property=\"og:site_name\" content=\"Medicinas Inc\" \/>\n<meta property=\"article:modified_time\" content=\"2022-03-19T00:15:01+00:00\" \/>\n<meta property=\"og:image\" content=\"https:\/\/medicinasinc.com\/sl\/wp-content\/uploads\/sites\/7\/2022\/02\/Buy-gamma-hydroxybutyrate.jpg\" \/>\n\t<meta property=\"og:image:width\" content=\"600\" \/>\n\t<meta property=\"og:image:height\" content=\"450\" \/>\n\t<meta property=\"og:image:type\" content=\"image\/jpeg\" \/>\n<meta name=\"twitter:card\" content=\"summary_large_image\" \/>\n<meta name=\"twitter:label1\" content=\"Est. reading time\" \/>\n\t<meta name=\"twitter:data1\" content=\"2 minutes\" \/>\n<script type=\"application\/ld+json\" class=\"yoast-schema-graph\">{\"@context\":\"https:\\\/\\\/schema.org\",\"@graph\":[{\"@type\":\"WebPage\",\"@id\":\"https:\\\/\\\/medicinasinc.com\\\/sl\\\/product\\\/kupi-gama-hidroksibutirat-ghb-tekocina\\\/\",\"url\":\"https:\\\/\\\/medicinasinc.com\\\/sl\\\/product\\\/kupi-gama-hidroksibutirat-ghb-tekocina\\\/\",\"name\":\"Kupite gama hidroksibutirat (GHB) - najbolj\u0161a najbolj\u0161a zdravila na svetu\",\"isPartOf\":{\"@id\":\"https:\\\/\\\/medicinasinc.com\\\/sl\\\/#website\"},\"primaryImageOfPage\":{\"@id\":\"https:\\\/\\\/medicinasinc.com\\\/sl\\\/product\\\/kupi-gama-hidroksibutirat-ghb-tekocina\\\/#primaryimage\"},\"image\":{\"@id\":\"https:\\\/\\\/medicinasinc.com\\\/sl\\\/product\\\/kupi-gama-hidroksibutirat-ghb-tekocina\\\/#primaryimage\"},\"thumbnailUrl\":\"https:\\\/\\\/medicinasinc.com\\\/sl\\\/wp-content\\\/uploads\\\/sites\\\/7\\\/2022\\\/02\\\/Buy-gamma-hydroxybutyrate.jpg\",\"datePublished\":\"2022-02-22T07:31:17+00:00\",\"dateModified\":\"2022-03-19T00:15:01+00:00\",\"description\":\"Kupite teko\u010dino Gama-Hydroxybutyric GHB za prodajo v Zdru\u017eenem kraljestvu, Evropi, Japonskem, ZAE, Kitajskem, Aziji od najbolj\u0161ega veleprodajnega dobavitelja GHB, zagotavljamo diskretno dostavo po vsem svetu\",\"breadcrumb\":{\"@id\":\"https:\\\/\\\/medicinasinc.com\\\/sl\\\/product\\\/kupi-gama-hidroksibutirat-ghb-tekocina\\\/#breadcrumb\"},\"inLanguage\":\"en-US\",\"potentialAction\":[{\"@type\":\"ReadAction\",\"target\":[\"https:\\\/\\\/medicinasinc.com\\\/sl\\\/product\\\/kupi-gama-hidroksibutirat-ghb-tekocina\\\/\"]}]},{\"@type\":\"ImageObject\",\"inLanguage\":\"en-US\",\"@id\":\"https:\\\/\\\/medicinasinc.com\\\/sl\\\/product\\\/kupi-gama-hidroksibutirat-ghb-tekocina\\\/#primaryimage\",\"url\":\"https:\\\/\\\/medicinasinc.com\\\/sl\\\/wp-content\\\/uploads\\\/sites\\\/7\\\/2022\\\/02\\\/Buy-gamma-hydroxybutyrate.jpg\",\"contentUrl\":\"https:\\\/\\\/medicinasinc.com\\\/sl\\\/wp-content\\\/uploads\\\/sites\\\/7\\\/2022\\\/02\\\/Buy-gamma-hydroxybutyrate.jpg\",\"width\":600,\"height\":450},{\"@type\":\"BreadcrumbList\",\"@id\":\"https:\\\/\\\/medicinasinc.com\\\/sl\\\/product\\\/kupi-gama-hidroksibutirat-ghb-tekocina\\\/#breadcrumb\",\"itemListElement\":[{\"@type\":\"ListItem\",\"position\":1,\"name\":\"Nakupujte\",\"item\":\"https:\\\/\\\/medicinasinc.com\\\/sl\\\/nakupujte\\\/\"},{\"@type\":\"ListItem\",\"position\":2,\"name\":\"Kupite teko\u010dino gama hidroksibutirat (GHB).\"}]},{\"@type\":\"WebSite\",\"@id\":\"https:\\\/\\\/medicinasinc.com\\\/sl\\\/#website\",\"url\":\"https:\\\/\\\/medicinasinc.com\\\/sl\\\/\",\"name\":\"Medicinas Inc\",\"description\":\"Health Medical Clinic\",\"potentialAction\":[{\"@type\":\"SearchAction\",\"target\":{\"@type\":\"EntryPoint\",\"urlTemplate\":\"https:\\\/\\\/medicinasinc.com\\\/sl\\\/?s={search_term_string}\"},\"query-input\":{\"@type\":\"PropertyValueSpecification\",\"valueRequired\":true,\"valueName\":\"search_term_string\"}}],\"inLanguage\":\"en-US\"}]}<\/script>\n<!-- \/ Yoast SEO plugin. -->","yoast_head_json":{"title":"Kupite gama hidroksibutirat (GHB) - najbolj\u0161a najbolj\u0161a zdravila na svetu","description":"Kupite teko\u010dino Gama-Hydroxybutyric GHB za prodajo v Zdru\u017eenem kraljestvu, Evropi, Japonskem, ZAE, Kitajskem, Aziji od najbolj\u0161ega veleprodajnega dobavitelja GHB, zagotavljamo diskretno dostavo po vsem svetu","robots":{"index":"index","follow":"follow","max-snippet":"max-snippet:-1","max-image-preview":"max-image-preview:large","max-video-preview":"max-video-preview:-1"},"canonical":"https:\/\/medicinasinc.com\/sl\/product\/kupi-gama-hidroksibutirat-ghb-tekocina\/","og_locale":"en_US","og_type":"article","og_title":"Kupite gama hidroksibutirat (GHB) - najbolj\u0161a najbolj\u0161a zdravila na svetu","og_description":"Kupite teko\u010dino Gama-Hydroxybutyric GHB za prodajo v Zdru\u017eenem kraljestvu, Evropi, Japonskem, ZAE, Kitajskem, Aziji od najbolj\u0161ega veleprodajnega dobavitelja GHB, zagotavljamo diskretno dostavo po vsem svetu","og_url":"https:\/\/medicinasinc.com\/sl\/product\/kupi-gama-hidroksibutirat-ghb-tekocina\/","og_site_name":"Medicinas Inc","article_modified_time":"2022-03-19T00:15:01+00:00","og_image":[{"width":600,"height":450,"url":"https:\/\/medicinasinc.com\/sl\/wp-content\/uploads\/sites\/7\/2022\/02\/Buy-gamma-hydroxybutyrate.jpg","type":"image\/jpeg"}],"twitter_card":"summary_large_image","twitter_misc":{"Est. reading time":"2 minutes"},"schema":{"@context":"https:\/\/schema.org","@graph":[{"@type":"WebPage","@id":"https:\/\/medicinasinc.com\/sl\/product\/kupi-gama-hidroksibutirat-ghb-tekocina\/","url":"https:\/\/medicinasinc.com\/sl\/product\/kupi-gama-hidroksibutirat-ghb-tekocina\/","name":"Kupite gama hidroksibutirat (GHB) - najbolj\u0161a najbolj\u0161a zdravila na svetu","isPartOf":{"@id":"https:\/\/medicinasinc.com\/sl\/#website"},"primaryImageOfPage":{"@id":"https:\/\/medicinasinc.com\/sl\/product\/kupi-gama-hidroksibutirat-ghb-tekocina\/#primaryimage"},"image":{"@id":"https:\/\/medicinasinc.com\/sl\/product\/kupi-gama-hidroksibutirat-ghb-tekocina\/#primaryimage"},"thumbnailUrl":"https:\/\/medicinasinc.com\/sl\/wp-content\/uploads\/sites\/7\/2022\/02\/Buy-gamma-hydroxybutyrate.jpg","datePublished":"2022-02-22T07:31:17+00:00","dateModified":"2022-03-19T00:15:01+00:00","description":"Kupite teko\u010dino Gama-Hydroxybutyric GHB za prodajo v Zdru\u017eenem kraljestvu, Evropi, Japonskem, ZAE, Kitajskem, Aziji od najbolj\u0161ega veleprodajnega dobavitelja GHB, zagotavljamo diskretno dostavo po vsem svetu","breadcrumb":{"@id":"https:\/\/medicinasinc.com\/sl\/product\/kupi-gama-hidroksibutirat-ghb-tekocina\/#breadcrumb"},"inLanguage":"en-US","potentialAction":[{"@type":"ReadAction","target":["https:\/\/medicinasinc.com\/sl\/product\/kupi-gama-hidroksibutirat-ghb-tekocina\/"]}]},{"@type":"ImageObject","inLanguage":"en-US","@id":"https:\/\/medicinasinc.com\/sl\/product\/kupi-gama-hidroksibutirat-ghb-tekocina\/#primaryimage","url":"https:\/\/medicinasinc.com\/sl\/wp-content\/uploads\/sites\/7\/2022\/02\/Buy-gamma-hydroxybutyrate.jpg","contentUrl":"https:\/\/medicinasinc.com\/sl\/wp-content\/uploads\/sites\/7\/2022\/02\/Buy-gamma-hydroxybutyrate.jpg","width":600,"height":450},{"@type":"BreadcrumbList","@id":"https:\/\/medicinasinc.com\/sl\/product\/kupi-gama-hidroksibutirat-ghb-tekocina\/#breadcrumb","itemListElement":[{"@type":"ListItem","position":1,"name":"Nakupujte","item":"https:\/\/medicinasinc.com\/sl\/nakupujte\/"},{"@type":"ListItem","position":2,"name":"Kupite teko\u010dino gama hidroksibutirat (GHB)."}]},{"@type":"WebSite","@id":"https:\/\/medicinasinc.com\/sl\/#website","url":"https:\/\/medicinasinc.com\/sl\/","name":"Medicinas Inc","description":"Health Medical Clinic","potentialAction":[{"@type":"SearchAction","target":{"@type":"EntryPoint","urlTemplate":"https:\/\/medicinasinc.com\/sl\/?s={search_term_string}"},"query-input":{"@type":"PropertyValueSpecification","valueRequired":true,"valueName":"search_term_string"}}],"inLanguage":"en-US"}]}},"_links":{"self":[{"href":"https:\/\/medicinasinc.com\/sl\/wp-json\/wp\/v2\/product\/5858","targetHints":{"allow":["GET"]}}],"collection":[{"href":"https:\/\/medicinasinc.com\/sl\/wp-json\/wp\/v2\/product"}],"about":[{"href":"https:\/\/medicinasinc.com\/sl\/wp-json\/wp\/v2\/types\/product"}],"replies":[{"embeddable":true,"href":"https:\/\/medicinasinc.com\/sl\/wp-json\/wp\/v2\/comments?post=5858"}],"wp:featuredmedia":[{"embeddable":true,"href":"https:\/\/medicinasinc.com\/sl\/wp-json\/wp\/v2\/media\/5868"}],"wp:attachment":[{"href":"https:\/\/medicinasinc.com\/sl\/wp-json\/wp\/v2\/media?parent=5858"}],"wp:term":[{"taxonomy":"product_brand","embeddable":true,"href":"https:\/\/medicinasinc.com\/sl\/wp-json\/wp\/v2\/product_brand?post=5858"},{"taxonomy":"product_cat","embeddable":true,"href":"https:\/\/medicinasinc.com\/sl\/wp-json\/wp\/v2\/product_cat?post=5858"},{"taxonomy":"product_tag","embeddable":true,"href":"https:\/\/medicinasinc.com\/sl\/wp-json\/wp\/v2\/product_tag?post=5858"}],"curies":[{"name":"wp","href":"https:\/\/api.w.org\/{rel}","templated":true}]}}