{"id":5852,"date":"2022-02-22T07:25:44","date_gmt":"2022-02-22T07:25:44","guid":{"rendered":"https:\/\/medicinasinc.com\/sl\/?post_type=product&#038;p=5852"},"modified":"2022-03-19T00:15:13","modified_gmt":"2022-03-19T00:15:13","slug":"kupi-amfetamin-v-prahu","status":"publish","type":"product","link":"https:\/\/medicinasinc.com\/sl\/product\/kupi-amfetamin-v-prahu\/","title":{"rendered":"Kupite amfetamin v prahu"},"content":{"rendered":"<p>Amfetamin v prahu je mogo\u010de kupiti na spletu.<\/p>\n<p>Amfetamin v prahu na spletu v Zdru\u017eenem kraljestvu, Evropi in Evropski uniji, Amfetamin v prahu po po\u0161ti, Amfetamini so po\u017eivila, kar pomeni, da pospe\u0161ujejo prenos sporo\u010dil med mo\u017egani in telesom.<\/p>\n<p>Amfetamini so po\u017eivila, ki pospe\u0161ujejo prenos informacij med mo\u017egani in telesom.<\/p>\n<p>Morda vas bo zanimalo tudi ve\u010d o u\u010dinkih. in tveganja za zdravje, povezana z amfetaminom v prahu. Lahko se manifestira na enak na\u010din kot \u0161tevilna druga zdravila.<\/p>\n<p>Dolo\u010dene razrede amfetaminov zdravniki upravi\u010deno priporo\u010dajo za zdravljenje bolezni, kot sta motnja pomanjkanja pozornosti s hiperaktivnostjo (ADHD) in narkolepsija (ko oseba ima neobvladljivo \u017eeljo po spanju). Druge vrste amfetaminov, kot je speed, se nezakonito proizvajajo in prodajajo. Lo\u010den informativni list je posve\u010den mo\u010dnej\u0161i obliki metamfetamina, kristalnemu metamfetaminu (ledu).<\/p>\n<p>Amfetamini obstajajo v razli\u010dnih oblikah. Ta zdravila so na voljo v obliki pra\u0161ka, tablet, kristalov in kapsul. \u010ce se prodajajo nezakonito, so lahko pakirani v &#8216;folije&#8217; (aluminijasta folija), plasti\u010dne vre\u010dke ali miniaturne balone.<\/p>\n<p>Amfetamin v prahu je barve od bele do rjave in ob\u010dasno vsebuje sledove sive ali ro\u017enate barve. Ima oster vonj in grenak okus. Kapsule in tablete, ki vsebujejo amfetamine, se mo\u010dno razlikujejo po velikosti in barvi.<\/p>\n<p>Amfetamin \u2013 Nezakonito proizvedeni amfetamini lahko vsebujejo kombinacijo mamil, veziv, kofeina in sladkorja. Poleg tega se lahko dodajo nove psihoaktivne droge.<\/p>\n<p>Slengovski izrazi<\/p>\n<p>Speed, rapid, ascending, upers, louee, goey in whiz.<\/p>\n<p>Kaj namen imajo. slu\u017eijo?<\/p>\n<p>Na splo\u0161no se amfetamine zau\u017eijejo, vbrizgajo ali kadijo. Poleg tega se smrkajo.<\/p>\n<p>U\u010dinki amfetamina<\/p>\n<p>Amfetamini imajo razli\u010dne u\u010dinke na vsakega posameznika, odvisno od:<\/p>\n<p>Indeksa telesne mase, te\u017ee in zdravja <br \/> Ali ga je posameznik navajen jemati<br \/> Ali so\u010dasno jemlje \u0161e katera druga zdravila<br \/> Odvzeta vsota<br \/> U\u010dinkovitost zdravila (razlikuje se od serije do serije z nezakonito proizvedenimi drogami)<\/p>\n<p>Amfetamini za\u010dnejo delovati takoj (ne glede na to, ali so vbrizgani ali pokajeni) ali v 30 minutah (\u010de jih smrkate ali pogoltnete).<\/p>\n<p>Pojavijo se lahko naslednji u\u010dinki:<\/p>\n<p>Sre\u010da in samozavest. -zagotovitev<br \/> Ve\u010d govora in ob\u010dutek ve\u010d energije<br \/> Ponavljanje preprostih dejanj, kot sta srbenje in praskanje<br \/> U\u010denci so veliki in suha usta<br \/> Hitro bitje srca in dihanje<br \/> \u0160kripanje z zobmi <br \/> Zatiranje apetita<br \/> Prekomerno znojenje<br \/> Pove\u010dano spolno vzburjenje<br \/> Preveliko odmerjanje<\/p>\n<p>\u010ce zau\u017eijete veliko koli\u010dino ali posebej mo\u010dan odmerek, lahko povzro\u010di tudi preveliko odmerjanje. \u010ce se pojavi kateri od naslednjih simptomov, je treba nemudoma poklicati re\u0161ilca, tako da vnesete trojno ni\u010dlo (000). Re\u0161evalcem ni treba posvetovati s policijo.<\/p>\n<p>Ustreza hitremu sr\u010dnemu utripu<br \/> Mo\u017eganska kap, sr\u010dni infarkt in smrt<\/p>\n<p>Smrhani amfetamini lahko dra\u017eijo nosne poti in povzro\u010dijo krvavitve iz nosu.<\/p>\n<p>Injiciranje amfetaminov in souporaba igel lahko pove\u010da tveganje za oku\u017ebo z naslednjim:<\/p>\n<p>Virus hepatitis B<br \/> HIV\/AIDS Hepatitis C<br \/> Tetanus<br \/> Padajo\u010de<\/p>\n<p>Po uporabi amfetamina se lahko pojavijo naslednji u\u010dinki:<\/p>\n<p>Nespe\u010dnost in iz\u010drpanost<br \/> Glavoboli<br \/> Dezorientacija in zamegljen vid<br \/> Zmedenost, paranoja, in halucinacije<br \/> Razdra\u017eljivost, nihanje razpolo\u017eenja in depresija so vsi simptomi depresije.<\/p>\n<p>Uporaba depresivov, kot so alkohol, benzodiazepini ali konoplja za pomo\u010d pri procesu &#8216;spu\u0161\u010danja&#8217;, lahko kulminira v cikel odvisnosti od obeh vrst snovi.<\/p>\n<p>Dolgotrajne posledice<\/p>\n<p>Redna uporaba amfetaminov lahko s\u010dasoma povzro\u010di naslednje:<\/p>\n<p>Zatiranje apetita in hitro huj\u0161anje<br \/> Nespe\u010den spanec<br \/> Te\u017eave z zobmi in suha usta<br \/> Prehlad in gripa sta pogosti.<br \/> Te\u017eave s koncentracijo<br \/> Te\u017eave z dihanjem<br \/> Mi\u0161i\u010dna togost<br \/> Napadi panike in paranoja<br \/> Depresija<br \/> Te\u017eave s srcem in ledvicami<br \/> Tveganje za mo\u017egansko kap je pove\u010dano<br \/> Za dosego \u017eelenega u\u010dinka je treba ve\u010d uporabljati<br \/> Zasvojenost z amfetamini<br \/> Finan\u010dne, poklicne in socialne te\u017eave<br \/> Psihoza povzro\u010dajo amfetamini<\/p>\n<p>Poleg tega lahko visoki odmerki in ponavljajo\u010da se mo\u010dna uporaba povzro\u010dijo &#8220;amfetaminsko psihozo&#8221;, za katero so zna\u010dilne paranoidne blodnje, halucinacije in nenavadno agresivno ali nasilno vedenje. Ti simptomi pogosto izginejo v nekaj dneh po tem, ko posameznik preneha jemati amfetamine.<\/p>\n<p>Amfetamini v kombinaciji z drugimi zdravili<\/p>\n<p>Interakcije med amfetamini in drugimi snovmi, kot je prekomerno u\u017eivanje Zdravila na recept ali zdravila na recept so lahko nepredvidljiva in smrtonosna ter lahko povzro\u010dijo naslednje:<\/p>\n<p>Amfetamini in nekateri antidepresivi povzro\u010dajo hipertenzijo, kar lahko povzro\u010di nepravilen utrip, sr\u010dno popu\u0161\u010danje in mo\u017egansko kap.<\/p>\n<p>4<\/p>\n<p>Amfetamini, ki se uporabljajo z alkoholom, konopljo ali benzodiazepini, povzro\u010dajo izjemen stres, saj se posku\u0161a spopasti s protislovnimi u\u010dinki obeh zdravil, kar lahko povzro\u010di prevelik odmerek.<\/p>\n<p>Odtegnitev<\/p>\n<p>Opu\u0161\u010danje amfetaminov po dalj\u0161i uporabi je te\u017eko, saj se mora telo prilagoditi delovanju brez njih. Odtegnitveni simptomi bi morali izginiti v enem tednu in bi morali popolnoma izginiti po enem mesecu. Simptomi vklju\u010dujejo naslednje:<\/p>\n<p>Po\u017eelenje po amfetaminu<br \/> Stimulacija apetita<br \/> Zmedenost in razdra\u017eenost<br \/> Modrice in bole\u010dine<br \/> Iz\u010drpanost<br \/> Nespe\u010dnost in no\u010dne more<br \/> Afektivne motnje, kot so anksioznost, depresija in paranoja<\/p>\n","protected":false},"excerpt":{"rendered":"<p>Kupite amfetamin v prahu za prodajo v Zdru\u017eenem kraljestvu, Evropi poceni generi\u010dne tablete in tablete blagovnih znamk v Saporu. Amfetamin v prahu lahko kupite na spletu z uporabo Bitcoin (BTC)<\/p>\n<p>Amfetamin v prahu je mo\u010dan stimulans centralnega \u017eiv\u010dnega sistema sistem (nevroni mo\u017eganov in hrbtenja\u010de) in se uporablja v medicini za zdravljenje razli\u010dnih stanj. Poleg tega je izjemno zasvojenost in ima zgodovino zlorabe.<\/p>\n<p>Amfetamin v prahu je zdravilo na recept, ki se uporablja za zdravljenje hiperaktivne motnje pomanjkanja pozornosti (ADHD).<\/p>\n","protected":false},"featured_media":5862,"comment_status":"open","ping_status":"closed","template":"","meta":[],"product_brand":[],"product_cat":[703,2014],"product_tag":[4007,4009,4011,4010,4008,4012,4013],"class_list":{"0":"post-5852","1":"product","2":"type-product","3":"status-publish","4":"has-post-thumbnail","6":"product_cat-kupi-psihedelina-mamila","7":"product_cat-nakup-raziskave-kemikalije","8":"product_tag-amfetamin-v-prahu","9":"product_tag-buy-amphetamine-powder-online","10":"product_tag-nakup-amfetamin-prah-na-spletu","11":"product_tag-order-amphetamine-powder-online","12":"product_tag-amfetamin-v-prahu-za-prodajo","13":"product_tag-the-best-place-to-buy-amphetamine-powder-online","14":"product_tag-where-to-buy-amphetamine-powder-online","16":"first","17":"instock","18":"shipping-taxable","19":"purchasable","20":"product-type-variable"},"yoast_head":"<!-- This site is optimized with the Yoast SEO plugin v27.3 - https:\/\/yoast.com\/product\/yoast-seo-wordpress\/ -->\n<title>Kupite amfetamin v prahu - najbolj\u0161a najbolj\u0161a zdravila na svetu<\/title>\n<meta name=\"description\" content=\"Kupite amfetamin v prahu za prodajo v Zdru\u017eenem kraljestvu, Evropi poceni generi\u010dne tablete in tablete blagovnih znamk v Sapporu, amfetamin v prahu za prodajo lahko naro\u010dite prek spleta z uporabo Bitcoin (BTC)\" \/>\n<meta name=\"robots\" content=\"index, follow, max-snippet:-1, max-image-preview:large, max-video-preview:-1\" \/>\n<link rel=\"canonical\" href=\"https:\/\/medicinasinc.com\/sl\/product\/kupi-amfetamin-v-prahu\/\" \/>\n<meta property=\"og:locale\" content=\"en_US\" \/>\n<meta property=\"og:type\" content=\"article\" \/>\n<meta property=\"og:title\" content=\"Kupite amfetamin v prahu - najbolj\u0161a najbolj\u0161a zdravila na svetu\" \/>\n<meta property=\"og:description\" content=\"Kupite amfetamin v prahu za prodajo v Zdru\u017eenem kraljestvu, Evropi poceni generi\u010dne tablete in tablete blagovnih znamk v Sapporu, amfetamin v prahu za prodajo lahko naro\u010dite prek spleta z uporabo Bitcoin (BTC)\" \/>\n<meta property=\"og:url\" content=\"https:\/\/medicinasinc.com\/sl\/product\/kupi-amfetamin-v-prahu\/\" \/>\n<meta property=\"og:site_name\" content=\"Medicinas Inc\" \/>\n<meta property=\"article:modified_time\" content=\"2022-03-19T00:15:13+00:00\" \/>\n<meta property=\"og:image\" content=\"https:\/\/medicinasinc.com\/sl\/wp-content\/uploads\/sites\/7\/2022\/02\/Buy-Amphetamine-Powder.png\" \/>\n\t<meta property=\"og:image:width\" content=\"412\" \/>\n\t<meta property=\"og:image:height\" content=\"550\" \/>\n\t<meta property=\"og:image:type\" content=\"image\/png\" \/>\n<meta name=\"twitter:card\" content=\"summary_large_image\" \/>\n<meta name=\"twitter:label1\" content=\"Est. reading time\" \/>\n\t<meta name=\"twitter:data1\" content=\"4 minutes\" \/>\n<script type=\"application\/ld+json\" class=\"yoast-schema-graph\">{\"@context\":\"https:\\\/\\\/schema.org\",\"@graph\":[{\"@type\":\"WebPage\",\"@id\":\"https:\\\/\\\/medicinasinc.com\\\/sl\\\/product\\\/kupi-amfetamin-v-prahu\\\/\",\"url\":\"https:\\\/\\\/medicinasinc.com\\\/sl\\\/product\\\/kupi-amfetamin-v-prahu\\\/\",\"name\":\"Kupite amfetamin v prahu - najbolj\u0161a najbolj\u0161a zdravila na svetu\",\"isPartOf\":{\"@id\":\"https:\\\/\\\/medicinasinc.com\\\/sl\\\/#website\"},\"primaryImageOfPage\":{\"@id\":\"https:\\\/\\\/medicinasinc.com\\\/sl\\\/product\\\/kupi-amfetamin-v-prahu\\\/#primaryimage\"},\"image\":{\"@id\":\"https:\\\/\\\/medicinasinc.com\\\/sl\\\/product\\\/kupi-amfetamin-v-prahu\\\/#primaryimage\"},\"thumbnailUrl\":\"https:\\\/\\\/medicinasinc.com\\\/sl\\\/wp-content\\\/uploads\\\/sites\\\/7\\\/2022\\\/02\\\/Buy-Amphetamine-Powder.png\",\"datePublished\":\"2022-02-22T07:25:44+00:00\",\"dateModified\":\"2022-03-19T00:15:13+00:00\",\"description\":\"Kupite amfetamin v prahu za prodajo v Zdru\u017eenem kraljestvu, Evropi poceni generi\u010dne tablete in tablete blagovnih znamk v Sapporu, amfetamin v prahu za prodajo lahko naro\u010dite prek spleta z uporabo Bitcoin (BTC)\",\"breadcrumb\":{\"@id\":\"https:\\\/\\\/medicinasinc.com\\\/sl\\\/product\\\/kupi-amfetamin-v-prahu\\\/#breadcrumb\"},\"inLanguage\":\"en-US\",\"potentialAction\":[{\"@type\":\"ReadAction\",\"target\":[\"https:\\\/\\\/medicinasinc.com\\\/sl\\\/product\\\/kupi-amfetamin-v-prahu\\\/\"]}]},{\"@type\":\"ImageObject\",\"inLanguage\":\"en-US\",\"@id\":\"https:\\\/\\\/medicinasinc.com\\\/sl\\\/product\\\/kupi-amfetamin-v-prahu\\\/#primaryimage\",\"url\":\"https:\\\/\\\/medicinasinc.com\\\/sl\\\/wp-content\\\/uploads\\\/sites\\\/7\\\/2022\\\/02\\\/Buy-Amphetamine-Powder.png\",\"contentUrl\":\"https:\\\/\\\/medicinasinc.com\\\/sl\\\/wp-content\\\/uploads\\\/sites\\\/7\\\/2022\\\/02\\\/Buy-Amphetamine-Powder.png\",\"width\":412,\"height\":550},{\"@type\":\"BreadcrumbList\",\"@id\":\"https:\\\/\\\/medicinasinc.com\\\/sl\\\/product\\\/kupi-amfetamin-v-prahu\\\/#breadcrumb\",\"itemListElement\":[{\"@type\":\"ListItem\",\"position\":1,\"name\":\"Nakupujte\",\"item\":\"https:\\\/\\\/medicinasinc.com\\\/sl\\\/nakupujte\\\/\"},{\"@type\":\"ListItem\",\"position\":2,\"name\":\"Kupite amfetamin v prahu\"}]},{\"@type\":\"WebSite\",\"@id\":\"https:\\\/\\\/medicinasinc.com\\\/sl\\\/#website\",\"url\":\"https:\\\/\\\/medicinasinc.com\\\/sl\\\/\",\"name\":\"Medicinas Inc\",\"description\":\"Health Medical Clinic\",\"potentialAction\":[{\"@type\":\"SearchAction\",\"target\":{\"@type\":\"EntryPoint\",\"urlTemplate\":\"https:\\\/\\\/medicinasinc.com\\\/sl\\\/?s={search_term_string}\"},\"query-input\":{\"@type\":\"PropertyValueSpecification\",\"valueRequired\":true,\"valueName\":\"search_term_string\"}}],\"inLanguage\":\"en-US\"}]}<\/script>\n<!-- \/ Yoast SEO plugin. -->","yoast_head_json":{"title":"Kupite amfetamin v prahu - najbolj\u0161a najbolj\u0161a zdravila na svetu","description":"Kupite amfetamin v prahu za prodajo v Zdru\u017eenem kraljestvu, Evropi poceni generi\u010dne tablete in tablete blagovnih znamk v Sapporu, amfetamin v prahu za prodajo lahko naro\u010dite prek spleta z uporabo Bitcoin (BTC)","robots":{"index":"index","follow":"follow","max-snippet":"max-snippet:-1","max-image-preview":"max-image-preview:large","max-video-preview":"max-video-preview:-1"},"canonical":"https:\/\/medicinasinc.com\/sl\/product\/kupi-amfetamin-v-prahu\/","og_locale":"en_US","og_type":"article","og_title":"Kupite amfetamin v prahu - najbolj\u0161a najbolj\u0161a zdravila na svetu","og_description":"Kupite amfetamin v prahu za prodajo v Zdru\u017eenem kraljestvu, Evropi poceni generi\u010dne tablete in tablete blagovnih znamk v Sapporu, amfetamin v prahu za prodajo lahko naro\u010dite prek spleta z uporabo Bitcoin (BTC)","og_url":"https:\/\/medicinasinc.com\/sl\/product\/kupi-amfetamin-v-prahu\/","og_site_name":"Medicinas Inc","article_modified_time":"2022-03-19T00:15:13+00:00","og_image":[{"width":412,"height":550,"url":"https:\/\/medicinasinc.com\/sl\/wp-content\/uploads\/sites\/7\/2022\/02\/Buy-Amphetamine-Powder.png","type":"image\/png"}],"twitter_card":"summary_large_image","twitter_misc":{"Est. reading time":"4 minutes"},"schema":{"@context":"https:\/\/schema.org","@graph":[{"@type":"WebPage","@id":"https:\/\/medicinasinc.com\/sl\/product\/kupi-amfetamin-v-prahu\/","url":"https:\/\/medicinasinc.com\/sl\/product\/kupi-amfetamin-v-prahu\/","name":"Kupite amfetamin v prahu - najbolj\u0161a najbolj\u0161a zdravila na svetu","isPartOf":{"@id":"https:\/\/medicinasinc.com\/sl\/#website"},"primaryImageOfPage":{"@id":"https:\/\/medicinasinc.com\/sl\/product\/kupi-amfetamin-v-prahu\/#primaryimage"},"image":{"@id":"https:\/\/medicinasinc.com\/sl\/product\/kupi-amfetamin-v-prahu\/#primaryimage"},"thumbnailUrl":"https:\/\/medicinasinc.com\/sl\/wp-content\/uploads\/sites\/7\/2022\/02\/Buy-Amphetamine-Powder.png","datePublished":"2022-02-22T07:25:44+00:00","dateModified":"2022-03-19T00:15:13+00:00","description":"Kupite amfetamin v prahu za prodajo v Zdru\u017eenem kraljestvu, Evropi poceni generi\u010dne tablete in tablete blagovnih znamk v Sapporu, amfetamin v prahu za prodajo lahko naro\u010dite prek spleta z uporabo Bitcoin (BTC)","breadcrumb":{"@id":"https:\/\/medicinasinc.com\/sl\/product\/kupi-amfetamin-v-prahu\/#breadcrumb"},"inLanguage":"en-US","potentialAction":[{"@type":"ReadAction","target":["https:\/\/medicinasinc.com\/sl\/product\/kupi-amfetamin-v-prahu\/"]}]},{"@type":"ImageObject","inLanguage":"en-US","@id":"https:\/\/medicinasinc.com\/sl\/product\/kupi-amfetamin-v-prahu\/#primaryimage","url":"https:\/\/medicinasinc.com\/sl\/wp-content\/uploads\/sites\/7\/2022\/02\/Buy-Amphetamine-Powder.png","contentUrl":"https:\/\/medicinasinc.com\/sl\/wp-content\/uploads\/sites\/7\/2022\/02\/Buy-Amphetamine-Powder.png","width":412,"height":550},{"@type":"BreadcrumbList","@id":"https:\/\/medicinasinc.com\/sl\/product\/kupi-amfetamin-v-prahu\/#breadcrumb","itemListElement":[{"@type":"ListItem","position":1,"name":"Nakupujte","item":"https:\/\/medicinasinc.com\/sl\/nakupujte\/"},{"@type":"ListItem","position":2,"name":"Kupite amfetamin v prahu"}]},{"@type":"WebSite","@id":"https:\/\/medicinasinc.com\/sl\/#website","url":"https:\/\/medicinasinc.com\/sl\/","name":"Medicinas Inc","description":"Health Medical Clinic","potentialAction":[{"@type":"SearchAction","target":{"@type":"EntryPoint","urlTemplate":"https:\/\/medicinasinc.com\/sl\/?s={search_term_string}"},"query-input":{"@type":"PropertyValueSpecification","valueRequired":true,"valueName":"search_term_string"}}],"inLanguage":"en-US"}]}},"_links":{"self":[{"href":"https:\/\/medicinasinc.com\/sl\/wp-json\/wp\/v2\/product\/5852","targetHints":{"allow":["GET"]}}],"collection":[{"href":"https:\/\/medicinasinc.com\/sl\/wp-json\/wp\/v2\/product"}],"about":[{"href":"https:\/\/medicinasinc.com\/sl\/wp-json\/wp\/v2\/types\/product"}],"replies":[{"embeddable":true,"href":"https:\/\/medicinasinc.com\/sl\/wp-json\/wp\/v2\/comments?post=5852"}],"wp:featuredmedia":[{"embeddable":true,"href":"https:\/\/medicinasinc.com\/sl\/wp-json\/wp\/v2\/media\/5862"}],"wp:attachment":[{"href":"https:\/\/medicinasinc.com\/sl\/wp-json\/wp\/v2\/media?parent=5852"}],"wp:term":[{"taxonomy":"product_brand","embeddable":true,"href":"https:\/\/medicinasinc.com\/sl\/wp-json\/wp\/v2\/product_brand?post=5852"},{"taxonomy":"product_cat","embeddable":true,"href":"https:\/\/medicinasinc.com\/sl\/wp-json\/wp\/v2\/product_cat?post=5852"},{"taxonomy":"product_tag","embeddable":true,"href":"https:\/\/medicinasinc.com\/sl\/wp-json\/wp\/v2\/product_tag?post=5852"}],"curies":[{"name":"wp","href":"https:\/\/api.w.org\/{rel}","templated":true}]}}