{"id":5846,"date":"2022-02-22T07:19:31","date_gmt":"2022-02-22T07:19:31","guid":{"rendered":"https:\/\/medicinasinc.com\/sl\/?post_type=product&#038;p=5846"},"modified":"2022-03-19T00:15:28","modified_gmt":"2022-03-19T00:15:28","slug":"approvebitone","status":"publish","type":"product","link":"https:\/\/medicinasinc.com\/sl\/product\/approvebitone\/","title":{"rendered":"odobri barbiton"},"content":{"rendered":"<p>Aprobarbitone je mogo\u010de kupiti na spletu v vrhunski spletni lekarni Nembutal<\/p>\n<p>Spletna lekarna Nembutal posluje \u017ee dolgo \u010dasa. Zdaj dobro razumemo stali\u0161\u010da in pri\u010dakovanja strank po vsem svetu. Tukaj smo, da izpolnimo vse va\u0161e zahteve Aprobarbitone. \u010ce \u017eelite kupiti Aprobarbitone na spletu, je na\u0161a lekarna najbolj\u0161e mesto za to. To terapevtsko zdravilo nudimo po razumni ceni. Z lahkoto ga kupite pri nas in mi ga bomo dostavili v dolo\u010denem roku.<\/p>\n<p>Kak\u0161na je vloga Aprobarbitona pri va\u0161em zdravju?<\/p>\n<p>Aprobarbitone vam lahko pomaga pri dobrem spancu. . Na kratko, idealno zdravilo za nespe\u010dnost. Znan je po svojih izjemnih pomirjevalnih, hipnoti\u010dnih in antikonvulzivnih lastnostih.<\/p>\n<p>Zakaj bi morali kupiti aprobarbitone prek spleta pri nas?<\/p>\n<p>Smo visoko specializirana skupina posameznikov z bogatimi izku\u0161njami. na podro\u010dju zdravil in zdravil. Poleg tega \u0161irimo dostop do Aprobarbitona in drugih zdravil po vsem svetu. Zdaj lahko dobite Aprobarbitone na spletu po najcenej\u0161i ceni iz udobja svojega doma. Oddaljeni smo le en klik z mi\u0161ko. Oddajte naro\u010dilo za spletni nakup Aprobarbitone \u0161e danes in kmalu bo dostavljeno na va\u0161 naveden naslov.<\/p>\n","protected":false},"excerpt":{"rendered":"<p>Kako kupiti Aprobarbitone na spletu v lekarni Nembutal?<\/p>\n<p>Spletna lekarna Nembutal je idealna lokacija za izpolnitev vseh va\u0161ih potreb in zahtev po aprobarbitonu. Preprosto dodajte svoje zdravilo v ko\u0161arico, nadaljujte s postopkom pla\u010dila in oddajte naro\u010dilo na na\u0161i spletni strani. Zdaj je \u010das, da se obrnete na na\u0161o lekarno in si zagotovite najbolj\u0161o mo\u017eno oskrbo za svoje zdravje. Kupite Aprobarbital zdaj!<\/p>\n","protected":false},"featured_media":5856,"comment_status":"open","ping_status":"closed","template":"","meta":[],"product_brand":[],"product_cat":[3818],"product_tag":[],"class_list":{"0":"post-5846","1":"product","2":"type-product","3":"status-publish","4":"has-post-thumbnail","6":"product_cat-pentobarbital-naprodaj","8":"first","9":"instock","10":"featured","11":"shipping-taxable","12":"purchasable","13":"product-type-variable"},"yoast_head":"<!-- This site is optimized with the Yoast SEO plugin v27.3 - https:\/\/yoast.com\/product\/yoast-seo-wordpress\/ -->\n<title>Kupite Aprobarbitone - najbolj\u0161a najbolj\u0161a zdravila na svetu<\/title>\n<meta name=\"robots\" content=\"index, follow, max-snippet:-1, max-image-preview:large, max-video-preview:-1\" \/>\n<link rel=\"canonical\" href=\"https:\/\/medicinasinc.com\/sl\/product\/approvebitone\/\" \/>\n<meta property=\"og:locale\" content=\"en_US\" \/>\n<meta property=\"og:type\" content=\"article\" \/>\n<meta property=\"og:title\" content=\"Kupite Aprobarbitone - najbolj\u0161a najbolj\u0161a zdravila na svetu\" \/>\n<meta property=\"og:description\" content=\"Kako kupiti Aprobarbitone na spletu v lekarni Nembutal? Spletna lekarna Nembutal je idealna lokacija za izpolnitev vseh va\u0161ih potreb in zahtev po aprobarbitonu. Preprosto dodajte svoje zdravilo v ko\u0161arico, nadaljujte s postopkom pla\u010dila in oddajte naro\u010dilo na na\u0161i spletni strani. Zdaj je \u010das, da se obrnete na na\u0161o lekarno in si zagotovite najbolj\u0161o mo\u017eno oskrbo za svoje zdravje. Kupite Aprobarbital zdaj!\" \/>\n<meta property=\"og:url\" content=\"https:\/\/medicinasinc.com\/sl\/product\/approvebitone\/\" \/>\n<meta property=\"og:site_name\" content=\"Medicinas Inc\" \/>\n<meta property=\"article:modified_time\" content=\"2022-03-19T00:15:28+00:00\" \/>\n<meta property=\"og:image\" content=\"https:\/\/medicinasinc.com\/sl\/wp-content\/uploads\/sites\/7\/2022\/02\/Aprobarbitone.jpg\" \/>\n\t<meta property=\"og:image:width\" content=\"600\" \/>\n\t<meta property=\"og:image:height\" content=\"600\" \/>\n\t<meta property=\"og:image:type\" content=\"image\/jpeg\" \/>\n<meta name=\"twitter:card\" content=\"summary_large_image\" \/>\n<meta name=\"twitter:label1\" content=\"Est. reading time\" \/>\n\t<meta name=\"twitter:data1\" content=\"1 minute\" \/>\n<script type=\"application\/ld+json\" class=\"yoast-schema-graph\">{\"@context\":\"https:\\\/\\\/schema.org\",\"@graph\":[{\"@type\":\"WebPage\",\"@id\":\"https:\\\/\\\/medicinasinc.com\\\/sl\\\/product\\\/approvebitone\\\/\",\"url\":\"https:\\\/\\\/medicinasinc.com\\\/sl\\\/product\\\/approvebitone\\\/\",\"name\":\"Kupite Aprobarbitone - najbolj\u0161a najbolj\u0161a zdravila na svetu\",\"isPartOf\":{\"@id\":\"https:\\\/\\\/medicinasinc.com\\\/sl\\\/#website\"},\"primaryImageOfPage\":{\"@id\":\"https:\\\/\\\/medicinasinc.com\\\/sl\\\/product\\\/approvebitone\\\/#primaryimage\"},\"image\":{\"@id\":\"https:\\\/\\\/medicinasinc.com\\\/sl\\\/product\\\/approvebitone\\\/#primaryimage\"},\"thumbnailUrl\":\"https:\\\/\\\/medicinasinc.com\\\/sl\\\/wp-content\\\/uploads\\\/sites\\\/7\\\/2022\\\/02\\\/Aprobarbitone.jpg\",\"datePublished\":\"2022-02-22T07:19:31+00:00\",\"dateModified\":\"2022-03-19T00:15:28+00:00\",\"breadcrumb\":{\"@id\":\"https:\\\/\\\/medicinasinc.com\\\/sl\\\/product\\\/approvebitone\\\/#breadcrumb\"},\"inLanguage\":\"en-US\",\"potentialAction\":[{\"@type\":\"ReadAction\",\"target\":[\"https:\\\/\\\/medicinasinc.com\\\/sl\\\/product\\\/approvebitone\\\/\"]}]},{\"@type\":\"ImageObject\",\"inLanguage\":\"en-US\",\"@id\":\"https:\\\/\\\/medicinasinc.com\\\/sl\\\/product\\\/approvebitone\\\/#primaryimage\",\"url\":\"https:\\\/\\\/medicinasinc.com\\\/sl\\\/wp-content\\\/uploads\\\/sites\\\/7\\\/2022\\\/02\\\/Aprobarbitone.jpg\",\"contentUrl\":\"https:\\\/\\\/medicinasinc.com\\\/sl\\\/wp-content\\\/uploads\\\/sites\\\/7\\\/2022\\\/02\\\/Aprobarbitone.jpg\",\"width\":600,\"height\":600},{\"@type\":\"BreadcrumbList\",\"@id\":\"https:\\\/\\\/medicinasinc.com\\\/sl\\\/product\\\/approvebitone\\\/#breadcrumb\",\"itemListElement\":[{\"@type\":\"ListItem\",\"position\":1,\"name\":\"Nakupujte\",\"item\":\"https:\\\/\\\/medicinasinc.com\\\/sl\\\/nakupujte\\\/\"},{\"@type\":\"ListItem\",\"position\":2,\"name\":\"odobri barbiton\"}]},{\"@type\":\"WebSite\",\"@id\":\"https:\\\/\\\/medicinasinc.com\\\/sl\\\/#website\",\"url\":\"https:\\\/\\\/medicinasinc.com\\\/sl\\\/\",\"name\":\"Medicinas Inc\",\"description\":\"Health Medical Clinic\",\"potentialAction\":[{\"@type\":\"SearchAction\",\"target\":{\"@type\":\"EntryPoint\",\"urlTemplate\":\"https:\\\/\\\/medicinasinc.com\\\/sl\\\/?s={search_term_string}\"},\"query-input\":{\"@type\":\"PropertyValueSpecification\",\"valueRequired\":true,\"valueName\":\"search_term_string\"}}],\"inLanguage\":\"en-US\"}]}<\/script>\n<!-- \/ Yoast SEO plugin. -->","yoast_head_json":{"title":"Kupite Aprobarbitone - najbolj\u0161a najbolj\u0161a zdravila na svetu","robots":{"index":"index","follow":"follow","max-snippet":"max-snippet:-1","max-image-preview":"max-image-preview:large","max-video-preview":"max-video-preview:-1"},"canonical":"https:\/\/medicinasinc.com\/sl\/product\/approvebitone\/","og_locale":"en_US","og_type":"article","og_title":"Kupite Aprobarbitone - najbolj\u0161a najbolj\u0161a zdravila na svetu","og_description":"Kako kupiti Aprobarbitone na spletu v lekarni Nembutal? Spletna lekarna Nembutal je idealna lokacija za izpolnitev vseh va\u0161ih potreb in zahtev po aprobarbitonu. Preprosto dodajte svoje zdravilo v ko\u0161arico, nadaljujte s postopkom pla\u010dila in oddajte naro\u010dilo na na\u0161i spletni strani. Zdaj je \u010das, da se obrnete na na\u0161o lekarno in si zagotovite najbolj\u0161o mo\u017eno oskrbo za svoje zdravje. Kupite Aprobarbital zdaj!","og_url":"https:\/\/medicinasinc.com\/sl\/product\/approvebitone\/","og_site_name":"Medicinas Inc","article_modified_time":"2022-03-19T00:15:28+00:00","og_image":[{"width":600,"height":600,"url":"https:\/\/medicinasinc.com\/sl\/wp-content\/uploads\/sites\/7\/2022\/02\/Aprobarbitone.jpg","type":"image\/jpeg"}],"twitter_card":"summary_large_image","twitter_misc":{"Est. reading time":"1 minute"},"schema":{"@context":"https:\/\/schema.org","@graph":[{"@type":"WebPage","@id":"https:\/\/medicinasinc.com\/sl\/product\/approvebitone\/","url":"https:\/\/medicinasinc.com\/sl\/product\/approvebitone\/","name":"Kupite Aprobarbitone - najbolj\u0161a najbolj\u0161a zdravila na svetu","isPartOf":{"@id":"https:\/\/medicinasinc.com\/sl\/#website"},"primaryImageOfPage":{"@id":"https:\/\/medicinasinc.com\/sl\/product\/approvebitone\/#primaryimage"},"image":{"@id":"https:\/\/medicinasinc.com\/sl\/product\/approvebitone\/#primaryimage"},"thumbnailUrl":"https:\/\/medicinasinc.com\/sl\/wp-content\/uploads\/sites\/7\/2022\/02\/Aprobarbitone.jpg","datePublished":"2022-02-22T07:19:31+00:00","dateModified":"2022-03-19T00:15:28+00:00","breadcrumb":{"@id":"https:\/\/medicinasinc.com\/sl\/product\/approvebitone\/#breadcrumb"},"inLanguage":"en-US","potentialAction":[{"@type":"ReadAction","target":["https:\/\/medicinasinc.com\/sl\/product\/approvebitone\/"]}]},{"@type":"ImageObject","inLanguage":"en-US","@id":"https:\/\/medicinasinc.com\/sl\/product\/approvebitone\/#primaryimage","url":"https:\/\/medicinasinc.com\/sl\/wp-content\/uploads\/sites\/7\/2022\/02\/Aprobarbitone.jpg","contentUrl":"https:\/\/medicinasinc.com\/sl\/wp-content\/uploads\/sites\/7\/2022\/02\/Aprobarbitone.jpg","width":600,"height":600},{"@type":"BreadcrumbList","@id":"https:\/\/medicinasinc.com\/sl\/product\/approvebitone\/#breadcrumb","itemListElement":[{"@type":"ListItem","position":1,"name":"Nakupujte","item":"https:\/\/medicinasinc.com\/sl\/nakupujte\/"},{"@type":"ListItem","position":2,"name":"odobri barbiton"}]},{"@type":"WebSite","@id":"https:\/\/medicinasinc.com\/sl\/#website","url":"https:\/\/medicinasinc.com\/sl\/","name":"Medicinas Inc","description":"Health Medical Clinic","potentialAction":[{"@type":"SearchAction","target":{"@type":"EntryPoint","urlTemplate":"https:\/\/medicinasinc.com\/sl\/?s={search_term_string}"},"query-input":{"@type":"PropertyValueSpecification","valueRequired":true,"valueName":"search_term_string"}}],"inLanguage":"en-US"}]}},"_links":{"self":[{"href":"https:\/\/medicinasinc.com\/sl\/wp-json\/wp\/v2\/product\/5846","targetHints":{"allow":["GET"]}}],"collection":[{"href":"https:\/\/medicinasinc.com\/sl\/wp-json\/wp\/v2\/product"}],"about":[{"href":"https:\/\/medicinasinc.com\/sl\/wp-json\/wp\/v2\/types\/product"}],"replies":[{"embeddable":true,"href":"https:\/\/medicinasinc.com\/sl\/wp-json\/wp\/v2\/comments?post=5846"}],"wp:featuredmedia":[{"embeddable":true,"href":"https:\/\/medicinasinc.com\/sl\/wp-json\/wp\/v2\/media\/5856"}],"wp:attachment":[{"href":"https:\/\/medicinasinc.com\/sl\/wp-json\/wp\/v2\/media?parent=5846"}],"wp:term":[{"taxonomy":"product_brand","embeddable":true,"href":"https:\/\/medicinasinc.com\/sl\/wp-json\/wp\/v2\/product_brand?post=5846"},{"taxonomy":"product_cat","embeddable":true,"href":"https:\/\/medicinasinc.com\/sl\/wp-json\/wp\/v2\/product_cat?post=5846"},{"taxonomy":"product_tag","embeddable":true,"href":"https:\/\/medicinasinc.com\/sl\/wp-json\/wp\/v2\/product_tag?post=5846"}],"curies":[{"name":"wp","href":"https:\/\/api.w.org\/{rel}","templated":true}]}}