{"id":5840,"date":"2022-02-22T07:12:38","date_gmt":"2022-02-22T07:12:38","guid":{"rendered":"https:\/\/medicinasinc.com\/sl\/?post_type=product&#038;p=5840"},"modified":"2022-03-19T00:15:37","modified_gmt":"2022-03-19T00:15:37","slug":"bralobarbital-vesparaks","status":"publish","type":"product","link":"https:\/\/medicinasinc.com\/sl\/product\/bralobarbital-vesparaks\/","title":{"rendered":"Bralobarbital (Vesparax)"},"content":{"rendered":"<p>Brallobarbital (Vesparax) Nakup prek spleta v ugledni lekarni<\/p>\n<p>Internetna lekarna Nembutal se ukvarja z Brallobarbital (Vesparax) na spletni platformi in ga dostavi potro\u0161nikom, ki so ga naro\u010dili v dolo\u010denem roku. Smo ugledna spletna lekarna, kjer lahko dobite Vesparax po najni\u017eji mo\u017eni ceni. Na\u0161e cene so neprimerljive in dostopne vsem. Poleg tega imamo ekipo, ki bo pravo\u010dasno izpolnila va\u0161e zahteve in specifikacije za Nembutal Brallobarbital. Zdaj lahko enostavno naro\u010dite zdravilo Nembutal Brallobarbital v na\u0161i lekarni in vam ga v nekaj dneh dostavijo na dom.<\/p>\n<p>Kako se uporablja Brallobarbital (Vesparax)?<\/p>\n<p>Vesparax se pogosto imenuje kot Vesparax. atipi\u010dni antipsihotik. Deluje tako, da spreminja aktivnost mo\u017eganskih nevrotransmiterjev. Za to zdravilo je bilo ugotovljeno, da je primerno samo za odrasle in ga ne smejo dajati nikomur, mlaj\u0161im od 18 let.<\/p>\n<p>Vesparax se uporablja na razli\u010dne na\u010dine, vklju\u010dno z naslednjimi:<\/p>\n<p>Prispeva k zdravljenju odraslih in otrok s shizofrenijo<br \/> Indicirano za zdravljenje bipolarne motnje pri odraslih in otrocih ter za zdravljenje hude depresivne motnje pri odraslih v kombinaciji z antidepresivi.<\/p>\n","protected":false},"excerpt":{"rendered":"<p>Obrnite se na spletno lekarno Nembutal<\/p>\n<p>Spletna lekarna Nembutal je zdaj na voljo z le nekaj kliki! Za odgovore na va\u0161a vpra\u0161anja nas lahko kontaktirate po telefonu, SMS ali e-po\u0161ti. Zagotavljamo, da bomo va\u0161o zahtevo izpolnili v dolo\u010denem roku. Oddajte naro\u010dilo za nakup Vesparaxa na spletu zdaj!<\/p>\n","protected":false},"featured_media":5850,"comment_status":"open","ping_status":"closed","template":"","meta":[],"product_brand":[],"product_cat":[3818],"product_tag":[],"class_list":{"0":"post-5840","1":"product","2":"type-product","3":"status-publish","4":"has-post-thumbnail","6":"product_cat-pentobarbital-naprodaj","8":"first","9":"instock","10":"shipping-taxable","11":"purchasable","12":"product-type-variable"},"yoast_head":"<!-- This site is optimized with the Yoast SEO plugin v27.3 - https:\/\/yoast.com\/product\/yoast-seo-wordpress\/ -->\n<title>Bralobarbital (Vesparax) - Najbolj\u0161a globalna zdravila<\/title>\n<meta name=\"robots\" content=\"index, follow, max-snippet:-1, max-image-preview:large, max-video-preview:-1\" \/>\n<link rel=\"canonical\" href=\"https:\/\/medicinasinc.com\/sl\/product\/bralobarbital-vesparaks\/\" \/>\n<meta property=\"og:locale\" content=\"en_US\" \/>\n<meta property=\"og:type\" content=\"article\" \/>\n<meta property=\"og:title\" content=\"Bralobarbital (Vesparax) - Najbolj\u0161a globalna zdravila\" \/>\n<meta property=\"og:description\" content=\"Obrnite se na spletno lekarno Nembutal Spletna lekarna Nembutal je zdaj na voljo z le nekaj kliki! Za odgovore na va\u0161a vpra\u0161anja nas lahko kontaktirate po telefonu, SMS ali e-po\u0161ti. Zagotavljamo, da bomo va\u0161o zahtevo izpolnili v dolo\u010denem roku. Oddajte naro\u010dilo za nakup Vesparaxa na spletu zdaj!\" \/>\n<meta property=\"og:url\" content=\"https:\/\/medicinasinc.com\/sl\/product\/bralobarbital-vesparaks\/\" \/>\n<meta property=\"og:site_name\" content=\"Medicinas Inc\" \/>\n<meta property=\"article:modified_time\" content=\"2022-03-19T00:15:37+00:00\" \/>\n<meta property=\"og:image\" content=\"https:\/\/medicinasinc.com\/sl\/wp-content\/uploads\/sites\/7\/2022\/02\/Brallobarbital-Vesparax.jpg\" \/>\n\t<meta property=\"og:image:width\" content=\"600\" \/>\n\t<meta property=\"og:image:height\" content=\"600\" \/>\n\t<meta property=\"og:image:type\" content=\"image\/jpeg\" \/>\n<meta name=\"twitter:card\" content=\"summary_large_image\" \/>\n<meta name=\"twitter:label1\" content=\"Est. reading time\" \/>\n\t<meta name=\"twitter:data1\" content=\"1 minute\" \/>\n<script type=\"application\/ld+json\" class=\"yoast-schema-graph\">{\"@context\":\"https:\\\/\\\/schema.org\",\"@graph\":[{\"@type\":\"WebPage\",\"@id\":\"https:\\\/\\\/medicinasinc.com\\\/sl\\\/product\\\/bralobarbital-vesparaks\\\/\",\"url\":\"https:\\\/\\\/medicinasinc.com\\\/sl\\\/product\\\/bralobarbital-vesparaks\\\/\",\"name\":\"Bralobarbital (Vesparax) - Najbolj\u0161a globalna zdravila\",\"isPartOf\":{\"@id\":\"https:\\\/\\\/medicinasinc.com\\\/sl\\\/#website\"},\"primaryImageOfPage\":{\"@id\":\"https:\\\/\\\/medicinasinc.com\\\/sl\\\/product\\\/bralobarbital-vesparaks\\\/#primaryimage\"},\"image\":{\"@id\":\"https:\\\/\\\/medicinasinc.com\\\/sl\\\/product\\\/bralobarbital-vesparaks\\\/#primaryimage\"},\"thumbnailUrl\":\"https:\\\/\\\/medicinasinc.com\\\/sl\\\/wp-content\\\/uploads\\\/sites\\\/7\\\/2022\\\/02\\\/Brallobarbital-Vesparax.jpg\",\"datePublished\":\"2022-02-22T07:12:38+00:00\",\"dateModified\":\"2022-03-19T00:15:37+00:00\",\"breadcrumb\":{\"@id\":\"https:\\\/\\\/medicinasinc.com\\\/sl\\\/product\\\/bralobarbital-vesparaks\\\/#breadcrumb\"},\"inLanguage\":\"en-US\",\"potentialAction\":[{\"@type\":\"ReadAction\",\"target\":[\"https:\\\/\\\/medicinasinc.com\\\/sl\\\/product\\\/bralobarbital-vesparaks\\\/\"]}]},{\"@type\":\"ImageObject\",\"inLanguage\":\"en-US\",\"@id\":\"https:\\\/\\\/medicinasinc.com\\\/sl\\\/product\\\/bralobarbital-vesparaks\\\/#primaryimage\",\"url\":\"https:\\\/\\\/medicinasinc.com\\\/sl\\\/wp-content\\\/uploads\\\/sites\\\/7\\\/2022\\\/02\\\/Brallobarbital-Vesparax.jpg\",\"contentUrl\":\"https:\\\/\\\/medicinasinc.com\\\/sl\\\/wp-content\\\/uploads\\\/sites\\\/7\\\/2022\\\/02\\\/Brallobarbital-Vesparax.jpg\",\"width\":600,\"height\":600},{\"@type\":\"BreadcrumbList\",\"@id\":\"https:\\\/\\\/medicinasinc.com\\\/sl\\\/product\\\/bralobarbital-vesparaks\\\/#breadcrumb\",\"itemListElement\":[{\"@type\":\"ListItem\",\"position\":1,\"name\":\"Nakupujte\",\"item\":\"https:\\\/\\\/medicinasinc.com\\\/sl\\\/nakupujte\\\/\"},{\"@type\":\"ListItem\",\"position\":2,\"name\":\"Bralobarbital (Vesparax)\"}]},{\"@type\":\"WebSite\",\"@id\":\"https:\\\/\\\/medicinasinc.com\\\/sl\\\/#website\",\"url\":\"https:\\\/\\\/medicinasinc.com\\\/sl\\\/\",\"name\":\"Medicinas Inc\",\"description\":\"Health Medical Clinic\",\"potentialAction\":[{\"@type\":\"SearchAction\",\"target\":{\"@type\":\"EntryPoint\",\"urlTemplate\":\"https:\\\/\\\/medicinasinc.com\\\/sl\\\/?s={search_term_string}\"},\"query-input\":{\"@type\":\"PropertyValueSpecification\",\"valueRequired\":true,\"valueName\":\"search_term_string\"}}],\"inLanguage\":\"en-US\"}]}<\/script>\n<!-- \/ Yoast SEO plugin. -->","yoast_head_json":{"title":"Bralobarbital (Vesparax) - Najbolj\u0161a globalna zdravila","robots":{"index":"index","follow":"follow","max-snippet":"max-snippet:-1","max-image-preview":"max-image-preview:large","max-video-preview":"max-video-preview:-1"},"canonical":"https:\/\/medicinasinc.com\/sl\/product\/bralobarbital-vesparaks\/","og_locale":"en_US","og_type":"article","og_title":"Bralobarbital (Vesparax) - Najbolj\u0161a globalna zdravila","og_description":"Obrnite se na spletno lekarno Nembutal Spletna lekarna Nembutal je zdaj na voljo z le nekaj kliki! Za odgovore na va\u0161a vpra\u0161anja nas lahko kontaktirate po telefonu, SMS ali e-po\u0161ti. Zagotavljamo, da bomo va\u0161o zahtevo izpolnili v dolo\u010denem roku. Oddajte naro\u010dilo za nakup Vesparaxa na spletu zdaj!","og_url":"https:\/\/medicinasinc.com\/sl\/product\/bralobarbital-vesparaks\/","og_site_name":"Medicinas Inc","article_modified_time":"2022-03-19T00:15:37+00:00","og_image":[{"width":600,"height":600,"url":"https:\/\/medicinasinc.com\/sl\/wp-content\/uploads\/sites\/7\/2022\/02\/Brallobarbital-Vesparax.jpg","type":"image\/jpeg"}],"twitter_card":"summary_large_image","twitter_misc":{"Est. reading time":"1 minute"},"schema":{"@context":"https:\/\/schema.org","@graph":[{"@type":"WebPage","@id":"https:\/\/medicinasinc.com\/sl\/product\/bralobarbital-vesparaks\/","url":"https:\/\/medicinasinc.com\/sl\/product\/bralobarbital-vesparaks\/","name":"Bralobarbital (Vesparax) - Najbolj\u0161a globalna zdravila","isPartOf":{"@id":"https:\/\/medicinasinc.com\/sl\/#website"},"primaryImageOfPage":{"@id":"https:\/\/medicinasinc.com\/sl\/product\/bralobarbital-vesparaks\/#primaryimage"},"image":{"@id":"https:\/\/medicinasinc.com\/sl\/product\/bralobarbital-vesparaks\/#primaryimage"},"thumbnailUrl":"https:\/\/medicinasinc.com\/sl\/wp-content\/uploads\/sites\/7\/2022\/02\/Brallobarbital-Vesparax.jpg","datePublished":"2022-02-22T07:12:38+00:00","dateModified":"2022-03-19T00:15:37+00:00","breadcrumb":{"@id":"https:\/\/medicinasinc.com\/sl\/product\/bralobarbital-vesparaks\/#breadcrumb"},"inLanguage":"en-US","potentialAction":[{"@type":"ReadAction","target":["https:\/\/medicinasinc.com\/sl\/product\/bralobarbital-vesparaks\/"]}]},{"@type":"ImageObject","inLanguage":"en-US","@id":"https:\/\/medicinasinc.com\/sl\/product\/bralobarbital-vesparaks\/#primaryimage","url":"https:\/\/medicinasinc.com\/sl\/wp-content\/uploads\/sites\/7\/2022\/02\/Brallobarbital-Vesparax.jpg","contentUrl":"https:\/\/medicinasinc.com\/sl\/wp-content\/uploads\/sites\/7\/2022\/02\/Brallobarbital-Vesparax.jpg","width":600,"height":600},{"@type":"BreadcrumbList","@id":"https:\/\/medicinasinc.com\/sl\/product\/bralobarbital-vesparaks\/#breadcrumb","itemListElement":[{"@type":"ListItem","position":1,"name":"Nakupujte","item":"https:\/\/medicinasinc.com\/sl\/nakupujte\/"},{"@type":"ListItem","position":2,"name":"Bralobarbital (Vesparax)"}]},{"@type":"WebSite","@id":"https:\/\/medicinasinc.com\/sl\/#website","url":"https:\/\/medicinasinc.com\/sl\/","name":"Medicinas Inc","description":"Health Medical Clinic","potentialAction":[{"@type":"SearchAction","target":{"@type":"EntryPoint","urlTemplate":"https:\/\/medicinasinc.com\/sl\/?s={search_term_string}"},"query-input":{"@type":"PropertyValueSpecification","valueRequired":true,"valueName":"search_term_string"}}],"inLanguage":"en-US"}]}},"_links":{"self":[{"href":"https:\/\/medicinasinc.com\/sl\/wp-json\/wp\/v2\/product\/5840","targetHints":{"allow":["GET"]}}],"collection":[{"href":"https:\/\/medicinasinc.com\/sl\/wp-json\/wp\/v2\/product"}],"about":[{"href":"https:\/\/medicinasinc.com\/sl\/wp-json\/wp\/v2\/types\/product"}],"replies":[{"embeddable":true,"href":"https:\/\/medicinasinc.com\/sl\/wp-json\/wp\/v2\/comments?post=5840"}],"wp:featuredmedia":[{"embeddable":true,"href":"https:\/\/medicinasinc.com\/sl\/wp-json\/wp\/v2\/media\/5850"}],"wp:attachment":[{"href":"https:\/\/medicinasinc.com\/sl\/wp-json\/wp\/v2\/media?parent=5840"}],"wp:term":[{"taxonomy":"product_brand","embeddable":true,"href":"https:\/\/medicinasinc.com\/sl\/wp-json\/wp\/v2\/product_brand?post=5840"},{"taxonomy":"product_cat","embeddable":true,"href":"https:\/\/medicinasinc.com\/sl\/wp-json\/wp\/v2\/product_cat?post=5840"},{"taxonomy":"product_tag","embeddable":true,"href":"https:\/\/medicinasinc.com\/sl\/wp-json\/wp\/v2\/product_tag?post=5840"}],"curies":[{"name":"wp","href":"https:\/\/api.w.org\/{rel}","templated":true}]}}