{"id":5834,"date":"2022-02-22T07:05:31","date_gmt":"2022-02-22T07:05:31","guid":{"rendered":"https:\/\/medicinasinc.com\/sl\/?post_type=product&#038;p=5834"},"modified":"2022-03-19T00:15:47","modified_gmt":"2022-03-19T00:15:47","slug":"kupi-butabarbital-online","status":"publish","type":"product","link":"https:\/\/medicinasinc.com\/sl\/product\/kupi-butabarbital-online\/","title":{"rendered":"Kupite butabarbital na spletu"},"content":{"rendered":"<p>Kupite Butabarbital Sodium 50 mg tablete v The Best Pharmacy Online.<\/p>\n<p>Nembutal Online Pharmacy je najbolj\u0161e mesto za nakup tablet Butabarbital Sodium 50 mg po najni\u017eji ceni. V farmacevtski industriji smo \u017ee dolgo \u010dasa. Lahko se zanesete na nas, da vam zagotovimo najbolj\u0161o mo\u017eno oskrbo za va\u0161e zdravje. Na\u0161i usposobljeni \u010dlani ekipe se bodo potrudili, da prese\u017eejo va\u0161a pri\u010dakovanja. Kupite takoj!<\/p>\n<p>Kako uporabljati butabarbital natrij, potem ko ga kupite pri nas?<\/p>\n<p>Natrijev butabarbital je odli\u010dno zdravilo za zdravljenje nespe\u010dnosti pri ljudeh. Obi\u010dajno gre za kratkotrajno zdravilo. To snov se lahko uporablja v medicinski industriji kot pomirjevalo pred vsakim kirur\u0161kim posegom.<\/p>\n<p>Za zagotovitev pravilnega dajanja natrijevega butabarbitala nudimo na\u0161im strankam priro\u010dnik z navodili. Ta priro\u010dnik vsebuje vsa navodila za zdravila. Z lahkoto jih preberete enega za drugim in jih uporabite za namene, za katere so bili namenjeni. V na\u0161o ugledno spletno lekarno lahko popolnoma zaupate. Dosledno upo\u0161tevamo najbolj\u0161e interese na\u0161ih cenjenih potro\u0161nikov. Nenehno skrbimo za zdravje na\u0161ih strank in vse izdelke pregledamo pred dostavo.<\/p>\n<p>Za najbolj\u0161o ceno butabarbitala natrija nas lahko kontaktirate. Na\u0161i strokovnjaki bodo va\u0161e naro\u010dilo prevedli in poskrbeli za takoj\u0161njo dostavo. Va\u0161a zdravila vam bodo poslana v roku, ki ga dolo\u010di na\u0161a spletna lekarna. Nembutal je trenutno na voljo po zni\u017eani ceni!<\/p>\n","protected":false},"excerpt":{"rendered":"<p>Kako lahko dobim butabarbital Sodium v \u200b\u200bspletni lekarni Nembutal?<\/p>\n<p>Spletna lekarna Nembutal je zdaj na voljo. Podatke o naro\u010dilu in pla\u010dilu za tablete butabarbital natrij 50 mg po\u0161ljite na na\u0161i uradni spletni strani. Ko je naro\u010dilo oddano, bo obdelano v dolo\u010denem roku. Naro\u010dite \u0161e danes!<\/p>\n","protected":false},"featured_media":5844,"comment_status":"open","ping_status":"closed","template":"","meta":[],"product_brand":[],"product_cat":[3818],"product_tag":[],"class_list":{"0":"post-5834","1":"product","2":"type-product","3":"status-publish","4":"has-post-thumbnail","6":"product_cat-pentobarbital-naprodaj","8":"first","9":"instock","10":"shipping-taxable","11":"purchasable","12":"product-type-variable"},"yoast_head":"<!-- This site is optimized with the Yoast SEO plugin v27.3 - https:\/\/yoast.com\/product\/yoast-seo-wordpress\/ -->\n<title>Kupite butabarbital na spletu - najbolj\u0161a najbolj\u0161a zdravila na svetu<\/title>\n<meta name=\"robots\" content=\"index, follow, max-snippet:-1, max-image-preview:large, max-video-preview:-1\" \/>\n<link rel=\"canonical\" href=\"https:\/\/medicinasinc.com\/sl\/product\/kupi-butabarbital-online\/\" \/>\n<meta property=\"og:locale\" content=\"en_US\" \/>\n<meta property=\"og:type\" content=\"article\" \/>\n<meta property=\"og:title\" content=\"Kupite butabarbital na spletu - najbolj\u0161a najbolj\u0161a zdravila na svetu\" \/>\n<meta property=\"og:description\" content=\"Kako lahko dobim butabarbital Sodium v \u200b\u200bspletni lekarni Nembutal? Spletna lekarna Nembutal je zdaj na voljo. Podatke o naro\u010dilu in pla\u010dilu za tablete butabarbital natrij 50 mg po\u0161ljite na na\u0161i uradni spletni strani. Ko je naro\u010dilo oddano, bo obdelano v dolo\u010denem roku. Naro\u010dite \u0161e danes!\" \/>\n<meta property=\"og:url\" content=\"https:\/\/medicinasinc.com\/sl\/product\/kupi-butabarbital-online\/\" \/>\n<meta property=\"og:site_name\" content=\"Medicinas Inc\" \/>\n<meta property=\"article:modified_time\" content=\"2022-03-19T00:15:47+00:00\" \/>\n<meta property=\"og:image\" content=\"https:\/\/medicinasinc.com\/sl\/wp-content\/uploads\/sites\/7\/2022\/02\/Buy-Butabarbital.jpg\" \/>\n\t<meta property=\"og:image:width\" content=\"600\" \/>\n\t<meta property=\"og:image:height\" content=\"600\" \/>\n\t<meta property=\"og:image:type\" content=\"image\/jpeg\" \/>\n<meta name=\"twitter:card\" content=\"summary_large_image\" \/>\n<meta name=\"twitter:label1\" content=\"Est. reading time\" \/>\n\t<meta name=\"twitter:data1\" content=\"2 minutes\" \/>\n<script type=\"application\/ld+json\" class=\"yoast-schema-graph\">{\"@context\":\"https:\\\/\\\/schema.org\",\"@graph\":[{\"@type\":\"WebPage\",\"@id\":\"https:\\\/\\\/medicinasinc.com\\\/sl\\\/product\\\/kupi-butabarbital-online\\\/\",\"url\":\"https:\\\/\\\/medicinasinc.com\\\/sl\\\/product\\\/kupi-butabarbital-online\\\/\",\"name\":\"Kupite butabarbital na spletu - najbolj\u0161a najbolj\u0161a zdravila na svetu\",\"isPartOf\":{\"@id\":\"https:\\\/\\\/medicinasinc.com\\\/sl\\\/#website\"},\"primaryImageOfPage\":{\"@id\":\"https:\\\/\\\/medicinasinc.com\\\/sl\\\/product\\\/kupi-butabarbital-online\\\/#primaryimage\"},\"image\":{\"@id\":\"https:\\\/\\\/medicinasinc.com\\\/sl\\\/product\\\/kupi-butabarbital-online\\\/#primaryimage\"},\"thumbnailUrl\":\"https:\\\/\\\/medicinasinc.com\\\/sl\\\/wp-content\\\/uploads\\\/sites\\\/7\\\/2022\\\/02\\\/Buy-Butabarbital.jpg\",\"datePublished\":\"2022-02-22T07:05:31+00:00\",\"dateModified\":\"2022-03-19T00:15:47+00:00\",\"breadcrumb\":{\"@id\":\"https:\\\/\\\/medicinasinc.com\\\/sl\\\/product\\\/kupi-butabarbital-online\\\/#breadcrumb\"},\"inLanguage\":\"en-US\",\"potentialAction\":[{\"@type\":\"ReadAction\",\"target\":[\"https:\\\/\\\/medicinasinc.com\\\/sl\\\/product\\\/kupi-butabarbital-online\\\/\"]}]},{\"@type\":\"ImageObject\",\"inLanguage\":\"en-US\",\"@id\":\"https:\\\/\\\/medicinasinc.com\\\/sl\\\/product\\\/kupi-butabarbital-online\\\/#primaryimage\",\"url\":\"https:\\\/\\\/medicinasinc.com\\\/sl\\\/wp-content\\\/uploads\\\/sites\\\/7\\\/2022\\\/02\\\/Buy-Butabarbital.jpg\",\"contentUrl\":\"https:\\\/\\\/medicinasinc.com\\\/sl\\\/wp-content\\\/uploads\\\/sites\\\/7\\\/2022\\\/02\\\/Buy-Butabarbital.jpg\",\"width\":600,\"height\":600},{\"@type\":\"BreadcrumbList\",\"@id\":\"https:\\\/\\\/medicinasinc.com\\\/sl\\\/product\\\/kupi-butabarbital-online\\\/#breadcrumb\",\"itemListElement\":[{\"@type\":\"ListItem\",\"position\":1,\"name\":\"Nakupujte\",\"item\":\"https:\\\/\\\/medicinasinc.com\\\/sl\\\/nakupujte\\\/\"},{\"@type\":\"ListItem\",\"position\":2,\"name\":\"Kupite butabarbital na spletu\"}]},{\"@type\":\"WebSite\",\"@id\":\"https:\\\/\\\/medicinasinc.com\\\/sl\\\/#website\",\"url\":\"https:\\\/\\\/medicinasinc.com\\\/sl\\\/\",\"name\":\"Medicinas Inc\",\"description\":\"Health Medical Clinic\",\"potentialAction\":[{\"@type\":\"SearchAction\",\"target\":{\"@type\":\"EntryPoint\",\"urlTemplate\":\"https:\\\/\\\/medicinasinc.com\\\/sl\\\/?s={search_term_string}\"},\"query-input\":{\"@type\":\"PropertyValueSpecification\",\"valueRequired\":true,\"valueName\":\"search_term_string\"}}],\"inLanguage\":\"en-US\"}]}<\/script>\n<!-- \/ Yoast SEO plugin. -->","yoast_head_json":{"title":"Kupite butabarbital na spletu - najbolj\u0161a najbolj\u0161a zdravila na svetu","robots":{"index":"index","follow":"follow","max-snippet":"max-snippet:-1","max-image-preview":"max-image-preview:large","max-video-preview":"max-video-preview:-1"},"canonical":"https:\/\/medicinasinc.com\/sl\/product\/kupi-butabarbital-online\/","og_locale":"en_US","og_type":"article","og_title":"Kupite butabarbital na spletu - najbolj\u0161a najbolj\u0161a zdravila na svetu","og_description":"Kako lahko dobim butabarbital Sodium v \u200b\u200bspletni lekarni Nembutal? Spletna lekarna Nembutal je zdaj na voljo. Podatke o naro\u010dilu in pla\u010dilu za tablete butabarbital natrij 50 mg po\u0161ljite na na\u0161i uradni spletni strani. Ko je naro\u010dilo oddano, bo obdelano v dolo\u010denem roku. Naro\u010dite \u0161e danes!","og_url":"https:\/\/medicinasinc.com\/sl\/product\/kupi-butabarbital-online\/","og_site_name":"Medicinas Inc","article_modified_time":"2022-03-19T00:15:47+00:00","og_image":[{"width":600,"height":600,"url":"https:\/\/medicinasinc.com\/sl\/wp-content\/uploads\/sites\/7\/2022\/02\/Buy-Butabarbital.jpg","type":"image\/jpeg"}],"twitter_card":"summary_large_image","twitter_misc":{"Est. reading time":"2 minutes"},"schema":{"@context":"https:\/\/schema.org","@graph":[{"@type":"WebPage","@id":"https:\/\/medicinasinc.com\/sl\/product\/kupi-butabarbital-online\/","url":"https:\/\/medicinasinc.com\/sl\/product\/kupi-butabarbital-online\/","name":"Kupite butabarbital na spletu - najbolj\u0161a najbolj\u0161a zdravila na svetu","isPartOf":{"@id":"https:\/\/medicinasinc.com\/sl\/#website"},"primaryImageOfPage":{"@id":"https:\/\/medicinasinc.com\/sl\/product\/kupi-butabarbital-online\/#primaryimage"},"image":{"@id":"https:\/\/medicinasinc.com\/sl\/product\/kupi-butabarbital-online\/#primaryimage"},"thumbnailUrl":"https:\/\/medicinasinc.com\/sl\/wp-content\/uploads\/sites\/7\/2022\/02\/Buy-Butabarbital.jpg","datePublished":"2022-02-22T07:05:31+00:00","dateModified":"2022-03-19T00:15:47+00:00","breadcrumb":{"@id":"https:\/\/medicinasinc.com\/sl\/product\/kupi-butabarbital-online\/#breadcrumb"},"inLanguage":"en-US","potentialAction":[{"@type":"ReadAction","target":["https:\/\/medicinasinc.com\/sl\/product\/kupi-butabarbital-online\/"]}]},{"@type":"ImageObject","inLanguage":"en-US","@id":"https:\/\/medicinasinc.com\/sl\/product\/kupi-butabarbital-online\/#primaryimage","url":"https:\/\/medicinasinc.com\/sl\/wp-content\/uploads\/sites\/7\/2022\/02\/Buy-Butabarbital.jpg","contentUrl":"https:\/\/medicinasinc.com\/sl\/wp-content\/uploads\/sites\/7\/2022\/02\/Buy-Butabarbital.jpg","width":600,"height":600},{"@type":"BreadcrumbList","@id":"https:\/\/medicinasinc.com\/sl\/product\/kupi-butabarbital-online\/#breadcrumb","itemListElement":[{"@type":"ListItem","position":1,"name":"Nakupujte","item":"https:\/\/medicinasinc.com\/sl\/nakupujte\/"},{"@type":"ListItem","position":2,"name":"Kupite butabarbital na spletu"}]},{"@type":"WebSite","@id":"https:\/\/medicinasinc.com\/sl\/#website","url":"https:\/\/medicinasinc.com\/sl\/","name":"Medicinas Inc","description":"Health Medical Clinic","potentialAction":[{"@type":"SearchAction","target":{"@type":"EntryPoint","urlTemplate":"https:\/\/medicinasinc.com\/sl\/?s={search_term_string}"},"query-input":{"@type":"PropertyValueSpecification","valueRequired":true,"valueName":"search_term_string"}}],"inLanguage":"en-US"}]}},"_links":{"self":[{"href":"https:\/\/medicinasinc.com\/sl\/wp-json\/wp\/v2\/product\/5834","targetHints":{"allow":["GET"]}}],"collection":[{"href":"https:\/\/medicinasinc.com\/sl\/wp-json\/wp\/v2\/product"}],"about":[{"href":"https:\/\/medicinasinc.com\/sl\/wp-json\/wp\/v2\/types\/product"}],"replies":[{"embeddable":true,"href":"https:\/\/medicinasinc.com\/sl\/wp-json\/wp\/v2\/comments?post=5834"}],"wp:featuredmedia":[{"embeddable":true,"href":"https:\/\/medicinasinc.com\/sl\/wp-json\/wp\/v2\/media\/5844"}],"wp:attachment":[{"href":"https:\/\/medicinasinc.com\/sl\/wp-json\/wp\/v2\/media?parent=5834"}],"wp:term":[{"taxonomy":"product_brand","embeddable":true,"href":"https:\/\/medicinasinc.com\/sl\/wp-json\/wp\/v2\/product_brand?post=5834"},{"taxonomy":"product_cat","embeddable":true,"href":"https:\/\/medicinasinc.com\/sl\/wp-json\/wp\/v2\/product_cat?post=5834"},{"taxonomy":"product_tag","embeddable":true,"href":"https:\/\/medicinasinc.com\/sl\/wp-json\/wp\/v2\/product_tag?post=5834"}],"curies":[{"name":"wp","href":"https:\/\/api.w.org\/{rel}","templated":true}]}}