{"id":5828,"date":"2022-02-22T06:59:00","date_gmt":"2022-02-22T06:59:00","guid":{"rendered":"https:\/\/medicinasinc.com\/sl\/?post_type=product&#038;p=5828"},"modified":"2022-03-19T00:15:54","modified_gmt":"2022-03-19T00:15:54","slug":"buy-butalbital-online","status":"publish","type":"product","link":"https:\/\/medicinasinc.com\/sl\/product\/buy-butalbital-online\/","title":{"rendered":"Kupite Butalbital na spletu"},"content":{"rendered":"<div class=\"mkdf-single-product-content\">\n<div class=\"mkdf-single-product-summary\">\n<div class=\"summary entry-summary\">\n<div class=\"woocommerce-tabs wc-tabs -wrapper\">\n<div id=\"tab-description\" class=\"woocommerce-Tabs-panel woocommerce-Tabs-panel--description panel entry-content wc-tab\" role=\"tabpanel\" aria-labelledby=\"tab-title -description\">\n<div id=\"ftwp-postcontent\">\n<p>Brez recepta kupite Nembutal Butalbital v najbolj\u0161i spletni lekarni<\/p>\n<p>Spletna lekarna Nembutal je ugledna spletna lekarna, ki je dobro znana po strokovnost in kakovostna zdravila. Nembutal Butalbital lahko brez te\u017eav dobite na spletu brez recepta na tej strani. Zavezani smo k zagotavljanju visokokakovostnih izdelkov strankam po vsem svetu. Poskrbimo za potrebe in potrebe vsake stranke in jih vedno izpolnimo v dogovorjenem roku.<\/p>\n<p>Prek internetne platforme nas lahko hitro kontaktirate in v kratkem \u010dasu pridobite \u017eelena zdravila. Danes lahko Butalbital naro\u010dite prek spleta!<\/p>\n<p>Kak\u0161ne so prednosti zdravila Nembutal Butalbital?<\/p>\n<p>Butalbital je zdravilo na recept, ki se uporablja za kratek \u010das. To zdravilo se lahko uporablja v povezavi z drugimi zdravili, kot sta paracetamol (acetaminofen) ali aspirin za laj\u0161anje bole\u010din in glavobolov. Poleg tega je bil odobren za zdravljenje napetostnih glavobolov.<\/p>\n<p>\u010ce \u017eelite kupiti Butalbital na spletu po najbolj\u0161i ceni, ga za\u010dnite z dodajanjem v ko\u0161arico. Ko dokon\u010date dodajanje, lahko nadaljujete z dokon\u010danjem pla\u010dila. Vklju\u010dili smo razli\u010dne pla\u010dilne prehode. Izberete lahko najprimernej\u0161ega in dokon\u010date postopek pla\u010dila za va\u0161e naro\u010dilo.<\/p>\n<p>Kje lahko kupim zdravilo Nembutal Butalbital na spletu po najbolj\u0161i ceni?<\/p>\n<p>\u010ce vam je bil predpisan Butalbital, je to res. \u010das je za nakup Butalbitala prek spleta v na\u0161i lekarni Nembutal.<\/p>\n<p>Povezovanje z na\u0161o spletno lekarno \u0161e nikoli ni bilo la\u017eje. Na\u0161e spletno mesto je izjemno osnovno in uporabniku prijazno, kar na\u0161im potro\u0161nikom pomaga, da se med naro\u010danjem svojih izdelkov po\u010dutijo udobno.<\/p>\n<\/p><\/div><\/div><\/div><\/div><\/div><\/div>\n","protected":false},"excerpt":{"rendered":"<p>Na\u0161a spletna lekarna bo va\u0161e naro\u010dilo prejela takoj po oddaji. Dali mu bomo prednost in ga dokon\u010dali v najkraj\u0161em mo\u017enem \u010dasu. Za dostavo blaga obi\u010dajno potrebujemo 5 dni, kar zajema samo delovne dni. V roku enega tedna boste prejeli Nembutal Butalbital v najbolj\u0161em mo\u017enem stanju. Takoj opravite nakup!<\/p>\n","protected":false},"featured_media":5838,"comment_status":"open","ping_status":"closed","template":"","meta":[],"product_brand":[],"product_cat":[3818],"product_tag":[3972,3973,1051,3928,3980,3840,3982,3983,3981,3979,3974,3975,3976,3977,3845,3934,3984,3985,3986,3987,3847,3988,3989,3990,3991,3992,3993,3994,3865,3936,3995,3996,3997,3998,3999,4000,4001,4002,4003,4004,4005,4006,3978],"class_list":{"0":"post-5828","1":"product","2":"type-product","3":"status-publish","4":"has-post-thumbnail","6":"product_cat-pentobarbital-naprodaj","7":"product_tag-and-amytal","8":"product_tag-are","9":"product_tag-buy-nembutal","10":"product_tag-buy-nembutal-online","11":"product_tag-how-much-nembutal-is-fatal","12":"product_tag-how-to-acquire-nembutal","13":"product_tag-how-to-make-nembutal","14":"product_tag-how-to-take-nembutal-to-die","15":"product_tag-kako-priti-nembutal","16":"product_tag-koliko-postane-nembutal-postane","17":"product_tag-kupi-nembutal-kanada","18":"product_tag-kupi-nembutal-mehika","19":"product_tag-nakup-nembutal","20":"product_tag-nakup-nembutal-online","21":"product_tag-nembutal","22":"product_tag-nembutal-buy-online","23":"product_tag-nembutal-capsules","24":"product_tag-nembutal-china","25":"product_tag-nembutal-death","26":"product_tag-nembutal-definition","27":"product_tag-nembutal-for-sale","28":"product_tag-nembutal-lethal-dose","29":"product_tag-nembutal-mexico","30":"product_tag-nembutal-mexico-2018","31":"product_tag-nembutal-online","32":"product_tag-nembutal-over-the-counter","33":"product_tag-nembutal-pentobarbital","34":"product_tag-nembutal-pill","35":"product_tag-nembutal-pills-for-sale","36":"product_tag-nembutal-powder","37":"product_tag-nembutal-price","38":"product_tag-nembutal-reddit","39":"product_tag-nembutal-schedule","40":"product_tag-nembutal-side-effects","41":"product_tag-nembutal-sodium","42":"product_tag-nembutal-suppository","43":"product_tag-obtaining-nembutal","44":"product_tag-order-nembutal-online","45":"product_tag-seconal","46":"product_tag-what-is-nembutal","47":"product_tag-where-can-i-buy-nembutal","48":"product_tag-where-to-buy-nembutal-in-mexico","49":"product_tag-zdravila-predpisana-za-zmanjanje-nespenosti","51":"first","52":"instock","53":"shipping-taxable","54":"purchasable","55":"product-type-variable"},"yoast_head":"<!-- This site is optimized with the Yoast SEO plugin v27.3 - https:\/\/yoast.com\/product\/yoast-seo-wordpress\/ -->\n<title>Kupite Butalbital na spletu \u2013 najbolj\u0161a najbolj\u0161a zdravila na svetu<\/title>\n<meta name=\"robots\" content=\"index, follow, max-snippet:-1, max-image-preview:large, max-video-preview:-1\" \/>\n<link rel=\"canonical\" href=\"https:\/\/medicinasinc.com\/sl\/product\/buy-butalbital-online\/\" \/>\n<meta property=\"og:locale\" content=\"en_US\" \/>\n<meta property=\"og:type\" content=\"article\" \/>\n<meta property=\"og:title\" content=\"Kupite Butalbital na spletu \u2013 najbolj\u0161a najbolj\u0161a zdravila na svetu\" \/>\n<meta property=\"og:description\" content=\"Na\u0161a spletna lekarna bo va\u0161e naro\u010dilo prejela takoj po oddaji. Dali mu bomo prednost in ga dokon\u010dali v najkraj\u0161em mo\u017enem \u010dasu. Za dostavo blaga obi\u010dajno potrebujemo 5 dni, kar zajema samo delovne dni. V roku enega tedna boste prejeli Nembutal Butalbital v najbolj\u0161em mo\u017enem stanju. Takoj opravite nakup!\" \/>\n<meta property=\"og:url\" content=\"https:\/\/medicinasinc.com\/sl\/product\/buy-butalbital-online\/\" \/>\n<meta property=\"og:site_name\" content=\"Medicinas Inc\" \/>\n<meta property=\"article:modified_time\" content=\"2022-03-19T00:15:54+00:00\" \/>\n<meta property=\"og:image\" content=\"https:\/\/medicinasinc.com\/sl\/wp-content\/uploads\/sites\/7\/2022\/02\/Buy-Butalbital-Online.jpg\" \/>\n\t<meta property=\"og:image:width\" content=\"600\" \/>\n\t<meta property=\"og:image:height\" content=\"600\" \/>\n\t<meta property=\"og:image:type\" content=\"image\/jpeg\" \/>\n<meta name=\"twitter:card\" content=\"summary_large_image\" \/>\n<meta name=\"twitter:label1\" content=\"Est. reading time\" \/>\n\t<meta name=\"twitter:data1\" content=\"2 minutes\" \/>\n<script type=\"application\/ld+json\" class=\"yoast-schema-graph\">{\"@context\":\"https:\\\/\\\/schema.org\",\"@graph\":[{\"@type\":\"WebPage\",\"@id\":\"https:\\\/\\\/medicinasinc.com\\\/sl\\\/product\\\/buy-butalbital-online\\\/\",\"url\":\"https:\\\/\\\/medicinasinc.com\\\/sl\\\/product\\\/buy-butalbital-online\\\/\",\"name\":\"Kupite Butalbital na spletu \u2013 najbolj\u0161a najbolj\u0161a zdravila na svetu\",\"isPartOf\":{\"@id\":\"https:\\\/\\\/medicinasinc.com\\\/sl\\\/#website\"},\"primaryImageOfPage\":{\"@id\":\"https:\\\/\\\/medicinasinc.com\\\/sl\\\/product\\\/buy-butalbital-online\\\/#primaryimage\"},\"image\":{\"@id\":\"https:\\\/\\\/medicinasinc.com\\\/sl\\\/product\\\/buy-butalbital-online\\\/#primaryimage\"},\"thumbnailUrl\":\"https:\\\/\\\/medicinasinc.com\\\/sl\\\/wp-content\\\/uploads\\\/sites\\\/7\\\/2022\\\/02\\\/Buy-Butalbital-Online.jpg\",\"datePublished\":\"2022-02-22T06:59:00+00:00\",\"dateModified\":\"2022-03-19T00:15:54+00:00\",\"breadcrumb\":{\"@id\":\"https:\\\/\\\/medicinasinc.com\\\/sl\\\/product\\\/buy-butalbital-online\\\/#breadcrumb\"},\"inLanguage\":\"en-US\",\"potentialAction\":[{\"@type\":\"ReadAction\",\"target\":[\"https:\\\/\\\/medicinasinc.com\\\/sl\\\/product\\\/buy-butalbital-online\\\/\"]}]},{\"@type\":\"ImageObject\",\"inLanguage\":\"en-US\",\"@id\":\"https:\\\/\\\/medicinasinc.com\\\/sl\\\/product\\\/buy-butalbital-online\\\/#primaryimage\",\"url\":\"https:\\\/\\\/medicinasinc.com\\\/sl\\\/wp-content\\\/uploads\\\/sites\\\/7\\\/2022\\\/02\\\/Buy-Butalbital-Online.jpg\",\"contentUrl\":\"https:\\\/\\\/medicinasinc.com\\\/sl\\\/wp-content\\\/uploads\\\/sites\\\/7\\\/2022\\\/02\\\/Buy-Butalbital-Online.jpg\",\"width\":600,\"height\":600},{\"@type\":\"BreadcrumbList\",\"@id\":\"https:\\\/\\\/medicinasinc.com\\\/sl\\\/product\\\/buy-butalbital-online\\\/#breadcrumb\",\"itemListElement\":[{\"@type\":\"ListItem\",\"position\":1,\"name\":\"Nakupujte\",\"item\":\"https:\\\/\\\/medicinasinc.com\\\/sl\\\/nakupujte\\\/\"},{\"@type\":\"ListItem\",\"position\":2,\"name\":\"Kupite Butalbital na spletu\"}]},{\"@type\":\"WebSite\",\"@id\":\"https:\\\/\\\/medicinasinc.com\\\/sl\\\/#website\",\"url\":\"https:\\\/\\\/medicinasinc.com\\\/sl\\\/\",\"name\":\"Medicinas Inc\",\"description\":\"Health Medical Clinic\",\"potentialAction\":[{\"@type\":\"SearchAction\",\"target\":{\"@type\":\"EntryPoint\",\"urlTemplate\":\"https:\\\/\\\/medicinasinc.com\\\/sl\\\/?s={search_term_string}\"},\"query-input\":{\"@type\":\"PropertyValueSpecification\",\"valueRequired\":true,\"valueName\":\"search_term_string\"}}],\"inLanguage\":\"en-US\"}]}<\/script>\n<!-- \/ Yoast SEO plugin. -->","yoast_head_json":{"title":"Kupite Butalbital na spletu \u2013 najbolj\u0161a najbolj\u0161a zdravila na svetu","robots":{"index":"index","follow":"follow","max-snippet":"max-snippet:-1","max-image-preview":"max-image-preview:large","max-video-preview":"max-video-preview:-1"},"canonical":"https:\/\/medicinasinc.com\/sl\/product\/buy-butalbital-online\/","og_locale":"en_US","og_type":"article","og_title":"Kupite Butalbital na spletu \u2013 najbolj\u0161a najbolj\u0161a zdravila na svetu","og_description":"Na\u0161a spletna lekarna bo va\u0161e naro\u010dilo prejela takoj po oddaji. Dali mu bomo prednost in ga dokon\u010dali v najkraj\u0161em mo\u017enem \u010dasu. Za dostavo blaga obi\u010dajno potrebujemo 5 dni, kar zajema samo delovne dni. V roku enega tedna boste prejeli Nembutal Butalbital v najbolj\u0161em mo\u017enem stanju. Takoj opravite nakup!","og_url":"https:\/\/medicinasinc.com\/sl\/product\/buy-butalbital-online\/","og_site_name":"Medicinas Inc","article_modified_time":"2022-03-19T00:15:54+00:00","og_image":[{"width":600,"height":600,"url":"https:\/\/medicinasinc.com\/sl\/wp-content\/uploads\/sites\/7\/2022\/02\/Buy-Butalbital-Online.jpg","type":"image\/jpeg"}],"twitter_card":"summary_large_image","twitter_misc":{"Est. reading time":"2 minutes"},"schema":{"@context":"https:\/\/schema.org","@graph":[{"@type":"WebPage","@id":"https:\/\/medicinasinc.com\/sl\/product\/buy-butalbital-online\/","url":"https:\/\/medicinasinc.com\/sl\/product\/buy-butalbital-online\/","name":"Kupite Butalbital na spletu \u2013 najbolj\u0161a najbolj\u0161a zdravila na svetu","isPartOf":{"@id":"https:\/\/medicinasinc.com\/sl\/#website"},"primaryImageOfPage":{"@id":"https:\/\/medicinasinc.com\/sl\/product\/buy-butalbital-online\/#primaryimage"},"image":{"@id":"https:\/\/medicinasinc.com\/sl\/product\/buy-butalbital-online\/#primaryimage"},"thumbnailUrl":"https:\/\/medicinasinc.com\/sl\/wp-content\/uploads\/sites\/7\/2022\/02\/Buy-Butalbital-Online.jpg","datePublished":"2022-02-22T06:59:00+00:00","dateModified":"2022-03-19T00:15:54+00:00","breadcrumb":{"@id":"https:\/\/medicinasinc.com\/sl\/product\/buy-butalbital-online\/#breadcrumb"},"inLanguage":"en-US","potentialAction":[{"@type":"ReadAction","target":["https:\/\/medicinasinc.com\/sl\/product\/buy-butalbital-online\/"]}]},{"@type":"ImageObject","inLanguage":"en-US","@id":"https:\/\/medicinasinc.com\/sl\/product\/buy-butalbital-online\/#primaryimage","url":"https:\/\/medicinasinc.com\/sl\/wp-content\/uploads\/sites\/7\/2022\/02\/Buy-Butalbital-Online.jpg","contentUrl":"https:\/\/medicinasinc.com\/sl\/wp-content\/uploads\/sites\/7\/2022\/02\/Buy-Butalbital-Online.jpg","width":600,"height":600},{"@type":"BreadcrumbList","@id":"https:\/\/medicinasinc.com\/sl\/product\/buy-butalbital-online\/#breadcrumb","itemListElement":[{"@type":"ListItem","position":1,"name":"Nakupujte","item":"https:\/\/medicinasinc.com\/sl\/nakupujte\/"},{"@type":"ListItem","position":2,"name":"Kupite Butalbital na spletu"}]},{"@type":"WebSite","@id":"https:\/\/medicinasinc.com\/sl\/#website","url":"https:\/\/medicinasinc.com\/sl\/","name":"Medicinas Inc","description":"Health Medical Clinic","potentialAction":[{"@type":"SearchAction","target":{"@type":"EntryPoint","urlTemplate":"https:\/\/medicinasinc.com\/sl\/?s={search_term_string}"},"query-input":{"@type":"PropertyValueSpecification","valueRequired":true,"valueName":"search_term_string"}}],"inLanguage":"en-US"}]}},"_links":{"self":[{"href":"https:\/\/medicinasinc.com\/sl\/wp-json\/wp\/v2\/product\/5828","targetHints":{"allow":["GET"]}}],"collection":[{"href":"https:\/\/medicinasinc.com\/sl\/wp-json\/wp\/v2\/product"}],"about":[{"href":"https:\/\/medicinasinc.com\/sl\/wp-json\/wp\/v2\/types\/product"}],"replies":[{"embeddable":true,"href":"https:\/\/medicinasinc.com\/sl\/wp-json\/wp\/v2\/comments?post=5828"}],"wp:featuredmedia":[{"embeddable":true,"href":"https:\/\/medicinasinc.com\/sl\/wp-json\/wp\/v2\/media\/5838"}],"wp:attachment":[{"href":"https:\/\/medicinasinc.com\/sl\/wp-json\/wp\/v2\/media?parent=5828"}],"wp:term":[{"taxonomy":"product_brand","embeddable":true,"href":"https:\/\/medicinasinc.com\/sl\/wp-json\/wp\/v2\/product_brand?post=5828"},{"taxonomy":"product_cat","embeddable":true,"href":"https:\/\/medicinasinc.com\/sl\/wp-json\/wp\/v2\/product_cat?post=5828"},{"taxonomy":"product_tag","embeddable":true,"href":"https:\/\/medicinasinc.com\/sl\/wp-json\/wp\/v2\/product_tag?post=5828"}],"curies":[{"name":"wp","href":"https:\/\/api.w.org\/{rel}","templated":true}]}}