{"id":5816,"date":"2022-02-22T06:47:51","date_gmt":"2022-02-22T06:47:51","guid":{"rendered":"https:\/\/medicinasinc.com\/sl\/?post_type=product&#038;p=5816"},"modified":"2022-03-19T00:16:14","modified_gmt":"2022-03-19T00:16:14","slug":"kupi-nembutal-tablete","status":"publish","type":"product","link":"https:\/\/medicinasinc.com\/sl\/product\/kupi-nembutal-tablete\/","title":{"rendered":"Kupite tablete Nembutal"},"content":{"rendered":"<p>Tablete Nembutal za prodajo v najbolj\u0161i spletni lekarni po nizkih cenah<\/p>\n<p>Zdaj lahko kupite tablete Nembutal pri Best Global Meds in jih uporabite v najve\u010dji mo\u017eni meri za svoje zdravje. Va\u0161e naro\u010dilo bomo upo\u0161tevali in poskrbeli, da bo prispelo tja, kamor naj bi \u0161lo. \u010ce \u017eelite kupiti tablete Nembutal za prodajo, nas kontaktirajte \u0161e danes.<\/p>\n<p>Tablete Nembutal lahko zagotovimo na natan\u010den na\u010din zaradi na\u0161ega odli\u010dnega ugleda v podjetju. Da bi na\u0161e stranke \u010dim prej prejele naro\u010dila, uporabljamo preprost in hiter postopek po\u0161iljanja. Potrudimo se, da na\u0161im strankam ni treba \u010dakati na svoje izdelke.<\/p>\n<p>Kot profesionalna spletna lekarna ne zamudimo niti enega utripa, ko gre za zagotovitev, da bo va\u0161e naro\u010dilo prispelo pravo\u010dasno. . Da ne bo ni\u010d spregledano, \u010dlan na\u0161e ekipe vse spremlja 24 ur na dan. Na\u0161im potro\u0161nikom \u017eelimo, da imajo najve\u010djo mo\u017eno skrb za njihovo dobro po\u010dutje.<\/p>\n<p>Kaj je namen tablet Nembutal?<\/p>\n<p>Nakup tablet Nembutal v lokalni ambulanti ali lekarni ne bo si preprosto katero koli staro drogo. Pri zdravljenju pomanjkanja spanja je narkotik, ki se uporablja v velikih odmerkih. Bolnike v bolni\u0161nicah in zdravstvenih klinikah zdravniki in kirurgi uspavajo z uporabo tablet Nembutal, da bi nadaljevali s postopkom. Za tiste, ki potrebujejo tablete Nembutal, se lahko obrnete na Online Nembutal Pharmacy, vrhunsko internetno lekarno. Tukaj boste na\u0161li najbolj\u0161ega izmed najbolj\u0161ih. Takoj stopite v stik z nami!<\/p>\n","protected":false},"excerpt":{"rendered":"<p>Kako najti najbolj\u0161o spletno lekarno za nakup tablet Nembutal?<\/p>\n<p>Kupite Nembutal [tablete iz na\u0161e izbire tablet in injekcij pentobarbital Sodium, zdravil za barbiturate in Nembutal za prodajo v moji bli\u017eini z varnim prevozom.<\/p>\n<p>\u010ce niste prepri\u010dani, kako se povezati z najbolj\u0161o spletno lekarno za nakup tablet Nembutal na spletu, vam je Pentobarbital Global Meds vedno na voljo za pomo\u010d. Tukaj smo, da vam pomagamo pri nakupu tablet Nembutal na spletu po najni\u017eji mo\u017eni ceni. Tukaj lahko oddate naro\u010dilo in po\u010dakate, da bo pravo\u010dasno dokon\u010dano. Dostave ne bomo zamujali na kakr\u0161en koli nepotreben na\u010din. Takoj nas kontaktirajte!<\/p>\n","protected":false},"featured_media":5826,"comment_status":"open","ping_status":"closed","template":"","meta":[],"product_brand":[],"product_cat":[3818],"product_tag":[3832,3825,3837,3839,3857,3858,3859,3860,3861,3862,3863,3864,3865,3867,3868,3871,3915],"class_list":{"0":"post-5816","1":"product","2":"type-product","3":"status-publish","4":"has-post-thumbnail","6":"product_cat-pentobarbital-naprodaj","7":"product_tag-lahko-naroim-nembutal-na-spletu","8":"product_tag-buy-nembutal-pills-online","9":"product_tag-how-can-i-order-nembutal-pills","10":"product_tag-how-can-i-take-nembutal","11":"product_tag-nembutal-pills","12":"product_tag-nembutal-pills-buy","13":"product_tag-nembutal-pills-buy-australia","14":"product_tag-nembutal-pills-buy-austria","15":"product_tag-nembutal-pills-buy-europe","16":"product_tag-nembutal-pills-buy-online","17":"product_tag-nembutal-pills-buy-uk","18":"product_tag-nembutal-pills-dose","19":"product_tag-nembutal-pills-for-sale","20":"product_tag-nembutal-pills-overdose","21":"product_tag-nembutal-pills-supplier","22":"product_tag-order-nembutal-pills","23":"product_tag-where-can-i-buy-nembutal-pills","25":"first","26":"instock","27":"shipping-taxable","28":"purchasable","29":"product-type-variable"},"yoast_head":"<!-- This site is optimized with the Yoast SEO plugin v27.3 - https:\/\/yoast.com\/product\/yoast-seo-wordpress\/ -->\n<title>Kupite tablete Nembutal - najbolj\u0161a najbolj\u0161a zdravila na svetu<\/title>\n<meta name=\"description\" content=\"Kupite nembutal [tablete iz na\u0161ih tablet pentobarbital Sodium &amp; injekcije, zdravila za barbiturate in nembutal za prodajo v moji bli\u017eini z varno po\u0161iljko.\" \/>\n<meta name=\"robots\" content=\"index, follow, max-snippet:-1, max-image-preview:large, max-video-preview:-1\" \/>\n<link rel=\"canonical\" href=\"https:\/\/medicinasinc.com\/sl\/product\/kupi-nembutal-tablete\/\" \/>\n<meta property=\"og:locale\" content=\"en_US\" \/>\n<meta property=\"og:type\" content=\"article\" \/>\n<meta property=\"og:title\" content=\"Kupite tablete Nembutal - najbolj\u0161a najbolj\u0161a zdravila na svetu\" \/>\n<meta property=\"og:description\" content=\"Kupite nembutal [tablete iz na\u0161ih tablet pentobarbital Sodium &amp; injekcije, zdravila za barbiturate in nembutal za prodajo v moji bli\u017eini z varno po\u0161iljko.\" \/>\n<meta property=\"og:url\" content=\"https:\/\/medicinasinc.com\/sl\/product\/kupi-nembutal-tablete\/\" \/>\n<meta property=\"og:site_name\" content=\"Medicinas Inc\" \/>\n<meta property=\"article:modified_time\" content=\"2022-03-19T00:16:14+00:00\" \/>\n<meta property=\"og:image\" content=\"https:\/\/medicinasinc.com\/sl\/wp-content\/uploads\/sites\/7\/2022\/02\/Buy-Nembutal-Pills.jpg\" \/>\n\t<meta property=\"og:image:width\" content=\"600\" \/>\n\t<meta property=\"og:image:height\" content=\"600\" \/>\n\t<meta property=\"og:image:type\" content=\"image\/jpeg\" \/>\n<meta name=\"twitter:card\" content=\"summary_large_image\" \/>\n<meta name=\"twitter:label1\" content=\"Est. reading time\" \/>\n\t<meta name=\"twitter:data1\" content=\"2 minutes\" \/>\n<script type=\"application\/ld+json\" class=\"yoast-schema-graph\">{\"@context\":\"https:\\\/\\\/schema.org\",\"@graph\":[{\"@type\":\"WebPage\",\"@id\":\"https:\\\/\\\/medicinasinc.com\\\/sl\\\/product\\\/kupi-nembutal-tablete\\\/\",\"url\":\"https:\\\/\\\/medicinasinc.com\\\/sl\\\/product\\\/kupi-nembutal-tablete\\\/\",\"name\":\"Kupite tablete Nembutal - najbolj\u0161a najbolj\u0161a zdravila na svetu\",\"isPartOf\":{\"@id\":\"https:\\\/\\\/medicinasinc.com\\\/sl\\\/#website\"},\"primaryImageOfPage\":{\"@id\":\"https:\\\/\\\/medicinasinc.com\\\/sl\\\/product\\\/kupi-nembutal-tablete\\\/#primaryimage\"},\"image\":{\"@id\":\"https:\\\/\\\/medicinasinc.com\\\/sl\\\/product\\\/kupi-nembutal-tablete\\\/#primaryimage\"},\"thumbnailUrl\":\"https:\\\/\\\/medicinasinc.com\\\/sl\\\/wp-content\\\/uploads\\\/sites\\\/7\\\/2022\\\/02\\\/Buy-Nembutal-Pills.jpg\",\"datePublished\":\"2022-02-22T06:47:51+00:00\",\"dateModified\":\"2022-03-19T00:16:14+00:00\",\"description\":\"Kupite nembutal [tablete iz na\u0161ih tablet pentobarbital Sodium &amp; injekcije, zdravila za barbiturate in nembutal za prodajo v moji bli\u017eini z varno po\u0161iljko.\",\"breadcrumb\":{\"@id\":\"https:\\\/\\\/medicinasinc.com\\\/sl\\\/product\\\/kupi-nembutal-tablete\\\/#breadcrumb\"},\"inLanguage\":\"en-US\",\"potentialAction\":[{\"@type\":\"ReadAction\",\"target\":[\"https:\\\/\\\/medicinasinc.com\\\/sl\\\/product\\\/kupi-nembutal-tablete\\\/\"]}]},{\"@type\":\"ImageObject\",\"inLanguage\":\"en-US\",\"@id\":\"https:\\\/\\\/medicinasinc.com\\\/sl\\\/product\\\/kupi-nembutal-tablete\\\/#primaryimage\",\"url\":\"https:\\\/\\\/medicinasinc.com\\\/sl\\\/wp-content\\\/uploads\\\/sites\\\/7\\\/2022\\\/02\\\/Buy-Nembutal-Pills.jpg\",\"contentUrl\":\"https:\\\/\\\/medicinasinc.com\\\/sl\\\/wp-content\\\/uploads\\\/sites\\\/7\\\/2022\\\/02\\\/Buy-Nembutal-Pills.jpg\",\"width\":600,\"height\":600},{\"@type\":\"BreadcrumbList\",\"@id\":\"https:\\\/\\\/medicinasinc.com\\\/sl\\\/product\\\/kupi-nembutal-tablete\\\/#breadcrumb\",\"itemListElement\":[{\"@type\":\"ListItem\",\"position\":1,\"name\":\"Nakupujte\",\"item\":\"https:\\\/\\\/medicinasinc.com\\\/sl\\\/nakupujte\\\/\"},{\"@type\":\"ListItem\",\"position\":2,\"name\":\"Kupite tablete Nembutal\"}]},{\"@type\":\"WebSite\",\"@id\":\"https:\\\/\\\/medicinasinc.com\\\/sl\\\/#website\",\"url\":\"https:\\\/\\\/medicinasinc.com\\\/sl\\\/\",\"name\":\"Medicinas Inc\",\"description\":\"Health Medical Clinic\",\"potentialAction\":[{\"@type\":\"SearchAction\",\"target\":{\"@type\":\"EntryPoint\",\"urlTemplate\":\"https:\\\/\\\/medicinasinc.com\\\/sl\\\/?s={search_term_string}\"},\"query-input\":{\"@type\":\"PropertyValueSpecification\",\"valueRequired\":true,\"valueName\":\"search_term_string\"}}],\"inLanguage\":\"en-US\"}]}<\/script>\n<!-- \/ Yoast SEO plugin. -->","yoast_head_json":{"title":"Kupite tablete Nembutal - najbolj\u0161a najbolj\u0161a zdravila na svetu","description":"Kupite nembutal [tablete iz na\u0161ih tablet pentobarbital Sodium &amp; injekcije, zdravila za barbiturate in nembutal za prodajo v moji bli\u017eini z varno po\u0161iljko.","robots":{"index":"index","follow":"follow","max-snippet":"max-snippet:-1","max-image-preview":"max-image-preview:large","max-video-preview":"max-video-preview:-1"},"canonical":"https:\/\/medicinasinc.com\/sl\/product\/kupi-nembutal-tablete\/","og_locale":"en_US","og_type":"article","og_title":"Kupite tablete Nembutal - najbolj\u0161a najbolj\u0161a zdravila na svetu","og_description":"Kupite nembutal [tablete iz na\u0161ih tablet pentobarbital Sodium &amp; injekcije, zdravila za barbiturate in nembutal za prodajo v moji bli\u017eini z varno po\u0161iljko.","og_url":"https:\/\/medicinasinc.com\/sl\/product\/kupi-nembutal-tablete\/","og_site_name":"Medicinas Inc","article_modified_time":"2022-03-19T00:16:14+00:00","og_image":[{"width":600,"height":600,"url":"https:\/\/medicinasinc.com\/sl\/wp-content\/uploads\/sites\/7\/2022\/02\/Buy-Nembutal-Pills.jpg","type":"image\/jpeg"}],"twitter_card":"summary_large_image","twitter_misc":{"Est. reading time":"2 minutes"},"schema":{"@context":"https:\/\/schema.org","@graph":[{"@type":"WebPage","@id":"https:\/\/medicinasinc.com\/sl\/product\/kupi-nembutal-tablete\/","url":"https:\/\/medicinasinc.com\/sl\/product\/kupi-nembutal-tablete\/","name":"Kupite tablete Nembutal - najbolj\u0161a najbolj\u0161a zdravila na svetu","isPartOf":{"@id":"https:\/\/medicinasinc.com\/sl\/#website"},"primaryImageOfPage":{"@id":"https:\/\/medicinasinc.com\/sl\/product\/kupi-nembutal-tablete\/#primaryimage"},"image":{"@id":"https:\/\/medicinasinc.com\/sl\/product\/kupi-nembutal-tablete\/#primaryimage"},"thumbnailUrl":"https:\/\/medicinasinc.com\/sl\/wp-content\/uploads\/sites\/7\/2022\/02\/Buy-Nembutal-Pills.jpg","datePublished":"2022-02-22T06:47:51+00:00","dateModified":"2022-03-19T00:16:14+00:00","description":"Kupite nembutal [tablete iz na\u0161ih tablet pentobarbital Sodium &amp; injekcije, zdravila za barbiturate in nembutal za prodajo v moji bli\u017eini z varno po\u0161iljko.","breadcrumb":{"@id":"https:\/\/medicinasinc.com\/sl\/product\/kupi-nembutal-tablete\/#breadcrumb"},"inLanguage":"en-US","potentialAction":[{"@type":"ReadAction","target":["https:\/\/medicinasinc.com\/sl\/product\/kupi-nembutal-tablete\/"]}]},{"@type":"ImageObject","inLanguage":"en-US","@id":"https:\/\/medicinasinc.com\/sl\/product\/kupi-nembutal-tablete\/#primaryimage","url":"https:\/\/medicinasinc.com\/sl\/wp-content\/uploads\/sites\/7\/2022\/02\/Buy-Nembutal-Pills.jpg","contentUrl":"https:\/\/medicinasinc.com\/sl\/wp-content\/uploads\/sites\/7\/2022\/02\/Buy-Nembutal-Pills.jpg","width":600,"height":600},{"@type":"BreadcrumbList","@id":"https:\/\/medicinasinc.com\/sl\/product\/kupi-nembutal-tablete\/#breadcrumb","itemListElement":[{"@type":"ListItem","position":1,"name":"Nakupujte","item":"https:\/\/medicinasinc.com\/sl\/nakupujte\/"},{"@type":"ListItem","position":2,"name":"Kupite tablete Nembutal"}]},{"@type":"WebSite","@id":"https:\/\/medicinasinc.com\/sl\/#website","url":"https:\/\/medicinasinc.com\/sl\/","name":"Medicinas Inc","description":"Health Medical Clinic","potentialAction":[{"@type":"SearchAction","target":{"@type":"EntryPoint","urlTemplate":"https:\/\/medicinasinc.com\/sl\/?s={search_term_string}"},"query-input":{"@type":"PropertyValueSpecification","valueRequired":true,"valueName":"search_term_string"}}],"inLanguage":"en-US"}]}},"_links":{"self":[{"href":"https:\/\/medicinasinc.com\/sl\/wp-json\/wp\/v2\/product\/5816","targetHints":{"allow":["GET"]}}],"collection":[{"href":"https:\/\/medicinasinc.com\/sl\/wp-json\/wp\/v2\/product"}],"about":[{"href":"https:\/\/medicinasinc.com\/sl\/wp-json\/wp\/v2\/types\/product"}],"replies":[{"embeddable":true,"href":"https:\/\/medicinasinc.com\/sl\/wp-json\/wp\/v2\/comments?post=5816"}],"wp:featuredmedia":[{"embeddable":true,"href":"https:\/\/medicinasinc.com\/sl\/wp-json\/wp\/v2\/media\/5826"}],"wp:attachment":[{"href":"https:\/\/medicinasinc.com\/sl\/wp-json\/wp\/v2\/media?parent=5816"}],"wp:term":[{"taxonomy":"product_brand","embeddable":true,"href":"https:\/\/medicinasinc.com\/sl\/wp-json\/wp\/v2\/product_brand?post=5816"},{"taxonomy":"product_cat","embeddable":true,"href":"https:\/\/medicinasinc.com\/sl\/wp-json\/wp\/v2\/product_cat?post=5816"},{"taxonomy":"product_tag","embeddable":true,"href":"https:\/\/medicinasinc.com\/sl\/wp-json\/wp\/v2\/product_tag?post=5816"}],"curies":[{"name":"wp","href":"https:\/\/api.w.org\/{rel}","templated":true}]}}