{"id":5810,"date":"2022-02-22T06:41:43","date_gmt":"2022-02-22T06:41:43","guid":{"rendered":"https:\/\/medicinasinc.com\/sl\/?post_type=product&#038;p=5810"},"modified":"2022-03-19T00:16:25","modified_gmt":"2022-03-19T00:16:25","slug":"kupi-nembutal-tablete-2","status":"publish","type":"product","link":"https:\/\/medicinasinc.com\/sl\/product\/kupi-nembutal-tablete-2\/","title":{"rendered":"Kupite tablete Nembutal"},"content":{"rendered":"<p>Tablete Nembutal za prodajo na spletu po najni\u017ejih cenah v na\u0161i ugledni spletni lekarni<\/p>\n<p>Spletna platforma je vsem omogo\u010dila enostavne in enostavne nakupe tablet Nembutal. \u010ce ste zainteresirani za nakup tablet Nembutal tudi prek spleta, se pove\u017eite s spletno lekarno Nembutal. Na\u0161a lekarna je predana, zanesljiva in ekonomi\u010dna lokacija, kjer lahko izpolnite svoje potrebe po Nembutalu.<\/p>\n<p>Verjamemo v pomen visokokakovostnih izdelkov in si prizadevamo, da jih ponudimo na\u0161im strankam. Va\u0161o zahtevo za nakup tablet Nembutal na spletu bomo takoj izpolnili po najbolj\u0161i ceni. Ne bomo vas \u010dakali v nedogled. Na\u0161a spletna lekarna bo va\u0161e izdelke takoj poslala. Na\u0161 distribucijski sistem je diskreten in varen. Ne pu\u0161\u010damo prostora za napake. Vsa naro\u010dila so tukaj strokovno izvedena. Kupite takoj!<\/p>\n<p>Tablete Nembutal \u2013 Izobra\u017eite se o njegovi varni uporabi s pomo\u010djo na\u0161e strokovne ekipe<\/p>\n<p>Tablete Nembutal so obse\u017eno predpisane za zdravljenje nespe\u010dnosti, sedacije in epilepti\u010dnih motenj. \u017de dolgo \u010dasa dobavljamo tablete Nembutal po vsem svetu. V nekaterih primerih kirurgi uporabljajo to zdravilo za pomiritev pacientov, preden jim opravijo operacijo. Na teh tabletah izvajamo redne teste, da zagotovimo njihovo u\u010dinkovitost.<\/p>\n<p>Vklju\u010dujemo vodnik za zdravila s tabletami Nembutal. To na\u0161im strankam pomaga pri pravilnem dajanju zdravila in razumevanju ustreznega odmerka glede na njihovo te\u017eo, starost in zdravstveno stanje. Poleg tega verjamemo, da so tablete nembutal najpreprostej\u0161e in naju\u010dinkovitej\u0161e zdravilo za osebe, ki imajo te\u017eave s spanjem.<\/p>\n<p>Na\u0161i strokovnjaki so na voljo 24 ur na dan, da vam pomagajo razumeti vse v zvezi s tabletami Nembutal. Na\u0161e tablete Nembutal imajo razumno ceno. Vendar vam ni treba skrbeti glede stro\u0161kov tega izdelka. Takoj naro\u010dite svoje zahteve!<\/p>\n","protected":false},"excerpt":{"rendered":"<p>Kako vam lahko pomagamo kupiti tablete nembutal fenobarbital za prodajo v Veliki Britaniji, Evropi na spletu? Spletna lekarna Nembutal je na voljo vsem ljudem po vsem svetu. Lahko nas kontaktirate kadarkoli in kjer koli.<\/p>\n<p>V spletni lekarni Nembutal lahko kupite tablete Nembutal in jih v nekaj dneh dostavijo na va\u0161 naveden naslov. Za dokon\u010danje transakcije morate tablete Nembutal dodati v va\u0161 spletni nakupovalni vozi\u010dek. Pojdite na razdelek za pla\u010dila in ga pla\u010dajte, ko ga dodate. Svoje naro\u010dilo boste lahko oddali takoj, ko boste opravili pla\u010dilo. Va\u0161e naro\u010dilo vam bomo dostavili takoj, ko ga prejme na\u0161a spletna lekarna. Naro\u010dite ob tem \u010dasu!<\/p>\n","protected":false},"featured_media":5820,"comment_status":"open","ping_status":"closed","template":"","meta":[],"product_brand":[],"product_cat":[3818],"product_tag":[],"class_list":{"0":"post-5810","1":"product","2":"type-product","3":"status-publish","4":"has-post-thumbnail","6":"product_cat-pentobarbital-naprodaj","8":"first","9":"instock","10":"shipping-taxable","11":"purchasable","12":"product-type-variable"},"yoast_head":"<!-- This site is optimized with the Yoast SEO plugin v27.3 - https:\/\/yoast.com\/product\/yoast-seo-wordpress\/ -->\n<title>Kupite tablete nembutal - najbolj\u0161a zdravila v svetu<\/title>\n<meta name=\"description\" content=\"Kako vam lahko pomagamo kupiti tablete nembutal fenobarbital za prodajo v Veliki Britaniji, Evropi na spletu? Spletna lekarna Nembutal je na voljo vsem ljudem po vsem svetu. Do nas lahko pridete kadarkoli in kjerkoli.\" \/>\n<meta name=\"robots\" content=\"index, follow, max-snippet:-1, max-image-preview:large, max-video-preview:-1\" \/>\n<link rel=\"canonical\" href=\"https:\/\/medicinasinc.com\/sl\/product\/kupi-nembutal-tablete-2\/\" \/>\n<meta property=\"og:locale\" content=\"en_US\" \/>\n<meta property=\"og:type\" content=\"article\" \/>\n<meta property=\"og:title\" content=\"Kupite tablete nembutal - najbolj\u0161a zdravila v svetu\" \/>\n<meta property=\"og:description\" content=\"Kako vam lahko pomagamo kupiti tablete nembutal fenobarbital za prodajo v Veliki Britaniji, Evropi na spletu? Spletna lekarna Nembutal je na voljo vsem ljudem po vsem svetu. Do nas lahko pridete kadarkoli in kjerkoli.\" \/>\n<meta property=\"og:url\" content=\"https:\/\/medicinasinc.com\/sl\/product\/kupi-nembutal-tablete-2\/\" \/>\n<meta property=\"og:site_name\" content=\"Medicinas Inc\" \/>\n<meta property=\"article:modified_time\" content=\"2022-03-19T00:16:25+00:00\" \/>\n<meta property=\"og:image\" content=\"https:\/\/medicinasinc.com\/sl\/wp-content\/uploads\/sites\/7\/2022\/02\/Buy-Nembutal-Tablets.jpg\" \/>\n\t<meta property=\"og:image:width\" content=\"600\" \/>\n\t<meta property=\"og:image:height\" content=\"600\" \/>\n\t<meta property=\"og:image:type\" content=\"image\/jpeg\" \/>\n<meta name=\"twitter:card\" content=\"summary_large_image\" \/>\n<meta name=\"twitter:label1\" content=\"Est. reading time\" \/>\n\t<meta name=\"twitter:data1\" content=\"2 minutes\" \/>\n<script type=\"application\/ld+json\" class=\"yoast-schema-graph\">{\"@context\":\"https:\\\/\\\/schema.org\",\"@graph\":[{\"@type\":\"WebPage\",\"@id\":\"https:\\\/\\\/medicinasinc.com\\\/sl\\\/product\\\/kupi-nembutal-tablete-2\\\/\",\"url\":\"https:\\\/\\\/medicinasinc.com\\\/sl\\\/product\\\/kupi-nembutal-tablete-2\\\/\",\"name\":\"Kupite tablete nembutal - najbolj\u0161a zdravila v svetu\",\"isPartOf\":{\"@id\":\"https:\\\/\\\/medicinasinc.com\\\/sl\\\/#website\"},\"primaryImageOfPage\":{\"@id\":\"https:\\\/\\\/medicinasinc.com\\\/sl\\\/product\\\/kupi-nembutal-tablete-2\\\/#primaryimage\"},\"image\":{\"@id\":\"https:\\\/\\\/medicinasinc.com\\\/sl\\\/product\\\/kupi-nembutal-tablete-2\\\/#primaryimage\"},\"thumbnailUrl\":\"https:\\\/\\\/medicinasinc.com\\\/sl\\\/wp-content\\\/uploads\\\/sites\\\/7\\\/2022\\\/02\\\/Buy-Nembutal-Tablets.jpg\",\"datePublished\":\"2022-02-22T06:41:43+00:00\",\"dateModified\":\"2022-03-19T00:16:25+00:00\",\"description\":\"Kako vam lahko pomagamo kupiti tablete nembutal fenobarbital za prodajo v Veliki Britaniji, Evropi na spletu? Spletna lekarna Nembutal je na voljo vsem ljudem po vsem svetu. Do nas lahko pridete kadarkoli in kjerkoli.\",\"breadcrumb\":{\"@id\":\"https:\\\/\\\/medicinasinc.com\\\/sl\\\/product\\\/kupi-nembutal-tablete-2\\\/#breadcrumb\"},\"inLanguage\":\"en-US\",\"potentialAction\":[{\"@type\":\"ReadAction\",\"target\":[\"https:\\\/\\\/medicinasinc.com\\\/sl\\\/product\\\/kupi-nembutal-tablete-2\\\/\"]}]},{\"@type\":\"ImageObject\",\"inLanguage\":\"en-US\",\"@id\":\"https:\\\/\\\/medicinasinc.com\\\/sl\\\/product\\\/kupi-nembutal-tablete-2\\\/#primaryimage\",\"url\":\"https:\\\/\\\/medicinasinc.com\\\/sl\\\/wp-content\\\/uploads\\\/sites\\\/7\\\/2022\\\/02\\\/Buy-Nembutal-Tablets.jpg\",\"contentUrl\":\"https:\\\/\\\/medicinasinc.com\\\/sl\\\/wp-content\\\/uploads\\\/sites\\\/7\\\/2022\\\/02\\\/Buy-Nembutal-Tablets.jpg\",\"width\":600,\"height\":600},{\"@type\":\"BreadcrumbList\",\"@id\":\"https:\\\/\\\/medicinasinc.com\\\/sl\\\/product\\\/kupi-nembutal-tablete-2\\\/#breadcrumb\",\"itemListElement\":[{\"@type\":\"ListItem\",\"position\":1,\"name\":\"Nakupujte\",\"item\":\"https:\\\/\\\/medicinasinc.com\\\/sl\\\/nakupujte\\\/\"},{\"@type\":\"ListItem\",\"position\":2,\"name\":\"Kupite tablete Nembutal\"}]},{\"@type\":\"WebSite\",\"@id\":\"https:\\\/\\\/medicinasinc.com\\\/sl\\\/#website\",\"url\":\"https:\\\/\\\/medicinasinc.com\\\/sl\\\/\",\"name\":\"Medicinas Inc\",\"description\":\"Health Medical Clinic\",\"potentialAction\":[{\"@type\":\"SearchAction\",\"target\":{\"@type\":\"EntryPoint\",\"urlTemplate\":\"https:\\\/\\\/medicinasinc.com\\\/sl\\\/?s={search_term_string}\"},\"query-input\":{\"@type\":\"PropertyValueSpecification\",\"valueRequired\":true,\"valueName\":\"search_term_string\"}}],\"inLanguage\":\"en-US\"}]}<\/script>\n<!-- \/ Yoast SEO plugin. -->","yoast_head_json":{"title":"Kupite tablete nembutal - najbolj\u0161a zdravila v svetu","description":"Kako vam lahko pomagamo kupiti tablete nembutal fenobarbital za prodajo v Veliki Britaniji, Evropi na spletu? Spletna lekarna Nembutal je na voljo vsem ljudem po vsem svetu. Do nas lahko pridete kadarkoli in kjerkoli.","robots":{"index":"index","follow":"follow","max-snippet":"max-snippet:-1","max-image-preview":"max-image-preview:large","max-video-preview":"max-video-preview:-1"},"canonical":"https:\/\/medicinasinc.com\/sl\/product\/kupi-nembutal-tablete-2\/","og_locale":"en_US","og_type":"article","og_title":"Kupite tablete nembutal - najbolj\u0161a zdravila v svetu","og_description":"Kako vam lahko pomagamo kupiti tablete nembutal fenobarbital za prodajo v Veliki Britaniji, Evropi na spletu? Spletna lekarna Nembutal je na voljo vsem ljudem po vsem svetu. Do nas lahko pridete kadarkoli in kjerkoli.","og_url":"https:\/\/medicinasinc.com\/sl\/product\/kupi-nembutal-tablete-2\/","og_site_name":"Medicinas Inc","article_modified_time":"2022-03-19T00:16:25+00:00","og_image":[{"width":600,"height":600,"url":"https:\/\/medicinasinc.com\/sl\/wp-content\/uploads\/sites\/7\/2022\/02\/Buy-Nembutal-Tablets.jpg","type":"image\/jpeg"}],"twitter_card":"summary_large_image","twitter_misc":{"Est. reading time":"2 minutes"},"schema":{"@context":"https:\/\/schema.org","@graph":[{"@type":"WebPage","@id":"https:\/\/medicinasinc.com\/sl\/product\/kupi-nembutal-tablete-2\/","url":"https:\/\/medicinasinc.com\/sl\/product\/kupi-nembutal-tablete-2\/","name":"Kupite tablete nembutal - najbolj\u0161a zdravila v svetu","isPartOf":{"@id":"https:\/\/medicinasinc.com\/sl\/#website"},"primaryImageOfPage":{"@id":"https:\/\/medicinasinc.com\/sl\/product\/kupi-nembutal-tablete-2\/#primaryimage"},"image":{"@id":"https:\/\/medicinasinc.com\/sl\/product\/kupi-nembutal-tablete-2\/#primaryimage"},"thumbnailUrl":"https:\/\/medicinasinc.com\/sl\/wp-content\/uploads\/sites\/7\/2022\/02\/Buy-Nembutal-Tablets.jpg","datePublished":"2022-02-22T06:41:43+00:00","dateModified":"2022-03-19T00:16:25+00:00","description":"Kako vam lahko pomagamo kupiti tablete nembutal fenobarbital za prodajo v Veliki Britaniji, Evropi na spletu? Spletna lekarna Nembutal je na voljo vsem ljudem po vsem svetu. Do nas lahko pridete kadarkoli in kjerkoli.","breadcrumb":{"@id":"https:\/\/medicinasinc.com\/sl\/product\/kupi-nembutal-tablete-2\/#breadcrumb"},"inLanguage":"en-US","potentialAction":[{"@type":"ReadAction","target":["https:\/\/medicinasinc.com\/sl\/product\/kupi-nembutal-tablete-2\/"]}]},{"@type":"ImageObject","inLanguage":"en-US","@id":"https:\/\/medicinasinc.com\/sl\/product\/kupi-nembutal-tablete-2\/#primaryimage","url":"https:\/\/medicinasinc.com\/sl\/wp-content\/uploads\/sites\/7\/2022\/02\/Buy-Nembutal-Tablets.jpg","contentUrl":"https:\/\/medicinasinc.com\/sl\/wp-content\/uploads\/sites\/7\/2022\/02\/Buy-Nembutal-Tablets.jpg","width":600,"height":600},{"@type":"BreadcrumbList","@id":"https:\/\/medicinasinc.com\/sl\/product\/kupi-nembutal-tablete-2\/#breadcrumb","itemListElement":[{"@type":"ListItem","position":1,"name":"Nakupujte","item":"https:\/\/medicinasinc.com\/sl\/nakupujte\/"},{"@type":"ListItem","position":2,"name":"Kupite tablete Nembutal"}]},{"@type":"WebSite","@id":"https:\/\/medicinasinc.com\/sl\/#website","url":"https:\/\/medicinasinc.com\/sl\/","name":"Medicinas Inc","description":"Health Medical Clinic","potentialAction":[{"@type":"SearchAction","target":{"@type":"EntryPoint","urlTemplate":"https:\/\/medicinasinc.com\/sl\/?s={search_term_string}"},"query-input":{"@type":"PropertyValueSpecification","valueRequired":true,"valueName":"search_term_string"}}],"inLanguage":"en-US"}]}},"_links":{"self":[{"href":"https:\/\/medicinasinc.com\/sl\/wp-json\/wp\/v2\/product\/5810","targetHints":{"allow":["GET"]}}],"collection":[{"href":"https:\/\/medicinasinc.com\/sl\/wp-json\/wp\/v2\/product"}],"about":[{"href":"https:\/\/medicinasinc.com\/sl\/wp-json\/wp\/v2\/types\/product"}],"replies":[{"embeddable":true,"href":"https:\/\/medicinasinc.com\/sl\/wp-json\/wp\/v2\/comments?post=5810"}],"wp:featuredmedia":[{"embeddable":true,"href":"https:\/\/medicinasinc.com\/sl\/wp-json\/wp\/v2\/media\/5820"}],"wp:attachment":[{"href":"https:\/\/medicinasinc.com\/sl\/wp-json\/wp\/v2\/media?parent=5810"}],"wp:term":[{"taxonomy":"product_brand","embeddable":true,"href":"https:\/\/medicinasinc.com\/sl\/wp-json\/wp\/v2\/product_brand?post=5810"},{"taxonomy":"product_cat","embeddable":true,"href":"https:\/\/medicinasinc.com\/sl\/wp-json\/wp\/v2\/product_cat?post=5810"},{"taxonomy":"product_tag","embeddable":true,"href":"https:\/\/medicinasinc.com\/sl\/wp-json\/wp\/v2\/product_tag?post=5810"}],"curies":[{"name":"wp","href":"https:\/\/api.w.org\/{rel}","templated":true}]}}