{"id":5804,"date":"2022-02-22T06:35:00","date_gmt":"2022-02-22T06:35:00","guid":{"rendered":"https:\/\/medicinasinc.com\/sl\/?post_type=product&#038;p=5804"},"modified":"2022-03-19T00:16:37","modified_gmt":"2022-03-19T00:16:37","slug":"kupite-pentobarbital-natrij-online","status":"publish","type":"product","link":"https:\/\/medicinasinc.com\/sl\/product\/kupite-pentobarbital-natrij-online\/","title":{"rendered":"Kupite natrijev pentobarbital na spletu"},"content":{"rendered":"<p>Kupite natrijev pentobarbital na spletu.<\/p>\n<p>Intravenska ali intramuskularna injekcija raztopine NEMBUTAL Sodium (injekcija natrijevega pentobarbitala) je varna in enostavna z uporabo te sterilne raztopine. Za injiciranje vsak mililiter vsebuje 50 miligramov natrijevega pentobarbitala, raztopljenega v 40-odstotnem propilen glikolu, 10-odstotnem etanolu in vodi. S klorovodikovo kislino ali natrijevim hidroksidom lahko pH dvignemo na 9,5. Lahko se injicira v mi\u0161ico ali veno bolnika. Spletni nakup natrijevega pentobarbitala za evtanazijo \u017eivali, natrijevega pentobarbitala za \u017eivalsko evtanazijo, skupine natrijevega pentobarbitala, teko\u010dine natrijevega pentobarbitala.<\/p>\n<p>Pri Best Global Meds lahko zdaj kupite natrijev pentobarbital na spletu. Naro\u010dite Pentobarbital Sodium Injection na spletu in ga v danem \u010dasovnem okviru dostavite na va\u0161 prag. Takoj stopite v stik z nami! Natrijev pentobarbital za \u017eivalsko evtanazijo, pentobarbital natrijeva teko\u010dina<\/p>\n<p>Pentobarbital: kaj je in kako se uporablja?<\/p>\n<p>Kratkotrajna uporaba pentobarbitala, barbiturata, se uporablja za zdravljenje nespe\u010dnosti. Za uspavanje pacientov zaradi operacije se pentobarbital lahko uporablja tudi kot nujno zdravljenje. Spletni nakup natrijevega pentobarbitala, natrijevega pentobarbitala za \u017eivalsko evtanazijo in natrijevega pentobarbitala<\/p>\n<p>Pentobarbital lahko v velikih odmerkih povzro\u010di zastoj dihanja, kar vodi v smrt. Nekatere zvezne dr\u017eave in zvezna vlada v Zdru\u017eenih dr\u017eavah ga uporabljajo za usmrtitev kriminalcev, pa tudi za evtanazijo \u017eivali. Nakup pentobarbital Sodium na spletu.<\/p>\n<p>\u010ce ga dajemo v smrtonosnih koli\u010dinah, je pentobarbital smrtonosen. S tem zdravilom se lahko izvaja evtanazija \u017eivali in ljudi. Pri komercialnih injekcijah za evtanazijo \u017eivali se lahko uporablja samostojno ali v kombinaciji z drugimi zdravili, kot je fenitoin.<\/p>\n<p>Evtanazija s pentobarbitalom<\/p>\n<p>Eden najpogosteje uporabljenih barbituratov za anestezijo in evtanazijo. na podro\u010dju veterine je pentobarbital (Nembutal). \u010ce \u017eelite mirno umreti, je to odli\u010dna izbira za evtanazijo ali pomo\u010d pri samomoru. Kupite natrijev pentobarbital na spletu.<\/p>\n<p>Na kak\u0161en na\u010din se natrijev pentobarbital dostavi?<br \/> Pentobarbital je pomirjevalo, ki se lahko daje intravensko ali intraperitonealno. Pentobarbital se lahko daje kot bolus (Borkowski et al., 1990) ali CRI, \u010de se uporablja kot splo\u0161ni anestetik. Nelagodje pri injiciranju in tromboflebitis sta mo\u017ena stranska u\u010dinka propilen glikola, ki je pogosta sestavina komercialnega zdravljenja. Kupite natrijev pentobarbital na spletu.<\/p>\n<p>&nbsp;<\/p>\n<p>Nakup natrijevega pentobarbitala v Zdru\u017eenem kraljestvu, pridobivanje natrijevega pentobarbitala za pse, pridobivanje uspavalnih tablet, ki vsebujejo natrijev pentobarbital, pridobivanje nembutal natrijevega pentobarbitala in pridobivanje natrijevega pentobarbitala na pultu so vse mo\u017ene mo\u017enosti. Mo\u017enost je tudi nakup natrijevega pentobarbitala v Zdru\u017eenem kraljestvu. Uporaba zdravila pentobarbital, znanega tudi kot pentobarbitalna sol, je pomirjevalo, ki se uporablja za zdravljenje epilepti\u010dnih napadov pri psih. Pentobarbital Sodium Online, Pentobarbital Sodium Buy, Pentobarbital Sodium China, Pentobarbital Sodium Death, Pentobarbital Sodium Dosage, Pentobarbital Sodium Injection za pse, Pentobarbital Sodium Injection za ljudi, Pentobarbital Sodium For Human, Pentobarbital Sodium, Pentobarbital Sodium, Pentobarbital Pento I \/p&gt;<\/p>\n","protected":false},"excerpt":{"rendered":"<p>Nembutal Pentobarbital za prodajo UK, Evropa na spletu po najbolj\u0161ih cenah je mogo\u010de najti samo v Spletni lekarni Nembutal.<\/p>\n<p>Za intravensko ali intramuskularno uporabo je injekcija natrijevega pentobarbitala sterilna. Za injiciranje vsak mililiter vsebuje 50 miligramov natrijevega pentobarbitala, raztopljenega v 40-odstotnem propilen glikolu, 10-odstotnem etanolu in vodi. S klorovodikovo kislino ali natrijevim hidroksidom lahko pH dvignemo na 9,5.<\/p>\n","protected":false},"featured_media":5814,"comment_status":"open","ping_status":"closed","template":"","meta":[],"product_brand":[],"product_cat":[3818],"product_tag":[],"class_list":{"0":"post-5804","1":"product","2":"type-product","3":"status-publish","4":"has-post-thumbnail","6":"product_cat-pentobarbital-naprodaj","8":"first","9":"instock","10":"shipping-taxable","11":"purchasable","12":"product-type-variable"},"yoast_head":"<!-- This site is optimized with the Yoast SEO plugin v27.3 - https:\/\/yoast.com\/product\/yoast-seo-wordpress\/ -->\n<title>Kupite natrijev pentobarbital na spletu - najbolj\u0161a zdravila na svetu<\/title>\n<meta name=\"description\" content=\"Spletna lekarna Nembutal je edina zanesljiva destinacija, kjer lahko kupite Nembutal Pentobarbital za prodajo v Zdru\u017eenem kraljestvu, Evropi na spletu po najbolj\u0161ih razpolo\u017eljivih cenah.\" \/>\n<meta name=\"robots\" content=\"index, follow, max-snippet:-1, max-image-preview:large, max-video-preview:-1\" \/>\n<link rel=\"canonical\" href=\"https:\/\/medicinasinc.com\/sl\/product\/kupite-pentobarbital-natrij-online\/\" \/>\n<meta property=\"og:locale\" content=\"en_US\" \/>\n<meta property=\"og:type\" content=\"article\" \/>\n<meta property=\"og:title\" content=\"Kupite natrijev pentobarbital na spletu - najbolj\u0161a zdravila na svetu\" \/>\n<meta property=\"og:description\" content=\"Spletna lekarna Nembutal je edina zanesljiva destinacija, kjer lahko kupite Nembutal Pentobarbital za prodajo v Zdru\u017eenem kraljestvu, Evropi na spletu po najbolj\u0161ih razpolo\u017eljivih cenah.\" \/>\n<meta property=\"og:url\" content=\"https:\/\/medicinasinc.com\/sl\/product\/kupite-pentobarbital-natrij-online\/\" \/>\n<meta property=\"og:site_name\" content=\"Medicinas Inc\" \/>\n<meta property=\"article:modified_time\" content=\"2022-03-19T00:16:37+00:00\" \/>\n<meta property=\"og:image\" content=\"https:\/\/medicinasinc.com\/sl\/wp-content\/uploads\/sites\/7\/2022\/02\/buy-Nembutal-Pentobarbital.jpg\" \/>\n\t<meta property=\"og:image:width\" content=\"600\" \/>\n\t<meta property=\"og:image:height\" content=\"600\" \/>\n\t<meta property=\"og:image:type\" content=\"image\/jpeg\" \/>\n<meta name=\"twitter:card\" content=\"summary_large_image\" \/>\n<meta name=\"twitter:label1\" content=\"Est. reading time\" \/>\n\t<meta name=\"twitter:data1\" content=\"3 minutes\" \/>\n<script type=\"application\/ld+json\" class=\"yoast-schema-graph\">{\"@context\":\"https:\\\/\\\/schema.org\",\"@graph\":[{\"@type\":\"WebPage\",\"@id\":\"https:\\\/\\\/medicinasinc.com\\\/sl\\\/product\\\/kupite-pentobarbital-natrij-online\\\/\",\"url\":\"https:\\\/\\\/medicinasinc.com\\\/sl\\\/product\\\/kupite-pentobarbital-natrij-online\\\/\",\"name\":\"Kupite natrijev pentobarbital na spletu - najbolj\u0161a zdravila na svetu\",\"isPartOf\":{\"@id\":\"https:\\\/\\\/medicinasinc.com\\\/sl\\\/#website\"},\"primaryImageOfPage\":{\"@id\":\"https:\\\/\\\/medicinasinc.com\\\/sl\\\/product\\\/kupite-pentobarbital-natrij-online\\\/#primaryimage\"},\"image\":{\"@id\":\"https:\\\/\\\/medicinasinc.com\\\/sl\\\/product\\\/kupite-pentobarbital-natrij-online\\\/#primaryimage\"},\"thumbnailUrl\":\"https:\\\/\\\/medicinasinc.com\\\/sl\\\/wp-content\\\/uploads\\\/sites\\\/7\\\/2022\\\/02\\\/buy-Nembutal-Pentobarbital.jpg\",\"datePublished\":\"2022-02-22T06:35:00+00:00\",\"dateModified\":\"2022-03-19T00:16:37+00:00\",\"description\":\"Spletna lekarna Nembutal je edina zanesljiva destinacija, kjer lahko kupite Nembutal Pentobarbital za prodajo v Zdru\u017eenem kraljestvu, Evropi na spletu po najbolj\u0161ih razpolo\u017eljivih cenah.\",\"breadcrumb\":{\"@id\":\"https:\\\/\\\/medicinasinc.com\\\/sl\\\/product\\\/kupite-pentobarbital-natrij-online\\\/#breadcrumb\"},\"inLanguage\":\"en-US\",\"potentialAction\":[{\"@type\":\"ReadAction\",\"target\":[\"https:\\\/\\\/medicinasinc.com\\\/sl\\\/product\\\/kupite-pentobarbital-natrij-online\\\/\"]}]},{\"@type\":\"ImageObject\",\"inLanguage\":\"en-US\",\"@id\":\"https:\\\/\\\/medicinasinc.com\\\/sl\\\/product\\\/kupite-pentobarbital-natrij-online\\\/#primaryimage\",\"url\":\"https:\\\/\\\/medicinasinc.com\\\/sl\\\/wp-content\\\/uploads\\\/sites\\\/7\\\/2022\\\/02\\\/buy-Nembutal-Pentobarbital.jpg\",\"contentUrl\":\"https:\\\/\\\/medicinasinc.com\\\/sl\\\/wp-content\\\/uploads\\\/sites\\\/7\\\/2022\\\/02\\\/buy-Nembutal-Pentobarbital.jpg\",\"width\":600,\"height\":600,\"caption\":\"Buy Nembutal Online\"},{\"@type\":\"BreadcrumbList\",\"@id\":\"https:\\\/\\\/medicinasinc.com\\\/sl\\\/product\\\/kupite-pentobarbital-natrij-online\\\/#breadcrumb\",\"itemListElement\":[{\"@type\":\"ListItem\",\"position\":1,\"name\":\"Nakupujte\",\"item\":\"https:\\\/\\\/medicinasinc.com\\\/sl\\\/nakupujte\\\/\"},{\"@type\":\"ListItem\",\"position\":2,\"name\":\"Kupite natrijev pentobarbital na spletu\"}]},{\"@type\":\"WebSite\",\"@id\":\"https:\\\/\\\/medicinasinc.com\\\/sl\\\/#website\",\"url\":\"https:\\\/\\\/medicinasinc.com\\\/sl\\\/\",\"name\":\"Medicinas Inc\",\"description\":\"Health Medical Clinic\",\"potentialAction\":[{\"@type\":\"SearchAction\",\"target\":{\"@type\":\"EntryPoint\",\"urlTemplate\":\"https:\\\/\\\/medicinasinc.com\\\/sl\\\/?s={search_term_string}\"},\"query-input\":{\"@type\":\"PropertyValueSpecification\",\"valueRequired\":true,\"valueName\":\"search_term_string\"}}],\"inLanguage\":\"en-US\"}]}<\/script>\n<!-- \/ Yoast SEO plugin. -->","yoast_head_json":{"title":"Kupite natrijev pentobarbital na spletu - najbolj\u0161a zdravila na svetu","description":"Spletna lekarna Nembutal je edina zanesljiva destinacija, kjer lahko kupite Nembutal Pentobarbital za prodajo v Zdru\u017eenem kraljestvu, Evropi na spletu po najbolj\u0161ih razpolo\u017eljivih cenah.","robots":{"index":"index","follow":"follow","max-snippet":"max-snippet:-1","max-image-preview":"max-image-preview:large","max-video-preview":"max-video-preview:-1"},"canonical":"https:\/\/medicinasinc.com\/sl\/product\/kupite-pentobarbital-natrij-online\/","og_locale":"en_US","og_type":"article","og_title":"Kupite natrijev pentobarbital na spletu - najbolj\u0161a zdravila na svetu","og_description":"Spletna lekarna Nembutal je edina zanesljiva destinacija, kjer lahko kupite Nembutal Pentobarbital za prodajo v Zdru\u017eenem kraljestvu, Evropi na spletu po najbolj\u0161ih razpolo\u017eljivih cenah.","og_url":"https:\/\/medicinasinc.com\/sl\/product\/kupite-pentobarbital-natrij-online\/","og_site_name":"Medicinas Inc","article_modified_time":"2022-03-19T00:16:37+00:00","og_image":[{"width":600,"height":600,"url":"https:\/\/medicinasinc.com\/sl\/wp-content\/uploads\/sites\/7\/2022\/02\/buy-Nembutal-Pentobarbital.jpg","type":"image\/jpeg"}],"twitter_card":"summary_large_image","twitter_misc":{"Est. reading time":"3 minutes"},"schema":{"@context":"https:\/\/schema.org","@graph":[{"@type":"WebPage","@id":"https:\/\/medicinasinc.com\/sl\/product\/kupite-pentobarbital-natrij-online\/","url":"https:\/\/medicinasinc.com\/sl\/product\/kupite-pentobarbital-natrij-online\/","name":"Kupite natrijev pentobarbital na spletu - najbolj\u0161a zdravila na svetu","isPartOf":{"@id":"https:\/\/medicinasinc.com\/sl\/#website"},"primaryImageOfPage":{"@id":"https:\/\/medicinasinc.com\/sl\/product\/kupite-pentobarbital-natrij-online\/#primaryimage"},"image":{"@id":"https:\/\/medicinasinc.com\/sl\/product\/kupite-pentobarbital-natrij-online\/#primaryimage"},"thumbnailUrl":"https:\/\/medicinasinc.com\/sl\/wp-content\/uploads\/sites\/7\/2022\/02\/buy-Nembutal-Pentobarbital.jpg","datePublished":"2022-02-22T06:35:00+00:00","dateModified":"2022-03-19T00:16:37+00:00","description":"Spletna lekarna Nembutal je edina zanesljiva destinacija, kjer lahko kupite Nembutal Pentobarbital za prodajo v Zdru\u017eenem kraljestvu, Evropi na spletu po najbolj\u0161ih razpolo\u017eljivih cenah.","breadcrumb":{"@id":"https:\/\/medicinasinc.com\/sl\/product\/kupite-pentobarbital-natrij-online\/#breadcrumb"},"inLanguage":"en-US","potentialAction":[{"@type":"ReadAction","target":["https:\/\/medicinasinc.com\/sl\/product\/kupite-pentobarbital-natrij-online\/"]}]},{"@type":"ImageObject","inLanguage":"en-US","@id":"https:\/\/medicinasinc.com\/sl\/product\/kupite-pentobarbital-natrij-online\/#primaryimage","url":"https:\/\/medicinasinc.com\/sl\/wp-content\/uploads\/sites\/7\/2022\/02\/buy-Nembutal-Pentobarbital.jpg","contentUrl":"https:\/\/medicinasinc.com\/sl\/wp-content\/uploads\/sites\/7\/2022\/02\/buy-Nembutal-Pentobarbital.jpg","width":600,"height":600,"caption":"Buy Nembutal Online"},{"@type":"BreadcrumbList","@id":"https:\/\/medicinasinc.com\/sl\/product\/kupite-pentobarbital-natrij-online\/#breadcrumb","itemListElement":[{"@type":"ListItem","position":1,"name":"Nakupujte","item":"https:\/\/medicinasinc.com\/sl\/nakupujte\/"},{"@type":"ListItem","position":2,"name":"Kupite natrijev pentobarbital na spletu"}]},{"@type":"WebSite","@id":"https:\/\/medicinasinc.com\/sl\/#website","url":"https:\/\/medicinasinc.com\/sl\/","name":"Medicinas Inc","description":"Health Medical Clinic","potentialAction":[{"@type":"SearchAction","target":{"@type":"EntryPoint","urlTemplate":"https:\/\/medicinasinc.com\/sl\/?s={search_term_string}"},"query-input":{"@type":"PropertyValueSpecification","valueRequired":true,"valueName":"search_term_string"}}],"inLanguage":"en-US"}]}},"_links":{"self":[{"href":"https:\/\/medicinasinc.com\/sl\/wp-json\/wp\/v2\/product\/5804","targetHints":{"allow":["GET"]}}],"collection":[{"href":"https:\/\/medicinasinc.com\/sl\/wp-json\/wp\/v2\/product"}],"about":[{"href":"https:\/\/medicinasinc.com\/sl\/wp-json\/wp\/v2\/types\/product"}],"replies":[{"embeddable":true,"href":"https:\/\/medicinasinc.com\/sl\/wp-json\/wp\/v2\/comments?post=5804"}],"wp:featuredmedia":[{"embeddable":true,"href":"https:\/\/medicinasinc.com\/sl\/wp-json\/wp\/v2\/media\/5814"}],"wp:attachment":[{"href":"https:\/\/medicinasinc.com\/sl\/wp-json\/wp\/v2\/media?parent=5804"}],"wp:term":[{"taxonomy":"product_brand","embeddable":true,"href":"https:\/\/medicinasinc.com\/sl\/wp-json\/wp\/v2\/product_brand?post=5804"},{"taxonomy":"product_cat","embeddable":true,"href":"https:\/\/medicinasinc.com\/sl\/wp-json\/wp\/v2\/product_cat?post=5804"},{"taxonomy":"product_tag","embeddable":true,"href":"https:\/\/medicinasinc.com\/sl\/wp-json\/wp\/v2\/product_tag?post=5804"}],"curies":[{"name":"wp","href":"https:\/\/api.w.org\/{rel}","templated":true}]}}