{"id":5798,"date":"2022-02-22T06:27:38","date_gmt":"2022-02-22T06:27:38","guid":{"rendered":"https:\/\/medicinasinc.com\/sl\/?post_type=product&#038;p=5798"},"modified":"2022-03-19T00:16:51","modified_gmt":"2022-03-19T00:16:51","slug":"buy-phenobarbital-phenobarbital-luminal","status":"publish","type":"product","link":"https:\/\/medicinasinc.com\/sl\/product\/buy-phenobarbital-phenobarbital-luminal\/","title":{"rendered":"Kupite Phenobarbital (Phenobarbital) \/ Luminal"},"content":{"rendered":"<p>Kupite poceni Phenobarbital Luminal Phenobarbital Luminal na spletu v ugledni lekarni po najbolj\u0161i ceni<\/p>\n<p>Uporaba spletne lekarne, kot je Nembutal Pharmacy, je priro\u010den na\u010din za potro\u0161nike, da dobijo svoje recepte in zdravila. Phenobarbital Luminal lahko kadar koli kupite na na\u0161i spletni strani, zato ne zamudite. Tukaj lahko kupite to zdravilo po razumni ceni.<\/p>\n<p>Z na\u0161o spletno lekarno ste morda prepri\u010dani, da boste vedno dobili visokokakovostna zdravila. Stranke lahko pri\u010dakujejo, da bodo njihovi recepti prispeli pravo\u010dasno v to lekarno. Pri svojem delu ne prena\u0161amo po\u010dasnosti in vsako nalogo opravimo hitro. Takoj se pove\u017eite z nami, da naro\u010dite Phenobarbital Luminal na spletu po najbolj\u0161i ceni in ga hitro dostavite, \u010de i\u0161\u010dete spletno lekarno, kot je na\u0161a!<\/p>\n<p>Luminal Phenobarbital: Kaj lahko storimo, da zagotovimo, da ga boste uporabljali Varno?<\/p>\n<p>Phenobarbital Luminal je dobro uveljavljeno zdravilo za zdravljenje epilepti\u010dnih napadov. To zdravilo lahko vzamete tudi za zdravljenje tesnobe, nespe\u010dnosti in drugih stanj. Preden vzamete to zdravilo, se morate posvetovati s svojim zdravnikom. Phenobarbital Luminal je treba za\u010deti \u0161ele po temeljitem pogovoru s svojim zdravnikom.<\/p>\n<p>Ob vsakem naro\u010dilu na\u0161a spletna lekarna nudi podroben vodnik za zdravila. Zaradi tega lahko varno sledite navodilom zdravila in jih uporabljate. Tukaj smo, da vam \u010dim bolj poenostavimo spletno naro\u010dilo Phenobarbital Luminal. Izkoristite prednosti tega zdravila tako, da nas takoj kontaktirate. Tukaj smo, da vam ves \u010das pomagamo.<\/p>\n","protected":false},"excerpt":{"rendered":"<p>Katera spletna lekarna ponuja najcenej\u0161i Phenobarbital Luminal?<\/p>\n<p>Na\u0161a spletna lekarna trenutno prodaja tablete Phenobarbital Luminal. Naro\u010dila za prodajo Phenobarbital Luminal se obdelajo \u010dim hitreje. Enostavno stopite v stik z nami \u0161e danes in v najkraj\u0161em mo\u017enem \u010dasu vam bomo poslali va\u0161a zdravila. Zdaj je \u010das za povezavo!<\/p>\n","protected":false},"featured_media":5808,"comment_status":"open","ping_status":"closed","template":"","meta":[],"product_brand":[],"product_cat":[3818],"product_tag":[3956,3957,3958,3959,3960,3961,3962,3963,3964,3965,3966,3967,3968,3955,3969,3970,3971],"class_list":{"0":"post-5798","1":"product","2":"type-product","3":"status-publish","4":"has-post-thumbnail","6":"product_cat-pentobarbital-naprodaj","7":"product_tag-cost-of-phenobarbital-for-dogs","8":"product_tag-phenobarb-overdose","9":"product_tag-phenobarbital-brand-name","10":"product_tag-phenobarbital-controlled-substance","11":"product_tag-phenobarbital-dosage","12":"product_tag-phenobarbital-doses","13":"product_tag-phenobarbital-for-dogs-dosage","14":"product_tag-phenobarbital-for-dogs-side-effects","15":"product_tag-phenobarbital-level","16":"product_tag-phenobarbital-overdose","17":"product_tag-phenobarbital-side-effects","18":"product_tag-phenobarbital-side-effects-dogs","19":"product_tag-phenobarbitone-level","20":"product_tag-stranski-uinek-barbituratov","21":"product_tag-what-is-phenobarb-used-for","22":"product_tag-what-is-phenobarbital","23":"product_tag-what-is-po-in-medical-terms","25":"first","26":"instock","27":"shipping-taxable","28":"purchasable","29":"product-type-variable"},"yoast_head":"<!-- This site is optimized with the Yoast SEO plugin v27.3 - https:\/\/yoast.com\/product\/yoast-seo-wordpress\/ -->\n<title>Kupite Phenobarbital (Phenobarbital) \/ Luminal - najbolj\u0161a zdravila na svetu<\/title>\n<meta name=\"description\" content=\"Zdaj lahko kupite tablete Phenobarbital Luminal v spletni lekarni Nembutal. Va\u0161e naro\u010dilo pri Phenobarbital Luminal za prodajo bo zaklju\u010deno v najkraj\u0161em mo\u017enem \u010dasu. Vse, kar morate storiti, je, da nas pokli\u010dete, po\u0161ljete sporo\u010dilo ali po\u0161ljete e-po\u0161to \u0161e danes in vam kmalu dostavijo zdravila. Pove\u017eite se zdaj!\" \/>\n<meta name=\"robots\" content=\"index, follow, max-snippet:-1, max-image-preview:large, max-video-preview:-1\" \/>\n<link rel=\"canonical\" href=\"https:\/\/medicinasinc.com\/sl\/product\/buy-phenobarbital-phenobarbital-luminal\/\" \/>\n<meta property=\"og:locale\" content=\"en_US\" \/>\n<meta property=\"og:type\" content=\"article\" \/>\n<meta property=\"og:title\" content=\"Kupite Phenobarbital (Phenobarbital) \/ Luminal - najbolj\u0161a zdravila na svetu\" \/>\n<meta property=\"og:description\" content=\"Zdaj lahko kupite tablete Phenobarbital Luminal v spletni lekarni Nembutal. Va\u0161e naro\u010dilo pri Phenobarbital Luminal za prodajo bo zaklju\u010deno v najkraj\u0161em mo\u017enem \u010dasu. Vse, kar morate storiti, je, da nas pokli\u010dete, po\u0161ljete sporo\u010dilo ali po\u0161ljete e-po\u0161to \u0161e danes in vam kmalu dostavijo zdravila. Pove\u017eite se zdaj!\" \/>\n<meta property=\"og:url\" content=\"https:\/\/medicinasinc.com\/sl\/product\/buy-phenobarbital-phenobarbital-luminal\/\" \/>\n<meta property=\"og:site_name\" content=\"Medicinas Inc\" \/>\n<meta property=\"article:modified_time\" content=\"2022-03-19T00:16:51+00:00\" \/>\n<meta property=\"og:image\" content=\"https:\/\/medicinasinc.com\/sl\/wp-content\/uploads\/sites\/7\/2022\/02\/Buy-Phenobarbital-Tablets.jpg\" \/>\n\t<meta property=\"og:image:width\" content=\"600\" \/>\n\t<meta property=\"og:image:height\" content=\"600\" \/>\n\t<meta property=\"og:image:type\" content=\"image\/jpeg\" \/>\n<meta name=\"twitter:card\" content=\"summary_large_image\" \/>\n<meta name=\"twitter:label1\" content=\"Est. reading time\" \/>\n\t<meta name=\"twitter:data1\" content=\"2 minutes\" \/>\n<script type=\"application\/ld+json\" class=\"yoast-schema-graph\">{\"@context\":\"https:\\\/\\\/schema.org\",\"@graph\":[{\"@type\":\"WebPage\",\"@id\":\"https:\\\/\\\/medicinasinc.com\\\/sl\\\/product\\\/buy-phenobarbital-phenobarbital-luminal\\\/\",\"url\":\"https:\\\/\\\/medicinasinc.com\\\/sl\\\/product\\\/buy-phenobarbital-phenobarbital-luminal\\\/\",\"name\":\"Kupite Phenobarbital (Phenobarbital) \\\/ Luminal - najbolj\u0161a zdravila na svetu\",\"isPartOf\":{\"@id\":\"https:\\\/\\\/medicinasinc.com\\\/sl\\\/#website\"},\"primaryImageOfPage\":{\"@id\":\"https:\\\/\\\/medicinasinc.com\\\/sl\\\/product\\\/buy-phenobarbital-phenobarbital-luminal\\\/#primaryimage\"},\"image\":{\"@id\":\"https:\\\/\\\/medicinasinc.com\\\/sl\\\/product\\\/buy-phenobarbital-phenobarbital-luminal\\\/#primaryimage\"},\"thumbnailUrl\":\"https:\\\/\\\/medicinasinc.com\\\/sl\\\/wp-content\\\/uploads\\\/sites\\\/7\\\/2022\\\/02\\\/Buy-Phenobarbital-Tablets.jpg\",\"datePublished\":\"2022-02-22T06:27:38+00:00\",\"dateModified\":\"2022-03-19T00:16:51+00:00\",\"description\":\"Zdaj lahko kupite tablete Phenobarbital Luminal v spletni lekarni Nembutal. Va\u0161e naro\u010dilo pri Phenobarbital Luminal za prodajo bo zaklju\u010deno v najkraj\u0161em mo\u017enem \u010dasu. Vse, kar morate storiti, je, da nas pokli\u010dete, po\u0161ljete sporo\u010dilo ali po\u0161ljete e-po\u0161to \u0161e danes in vam kmalu dostavijo zdravila. Pove\u017eite se zdaj!\",\"breadcrumb\":{\"@id\":\"https:\\\/\\\/medicinasinc.com\\\/sl\\\/product\\\/buy-phenobarbital-phenobarbital-luminal\\\/#breadcrumb\"},\"inLanguage\":\"en-US\",\"potentialAction\":[{\"@type\":\"ReadAction\",\"target\":[\"https:\\\/\\\/medicinasinc.com\\\/sl\\\/product\\\/buy-phenobarbital-phenobarbital-luminal\\\/\"]}]},{\"@type\":\"ImageObject\",\"inLanguage\":\"en-US\",\"@id\":\"https:\\\/\\\/medicinasinc.com\\\/sl\\\/product\\\/buy-phenobarbital-phenobarbital-luminal\\\/#primaryimage\",\"url\":\"https:\\\/\\\/medicinasinc.com\\\/sl\\\/wp-content\\\/uploads\\\/sites\\\/7\\\/2022\\\/02\\\/Buy-Phenobarbital-Tablets.jpg\",\"contentUrl\":\"https:\\\/\\\/medicinasinc.com\\\/sl\\\/wp-content\\\/uploads\\\/sites\\\/7\\\/2022\\\/02\\\/Buy-Phenobarbital-Tablets.jpg\",\"width\":600,\"height\":600},{\"@type\":\"BreadcrumbList\",\"@id\":\"https:\\\/\\\/medicinasinc.com\\\/sl\\\/product\\\/buy-phenobarbital-phenobarbital-luminal\\\/#breadcrumb\",\"itemListElement\":[{\"@type\":\"ListItem\",\"position\":1,\"name\":\"Nakupujte\",\"item\":\"https:\\\/\\\/medicinasinc.com\\\/sl\\\/nakupujte\\\/\"},{\"@type\":\"ListItem\",\"position\":2,\"name\":\"Kupite Phenobarbital (Phenobarbital) \\\/ Luminal\"}]},{\"@type\":\"WebSite\",\"@id\":\"https:\\\/\\\/medicinasinc.com\\\/sl\\\/#website\",\"url\":\"https:\\\/\\\/medicinasinc.com\\\/sl\\\/\",\"name\":\"Medicinas Inc\",\"description\":\"Health Medical Clinic\",\"potentialAction\":[{\"@type\":\"SearchAction\",\"target\":{\"@type\":\"EntryPoint\",\"urlTemplate\":\"https:\\\/\\\/medicinasinc.com\\\/sl\\\/?s={search_term_string}\"},\"query-input\":{\"@type\":\"PropertyValueSpecification\",\"valueRequired\":true,\"valueName\":\"search_term_string\"}}],\"inLanguage\":\"en-US\"}]}<\/script>\n<!-- \/ Yoast SEO plugin. -->","yoast_head_json":{"title":"Kupite Phenobarbital (Phenobarbital) \/ Luminal - najbolj\u0161a zdravila na svetu","description":"Zdaj lahko kupite tablete Phenobarbital Luminal v spletni lekarni Nembutal. Va\u0161e naro\u010dilo pri Phenobarbital Luminal za prodajo bo zaklju\u010deno v najkraj\u0161em mo\u017enem \u010dasu. Vse, kar morate storiti, je, da nas pokli\u010dete, po\u0161ljete sporo\u010dilo ali po\u0161ljete e-po\u0161to \u0161e danes in vam kmalu dostavijo zdravila. Pove\u017eite se zdaj!","robots":{"index":"index","follow":"follow","max-snippet":"max-snippet:-1","max-image-preview":"max-image-preview:large","max-video-preview":"max-video-preview:-1"},"canonical":"https:\/\/medicinasinc.com\/sl\/product\/buy-phenobarbital-phenobarbital-luminal\/","og_locale":"en_US","og_type":"article","og_title":"Kupite Phenobarbital (Phenobarbital) \/ Luminal - najbolj\u0161a zdravila na svetu","og_description":"Zdaj lahko kupite tablete Phenobarbital Luminal v spletni lekarni Nembutal. Va\u0161e naro\u010dilo pri Phenobarbital Luminal za prodajo bo zaklju\u010deno v najkraj\u0161em mo\u017enem \u010dasu. Vse, kar morate storiti, je, da nas pokli\u010dete, po\u0161ljete sporo\u010dilo ali po\u0161ljete e-po\u0161to \u0161e danes in vam kmalu dostavijo zdravila. Pove\u017eite se zdaj!","og_url":"https:\/\/medicinasinc.com\/sl\/product\/buy-phenobarbital-phenobarbital-luminal\/","og_site_name":"Medicinas Inc","article_modified_time":"2022-03-19T00:16:51+00:00","og_image":[{"width":600,"height":600,"url":"https:\/\/medicinasinc.com\/sl\/wp-content\/uploads\/sites\/7\/2022\/02\/Buy-Phenobarbital-Tablets.jpg","type":"image\/jpeg"}],"twitter_card":"summary_large_image","twitter_misc":{"Est. reading time":"2 minutes"},"schema":{"@context":"https:\/\/schema.org","@graph":[{"@type":"WebPage","@id":"https:\/\/medicinasinc.com\/sl\/product\/buy-phenobarbital-phenobarbital-luminal\/","url":"https:\/\/medicinasinc.com\/sl\/product\/buy-phenobarbital-phenobarbital-luminal\/","name":"Kupite Phenobarbital (Phenobarbital) \/ Luminal - najbolj\u0161a zdravila na svetu","isPartOf":{"@id":"https:\/\/medicinasinc.com\/sl\/#website"},"primaryImageOfPage":{"@id":"https:\/\/medicinasinc.com\/sl\/product\/buy-phenobarbital-phenobarbital-luminal\/#primaryimage"},"image":{"@id":"https:\/\/medicinasinc.com\/sl\/product\/buy-phenobarbital-phenobarbital-luminal\/#primaryimage"},"thumbnailUrl":"https:\/\/medicinasinc.com\/sl\/wp-content\/uploads\/sites\/7\/2022\/02\/Buy-Phenobarbital-Tablets.jpg","datePublished":"2022-02-22T06:27:38+00:00","dateModified":"2022-03-19T00:16:51+00:00","description":"Zdaj lahko kupite tablete Phenobarbital Luminal v spletni lekarni Nembutal. Va\u0161e naro\u010dilo pri Phenobarbital Luminal za prodajo bo zaklju\u010deno v najkraj\u0161em mo\u017enem \u010dasu. Vse, kar morate storiti, je, da nas pokli\u010dete, po\u0161ljete sporo\u010dilo ali po\u0161ljete e-po\u0161to \u0161e danes in vam kmalu dostavijo zdravila. Pove\u017eite se zdaj!","breadcrumb":{"@id":"https:\/\/medicinasinc.com\/sl\/product\/buy-phenobarbital-phenobarbital-luminal\/#breadcrumb"},"inLanguage":"en-US","potentialAction":[{"@type":"ReadAction","target":["https:\/\/medicinasinc.com\/sl\/product\/buy-phenobarbital-phenobarbital-luminal\/"]}]},{"@type":"ImageObject","inLanguage":"en-US","@id":"https:\/\/medicinasinc.com\/sl\/product\/buy-phenobarbital-phenobarbital-luminal\/#primaryimage","url":"https:\/\/medicinasinc.com\/sl\/wp-content\/uploads\/sites\/7\/2022\/02\/Buy-Phenobarbital-Tablets.jpg","contentUrl":"https:\/\/medicinasinc.com\/sl\/wp-content\/uploads\/sites\/7\/2022\/02\/Buy-Phenobarbital-Tablets.jpg","width":600,"height":600},{"@type":"BreadcrumbList","@id":"https:\/\/medicinasinc.com\/sl\/product\/buy-phenobarbital-phenobarbital-luminal\/#breadcrumb","itemListElement":[{"@type":"ListItem","position":1,"name":"Nakupujte","item":"https:\/\/medicinasinc.com\/sl\/nakupujte\/"},{"@type":"ListItem","position":2,"name":"Kupite Phenobarbital (Phenobarbital) \/ Luminal"}]},{"@type":"WebSite","@id":"https:\/\/medicinasinc.com\/sl\/#website","url":"https:\/\/medicinasinc.com\/sl\/","name":"Medicinas Inc","description":"Health Medical Clinic","potentialAction":[{"@type":"SearchAction","target":{"@type":"EntryPoint","urlTemplate":"https:\/\/medicinasinc.com\/sl\/?s={search_term_string}"},"query-input":{"@type":"PropertyValueSpecification","valueRequired":true,"valueName":"search_term_string"}}],"inLanguage":"en-US"}]}},"_links":{"self":[{"href":"https:\/\/medicinasinc.com\/sl\/wp-json\/wp\/v2\/product\/5798","targetHints":{"allow":["GET"]}}],"collection":[{"href":"https:\/\/medicinasinc.com\/sl\/wp-json\/wp\/v2\/product"}],"about":[{"href":"https:\/\/medicinasinc.com\/sl\/wp-json\/wp\/v2\/types\/product"}],"replies":[{"embeddable":true,"href":"https:\/\/medicinasinc.com\/sl\/wp-json\/wp\/v2\/comments?post=5798"}],"wp:featuredmedia":[{"embeddable":true,"href":"https:\/\/medicinasinc.com\/sl\/wp-json\/wp\/v2\/media\/5808"}],"wp:attachment":[{"href":"https:\/\/medicinasinc.com\/sl\/wp-json\/wp\/v2\/media?parent=5798"}],"wp:term":[{"taxonomy":"product_brand","embeddable":true,"href":"https:\/\/medicinasinc.com\/sl\/wp-json\/wp\/v2\/product_brand?post=5798"},{"taxonomy":"product_cat","embeddable":true,"href":"https:\/\/medicinasinc.com\/sl\/wp-json\/wp\/v2\/product_cat?post=5798"},{"taxonomy":"product_tag","embeddable":true,"href":"https:\/\/medicinasinc.com\/sl\/wp-json\/wp\/v2\/product_tag?post=5798"}],"curies":[{"name":"wp","href":"https:\/\/api.w.org\/{rel}","templated":true}]}}