{"id":5792,"date":"2022-02-22T06:20:38","date_gmt":"2022-02-22T06:20:38","guid":{"rendered":"https:\/\/medicinasinc.com\/sl\/?post_type=product&#038;p=5792"},"modified":"2022-03-19T00:17:03","modified_gmt":"2022-03-19T00:17:03","slug":"kupi-seconal-natrij","status":"publish","type":"product","link":"https:\/\/medicinasinc.com\/sl\/product\/kupi-seconal-natrij\/","title":{"rendered":"Kupite Seconal Sodium"},"content":{"rendered":"<p>Naro\u010dite Seconal Sodium na spletu v najbolj\u0161i lekarni. \u2013<\/p>\n<p>Nembutal je zdaj mogo\u010de kupiti prek spleta s Seconal Sodium po najni\u017eji ceni. V na\u0161i spletni lekarni lahko naro\u010dite Seconal Sodium in vam ga v nekaj dneh dostavijo na prag. \u010ce \u017eelite prejeti hitro dostavo va\u0161ega Seconal Natrija, preprosto oddajte naro\u010dilo pri nas in eden od \u010dlanov na\u0161e ekipe ga bo pripravil in zapakiral za vas. Ker smo v tem poslu \u017ee tako dolgo, smo si ustvarili trden sloves zaupanja vredne lekarne. Pri pridobivanju najbolj kakovostnih zdravil se lahko zanesete na nas, da jih dostavimo pravo\u010dasno.<\/p>\n<p>Kak\u0161ne so prednosti zdravila Seconal Sodium? Zakaj bi ga morali kupiti pri nas?<\/p>\n<p>Pred delovanjem se Seconal Sodium uporablja za sprostitev. Spada v razred zdravil, znanih kot barbituratni hipnotiki, ki vklju\u010dujejo Seconal. Pomirja vas z vplivom na dolo\u010dene dele mo\u017eganov. Starej\u0161i naj se o koristih in nevarnostih tega zdravila, pa tudi o prednostih in nevarnostih mo\u010dnej\u0161ih, a morda varnej\u0161ih zdravil, pogovorijo s svojim zdravnikom ali specialistom za zdravila. Preden za\u010dnete jemati zdravilo Seconal Sodium in vsaki\u010d, ko dobite polnilo, preberite Priro\u010dnik o zdravilih, ki vam ga nudi na\u0161a spletna lekarna. \u010ce imate kakr\u0161na koli vpra\u0161anja, se posvetujte s svojim zdravnikom ali specialistom za zdravila. Pred operacijo upo\u0161tevajte zdravnikova navodila in vzemite ta recept peroralno s kozarcem vode na prazen \u017eelodec.<\/p>\n<p>Ena od bolezni, za katero se uporablja izklju\u010dno Seconal Sodium, je ta, ki je navedena spodaj:<\/p>\n<p>dodatne injekcije anestezije<br \/> dodatno sredstvo, ki povzro\u010da anestezijo<\/p>\n<p>Na\u0161a spletna lekarna Nembutal prodaja in dostavi Seconal Sodium Secobarbital na \u017eeleno lokacijo \u010dim hitreje. Najbolj\u0161i na\u010din, kako vam lahko slu\u017eimo, je, da nam to dovolite. Varno lahko zaupate na\u0161i spletni lekarni Nembutal. Nenehno smo tu, da na\u0161im pomembnim strankam pomagamo izpolniti svoje cilje in izpolniti njihova merila. Prosimo, da nas kontaktirate \u010dim prej!<\/p>\n","protected":false},"excerpt":{"rendered":"<p>Za pomo\u010d se obrnite na spletno lekarno za nembutal<\/p>\n<p>Kupite Seconal Sodium za prodajo v Zdru\u017eenem kraljestvu, Evropi in ostalem svetu po najbolj\u0161i mo\u017eni ceni tako, da naro\u010dite na spletu. Na\u0161a spletna lekarna Seconal Sodium ponuja \u0161iroko paleto visokokakovostnih vitaminov in zdravil. \u010ce \u017eelite oddati naro\u010dilo, pojdite na spletno mesto.<\/p>\n<p>Kdor koli na svetu lahko kupi Nembutal na spletu v spletni lekarni. V vsakem trenutku, od koder koli, stopite v stik z nami. Vsa vpra\u0161anja ali pomisleke na\u0161ih strank bo nemudoma obravnaval eden od na\u0161ih predstavnikov slu\u017ebe za stranke. Va\u0161 izdelek za\u010dnemo pakirati takoj, ko od vas prejmemo podatke o va\u0161em naro\u010dilu. Poskrbimo, da bodo vse na\u0161e stranke&#8217; zdravila prispejo v varni in ustrezni embala\u017ei in da nobeno od njih ni bilo spremenjeno. Kakovost va\u0161ih zdravil ali status va\u0161e dostave nikoli ne skrbite, ko delate z nami. Tukaj smo, da prevzamemo polno odgovornost za vse. Od tu ne morete pri\u010dakovati ni\u010d drugega kot najbolj\u0161e za va\u0161e dobro po\u010dutje. Z nami lahko stopite v stik po telefonu, e-po\u0161ti ali SMS. Kupite Seconal Sodium Secobarbital 100 mg v spletni lekarni Nembutal \u0161e danes in vam ga dostavijo v kratkem \u010dasu.<\/p>\n","protected":false},"featured_media":5802,"comment_status":"open","ping_status":"closed","template":"","meta":[],"product_brand":[],"product_cat":[59,3818],"product_tag":[3835,3834,3819,3820,3824,3827,3831,3840,3843,3948,3841,3842,3830,3828,3829,3823,3952,3826,3822,3821,3844,3845,3949,3866,3869,3950,3874,3875,3876,3878,3879,3880,3881,3882,3883,3884,3885,3886,3887,3888,3889,3890,3891,3892,3893,3894,3895,3896,3897,3898,3899,3900,3901,3902,3903,3951,3904,3953,3906,3907,3908,3909,3910,3911,3913,3916,3918,3919,3920,3921,3922,3923,3954,3925,3926,3927],"class_list":{"0":"post-5792","1":"product","2":"type-product","3":"status-publish","4":"has-post-thumbnail","6":"product_cat-nekategorizirano","7":"product_cat-pentobarbital-naprodaj","8":"product_tag-ali-lahko-kupi-natrijev-pentobarbital","9":"product_tag-ali-lahko-kupite-pentobarbital-natrij-v-prosti-prodaji","10":"product_tag-best-drug-for-suicide-overdose","11":"product_tag-buy-cheap-nembutal-liquid-online","12":"product_tag-buy-nembutal-pentobarbital-sodium","13":"product_tag-buy-pentobarbital-sodium","14":"product_tag-can-i-buy-pentobarbital","15":"product_tag-how-to-acquire-nembutal","16":"product_tag-it-is-easy-to-buy-nembutal-online","17":"product_tag-kako-kupiti-nembutal-tekoina-na-spletu","18":"product_tag-kako-kupiti-nembutal-online","19":"product_tag-kako-naroiti-nembutal-po-poti","20":"product_tag-kupi-natrijev-pentobarbital-uk","21":"product_tag-kupi-pentobarbital-natrij-2021","22":"product_tag-kupi-pentobarbital-natrijeva-pentobarbital-natrijeva-sol","23":"product_tag-kupi-nembutal-tekoina-na-spletu","24":"product_tag-nakup-nembutal-tekoina-online","25":"product_tag-kupi-nembutal-natrij-na-spletu","26":"product_tag-kupite-nembutal-tukaj","27":"product_tag-kupi-poceni-nembutal-online","28":"product_tag-lethal-injection-buy-online","29":"product_tag-nembutal","30":"product_tag-nembutal-liquid-for-sale","31":"product_tag-nembutal-pills-online","32":"product_tag-nembutal-suicide-dose","33":"product_tag-order-nembutal-liquid-online","34":"product_tag-pentobarbital","35":"product_tag-pentobarbital-de-sodium-dose-letale","36":"product_tag-pentobarbital-for-euthanasia","37":"product_tag-pentobarbital-sodium-anesthesia","38":"product_tag-pentobarbital-sodium-buy","39":"product_tag-pentobarbital-sodium-china","40":"product_tag-pentobarbital-sodium-death","41":"product_tag-pentobarbital-sodium-dosage","42":"product_tag-pentobarbital-sodium-for-dogs","43":"product_tag-pentobarbital-sodium-for-humans","44":"product_tag-pentobarbital-sodium-group","45":"product_tag-pentobarbital-sodium-injection-for-dogs","46":"product_tag-pentobarbital-sodium-injection-for-humans","47":"product_tag-pentobarbital-sodium-injection-solution","48":"product_tag-pentobarbital-sodium-injection-usp","49":"product_tag-pentobarbital-sodium-liquid","50":"product_tag-pentobarbital-sodium-nz","51":"product_tag-pentobarbital-sodium-oral","52":"product_tag-pentobarbital-sodium-over-the-counter","53":"product_tag-pentobarbital-sodium-pills","54":"product_tag-pentobarbital-sodium-powder","55":"product_tag-pentobarbital-sodium-prescription","56":"product_tag-pentobarbital-sodium-price","57":"product_tag-pentobarbital-sodium-salt","58":"product_tag-pentobarbital-sodium-sleeping-pills","59":"product_tag-pentobarbital-sodium-sleeping-pills-over-the-counter","60":"product_tag-pentobarbital-sodium-tablets","61":"product_tag-pentobarbital-sodium-where-to-buy","62":"product_tag-pentobarbital-use","63":"product_tag-phenobarbital-sodium-intravenous","64":"product_tag-purchase-nembutal-online","65":"product_tag-sodium","66":"product_tag-sodium-pentobarbital-nembutal","67":"product_tag-sodium-pentobarbital-cost","68":"product_tag-sodium-pentobarbital-for-animal-euthanasia","69":"product_tag-sodium-pentobarbital-for-euthanasia","70":"product_tag-sodium-pentobarbital-manufacturers","71":"product_tag-sodium-pentobarbital-shelf-life","72":"product_tag-want-to-buy-nembutal","73":"product_tag-where-can-i-buy-nembutal-sodium-pentobarbital","74":"product_tag-where-can-i-buy-pentobarbital-sodium","75":"product_tag-where-can-i-buy-pentobarbital-sodium-sleeping-pills","76":"product_tag-where-can-i-buy-sodium-pentobarbital","77":"product_tag-where-can-i-purchase-nembutal","78":"product_tag-where-can-you-buy-pentobarbital-sodium","79":"product_tag-where-to-buy-cheap-nembutal-online","80":"product_tag-where-to-buy-nembutal-liquid-online","81":"product_tag-where-to-buy-pentobarbital-sodium","82":"product_tag-where-to-buy-pentobarbital-sodium-for-dogs","83":"product_tag-where-to-get-pentobarbital-sodium","85":"first","86":"instock","87":"shipping-taxable","88":"purchasable","89":"product-type-variable"},"yoast_head":"<!-- This site is optimized with the Yoast SEO plugin v27.3 - https:\/\/yoast.com\/product\/yoast-seo-wordpress\/ -->\n<title>Kupite Seconal Sodium - najbolj\u0161a najbolj\u0161a zdravila na svetu<\/title>\n<meta name=\"description\" content=\"Kupite Seconal Sodium za prodajo UK, Evropa 100 mg na spletu po najbolj\u0161i ceni. Ogromna izbira visokokakovostnih dodatkov in zdravil v na\u0161i spletni lekarni Seconal Sodium. Naro\u010dite na spletu.\" \/>\n<meta name=\"robots\" content=\"index, follow, max-snippet:-1, max-image-preview:large, max-video-preview:-1\" \/>\n<link rel=\"canonical\" href=\"https:\/\/medicinasinc.com\/sl\/product\/kupi-seconal-natrij\/\" \/>\n<meta property=\"og:locale\" content=\"en_US\" \/>\n<meta property=\"og:type\" content=\"article\" \/>\n<meta property=\"og:title\" content=\"Kupite Seconal Sodium - najbolj\u0161a najbolj\u0161a zdravila na svetu\" \/>\n<meta property=\"og:description\" content=\"Kupite Seconal Sodium za prodajo UK, Evropa 100 mg na spletu po najbolj\u0161i ceni. Ogromna izbira visokokakovostnih dodatkov in zdravil v na\u0161i spletni lekarni Seconal Sodium. Naro\u010dite na spletu.\" \/>\n<meta property=\"og:url\" content=\"https:\/\/medicinasinc.com\/sl\/product\/kupi-seconal-natrij\/\" \/>\n<meta property=\"og:site_name\" content=\"Medicinas Inc\" \/>\n<meta property=\"article:modified_time\" content=\"2022-03-19T00:17:03+00:00\" \/>\n<meta property=\"og:image\" content=\"https:\/\/medicinasinc.com\/sl\/wp-content\/uploads\/sites\/7\/2022\/02\/Buy-Seconal-Sodium.jpg\" \/>\n\t<meta property=\"og:image:width\" content=\"600\" \/>\n\t<meta property=\"og:image:height\" content=\"600\" \/>\n\t<meta property=\"og:image:type\" content=\"image\/jpeg\" \/>\n<meta name=\"twitter:card\" content=\"summary_large_image\" \/>\n<meta name=\"twitter:label1\" content=\"Est. reading time\" \/>\n\t<meta name=\"twitter:data1\" content=\"2 minutes\" \/>\n<script type=\"application\/ld+json\" class=\"yoast-schema-graph\">{\"@context\":\"https:\\\/\\\/schema.org\",\"@graph\":[{\"@type\":\"WebPage\",\"@id\":\"https:\\\/\\\/medicinasinc.com\\\/sl\\\/product\\\/kupi-seconal-natrij\\\/\",\"url\":\"https:\\\/\\\/medicinasinc.com\\\/sl\\\/product\\\/kupi-seconal-natrij\\\/\",\"name\":\"Kupite Seconal Sodium - najbolj\u0161a najbolj\u0161a zdravila na svetu\",\"isPartOf\":{\"@id\":\"https:\\\/\\\/medicinasinc.com\\\/sl\\\/#website\"},\"primaryImageOfPage\":{\"@id\":\"https:\\\/\\\/medicinasinc.com\\\/sl\\\/product\\\/kupi-seconal-natrij\\\/#primaryimage\"},\"image\":{\"@id\":\"https:\\\/\\\/medicinasinc.com\\\/sl\\\/product\\\/kupi-seconal-natrij\\\/#primaryimage\"},\"thumbnailUrl\":\"https:\\\/\\\/medicinasinc.com\\\/sl\\\/wp-content\\\/uploads\\\/sites\\\/7\\\/2022\\\/02\\\/Buy-Seconal-Sodium.jpg\",\"datePublished\":\"2022-02-22T06:20:38+00:00\",\"dateModified\":\"2022-03-19T00:17:03+00:00\",\"description\":\"Kupite Seconal Sodium za prodajo UK, Evropa 100 mg na spletu po najbolj\u0161i ceni. Ogromna izbira visokokakovostnih dodatkov in zdravil v na\u0161i spletni lekarni Seconal Sodium. Naro\u010dite na spletu.\",\"breadcrumb\":{\"@id\":\"https:\\\/\\\/medicinasinc.com\\\/sl\\\/product\\\/kupi-seconal-natrij\\\/#breadcrumb\"},\"inLanguage\":\"en-US\",\"potentialAction\":[{\"@type\":\"ReadAction\",\"target\":[\"https:\\\/\\\/medicinasinc.com\\\/sl\\\/product\\\/kupi-seconal-natrij\\\/\"]}]},{\"@type\":\"ImageObject\",\"inLanguage\":\"en-US\",\"@id\":\"https:\\\/\\\/medicinasinc.com\\\/sl\\\/product\\\/kupi-seconal-natrij\\\/#primaryimage\",\"url\":\"https:\\\/\\\/medicinasinc.com\\\/sl\\\/wp-content\\\/uploads\\\/sites\\\/7\\\/2022\\\/02\\\/Buy-Seconal-Sodium.jpg\",\"contentUrl\":\"https:\\\/\\\/medicinasinc.com\\\/sl\\\/wp-content\\\/uploads\\\/sites\\\/7\\\/2022\\\/02\\\/Buy-Seconal-Sodium.jpg\",\"width\":600,\"height\":600},{\"@type\":\"BreadcrumbList\",\"@id\":\"https:\\\/\\\/medicinasinc.com\\\/sl\\\/product\\\/kupi-seconal-natrij\\\/#breadcrumb\",\"itemListElement\":[{\"@type\":\"ListItem\",\"position\":1,\"name\":\"Nakupujte\",\"item\":\"https:\\\/\\\/medicinasinc.com\\\/sl\\\/nakupujte\\\/\"},{\"@type\":\"ListItem\",\"position\":2,\"name\":\"Kupite Seconal Sodium\"}]},{\"@type\":\"WebSite\",\"@id\":\"https:\\\/\\\/medicinasinc.com\\\/sl\\\/#website\",\"url\":\"https:\\\/\\\/medicinasinc.com\\\/sl\\\/\",\"name\":\"Medicinas Inc\",\"description\":\"Health Medical Clinic\",\"potentialAction\":[{\"@type\":\"SearchAction\",\"target\":{\"@type\":\"EntryPoint\",\"urlTemplate\":\"https:\\\/\\\/medicinasinc.com\\\/sl\\\/?s={search_term_string}\"},\"query-input\":{\"@type\":\"PropertyValueSpecification\",\"valueRequired\":true,\"valueName\":\"search_term_string\"}}],\"inLanguage\":\"en-US\"}]}<\/script>\n<!-- \/ Yoast SEO plugin. -->","yoast_head_json":{"title":"Kupite Seconal Sodium - najbolj\u0161a najbolj\u0161a zdravila na svetu","description":"Kupite Seconal Sodium za prodajo UK, Evropa 100 mg na spletu po najbolj\u0161i ceni. Ogromna izbira visokokakovostnih dodatkov in zdravil v na\u0161i spletni lekarni Seconal Sodium. Naro\u010dite na spletu.","robots":{"index":"index","follow":"follow","max-snippet":"max-snippet:-1","max-image-preview":"max-image-preview:large","max-video-preview":"max-video-preview:-1"},"canonical":"https:\/\/medicinasinc.com\/sl\/product\/kupi-seconal-natrij\/","og_locale":"en_US","og_type":"article","og_title":"Kupite Seconal Sodium - najbolj\u0161a najbolj\u0161a zdravila na svetu","og_description":"Kupite Seconal Sodium za prodajo UK, Evropa 100 mg na spletu po najbolj\u0161i ceni. Ogromna izbira visokokakovostnih dodatkov in zdravil v na\u0161i spletni lekarni Seconal Sodium. Naro\u010dite na spletu.","og_url":"https:\/\/medicinasinc.com\/sl\/product\/kupi-seconal-natrij\/","og_site_name":"Medicinas Inc","article_modified_time":"2022-03-19T00:17:03+00:00","og_image":[{"width":600,"height":600,"url":"https:\/\/medicinasinc.com\/sl\/wp-content\/uploads\/sites\/7\/2022\/02\/Buy-Seconal-Sodium.jpg","type":"image\/jpeg"}],"twitter_card":"summary_large_image","twitter_misc":{"Est. reading time":"2 minutes"},"schema":{"@context":"https:\/\/schema.org","@graph":[{"@type":"WebPage","@id":"https:\/\/medicinasinc.com\/sl\/product\/kupi-seconal-natrij\/","url":"https:\/\/medicinasinc.com\/sl\/product\/kupi-seconal-natrij\/","name":"Kupite Seconal Sodium - najbolj\u0161a najbolj\u0161a zdravila na svetu","isPartOf":{"@id":"https:\/\/medicinasinc.com\/sl\/#website"},"primaryImageOfPage":{"@id":"https:\/\/medicinasinc.com\/sl\/product\/kupi-seconal-natrij\/#primaryimage"},"image":{"@id":"https:\/\/medicinasinc.com\/sl\/product\/kupi-seconal-natrij\/#primaryimage"},"thumbnailUrl":"https:\/\/medicinasinc.com\/sl\/wp-content\/uploads\/sites\/7\/2022\/02\/Buy-Seconal-Sodium.jpg","datePublished":"2022-02-22T06:20:38+00:00","dateModified":"2022-03-19T00:17:03+00:00","description":"Kupite Seconal Sodium za prodajo UK, Evropa 100 mg na spletu po najbolj\u0161i ceni. Ogromna izbira visokokakovostnih dodatkov in zdravil v na\u0161i spletni lekarni Seconal Sodium. Naro\u010dite na spletu.","breadcrumb":{"@id":"https:\/\/medicinasinc.com\/sl\/product\/kupi-seconal-natrij\/#breadcrumb"},"inLanguage":"en-US","potentialAction":[{"@type":"ReadAction","target":["https:\/\/medicinasinc.com\/sl\/product\/kupi-seconal-natrij\/"]}]},{"@type":"ImageObject","inLanguage":"en-US","@id":"https:\/\/medicinasinc.com\/sl\/product\/kupi-seconal-natrij\/#primaryimage","url":"https:\/\/medicinasinc.com\/sl\/wp-content\/uploads\/sites\/7\/2022\/02\/Buy-Seconal-Sodium.jpg","contentUrl":"https:\/\/medicinasinc.com\/sl\/wp-content\/uploads\/sites\/7\/2022\/02\/Buy-Seconal-Sodium.jpg","width":600,"height":600},{"@type":"BreadcrumbList","@id":"https:\/\/medicinasinc.com\/sl\/product\/kupi-seconal-natrij\/#breadcrumb","itemListElement":[{"@type":"ListItem","position":1,"name":"Nakupujte","item":"https:\/\/medicinasinc.com\/sl\/nakupujte\/"},{"@type":"ListItem","position":2,"name":"Kupite Seconal Sodium"}]},{"@type":"WebSite","@id":"https:\/\/medicinasinc.com\/sl\/#website","url":"https:\/\/medicinasinc.com\/sl\/","name":"Medicinas Inc","description":"Health Medical Clinic","potentialAction":[{"@type":"SearchAction","target":{"@type":"EntryPoint","urlTemplate":"https:\/\/medicinasinc.com\/sl\/?s={search_term_string}"},"query-input":{"@type":"PropertyValueSpecification","valueRequired":true,"valueName":"search_term_string"}}],"inLanguage":"en-US"}]}},"_links":{"self":[{"href":"https:\/\/medicinasinc.com\/sl\/wp-json\/wp\/v2\/product\/5792","targetHints":{"allow":["GET"]}}],"collection":[{"href":"https:\/\/medicinasinc.com\/sl\/wp-json\/wp\/v2\/product"}],"about":[{"href":"https:\/\/medicinasinc.com\/sl\/wp-json\/wp\/v2\/types\/product"}],"replies":[{"embeddable":true,"href":"https:\/\/medicinasinc.com\/sl\/wp-json\/wp\/v2\/comments?post=5792"}],"wp:featuredmedia":[{"embeddable":true,"href":"https:\/\/medicinasinc.com\/sl\/wp-json\/wp\/v2\/media\/5802"}],"wp:attachment":[{"href":"https:\/\/medicinasinc.com\/sl\/wp-json\/wp\/v2\/media?parent=5792"}],"wp:term":[{"taxonomy":"product_brand","embeddable":true,"href":"https:\/\/medicinasinc.com\/sl\/wp-json\/wp\/v2\/product_brand?post=5792"},{"taxonomy":"product_cat","embeddable":true,"href":"https:\/\/medicinasinc.com\/sl\/wp-json\/wp\/v2\/product_cat?post=5792"},{"taxonomy":"product_tag","embeddable":true,"href":"https:\/\/medicinasinc.com\/sl\/wp-json\/wp\/v2\/product_tag?post=5792"}],"curies":[{"name":"wp","href":"https:\/\/api.w.org\/{rel}","templated":true}]}}