{"id":5785,"date":"2022-02-22T06:12:06","date_gmt":"2022-02-22T06:12:06","guid":{"rendered":"https:\/\/medicinasinc.com\/sl\/?post_type=product&#038;p=5785"},"modified":"2022-03-19T00:17:13","modified_gmt":"2022-03-19T00:17:13","slug":"kupi-nembutal-pentobarbital-natrij","status":"publish","type":"product","link":"https:\/\/medicinasinc.com\/sl\/product\/kupi-nembutal-pentobarbital-natrij\/","title":{"rendered":"Kupite natrijev pentobarbital nembutal"},"content":{"rendered":"<p>Best Global Med ponuja najbolj\u0161o ceno in kakovost natrijevega pentobarbitala nembutal za prodajo. Oddajte spletno zahtevo na na\u0161em spletnem mestu.<\/p>\n<p>Obstaja ve\u010d razlogov, zakaj ljudje izberejo nembutal pentobarbital za peroralno uporabo, vendar je eden najpogostej\u0161ih teko\u010da oblika.<\/p>\n<p>Teko\u010da oblika. Nembutal Fenobarbital (znan tudi kot Nembutal) je zdravilo z barbiturati. Medtem ko so se v 40. in 50. letih 20. stoletja \u0161iroko uporabljali kot pripomo\u010dek za spanje, so o\u010darljivo uporabljali tudi kot obliko zdravila proti anksioznosti (na primer narkotika). Preveliko odmerjanje zdravila Nembutal je veliko bolj smrtonosno kot pri dana\u0161njih pripomo\u010dkih za spanje. To je eno najbolj\u0161ih zdravil za pomo\u010d pri samomoru, ker je trdno in tiho. Nembutal uporabljajo organizacije za namerno iztrebljanje v Zdru\u017eenih dr\u017eavah Amerike (Zakon o smrti z dostojanstvom Oregona), \u0160vici (Dignitas) in na Nizozemskem..<\/p>\n<p>Nembutal je bil umaknjen s trga, ker je bilo z njim tako enostavno preveliko odmerjanje. (bodisi naklju\u010dno ali na\u010drtovano), zato so ga nadomestila varnej\u0161a zdravila za spanje. Za leto 1998 je bil Nembutal odstranjen s seznama priporo\u010denih zdravil avstralske vlade. Nembutal pa veterinarji \u0161e vedno uporabljajo za prekinitev \u017eivljenja ve\u010djih \u017eivali. Mnogi ljudje so lahko pridobili veterinarski nembutal, da bi kon\u010dali svoje \u017eivljenje. Marilyn Monroe, legendarna ameri\u0161ka igralka in pevka, se je o\u010ditno ubila s smrtonosnim odmerkom nembutala.<\/p>\n<p>Ko je dr. John S. Lundy prvi\u010d za\u010del uporabljati ena\u010dbo natrijeve soli \u2013 Na (natrij) + etil + metil + butil + al &#8211; leta 1930 je dobil blagovno znamko &#8220;Nembutal&#8221; (obi\u010dajni postfiks za barbiturate). Na Danskem je Lundbeck lastnik blagovne znamke in proizvaja Nembutal.<\/p>\n<p>Kratkodelujo\u010di barbiturati vklju\u010dujejo fenobarbital (angle\u0161\u010dina ZDA) in pentobarbiton (UK angle\u0161\u010dina). Ko gre za fenobarbital, je na voljo v razli\u010dnih oblikah, vklju\u010dno s prostimi korozivnimi in solmi razli\u010dnih sestavin, kot sta natrij in kalcij. V vodi in etanolu je prosti koroziv le rahlo topen. Nembutal je ena od blagovnih znamk zdravila.<\/p>\n<p>Kemi\u010dna formula za C11H18N2O3 je naslednja:<\/p>\n<p>Jetra so vklju\u010dena v presnovne procese.<\/p>\n<p>Razpolovna doba. organskih spojin: 15\u201348 ur. Teko\u010dina v prahu, tablete<\/p>\n","protected":false},"excerpt":{"rendered":"<p>Kupite nembutal pentobarbital natrij na spletu v na\u0161i trgovini Bestglobalmeds.com in vam ga takoj dostavijo do vrat! Tukaj boste na\u0161li najbolj\u0161e mesto za nakup Nembutal na spletu!<\/p>\n<p>Nembutal lahko kupite na spletu pri Best Global Meds, ki dostavi na va\u0161a vrata. Nembutal brez recepta je tukaj na voljo po najni\u017ejih cenah.<\/p>\n<p>Ker so bili preveliki odmerki zdravila Nembutal tako pogosti, so zdravilo umaknili s trga in ga nadomestili z varnej\u0161imi pripomo\u010dki za spanje. Avstralci leta 1998 niso ve\u010d smeli priporo\u010dati zdravila Nembutal kot mo\u017enosti zdravljenja. V vsakem primeru veterani \u0161e naprej jemljejo Nembutal.<\/p>\n","protected":false},"featured_media":5796,"comment_status":"open","ping_status":"closed","template":"","meta":[],"product_brand":[],"product_cat":[3818],"product_tag":[3835,3834,3819,3820,3824,3827,3831,3840,3843,3948,3841,3842,3830,3828,3829,3823,3952,3826,3822,3821,3844,3845,3949,3866,3869,3950,3874,3875,3876,3878,3879,3880,3881,3882,3883,3884,3885,3886,3887,3888,3889,3890,3891,3892,3893,3894,3895,3896,3897,3898,3899,3900,3901,3902,3903,3951,3904,3953,3906,3907,3908,3909,3910,3911,3913,3916,3918,3919,3920,3921,3922,3923,3954,3925,3926,3927],"class_list":{"0":"post-5785","1":"product","2":"type-product","3":"status-publish","4":"has-post-thumbnail","6":"product_cat-pentobarbital-naprodaj","7":"product_tag-ali-lahko-kupi-natrijev-pentobarbital","8":"product_tag-ali-lahko-kupite-pentobarbital-natrij-v-prosti-prodaji","9":"product_tag-best-drug-for-suicide-overdose","10":"product_tag-buy-cheap-nembutal-liquid-online","11":"product_tag-buy-nembutal-pentobarbital-sodium","12":"product_tag-buy-pentobarbital-sodium","13":"product_tag-can-i-buy-pentobarbital","14":"product_tag-how-to-acquire-nembutal","15":"product_tag-it-is-easy-to-buy-nembutal-online","16":"product_tag-kako-kupiti-nembutal-tekoina-na-spletu","17":"product_tag-kako-kupiti-nembutal-online","18":"product_tag-kako-naroiti-nembutal-po-poti","19":"product_tag-kupi-natrijev-pentobarbital-uk","20":"product_tag-kupi-pentobarbital-natrij-2021","21":"product_tag-kupi-pentobarbital-natrijeva-pentobarbital-natrijeva-sol","22":"product_tag-kupi-nembutal-tekoina-na-spletu","23":"product_tag-nakup-nembutal-tekoina-online","24":"product_tag-kupi-nembutal-natrij-na-spletu","25":"product_tag-kupite-nembutal-tukaj","26":"product_tag-kupi-poceni-nembutal-online","27":"product_tag-lethal-injection-buy-online","28":"product_tag-nembutal","29":"product_tag-nembutal-liquid-for-sale","30":"product_tag-nembutal-pills-online","31":"product_tag-nembutal-suicide-dose","32":"product_tag-order-nembutal-liquid-online","33":"product_tag-pentobarbital","34":"product_tag-pentobarbital-de-sodium-dose-letale","35":"product_tag-pentobarbital-for-euthanasia","36":"product_tag-pentobarbital-sodium-anesthesia","37":"product_tag-pentobarbital-sodium-buy","38":"product_tag-pentobarbital-sodium-china","39":"product_tag-pentobarbital-sodium-death","40":"product_tag-pentobarbital-sodium-dosage","41":"product_tag-pentobarbital-sodium-for-dogs","42":"product_tag-pentobarbital-sodium-for-humans","43":"product_tag-pentobarbital-sodium-group","44":"product_tag-pentobarbital-sodium-injection-for-dogs","45":"product_tag-pentobarbital-sodium-injection-for-humans","46":"product_tag-pentobarbital-sodium-injection-solution","47":"product_tag-pentobarbital-sodium-injection-usp","48":"product_tag-pentobarbital-sodium-liquid","49":"product_tag-pentobarbital-sodium-nz","50":"product_tag-pentobarbital-sodium-oral","51":"product_tag-pentobarbital-sodium-over-the-counter","52":"product_tag-pentobarbital-sodium-pills","53":"product_tag-pentobarbital-sodium-powder","54":"product_tag-pentobarbital-sodium-prescription","55":"product_tag-pentobarbital-sodium-price","56":"product_tag-pentobarbital-sodium-salt","57":"product_tag-pentobarbital-sodium-sleeping-pills","58":"product_tag-pentobarbital-sodium-sleeping-pills-over-the-counter","59":"product_tag-pentobarbital-sodium-tablets","60":"product_tag-pentobarbital-sodium-where-to-buy","61":"product_tag-pentobarbital-use","62":"product_tag-phenobarbital-sodium-intravenous","63":"product_tag-purchase-nembutal-online","64":"product_tag-sodium","65":"product_tag-sodium-pentobarbital-nembutal","66":"product_tag-sodium-pentobarbital-cost","67":"product_tag-sodium-pentobarbital-for-animal-euthanasia","68":"product_tag-sodium-pentobarbital-for-euthanasia","69":"product_tag-sodium-pentobarbital-manufacturers","70":"product_tag-sodium-pentobarbital-shelf-life","71":"product_tag-want-to-buy-nembutal","72":"product_tag-where-can-i-buy-nembutal-sodium-pentobarbital","73":"product_tag-where-can-i-buy-pentobarbital-sodium","74":"product_tag-where-can-i-buy-pentobarbital-sodium-sleeping-pills","75":"product_tag-where-can-i-buy-sodium-pentobarbital","76":"product_tag-where-can-i-purchase-nembutal","77":"product_tag-where-can-you-buy-pentobarbital-sodium","78":"product_tag-where-to-buy-cheap-nembutal-online","79":"product_tag-where-to-buy-nembutal-liquid-online","80":"product_tag-where-to-buy-pentobarbital-sodium","81":"product_tag-where-to-buy-pentobarbital-sodium-for-dogs","82":"product_tag-where-to-get-pentobarbital-sodium","84":"first","85":"instock","86":"shipping-taxable","87":"purchasable","88":"product-type-variable"},"yoast_head":"<!-- This site is optimized with the Yoast SEO plugin v27.3 - https:\/\/yoast.com\/product\/yoast-seo-wordpress\/ -->\n<title>Kupite natrijev pentobarbital nembutal - najbolj\u0161a zdravila na svetu<\/title>\n<meta name=\"description\" content=\"Kupite Nembutal Pentobarbital Sodium UK, Evropa, Azija, Kitajska v na\u0161i spletni trgovini Bestglobalmeds.com s hitro dostavo po vsem svetu! Najbolj\u0161i nembutal za naro\u010danje boste na\u0161li tukaj!\" \/>\n<meta name=\"robots\" content=\"index, follow, max-snippet:-1, max-image-preview:large, max-video-preview:-1\" \/>\n<link rel=\"canonical\" href=\"https:\/\/medicinasinc.com\/sl\/product\/kupi-nembutal-pentobarbital-natrij\/\" \/>\n<meta property=\"og:locale\" content=\"en_US\" \/>\n<meta property=\"og:type\" content=\"article\" \/>\n<meta property=\"og:title\" content=\"Kupite natrijev pentobarbital nembutal - najbolj\u0161a zdravila na svetu\" \/>\n<meta property=\"og:description\" content=\"Kupite Nembutal Pentobarbital Sodium UK, Evropa, Azija, Kitajska v na\u0161i spletni trgovini Bestglobalmeds.com s hitro dostavo po vsem svetu! Najbolj\u0161i nembutal za naro\u010danje boste na\u0161li tukaj!\" \/>\n<meta property=\"og:url\" content=\"https:\/\/medicinasinc.com\/sl\/product\/kupi-nembutal-pentobarbital-natrij\/\" \/>\n<meta property=\"og:site_name\" content=\"Medicinas Inc\" \/>\n<meta property=\"article:modified_time\" content=\"2022-03-19T00:17:13+00:00\" \/>\n<meta property=\"og:image\" content=\"https:\/\/medicinasinc.com\/sl\/wp-content\/uploads\/sites\/7\/2022\/02\/Buy-Pentobarbital-Sodium-1.jpg\" \/>\n\t<meta property=\"og:image:width\" content=\"356\" \/>\n\t<meta property=\"og:image:height\" content=\"540\" \/>\n\t<meta property=\"og:image:type\" content=\"image\/jpeg\" \/>\n<meta name=\"twitter:card\" content=\"summary_large_image\" \/>\n<meta name=\"twitter:label1\" content=\"Est. reading time\" \/>\n\t<meta name=\"twitter:data1\" content=\"2 minutes\" \/>\n<script type=\"application\/ld+json\" class=\"yoast-schema-graph\">{\"@context\":\"https:\\\/\\\/schema.org\",\"@graph\":[{\"@type\":\"WebPage\",\"@id\":\"https:\\\/\\\/medicinasinc.com\\\/sl\\\/product\\\/kupi-nembutal-pentobarbital-natrij\\\/\",\"url\":\"https:\\\/\\\/medicinasinc.com\\\/sl\\\/product\\\/kupi-nembutal-pentobarbital-natrij\\\/\",\"name\":\"Kupite natrijev pentobarbital nembutal - najbolj\u0161a zdravila na svetu\",\"isPartOf\":{\"@id\":\"https:\\\/\\\/medicinasinc.com\\\/sl\\\/#website\"},\"primaryImageOfPage\":{\"@id\":\"https:\\\/\\\/medicinasinc.com\\\/sl\\\/product\\\/kupi-nembutal-pentobarbital-natrij\\\/#primaryimage\"},\"image\":{\"@id\":\"https:\\\/\\\/medicinasinc.com\\\/sl\\\/product\\\/kupi-nembutal-pentobarbital-natrij\\\/#primaryimage\"},\"thumbnailUrl\":\"https:\\\/\\\/medicinasinc.com\\\/sl\\\/wp-content\\\/uploads\\\/sites\\\/7\\\/2022\\\/02\\\/Buy-Pentobarbital-Sodium-1.jpg\",\"datePublished\":\"2022-02-22T06:12:06+00:00\",\"dateModified\":\"2022-03-19T00:17:13+00:00\",\"description\":\"Kupite Nembutal Pentobarbital Sodium UK, Evropa, Azija, Kitajska v na\u0161i spletni trgovini Bestglobalmeds.com s hitro dostavo po vsem svetu! Najbolj\u0161i nembutal za naro\u010danje boste na\u0161li tukaj!\",\"breadcrumb\":{\"@id\":\"https:\\\/\\\/medicinasinc.com\\\/sl\\\/product\\\/kupi-nembutal-pentobarbital-natrij\\\/#breadcrumb\"},\"inLanguage\":\"en-US\",\"potentialAction\":[{\"@type\":\"ReadAction\",\"target\":[\"https:\\\/\\\/medicinasinc.com\\\/sl\\\/product\\\/kupi-nembutal-pentobarbital-natrij\\\/\"]}]},{\"@type\":\"ImageObject\",\"inLanguage\":\"en-US\",\"@id\":\"https:\\\/\\\/medicinasinc.com\\\/sl\\\/product\\\/kupi-nembutal-pentobarbital-natrij\\\/#primaryimage\",\"url\":\"https:\\\/\\\/medicinasinc.com\\\/sl\\\/wp-content\\\/uploads\\\/sites\\\/7\\\/2022\\\/02\\\/Buy-Pentobarbital-Sodium-1.jpg\",\"contentUrl\":\"https:\\\/\\\/medicinasinc.com\\\/sl\\\/wp-content\\\/uploads\\\/sites\\\/7\\\/2022\\\/02\\\/Buy-Pentobarbital-Sodium-1.jpg\",\"width\":356,\"height\":540},{\"@type\":\"BreadcrumbList\",\"@id\":\"https:\\\/\\\/medicinasinc.com\\\/sl\\\/product\\\/kupi-nembutal-pentobarbital-natrij\\\/#breadcrumb\",\"itemListElement\":[{\"@type\":\"ListItem\",\"position\":1,\"name\":\"Nakupujte\",\"item\":\"https:\\\/\\\/medicinasinc.com\\\/sl\\\/nakupujte\\\/\"},{\"@type\":\"ListItem\",\"position\":2,\"name\":\"Kupite natrijev pentobarbital nembutal\"}]},{\"@type\":\"WebSite\",\"@id\":\"https:\\\/\\\/medicinasinc.com\\\/sl\\\/#website\",\"url\":\"https:\\\/\\\/medicinasinc.com\\\/sl\\\/\",\"name\":\"Medicinas Inc\",\"description\":\"Health Medical Clinic\",\"potentialAction\":[{\"@type\":\"SearchAction\",\"target\":{\"@type\":\"EntryPoint\",\"urlTemplate\":\"https:\\\/\\\/medicinasinc.com\\\/sl\\\/?s={search_term_string}\"},\"query-input\":{\"@type\":\"PropertyValueSpecification\",\"valueRequired\":true,\"valueName\":\"search_term_string\"}}],\"inLanguage\":\"en-US\"}]}<\/script>\n<!-- \/ Yoast SEO plugin. -->","yoast_head_json":{"title":"Kupite natrijev pentobarbital nembutal - najbolj\u0161a zdravila na svetu","description":"Kupite Nembutal Pentobarbital Sodium UK, Evropa, Azija, Kitajska v na\u0161i spletni trgovini Bestglobalmeds.com s hitro dostavo po vsem svetu! Najbolj\u0161i nembutal za naro\u010danje boste na\u0161li tukaj!","robots":{"index":"index","follow":"follow","max-snippet":"max-snippet:-1","max-image-preview":"max-image-preview:large","max-video-preview":"max-video-preview:-1"},"canonical":"https:\/\/medicinasinc.com\/sl\/product\/kupi-nembutal-pentobarbital-natrij\/","og_locale":"en_US","og_type":"article","og_title":"Kupite natrijev pentobarbital nembutal - najbolj\u0161a zdravila na svetu","og_description":"Kupite Nembutal Pentobarbital Sodium UK, Evropa, Azija, Kitajska v na\u0161i spletni trgovini Bestglobalmeds.com s hitro dostavo po vsem svetu! Najbolj\u0161i nembutal za naro\u010danje boste na\u0161li tukaj!","og_url":"https:\/\/medicinasinc.com\/sl\/product\/kupi-nembutal-pentobarbital-natrij\/","og_site_name":"Medicinas Inc","article_modified_time":"2022-03-19T00:17:13+00:00","og_image":[{"width":356,"height":540,"url":"https:\/\/medicinasinc.com\/sl\/wp-content\/uploads\/sites\/7\/2022\/02\/Buy-Pentobarbital-Sodium-1.jpg","type":"image\/jpeg"}],"twitter_card":"summary_large_image","twitter_misc":{"Est. reading time":"2 minutes"},"schema":{"@context":"https:\/\/schema.org","@graph":[{"@type":"WebPage","@id":"https:\/\/medicinasinc.com\/sl\/product\/kupi-nembutal-pentobarbital-natrij\/","url":"https:\/\/medicinasinc.com\/sl\/product\/kupi-nembutal-pentobarbital-natrij\/","name":"Kupite natrijev pentobarbital nembutal - najbolj\u0161a zdravila na svetu","isPartOf":{"@id":"https:\/\/medicinasinc.com\/sl\/#website"},"primaryImageOfPage":{"@id":"https:\/\/medicinasinc.com\/sl\/product\/kupi-nembutal-pentobarbital-natrij\/#primaryimage"},"image":{"@id":"https:\/\/medicinasinc.com\/sl\/product\/kupi-nembutal-pentobarbital-natrij\/#primaryimage"},"thumbnailUrl":"https:\/\/medicinasinc.com\/sl\/wp-content\/uploads\/sites\/7\/2022\/02\/Buy-Pentobarbital-Sodium-1.jpg","datePublished":"2022-02-22T06:12:06+00:00","dateModified":"2022-03-19T00:17:13+00:00","description":"Kupite Nembutal Pentobarbital Sodium UK, Evropa, Azija, Kitajska v na\u0161i spletni trgovini Bestglobalmeds.com s hitro dostavo po vsem svetu! Najbolj\u0161i nembutal za naro\u010danje boste na\u0161li tukaj!","breadcrumb":{"@id":"https:\/\/medicinasinc.com\/sl\/product\/kupi-nembutal-pentobarbital-natrij\/#breadcrumb"},"inLanguage":"en-US","potentialAction":[{"@type":"ReadAction","target":["https:\/\/medicinasinc.com\/sl\/product\/kupi-nembutal-pentobarbital-natrij\/"]}]},{"@type":"ImageObject","inLanguage":"en-US","@id":"https:\/\/medicinasinc.com\/sl\/product\/kupi-nembutal-pentobarbital-natrij\/#primaryimage","url":"https:\/\/medicinasinc.com\/sl\/wp-content\/uploads\/sites\/7\/2022\/02\/Buy-Pentobarbital-Sodium-1.jpg","contentUrl":"https:\/\/medicinasinc.com\/sl\/wp-content\/uploads\/sites\/7\/2022\/02\/Buy-Pentobarbital-Sodium-1.jpg","width":356,"height":540},{"@type":"BreadcrumbList","@id":"https:\/\/medicinasinc.com\/sl\/product\/kupi-nembutal-pentobarbital-natrij\/#breadcrumb","itemListElement":[{"@type":"ListItem","position":1,"name":"Nakupujte","item":"https:\/\/medicinasinc.com\/sl\/nakupujte\/"},{"@type":"ListItem","position":2,"name":"Kupite natrijev pentobarbital nembutal"}]},{"@type":"WebSite","@id":"https:\/\/medicinasinc.com\/sl\/#website","url":"https:\/\/medicinasinc.com\/sl\/","name":"Medicinas Inc","description":"Health Medical Clinic","potentialAction":[{"@type":"SearchAction","target":{"@type":"EntryPoint","urlTemplate":"https:\/\/medicinasinc.com\/sl\/?s={search_term_string}"},"query-input":{"@type":"PropertyValueSpecification","valueRequired":true,"valueName":"search_term_string"}}],"inLanguage":"en-US"}]}},"_links":{"self":[{"href":"https:\/\/medicinasinc.com\/sl\/wp-json\/wp\/v2\/product\/5785","targetHints":{"allow":["GET"]}}],"collection":[{"href":"https:\/\/medicinasinc.com\/sl\/wp-json\/wp\/v2\/product"}],"about":[{"href":"https:\/\/medicinasinc.com\/sl\/wp-json\/wp\/v2\/types\/product"}],"replies":[{"embeddable":true,"href":"https:\/\/medicinasinc.com\/sl\/wp-json\/wp\/v2\/comments?post=5785"}],"wp:featuredmedia":[{"embeddable":true,"href":"https:\/\/medicinasinc.com\/sl\/wp-json\/wp\/v2\/media\/5796"}],"wp:attachment":[{"href":"https:\/\/medicinasinc.com\/sl\/wp-json\/wp\/v2\/media?parent=5785"}],"wp:term":[{"taxonomy":"product_brand","embeddable":true,"href":"https:\/\/medicinasinc.com\/sl\/wp-json\/wp\/v2\/product_brand?post=5785"},{"taxonomy":"product_cat","embeddable":true,"href":"https:\/\/medicinasinc.com\/sl\/wp-json\/wp\/v2\/product_cat?post=5785"},{"taxonomy":"product_tag","embeddable":true,"href":"https:\/\/medicinasinc.com\/sl\/wp-json\/wp\/v2\/product_tag?post=5785"}],"curies":[{"name":"wp","href":"https:\/\/api.w.org\/{rel}","templated":true}]}}