{"id":5781,"date":"2022-02-22T06:07:08","date_gmt":"2022-02-22T06:07:08","guid":{"rendered":"https:\/\/medicinasinc.com\/sl\/?post_type=product&#038;p=5781"},"modified":"2022-03-19T00:17:26","modified_gmt":"2022-03-19T00:17:26","slug":"kupi-nembutal-prah","status":"publish","type":"product","link":"https:\/\/medicinasinc.com\/sl\/product\/kupi-nembutal-prah\/","title":{"rendered":"Kupite nembutal v prahu"},"content":{"rendered":"<p>Nembutal v prahu najbolj\u0161ih dobaviteljev po najni\u017ejih cenah<\/p>\n<p>Na spletnem trgu lahko najdete visokokakovostna zdravila in zdravila v Spletni lekarni Nembutal. \u010ce \u017eelite dobiti nembutal v prahu od najbolj\u0161ih dobaviteljev nembutal v prahu, se obrnite na na\u0161o lekarno. Kontaktirajte nas \u0161e danes in takoj bomo opravili va\u0161e delo. Va\u0161e zdravilo bo dostavljeno na naslov, ki ga navedete. Za najbolj\u0161o ponudbo Nembutal v prahu, oddajte naro\u010dilo takoj!<\/p>\n<p>Kaj lahko pri\u010dakujete z uporabo Nembutal v prahu?<\/p>\n<p>Nembutal v prahu je znan po tem, da pomaga nespe\u010dnim bolnikom in tistim, ki najdejo nespe\u010dnost. te\u017eko je zaspati in zapreti o\u010di. V mnogih okoli\u0161\u010dinah se uporablja kot zdravilo proti anksioznosti. Na\u0161a spletna lekarna je najbolj\u0161e mesto za nakup nembutal v prahu, \u010de imate enake cilje v mislih.<\/p>\n<p>Katera spletna trgovina prodaja najbolj\u0161i nembutal v prahu?<\/p>\n<p>Ne glede na va\u0161 razlog za naro\u010danje nembutal v prahu? , se lahko vedno zanesete na spletno lekarno Nembutal, da bo va\u0161e delo opravilo prav za vas.<\/p>\n<p>Razumemo potrebe in pri\u010dakovanja na\u0161ih strank zaradi na\u0161ega dolgoletnega strokovnega znanja. Nikoli nimamo dostopa do va\u0161ih osebnih podatkov ali podatkov o va\u0161i kreditni kartici ali jih shranimo. Vsi podatki so zasebni. To pomeni, da lahko pri nas kupite Nembutal pra\u0161ek na spletu po najbolj\u0161i ceni.<\/p>\n<p>Z nakupom v na\u0161i spletni lekarni boste korak pred konkurenco. S\u010dasoma smo pridobili veliko potencialnih potro\u0161nikov. \u010ce i\u0161\u010dete najbolj\u0161e, ne oklevajte in nas kadar koli kontaktirajte.<\/p>\n","protected":false},"excerpt":{"rendered":"<p>Obstajajo \u0161tevilne spletne lekarne, ki prodajajo natrijev pentobarbital natrijev nembutal v prahu, vklju\u010dno z bestglobalmeds.com. Tukaj boste na\u0161li najbolj\u0161e mesto za nakup Nembutala na spletu! Zdaj je mogo\u010de dobiti lekarno Nembutal na spletu iz udobja svojega doma. Nembutal v prahu za prodajo po najni\u017ejih mo\u017enih cenah najdete tukaj.<\/p>\n<p>Best Global Meds ponuja Nembutal v prahu za prodajo na spletu po dostopnih cenah. Nembutal tablete, tablete in kapsule najvi\u0161je kakovosti lahko kupite po najvi\u0161ji ceni. Ne oklevajte in stopite v stik z nami takoj!<\/p>\n","protected":false},"featured_media":5791,"comment_status":"open","ping_status":"closed","template":"","meta":[],"product_brand":[],"product_cat":[3818],"product_tag":[3832,3928,3929,3930,3839,3931,3944,3845,3932,3933,3934,3935,3936,3937,3938,3939,3940,3941,3942,3943,3945,3946,3947],"class_list":{"0":"post-5781","1":"product","2":"type-product","3":"status-publish","4":"has-post-thumbnail","6":"product_cat-pentobarbital-naprodaj","7":"product_tag-lahko-naroim-nembutal-na-spletu","8":"product_tag-buy-nembutal-online","9":"product_tag-buy-nembutal-powder-online","10":"product_tag-how-can-i-order-nembutal-powder","11":"product_tag-how-can-i-take-nembutal","12":"product_tag-kako-kupiti-nembutal-praek-na-spletu","13":"product_tag-nakup-nembutal-praek-na-spletu","14":"product_tag-nembutal","15":"product_tag-nembutal-buy-australia","16":"product_tag-nembutal-buy-austria","17":"product_tag-nembutal-buy-online","18":"product_tag-nembutal-buy-uk","19":"product_tag-nembutal-powder","20":"product_tag-nembutal-powder-buy","21":"product_tag-nembutal-powder-dose","22":"product_tag-nembutal-powder-for-sale","23":"product_tag-nembutal-powder-overdose","24":"product_tag-nembutal-powder-supplier","25":"product_tag-order-nembutal-powder","26":"product_tag-order-nembutal-powder-online","27":"product_tag-the-best-place-to-buy-nembutal-powder-online","28":"product_tag-where-can-i-buy-nembutal-powder","29":"product_tag-where-to-buy-nembutal-powder-online","31":"first","32":"instock","33":"shipping-taxable","34":"purchasable","35":"product-type-variable"},"yoast_head":"<!-- This site is optimized with the Yoast SEO plugin v27.3 - https:\/\/yoast.com\/product\/yoast-seo-wordpress\/ -->\n<title>Kupite nembutal v prahu - natrijev pentobarbital - Best Global Meds<\/title>\n<meta name=\"description\" content=\"Kupite nembutal natrijev pentobarbital v prahu za prodajo v Zdru\u017eenem kraljestvu, ZAE, Evropi, Kitajski v na\u0161i spletni trgovini bestglobalmeds.com s hitro dostavo po vsem svetu! Najbolj\u0161i nembutal za naro\u010danje boste na\u0161li tukaj!\" \/>\n<meta name=\"robots\" content=\"index, follow, max-snippet:-1, max-image-preview:large, max-video-preview:-1\" \/>\n<link rel=\"canonical\" href=\"https:\/\/medicinasinc.com\/sl\/product\/kupi-nembutal-prah\/\" \/>\n<meta property=\"og:locale\" content=\"en_US\" \/>\n<meta property=\"og:type\" content=\"article\" \/>\n<meta property=\"og:title\" content=\"Kupite nembutal v prahu - natrijev pentobarbital - Best Global Meds\" \/>\n<meta property=\"og:description\" content=\"Kupite nembutal natrijev pentobarbital v prahu za prodajo v Zdru\u017eenem kraljestvu, ZAE, Evropi, Kitajski v na\u0161i spletni trgovini bestglobalmeds.com s hitro dostavo po vsem svetu! Najbolj\u0161i nembutal za naro\u010danje boste na\u0161li tukaj!\" \/>\n<meta property=\"og:url\" content=\"https:\/\/medicinasinc.com\/sl\/product\/kupi-nembutal-prah\/\" \/>\n<meta property=\"og:site_name\" content=\"Medicinas Inc\" \/>\n<meta property=\"article:modified_time\" content=\"2022-03-19T00:17:26+00:00\" \/>\n<meta property=\"og:image\" content=\"https:\/\/medicinasinc.com\/sl\/wp-content\/uploads\/sites\/7\/2022\/02\/Buy-Nembutal-Powder-2.jpg\" \/>\n\t<meta property=\"og:image:width\" content=\"600\" \/>\n\t<meta property=\"og:image:height\" content=\"600\" \/>\n\t<meta property=\"og:image:type\" content=\"image\/jpeg\" \/>\n<meta name=\"twitter:card\" content=\"summary_large_image\" \/>\n<meta name=\"twitter:label1\" content=\"Est. reading time\" \/>\n\t<meta name=\"twitter:data1\" content=\"2 minutes\" \/>\n<script type=\"application\/ld+json\" class=\"yoast-schema-graph\">{\"@context\":\"https:\\\/\\\/schema.org\",\"@graph\":[{\"@type\":\"WebPage\",\"@id\":\"https:\\\/\\\/medicinasinc.com\\\/sl\\\/product\\\/kupi-nembutal-prah\\\/\",\"url\":\"https:\\\/\\\/medicinasinc.com\\\/sl\\\/product\\\/kupi-nembutal-prah\\\/\",\"name\":\"Kupite nembutal v prahu - natrijev pentobarbital - Best Global Meds\",\"isPartOf\":{\"@id\":\"https:\\\/\\\/medicinasinc.com\\\/sl\\\/#website\"},\"primaryImageOfPage\":{\"@id\":\"https:\\\/\\\/medicinasinc.com\\\/sl\\\/product\\\/kupi-nembutal-prah\\\/#primaryimage\"},\"image\":{\"@id\":\"https:\\\/\\\/medicinasinc.com\\\/sl\\\/product\\\/kupi-nembutal-prah\\\/#primaryimage\"},\"thumbnailUrl\":\"https:\\\/\\\/medicinasinc.com\\\/sl\\\/wp-content\\\/uploads\\\/sites\\\/7\\\/2022\\\/02\\\/Buy-Nembutal-Powder-2.jpg\",\"datePublished\":\"2022-02-22T06:07:08+00:00\",\"dateModified\":\"2022-03-19T00:17:26+00:00\",\"description\":\"Kupite nembutal natrijev pentobarbital v prahu za prodajo v Zdru\u017eenem kraljestvu, ZAE, Evropi, Kitajski v na\u0161i spletni trgovini bestglobalmeds.com s hitro dostavo po vsem svetu! Najbolj\u0161i nembutal za naro\u010danje boste na\u0161li tukaj!\",\"breadcrumb\":{\"@id\":\"https:\\\/\\\/medicinasinc.com\\\/sl\\\/product\\\/kupi-nembutal-prah\\\/#breadcrumb\"},\"inLanguage\":\"en-US\",\"potentialAction\":[{\"@type\":\"ReadAction\",\"target\":[\"https:\\\/\\\/medicinasinc.com\\\/sl\\\/product\\\/kupi-nembutal-prah\\\/\"]}]},{\"@type\":\"ImageObject\",\"inLanguage\":\"en-US\",\"@id\":\"https:\\\/\\\/medicinasinc.com\\\/sl\\\/product\\\/kupi-nembutal-prah\\\/#primaryimage\",\"url\":\"https:\\\/\\\/medicinasinc.com\\\/sl\\\/wp-content\\\/uploads\\\/sites\\\/7\\\/2022\\\/02\\\/Buy-Nembutal-Powder-2.jpg\",\"contentUrl\":\"https:\\\/\\\/medicinasinc.com\\\/sl\\\/wp-content\\\/uploads\\\/sites\\\/7\\\/2022\\\/02\\\/Buy-Nembutal-Powder-2.jpg\",\"width\":600,\"height\":600},{\"@type\":\"BreadcrumbList\",\"@id\":\"https:\\\/\\\/medicinasinc.com\\\/sl\\\/product\\\/kupi-nembutal-prah\\\/#breadcrumb\",\"itemListElement\":[{\"@type\":\"ListItem\",\"position\":1,\"name\":\"Nakupujte\",\"item\":\"https:\\\/\\\/medicinasinc.com\\\/sl\\\/nakupujte\\\/\"},{\"@type\":\"ListItem\",\"position\":2,\"name\":\"Kupite nembutal v prahu\"}]},{\"@type\":\"WebSite\",\"@id\":\"https:\\\/\\\/medicinasinc.com\\\/sl\\\/#website\",\"url\":\"https:\\\/\\\/medicinasinc.com\\\/sl\\\/\",\"name\":\"Medicinas Inc\",\"description\":\"Health Medical Clinic\",\"potentialAction\":[{\"@type\":\"SearchAction\",\"target\":{\"@type\":\"EntryPoint\",\"urlTemplate\":\"https:\\\/\\\/medicinasinc.com\\\/sl\\\/?s={search_term_string}\"},\"query-input\":{\"@type\":\"PropertyValueSpecification\",\"valueRequired\":true,\"valueName\":\"search_term_string\"}}],\"inLanguage\":\"en-US\"}]}<\/script>\n<!-- \/ Yoast SEO plugin. -->","yoast_head_json":{"title":"Kupite nembutal v prahu - natrijev pentobarbital - Best Global Meds","description":"Kupite nembutal natrijev pentobarbital v prahu za prodajo v Zdru\u017eenem kraljestvu, ZAE, Evropi, Kitajski v na\u0161i spletni trgovini bestglobalmeds.com s hitro dostavo po vsem svetu! Najbolj\u0161i nembutal za naro\u010danje boste na\u0161li tukaj!","robots":{"index":"index","follow":"follow","max-snippet":"max-snippet:-1","max-image-preview":"max-image-preview:large","max-video-preview":"max-video-preview:-1"},"canonical":"https:\/\/medicinasinc.com\/sl\/product\/kupi-nembutal-prah\/","og_locale":"en_US","og_type":"article","og_title":"Kupite nembutal v prahu - natrijev pentobarbital - Best Global Meds","og_description":"Kupite nembutal natrijev pentobarbital v prahu za prodajo v Zdru\u017eenem kraljestvu, ZAE, Evropi, Kitajski v na\u0161i spletni trgovini bestglobalmeds.com s hitro dostavo po vsem svetu! Najbolj\u0161i nembutal za naro\u010danje boste na\u0161li tukaj!","og_url":"https:\/\/medicinasinc.com\/sl\/product\/kupi-nembutal-prah\/","og_site_name":"Medicinas Inc","article_modified_time":"2022-03-19T00:17:26+00:00","og_image":[{"width":600,"height":600,"url":"https:\/\/medicinasinc.com\/sl\/wp-content\/uploads\/sites\/7\/2022\/02\/Buy-Nembutal-Powder-2.jpg","type":"image\/jpeg"}],"twitter_card":"summary_large_image","twitter_misc":{"Est. reading time":"2 minutes"},"schema":{"@context":"https:\/\/schema.org","@graph":[{"@type":"WebPage","@id":"https:\/\/medicinasinc.com\/sl\/product\/kupi-nembutal-prah\/","url":"https:\/\/medicinasinc.com\/sl\/product\/kupi-nembutal-prah\/","name":"Kupite nembutal v prahu - natrijev pentobarbital - Best Global Meds","isPartOf":{"@id":"https:\/\/medicinasinc.com\/sl\/#website"},"primaryImageOfPage":{"@id":"https:\/\/medicinasinc.com\/sl\/product\/kupi-nembutal-prah\/#primaryimage"},"image":{"@id":"https:\/\/medicinasinc.com\/sl\/product\/kupi-nembutal-prah\/#primaryimage"},"thumbnailUrl":"https:\/\/medicinasinc.com\/sl\/wp-content\/uploads\/sites\/7\/2022\/02\/Buy-Nembutal-Powder-2.jpg","datePublished":"2022-02-22T06:07:08+00:00","dateModified":"2022-03-19T00:17:26+00:00","description":"Kupite nembutal natrijev pentobarbital v prahu za prodajo v Zdru\u017eenem kraljestvu, ZAE, Evropi, Kitajski v na\u0161i spletni trgovini bestglobalmeds.com s hitro dostavo po vsem svetu! Najbolj\u0161i nembutal za naro\u010danje boste na\u0161li tukaj!","breadcrumb":{"@id":"https:\/\/medicinasinc.com\/sl\/product\/kupi-nembutal-prah\/#breadcrumb"},"inLanguage":"en-US","potentialAction":[{"@type":"ReadAction","target":["https:\/\/medicinasinc.com\/sl\/product\/kupi-nembutal-prah\/"]}]},{"@type":"ImageObject","inLanguage":"en-US","@id":"https:\/\/medicinasinc.com\/sl\/product\/kupi-nembutal-prah\/#primaryimage","url":"https:\/\/medicinasinc.com\/sl\/wp-content\/uploads\/sites\/7\/2022\/02\/Buy-Nembutal-Powder-2.jpg","contentUrl":"https:\/\/medicinasinc.com\/sl\/wp-content\/uploads\/sites\/7\/2022\/02\/Buy-Nembutal-Powder-2.jpg","width":600,"height":600},{"@type":"BreadcrumbList","@id":"https:\/\/medicinasinc.com\/sl\/product\/kupi-nembutal-prah\/#breadcrumb","itemListElement":[{"@type":"ListItem","position":1,"name":"Nakupujte","item":"https:\/\/medicinasinc.com\/sl\/nakupujte\/"},{"@type":"ListItem","position":2,"name":"Kupite nembutal v prahu"}]},{"@type":"WebSite","@id":"https:\/\/medicinasinc.com\/sl\/#website","url":"https:\/\/medicinasinc.com\/sl\/","name":"Medicinas Inc","description":"Health Medical Clinic","potentialAction":[{"@type":"SearchAction","target":{"@type":"EntryPoint","urlTemplate":"https:\/\/medicinasinc.com\/sl\/?s={search_term_string}"},"query-input":{"@type":"PropertyValueSpecification","valueRequired":true,"valueName":"search_term_string"}}],"inLanguage":"en-US"}]}},"_links":{"self":[{"href":"https:\/\/medicinasinc.com\/sl\/wp-json\/wp\/v2\/product\/5781","targetHints":{"allow":["GET"]}}],"collection":[{"href":"https:\/\/medicinasinc.com\/sl\/wp-json\/wp\/v2\/product"}],"about":[{"href":"https:\/\/medicinasinc.com\/sl\/wp-json\/wp\/v2\/types\/product"}],"replies":[{"embeddable":true,"href":"https:\/\/medicinasinc.com\/sl\/wp-json\/wp\/v2\/comments?post=5781"}],"wp:featuredmedia":[{"embeddable":true,"href":"https:\/\/medicinasinc.com\/sl\/wp-json\/wp\/v2\/media\/5791"}],"wp:attachment":[{"href":"https:\/\/medicinasinc.com\/sl\/wp-json\/wp\/v2\/media?parent=5781"}],"wp:term":[{"taxonomy":"product_brand","embeddable":true,"href":"https:\/\/medicinasinc.com\/sl\/wp-json\/wp\/v2\/product_brand?post=5781"},{"taxonomy":"product_cat","embeddable":true,"href":"https:\/\/medicinasinc.com\/sl\/wp-json\/wp\/v2\/product_cat?post=5781"},{"taxonomy":"product_tag","embeddable":true,"href":"https:\/\/medicinasinc.com\/sl\/wp-json\/wp\/v2\/product_tag?post=5781"}],"curies":[{"name":"wp","href":"https:\/\/api.w.org\/{rel}","templated":true}]}}