{"id":5777,"date":"2022-02-22T05:58:59","date_gmt":"2022-02-22T05:58:59","guid":{"rendered":"https:\/\/medicinasinc.com\/sl\/?post_type=product&#038;p=5777"},"modified":"2022-03-19T00:17:42","modified_gmt":"2022-03-19T00:17:42","slug":"kupi-nembutal-kapsule","status":"publish","type":"product","link":"https:\/\/medicinasinc.com\/sl\/product\/kupi-nembutal-kapsule\/","title":{"rendered":"Kupite kapsule Nembutal"},"content":{"rendered":"<p>Poi\u0161\u010dite najbolj\u0161e dobavitelje in prodajalce kapsul Nembutal v na\u0161i spletni lekarni Nembutal<\/p>\n<p>Ali posku\u0161ate poiskati ugledno spletno lekarno, kjer lahko dobite najbolj\u0161o ponudbo za Nembutal kapsule? da? Potem je to idealno mesto za vas. Poznana kot Spletna lekarna Nembutal, smo dobro znana spletna lekarna. Zaradi na\u0161ega slovesa enega vodilnih spletnih trgovcev in ponudnikov kapsul Nembutal smo pridobili veliko predanih strank.<\/p>\n<p>Ne skrbite, \u010de prvi\u010d kupujete Nembutal kapsule v na\u0161i spletni lekarni. . Tukaj ne morete pri\u010dakovati ni\u010d drugega kot najbolj\u0161e. Vedno smo tu, da vam pomagamo najti kapsule Nembutal, ki jih potrebujete, in jih \u010dim hitreje dostaviti do vas. V skladu z industrijskimi normami izpolnjujemo ali presegamo pri\u010dakovanja na\u0161ih strank. Kapsule Nembutal na\u0161e spletne lekarne so najvi\u0161je kakovosti, kar vklju\u010duje tudi embala\u017eo in po\u0161iljanje. Pi\u0161ite nam \u0161e danes, \u010de ste zainteresirani za pridobitev kapsul Nembutal in bomo pravo\u010dasno izpolnili va\u0161e potrebe.<\/p>\n<p>Zakaj je nakup Nembutal kapsul v spletni lekarni Nembutal najbolj\u0161a izbira?<\/p>\n<p> Na\u0161e podjetje je najbolj\u0161a mo\u017enost, \u010de \u017eelite Nembutal kapsule na natan\u010den na\u010din s preverjeno kakovostjo in hitro dostavo. Najkakovostnej\u0161e kapsule Nembutal so na voljo po ugodnih cenah v spletni lekarni Nembutal. Ker ne uporabljamo posrednikov, lahko vse poteka nemoteno. Storitev za stranke je za nas prednostna naloga in zagotavljamo, da so naro\u010dila dostavljena pravo\u010dasno.<\/p>\n<p>Od na\u0161ih potro\u0161nikov smo prejeli odli\u010dne povratne informacije in ocene, ker na tem podro\u010dju delamo \u017ee dolgo. Nembutal kapsule strankam po\u0161ilja na\u0161a ekipa na varen na\u010din. Vsakemu artiklu, ki ga kupite pri nas, prilo\u017eimo nabor navodil. Ta navodila vam bodo pokazala, kako varno vzeti recept za kapsule Nembutal.<\/p>\n<p>Vedno se lahko zanesete na na\u0161e vrhunske storitve. Na\u0161a spletna lekarna vam lahko pomaga izvedeti ve\u010d o zdravilu Nembutal kapsule. Nembutal kapsule je bilo v preteklosti te\u017eko dobiti. S\u010dasoma pa je na\u0161a spletna lekarna lahko ponudila izdelke Nembutal na spletu. Dobite jih lahko, kadar koli \u017eelite.<\/p>\n","protected":false},"excerpt":{"rendered":"<p>Spletno naro\u010danje kapsul Nembutal: kak\u0161ne korake je treba izvesti?<\/p>\n<p>Na na\u0161i uradni spletni strani lahko oddate zahtevo za spletni nakup kapsul Nembutal po najbolj\u0161i ceni in jo dokon\u010date v kratkem \u010dasu. Mi smo zadol\u017eeni za izpolnitev va\u0161ega naro\u010dila. Kapsule Nembutal lahko kupite pri nas takoj, \u010de nas kontaktirate \u0161e danes!<\/p>\n<p>V na\u0161i spletni trgovini BestGlobalMedicines.com lahko dobite Nembutal kapsule, tablete Evropa in pentobarbital za prodajo v Zdru\u017eenem kraljestvu s hitro dostavo po vsem svetu! Tukaj boste na\u0161li najbolj\u0161e mesto za nakup Nembutala na spletu!<\/p>\n","protected":false},"featured_media":5786,"comment_status":"open","ping_status":"closed","template":"","meta":[],"product_brand":[],"product_cat":[3818],"product_tag":[3835,3834,3832,3833,3819,3820,3824,3825,3827,3831,3837,3838,3839,3840,3843,3841,3836,3842,3830,3828,3829,3823,3826,3822,3821,3905,3844,3845,3846,3847,3848,3849,3850,3851,3852,3853,3854,3855,3856,3857,3858,3859,3860,3861,3862,3863,3864,3865,3866,3867,3868,3869,3870,3871,3872,3873,3874,3875,3876,3877,3878,3879,3880,3881,3882,3883,3884,3885,3886,3887,3888,3889,3890,3891,3892,3893,3894,3895,3896,3897,3898,3899,3900,3901,3902,3903,3904,3906,3907,3908,3909,3910,3911,3912,3913,3914,3915,3916,3917,3918,3919,3920,3921,3922,3923,3924,3925,3926,3927],"class_list":{"0":"post-5777","1":"product","2":"type-product","3":"status-publish","4":"has-post-thumbnail","6":"product_cat-pentobarbital-naprodaj","7":"product_tag-ali-lahko-kupi-natrijev-pentobarbital","8":"product_tag-ali-lahko-kupite-pentobarbital-natrij-v-prosti-prodaji","9":"product_tag-lahko-naroim-nembutal-na-spletu","10":"product_tag-lahko-naroim-pentobarbital-na-spletu","11":"product_tag-best-drug-for-suicide-overdose","12":"product_tag-buy-cheap-nembutal-liquid-online","13":"product_tag-buy-nembutal-pentobarbital-sodium","14":"product_tag-buy-nembutal-pills-online","15":"product_tag-buy-pentobarbital-sodium","16":"product_tag-can-i-buy-pentobarbital","17":"product_tag-how-can-i-order-nembutal-pills","18":"product_tag-how-can-i-order-pentobarbital-sodium","19":"product_tag-how-can-i-take-nembutal","20":"product_tag-how-to-acquire-nembutal","21":"product_tag-it-is-easy-to-buy-nembutal-online","22":"product_tag-kako-kupiti-nembutal-online","23":"product_tag-kako-lahko-naroim-nembutal-tekoina","24":"product_tag-kako-naroiti-nembutal-po-poti","25":"product_tag-kupi-natrijev-pentobarbital-uk","26":"product_tag-kupi-pentobarbital-natrij-2021","27":"product_tag-kupi-pentobarbital-natrijeva-pentobarbital-natrijeva-sol","28":"product_tag-kupi-nembutal-tekoina-na-spletu","29":"product_tag-kupi-nembutal-natrij-na-spletu","30":"product_tag-kupite-nembutal-tukaj","31":"product_tag-kupi-poceni-nembutal-online","32":"product_tag-nakup-nembutal-tablete-na-spletu","33":"product_tag-lethal-injection-buy-online","34":"product_tag-nembutal","35":"product_tag-nembutal-capsule","36":"product_tag-nembutal-for-sale","37":"product_tag-nembutal-liquid-buy","38":"product_tag-nembutal-liquid-buy-australia","39":"product_tag-nembutal-liquid-buy-austria","40":"product_tag-nembutal-liquid-buy-europe","41":"product_tag-nembutal-liquid-buy-uk","42":"product_tag-nembutal-liquid-dose","43":"product_tag-nembutal-liquid-overdose","44":"product_tag-nembutal-liquid-supplier","45":"product_tag-nembutal-pentobarbital-sodium-buy","46":"product_tag-nembutal-pills","47":"product_tag-nembutal-pills-buy","48":"product_tag-nembutal-pills-buy-australia","49":"product_tag-nembutal-pills-buy-austria","50":"product_tag-nembutal-pills-buy-europe","51":"product_tag-nembutal-pills-buy-online","52":"product_tag-nembutal-pills-buy-uk","53":"product_tag-nembutal-pills-dose","54":"product_tag-nembutal-pills-for-sale","55":"product_tag-nembutal-pills-online","56":"product_tag-nembutal-pills-overdose","57":"product_tag-nembutal-pills-supplier","58":"product_tag-nembutal-suicide-dose","59":"product_tag-order-nembutal-liquid","60":"product_tag-order-nembutal-pills","61":"product_tag-order-nembutal-pills-online","62":"product_tag-order-pentobarbital-sodium","63":"product_tag-pentobarbital","64":"product_tag-pentobarbital-de-sodium-dose-letale","65":"product_tag-pentobarbital-for-euthanasia","66":"product_tag-pentobarbital-near-me","67":"product_tag-pentobarbital-sodium-anesthesia","68":"product_tag-pentobarbital-sodium-buy","69":"product_tag-pentobarbital-sodium-china","70":"product_tag-pentobarbital-sodium-death","71":"product_tag-pentobarbital-sodium-dosage","72":"product_tag-pentobarbital-sodium-for-dogs","73":"product_tag-pentobarbital-sodium-for-humans","74":"product_tag-pentobarbital-sodium-group","75":"product_tag-pentobarbital-sodium-injection-for-dogs","76":"product_tag-pentobarbital-sodium-injection-for-humans","77":"product_tag-pentobarbital-sodium-injection-solution","78":"product_tag-pentobarbital-sodium-injection-usp","79":"product_tag-pentobarbital-sodium-liquid","80":"product_tag-pentobarbital-sodium-nz","81":"product_tag-pentobarbital-sodium-oral","82":"product_tag-pentobarbital-sodium-over-the-counter","83":"product_tag-pentobarbital-sodium-pills","84":"product_tag-pentobarbital-sodium-powder","85":"product_tag-pentobarbital-sodium-prescription","86":"product_tag-pentobarbital-sodium-price","87":"product_tag-pentobarbital-sodium-salt","88":"product_tag-pentobarbital-sodium-sleeping-pills","89":"product_tag-pentobarbital-sodium-sleeping-pills-over-the-counter","90":"product_tag-pentobarbital-sodium-tablets","91":"product_tag-pentobarbital-sodium-where-to-buy","92":"product_tag-pentobarbital-use","93":"product_tag-purchase-nembutal-online","94":"product_tag-sodium-pentobarbital-nembutal","95":"product_tag-sodium-pentobarbital-cost","96":"product_tag-sodium-pentobarbital-for-animal-euthanasia","97":"product_tag-sodium-pentobarbital-for-euthanasia","98":"product_tag-sodium-pentobarbital-manufacturers","99":"product_tag-sodium-pentobarbital-shelf-life","100":"product_tag-the-best-place-to-buy-nembutal-pills-online","101":"product_tag-want-to-buy-nembutal","102":"product_tag-where-can-i-buy-nembutal-liquid","103":"product_tag-where-can-i-buy-nembutal-pills","104":"product_tag-where-can-i-buy-nembutal-sodium-pentobarbital","105":"product_tag-where-can-i-buy-pentobarbital","106":"product_tag-where-can-i-buy-pentobarbital-sodium","107":"product_tag-where-can-i-buy-pentobarbital-sodium-sleeping-pills","108":"product_tag-where-can-i-buy-sodium-pentobarbital","109":"product_tag-where-can-i-purchase-nembutal","110":"product_tag-where-can-you-buy-pentobarbital-sodium","111":"product_tag-where-to-buy-cheap-nembutal-online","112":"product_tag-where-to-buy-nembutal-pills-online","113":"product_tag-where-to-buy-pentobarbital-sodium","114":"product_tag-where-to-buy-pentobarbital-sodium-for-dogs","115":"product_tag-where-to-get-pentobarbital-sodium","117":"first","118":"instock","119":"shipping-taxable","120":"purchasable","121":"product-type-variable"},"yoast_head":"<!-- This site is optimized with the Yoast SEO plugin v27.3 - https:\/\/yoast.com\/product\/yoast-seo-wordpress\/ -->\n<title>Kupite kapsule Nembutal - Naro\u010dite Nembutal kapsule - Najbolj\u0161a zdravila v svetu<\/title>\n<meta name=\"description\" content=\"Kupite\/naro\u010dite Nembutal kapsule, tablete za prodajo UK, Evropa, Kitajska, Japonska, Izrael v ugledni spletni lekarni brez recepta in zagotovljeno diskretno po\u0161iljanje.\" \/>\n<meta name=\"robots\" content=\"index, follow, max-snippet:-1, max-image-preview:large, max-video-preview:-1\" \/>\n<link rel=\"canonical\" href=\"https:\/\/medicinasinc.com\/sl\/product\/kupi-nembutal-kapsule\/\" \/>\n<meta property=\"og:locale\" content=\"en_US\" \/>\n<meta property=\"og:type\" content=\"article\" \/>\n<meta property=\"og:title\" content=\"Kupite kapsule Nembutal - Naro\u010dite Nembutal kapsule - Najbolj\u0161a zdravila v svetu\" \/>\n<meta property=\"og:description\" content=\"Kupite\/naro\u010dite Nembutal kapsule, tablete za prodajo UK, Evropa, Kitajska, Japonska, Izrael v ugledni spletni lekarni brez recepta in zagotovljeno diskretno po\u0161iljanje.\" \/>\n<meta property=\"og:url\" content=\"https:\/\/medicinasinc.com\/sl\/product\/kupi-nembutal-kapsule\/\" \/>\n<meta property=\"og:site_name\" content=\"Medicinas Inc\" \/>\n<meta property=\"article:modified_time\" content=\"2022-03-19T00:17:42+00:00\" \/>\n<meta property=\"og:image\" content=\"https:\/\/medicinasinc.com\/sl\/wp-content\/uploads\/sites\/7\/2022\/02\/Buy-Nembutal-Capsules.jpg\" \/>\n\t<meta property=\"og:image:width\" content=\"600\" \/>\n\t<meta property=\"og:image:height\" content=\"600\" \/>\n\t<meta property=\"og:image:type\" content=\"image\/jpeg\" \/>\n<meta name=\"twitter:card\" content=\"summary_large_image\" \/>\n<meta name=\"twitter:label1\" content=\"Est. reading time\" \/>\n\t<meta name=\"twitter:data1\" content=\"2 minutes\" \/>\n<script type=\"application\/ld+json\" class=\"yoast-schema-graph\">{\"@context\":\"https:\\\/\\\/schema.org\",\"@graph\":[{\"@type\":\"WebPage\",\"@id\":\"https:\\\/\\\/medicinasinc.com\\\/sl\\\/product\\\/kupi-nembutal-kapsule\\\/\",\"url\":\"https:\\\/\\\/medicinasinc.com\\\/sl\\\/product\\\/kupi-nembutal-kapsule\\\/\",\"name\":\"Kupite kapsule Nembutal - Naro\u010dite Nembutal kapsule - Najbolj\u0161a zdravila v svetu\",\"isPartOf\":{\"@id\":\"https:\\\/\\\/medicinasinc.com\\\/sl\\\/#website\"},\"primaryImageOfPage\":{\"@id\":\"https:\\\/\\\/medicinasinc.com\\\/sl\\\/product\\\/kupi-nembutal-kapsule\\\/#primaryimage\"},\"image\":{\"@id\":\"https:\\\/\\\/medicinasinc.com\\\/sl\\\/product\\\/kupi-nembutal-kapsule\\\/#primaryimage\"},\"thumbnailUrl\":\"https:\\\/\\\/medicinasinc.com\\\/sl\\\/wp-content\\\/uploads\\\/sites\\\/7\\\/2022\\\/02\\\/Buy-Nembutal-Capsules.jpg\",\"datePublished\":\"2022-02-22T05:58:59+00:00\",\"dateModified\":\"2022-03-19T00:17:42+00:00\",\"description\":\"Kupite\\\/naro\u010dite Nembutal kapsule, tablete za prodajo UK, Evropa, Kitajska, Japonska, Izrael v ugledni spletni lekarni brez recepta in zagotovljeno diskretno po\u0161iljanje.\",\"breadcrumb\":{\"@id\":\"https:\\\/\\\/medicinasinc.com\\\/sl\\\/product\\\/kupi-nembutal-kapsule\\\/#breadcrumb\"},\"inLanguage\":\"en-US\",\"potentialAction\":[{\"@type\":\"ReadAction\",\"target\":[\"https:\\\/\\\/medicinasinc.com\\\/sl\\\/product\\\/kupi-nembutal-kapsule\\\/\"]}]},{\"@type\":\"ImageObject\",\"inLanguage\":\"en-US\",\"@id\":\"https:\\\/\\\/medicinasinc.com\\\/sl\\\/product\\\/kupi-nembutal-kapsule\\\/#primaryimage\",\"url\":\"https:\\\/\\\/medicinasinc.com\\\/sl\\\/wp-content\\\/uploads\\\/sites\\\/7\\\/2022\\\/02\\\/Buy-Nembutal-Capsules.jpg\",\"contentUrl\":\"https:\\\/\\\/medicinasinc.com\\\/sl\\\/wp-content\\\/uploads\\\/sites\\\/7\\\/2022\\\/02\\\/Buy-Nembutal-Capsules.jpg\",\"width\":600,\"height\":600},{\"@type\":\"BreadcrumbList\",\"@id\":\"https:\\\/\\\/medicinasinc.com\\\/sl\\\/product\\\/kupi-nembutal-kapsule\\\/#breadcrumb\",\"itemListElement\":[{\"@type\":\"ListItem\",\"position\":1,\"name\":\"Nakupujte\",\"item\":\"https:\\\/\\\/medicinasinc.com\\\/sl\\\/nakupujte\\\/\"},{\"@type\":\"ListItem\",\"position\":2,\"name\":\"Kupite kapsule Nembutal\"}]},{\"@type\":\"WebSite\",\"@id\":\"https:\\\/\\\/medicinasinc.com\\\/sl\\\/#website\",\"url\":\"https:\\\/\\\/medicinasinc.com\\\/sl\\\/\",\"name\":\"Medicinas Inc\",\"description\":\"Health Medical Clinic\",\"potentialAction\":[{\"@type\":\"SearchAction\",\"target\":{\"@type\":\"EntryPoint\",\"urlTemplate\":\"https:\\\/\\\/medicinasinc.com\\\/sl\\\/?s={search_term_string}\"},\"query-input\":{\"@type\":\"PropertyValueSpecification\",\"valueRequired\":true,\"valueName\":\"search_term_string\"}}],\"inLanguage\":\"en-US\"}]}<\/script>\n<!-- \/ Yoast SEO plugin. -->","yoast_head_json":{"title":"Kupite kapsule Nembutal - Naro\u010dite Nembutal kapsule - Najbolj\u0161a zdravila v svetu","description":"Kupite\/naro\u010dite Nembutal kapsule, tablete za prodajo UK, Evropa, Kitajska, Japonska, Izrael v ugledni spletni lekarni brez recepta in zagotovljeno diskretno po\u0161iljanje.","robots":{"index":"index","follow":"follow","max-snippet":"max-snippet:-1","max-image-preview":"max-image-preview:large","max-video-preview":"max-video-preview:-1"},"canonical":"https:\/\/medicinasinc.com\/sl\/product\/kupi-nembutal-kapsule\/","og_locale":"en_US","og_type":"article","og_title":"Kupite kapsule Nembutal - Naro\u010dite Nembutal kapsule - Najbolj\u0161a zdravila v svetu","og_description":"Kupite\/naro\u010dite Nembutal kapsule, tablete za prodajo UK, Evropa, Kitajska, Japonska, Izrael v ugledni spletni lekarni brez recepta in zagotovljeno diskretno po\u0161iljanje.","og_url":"https:\/\/medicinasinc.com\/sl\/product\/kupi-nembutal-kapsule\/","og_site_name":"Medicinas Inc","article_modified_time":"2022-03-19T00:17:42+00:00","og_image":[{"width":600,"height":600,"url":"https:\/\/medicinasinc.com\/sl\/wp-content\/uploads\/sites\/7\/2022\/02\/Buy-Nembutal-Capsules.jpg","type":"image\/jpeg"}],"twitter_card":"summary_large_image","twitter_misc":{"Est. reading time":"2 minutes"},"schema":{"@context":"https:\/\/schema.org","@graph":[{"@type":"WebPage","@id":"https:\/\/medicinasinc.com\/sl\/product\/kupi-nembutal-kapsule\/","url":"https:\/\/medicinasinc.com\/sl\/product\/kupi-nembutal-kapsule\/","name":"Kupite kapsule Nembutal - Naro\u010dite Nembutal kapsule - Najbolj\u0161a zdravila v svetu","isPartOf":{"@id":"https:\/\/medicinasinc.com\/sl\/#website"},"primaryImageOfPage":{"@id":"https:\/\/medicinasinc.com\/sl\/product\/kupi-nembutal-kapsule\/#primaryimage"},"image":{"@id":"https:\/\/medicinasinc.com\/sl\/product\/kupi-nembutal-kapsule\/#primaryimage"},"thumbnailUrl":"https:\/\/medicinasinc.com\/sl\/wp-content\/uploads\/sites\/7\/2022\/02\/Buy-Nembutal-Capsules.jpg","datePublished":"2022-02-22T05:58:59+00:00","dateModified":"2022-03-19T00:17:42+00:00","description":"Kupite\/naro\u010dite Nembutal kapsule, tablete za prodajo UK, Evropa, Kitajska, Japonska, Izrael v ugledni spletni lekarni brez recepta in zagotovljeno diskretno po\u0161iljanje.","breadcrumb":{"@id":"https:\/\/medicinasinc.com\/sl\/product\/kupi-nembutal-kapsule\/#breadcrumb"},"inLanguage":"en-US","potentialAction":[{"@type":"ReadAction","target":["https:\/\/medicinasinc.com\/sl\/product\/kupi-nembutal-kapsule\/"]}]},{"@type":"ImageObject","inLanguage":"en-US","@id":"https:\/\/medicinasinc.com\/sl\/product\/kupi-nembutal-kapsule\/#primaryimage","url":"https:\/\/medicinasinc.com\/sl\/wp-content\/uploads\/sites\/7\/2022\/02\/Buy-Nembutal-Capsules.jpg","contentUrl":"https:\/\/medicinasinc.com\/sl\/wp-content\/uploads\/sites\/7\/2022\/02\/Buy-Nembutal-Capsules.jpg","width":600,"height":600},{"@type":"BreadcrumbList","@id":"https:\/\/medicinasinc.com\/sl\/product\/kupi-nembutal-kapsule\/#breadcrumb","itemListElement":[{"@type":"ListItem","position":1,"name":"Nakupujte","item":"https:\/\/medicinasinc.com\/sl\/nakupujte\/"},{"@type":"ListItem","position":2,"name":"Kupite kapsule Nembutal"}]},{"@type":"WebSite","@id":"https:\/\/medicinasinc.com\/sl\/#website","url":"https:\/\/medicinasinc.com\/sl\/","name":"Medicinas Inc","description":"Health Medical Clinic","potentialAction":[{"@type":"SearchAction","target":{"@type":"EntryPoint","urlTemplate":"https:\/\/medicinasinc.com\/sl\/?s={search_term_string}"},"query-input":{"@type":"PropertyValueSpecification","valueRequired":true,"valueName":"search_term_string"}}],"inLanguage":"en-US"}]}},"_links":{"self":[{"href":"https:\/\/medicinasinc.com\/sl\/wp-json\/wp\/v2\/product\/5777","targetHints":{"allow":["GET"]}}],"collection":[{"href":"https:\/\/medicinasinc.com\/sl\/wp-json\/wp\/v2\/product"}],"about":[{"href":"https:\/\/medicinasinc.com\/sl\/wp-json\/wp\/v2\/types\/product"}],"replies":[{"embeddable":true,"href":"https:\/\/medicinasinc.com\/sl\/wp-json\/wp\/v2\/comments?post=5777"}],"wp:featuredmedia":[{"embeddable":true,"href":"https:\/\/medicinasinc.com\/sl\/wp-json\/wp\/v2\/media\/5786"}],"wp:attachment":[{"href":"https:\/\/medicinasinc.com\/sl\/wp-json\/wp\/v2\/media?parent=5777"}],"wp:term":[{"taxonomy":"product_brand","embeddable":true,"href":"https:\/\/medicinasinc.com\/sl\/wp-json\/wp\/v2\/product_brand?post=5777"},{"taxonomy":"product_cat","embeddable":true,"href":"https:\/\/medicinasinc.com\/sl\/wp-json\/wp\/v2\/product_cat?post=5777"},{"taxonomy":"product_tag","embeddable":true,"href":"https:\/\/medicinasinc.com\/sl\/wp-json\/wp\/v2\/product_tag?post=5777"}],"curies":[{"name":"wp","href":"https:\/\/api.w.org\/{rel}","templated":true}]}}