{"id":5739,"date":"2022-02-22T05:15:21","date_gmt":"2022-02-22T05:15:21","guid":{"rendered":"https:\/\/medicinasinc.com\/sl\/?post_type=product&#038;p=5739"},"modified":"2022-03-19T00:17:57","modified_gmt":"2022-03-19T00:17:57","slug":"kupi-pirazolam-0-5-mg-pelete","status":"publish","type":"product","link":"https:\/\/medicinasinc.com\/sl\/product\/kupi-pirazolam-0-5-mg-pelete\/","title":{"rendered":"Kupite pirazolam 0,5 mg pelete"},"content":{"rendered":"<p>Pyrazolam 0,5 mg peleti za prodajo v Zdru\u017eenem kraljestvu, Evropi, Avstraliji in Evropski uniji. Cena pirazolama, dostava pirazolama \u010dez no\u010d in kje kupiti kakovosten pirazolam.<\/p>\n<p>Bitcoin je mogo\u010de uporabiti za nakup 1 mg peletov pirazolama na spletu. C16H12BrN5 je molekularna struktura te stiskalnice. Pirazolam je te\u017eko dobiti.<\/p>\n<p>Razred benzodiazepinskih zdravil vklju\u010duje pirazolam, popolnoma nov depresiv. Sprostitev, dezinhibicija in evforija so le nekateri od pozitivnih stranskih u\u010dinkov, o katerih ljudje poro\u010dajo. Kupite in naro\u010dite poceni pelete pirazolama 2022 na internetu.<\/p>\n<p>Benzodiazepini, kot sta pirazolam in diazepam, imajo manj evforije in so bolj pomirjevalni, zato se pogosto ne uporabljajo za rekreacijske namene.<\/p>\n<p> Pharmaceuticals Order Cheap 2022 Pyrazolam Pellets Online<\/p>\n<p>Jemanje benzojev lahko povzro\u010di veliko razli\u010dnih u\u010dinkov, ker se ve\u017eejo na mesto benzodiazepinskega receptorja in pove\u010dajo u\u010dinkovitost gama-aminobutirne kisline in u\u010dinke na njene receptorje.<\/p>\n<p>Pomirjevalne ali pomirjujo\u010de u\u010dinke pijazolama na \u017eiv\u010dni sistem lahko pripi\u0161emo njegovi modulaciji tega mesta, ki je najbolj ploden niz zaviralnih receptorjev v mo\u017eganih.<\/p>\n<p>Nakup pirazolama pri uglednem dobavitelju zagotavlja, da boste prejeli svoje naro\u010dilo pravo\u010dasno za leto 2021.<\/p>\n<p>Namesto benzodiazepinskih receptorjev so lahko antikonvulzivni u\u010dinki benzodiazepinov posledica njihove vezave na napetostno odvisne natrijeve kanale.<\/p>\n<p>U\u010dinki na natrijeve kanale. Telo<br \/> Omoti\u010dnost<br \/> izguba motori\u010dna funkcija<br \/> Sprostitev mi\u0161ic<br \/> Depresija dihal<br \/> Pyazolam deluje manj sedativno kot drugi benzodiazepini, razen \u010de ga jemljemo v velikih odmerkih, zato ga pogosto predpisujejo za zdravljenje nespe\u010dnosti.<br \/> Vpliv na um<\/p>\n<p>Pyrazolamove kognitivne u\u010dinke je mogo\u010de razdeliti na ve\u010d komponent, katerih intenzivnost se pove\u010da s pove\u010danjem odmerka.<\/p>\n<p>Nakup pirazolama pri uglednem dobavitelju zagotavlja, da boste prejeli svoj izdelek. razporedite pravo\u010dasno za leto 2021.<\/p>\n<p>Mnogi ljudje opisujejo splo\u0161ni u\u010dinek pirazolama na um kot blago pomirjevalo, vendar s primerno mo\u010dnim zmanj\u0161anjem tesnobe. Ima veliko \u0161tevilo kognitivnih u\u010dinkov, ki so obi\u010dajno povezani z depresijo.<\/p>\n<p>Na splo\u0161no so najbolj opazni kognitivni u\u010dinki:<\/p>\n<p>Amnezija<br \/> Zatiranje tesnobe<br \/> Upo\u010dasnitev uma<br \/> Zatiranje analize podatkov<br \/> Dezinhibicija<br \/> Ponavljajo\u010de se ponavljanje lastnih napak<br \/> Treznost-zabloda: kljub o\u010ditnim dokazom o nasprotnem, kot so huda kognitivna motnja in nezmo\u017enost popolne komunikacije z drugimi, v posamezniku vztraja napa\u010dno prepri\u010danje, da je \u010dlovek popolnoma trezen.<br \/> Pove\u010danje sanj<br \/> Osupljivi kontrasti<br \/> Naro\u010dite Pyrazolam Pellets 2021, Kupite Pyrazolam Online za poceni 2021<\/p>\n<p>Ni nenavadno, da ljudje, ki jemljejo benzodiazepine, do\u017eivijo nenavadne stranske u\u010dinke, kot so pove\u010dana pogostnost napadov, agresivnost, razdra\u017eljivost in samomorilne misli.<\/p>\n<p>Rekreativni u\u017eivalci drog, ljudje z du\u0161evnimi boleznimi, otroci, in bolniki, ki se zdravijo z visokimi odmerki, imajo ve\u010djo verjetnost e te paradoksalne u\u010dinke.<\/p>\n<p>Potencial odvisnosti in tolerance<\/p>\n<p>Pyrazolam ima visoko stopnjo fizi\u010dne in du\u0161evne odvisnosti.<br \/> Toleranca na sedativno-hipnoti\u010dne u\u010dinke se bo razvila v nekaj dni redne uporabe zdravila.<\/p>\n<p>Toleranca se normalizira v 7 do 14 dneh po prenehanju. Vendar pa je mo\u017eno, da bo odvisno od tega, kako dolgo in kako mo\u010dno ga uporabljate, trajalo bistveno dlje.<\/p>\n<p>Po nekaj tednih ali dlje stalnega odmerjanja se lahko pojavijo odtegnitveni simptomi ali simptomi odboja, zaradi \u010desar je treba jemati zdravilo. postopno zmanj\u0161anje odmerka.<\/p>\n<p>Interakcije, ki bi lahko bile \u0161kodljive. Kupite pirazolam na spletu, naro\u010dite pirazolamove pelete 2022<\/p>\n<p>Mnoga zdravila so varna sama po sebi, vendar so v kombinaciji z drugimi snovmi lahko nevarna in celo smrtno nevarna. Nekaj \u200b\u200bnajnevarnej\u0161ih kombinacij je na\u0161tetih spodaj, a to je avtor ne pomeni iz\u010drpnega seznama.<\/p>\n<p>Vendar pa lahko tudi v majhnih odmerkih nekatere kombinacije pove\u010dajo tveganje smrti. Preden zau\u017eijete me\u0161anico dveh ali ve\u010d snovi, je treba izvesti neodvisno raziskavo, da se zagotovi, da je varna.<\/p>\n<p>Kombinacija depresiva z drugim depresivom lahko povzro\u010di nevarno ali celo smrtno depresijo dihanja. Pri velikih odmerkih se lahko sprostitev mi\u0161ic, sedacija in amnezija, ki jih povzro\u010da vsako od teh zdravil, pove\u010da do to\u010dke nepri\u010dakovane izgube zavesti.<\/p>\n<p>Zaradi te kombinacije obstaja tveganje za bruhanje in smrt. zaradi zadu\u0161itve v nezavesti se pove\u010da. Ljudje, ki do\u017eivijo to, naj posku\u0161ajo spati v polo\u017eaju za okrevanje ali naj jih prijatelj premakne vanj.<\/p>\n<p>Benzodiazepinov in stimulansov ne smemo kombinirati zaradi nevarnosti prekomerne zastrupitve. Pomirjevalni u\u010dinek benzodiazepinov zmanj\u0161ajo stimulansi, kar je glavni dejavnik za ve\u010dino ljudi pri merjenju stopnje zastrupitve.<\/p>\n","protected":false},"excerpt":{"rendered":"<p>V Zdru\u017eenem kraljestvu, Evropi, Avstraliji in EU so Pyrazolam 0,5 mg peleti na voljo za nakup. Kupite pirazolam na spletu, porazolam \u010dez no\u010d, stro\u0161ek pirazolama.<\/p>\n<p>Kupite 1mg pirazolamove pelete z bitcoini v spletni lekarni. C16H12BrN5 je molekularna struktura te kemi\u010dne stiskalnice. pirazolam je te\u017eko dobiti.<\/p>\n<p>Pyrazolam 0,5 mg pelete so na voljo za nakup na spletu. Po teoriji naj bi pirazolam povzro\u010dil manj ataksije in sedacije kot druga zdravila. Ker nima aktivnih presnovkov, ima pirazolam dalj\u0161o razpolovno dobo (povpre\u010dno 6 ur) in bolj linearen u\u010dinek kot ve\u010dina drugih benzodiazepinov.<\/p>\n","protected":false},"featured_media":5751,"comment_status":"open","ping_status":"closed","template":"","meta":[],"product_brand":[],"product_cat":[2014],"product_tag":[3799,3800,3801,3812,3814,3803,3802,3797,3807,3804,3805,3806,3815,3809,3808,3798,3811,3813,3810,3816,3817],"class_list":{"0":"post-5739","1":"product","2":"type-product","3":"status-publish","4":"has-post-thumbnail","6":"product_cat-nakup-raziskave-kemikalije","7":"product_tag-buy-pyrazolam-0-5-mg","8":"product_tag-buy-pyrazolam-0-5-mg-pellets","9":"product_tag-buy-pyrazolam-europe","10":"product_tag-pirazolam-cena","11":"product_tag-dobavitelj-pirazolama","12":"product_tag-kupi-pirazolam-online","13":"product_tag-kupi-pirazolam-blizu-mene","14":"product_tag-najbolje-mesto-za-naroilo-pirazolam-0-5-mg-palete","15":"product_tag-nakup-pirazolam","16":"product_tag-order-pyrazolam","17":"product_tag-order-pyrazolam-0-5-pallets","18":"product_tag-order-pyrazolam-uk","19":"product_tag-pirazolam-trgovina-na-debelo","20":"product_tag-pirazolam-0-5-mg-pregled","21":"product_tag-pirazolam-0-5-mg-za-prodajo","22":"product_tag-najkakovostneji-pirazolam","23":"product_tag-pirazolam-naprodaj","24":"product_tag-pirazolam-razprodaja","25":"product_tag-pirazolamski-uinek","26":"product_tag-where-can-i-fine-pyrazolam-pallets","27":"product_tag-where-to-buy-pyrazolam-0-5-mg","29":"first","30":"instock","31":"shipping-taxable","32":"purchasable","33":"product-type-variable","34":"has-default-attributes"},"yoast_head":"<!-- This site is optimized with the Yoast SEO plugin v27.3 - https:\/\/yoast.com\/product\/yoast-seo-wordpress\/ -->\n<title>Kupite Pyrazolam 0,5 mg pelete - Pyrazolam 0,5 mg - Best Global Meds<\/title>\n<meta name=\"description\" content=\"Kupite pelete Pyrazolam 0,5 mg za prodajo v Zdru\u017eenem kraljestvu, Evropi, AU, EU, naro\u010dite poceni pirazolam pelete\u00a02022, kje\u00a0kupiti\u00a0visokokakovostni\u00a0pirazolam \u010dez no\u010d,\u00a0cena pirazolama.\" \/>\n<meta name=\"robots\" content=\"index, follow, max-snippet:-1, max-image-preview:large, max-video-preview:-1\" \/>\n<link rel=\"canonical\" href=\"https:\/\/medicinasinc.com\/sl\/product\/kupi-pirazolam-0-5-mg-pelete\/\" \/>\n<meta property=\"og:locale\" content=\"en_US\" \/>\n<meta property=\"og:type\" content=\"article\" \/>\n<meta property=\"og:title\" content=\"Kupite Pyrazolam 0,5 mg pelete - Pyrazolam 0,5 mg - Best Global Meds\" \/>\n<meta property=\"og:description\" content=\"Kupite pelete Pyrazolam 0,5 mg za prodajo v Zdru\u017eenem kraljestvu, Evropi, AU, EU, naro\u010dite poceni pirazolam pelete\u00a02022, kje\u00a0kupiti\u00a0visokokakovostni\u00a0pirazolam \u010dez no\u010d,\u00a0cena pirazolama.\" \/>\n<meta property=\"og:url\" content=\"https:\/\/medicinasinc.com\/sl\/product\/kupi-pirazolam-0-5-mg-pelete\/\" \/>\n<meta property=\"og:site_name\" content=\"Medicinas Inc\" \/>\n<meta property=\"article:modified_time\" content=\"2022-03-19T00:17:57+00:00\" \/>\n<meta property=\"og:image\" content=\"https:\/\/medicinasinc.com\/sl\/wp-content\/uploads\/sites\/7\/2022\/02\/buy-pyrazolam-0-5-mg-pellets-online.jpg\" \/>\n\t<meta property=\"og:image:width\" content=\"600\" \/>\n\t<meta property=\"og:image:height\" content=\"600\" \/>\n\t<meta property=\"og:image:type\" content=\"image\/jpeg\" \/>\n<meta name=\"twitter:card\" content=\"summary_large_image\" \/>\n<meta name=\"twitter:label1\" content=\"Est. reading time\" \/>\n\t<meta name=\"twitter:data1\" content=\"4 minutes\" \/>\n<script type=\"application\/ld+json\" class=\"yoast-schema-graph\">{\"@context\":\"https:\\\/\\\/schema.org\",\"@graph\":[{\"@type\":\"WebPage\",\"@id\":\"https:\\\/\\\/medicinasinc.com\\\/sl\\\/product\\\/kupi-pirazolam-0-5-mg-pelete\\\/\",\"url\":\"https:\\\/\\\/medicinasinc.com\\\/sl\\\/product\\\/kupi-pirazolam-0-5-mg-pelete\\\/\",\"name\":\"Kupite Pyrazolam 0,5 mg pelete - Pyrazolam 0,5 mg - Best Global Meds\",\"isPartOf\":{\"@id\":\"https:\\\/\\\/medicinasinc.com\\\/sl\\\/#website\"},\"primaryImageOfPage\":{\"@id\":\"https:\\\/\\\/medicinasinc.com\\\/sl\\\/product\\\/kupi-pirazolam-0-5-mg-pelete\\\/#primaryimage\"},\"image\":{\"@id\":\"https:\\\/\\\/medicinasinc.com\\\/sl\\\/product\\\/kupi-pirazolam-0-5-mg-pelete\\\/#primaryimage\"},\"thumbnailUrl\":\"https:\\\/\\\/medicinasinc.com\\\/sl\\\/wp-content\\\/uploads\\\/sites\\\/7\\\/2022\\\/02\\\/buy-pyrazolam-0-5-mg-pellets-online.jpg\",\"datePublished\":\"2022-02-22T05:15:21+00:00\",\"dateModified\":\"2022-03-19T00:17:57+00:00\",\"description\":\"Kupite pelete Pyrazolam 0,5 mg za prodajo v Zdru\u017eenem kraljestvu, Evropi, AU, EU, naro\u010dite poceni pirazolam pelete\u00a02022, kje\u00a0kupiti\u00a0visokokakovostni\u00a0pirazolam \u010dez no\u010d,\u00a0cena pirazolama.\",\"breadcrumb\":{\"@id\":\"https:\\\/\\\/medicinasinc.com\\\/sl\\\/product\\\/kupi-pirazolam-0-5-mg-pelete\\\/#breadcrumb\"},\"inLanguage\":\"en-US\",\"potentialAction\":[{\"@type\":\"ReadAction\",\"target\":[\"https:\\\/\\\/medicinasinc.com\\\/sl\\\/product\\\/kupi-pirazolam-0-5-mg-pelete\\\/\"]}]},{\"@type\":\"ImageObject\",\"inLanguage\":\"en-US\",\"@id\":\"https:\\\/\\\/medicinasinc.com\\\/sl\\\/product\\\/kupi-pirazolam-0-5-mg-pelete\\\/#primaryimage\",\"url\":\"https:\\\/\\\/medicinasinc.com\\\/sl\\\/wp-content\\\/uploads\\\/sites\\\/7\\\/2022\\\/02\\\/buy-pyrazolam-0-5-mg-pellets-online.jpg\",\"contentUrl\":\"https:\\\/\\\/medicinasinc.com\\\/sl\\\/wp-content\\\/uploads\\\/sites\\\/7\\\/2022\\\/02\\\/buy-pyrazolam-0-5-mg-pellets-online.jpg\",\"width\":600,\"height\":600},{\"@type\":\"BreadcrumbList\",\"@id\":\"https:\\\/\\\/medicinasinc.com\\\/sl\\\/product\\\/kupi-pirazolam-0-5-mg-pelete\\\/#breadcrumb\",\"itemListElement\":[{\"@type\":\"ListItem\",\"position\":1,\"name\":\"Nakupujte\",\"item\":\"https:\\\/\\\/medicinasinc.com\\\/sl\\\/nakupujte\\\/\"},{\"@type\":\"ListItem\",\"position\":2,\"name\":\"Kupite pirazolam 0,5 mg pelete\"}]},{\"@type\":\"WebSite\",\"@id\":\"https:\\\/\\\/medicinasinc.com\\\/sl\\\/#website\",\"url\":\"https:\\\/\\\/medicinasinc.com\\\/sl\\\/\",\"name\":\"Medicinas Inc\",\"description\":\"Health Medical Clinic\",\"potentialAction\":[{\"@type\":\"SearchAction\",\"target\":{\"@type\":\"EntryPoint\",\"urlTemplate\":\"https:\\\/\\\/medicinasinc.com\\\/sl\\\/?s={search_term_string}\"},\"query-input\":{\"@type\":\"PropertyValueSpecification\",\"valueRequired\":true,\"valueName\":\"search_term_string\"}}],\"inLanguage\":\"en-US\"}]}<\/script>\n<!-- \/ Yoast SEO plugin. -->","yoast_head_json":{"title":"Kupite Pyrazolam 0,5 mg pelete - Pyrazolam 0,5 mg - Best Global Meds","description":"Kupite pelete Pyrazolam 0,5 mg za prodajo v Zdru\u017eenem kraljestvu, Evropi, AU, EU, naro\u010dite poceni pirazolam pelete\u00a02022, kje\u00a0kupiti\u00a0visokokakovostni\u00a0pirazolam \u010dez no\u010d,\u00a0cena pirazolama.","robots":{"index":"index","follow":"follow","max-snippet":"max-snippet:-1","max-image-preview":"max-image-preview:large","max-video-preview":"max-video-preview:-1"},"canonical":"https:\/\/medicinasinc.com\/sl\/product\/kupi-pirazolam-0-5-mg-pelete\/","og_locale":"en_US","og_type":"article","og_title":"Kupite Pyrazolam 0,5 mg pelete - Pyrazolam 0,5 mg - Best Global Meds","og_description":"Kupite pelete Pyrazolam 0,5 mg za prodajo v Zdru\u017eenem kraljestvu, Evropi, AU, EU, naro\u010dite poceni pirazolam pelete\u00a02022, kje\u00a0kupiti\u00a0visokokakovostni\u00a0pirazolam \u010dez no\u010d,\u00a0cena pirazolama.","og_url":"https:\/\/medicinasinc.com\/sl\/product\/kupi-pirazolam-0-5-mg-pelete\/","og_site_name":"Medicinas Inc","article_modified_time":"2022-03-19T00:17:57+00:00","og_image":[{"width":600,"height":600,"url":"https:\/\/medicinasinc.com\/sl\/wp-content\/uploads\/sites\/7\/2022\/02\/buy-pyrazolam-0-5-mg-pellets-online.jpg","type":"image\/jpeg"}],"twitter_card":"summary_large_image","twitter_misc":{"Est. reading time":"4 minutes"},"schema":{"@context":"https:\/\/schema.org","@graph":[{"@type":"WebPage","@id":"https:\/\/medicinasinc.com\/sl\/product\/kupi-pirazolam-0-5-mg-pelete\/","url":"https:\/\/medicinasinc.com\/sl\/product\/kupi-pirazolam-0-5-mg-pelete\/","name":"Kupite Pyrazolam 0,5 mg pelete - Pyrazolam 0,5 mg - Best Global Meds","isPartOf":{"@id":"https:\/\/medicinasinc.com\/sl\/#website"},"primaryImageOfPage":{"@id":"https:\/\/medicinasinc.com\/sl\/product\/kupi-pirazolam-0-5-mg-pelete\/#primaryimage"},"image":{"@id":"https:\/\/medicinasinc.com\/sl\/product\/kupi-pirazolam-0-5-mg-pelete\/#primaryimage"},"thumbnailUrl":"https:\/\/medicinasinc.com\/sl\/wp-content\/uploads\/sites\/7\/2022\/02\/buy-pyrazolam-0-5-mg-pellets-online.jpg","datePublished":"2022-02-22T05:15:21+00:00","dateModified":"2022-03-19T00:17:57+00:00","description":"Kupite pelete Pyrazolam 0,5 mg za prodajo v Zdru\u017eenem kraljestvu, Evropi, AU, EU, naro\u010dite poceni pirazolam pelete\u00a02022, kje\u00a0kupiti\u00a0visokokakovostni\u00a0pirazolam \u010dez no\u010d,\u00a0cena pirazolama.","breadcrumb":{"@id":"https:\/\/medicinasinc.com\/sl\/product\/kupi-pirazolam-0-5-mg-pelete\/#breadcrumb"},"inLanguage":"en-US","potentialAction":[{"@type":"ReadAction","target":["https:\/\/medicinasinc.com\/sl\/product\/kupi-pirazolam-0-5-mg-pelete\/"]}]},{"@type":"ImageObject","inLanguage":"en-US","@id":"https:\/\/medicinasinc.com\/sl\/product\/kupi-pirazolam-0-5-mg-pelete\/#primaryimage","url":"https:\/\/medicinasinc.com\/sl\/wp-content\/uploads\/sites\/7\/2022\/02\/buy-pyrazolam-0-5-mg-pellets-online.jpg","contentUrl":"https:\/\/medicinasinc.com\/sl\/wp-content\/uploads\/sites\/7\/2022\/02\/buy-pyrazolam-0-5-mg-pellets-online.jpg","width":600,"height":600},{"@type":"BreadcrumbList","@id":"https:\/\/medicinasinc.com\/sl\/product\/kupi-pirazolam-0-5-mg-pelete\/#breadcrumb","itemListElement":[{"@type":"ListItem","position":1,"name":"Nakupujte","item":"https:\/\/medicinasinc.com\/sl\/nakupujte\/"},{"@type":"ListItem","position":2,"name":"Kupite pirazolam 0,5 mg pelete"}]},{"@type":"WebSite","@id":"https:\/\/medicinasinc.com\/sl\/#website","url":"https:\/\/medicinasinc.com\/sl\/","name":"Medicinas Inc","description":"Health Medical Clinic","potentialAction":[{"@type":"SearchAction","target":{"@type":"EntryPoint","urlTemplate":"https:\/\/medicinasinc.com\/sl\/?s={search_term_string}"},"query-input":{"@type":"PropertyValueSpecification","valueRequired":true,"valueName":"search_term_string"}}],"inLanguage":"en-US"}]}},"_links":{"self":[{"href":"https:\/\/medicinasinc.com\/sl\/wp-json\/wp\/v2\/product\/5739","targetHints":{"allow":["GET"]}}],"collection":[{"href":"https:\/\/medicinasinc.com\/sl\/wp-json\/wp\/v2\/product"}],"about":[{"href":"https:\/\/medicinasinc.com\/sl\/wp-json\/wp\/v2\/types\/product"}],"replies":[{"embeddable":true,"href":"https:\/\/medicinasinc.com\/sl\/wp-json\/wp\/v2\/comments?post=5739"}],"wp:featuredmedia":[{"embeddable":true,"href":"https:\/\/medicinasinc.com\/sl\/wp-json\/wp\/v2\/media\/5751"}],"wp:attachment":[{"href":"https:\/\/medicinasinc.com\/sl\/wp-json\/wp\/v2\/media?parent=5739"}],"wp:term":[{"taxonomy":"product_brand","embeddable":true,"href":"https:\/\/medicinasinc.com\/sl\/wp-json\/wp\/v2\/product_brand?post=5739"},{"taxonomy":"product_cat","embeddable":true,"href":"https:\/\/medicinasinc.com\/sl\/wp-json\/wp\/v2\/product_cat?post=5739"},{"taxonomy":"product_tag","embeddable":true,"href":"https:\/\/medicinasinc.com\/sl\/wp-json\/wp\/v2\/product_tag?post=5739"}],"curies":[{"name":"wp","href":"https:\/\/api.w.org\/{rel}","templated":true}]}}