{"id":5735,"date":"2022-02-22T05:09:43","date_gmt":"2022-02-22T05:09:43","guid":{"rendered":"https:\/\/medicinasinc.com\/sl\/?post_type=product&#038;p=5735"},"modified":"2022-03-19T00:18:11","modified_gmt":"2022-03-19T00:18:11","slug":"buy-al-lad-powder","status":"publish","type":"product","link":"https:\/\/medicinasinc.com\/sl\/product\/buy-al-lad-powder\/","title":{"rendered":"Kupite al-lad prah"},"content":{"rendered":"<p>Kupite al-lad prah v Zdru\u017eenem kraljestvu, Evropi, Avstraliji in EU in ga dobite do leta 2022 po ugodni ceni. Al-lad prah prodaja, kje kupiti al-lad prah \u010dez no\u010d.<\/p>\n<p>AL-LAD v prahu. Veleprodaja in dobavitelj 99 odstotkov \u010distih farmacevtskih surovin, raziskovalnih kemikalij in generi\u010dnih zdravil, vklju\u010dno s prahom AL-LAD. Embala\u017ea, ki je tako varna in diskretna, kot tudi po\u0161iljka, ki je bila sledena.<\/p>\n<p>Analog dietilamida lizergi\u010dne kisline, znan kot AL-LAD ali 6-alil-6-nor-LSD, je kemikalija spojina (LSD). LSD-ju podobna psihoaktivna droga iz razreda lizergamidov, ki se daje, da povzro\u010di enake psihodeli\u010dne u\u010dinke.<\/p>\n<p>Informacije, ki so hitre in umazane<\/p>\n<p>AL-LAD je ime izdelka.<br \/> \/&gt; 6-6-nor-6-alil-6-nor, AL-LAD<br \/> -LSD<br \/> \u0160tevilka CAS: 65527-61-9<br \/> C22H27N3O je molekulska formula<br \/> Mednarodna zveza za \u010disto in uporabno kemijo (6aR,9R)<br \/> -N,N-dietil-7-prop<br \/> -2-enil-6,6a,8,9<br \/> -tetrahidro- 4H-indolo[4,3-fg]<br \/> kinolin-9-karboksamid<br \/> Molekulska masa je 349,5 g\/mol.<br \/> 99,5 odstotkov brez ne\u010disto\u010d<br \/> Bela ali sivo bela po videzu kristalini\u010dni prah<\/p>\n<p>Dobavitelj prahu AL-LAD<\/p>\n<p>Na trgu farmacevtskih surovin smo znani po \u0161iroki paleti izdelkov, ki jih ponujamo, in po zagotavljanju zanesljivih kapljic. storitve po\u0161iljanja za generi\u010dna zdravila najvi\u0161jega kova. Cilj veletrgovca v prahu AL-LAD je strankam zagotoviti visokokakovostne izdelke po konkuren\u010dnih cenah.<\/p>\n","protected":false},"excerpt":{"rendered":"<div class=\"woocommerce-product-details__short-description\">\n<p>Kupite al-lad prah za prodajo v Zdru\u017eenem kraljestvu, Evropi, AU, EU, naro\u010dite poceni al-lad prah 2022, kje kupiti visokokakovosten al-lad prah Dostava \u010dez no\u010d, prodaja prahu al-lad.<\/p>\n<p>Kupite AL-LAD Powder Europe od zaupanja vrednega dobavitelja raziskovalnih kemikalij. AL-LAD Powder prodaja veletrgovec, ki po\u0161ilja iz EU.<\/p>\n<p>Ljudje, ki \u017eelijo kupiti prah AL-LAD, ga lahko dobijo po najbolj\u0161ih cenah. Vsebuje visokokakovostne lizergamide in druge spojine. Najni\u017eje cene. Obstaja popust. Dostava po vsem svetu je hitra.<\/p>\n<p>Kupite prah Al-lad na spletu. Dietilamid 6-alil-6-nor-lizergi\u010dne kisline, znan tudi kot Aladin, je polsinteti\u010dna halucinogena droga, zaradi katere lahko ljudje znorijo.<\/p>\n<table class=\"table\" style=\"height: 249px\">\n<tbody>\n<tr>\n<th><\/th>\n<td><\/td>\n<\/tr>\n<tr>\n<th>Min. koli\u010dina naro\u010dila:<\/th>\n<td>20 g<\/td>\n<\/tr>\n<tr>\n<th>Mo\u017enost dobave:<\/th>\n<td>100 kg\/mesec<\/td>\n<\/tr>\n<tr>\n<th>Pristani\u0161\u010de:<\/th>\n<td> Var\u0161ava, Nizozemska<\/td>\n<\/tr>\n<tr>\n<th>Pla\u010dilni pogoji:<\/th>\n<td>ban\u010dno nakazilo, bitcoin, WU\/MG, drugo<\/td>\n<\/tr>\n<tr>\n<th>Podrobnosti o embala\u017ei:<\/th>\n<td>Po \u017eelji stranke<\/td>\n<\/tr>\n<tr>\n<th>Podrobnosti o dostavi:<\/th>\n<td>Hitra dostava, DPD, Pharma Courier EU<\/td>\n<\/tr>\n<\/tbody>\n<\/table><\/div>\n","protected":false},"featured_media":5747,"comment_status":"open","ping_status":"closed","template":"","meta":[],"product_brand":[],"product_cat":[2014],"product_tag":[3758,3757,3771,3761,3763,3764,3759,3760,3779,3768,3769,3770,3775,3776,3777,3765,3774,3773,3780,3778,3767,3762,3782,3783,3784,3785,3790,3789,3787,3788,3786,3791,3766,3772,3792,3793,3794,3795,3796,3781],"class_list":{"0":"post-5735","1":"product","2":"type-product","3":"status-publish","4":"has-post-thumbnail","6":"product_cat-nakup-raziskave-kemikalije","7":"product_tag-al-lad-dobavitelj","8":"product_tag-al-lad-safety","9":"product_tag-al-lad-powder-cene","10":"product_tag-al-lad-drug","11":"product_tag-al-lad-erowid","12":"product_tag-al-lad-experience","13":"product_tag-al-fan-kupi","14":"product_tag-al-lad-odmerek","15":"product_tag-al-lad-trip-poroilo","16":"product_tag-al-lad-powder-europe","17":"product_tag-al-lad-powder-for-sale","18":"product_tag-al-lad-powder-for-sale-online","19":"product_tag-al-lad-powder-sales","20":"product_tag-al-lad-powder-supplier","21":"product_tag-al-lad-powder-wholesale","22":"product_tag-al-lad-powder-buy","23":"product_tag-al-lad-powder-sale","24":"product_tag-al-lad-powder-recenzije","25":"product_tag-al-lad-prodajalec","26":"product_tag-al-lad-reddit","27":"product_tag-al-lad-powder-u-c4-8dinek","28":"product_tag-al-lad-uinki","29":"product_tag-best-quality-al-lad-powder","30":"product_tag-buy-al-lad-canada","31":"product_tag-buy-al-lad-powder","32":"product_tag-buy-al-lad-uk","33":"product_tag-easychems-pregled","34":"product_tag-easy-chems-review","35":"product_tag-buy-al-lad-powder-australia","36":"product_tag-buy-al-lad-powder-europe","37":"product_tag-kupi-al-lad-online","38":"product_tag-order-al-lad-powder","39":"product_tag-al-lad-powder-china","40":"product_tag-al-lad-powder-review","41":"product_tag-purchase-al-lad-powder","42":"product_tag-sample-al-lad-powder","43":"product_tag-where-to-buy-al-lad","44":"product_tag-where-to-buy-al-lad-powder","45":"product_tag-where-to-order-al-lad-powder","46":"product_tag-e-naj-zakonitost","48":"first","49":"instock","50":"shipping-taxable","51":"purchasable","52":"product-type-variable","53":"has-default-attributes"},"yoast_head":"<!-- This site is optimized with the Yoast SEO plugin v27.3 - https:\/\/yoast.com\/product\/yoast-seo-wordpress\/ -->\n<title>Kupite al-lad prah - Al-lad prah za prodajo - Best Global Meds<\/title>\n<meta name=\"description\" content=\"Kupite al-lad prah za prodajo v Zdru\u017eenem kraljestvu, Evropi, AU, EU, naro\u010dite poceni al-lad prah 2022, kje kupiti visokokakovostni prah al-lad, dostava \u010dez no\u010d, razprodaja prahu al-lad.\" \/>\n<meta name=\"robots\" content=\"index, follow, max-snippet:-1, max-image-preview:large, max-video-preview:-1\" \/>\n<link rel=\"canonical\" href=\"https:\/\/medicinasinc.com\/sl\/product\/buy-al-lad-powder\/\" \/>\n<meta property=\"og:locale\" content=\"en_US\" \/>\n<meta property=\"og:type\" content=\"article\" \/>\n<meta property=\"og:title\" content=\"Kupite al-lad prah - Al-lad prah za prodajo - Best Global Meds\" \/>\n<meta property=\"og:description\" content=\"Kupite al-lad prah za prodajo v Zdru\u017eenem kraljestvu, Evropi, AU, EU, naro\u010dite poceni al-lad prah 2022, kje kupiti visokokakovostni prah al-lad, dostava \u010dez no\u010d, razprodaja prahu al-lad.\" \/>\n<meta property=\"og:url\" content=\"https:\/\/medicinasinc.com\/sl\/product\/buy-al-lad-powder\/\" \/>\n<meta property=\"og:site_name\" content=\"Medicinas Inc\" \/>\n<meta property=\"article:modified_time\" content=\"2022-03-19T00:18:11+00:00\" \/>\n<meta property=\"og:image\" content=\"https:\/\/medicinasinc.com\/sl\/wp-content\/uploads\/sites\/7\/2022\/02\/Buy-al-lad-powder.jpg\" \/>\n\t<meta property=\"og:image:width\" content=\"931\" \/>\n\t<meta property=\"og:image:height\" content=\"799\" \/>\n\t<meta property=\"og:image:type\" content=\"image\/jpeg\" \/>\n<meta name=\"twitter:card\" content=\"summary_large_image\" \/>\n<meta name=\"twitter:label1\" content=\"Est. reading time\" \/>\n\t<meta name=\"twitter:data1\" content=\"1 minute\" \/>\n<script type=\"application\/ld+json\" class=\"yoast-schema-graph\">{\"@context\":\"https:\\\/\\\/schema.org\",\"@graph\":[{\"@type\":\"WebPage\",\"@id\":\"https:\\\/\\\/medicinasinc.com\\\/sl\\\/product\\\/buy-al-lad-powder\\\/\",\"url\":\"https:\\\/\\\/medicinasinc.com\\\/sl\\\/product\\\/buy-al-lad-powder\\\/\",\"name\":\"Kupite al-lad prah - Al-lad prah za prodajo - Best Global Meds\",\"isPartOf\":{\"@id\":\"https:\\\/\\\/medicinasinc.com\\\/sl\\\/#website\"},\"primaryImageOfPage\":{\"@id\":\"https:\\\/\\\/medicinasinc.com\\\/sl\\\/product\\\/buy-al-lad-powder\\\/#primaryimage\"},\"image\":{\"@id\":\"https:\\\/\\\/medicinasinc.com\\\/sl\\\/product\\\/buy-al-lad-powder\\\/#primaryimage\"},\"thumbnailUrl\":\"https:\\\/\\\/medicinasinc.com\\\/sl\\\/wp-content\\\/uploads\\\/sites\\\/7\\\/2022\\\/02\\\/Buy-al-lad-powder.jpg\",\"datePublished\":\"2022-02-22T05:09:43+00:00\",\"dateModified\":\"2022-03-19T00:18:11+00:00\",\"description\":\"Kupite al-lad prah za prodajo v Zdru\u017eenem kraljestvu, Evropi, AU, EU, naro\u010dite poceni al-lad prah 2022, kje kupiti visokokakovostni prah al-lad, dostava \u010dez no\u010d, razprodaja prahu al-lad.\",\"breadcrumb\":{\"@id\":\"https:\\\/\\\/medicinasinc.com\\\/sl\\\/product\\\/buy-al-lad-powder\\\/#breadcrumb\"},\"inLanguage\":\"en-US\",\"potentialAction\":[{\"@type\":\"ReadAction\",\"target\":[\"https:\\\/\\\/medicinasinc.com\\\/sl\\\/product\\\/buy-al-lad-powder\\\/\"]}]},{\"@type\":\"ImageObject\",\"inLanguage\":\"en-US\",\"@id\":\"https:\\\/\\\/medicinasinc.com\\\/sl\\\/product\\\/buy-al-lad-powder\\\/#primaryimage\",\"url\":\"https:\\\/\\\/medicinasinc.com\\\/sl\\\/wp-content\\\/uploads\\\/sites\\\/7\\\/2022\\\/02\\\/Buy-al-lad-powder.jpg\",\"contentUrl\":\"https:\\\/\\\/medicinasinc.com\\\/sl\\\/wp-content\\\/uploads\\\/sites\\\/7\\\/2022\\\/02\\\/Buy-al-lad-powder.jpg\",\"width\":931,\"height\":799},{\"@type\":\"BreadcrumbList\",\"@id\":\"https:\\\/\\\/medicinasinc.com\\\/sl\\\/product\\\/buy-al-lad-powder\\\/#breadcrumb\",\"itemListElement\":[{\"@type\":\"ListItem\",\"position\":1,\"name\":\"Nakupujte\",\"item\":\"https:\\\/\\\/medicinasinc.com\\\/sl\\\/nakupujte\\\/\"},{\"@type\":\"ListItem\",\"position\":2,\"name\":\"Kupite al-lad prah\"}]},{\"@type\":\"WebSite\",\"@id\":\"https:\\\/\\\/medicinasinc.com\\\/sl\\\/#website\",\"url\":\"https:\\\/\\\/medicinasinc.com\\\/sl\\\/\",\"name\":\"Medicinas Inc\",\"description\":\"Health Medical Clinic\",\"potentialAction\":[{\"@type\":\"SearchAction\",\"target\":{\"@type\":\"EntryPoint\",\"urlTemplate\":\"https:\\\/\\\/medicinasinc.com\\\/sl\\\/?s={search_term_string}\"},\"query-input\":{\"@type\":\"PropertyValueSpecification\",\"valueRequired\":true,\"valueName\":\"search_term_string\"}}],\"inLanguage\":\"en-US\"}]}<\/script>\n<!-- \/ Yoast SEO plugin. -->","yoast_head_json":{"title":"Kupite al-lad prah - Al-lad prah za prodajo - Best Global Meds","description":"Kupite al-lad prah za prodajo v Zdru\u017eenem kraljestvu, Evropi, AU, EU, naro\u010dite poceni al-lad prah 2022, kje kupiti visokokakovostni prah al-lad, dostava \u010dez no\u010d, razprodaja prahu al-lad.","robots":{"index":"index","follow":"follow","max-snippet":"max-snippet:-1","max-image-preview":"max-image-preview:large","max-video-preview":"max-video-preview:-1"},"canonical":"https:\/\/medicinasinc.com\/sl\/product\/buy-al-lad-powder\/","og_locale":"en_US","og_type":"article","og_title":"Kupite al-lad prah - Al-lad prah za prodajo - Best Global Meds","og_description":"Kupite al-lad prah za prodajo v Zdru\u017eenem kraljestvu, Evropi, AU, EU, naro\u010dite poceni al-lad prah 2022, kje kupiti visokokakovostni prah al-lad, dostava \u010dez no\u010d, razprodaja prahu al-lad.","og_url":"https:\/\/medicinasinc.com\/sl\/product\/buy-al-lad-powder\/","og_site_name":"Medicinas Inc","article_modified_time":"2022-03-19T00:18:11+00:00","og_image":[{"width":931,"height":799,"url":"https:\/\/medicinasinc.com\/sl\/wp-content\/uploads\/sites\/7\/2022\/02\/Buy-al-lad-powder.jpg","type":"image\/jpeg"}],"twitter_card":"summary_large_image","twitter_misc":{"Est. reading time":"1 minute"},"schema":{"@context":"https:\/\/schema.org","@graph":[{"@type":"WebPage","@id":"https:\/\/medicinasinc.com\/sl\/product\/buy-al-lad-powder\/","url":"https:\/\/medicinasinc.com\/sl\/product\/buy-al-lad-powder\/","name":"Kupite al-lad prah - Al-lad prah za prodajo - Best Global Meds","isPartOf":{"@id":"https:\/\/medicinasinc.com\/sl\/#website"},"primaryImageOfPage":{"@id":"https:\/\/medicinasinc.com\/sl\/product\/buy-al-lad-powder\/#primaryimage"},"image":{"@id":"https:\/\/medicinasinc.com\/sl\/product\/buy-al-lad-powder\/#primaryimage"},"thumbnailUrl":"https:\/\/medicinasinc.com\/sl\/wp-content\/uploads\/sites\/7\/2022\/02\/Buy-al-lad-powder.jpg","datePublished":"2022-02-22T05:09:43+00:00","dateModified":"2022-03-19T00:18:11+00:00","description":"Kupite al-lad prah za prodajo v Zdru\u017eenem kraljestvu, Evropi, AU, EU, naro\u010dite poceni al-lad prah 2022, kje kupiti visokokakovostni prah al-lad, dostava \u010dez no\u010d, razprodaja prahu al-lad.","breadcrumb":{"@id":"https:\/\/medicinasinc.com\/sl\/product\/buy-al-lad-powder\/#breadcrumb"},"inLanguage":"en-US","potentialAction":[{"@type":"ReadAction","target":["https:\/\/medicinasinc.com\/sl\/product\/buy-al-lad-powder\/"]}]},{"@type":"ImageObject","inLanguage":"en-US","@id":"https:\/\/medicinasinc.com\/sl\/product\/buy-al-lad-powder\/#primaryimage","url":"https:\/\/medicinasinc.com\/sl\/wp-content\/uploads\/sites\/7\/2022\/02\/Buy-al-lad-powder.jpg","contentUrl":"https:\/\/medicinasinc.com\/sl\/wp-content\/uploads\/sites\/7\/2022\/02\/Buy-al-lad-powder.jpg","width":931,"height":799},{"@type":"BreadcrumbList","@id":"https:\/\/medicinasinc.com\/sl\/product\/buy-al-lad-powder\/#breadcrumb","itemListElement":[{"@type":"ListItem","position":1,"name":"Nakupujte","item":"https:\/\/medicinasinc.com\/sl\/nakupujte\/"},{"@type":"ListItem","position":2,"name":"Kupite al-lad prah"}]},{"@type":"WebSite","@id":"https:\/\/medicinasinc.com\/sl\/#website","url":"https:\/\/medicinasinc.com\/sl\/","name":"Medicinas Inc","description":"Health Medical Clinic","potentialAction":[{"@type":"SearchAction","target":{"@type":"EntryPoint","urlTemplate":"https:\/\/medicinasinc.com\/sl\/?s={search_term_string}"},"query-input":{"@type":"PropertyValueSpecification","valueRequired":true,"valueName":"search_term_string"}}],"inLanguage":"en-US"}]}},"_links":{"self":[{"href":"https:\/\/medicinasinc.com\/sl\/wp-json\/wp\/v2\/product\/5735","targetHints":{"allow":["GET"]}}],"collection":[{"href":"https:\/\/medicinasinc.com\/sl\/wp-json\/wp\/v2\/product"}],"about":[{"href":"https:\/\/medicinasinc.com\/sl\/wp-json\/wp\/v2\/types\/product"}],"replies":[{"embeddable":true,"href":"https:\/\/medicinasinc.com\/sl\/wp-json\/wp\/v2\/comments?post=5735"}],"wp:featuredmedia":[{"embeddable":true,"href":"https:\/\/medicinasinc.com\/sl\/wp-json\/wp\/v2\/media\/5747"}],"wp:attachment":[{"href":"https:\/\/medicinasinc.com\/sl\/wp-json\/wp\/v2\/media?parent=5735"}],"wp:term":[{"taxonomy":"product_brand","embeddable":true,"href":"https:\/\/medicinasinc.com\/sl\/wp-json\/wp\/v2\/product_brand?post=5735"},{"taxonomy":"product_cat","embeddable":true,"href":"https:\/\/medicinasinc.com\/sl\/wp-json\/wp\/v2\/product_cat?post=5735"},{"taxonomy":"product_tag","embeddable":true,"href":"https:\/\/medicinasinc.com\/sl\/wp-json\/wp\/v2\/product_tag?post=5735"}],"curies":[{"name":"wp","href":"https:\/\/api.w.org\/{rel}","templated":true}]}}