{"id":5731,"date":"2022-02-22T05:03:24","date_gmt":"2022-02-22T05:03:24","guid":{"rendered":"https:\/\/medicinasinc.com\/sl\/?post_type=product&#038;p=5731"},"modified":"2022-03-19T00:20:41","modified_gmt":"2022-03-19T00:20:41","slug":"buy-sextacy-powder","status":"publish","type":"product","link":"https:\/\/medicinasinc.com\/sl\/product\/buy-sextacy-powder\/","title":{"rendered":"Kupite Sextacy Powder"},"content":{"rendered":"<p>Poskrbite, da boste kupili Sextacy Powder.<\/p>\n<p>Nakupujte Sextacy Powder na spletu v velikem obsegu in ga kupujte v velikih koli\u010dinah.<\/p>\n<p>Sextacy puder je nov in vznemirljiv izdelek blagovne znamke, ki ga lahko dobite. kupite.<br \/> \u010ce \u017eelite uporabiti Sextacy, jo morate kupiti v obliki prahu. Glavna sestavina je a-PVP.<\/p>\n<p>Mo\u010d je 5\/5. Sextacy Najbolj\u0161i puder, ki je zakonit za uporabo.<br \/> \u010cas je, da se s tem novim in odli\u010dnim izdelkom poglobite v laboratorij.<\/p>\n<p>\u010cisti puder Sextacy lahko kupite na spletu.<\/p>\n<div class=\"product-next-previous\">\n<div class=\"product-prev\"><\/div><\/div>\n","protected":false},"excerpt":{"rendered":"<p>Pure Quality Sextacy Powder za prodajo v Evropi, Zdru\u017eenem kraljestvu in Avstraliji lahko kupite na internetu. \u010ce \u017eelite uporabiti Sextacy, ga morate kupiti v obliki prahu. Glavna sestavina je a-PVP.<\/p>\n<p>Kupite Sextacy Legal High Powder na internetu. To lahko storite.<\/p>\n<p>Kupite veliko naenkrat Sextacy je nov in vznemirljiv izdelek blagovne znamke, ki ga lahko kupite. Sextacy je PVP in to je tisto, kar je.<\/p>\n<p>Obstaja veliko spletnih mest, kjer lahko kupite veliko kopalne soli za veliko denarja.<\/p>\n<p>Na spletu ste vi. lahko kupite kopalne soli sextacy pri Global Medicine. Prodajne cene kopalne soli Sextacy lahko izveste tako, da preberete to besedilo<\/p>\n","protected":false},"featured_media":5742,"comment_status":"open","ping_status":"closed","template":"","meta":[],"product_brand":[],"product_cat":[2014],"product_tag":[3732,3733,3734,3735,3737,3545,3731,3736,3738,3739,3740,3741,3742,3743,3744,3745,3746,3747,3748,3749,3750,3751,3752,3753,3754,3755,3756],"class_list":{"0":"post-5731","1":"product","2":"type-product","3":"status-publish","4":"has-post-thumbnail","6":"product_cat-nakup-raziskave-kemikalije","7":"product_tag-best-sextacy-powder-online","8":"product_tag-buy-sextacy-powder","9":"product_tag-buy-sextacy-powder-europe","10":"product_tag-buy-sextacy-powder-online","11":"product_tag-nakup-sextacy-powder","12":"product_tag-nakup-metoxetamin","13":"product_tag-najbolja-kakovost-sextacy-powder","14":"product_tag-order-sextacy-powder","15":"product_tag-sextacy-powder-buy","16":"product_tag-sextacy-powder-effect","17":"product_tag-sextacy-powder-europe","18":"product_tag-sextacy-powder-for-sale","19":"product_tag-sextacy-powder-for-sale-online","20":"product_tag-sextacy-powder-google","21":"product_tag-sextacy-powder-mail","22":"product_tag-sextacy-powder-mail-order","23":"product_tag-sextacy-powder-near-me","24":"product_tag-sextacy-powder-online","25":"product_tag-sextacy-powder-order","26":"product_tag-sextacy-powder-over-night","27":"product_tag-sextacy-powder-purchase","28":"product_tag-sextacy-powder-reviews","29":"product_tag-sextacy-powder-sale","30":"product_tag-sextacy-powder-shipping","31":"product_tag-sextacy-powder-supplier","32":"product_tag-sextacy-powder-wholesale","33":"product_tag-where-to-buy-sextacy-powder","35":"first","36":"instock","37":"shipping-taxable","38":"purchasable","39":"product-type-variable","40":"has-default-attributes"},"yoast_head":"<!-- This site is optimized with the Yoast SEO plugin v27.3 - https:\/\/yoast.com\/product\/yoast-seo-wordpress\/ -->\n<title>Kupite Sextacy Powder - Sextacy Powder prodaja - Best Global Meds<\/title>\n<meta name=\"description\" content=\"Kupite Pure Quality Sextacy Powder za prodajo v Evropi, Zdru\u017eenem kraljestvu, AU na spletu. Aktivna sestavina zdravila Sextacy je a-PVP in ta izdelek je na voljo samo v obliki prahu! Naro\u010dite Sextacy Powder\" \/>\n<meta name=\"robots\" content=\"index, follow, max-snippet:-1, max-image-preview:large, max-video-preview:-1\" \/>\n<link rel=\"canonical\" href=\"https:\/\/medicinasinc.com\/sl\/product\/buy-sextacy-powder\/\" \/>\n<meta property=\"og:locale\" content=\"en_US\" \/>\n<meta property=\"og:type\" content=\"article\" \/>\n<meta property=\"og:title\" content=\"Kupite Sextacy Powder - Sextacy Powder prodaja - Best Global Meds\" \/>\n<meta property=\"og:description\" content=\"Kupite Pure Quality Sextacy Powder za prodajo v Evropi, Zdru\u017eenem kraljestvu, AU na spletu. Aktivna sestavina zdravila Sextacy je a-PVP in ta izdelek je na voljo samo v obliki prahu! Naro\u010dite Sextacy Powder\" \/>\n<meta property=\"og:url\" content=\"https:\/\/medicinasinc.com\/sl\/product\/buy-sextacy-powder\/\" \/>\n<meta property=\"og:site_name\" content=\"Medicinas Inc\" \/>\n<meta property=\"article:modified_time\" content=\"2022-03-19T00:20:41+00:00\" \/>\n<meta property=\"og:image\" content=\"https:\/\/medicinasinc.com\/sl\/wp-content\/uploads\/sites\/7\/2022\/02\/Buy-Sextacy-Powder.jpg\" \/>\n\t<meta property=\"og:image:width\" content=\"300\" \/>\n\t<meta property=\"og:image:height\" content=\"300\" \/>\n\t<meta property=\"og:image:type\" content=\"image\/jpeg\" \/>\n<meta name=\"twitter:card\" content=\"summary_large_image\" \/>\n<meta name=\"twitter:label1\" content=\"Est. reading time\" \/>\n\t<meta name=\"twitter:data1\" content=\"1 minute\" \/>\n<script type=\"application\/ld+json\" class=\"yoast-schema-graph\">{\"@context\":\"https:\\\/\\\/schema.org\",\"@graph\":[{\"@type\":\"WebPage\",\"@id\":\"https:\\\/\\\/medicinasinc.com\\\/sl\\\/product\\\/buy-sextacy-powder\\\/\",\"url\":\"https:\\\/\\\/medicinasinc.com\\\/sl\\\/product\\\/buy-sextacy-powder\\\/\",\"name\":\"Kupite Sextacy Powder - Sextacy Powder prodaja - Best Global Meds\",\"isPartOf\":{\"@id\":\"https:\\\/\\\/medicinasinc.com\\\/sl\\\/#website\"},\"primaryImageOfPage\":{\"@id\":\"https:\\\/\\\/medicinasinc.com\\\/sl\\\/product\\\/buy-sextacy-powder\\\/#primaryimage\"},\"image\":{\"@id\":\"https:\\\/\\\/medicinasinc.com\\\/sl\\\/product\\\/buy-sextacy-powder\\\/#primaryimage\"},\"thumbnailUrl\":\"https:\\\/\\\/medicinasinc.com\\\/sl\\\/wp-content\\\/uploads\\\/sites\\\/7\\\/2022\\\/02\\\/Buy-Sextacy-Powder.jpg\",\"datePublished\":\"2022-02-22T05:03:24+00:00\",\"dateModified\":\"2022-03-19T00:20:41+00:00\",\"description\":\"Kupite Pure Quality Sextacy Powder za prodajo v Evropi, Zdru\u017eenem kraljestvu, AU na spletu. Aktivna sestavina zdravila Sextacy je a-PVP in ta izdelek je na voljo samo v obliki prahu! Naro\u010dite Sextacy Powder\",\"breadcrumb\":{\"@id\":\"https:\\\/\\\/medicinasinc.com\\\/sl\\\/product\\\/buy-sextacy-powder\\\/#breadcrumb\"},\"inLanguage\":\"en-US\",\"potentialAction\":[{\"@type\":\"ReadAction\",\"target\":[\"https:\\\/\\\/medicinasinc.com\\\/sl\\\/product\\\/buy-sextacy-powder\\\/\"]}]},{\"@type\":\"ImageObject\",\"inLanguage\":\"en-US\",\"@id\":\"https:\\\/\\\/medicinasinc.com\\\/sl\\\/product\\\/buy-sextacy-powder\\\/#primaryimage\",\"url\":\"https:\\\/\\\/medicinasinc.com\\\/sl\\\/wp-content\\\/uploads\\\/sites\\\/7\\\/2022\\\/02\\\/Buy-Sextacy-Powder.jpg\",\"contentUrl\":\"https:\\\/\\\/medicinasinc.com\\\/sl\\\/wp-content\\\/uploads\\\/sites\\\/7\\\/2022\\\/02\\\/Buy-Sextacy-Powder.jpg\",\"width\":300,\"height\":300},{\"@type\":\"BreadcrumbList\",\"@id\":\"https:\\\/\\\/medicinasinc.com\\\/sl\\\/product\\\/buy-sextacy-powder\\\/#breadcrumb\",\"itemListElement\":[{\"@type\":\"ListItem\",\"position\":1,\"name\":\"Nakupujte\",\"item\":\"https:\\\/\\\/medicinasinc.com\\\/sl\\\/nakupujte\\\/\"},{\"@type\":\"ListItem\",\"position\":2,\"name\":\"Kupite Sextacy Powder\"}]},{\"@type\":\"WebSite\",\"@id\":\"https:\\\/\\\/medicinasinc.com\\\/sl\\\/#website\",\"url\":\"https:\\\/\\\/medicinasinc.com\\\/sl\\\/\",\"name\":\"Medicinas Inc\",\"description\":\"Health Medical Clinic\",\"potentialAction\":[{\"@type\":\"SearchAction\",\"target\":{\"@type\":\"EntryPoint\",\"urlTemplate\":\"https:\\\/\\\/medicinasinc.com\\\/sl\\\/?s={search_term_string}\"},\"query-input\":{\"@type\":\"PropertyValueSpecification\",\"valueRequired\":true,\"valueName\":\"search_term_string\"}}],\"inLanguage\":\"en-US\"}]}<\/script>\n<!-- \/ Yoast SEO plugin. -->","yoast_head_json":{"title":"Kupite Sextacy Powder - Sextacy Powder prodaja - Best Global Meds","description":"Kupite Pure Quality Sextacy Powder za prodajo v Evropi, Zdru\u017eenem kraljestvu, AU na spletu. Aktivna sestavina zdravila Sextacy je a-PVP in ta izdelek je na voljo samo v obliki prahu! Naro\u010dite Sextacy Powder","robots":{"index":"index","follow":"follow","max-snippet":"max-snippet:-1","max-image-preview":"max-image-preview:large","max-video-preview":"max-video-preview:-1"},"canonical":"https:\/\/medicinasinc.com\/sl\/product\/buy-sextacy-powder\/","og_locale":"en_US","og_type":"article","og_title":"Kupite Sextacy Powder - Sextacy Powder prodaja - Best Global Meds","og_description":"Kupite Pure Quality Sextacy Powder za prodajo v Evropi, Zdru\u017eenem kraljestvu, AU na spletu. Aktivna sestavina zdravila Sextacy je a-PVP in ta izdelek je na voljo samo v obliki prahu! Naro\u010dite Sextacy Powder","og_url":"https:\/\/medicinasinc.com\/sl\/product\/buy-sextacy-powder\/","og_site_name":"Medicinas Inc","article_modified_time":"2022-03-19T00:20:41+00:00","og_image":[{"width":300,"height":300,"url":"https:\/\/medicinasinc.com\/sl\/wp-content\/uploads\/sites\/7\/2022\/02\/Buy-Sextacy-Powder.jpg","type":"image\/jpeg"}],"twitter_card":"summary_large_image","twitter_misc":{"Est. reading time":"1 minute"},"schema":{"@context":"https:\/\/schema.org","@graph":[{"@type":"WebPage","@id":"https:\/\/medicinasinc.com\/sl\/product\/buy-sextacy-powder\/","url":"https:\/\/medicinasinc.com\/sl\/product\/buy-sextacy-powder\/","name":"Kupite Sextacy Powder - Sextacy Powder prodaja - Best Global Meds","isPartOf":{"@id":"https:\/\/medicinasinc.com\/sl\/#website"},"primaryImageOfPage":{"@id":"https:\/\/medicinasinc.com\/sl\/product\/buy-sextacy-powder\/#primaryimage"},"image":{"@id":"https:\/\/medicinasinc.com\/sl\/product\/buy-sextacy-powder\/#primaryimage"},"thumbnailUrl":"https:\/\/medicinasinc.com\/sl\/wp-content\/uploads\/sites\/7\/2022\/02\/Buy-Sextacy-Powder.jpg","datePublished":"2022-02-22T05:03:24+00:00","dateModified":"2022-03-19T00:20:41+00:00","description":"Kupite Pure Quality Sextacy Powder za prodajo v Evropi, Zdru\u017eenem kraljestvu, AU na spletu. Aktivna sestavina zdravila Sextacy je a-PVP in ta izdelek je na voljo samo v obliki prahu! Naro\u010dite Sextacy Powder","breadcrumb":{"@id":"https:\/\/medicinasinc.com\/sl\/product\/buy-sextacy-powder\/#breadcrumb"},"inLanguage":"en-US","potentialAction":[{"@type":"ReadAction","target":["https:\/\/medicinasinc.com\/sl\/product\/buy-sextacy-powder\/"]}]},{"@type":"ImageObject","inLanguage":"en-US","@id":"https:\/\/medicinasinc.com\/sl\/product\/buy-sextacy-powder\/#primaryimage","url":"https:\/\/medicinasinc.com\/sl\/wp-content\/uploads\/sites\/7\/2022\/02\/Buy-Sextacy-Powder.jpg","contentUrl":"https:\/\/medicinasinc.com\/sl\/wp-content\/uploads\/sites\/7\/2022\/02\/Buy-Sextacy-Powder.jpg","width":300,"height":300},{"@type":"BreadcrumbList","@id":"https:\/\/medicinasinc.com\/sl\/product\/buy-sextacy-powder\/#breadcrumb","itemListElement":[{"@type":"ListItem","position":1,"name":"Nakupujte","item":"https:\/\/medicinasinc.com\/sl\/nakupujte\/"},{"@type":"ListItem","position":2,"name":"Kupite Sextacy Powder"}]},{"@type":"WebSite","@id":"https:\/\/medicinasinc.com\/sl\/#website","url":"https:\/\/medicinasinc.com\/sl\/","name":"Medicinas Inc","description":"Health Medical Clinic","potentialAction":[{"@type":"SearchAction","target":{"@type":"EntryPoint","urlTemplate":"https:\/\/medicinasinc.com\/sl\/?s={search_term_string}"},"query-input":{"@type":"PropertyValueSpecification","valueRequired":true,"valueName":"search_term_string"}}],"inLanguage":"en-US"}]}},"_links":{"self":[{"href":"https:\/\/medicinasinc.com\/sl\/wp-json\/wp\/v2\/product\/5731","targetHints":{"allow":["GET"]}}],"collection":[{"href":"https:\/\/medicinasinc.com\/sl\/wp-json\/wp\/v2\/product"}],"about":[{"href":"https:\/\/medicinasinc.com\/sl\/wp-json\/wp\/v2\/types\/product"}],"replies":[{"embeddable":true,"href":"https:\/\/medicinasinc.com\/sl\/wp-json\/wp\/v2\/comments?post=5731"}],"wp:featuredmedia":[{"embeddable":true,"href":"https:\/\/medicinasinc.com\/sl\/wp-json\/wp\/v2\/media\/5742"}],"wp:attachment":[{"href":"https:\/\/medicinasinc.com\/sl\/wp-json\/wp\/v2\/media?parent=5731"}],"wp:term":[{"taxonomy":"product_brand","embeddable":true,"href":"https:\/\/medicinasinc.com\/sl\/wp-json\/wp\/v2\/product_brand?post=5731"},{"taxonomy":"product_cat","embeddable":true,"href":"https:\/\/medicinasinc.com\/sl\/wp-json\/wp\/v2\/product_cat?post=5731"},{"taxonomy":"product_tag","embeddable":true,"href":"https:\/\/medicinasinc.com\/sl\/wp-json\/wp\/v2\/product_tag?post=5731"}],"curies":[{"name":"wp","href":"https:\/\/api.w.org\/{rel}","templated":true}]}}