{"id":5730,"date":"2022-02-22T05:01:35","date_gmt":"2022-02-22T05:01:35","guid":{"rendered":"https:\/\/medicinasinc.com\/sl\/?post_type=product&#038;p=5730"},"modified":"2022-03-19T00:20:55","modified_gmt":"2022-03-19T00:20:55","slug":"buy-pure-mdma-powder","status":"publish","type":"product","link":"https:\/\/medicinasinc.com\/sl\/product\/buy-pure-mdma-powder\/","title":{"rendered":"Kupite \u010disti mdma prah"},"content":{"rendered":"<p>Kupite MDMA v obliki prahu<\/p>\n<p>MDMA v prahu, kristale MDMA in ekstazi<\/p>\n<p>S svojimi stimulativnimi in halucinogenimi lastnostmi v enaki meri so kristali MDMA v prahu eden najbolj priljubljenih rekreacijskih snovi na trgu danes.<\/p>\n<p>1,2 Obi\u010dajno je<\/p>\n<p>MDMA prah je mogo\u010de kupiti na spletu.<\/p>\n<p>MDMA prah za prodajo v svoji naj\u010distej\u0161i obliki, na spletu. <\/p>\n<p>Na spletu prodajamo samo najkakovostnej\u0161i MDMA (Ecstasy\/Molly) prah na.<\/p>\n<p>\u010cisti MDMA prah je na voljo za nakup prek spleta.<\/p>\n<p>Najceneje mesto. za nakup Ecstasy\/Molly Powder<\/p>\n<p>Ali imajo MDMA pra\u0161ki v primerjavi s tabletami kak\u0161ne prednosti ali slabosti?<\/p>\n<p>Zdrobljeni kristali MDMA ali prah so \u0161e en na\u010din za pridobivanje snovi.<\/p>\n<p> Peroralno uporabljen MDMA (okraj\u0161ava za 3,4-metilendioksimetamfetamin), katerega kemi\u010dno ime je 3,4-metilendioksimetamfetamin, ima razpolovno dobo 3 do 6 ur. Ena do dve tableti MDMA, od katerih vsaka vsebuje 60 do 120 miligramov MDMA, je najpogosteje poro\u010dan odmerek. 1 Ker u\u010dinki prvega odmerka za\u010dnejo izginjati, ni nenavadno, da uporabniki vzamejo drugi odmerek zdravila.<\/p>\n","protected":false},"excerpt":{"rendered":"<p>Kupite kakovosten Mdma prah za prodajo v Zdru\u017eenem kraljestvu, Evropi, AU v na\u0161i spletni trgovini Bestglobalmeds.com s hitro dostavo po vsem svetu! Najbolj\u0161i Mdma prah za naro\u010danje boste na\u0161li tukaj!<\/p>\n<ul>\n<li>Kupite \u010disti MDMA v prahu na spletu<\/li>\n<li>Pure MDMA v prahu na spletu<\/li>\n<li>Ecstasy\/Molly v prahu naprodaj <\/li>\n<li>\u00a0kupite Ecstasy\/Molly Powder na spletu<\/li>\n<\/ul>\n","protected":false},"featured_media":5740,"comment_status":"open","ping_status":"closed","template":"","meta":[],"product_brand":[],"product_cat":[2014],"product_tag":[3701,3702,3647,3707,3708,3705,3704,3703,3706,3726,3710,3711,3715,3716,3717,3718,3722,3713,3714,3662,3719,3712,3659,3609,3725,3721,3723,3724,3720,3709,3727,3728,3729,3730],"class_list":{"0":"post-5730","1":"product","2":"type-product","3":"status-publish","4":"has-post-thumbnail","6":"product_cat-nakup-raziskave-kemikalije","7":"product_tag-best-mdma-powder","8":"product_tag-best-quality-mdma-powder","9":"product_tag-buy-mdma-powder","10":"product_tag-buy-mdma-powder-online","11":"product_tag-how-to-buy-mdma-powder-crystal-online","12":"product_tag-buy-mdma-powder-europe","13":"product_tag-kupi-mdma-powder-me","14":"product_tag-kupi-mdma-powder-crystal-online","15":"product_tag-buy-mdma-pra-c5-a1ek-near-me","16":"product_tag-nakup-mdma-powder-crystal-online","17":"product_tag-mdma-powder-effect","18":"product_tag-mdma-powder-europe","19":"product_tag-mdma-powder-near-me","20":"product_tag-mdma-powder-online","21":"product_tag-mdma-powder-over-night","22":"product_tag-mdma-powder-price","23":"product_tag-mdma-powder-shipping","24":"product_tag-mdma-powder-google","25":"product_tag-mdma-powder-mail-order","26":"product_tag-mdma-prah-na-prodaj","27":"product_tag-mdma-powder-reddit","28":"product_tag-mdma-praek-za-prodaja-spletna","29":"product_tag-mdma-prah","30":"product_tag-mdma-prah-nakup","31":"product_tag-nakup-mdma-praek","32":"product_tag-mdma-powder-recenzije","33":"product_tag-order-mdma-powder","34":"product_tag-order-mdma-powder-crystal-online","35":"product_tag-mdma-powder-review","36":"product_tag-mdma-prah-kristal-na-prodaj","37":"product_tag-the-best-place-to-buy-mdma-powder-crystal-online","38":"product_tag-where-to-buy-mdma-powder","39":"product_tag-where-to-buy-mdma-powder-crystal-online","40":"product_tag-where-to-order-mdma-powder","42":"first","43":"instock","44":"shipping-taxable","45":"purchasable","46":"product-type-variable","47":"has-default-attributes"},"yoast_head":"<!-- This site is optimized with the Yoast SEO plugin v27.3 - https:\/\/yoast.com\/product\/yoast-seo-wordpress\/ -->\n<title>Kupite \u010disti mdma prah - mdma prah za prodajo - Best Global Meds<\/title>\n<meta name=\"description\" content=\"Kupite kakovosten Mdma pra\u0161ek za prodajo v Zdru\u017eenem kraljestvu, Evropi, AU v na\u0161i spletni trgovini Bestglobalmeds.com s hitro dostavo po vsem svetu! Najbolj\u0161i Mdma puder za naro\u010danje boste na\u0161li tukaj!\" \/>\n<meta name=\"robots\" content=\"index, follow, max-snippet:-1, max-image-preview:large, max-video-preview:-1\" \/>\n<link rel=\"canonical\" href=\"https:\/\/medicinasinc.com\/sl\/product\/buy-pure-mdma-powder\/\" \/>\n<meta property=\"og:locale\" content=\"en_US\" \/>\n<meta property=\"og:type\" content=\"article\" \/>\n<meta property=\"og:title\" content=\"Kupite \u010disti mdma prah - mdma prah za prodajo - Best Global Meds\" \/>\n<meta property=\"og:description\" content=\"Kupite kakovosten Mdma pra\u0161ek za prodajo v Zdru\u017eenem kraljestvu, Evropi, AU v na\u0161i spletni trgovini Bestglobalmeds.com s hitro dostavo po vsem svetu! Najbolj\u0161i Mdma puder za naro\u010danje boste na\u0161li tukaj!\" \/>\n<meta property=\"og:url\" content=\"https:\/\/medicinasinc.com\/sl\/product\/buy-pure-mdma-powder\/\" \/>\n<meta property=\"og:site_name\" content=\"Medicinas Inc\" \/>\n<meta property=\"article:modified_time\" content=\"2022-03-19T00:20:55+00:00\" \/>\n<meta property=\"og:image\" content=\"https:\/\/medicinasinc.com\/sl\/wp-content\/uploads\/sites\/7\/2022\/02\/Buy-pure-mdma-powder.jpg\" \/>\n\t<meta property=\"og:image:width\" content=\"1500\" \/>\n\t<meta property=\"og:image:height\" content=\"1496\" \/>\n\t<meta property=\"og:image:type\" content=\"image\/jpeg\" \/>\n<meta name=\"twitter:card\" content=\"summary_large_image\" \/>\n<meta name=\"twitter:label1\" content=\"Est. reading time\" \/>\n\t<meta name=\"twitter:data1\" content=\"1 minute\" \/>\n<script type=\"application\/ld+json\" class=\"yoast-schema-graph\">{\"@context\":\"https:\\\/\\\/schema.org\",\"@graph\":[{\"@type\":\"WebPage\",\"@id\":\"https:\\\/\\\/medicinasinc.com\\\/sl\\\/product\\\/buy-pure-mdma-powder\\\/\",\"url\":\"https:\\\/\\\/medicinasinc.com\\\/sl\\\/product\\\/buy-pure-mdma-powder\\\/\",\"name\":\"Kupite \u010disti mdma prah - mdma prah za prodajo - Best Global Meds\",\"isPartOf\":{\"@id\":\"https:\\\/\\\/medicinasinc.com\\\/sl\\\/#website\"},\"primaryImageOfPage\":{\"@id\":\"https:\\\/\\\/medicinasinc.com\\\/sl\\\/product\\\/buy-pure-mdma-powder\\\/#primaryimage\"},\"image\":{\"@id\":\"https:\\\/\\\/medicinasinc.com\\\/sl\\\/product\\\/buy-pure-mdma-powder\\\/#primaryimage\"},\"thumbnailUrl\":\"https:\\\/\\\/medicinasinc.com\\\/sl\\\/wp-content\\\/uploads\\\/sites\\\/7\\\/2022\\\/02\\\/Buy-pure-mdma-powder.jpg\",\"datePublished\":\"2022-02-22T05:01:35+00:00\",\"dateModified\":\"2022-03-19T00:20:55+00:00\",\"description\":\"Kupite kakovosten Mdma pra\u0161ek za prodajo v Zdru\u017eenem kraljestvu, Evropi, AU v na\u0161i spletni trgovini Bestglobalmeds.com s hitro dostavo po vsem svetu! Najbolj\u0161i Mdma puder za naro\u010danje boste na\u0161li tukaj!\",\"breadcrumb\":{\"@id\":\"https:\\\/\\\/medicinasinc.com\\\/sl\\\/product\\\/buy-pure-mdma-powder\\\/#breadcrumb\"},\"inLanguage\":\"en-US\",\"potentialAction\":[{\"@type\":\"ReadAction\",\"target\":[\"https:\\\/\\\/medicinasinc.com\\\/sl\\\/product\\\/buy-pure-mdma-powder\\\/\"]}]},{\"@type\":\"ImageObject\",\"inLanguage\":\"en-US\",\"@id\":\"https:\\\/\\\/medicinasinc.com\\\/sl\\\/product\\\/buy-pure-mdma-powder\\\/#primaryimage\",\"url\":\"https:\\\/\\\/medicinasinc.com\\\/sl\\\/wp-content\\\/uploads\\\/sites\\\/7\\\/2022\\\/02\\\/Buy-pure-mdma-powder.jpg\",\"contentUrl\":\"https:\\\/\\\/medicinasinc.com\\\/sl\\\/wp-content\\\/uploads\\\/sites\\\/7\\\/2022\\\/02\\\/Buy-pure-mdma-powder.jpg\",\"width\":1500,\"height\":1496},{\"@type\":\"BreadcrumbList\",\"@id\":\"https:\\\/\\\/medicinasinc.com\\\/sl\\\/product\\\/buy-pure-mdma-powder\\\/#breadcrumb\",\"itemListElement\":[{\"@type\":\"ListItem\",\"position\":1,\"name\":\"Nakupujte\",\"item\":\"https:\\\/\\\/medicinasinc.com\\\/sl\\\/nakupujte\\\/\"},{\"@type\":\"ListItem\",\"position\":2,\"name\":\"Kupite \u010disti mdma prah\"}]},{\"@type\":\"WebSite\",\"@id\":\"https:\\\/\\\/medicinasinc.com\\\/sl\\\/#website\",\"url\":\"https:\\\/\\\/medicinasinc.com\\\/sl\\\/\",\"name\":\"Medicinas Inc\",\"description\":\"Health Medical Clinic\",\"potentialAction\":[{\"@type\":\"SearchAction\",\"target\":{\"@type\":\"EntryPoint\",\"urlTemplate\":\"https:\\\/\\\/medicinasinc.com\\\/sl\\\/?s={search_term_string}\"},\"query-input\":{\"@type\":\"PropertyValueSpecification\",\"valueRequired\":true,\"valueName\":\"search_term_string\"}}],\"inLanguage\":\"en-US\"}]}<\/script>\n<!-- \/ Yoast SEO plugin. -->","yoast_head_json":{"title":"Kupite \u010disti mdma prah - mdma prah za prodajo - Best Global Meds","description":"Kupite kakovosten Mdma pra\u0161ek za prodajo v Zdru\u017eenem kraljestvu, Evropi, AU v na\u0161i spletni trgovini Bestglobalmeds.com s hitro dostavo po vsem svetu! Najbolj\u0161i Mdma puder za naro\u010danje boste na\u0161li tukaj!","robots":{"index":"index","follow":"follow","max-snippet":"max-snippet:-1","max-image-preview":"max-image-preview:large","max-video-preview":"max-video-preview:-1"},"canonical":"https:\/\/medicinasinc.com\/sl\/product\/buy-pure-mdma-powder\/","og_locale":"en_US","og_type":"article","og_title":"Kupite \u010disti mdma prah - mdma prah za prodajo - Best Global Meds","og_description":"Kupite kakovosten Mdma pra\u0161ek za prodajo v Zdru\u017eenem kraljestvu, Evropi, AU v na\u0161i spletni trgovini Bestglobalmeds.com s hitro dostavo po vsem svetu! Najbolj\u0161i Mdma puder za naro\u010danje boste na\u0161li tukaj!","og_url":"https:\/\/medicinasinc.com\/sl\/product\/buy-pure-mdma-powder\/","og_site_name":"Medicinas Inc","article_modified_time":"2022-03-19T00:20:55+00:00","og_image":[{"width":1500,"height":1496,"url":"https:\/\/medicinasinc.com\/sl\/wp-content\/uploads\/sites\/7\/2022\/02\/Buy-pure-mdma-powder.jpg","type":"image\/jpeg"}],"twitter_card":"summary_large_image","twitter_misc":{"Est. reading time":"1 minute"},"schema":{"@context":"https:\/\/schema.org","@graph":[{"@type":"WebPage","@id":"https:\/\/medicinasinc.com\/sl\/product\/buy-pure-mdma-powder\/","url":"https:\/\/medicinasinc.com\/sl\/product\/buy-pure-mdma-powder\/","name":"Kupite \u010disti mdma prah - mdma prah za prodajo - Best Global Meds","isPartOf":{"@id":"https:\/\/medicinasinc.com\/sl\/#website"},"primaryImageOfPage":{"@id":"https:\/\/medicinasinc.com\/sl\/product\/buy-pure-mdma-powder\/#primaryimage"},"image":{"@id":"https:\/\/medicinasinc.com\/sl\/product\/buy-pure-mdma-powder\/#primaryimage"},"thumbnailUrl":"https:\/\/medicinasinc.com\/sl\/wp-content\/uploads\/sites\/7\/2022\/02\/Buy-pure-mdma-powder.jpg","datePublished":"2022-02-22T05:01:35+00:00","dateModified":"2022-03-19T00:20:55+00:00","description":"Kupite kakovosten Mdma pra\u0161ek za prodajo v Zdru\u017eenem kraljestvu, Evropi, AU v na\u0161i spletni trgovini Bestglobalmeds.com s hitro dostavo po vsem svetu! Najbolj\u0161i Mdma puder za naro\u010danje boste na\u0161li tukaj!","breadcrumb":{"@id":"https:\/\/medicinasinc.com\/sl\/product\/buy-pure-mdma-powder\/#breadcrumb"},"inLanguage":"en-US","potentialAction":[{"@type":"ReadAction","target":["https:\/\/medicinasinc.com\/sl\/product\/buy-pure-mdma-powder\/"]}]},{"@type":"ImageObject","inLanguage":"en-US","@id":"https:\/\/medicinasinc.com\/sl\/product\/buy-pure-mdma-powder\/#primaryimage","url":"https:\/\/medicinasinc.com\/sl\/wp-content\/uploads\/sites\/7\/2022\/02\/Buy-pure-mdma-powder.jpg","contentUrl":"https:\/\/medicinasinc.com\/sl\/wp-content\/uploads\/sites\/7\/2022\/02\/Buy-pure-mdma-powder.jpg","width":1500,"height":1496},{"@type":"BreadcrumbList","@id":"https:\/\/medicinasinc.com\/sl\/product\/buy-pure-mdma-powder\/#breadcrumb","itemListElement":[{"@type":"ListItem","position":1,"name":"Nakupujte","item":"https:\/\/medicinasinc.com\/sl\/nakupujte\/"},{"@type":"ListItem","position":2,"name":"Kupite \u010disti mdma prah"}]},{"@type":"WebSite","@id":"https:\/\/medicinasinc.com\/sl\/#website","url":"https:\/\/medicinasinc.com\/sl\/","name":"Medicinas Inc","description":"Health Medical Clinic","potentialAction":[{"@type":"SearchAction","target":{"@type":"EntryPoint","urlTemplate":"https:\/\/medicinasinc.com\/sl\/?s={search_term_string}"},"query-input":{"@type":"PropertyValueSpecification","valueRequired":true,"valueName":"search_term_string"}}],"inLanguage":"en-US"}]}},"_links":{"self":[{"href":"https:\/\/medicinasinc.com\/sl\/wp-json\/wp\/v2\/product\/5730","targetHints":{"allow":["GET"]}}],"collection":[{"href":"https:\/\/medicinasinc.com\/sl\/wp-json\/wp\/v2\/product"}],"about":[{"href":"https:\/\/medicinasinc.com\/sl\/wp-json\/wp\/v2\/types\/product"}],"replies":[{"embeddable":true,"href":"https:\/\/medicinasinc.com\/sl\/wp-json\/wp\/v2\/comments?post=5730"}],"wp:featuredmedia":[{"embeddable":true,"href":"https:\/\/medicinasinc.com\/sl\/wp-json\/wp\/v2\/media\/5740"}],"wp:attachment":[{"href":"https:\/\/medicinasinc.com\/sl\/wp-json\/wp\/v2\/media?parent=5730"}],"wp:term":[{"taxonomy":"product_brand","embeddable":true,"href":"https:\/\/medicinasinc.com\/sl\/wp-json\/wp\/v2\/product_brand?post=5730"},{"taxonomy":"product_cat","embeddable":true,"href":"https:\/\/medicinasinc.com\/sl\/wp-json\/wp\/v2\/product_cat?post=5730"},{"taxonomy":"product_tag","embeddable":true,"href":"https:\/\/medicinasinc.com\/sl\/wp-json\/wp\/v2\/product_tag?post=5730"}],"curies":[{"name":"wp","href":"https:\/\/api.w.org\/{rel}","templated":true}]}}