{"id":5729,"date":"2022-02-22T04:59:37","date_gmt":"2022-02-22T04:59:37","guid":{"rendered":"https:\/\/medicinasinc.com\/sl\/?post_type=product&#038;p=5729"},"modified":"2022-03-19T00:21:05","modified_gmt":"2022-03-19T00:21:05","slug":"kupi-hidrokodon-v-prahu","status":"publish","type":"product","link":"https:\/\/medicinasinc.com\/sl\/product\/kupi-hidrokodon-v-prahu\/","title":{"rendered":"Kupite hidrokodon v prahu"},"content":{"rendered":"<p>\u010ce \u017eelite kupiti hidrokodon v prahu na spletu, kliknite tukaj.<br \/> Na spletu lahko kupite hidrokodon v prahu v razsutem stanju po ugodni ceni po veleprodajnih cenah. Hidrokodon, ki se prodaja pod blagovno znamko Hysingla in drugimi imeni, je opioid, ki se lahko uporablja za zdravljenje bole\u010dine, ki traja dlje \u010dasa, \u010de druga zdravljenja ne delujejo. Kot sredstvo proti ka\u0161lju ga uporabljajo tudi ljudje, starej\u0161i od 18 let. Ljudje ga jedo. Acetaminofen in hidrokodon se obi\u010dajno prodajata skupaj. Ibuprofen in hidrokodon se obi\u010dajno prodajata skupaj. Sam po sebi je na voljo v dolgodelujo\u010di obliki, ki jo lahko kupite.<\/p>\n<p>Obstajata dve vrsti hidrokodonske soli ali prahu:<\/p>\n<p>Hidrokodon je polsinteti\u010dni opioid, ki prihaja iz rastlina kodein. Hidrokodon lahko jemljete peroralno za laj\u0161anje bole\u010din in ustavitev ka\u0161ljanja, pogosto s paracetamolom ali ibuprofenom. V Zdru\u017eenih dr\u017eavah je veliko receptov za hidrokodon.<\/p>\n","protected":false},"excerpt":{"rendered":"<p>Hydrocodone v prahu za prodajo v Evropi, Zdru\u017eenem kraljestvu in Avstraliji. Kodein se uporablja za izdelavo hidrokodona v prahu, polsinteti\u010dnega opioida. Najcenej\u0161e cene za hidrokodon v prahu.<\/p>\n<p>Kupite hidrokodon v prahu na spletu iz zanesljivega vira.<\/p>\n<p>Je polsinteti\u010dni opioid, pridobljen iz kodeina. Hidrokodon v prahu<\/p>\n","protected":false},"featured_media":5738,"comment_status":"open","ping_status":"closed","template":"","meta":[],"product_brand":[],"product_cat":[2014],"product_tag":[3675,3670,3671,3676,3677,3681,3684,3680,3682,3683,3688,3689,3691,3692,3690,3693,3678,3672,3673,3695,3694,3685,3696,3686,3697,3679,3687,3674,3698,3699,3700],"class_list":{"0":"post-5729","1":"product","2":"type-product","3":"status-publish","4":"has-post-thumbnail","6":"product_cat-nakup-raziskave-kemikalije","7":"product_tag-ali-hidrokodon-povzroa-zaprtje","8":"product_tag-buy-hydrocodone-acetaminophen","9":"product_tag-buy-hydrocodone-online-usa","10":"product_tag-hidrokodon-hcl","11":"product_tag-hidrokodon-v-prahu","12":"product_tag-hidrokodon-v-prahu-za-prodajo","13":"product_tag-hidrokodon-prah-reddit","14":"product_tag-hidrokodon-v-prahu-za-meanje","15":"product_tag-hydrocodone-powder-order","16":"product_tag-hydrocodone-powder-price","17":"product_tag-hydrocodone-vs-kratom","18":"product_tag-hydrocodone-vs-vicodin","19":"product_tag-kratom-and-hydrocodone-combination","20":"product_tag-kratom-bali-v-primerjavi-s-hidrokodonom","21":"product_tag-kratom-in-hidrokodon","22":"product_tag-kratom-v-primerjavi-z-norco","23":"product_tag-hidrokodon-prah-kupi","24":"product_tag-kupi-hidrokodon-na-spletu-brez-rx","25":"product_tag-kupi-hidrokodon-v-prahu","26":"product_tag-mixing-kratom-and-hydrocodone","27":"product_tag-mo-kratoma-proti-hidrokodonu","28":"product_tag-hidrokodon-praek-pregled","29":"product_tag-isti-hidrokodon-v-prahu-za-prodajo","30":"product_tag-hidrokodon-prah-prodaja","31":"product_tag-surovi-hidrokodon-v-prahu","32":"product_tag-hidrokodon-praek-uinek","33":"product_tag-uporaba-hidrokodona-v-prahu","34":"product_tag-lahko-hidrokodon-ubije-te","35":"product_tag-what-happens-when-you-snort-hydrocodone","36":"product_tag-what-is-hydrocodone-composed-of","37":"product_tag-where-to-buy-hydrocodone-pills","39":"first","40":"instock","41":"shipping-taxable","42":"purchasable","43":"product-type-variable","44":"has-default-attributes"},"yoast_head":"<!-- This site is optimized with the Yoast SEO plugin v27.3 - https:\/\/yoast.com\/product\/yoast-seo-wordpress\/ -->\n<title>Kupite hidrokodon v prahu - hidrokodon v prahu - najbolj\u0161a zdravila na svetu<\/title>\n<meta name=\"description\" content=\"Kupite kakovosten hidrokodon v prahu za prodajo v Evropi, Zdru\u017eenem kraljestvu, AU na spletu. Hidrokodon v prahu je polsinteti\u010dni opioid, pridobljen iz kodeina. Naro\u010dite hidrokodon v prahu po najbolj\u0161ih cenah\" \/>\n<meta name=\"robots\" content=\"index, follow, max-snippet:-1, max-image-preview:large, max-video-preview:-1\" \/>\n<link rel=\"canonical\" href=\"https:\/\/medicinasinc.com\/sl\/product\/kupi-hidrokodon-v-prahu\/\" \/>\n<meta property=\"og:locale\" content=\"en_US\" \/>\n<meta property=\"og:type\" content=\"article\" \/>\n<meta property=\"og:title\" content=\"Kupite hidrokodon v prahu - hidrokodon v prahu - najbolj\u0161a zdravila na svetu\" \/>\n<meta property=\"og:description\" content=\"Kupite kakovosten hidrokodon v prahu za prodajo v Evropi, Zdru\u017eenem kraljestvu, AU na spletu. Hidrokodon v prahu je polsinteti\u010dni opioid, pridobljen iz kodeina. Naro\u010dite hidrokodon v prahu po najbolj\u0161ih cenah\" \/>\n<meta property=\"og:url\" content=\"https:\/\/medicinasinc.com\/sl\/product\/kupi-hidrokodon-v-prahu\/\" \/>\n<meta property=\"og:site_name\" content=\"Medicinas Inc\" \/>\n<meta property=\"article:modified_time\" content=\"2022-03-19T00:21:05+00:00\" \/>\n<meta property=\"og:image\" content=\"https:\/\/medicinasinc.com\/sl\/wp-content\/uploads\/sites\/7\/2022\/02\/Buy-Hydrocodone-Powder.jpg\" \/>\n\t<meta property=\"og:image:width\" content=\"650\" \/>\n\t<meta property=\"og:image:height\" content=\"390\" \/>\n\t<meta property=\"og:image:type\" content=\"image\/jpeg\" \/>\n<meta name=\"twitter:card\" content=\"summary_large_image\" \/>\n<meta name=\"twitter:label1\" content=\"Est. reading time\" \/>\n\t<meta name=\"twitter:data1\" content=\"1 minute\" \/>\n<script type=\"application\/ld+json\" class=\"yoast-schema-graph\">{\"@context\":\"https:\\\/\\\/schema.org\",\"@graph\":[{\"@type\":\"WebPage\",\"@id\":\"https:\\\/\\\/medicinasinc.com\\\/sl\\\/product\\\/kupi-hidrokodon-v-prahu\\\/\",\"url\":\"https:\\\/\\\/medicinasinc.com\\\/sl\\\/product\\\/kupi-hidrokodon-v-prahu\\\/\",\"name\":\"Kupite hidrokodon v prahu - hidrokodon v prahu - najbolj\u0161a zdravila na svetu\",\"isPartOf\":{\"@id\":\"https:\\\/\\\/medicinasinc.com\\\/sl\\\/#website\"},\"primaryImageOfPage\":{\"@id\":\"https:\\\/\\\/medicinasinc.com\\\/sl\\\/product\\\/kupi-hidrokodon-v-prahu\\\/#primaryimage\"},\"image\":{\"@id\":\"https:\\\/\\\/medicinasinc.com\\\/sl\\\/product\\\/kupi-hidrokodon-v-prahu\\\/#primaryimage\"},\"thumbnailUrl\":\"https:\\\/\\\/medicinasinc.com\\\/sl\\\/wp-content\\\/uploads\\\/sites\\\/7\\\/2022\\\/02\\\/Buy-Hydrocodone-Powder.jpg\",\"datePublished\":\"2022-02-22T04:59:37+00:00\",\"dateModified\":\"2022-03-19T00:21:05+00:00\",\"description\":\"Kupite kakovosten hidrokodon v prahu za prodajo v Evropi, Zdru\u017eenem kraljestvu, AU na spletu. Hidrokodon v prahu je polsinteti\u010dni opioid, pridobljen iz kodeina. Naro\u010dite hidrokodon v prahu po najbolj\u0161ih cenah\",\"breadcrumb\":{\"@id\":\"https:\\\/\\\/medicinasinc.com\\\/sl\\\/product\\\/kupi-hidrokodon-v-prahu\\\/#breadcrumb\"},\"inLanguage\":\"en-US\",\"potentialAction\":[{\"@type\":\"ReadAction\",\"target\":[\"https:\\\/\\\/medicinasinc.com\\\/sl\\\/product\\\/kupi-hidrokodon-v-prahu\\\/\"]}]},{\"@type\":\"ImageObject\",\"inLanguage\":\"en-US\",\"@id\":\"https:\\\/\\\/medicinasinc.com\\\/sl\\\/product\\\/kupi-hidrokodon-v-prahu\\\/#primaryimage\",\"url\":\"https:\\\/\\\/medicinasinc.com\\\/sl\\\/wp-content\\\/uploads\\\/sites\\\/7\\\/2022\\\/02\\\/Buy-Hydrocodone-Powder.jpg\",\"contentUrl\":\"https:\\\/\\\/medicinasinc.com\\\/sl\\\/wp-content\\\/uploads\\\/sites\\\/7\\\/2022\\\/02\\\/Buy-Hydrocodone-Powder.jpg\",\"width\":650,\"height\":390},{\"@type\":\"BreadcrumbList\",\"@id\":\"https:\\\/\\\/medicinasinc.com\\\/sl\\\/product\\\/kupi-hidrokodon-v-prahu\\\/#breadcrumb\",\"itemListElement\":[{\"@type\":\"ListItem\",\"position\":1,\"name\":\"Nakupujte\",\"item\":\"https:\\\/\\\/medicinasinc.com\\\/sl\\\/nakupujte\\\/\"},{\"@type\":\"ListItem\",\"position\":2,\"name\":\"Kupite hidrokodon v prahu\"}]},{\"@type\":\"WebSite\",\"@id\":\"https:\\\/\\\/medicinasinc.com\\\/sl\\\/#website\",\"url\":\"https:\\\/\\\/medicinasinc.com\\\/sl\\\/\",\"name\":\"Medicinas Inc\",\"description\":\"Health Medical Clinic\",\"potentialAction\":[{\"@type\":\"SearchAction\",\"target\":{\"@type\":\"EntryPoint\",\"urlTemplate\":\"https:\\\/\\\/medicinasinc.com\\\/sl\\\/?s={search_term_string}\"},\"query-input\":{\"@type\":\"PropertyValueSpecification\",\"valueRequired\":true,\"valueName\":\"search_term_string\"}}],\"inLanguage\":\"en-US\"}]}<\/script>\n<!-- \/ Yoast SEO plugin. -->","yoast_head_json":{"title":"Kupite hidrokodon v prahu - hidrokodon v prahu - najbolj\u0161a zdravila na svetu","description":"Kupite kakovosten hidrokodon v prahu za prodajo v Evropi, Zdru\u017eenem kraljestvu, AU na spletu. Hidrokodon v prahu je polsinteti\u010dni opioid, pridobljen iz kodeina. Naro\u010dite hidrokodon v prahu po najbolj\u0161ih cenah","robots":{"index":"index","follow":"follow","max-snippet":"max-snippet:-1","max-image-preview":"max-image-preview:large","max-video-preview":"max-video-preview:-1"},"canonical":"https:\/\/medicinasinc.com\/sl\/product\/kupi-hidrokodon-v-prahu\/","og_locale":"en_US","og_type":"article","og_title":"Kupite hidrokodon v prahu - hidrokodon v prahu - najbolj\u0161a zdravila na svetu","og_description":"Kupite kakovosten hidrokodon v prahu za prodajo v Evropi, Zdru\u017eenem kraljestvu, AU na spletu. Hidrokodon v prahu je polsinteti\u010dni opioid, pridobljen iz kodeina. Naro\u010dite hidrokodon v prahu po najbolj\u0161ih cenah","og_url":"https:\/\/medicinasinc.com\/sl\/product\/kupi-hidrokodon-v-prahu\/","og_site_name":"Medicinas Inc","article_modified_time":"2022-03-19T00:21:05+00:00","og_image":[{"width":650,"height":390,"url":"https:\/\/medicinasinc.com\/sl\/wp-content\/uploads\/sites\/7\/2022\/02\/Buy-Hydrocodone-Powder.jpg","type":"image\/jpeg"}],"twitter_card":"summary_large_image","twitter_misc":{"Est. reading time":"1 minute"},"schema":{"@context":"https:\/\/schema.org","@graph":[{"@type":"WebPage","@id":"https:\/\/medicinasinc.com\/sl\/product\/kupi-hidrokodon-v-prahu\/","url":"https:\/\/medicinasinc.com\/sl\/product\/kupi-hidrokodon-v-prahu\/","name":"Kupite hidrokodon v prahu - hidrokodon v prahu - najbolj\u0161a zdravila na svetu","isPartOf":{"@id":"https:\/\/medicinasinc.com\/sl\/#website"},"primaryImageOfPage":{"@id":"https:\/\/medicinasinc.com\/sl\/product\/kupi-hidrokodon-v-prahu\/#primaryimage"},"image":{"@id":"https:\/\/medicinasinc.com\/sl\/product\/kupi-hidrokodon-v-prahu\/#primaryimage"},"thumbnailUrl":"https:\/\/medicinasinc.com\/sl\/wp-content\/uploads\/sites\/7\/2022\/02\/Buy-Hydrocodone-Powder.jpg","datePublished":"2022-02-22T04:59:37+00:00","dateModified":"2022-03-19T00:21:05+00:00","description":"Kupite kakovosten hidrokodon v prahu za prodajo v Evropi, Zdru\u017eenem kraljestvu, AU na spletu. Hidrokodon v prahu je polsinteti\u010dni opioid, pridobljen iz kodeina. Naro\u010dite hidrokodon v prahu po najbolj\u0161ih cenah","breadcrumb":{"@id":"https:\/\/medicinasinc.com\/sl\/product\/kupi-hidrokodon-v-prahu\/#breadcrumb"},"inLanguage":"en-US","potentialAction":[{"@type":"ReadAction","target":["https:\/\/medicinasinc.com\/sl\/product\/kupi-hidrokodon-v-prahu\/"]}]},{"@type":"ImageObject","inLanguage":"en-US","@id":"https:\/\/medicinasinc.com\/sl\/product\/kupi-hidrokodon-v-prahu\/#primaryimage","url":"https:\/\/medicinasinc.com\/sl\/wp-content\/uploads\/sites\/7\/2022\/02\/Buy-Hydrocodone-Powder.jpg","contentUrl":"https:\/\/medicinasinc.com\/sl\/wp-content\/uploads\/sites\/7\/2022\/02\/Buy-Hydrocodone-Powder.jpg","width":650,"height":390},{"@type":"BreadcrumbList","@id":"https:\/\/medicinasinc.com\/sl\/product\/kupi-hidrokodon-v-prahu\/#breadcrumb","itemListElement":[{"@type":"ListItem","position":1,"name":"Nakupujte","item":"https:\/\/medicinasinc.com\/sl\/nakupujte\/"},{"@type":"ListItem","position":2,"name":"Kupite hidrokodon v prahu"}]},{"@type":"WebSite","@id":"https:\/\/medicinasinc.com\/sl\/#website","url":"https:\/\/medicinasinc.com\/sl\/","name":"Medicinas Inc","description":"Health Medical Clinic","potentialAction":[{"@type":"SearchAction","target":{"@type":"EntryPoint","urlTemplate":"https:\/\/medicinasinc.com\/sl\/?s={search_term_string}"},"query-input":{"@type":"PropertyValueSpecification","valueRequired":true,"valueName":"search_term_string"}}],"inLanguage":"en-US"}]}},"_links":{"self":[{"href":"https:\/\/medicinasinc.com\/sl\/wp-json\/wp\/v2\/product\/5729","targetHints":{"allow":["GET"]}}],"collection":[{"href":"https:\/\/medicinasinc.com\/sl\/wp-json\/wp\/v2\/product"}],"about":[{"href":"https:\/\/medicinasinc.com\/sl\/wp-json\/wp\/v2\/types\/product"}],"replies":[{"embeddable":true,"href":"https:\/\/medicinasinc.com\/sl\/wp-json\/wp\/v2\/comments?post=5729"}],"wp:featuredmedia":[{"embeddable":true,"href":"https:\/\/medicinasinc.com\/sl\/wp-json\/wp\/v2\/media\/5738"}],"wp:attachment":[{"href":"https:\/\/medicinasinc.com\/sl\/wp-json\/wp\/v2\/media?parent=5729"}],"wp:term":[{"taxonomy":"product_brand","embeddable":true,"href":"https:\/\/medicinasinc.com\/sl\/wp-json\/wp\/v2\/product_brand?post=5729"},{"taxonomy":"product_cat","embeddable":true,"href":"https:\/\/medicinasinc.com\/sl\/wp-json\/wp\/v2\/product_cat?post=5729"},{"taxonomy":"product_tag","embeddable":true,"href":"https:\/\/medicinasinc.com\/sl\/wp-json\/wp\/v2\/product_tag?post=5729"}],"curies":[{"name":"wp","href":"https:\/\/api.w.org\/{rel}","templated":true}]}}