{"id":5710,"date":"2022-02-22T04:39:11","date_gmt":"2022-02-22T04:39:11","guid":{"rendered":"https:\/\/medicinasinc.com\/sl\/?post_type=product&#038;p=5710"},"modified":"2022-03-19T00:21:14","modified_gmt":"2022-03-19T00:21:14","slug":"kupi-mdma-kristale","status":"publish","type":"product","link":"https:\/\/medicinasinc.com\/sl\/product\/kupi-mdma-kristale\/","title":{"rendered":"Kupite mdma kristale"},"content":{"rendered":"<p>KJE NARO\u010cITI MDMA PRA\u0160EK IN KRISTALE SPLETNO<\/p>\n<p>KRISTA MDMA je na voljo za nakup na internetu. Nakup MDMA prahu prek spleta je preprost in priro\u010den. 3,4-metilendioksimetamfetamin, pogosteje imenovan ekstazi, je stimulans in se obi\u010dajno uporablja za zabavo. Da bi dosegli \u017eelene rezultate, u\u010dinki vklju\u010dujejo spremenjene ob\u010dutke in pove\u010danje energije, empatije in u\u017eitka. MDMA lahko kupite tukaj na na\u0161em spletnem mestu. Sprva so MDMA ve\u010dinoma uporabljali tisti, ki so obiskovali no\u010dne klube in celono\u010dne plesne zabave (znane kot &#8220;rave&#8221;), vendar se je droga od takrat raz\u0161irila na \u0161ir\u0161e ob\u010dinstvo in se zdaj imenuje ekstazi ali Molly.<\/p>\n<p>Je sinteti\u010dno zdravilo, ki vpliva na razpolo\u017eenje in zaznavanje, 3,4-metilendioksi-metamfetamin (MDMA) (zavedanje okoli\u0161kih predmetov in pogojev). Kot stimulans in halucinogen povzro\u010da ob\u010dutke pove\u010dane energije, u\u017eitka in \u010dustvene topline ter zmedenih \u010dutnih izku\u0161enj.<\/p>\n<p>Kako je MDMA CYSTAL | Pra\u0161ek, ki ga uporabljajo njegovi uporabniki?<\/p>\n<p>MDMA se obi\u010dajno uporablja v obliki tablete ali kapsule, \u010deprav ga lahko zau\u017eijemo tudi kot teko\u010dino ali smrkamo kot pra\u0161ek. Obi\u010dajno se temu v prahu re\u010de MDMA (MDMA CRYSTAL) Molly, slengovski izraz za domnevno &#8220;\u010disto&#8221; kristalno pra\u0161kasto obliko zdravila. Nekateri ljudje lahko MDMA kombinirajo z drugimi snovmi, kot sta alkohol ali marihuana.<\/p>\n<p>Kak\u0161ni so u\u010dinki MDMA na mo\u017egane?<\/p>\n<p>Z MDMA aktivirajo tri mo\u017eganske molekule: <\/p>\n<p>Pove\u010dana energija in aktivnost sta dva od u\u010dinkov dopamina, ki deluje kot nagrada v sistemu nagrajevanja mo\u017eganov.<br \/> Tisti s sr\u010dno-\u017eilnimi ali \u017eilnimi te\u017eavami so bolj ob\u010dutljivi na u\u010dinke noradrenalina, ki zvi\u0161uje sr\u010dni utrip in krvni tlak.<br \/> Serotonin vpliva na \u0161tevilne funkcije, kot so razpolo\u017eenje, lakota in spanje. Prav tako vpliva na spolno vzburjenje in zaupanje, saj povzro\u010da spro\u0161\u010danje hormonov. Ljudje, ki jemljejo MDMA, poro\u010dajo o ob\u010dutkih \u010dustvene povezanosti, izbolj\u0161anega razpolo\u017eenja in empatije kot posledica u\u010dinkov zdravila, ki spro\u0161\u010da serotonin. Tablete Molly kupite v ugledni spletni lekarni.<\/p>\n<p>&nbsp;<\/p>\n<p>Glede drugih negativnih u\u010dinkov na zdravje:<\/p>\n<p>bole\u010dine v trebuhu in kr\u010di<br \/> stiskanje zob povzro\u010dila meglico v mojem vidu<br \/> mrzlicaspotenje<\/p>\n","protected":false},"excerpt":{"rendered":"<p>Kupite kristale mdma za prodajo v Zdru\u017eenem kraljestvu in Evropi pri nas. Ljudje, ki kupujejo pri nas, so lahko prepri\u010dani, da bodo dobili tisto, za kar pla\u010dajo. Zdaj kupite 3,4-metil enedioksi metamfetamin.<\/p>\n<p>Naprodaj so kristali ekstazija\/molly (kristale ekstazija\/molly lahko kupite na spletu). Obstaja veliko krajev, kjer lahko kupite kristale MDMA na spletu. Kristale metilona lahko kupite tudi na spletu.<\/p>\n","protected":false},"featured_media":5720,"comment_status":"open","ping_status":"closed","template":"","meta":[],"product_brand":[],"product_cat":[2014],"product_tag":[501,3647,506,3648,3644,3645,3646,3652,3655,3656,3660,3657,3661,3662,3659,3650,3649,3663,539,3651,3654,3664,3658,3665,3666,3653,3667,3668,3669],"class_list":{"0":"post-5710","1":"product","2":"type-product","3":"status-publish","4":"has-post-thumbnail","6":"product_cat-nakup-raziskave-kemikalije","7":"product_tag-buy-mdma-online","8":"product_tag-buy-mdma-powder","9":"product_tag-buy-pure-mdma-online","10":"product_tag-kako-kupiti-mdma-crystal-online","11":"product_tag-kupi-mdma-kristal","12":"product_tag-buy-mdma-crystal-online","13":"product_tag-kupi-mdma-kristale","14":"product_tag-mdma-crystal-for-sale-online","15":"product_tag-mdma-kristali-cene","16":"product_tag-mdma-crystals-reddit","17":"product_tag-mdma-prah-kristali","18":"product_tag-mdma-za-prodaja-usa","19":"product_tag-mdma-powder-crystals-online","20":"product_tag-mdma-prah-na-prodaj","21":"product_tag-mdma-prah","22":"product_tag-mail-order-mdma-crystal","23":"product_tag-mail-order-mdma","24":"product_tag-order-mdma-crystal-online","25":"product_tag-order-mdma-online","26":"product_tag-mdma-kristal-za-prodaj","27":"product_tag-mdma-kristali-za-prodaj","28":"product_tag-purchase-mdma-crystal-online","29":"product_tag-mdma-spletni-nakup","30":"product_tag-tags-buy-ecstasy-usa","31":"product_tag-the-best-place-to-buy-mdma-crystal-online","32":"product_tag-mdma-kristali-uinek","33":"product_tag-where-can-i-buy-mdma","34":"product_tag-where-to-buy-mdma-crystal-online","35":"product_tag-where-to-get-mdma-usa","37":"first","38":"instock","39":"shipping-taxable","40":"purchasable","41":"product-type-variable","42":"has-default-attributes"},"yoast_head":"<!-- This site is optimized with the Yoast SEO plugin v27.3 - https:\/\/yoast.com\/product\/yoast-seo-wordpress\/ -->\n<title>Kupite mdma kristale - Mdma kristale za prodajo - Best Global Meds<\/title>\n<meta name=\"description\" content=\"Kupite mdma kristale za prodajo v Zdru\u017eenem kraljestvu, Evropi. nudimo najbolj zanesljivo transakcijo in prodajamo po zelo ugodnih cenah. Naro\u010dite 3,4-metilendioksimetamfetamin zdaj\" \/>\n<meta name=\"robots\" content=\"index, follow, max-snippet:-1, max-image-preview:large, max-video-preview:-1\" \/>\n<link rel=\"canonical\" href=\"https:\/\/medicinasinc.com\/sl\/product\/kupi-mdma-kristale\/\" \/>\n<meta property=\"og:locale\" content=\"en_US\" \/>\n<meta property=\"og:type\" content=\"article\" \/>\n<meta property=\"og:title\" content=\"Kupite mdma kristale - Mdma kristale za prodajo - Best Global Meds\" \/>\n<meta property=\"og:description\" content=\"Kupite mdma kristale za prodajo v Zdru\u017eenem kraljestvu, Evropi. nudimo najbolj zanesljivo transakcijo in prodajamo po zelo ugodnih cenah. Naro\u010dite 3,4-metilendioksimetamfetamin zdaj\" \/>\n<meta property=\"og:url\" content=\"https:\/\/medicinasinc.com\/sl\/product\/kupi-mdma-kristale\/\" \/>\n<meta property=\"og:site_name\" content=\"Medicinas Inc\" \/>\n<meta property=\"article:modified_time\" content=\"2022-03-19T00:21:14+00:00\" \/>\n<meta property=\"og:image\" content=\"https:\/\/medicinasinc.com\/sl\/wp-content\/uploads\/sites\/7\/2022\/02\/Buy-mdma-crystals.jpg\" \/>\n\t<meta property=\"og:image:width\" content=\"600\" \/>\n\t<meta property=\"og:image:height\" content=\"600\" \/>\n\t<meta property=\"og:image:type\" content=\"image\/jpeg\" \/>\n<meta name=\"twitter:card\" content=\"summary_large_image\" \/>\n<meta name=\"twitter:label1\" content=\"Est. reading time\" \/>\n\t<meta name=\"twitter:data1\" content=\"2 minutes\" \/>\n<script type=\"application\/ld+json\" class=\"yoast-schema-graph\">{\"@context\":\"https:\\\/\\\/schema.org\",\"@graph\":[{\"@type\":\"WebPage\",\"@id\":\"https:\\\/\\\/medicinasinc.com\\\/sl\\\/product\\\/kupi-mdma-kristale\\\/\",\"url\":\"https:\\\/\\\/medicinasinc.com\\\/sl\\\/product\\\/kupi-mdma-kristale\\\/\",\"name\":\"Kupite mdma kristale - Mdma kristale za prodajo - Best Global Meds\",\"isPartOf\":{\"@id\":\"https:\\\/\\\/medicinasinc.com\\\/sl\\\/#website\"},\"primaryImageOfPage\":{\"@id\":\"https:\\\/\\\/medicinasinc.com\\\/sl\\\/product\\\/kupi-mdma-kristale\\\/#primaryimage\"},\"image\":{\"@id\":\"https:\\\/\\\/medicinasinc.com\\\/sl\\\/product\\\/kupi-mdma-kristale\\\/#primaryimage\"},\"thumbnailUrl\":\"https:\\\/\\\/medicinasinc.com\\\/sl\\\/wp-content\\\/uploads\\\/sites\\\/7\\\/2022\\\/02\\\/Buy-mdma-crystals.jpg\",\"datePublished\":\"2022-02-22T04:39:11+00:00\",\"dateModified\":\"2022-03-19T00:21:14+00:00\",\"description\":\"Kupite mdma kristale za prodajo v Zdru\u017eenem kraljestvu, Evropi. nudimo najbolj zanesljivo transakcijo in prodajamo po zelo ugodnih cenah. Naro\u010dite 3,4-metilendioksimetamfetamin zdaj\",\"breadcrumb\":{\"@id\":\"https:\\\/\\\/medicinasinc.com\\\/sl\\\/product\\\/kupi-mdma-kristale\\\/#breadcrumb\"},\"inLanguage\":\"en-US\",\"potentialAction\":[{\"@type\":\"ReadAction\",\"target\":[\"https:\\\/\\\/medicinasinc.com\\\/sl\\\/product\\\/kupi-mdma-kristale\\\/\"]}]},{\"@type\":\"ImageObject\",\"inLanguage\":\"en-US\",\"@id\":\"https:\\\/\\\/medicinasinc.com\\\/sl\\\/product\\\/kupi-mdma-kristale\\\/#primaryimage\",\"url\":\"https:\\\/\\\/medicinasinc.com\\\/sl\\\/wp-content\\\/uploads\\\/sites\\\/7\\\/2022\\\/02\\\/Buy-mdma-crystals.jpg\",\"contentUrl\":\"https:\\\/\\\/medicinasinc.com\\\/sl\\\/wp-content\\\/uploads\\\/sites\\\/7\\\/2022\\\/02\\\/Buy-mdma-crystals.jpg\",\"width\":600,\"height\":600},{\"@type\":\"BreadcrumbList\",\"@id\":\"https:\\\/\\\/medicinasinc.com\\\/sl\\\/product\\\/kupi-mdma-kristale\\\/#breadcrumb\",\"itemListElement\":[{\"@type\":\"ListItem\",\"position\":1,\"name\":\"Nakupujte\",\"item\":\"https:\\\/\\\/medicinasinc.com\\\/sl\\\/nakupujte\\\/\"},{\"@type\":\"ListItem\",\"position\":2,\"name\":\"Kupite mdma kristale\"}]},{\"@type\":\"WebSite\",\"@id\":\"https:\\\/\\\/medicinasinc.com\\\/sl\\\/#website\",\"url\":\"https:\\\/\\\/medicinasinc.com\\\/sl\\\/\",\"name\":\"Medicinas Inc\",\"description\":\"Health Medical Clinic\",\"potentialAction\":[{\"@type\":\"SearchAction\",\"target\":{\"@type\":\"EntryPoint\",\"urlTemplate\":\"https:\\\/\\\/medicinasinc.com\\\/sl\\\/?s={search_term_string}\"},\"query-input\":{\"@type\":\"PropertyValueSpecification\",\"valueRequired\":true,\"valueName\":\"search_term_string\"}}],\"inLanguage\":\"en-US\"}]}<\/script>\n<!-- \/ Yoast SEO plugin. -->","yoast_head_json":{"title":"Kupite mdma kristale - Mdma kristale za prodajo - Best Global Meds","description":"Kupite mdma kristale za prodajo v Zdru\u017eenem kraljestvu, Evropi. nudimo najbolj zanesljivo transakcijo in prodajamo po zelo ugodnih cenah. Naro\u010dite 3,4-metilendioksimetamfetamin zdaj","robots":{"index":"index","follow":"follow","max-snippet":"max-snippet:-1","max-image-preview":"max-image-preview:large","max-video-preview":"max-video-preview:-1"},"canonical":"https:\/\/medicinasinc.com\/sl\/product\/kupi-mdma-kristale\/","og_locale":"en_US","og_type":"article","og_title":"Kupite mdma kristale - Mdma kristale za prodajo - Best Global Meds","og_description":"Kupite mdma kristale za prodajo v Zdru\u017eenem kraljestvu, Evropi. nudimo najbolj zanesljivo transakcijo in prodajamo po zelo ugodnih cenah. Naro\u010dite 3,4-metilendioksimetamfetamin zdaj","og_url":"https:\/\/medicinasinc.com\/sl\/product\/kupi-mdma-kristale\/","og_site_name":"Medicinas Inc","article_modified_time":"2022-03-19T00:21:14+00:00","og_image":[{"width":600,"height":600,"url":"https:\/\/medicinasinc.com\/sl\/wp-content\/uploads\/sites\/7\/2022\/02\/Buy-mdma-crystals.jpg","type":"image\/jpeg"}],"twitter_card":"summary_large_image","twitter_misc":{"Est. reading time":"2 minutes"},"schema":{"@context":"https:\/\/schema.org","@graph":[{"@type":"WebPage","@id":"https:\/\/medicinasinc.com\/sl\/product\/kupi-mdma-kristale\/","url":"https:\/\/medicinasinc.com\/sl\/product\/kupi-mdma-kristale\/","name":"Kupite mdma kristale - Mdma kristale za prodajo - Best Global Meds","isPartOf":{"@id":"https:\/\/medicinasinc.com\/sl\/#website"},"primaryImageOfPage":{"@id":"https:\/\/medicinasinc.com\/sl\/product\/kupi-mdma-kristale\/#primaryimage"},"image":{"@id":"https:\/\/medicinasinc.com\/sl\/product\/kupi-mdma-kristale\/#primaryimage"},"thumbnailUrl":"https:\/\/medicinasinc.com\/sl\/wp-content\/uploads\/sites\/7\/2022\/02\/Buy-mdma-crystals.jpg","datePublished":"2022-02-22T04:39:11+00:00","dateModified":"2022-03-19T00:21:14+00:00","description":"Kupite mdma kristale za prodajo v Zdru\u017eenem kraljestvu, Evropi. nudimo najbolj zanesljivo transakcijo in prodajamo po zelo ugodnih cenah. Naro\u010dite 3,4-metilendioksimetamfetamin zdaj","breadcrumb":{"@id":"https:\/\/medicinasinc.com\/sl\/product\/kupi-mdma-kristale\/#breadcrumb"},"inLanguage":"en-US","potentialAction":[{"@type":"ReadAction","target":["https:\/\/medicinasinc.com\/sl\/product\/kupi-mdma-kristale\/"]}]},{"@type":"ImageObject","inLanguage":"en-US","@id":"https:\/\/medicinasinc.com\/sl\/product\/kupi-mdma-kristale\/#primaryimage","url":"https:\/\/medicinasinc.com\/sl\/wp-content\/uploads\/sites\/7\/2022\/02\/Buy-mdma-crystals.jpg","contentUrl":"https:\/\/medicinasinc.com\/sl\/wp-content\/uploads\/sites\/7\/2022\/02\/Buy-mdma-crystals.jpg","width":600,"height":600},{"@type":"BreadcrumbList","@id":"https:\/\/medicinasinc.com\/sl\/product\/kupi-mdma-kristale\/#breadcrumb","itemListElement":[{"@type":"ListItem","position":1,"name":"Nakupujte","item":"https:\/\/medicinasinc.com\/sl\/nakupujte\/"},{"@type":"ListItem","position":2,"name":"Kupite mdma kristale"}]},{"@type":"WebSite","@id":"https:\/\/medicinasinc.com\/sl\/#website","url":"https:\/\/medicinasinc.com\/sl\/","name":"Medicinas Inc","description":"Health Medical Clinic","potentialAction":[{"@type":"SearchAction","target":{"@type":"EntryPoint","urlTemplate":"https:\/\/medicinasinc.com\/sl\/?s={search_term_string}"},"query-input":{"@type":"PropertyValueSpecification","valueRequired":true,"valueName":"search_term_string"}}],"inLanguage":"en-US"}]}},"_links":{"self":[{"href":"https:\/\/medicinasinc.com\/sl\/wp-json\/wp\/v2\/product\/5710","targetHints":{"allow":["GET"]}}],"collection":[{"href":"https:\/\/medicinasinc.com\/sl\/wp-json\/wp\/v2\/product"}],"about":[{"href":"https:\/\/medicinasinc.com\/sl\/wp-json\/wp\/v2\/types\/product"}],"replies":[{"embeddable":true,"href":"https:\/\/medicinasinc.com\/sl\/wp-json\/wp\/v2\/comments?post=5710"}],"wp:featuredmedia":[{"embeddable":true,"href":"https:\/\/medicinasinc.com\/sl\/wp-json\/wp\/v2\/media\/5720"}],"wp:attachment":[{"href":"https:\/\/medicinasinc.com\/sl\/wp-json\/wp\/v2\/media?parent=5710"}],"wp:term":[{"taxonomy":"product_brand","embeddable":true,"href":"https:\/\/medicinasinc.com\/sl\/wp-json\/wp\/v2\/product_brand?post=5710"},{"taxonomy":"product_cat","embeddable":true,"href":"https:\/\/medicinasinc.com\/sl\/wp-json\/wp\/v2\/product_cat?post=5710"},{"taxonomy":"product_tag","embeddable":true,"href":"https:\/\/medicinasinc.com\/sl\/wp-json\/wp\/v2\/product_tag?post=5710"}],"curies":[{"name":"wp","href":"https:\/\/api.w.org\/{rel}","templated":true}]}}