{"id":5703,"date":"2022-02-22T04:29:46","date_gmt":"2022-02-22T04:29:46","guid":{"rendered":"https:\/\/medicinasinc.com\/sl\/?post_type=product&#038;p=5703"},"modified":"2022-03-19T00:21:25","modified_gmt":"2022-03-19T00:21:25","slug":"kupi-dimetiltriptamin-dmt","status":"publish","type":"product","link":"https:\/\/medicinasinc.com\/sl\/product\/kupi-dimetiltriptamin-dmt\/","title":{"rendered":"Kupite dimetiltriptamin DMT"},"content":{"rendered":"<p>Na spletu je veliko krajev za nakup DMT prahu.<\/p>\n<p>DMT obstaja \u017ee dolgo \u010dasa. Zdravilo se je v preteklih letih veliko uporabljalo za veliko razli\u010dnih stvari, dokler ga vlada ni videla kot zdravilo, ki bi lahko bilo nevarno, \u010de bi ga vzeli do skrajnosti. Morda ne boste mogli kupiti DMT prahu na spletu, \u010de ne veste, kako to storiti. Kon\u010dno se je va\u0161e trdo delo izpla\u010dalo in imate \u017eelene rezultate. Bestglobalmeds je spletno mesto, kjer lahko kupite DMT na spletu po odli\u010dni ceni. Ima visokokakovosten in \u010dist DMT.<\/p>\n<p>Odgovor na vpra\u0161anje &#8220;Kaj je DMT v prahu?&#8221;<\/p>\n<p>DMT (N,N-dimetiltriptamin) je naravni psihodeli\u010dni triptamin, ki lahko najdemo v rastlinah, \u017eivalih in ljudeh. Je del skupine psihedeli\u010dnih zdravil (snovi, ki vas osve\u0161\u010dajo). Na ta na\u010din so narejene tudi me\u0161anice DMT, ki jih proizvaja Ch\u0430nga. Lahko se naredijo v obliki prahu ali pa v obliki prahu.<\/p>\n<p>Je naravna snov, ki jo lahko v majhnih koli\u010dinah najdemo v \u010dlove\u0161kih mo\u017eganih, kjer njena funkcija ni znana. DMT je znan po svoji mo\u010di. \u010ce ga kadite, traja psihodeli\u010dni izlet le 5 do 30 minut, vendar je u\u010dinek mo\u010dan in dolgotrajen. Ob ob\u010dutku, da so ga poslali na popolnoma drug kraj, z zvoki in slikami, ki vam dajejo misliti na kal\u0435d\u043esoric stvari,<\/p>\n<p>Ayahuasca zvarke, ki so narejene iz drevesnega lubja, ki vsebuje DMT, in drugih rastlin, ki vsebujejo kemikalija, imenovana MAOI (zaviralec monoaminooksidaze, za resni\u010dno bolne). MAOI poskrbi, da DMT v na\u0161ih telesih traja veliko dlje in podalj\u0161a psihiatri\u010dno izku\u0161njo za ure. DMT se \u017ee dolgo uporablja v tradicionalni medicini.<\/p>\n<p>V zadnjih nekaj letih je ta zvar postal bolj priljubljen zaradi svojih zdravilnih lastnosti, tudi kot zdravljenje zlorabe substanc. V primerjavi z &#8220;ostrim patriarhom&#8221; Sboganeja so &#8220;ljube\u010dega matriarha&#8221; zdravljenja Ayahuasce imenovali &#8220;ljube\u010di matriarh&#8221;. Ljudem pomaga razbiti obrambne mehanizme, ki so jih morda zgradili in ki jim prepre\u010dujejo povezovanje z drugimi.<\/p>\n<p>Ali veste, kako izgleda DMT?<br \/> Opi\u0161ite, kako izgleda DMT.<br \/> KO je \u010dist, je videti kot bel kristaliziran prah ali kaj drugega.<br \/> Tudi, ko ni \u010dist, je videti kot rumen, oran\u017een ali ro\u017enat prah ali teko\u010dina. To je pogostej\u0161e, vendar to ni edini na\u010din, kako ga pogledati.<br \/> Rjava\/rde\u010da zeli\u0161\u010dna me\u0161anica, \u010de jo pome\u0161amo z zeli\u0161\u010di, naredi pija\u010do, imenovano ayahuasca, rjavo\/rde\u010do pija\u010do, \u010de je del ayahuasce. pija\u010do.<br \/> DMT ima okus in di\u0161i po \u010dem.<\/p>\n<p>N,N-dimetiltr\u0443ptaminu ima zelo mo\u010dan vonj in okus, ki so ga mnogi ljudje, vklju\u010dno z na\u0161imi strankami, primerjali z za\u017egano plastiko in novimi \u010devlji.<\/p>\n<p>Kako se uporablja DMT?<\/p>\n<p>Ko kupujete DMT prek spleta, ne pozabite, da ga je mogo\u010de uporabiti na tri glavne na\u010dine: zdrobljen, spremenjen in povit.<\/p>\n<p>DMT se kadi.<\/p>\n<p>Ljudje v\u010dasih me\u0161ajo DMT z zeli\u0161\u010di, kot je ayahuasca, da pripravijo pija\u010do, imenovano ch\u00e1ng\u0430. To je zato, ker je DMT nevaren in je lahko nevaren za kajenje. Vsaka serija ch\u0430nga se razlikuje glede na uporabljena zeli\u0161\u010da, zato je mo\u010d vsake serije razli\u010dna.<\/p>\n<p>Ljudje so pijani z DMT<\/p>\n<p>Ch\u00e1cruna je ju\u017enoameri\u0161ko zeli\u0161\u010de, ki vsebuje DMT to. V\u010dasih ga pome\u0161amo z rastlino \u0430y\u0430huassa, da naredimo \u0161amanski napitek, \u0430y\u0430huassa.<\/p>\n<p>Dajanje DMT nekomu<\/p>\n<p>DMT je lahko pripravljen za injiciranje, kar je lahko zelo nevarno tudi .<\/p>\n<p>Smr\u010danje DMT<\/p>\n<p>\u010ce \u017eelite dobiti DMT, ga lahko zdrobite v prah in smrkate.<\/p>\n<p>D\u043e\u0455\u0430g\u0435<\/p>\n<p>DMT: prekajen 15-60mg (samo v stekleni pipi), povohal 20-50mg in popijen od 30 do 150mg.<\/p>\n<p>Changa: Vse je odvisno od tega, koliko DMT je v dele\u017eu.<\/p>\n<p>Dokler je v me\u0161anici dovolj DMT.<\/p>\n<p>Kaj se bo zgodilo, \u010de vzamete DMT?<br \/> Kako se vam zdi?<\/p>\n<p> DMT je znan po tem, da daje ljudem, ki ga jemljejo, zelo intenziven &#8220;trp&#8221;, kar je ime za izku\u0161njo jemanja psihodelikov.<\/p>\n<p>Ko jemljete DMT, je svet videti zelo druga\u010den. Barve, zvoki, predmeti in celo \u010das lahko vse zdijo zelo razli\u010dni. Nekateri ljudje imajo med jemanjem DMT-ja izventelesne izku\u0161nje.<\/p>\n<p>Lahko povzro\u010di, da:<\/p>\n<p>vidite in sli\u0161ite stvari, ki jih ni (h\u0430llu\u0441n\u0430t\u0435), kar bi lahko bilo dobro ali slaba izku\u0161nja. Ob\u010dutite, da se \u010das in gibanje pospe\u0161ita ali upo\u010dasnita. Temu pravimo \u00bbvizuali\u00ab.<br \/> Kako se ljudje obna\u0161ajo?<\/p>\n<p>Ljudje se lahko obna\u0161ajo na na\u010dine, ki jih ne pri\u010dakujejo, ko so visoko zau\u017eiti DMT, tako kot pri vseh halucinogenih drogah.<\/p>\n<p> p&gt; <\/p>\n<p>Ve\u010d uporabnikov pravi, da se po\u010dutijo, kot da bi pre\u017eiveli izku\u0161njo skoraj smrti, in posledi\u010dno postanejo zelo tihi in posledi\u010dno gledajo vase.<\/p>\n<p>Nekateri ljudje pravijo, da lahko to storijo. ne premikajte se, medtem ko so na DMT.<\/p>\n<p>Kdaj za\u010dne DMT vplivati \u200b\u200bna vas?<\/p>\n<p>Vse je odvisno od tega, koliko ste zau\u017eili, kako velik ste , ali ste jedli in katera druga zdravila ste vzeli.<\/p>\n<p>Ta beseda je znana tudi kot &#8220;k\u0441k.&#8221;<\/p>\n<p>Ko se kadi, DMT pride zelo hitro. U\u010dinek se lahko pojavi dolgo \u010dasa, ko je del slovesnosti ayahuasce.<\/p>\n<p>Kako dolgo je trajalo?<\/p>\n<p>Ko greste na DMT, ste lahko zelo navdu\u0161eni. potovanja, vendar trajajo tudi zelo hitro, v\u010dasih le nekaj minut. Kot del obreda ayahuasca lahko potovanje z DMT traja ve\u010d ur, lahko pa je tudi zelo kratko.<\/p>\n<p>Zaradi teh razlogov je bil DMT v \u0161estdesetih letih prej\u0161njega stoletja znan kot &#8220;bun\u0435s trip&#8221; Zdru\u017eene dr\u017eave. Uporabnik je lahko dobil vso globino in obseg izku\u0161enj s tem zdravilom, ki je bilo hitrej\u0161e kot z drugimi zdravili, kot sta LSD ali \u010darobne gobe.<\/p>\n<p>Kaj ima DMT?<br \/> Tako se fizi\u010dno zdravje ohranja. deluje:<\/p>\n<p>Veliko ljudi v Ju\u017eni Ameriki pije ali jedo pija\u010do ali hrano, ki vsebuje DMT kot del njihovega na\u010dina \u017eivljenja. Najbolj znan primer so ceremonije ayahuasce.<\/p>\n<p>Nekateri ljudje mislijo, da je DMT duhovna droga, ki je tudi varna, vendar je \u0161e vedno kemi\u010dni halucinogen.<\/p>\n<p>Lahko:<\/p>\n<p>Lahko:<\/p>\n<p> p&gt; <\/p>\n<p>\u010cas je, da preverite svoj krvni tlak.<br \/> \u010de imate \u017ee obstoje\u010de sr\u010dno obolenje, bi vam lahko zaradi povi\u0161anja sr\u010dnega utripa postalo slabo in bi \u017eeleli oditi. To je zato, ker va\u0161e telo dobiva veliko strupa.<\/p>\n<p>\u010ce jemljete DMT, ima lahko veliko razli\u010dnih in v\u010dasih zelo zastra\u0161ujo\u010dih u\u010dinkov. Ti u\u010dinki morda sploh niso v \u010dlovekovi glavi.<\/p>\n<p>\u010ce oseba pride noter, je lahko zelo zmedeno in stra\u0161ljivo.<\/p>\n<p>Lahko vam pomaga: \u010de vzamete zdravilo, kot je DMT. .<\/p>\n<p>Flashbacks se zgodijo, ko se del potovanja podo\u017eivi po prvotnem.<br \/> Bodite pozorni na nekoga, ki je imel v preteklosti te\u017eave z du\u0161evnim zdravjem. To bi lahko povzro\u010dilo te\u017eave nekomu, ki ni vedel, da je ogro\u017een zaradi te\u017eav z du\u0161evnim zdravjem.<br \/> \u010ce bo potovanje slabo, se lahko uporabnik po\u0161koduje. Torej, \u010de ste slabe ali tesnobne volje, morda ne boste \u017eeleli jemati DMT.<br \/> Povzro\u010da neprijetne in \u010dustvene u\u010dinke, ki lahko trajajo ve\u010d dni po zau\u017eitju zdravila. Ti u\u010dinki so lahko neprijetni ali \u010dustveni.<\/p>\n<div class=\"product-next-previous\">\n<div class=\"product-prev\"><\/div><\/div>\n","protected":false},"excerpt":{"rendered":"<p>Kupite dimetiltriptamin DMT za prodajo v Zdru\u017eenem kraljestvu, Evropi, AU. nudimo najbolj zanesljivo transakcijo in prodajamo po zelo ugodnih cenah. Naro\u010dite DMT zdaj po najbolj\u0161ih cenah. Na\u0161 dimetiltriptamin je eden najbolj\u0161ih pri najzanesljivej\u0161em dobavitelju, stopite v stik zdaj, \u010de \u017eelite naro\u010diti va\u0161 \u010disti kakovostni dimetiltriptamin DMT za prodajo<\/p>\n<p><em>Dmt<\/em>\u00a0je mo\u010dna halucinogena droga, ki jo najdemo v ve\u010d rastlinah, ki lahko kaditi, smrkati ali pome\u0161ati z ayahuasco. Naro\u010dite\u00a0<em>DMT<\/em>\u00a0Spletno.<\/p>\n","protected":false},"featured_media":5713,"comment_status":"open","ping_status":"closed","template":"","meta":[],"product_brand":[],"product_cat":[703,2014],"product_tag":[3619,3620,3621,3625,3626,3627,3632,3624,3631,3633,3635,3295,3637,3638,3636,3617,3618,3616,3622,3615,3630,3629,3640,3641,3623,3639,3642,3628,3634,3643],"class_list":{"0":"post-5703","1":"product","2":"type-product","3":"status-publish","4":"has-post-thumbnail","6":"product_cat-kupi-psihedelina-mamila","7":"product_cat-nakup-raziskave-kemikalije","8":"product_tag-bu-dmt","9":"product_tag-bu-psycheclic-drug","10":"product_tag-bu-pur-dmthltrtmn-dmt-onln","11":"product_tag-dimethyltryptamine-buy","12":"product_tag-dimethyltryptamine-dosage-for-pregnant-women","13":"product_tag-dimethyltryptamine-effect","14":"product_tag-dimethyltryptamine-review","15":"product_tag-dimetiltriptamin","16":"product_tag-dimetiltriptamin-reddit","17":"product_tag-dmt-kupi","18":"product_tag-dmt-za-prodajo","19":"product_tag-dmt-naroilo","20":"product_tag-dmt-pregled","21":"product_tag-dmt-razprodaja","22":"product_tag-dmt-reddit","23":"product_tag-kupi-dmt","24":"product_tag-buy-pure-dmt","25":"product_tag-kupi-dimetiltriptamin","26":"product_tag-bu-hl-drug-nl-d1n","27":"product_tag-najbolje-mesto-za-nakup-dimetiltriptamina","28":"product_tag-dimetiltriptamin-nakup","29":"product_tag-dimetiltriptamin-red","30":"product_tag-order-dimethyltryptamine","31":"product_tag-order-dmt","32":"product_tag-poceni-psihino-zdravilo","33":"product_tag-dmt-prodaja","34":"product_tag-pure-dmt-for-sale","35":"product_tag-dimetiltriptamin-za-prodajo","36":"product_tag-dmt-uinek","37":"product_tag-what-is-dmt-powder","39":"first","40":"instock","41":"shipping-taxable","42":"purchasable","43":"product-type-variable","44":"has-default-attributes"},"yoast_head":"<!-- This site is optimized with the Yoast SEO plugin v27.3 - https:\/\/yoast.com\/product\/yoast-seo-wordpress\/ -->\n<title>Kupite dimetiltriptamin DMT - Dmt za prodajo - najbolj\u0161a zdravila na svetu<\/title>\n<meta name=\"description\" content=\"Kupite dimetiltriptamin DMT za prodajo v Zdru\u017eenem kraljestvu, Evropi, AU. nudimo najbolj zanesljivo transakcijo in prodajamo po zelo ugodnih cenah. Naro\u010dite DMT zdaj po najbolj\u0161ih cenah\" \/>\n<meta name=\"robots\" content=\"index, follow, max-snippet:-1, max-image-preview:large, max-video-preview:-1\" \/>\n<link rel=\"canonical\" href=\"https:\/\/medicinasinc.com\/sl\/product\/kupi-dimetiltriptamin-dmt\/\" \/>\n<meta property=\"og:locale\" content=\"en_US\" \/>\n<meta property=\"og:type\" content=\"article\" \/>\n<meta property=\"og:title\" content=\"Kupite dimetiltriptamin DMT - Dmt za prodajo - najbolj\u0161a zdravila na svetu\" \/>\n<meta property=\"og:description\" content=\"Kupite dimetiltriptamin DMT za prodajo v Zdru\u017eenem kraljestvu, Evropi, AU. nudimo najbolj zanesljivo transakcijo in prodajamo po zelo ugodnih cenah. Naro\u010dite DMT zdaj po najbolj\u0161ih cenah\" \/>\n<meta property=\"og:url\" content=\"https:\/\/medicinasinc.com\/sl\/product\/kupi-dimetiltriptamin-dmt\/\" \/>\n<meta property=\"og:site_name\" content=\"Medicinas Inc\" \/>\n<meta property=\"article:modified_time\" content=\"2022-03-19T00:21:25+00:00\" \/>\n<meta property=\"og:image\" content=\"https:\/\/medicinasinc.com\/sl\/wp-content\/uploads\/sites\/7\/2022\/02\/DMT-for-Sale.jpg\" \/>\n\t<meta property=\"og:image:width\" content=\"500\" \/>\n\t<meta property=\"og:image:height\" content=\"500\" \/>\n\t<meta property=\"og:image:type\" content=\"image\/jpeg\" \/>\n<meta name=\"twitter:card\" content=\"summary_large_image\" \/>\n<meta name=\"twitter:label1\" content=\"Est. reading time\" \/>\n\t<meta name=\"twitter:data1\" content=\"6 minutes\" \/>\n<script type=\"application\/ld+json\" class=\"yoast-schema-graph\">{\"@context\":\"https:\\\/\\\/schema.org\",\"@graph\":[{\"@type\":\"WebPage\",\"@id\":\"https:\\\/\\\/medicinasinc.com\\\/sl\\\/product\\\/kupi-dimetiltriptamin-dmt\\\/\",\"url\":\"https:\\\/\\\/medicinasinc.com\\\/sl\\\/product\\\/kupi-dimetiltriptamin-dmt\\\/\",\"name\":\"Kupite dimetiltriptamin DMT - Dmt za prodajo - najbolj\u0161a zdravila na svetu\",\"isPartOf\":{\"@id\":\"https:\\\/\\\/medicinasinc.com\\\/sl\\\/#website\"},\"primaryImageOfPage\":{\"@id\":\"https:\\\/\\\/medicinasinc.com\\\/sl\\\/product\\\/kupi-dimetiltriptamin-dmt\\\/#primaryimage\"},\"image\":{\"@id\":\"https:\\\/\\\/medicinasinc.com\\\/sl\\\/product\\\/kupi-dimetiltriptamin-dmt\\\/#primaryimage\"},\"thumbnailUrl\":\"https:\\\/\\\/medicinasinc.com\\\/sl\\\/wp-content\\\/uploads\\\/sites\\\/7\\\/2022\\\/02\\\/DMT-for-Sale.jpg\",\"datePublished\":\"2022-02-22T04:29:46+00:00\",\"dateModified\":\"2022-03-19T00:21:25+00:00\",\"description\":\"Kupite dimetiltriptamin DMT za prodajo v Zdru\u017eenem kraljestvu, Evropi, AU. nudimo najbolj zanesljivo transakcijo in prodajamo po zelo ugodnih cenah. Naro\u010dite DMT zdaj po najbolj\u0161ih cenah\",\"breadcrumb\":{\"@id\":\"https:\\\/\\\/medicinasinc.com\\\/sl\\\/product\\\/kupi-dimetiltriptamin-dmt\\\/#breadcrumb\"},\"inLanguage\":\"en-US\",\"potentialAction\":[{\"@type\":\"ReadAction\",\"target\":[\"https:\\\/\\\/medicinasinc.com\\\/sl\\\/product\\\/kupi-dimetiltriptamin-dmt\\\/\"]}]},{\"@type\":\"ImageObject\",\"inLanguage\":\"en-US\",\"@id\":\"https:\\\/\\\/medicinasinc.com\\\/sl\\\/product\\\/kupi-dimetiltriptamin-dmt\\\/#primaryimage\",\"url\":\"https:\\\/\\\/medicinasinc.com\\\/sl\\\/wp-content\\\/uploads\\\/sites\\\/7\\\/2022\\\/02\\\/DMT-for-Sale.jpg\",\"contentUrl\":\"https:\\\/\\\/medicinasinc.com\\\/sl\\\/wp-content\\\/uploads\\\/sites\\\/7\\\/2022\\\/02\\\/DMT-for-Sale.jpg\",\"width\":500,\"height\":500},{\"@type\":\"BreadcrumbList\",\"@id\":\"https:\\\/\\\/medicinasinc.com\\\/sl\\\/product\\\/kupi-dimetiltriptamin-dmt\\\/#breadcrumb\",\"itemListElement\":[{\"@type\":\"ListItem\",\"position\":1,\"name\":\"Nakupujte\",\"item\":\"https:\\\/\\\/medicinasinc.com\\\/sl\\\/nakupujte\\\/\"},{\"@type\":\"ListItem\",\"position\":2,\"name\":\"Kupite dimetiltriptamin DMT\"}]},{\"@type\":\"WebSite\",\"@id\":\"https:\\\/\\\/medicinasinc.com\\\/sl\\\/#website\",\"url\":\"https:\\\/\\\/medicinasinc.com\\\/sl\\\/\",\"name\":\"Medicinas Inc\",\"description\":\"Health Medical Clinic\",\"potentialAction\":[{\"@type\":\"SearchAction\",\"target\":{\"@type\":\"EntryPoint\",\"urlTemplate\":\"https:\\\/\\\/medicinasinc.com\\\/sl\\\/?s={search_term_string}\"},\"query-input\":{\"@type\":\"PropertyValueSpecification\",\"valueRequired\":true,\"valueName\":\"search_term_string\"}}],\"inLanguage\":\"en-US\"}]}<\/script>\n<!-- \/ Yoast SEO plugin. -->","yoast_head_json":{"title":"Kupite dimetiltriptamin DMT - Dmt za prodajo - najbolj\u0161a zdravila na svetu","description":"Kupite dimetiltriptamin DMT za prodajo v Zdru\u017eenem kraljestvu, Evropi, AU. nudimo najbolj zanesljivo transakcijo in prodajamo po zelo ugodnih cenah. Naro\u010dite DMT zdaj po najbolj\u0161ih cenah","robots":{"index":"index","follow":"follow","max-snippet":"max-snippet:-1","max-image-preview":"max-image-preview:large","max-video-preview":"max-video-preview:-1"},"canonical":"https:\/\/medicinasinc.com\/sl\/product\/kupi-dimetiltriptamin-dmt\/","og_locale":"en_US","og_type":"article","og_title":"Kupite dimetiltriptamin DMT - Dmt za prodajo - najbolj\u0161a zdravila na svetu","og_description":"Kupite dimetiltriptamin DMT za prodajo v Zdru\u017eenem kraljestvu, Evropi, AU. nudimo najbolj zanesljivo transakcijo in prodajamo po zelo ugodnih cenah. Naro\u010dite DMT zdaj po najbolj\u0161ih cenah","og_url":"https:\/\/medicinasinc.com\/sl\/product\/kupi-dimetiltriptamin-dmt\/","og_site_name":"Medicinas Inc","article_modified_time":"2022-03-19T00:21:25+00:00","og_image":[{"width":500,"height":500,"url":"https:\/\/medicinasinc.com\/sl\/wp-content\/uploads\/sites\/7\/2022\/02\/DMT-for-Sale.jpg","type":"image\/jpeg"}],"twitter_card":"summary_large_image","twitter_misc":{"Est. reading time":"6 minutes"},"schema":{"@context":"https:\/\/schema.org","@graph":[{"@type":"WebPage","@id":"https:\/\/medicinasinc.com\/sl\/product\/kupi-dimetiltriptamin-dmt\/","url":"https:\/\/medicinasinc.com\/sl\/product\/kupi-dimetiltriptamin-dmt\/","name":"Kupite dimetiltriptamin DMT - Dmt za prodajo - najbolj\u0161a zdravila na svetu","isPartOf":{"@id":"https:\/\/medicinasinc.com\/sl\/#website"},"primaryImageOfPage":{"@id":"https:\/\/medicinasinc.com\/sl\/product\/kupi-dimetiltriptamin-dmt\/#primaryimage"},"image":{"@id":"https:\/\/medicinasinc.com\/sl\/product\/kupi-dimetiltriptamin-dmt\/#primaryimage"},"thumbnailUrl":"https:\/\/medicinasinc.com\/sl\/wp-content\/uploads\/sites\/7\/2022\/02\/DMT-for-Sale.jpg","datePublished":"2022-02-22T04:29:46+00:00","dateModified":"2022-03-19T00:21:25+00:00","description":"Kupite dimetiltriptamin DMT za prodajo v Zdru\u017eenem kraljestvu, Evropi, AU. nudimo najbolj zanesljivo transakcijo in prodajamo po zelo ugodnih cenah. Naro\u010dite DMT zdaj po najbolj\u0161ih cenah","breadcrumb":{"@id":"https:\/\/medicinasinc.com\/sl\/product\/kupi-dimetiltriptamin-dmt\/#breadcrumb"},"inLanguage":"en-US","potentialAction":[{"@type":"ReadAction","target":["https:\/\/medicinasinc.com\/sl\/product\/kupi-dimetiltriptamin-dmt\/"]}]},{"@type":"ImageObject","inLanguage":"en-US","@id":"https:\/\/medicinasinc.com\/sl\/product\/kupi-dimetiltriptamin-dmt\/#primaryimage","url":"https:\/\/medicinasinc.com\/sl\/wp-content\/uploads\/sites\/7\/2022\/02\/DMT-for-Sale.jpg","contentUrl":"https:\/\/medicinasinc.com\/sl\/wp-content\/uploads\/sites\/7\/2022\/02\/DMT-for-Sale.jpg","width":500,"height":500},{"@type":"BreadcrumbList","@id":"https:\/\/medicinasinc.com\/sl\/product\/kupi-dimetiltriptamin-dmt\/#breadcrumb","itemListElement":[{"@type":"ListItem","position":1,"name":"Nakupujte","item":"https:\/\/medicinasinc.com\/sl\/nakupujte\/"},{"@type":"ListItem","position":2,"name":"Kupite dimetiltriptamin DMT"}]},{"@type":"WebSite","@id":"https:\/\/medicinasinc.com\/sl\/#website","url":"https:\/\/medicinasinc.com\/sl\/","name":"Medicinas Inc","description":"Health Medical Clinic","potentialAction":[{"@type":"SearchAction","target":{"@type":"EntryPoint","urlTemplate":"https:\/\/medicinasinc.com\/sl\/?s={search_term_string}"},"query-input":{"@type":"PropertyValueSpecification","valueRequired":true,"valueName":"search_term_string"}}],"inLanguage":"en-US"}]}},"_links":{"self":[{"href":"https:\/\/medicinasinc.com\/sl\/wp-json\/wp\/v2\/product\/5703","targetHints":{"allow":["GET"]}}],"collection":[{"href":"https:\/\/medicinasinc.com\/sl\/wp-json\/wp\/v2\/product"}],"about":[{"href":"https:\/\/medicinasinc.com\/sl\/wp-json\/wp\/v2\/types\/product"}],"replies":[{"embeddable":true,"href":"https:\/\/medicinasinc.com\/sl\/wp-json\/wp\/v2\/comments?post=5703"}],"wp:featuredmedia":[{"embeddable":true,"href":"https:\/\/medicinasinc.com\/sl\/wp-json\/wp\/v2\/media\/5713"}],"wp:attachment":[{"href":"https:\/\/medicinasinc.com\/sl\/wp-json\/wp\/v2\/media?parent=5703"}],"wp:term":[{"taxonomy":"product_brand","embeddable":true,"href":"https:\/\/medicinasinc.com\/sl\/wp-json\/wp\/v2\/product_brand?post=5703"},{"taxonomy":"product_cat","embeddable":true,"href":"https:\/\/medicinasinc.com\/sl\/wp-json\/wp\/v2\/product_cat?post=5703"},{"taxonomy":"product_tag","embeddable":true,"href":"https:\/\/medicinasinc.com\/sl\/wp-json\/wp\/v2\/product_tag?post=5703"}],"curies":[{"name":"wp","href":"https:\/\/api.w.org\/{rel}","templated":true}]}}