{"id":5696,"date":"2022-02-22T04:23:00","date_gmt":"2022-02-22T04:23:00","guid":{"rendered":"https:\/\/medicinasinc.com\/sl\/?post_type=product&#038;p=5696"},"modified":"2022-03-19T00:21:41","modified_gmt":"2022-03-19T00:21:41","slug":"kupi-efenidin-prah","status":"publish","type":"product","link":"https:\/\/medicinasinc.com\/sl\/product\/kupi-efenidin-prah\/","title":{"rendered":"Kupite efenidin v prahu"},"content":{"rendered":"<p>Efenidin v prahu: kupite efenidin v Zdru\u017eenem kraljestvu, Evropi, Aziji, ZDA, Avstraliji, na Kitajskem in v ostalem svetu pri Efenidinu v prahu.<\/p>\n<p>Evropski efenidin naprodaj, dobavitelj efenidina, za prodaja. Veletrgovci z efenidinom ga lahko po\u0161ljejo v Evropo.<\/p>\n<p>Efenidin, znan tudi kot NEDPA in EPE, je disociativni anestetik, ki spada v razred zdravil diariletilamina. Fizi\u010dno je efenidin podoben diariletilaminom, kot sta difenidin in metoksfenidin, ki ju imenujemo tudi efenidin. Sedacija, halucinacije, anestezija in zunajtelesna stanja, imenovana &#8220;disociativna anestezija&#8221;, so nekateri od stranskih u\u010dinkov.<\/p>\n<p>Podrobne informacije o tem predmetu:<\/p>\n<p>nizozem\u0161\u010dina, litov\u0161\u010dina. , in ameri\u0161ko<br \/> Njegovo ime je efenidin v prahu.<br \/> EPE je ime IUPAC za N-etil-1,2-difeniletilamin.<br \/> \u0160tevilka CAS: 60951-19-1<br \/> C16H19N je MF.<br \/> Ve\u010d kot 99,5 odstotkov<br \/> Takole izgleda:<br \/> Vre\u010dka iz aluminijaste folije ali plasti\u010dna vre\u010dka: Kako zapakirati:<\/p>\n<p>Pla\u010dilni pogoji:<\/p>\n<p>Najmanj\u0161i znesek naro\u010dila: Vpra\u0161ajte o pla\u010dilnih pogojih: Bitcoin, Money Gram, Ban\u010dna nakazila itd.<\/p>\n<p>Pravila za dostavo in po\u0161iljanje:<\/p>\n<p>1. Blago bomo poslali v 1 dnevu po pla\u010dilu.<br \/> 2: Blago bomo poslali po UPS, DHL, TNT ali FEDEX. Izbrali bomo najbolj\u0161ega kurirja za vsako dr\u017eavo in poiskali najvarnej\u0161i na\u010din za dostavo blaga do vas.<br \/> Prejem po\u0161te od EMS traja pribli\u017eno tri do pet dni. DHL, UPS in FedEx potrebujejo 4-5 dni.<br \/> 4. Carina v dr\u017eavah, kot so Rusija, Avstralija in Kanada, je zelo stroga, vendar lahko zagotovimo, da dostavimo 100 % \u010dasa.<br \/> 5. Praviloma bi morali blago dobiti v 4-5 dneh. \u010ce je bilo blago izgubljeno ali ni prispelo iz drugih razlogov, ga bomo poslali ponovno.<\/p>\n<p>Cena: vpra\u0161ajte.<\/p>\n<p>Opomba:<\/p>\n<p> Imamo veliko rednih strank po vsem svetu in upamo, da bomo z vami \u0161e dolgo sodelovali. Za ve\u010d informacij nas kontaktirajte. Potrudili se bomo, da zadovoljimo va\u0161e potrebe. Hvala!<\/p>\n","protected":false},"excerpt":{"rendered":"<div class=\"woocommerce-product-details__short-description\">\n<p>Bestglobalmeds.com ima visoko \u010disti efenidin v prahu za prodajo v Zdru\u017eenem kraljestvu, Evropi in Avstraliji, mi pa vam ga lahko po\u0161ljemo kamor koli po svetu. Tukaj lahko kupite najbolj\u0161i efenidin v prahu po naro\u010dilu.<\/p>\n<p>Nakupujte efenidin v prahu na spletu in ga dobite po ugodni ceni. Zdravilo, imenovano efedrin, je disociativni anestetik. Prav tako blokira receptor NMDA, zaradi \u010desar je manj verjetno, da bo zdravilo delovalo.<\/p>\n<p>Kupite \u010dist, visokokakovosten efenidin v prahu na spletu z Bitcoin \u2013 to lahko storite.<\/p>\n<p>Nakupujte. za zakonite droge na spletu, kupujte raziskovalne kemikalije, surove farmacevtske pra\u0161ke in drugo v trgovini.<\/p>\n<p>To podjetje prodaja efenidin v prahu, farmacevtske vmesne produkte in surove pra\u0161ke.<\/p>\n<p>Tam so nekateri izdelki. Prodam tablete efenidina. Kitajski dobavitelj efenidina. Veleprodajni\u00a0izvoznik\u00a0efenidina<\/p>\n<p><em>Kupite efenidin v prahu<\/em> na debelo na spletu v razsutem stanju zdaj. Efenidin je disociativni anestetik in deluje kot antagonist za NMDA.<\/p>\n<p>&nbsp;<\/p>\n<\/p><\/div>\n","protected":false},"featured_media":5707,"comment_status":"open","ping_status":"closed","template":"","meta":[],"product_brand":[],"product_cat":[2014],"product_tag":[3591,3592,3593,3594,3613,3595,3596,3597,3607,3602,3601,3608,3598,3599,3600,3605,3606,3609,3610,3611,3612,3604,3603,3614],"class_list":{"0":"post-5696","1":"product","2":"type-product","3":"status-publish","4":"has-post-thumbnail","6":"product_cat-nakup-raziskave-kemikalije","7":"product_tag-anesthetic","8":"product_tag-buy-ephenidine-powder","9":"product_tag-buy-ephenidine-powder-europe","10":"product_tag-buy-ephenidine-powder-online","11":"product_tag-isti-efenidin-v-prahu","12":"product_tag-diariletilamin","13":"product_tag-disociativna","14":"product_tag-disociativno-anestetsko","15":"product_tag-dobavitelj-efenidina-v-prahu","16":"product_tag-efenidin-prah-porcelan","17":"product_tag-efenidin-praek-kupi","18":"product_tag-efenidin-prah-trgovina-na-debelo","19":"product_tag-epe","20":"product_tag-ephenidine","21":"product_tag-ephenidine-powder-bulk","22":"product_tag-ephenidine-powder-order","23":"product_tag-ephenidine-powder-reddit","24":"product_tag-mdma-prah-nakup","25":"product_tag-nedpa","26":"product_tag-order-ephenidine-powder","27":"product_tag-order-ephenidine-powder-online","28":"product_tag-efenidin-v-prahu-za-prodajo","29":"product_tag-uinek-efenidina-v-prahu","30":"product_tag-what-is-ephenidine-powder","32":"first","33":"instock","34":"featured","35":"shipping-taxable","36":"purchasable","37":"product-type-variable","38":"has-default-attributes"},"yoast_head":"<!-- This site is optimized with the Yoast SEO plugin v27.3 - https:\/\/yoast.com\/product\/yoast-seo-wordpress\/ -->\n<title>Kupite efenidin v prahu - efenidin v prahu na spletu - najbolj\u0161a zdravila v svetu<\/title>\n<meta name=\"description\" content=\"Kupite visoko \u010disti efenidin v prahu za prodajo v Zdru\u017eenem kraljestvu, Evropi, AU v na\u0161i spletni trgovini Bestglobalmeds.com s hitro dostavo po vsem svetu! Najbolj\u0161i efenidin v prahu za naro\u010danje boste na\u0161li tukaj!\" \/>\n<meta name=\"robots\" content=\"index, follow, max-snippet:-1, max-image-preview:large, max-video-preview:-1\" \/>\n<link rel=\"canonical\" href=\"https:\/\/medicinasinc.com\/sl\/product\/kupi-efenidin-prah\/\" \/>\n<meta property=\"og:locale\" content=\"en_US\" \/>\n<meta property=\"og:type\" content=\"article\" \/>\n<meta property=\"og:title\" content=\"Kupite efenidin v prahu - efenidin v prahu na spletu - najbolj\u0161a zdravila v svetu\" \/>\n<meta property=\"og:description\" content=\"Kupite visoko \u010disti efenidin v prahu za prodajo v Zdru\u017eenem kraljestvu, Evropi, AU v na\u0161i spletni trgovini Bestglobalmeds.com s hitro dostavo po vsem svetu! Najbolj\u0161i efenidin v prahu za naro\u010danje boste na\u0161li tukaj!\" \/>\n<meta property=\"og:url\" content=\"https:\/\/medicinasinc.com\/sl\/product\/kupi-efenidin-prah\/\" \/>\n<meta property=\"og:site_name\" content=\"Medicinas Inc\" \/>\n<meta property=\"article:modified_time\" content=\"2022-03-19T00:21:41+00:00\" \/>\n<meta property=\"og:image\" content=\"https:\/\/medicinasinc.com\/sl\/wp-content\/uploads\/sites\/7\/2022\/02\/Buy-Ephenidine-Powder-1.jpg\" \/>\n\t<meta property=\"og:image:width\" content=\"1080\" \/>\n\t<meta property=\"og:image:height\" content=\"1166\" \/>\n\t<meta property=\"og:image:type\" content=\"image\/jpeg\" \/>\n<meta name=\"twitter:card\" content=\"summary_large_image\" \/>\n<meta name=\"twitter:label1\" content=\"Est. reading time\" \/>\n\t<meta name=\"twitter:data1\" content=\"2 minutes\" \/>\n<script type=\"application\/ld+json\" class=\"yoast-schema-graph\">{\"@context\":\"https:\\\/\\\/schema.org\",\"@graph\":[{\"@type\":\"WebPage\",\"@id\":\"https:\\\/\\\/medicinasinc.com\\\/sl\\\/product\\\/kupi-efenidin-prah\\\/\",\"url\":\"https:\\\/\\\/medicinasinc.com\\\/sl\\\/product\\\/kupi-efenidin-prah\\\/\",\"name\":\"Kupite efenidin v prahu - efenidin v prahu na spletu - najbolj\u0161a zdravila v svetu\",\"isPartOf\":{\"@id\":\"https:\\\/\\\/medicinasinc.com\\\/sl\\\/#website\"},\"primaryImageOfPage\":{\"@id\":\"https:\\\/\\\/medicinasinc.com\\\/sl\\\/product\\\/kupi-efenidin-prah\\\/#primaryimage\"},\"image\":{\"@id\":\"https:\\\/\\\/medicinasinc.com\\\/sl\\\/product\\\/kupi-efenidin-prah\\\/#primaryimage\"},\"thumbnailUrl\":\"https:\\\/\\\/medicinasinc.com\\\/sl\\\/wp-content\\\/uploads\\\/sites\\\/7\\\/2022\\\/02\\\/Buy-Ephenidine-Powder-1.jpg\",\"datePublished\":\"2022-02-22T04:23:00+00:00\",\"dateModified\":\"2022-03-19T00:21:41+00:00\",\"description\":\"Kupite visoko \u010disti efenidin v prahu za prodajo v Zdru\u017eenem kraljestvu, Evropi, AU v na\u0161i spletni trgovini Bestglobalmeds.com s hitro dostavo po vsem svetu! Najbolj\u0161i efenidin v prahu za naro\u010danje boste na\u0161li tukaj!\",\"breadcrumb\":{\"@id\":\"https:\\\/\\\/medicinasinc.com\\\/sl\\\/product\\\/kupi-efenidin-prah\\\/#breadcrumb\"},\"inLanguage\":\"en-US\",\"potentialAction\":[{\"@type\":\"ReadAction\",\"target\":[\"https:\\\/\\\/medicinasinc.com\\\/sl\\\/product\\\/kupi-efenidin-prah\\\/\"]}]},{\"@type\":\"ImageObject\",\"inLanguage\":\"en-US\",\"@id\":\"https:\\\/\\\/medicinasinc.com\\\/sl\\\/product\\\/kupi-efenidin-prah\\\/#primaryimage\",\"url\":\"https:\\\/\\\/medicinasinc.com\\\/sl\\\/wp-content\\\/uploads\\\/sites\\\/7\\\/2022\\\/02\\\/Buy-Ephenidine-Powder-1.jpg\",\"contentUrl\":\"https:\\\/\\\/medicinasinc.com\\\/sl\\\/wp-content\\\/uploads\\\/sites\\\/7\\\/2022\\\/02\\\/Buy-Ephenidine-Powder-1.jpg\",\"width\":1080,\"height\":1166},{\"@type\":\"BreadcrumbList\",\"@id\":\"https:\\\/\\\/medicinasinc.com\\\/sl\\\/product\\\/kupi-efenidin-prah\\\/#breadcrumb\",\"itemListElement\":[{\"@type\":\"ListItem\",\"position\":1,\"name\":\"Nakupujte\",\"item\":\"https:\\\/\\\/medicinasinc.com\\\/sl\\\/nakupujte\\\/\"},{\"@type\":\"ListItem\",\"position\":2,\"name\":\"Kupite efenidin v prahu\"}]},{\"@type\":\"WebSite\",\"@id\":\"https:\\\/\\\/medicinasinc.com\\\/sl\\\/#website\",\"url\":\"https:\\\/\\\/medicinasinc.com\\\/sl\\\/\",\"name\":\"Medicinas Inc\",\"description\":\"Health Medical Clinic\",\"potentialAction\":[{\"@type\":\"SearchAction\",\"target\":{\"@type\":\"EntryPoint\",\"urlTemplate\":\"https:\\\/\\\/medicinasinc.com\\\/sl\\\/?s={search_term_string}\"},\"query-input\":{\"@type\":\"PropertyValueSpecification\",\"valueRequired\":true,\"valueName\":\"search_term_string\"}}],\"inLanguage\":\"en-US\"}]}<\/script>\n<!-- \/ Yoast SEO plugin. -->","yoast_head_json":{"title":"Kupite efenidin v prahu - efenidin v prahu na spletu - najbolj\u0161a zdravila v svetu","description":"Kupite visoko \u010disti efenidin v prahu za prodajo v Zdru\u017eenem kraljestvu, Evropi, AU v na\u0161i spletni trgovini Bestglobalmeds.com s hitro dostavo po vsem svetu! Najbolj\u0161i efenidin v prahu za naro\u010danje boste na\u0161li tukaj!","robots":{"index":"index","follow":"follow","max-snippet":"max-snippet:-1","max-image-preview":"max-image-preview:large","max-video-preview":"max-video-preview:-1"},"canonical":"https:\/\/medicinasinc.com\/sl\/product\/kupi-efenidin-prah\/","og_locale":"en_US","og_type":"article","og_title":"Kupite efenidin v prahu - efenidin v prahu na spletu - najbolj\u0161a zdravila v svetu","og_description":"Kupite visoko \u010disti efenidin v prahu za prodajo v Zdru\u017eenem kraljestvu, Evropi, AU v na\u0161i spletni trgovini Bestglobalmeds.com s hitro dostavo po vsem svetu! Najbolj\u0161i efenidin v prahu za naro\u010danje boste na\u0161li tukaj!","og_url":"https:\/\/medicinasinc.com\/sl\/product\/kupi-efenidin-prah\/","og_site_name":"Medicinas Inc","article_modified_time":"2022-03-19T00:21:41+00:00","og_image":[{"width":1080,"height":1166,"url":"https:\/\/medicinasinc.com\/sl\/wp-content\/uploads\/sites\/7\/2022\/02\/Buy-Ephenidine-Powder-1.jpg","type":"image\/jpeg"}],"twitter_card":"summary_large_image","twitter_misc":{"Est. reading time":"2 minutes"},"schema":{"@context":"https:\/\/schema.org","@graph":[{"@type":"WebPage","@id":"https:\/\/medicinasinc.com\/sl\/product\/kupi-efenidin-prah\/","url":"https:\/\/medicinasinc.com\/sl\/product\/kupi-efenidin-prah\/","name":"Kupite efenidin v prahu - efenidin v prahu na spletu - najbolj\u0161a zdravila v svetu","isPartOf":{"@id":"https:\/\/medicinasinc.com\/sl\/#website"},"primaryImageOfPage":{"@id":"https:\/\/medicinasinc.com\/sl\/product\/kupi-efenidin-prah\/#primaryimage"},"image":{"@id":"https:\/\/medicinasinc.com\/sl\/product\/kupi-efenidin-prah\/#primaryimage"},"thumbnailUrl":"https:\/\/medicinasinc.com\/sl\/wp-content\/uploads\/sites\/7\/2022\/02\/Buy-Ephenidine-Powder-1.jpg","datePublished":"2022-02-22T04:23:00+00:00","dateModified":"2022-03-19T00:21:41+00:00","description":"Kupite visoko \u010disti efenidin v prahu za prodajo v Zdru\u017eenem kraljestvu, Evropi, AU v na\u0161i spletni trgovini Bestglobalmeds.com s hitro dostavo po vsem svetu! Najbolj\u0161i efenidin v prahu za naro\u010danje boste na\u0161li tukaj!","breadcrumb":{"@id":"https:\/\/medicinasinc.com\/sl\/product\/kupi-efenidin-prah\/#breadcrumb"},"inLanguage":"en-US","potentialAction":[{"@type":"ReadAction","target":["https:\/\/medicinasinc.com\/sl\/product\/kupi-efenidin-prah\/"]}]},{"@type":"ImageObject","inLanguage":"en-US","@id":"https:\/\/medicinasinc.com\/sl\/product\/kupi-efenidin-prah\/#primaryimage","url":"https:\/\/medicinasinc.com\/sl\/wp-content\/uploads\/sites\/7\/2022\/02\/Buy-Ephenidine-Powder-1.jpg","contentUrl":"https:\/\/medicinasinc.com\/sl\/wp-content\/uploads\/sites\/7\/2022\/02\/Buy-Ephenidine-Powder-1.jpg","width":1080,"height":1166},{"@type":"BreadcrumbList","@id":"https:\/\/medicinasinc.com\/sl\/product\/kupi-efenidin-prah\/#breadcrumb","itemListElement":[{"@type":"ListItem","position":1,"name":"Nakupujte","item":"https:\/\/medicinasinc.com\/sl\/nakupujte\/"},{"@type":"ListItem","position":2,"name":"Kupite efenidin v prahu"}]},{"@type":"WebSite","@id":"https:\/\/medicinasinc.com\/sl\/#website","url":"https:\/\/medicinasinc.com\/sl\/","name":"Medicinas Inc","description":"Health Medical Clinic","potentialAction":[{"@type":"SearchAction","target":{"@type":"EntryPoint","urlTemplate":"https:\/\/medicinasinc.com\/sl\/?s={search_term_string}"},"query-input":{"@type":"PropertyValueSpecification","valueRequired":true,"valueName":"search_term_string"}}],"inLanguage":"en-US"}]}},"_links":{"self":[{"href":"https:\/\/medicinasinc.com\/sl\/wp-json\/wp\/v2\/product\/5696","targetHints":{"allow":["GET"]}}],"collection":[{"href":"https:\/\/medicinasinc.com\/sl\/wp-json\/wp\/v2\/product"}],"about":[{"href":"https:\/\/medicinasinc.com\/sl\/wp-json\/wp\/v2\/types\/product"}],"replies":[{"embeddable":true,"href":"https:\/\/medicinasinc.com\/sl\/wp-json\/wp\/v2\/comments?post=5696"}],"wp:featuredmedia":[{"embeddable":true,"href":"https:\/\/medicinasinc.com\/sl\/wp-json\/wp\/v2\/media\/5707"}],"wp:attachment":[{"href":"https:\/\/medicinasinc.com\/sl\/wp-json\/wp\/v2\/media?parent=5696"}],"wp:term":[{"taxonomy":"product_brand","embeddable":true,"href":"https:\/\/medicinasinc.com\/sl\/wp-json\/wp\/v2\/product_brand?post=5696"},{"taxonomy":"product_cat","embeddable":true,"href":"https:\/\/medicinasinc.com\/sl\/wp-json\/wp\/v2\/product_cat?post=5696"},{"taxonomy":"product_tag","embeddable":true,"href":"https:\/\/medicinasinc.com\/sl\/wp-json\/wp\/v2\/product_tag?post=5696"}],"curies":[{"name":"wp","href":"https:\/\/api.w.org\/{rel}","templated":true}]}}