{"id":5686,"date":"2022-02-22T04:12:43","date_gmt":"2022-02-22T04:12:43","guid":{"rendered":"https:\/\/medicinasinc.com\/sl\/?post_type=product&#038;p=5686"},"modified":"2022-03-19T00:21:49","modified_gmt":"2022-03-19T00:21:49","slug":"buy-ald-52-prah","status":"publish","type":"product","link":"https:\/\/medicinasinc.com\/sl\/product\/buy-ald-52-prah\/","title":{"rendered":"Kupite ALD-52 v prahu"},"content":{"rendered":"<p><a href=\"https:\/\/www.bestglobalmeds.com\/product\/research-chemicals\/buy-ald-52-powder\/\"><strong>ALD-52 v prahu<\/strong><\/a>. Veleprodaja in dobavitelj Pure\u00a0<em>ALD-52 v prahu<\/em>\u00a0po najni\u017eji ceni ter razli\u010dnih farmacevtskih surovin &gt;99 % \u010distosti, raziskovalnih kemikalij in generi\u010dnih zdravil. Varno in diskretno pakiranje s sledenjem po\u0161iljanja.<\/p>\n<p>ALD-52, znan tudi kot 1-acetil-LSD, je kemi\u010dni analog dietilamida lizergi\u010dne kisline (LSD). Je psihedeli\u010dna snov iz razreda lizergamidov, ki ob dajanju povzro\u010di LSD podobne psihedeli\u010dne u\u010dinke.<\/p>\n<p class=\"h2_style\">Hitre podrobnosti<\/p>\n<p>Ime izdelka: <a href=\"https:\/\/www.bestglobalmeds.com\/product\/research-chemicals\/buy-ald-52-powder\/\">ALD-52<\/a><br \/> Sinonimi: ALD-52, 1-acetil-LSD, 1A-LSD , 1A-LAD<br \/> \u0160t. CAS: 3270-02-8<br \/> Molekularna formula: C22H27N3O2<br \/> IUPAC: (6aR,9R)-4-acetil-N,N-dietil-7-metil -4,6,6a,7,8,9-heksahidroindolo[4,3-fg]kinolin-9-karboksamid<br \/> Molekulska masa: 365,477 g\/mol<br \/> \u010cistost: 99,6%<br \/> Videz : Bel kristalini\u010dni prah \/ sivo bel prah<\/p>\n<h2>Dobavitelj prahu ALD-52<\/h2>\n<p>Eden od vodilnih dobaviteljev surovin v farmacevtski industriji v Evropi, smo znani po izjemnem asortimanu izdelkov in na\u0161ih kakovostne storitve dostave generi\u010dnih zdravil. Ker smo veleprodaja prahu ALD-52, si prizadevamo za zagotavljanje visokokakovostnih in stro\u0161kovno u\u010dinkovitih izdelkov na trgu.<\/p>\n<div class=\"product-next-previous\">\n<div class=\"product-prev\"><\/div><\/div>\n","protected":false},"excerpt":{"rendered":"<p>Najbolj\u0161e mesto za nakup prahu ALD-52 je iz Zdru\u017eenega kraljestva. Lahko ga kupite tudi iz Evrope, Avstralije in EU po ugodni ceni. Kupite ALD-52 Powder 2022, ALD-52 Powder No\u010dna dostava, ALD-52 Powder Cena.<\/p>\n<p>Eno od podjetij, ki izdeluje in prodaja ALD-52.<\/p>\n<p>spletna trgovina: kupi ALD-52 na spletu, ALD-52 naprodaj, prodajalec ALD-52, prah ALD-52, kupite ga zdaj<\/p>\n<p>ALD-52\u00a0reddit. Dostava je brezpla\u010dna.<\/p>\n<p>Na spletu lahko kupite \u010disti pra\u0161ek z 10 mg ALD-52.<\/p>\n<p>&nbsp;<\/p>\n<p><strong>25 %<\/strong>\u00a0izklopljeno za\u00a0<strong>40 mg\u00a0<\/strong>in ve\u010d. Koda kupona: bhobos2018z<\/p>\n<table class=\"table\">\n<tbody>\n<tr>\n<th><span style=\"font-weight: 400\">Najmanj\u0161a koli\u010dina naro\u010dila:<\/span><\/th>\n<td>10 g<\/td>\n<\/tr>\n<tr>\n<th><span style=\"font-weight: 400\">Mo\u017enost dobave:<\/span><\/th>\n<td>100 kg\/mesec<\/td>\n<\/tr>\n<tr>\n<th><span style=\"font-weight: 400\">Pristani\u0161\u010de:<\/span><\/th>\n<td>Var\u0161ava, Nizozemska<\/td>\n<\/tr>\n<tr>\n<th><span style=\"font-weight: 400\">Pla\u010dilni pogoji:<\/span><\/th>\n<td>Ban\u010dno nakazilo, Bitcoin, WU\/MG, Drugo<\/td>\n<\/tr>\n<tr>\n<th><span style=\"font-weight: 400\">Podrobnosti o embala\u017ei:<\/span><\/th>\n<td>Po \u017eelji stranke<\/td>\n<\/tr>\n<tr>\n<th><span style=\"font-weight: 400\">Podrobnosti dostave:<\/span><\/th>\n<td>DPD, hitra dostava, farmacevtski kurir EU<\/td>\n<\/tr>\n<\/tbody>\n<\/table>\n","protected":false},"featured_media":5699,"comment_status":"open","ping_status":"closed","template":"","meta":[],"product_brand":[],"product_cat":[2014],"product_tag":[3581,3576,3577,3578,3579,3582,3580,3585,3586,3588,3584,3583,3574,3587,3575,3589,3590],"class_list":{"0":"post-5686","1":"product","2":"type-product","3":"status-publish","4":"has-post-thumbnail","6":"product_cat-nakup-raziskave-kemikalije","7":"product_tag-ald-52-dobavitelj-prahu","8":"product_tag-ald-52-powder","9":"product_tag-ald-52-powder-effect","10":"product_tag-ald-52-powder-for-sale","11":"product_tag-ald-52-powder-order","12":"product_tag-ald-52-prah-na-debelo","13":"product_tag-ald-52-powder-reddit","14":"product_tag-buy-ald-52-powder","15":"product_tag-buy-ald-52-powder-online","16":"product_tag-isti-ald-52-prah","17":"product_tag-kupi-ald-52","18":"product_tag-najbolje-mesto-za-naroilo-ald-52","19":"product_tag-ald-52-odmerek","20":"product_tag-order-ald-52-powder","21":"product_tag-ald-52-na-prodaj","22":"product_tag-pure-ald-52-powder-google","23":"product_tag-what-is-ald-52-powder","25":"first","26":"instock","27":"shipping-taxable","28":"purchasable","29":"product-type-simple"},"yoast_head":"<!-- This site is optimized with the Yoast SEO plugin v27.3 - https:\/\/yoast.com\/product\/yoast-seo-wordpress\/ -->\n<title>Kupite ALD-52 v prahu - ALD-52 v prahu na spletu - Najbolj\u0161a zdravila v svetu<\/title>\n<meta name=\"description\" content=\"Kupite nakup prahu ALD-52 za \u200b\u200bprodajo v Zdru\u017eenem kraljestvu, Evropi, AU, EU, naro\u010dite poceni\u00a0Kupite prah ALD-52\u00a02022, kje\u00a0kupiti\u00a0visokokakovosten\u00a0nakup prahu ALD-52 \u010dez no\u010d,\u00a0cena prahu ALD-52.\" \/>\n<meta name=\"robots\" content=\"index, follow, max-snippet:-1, max-image-preview:large, max-video-preview:-1\" \/>\n<link rel=\"canonical\" href=\"https:\/\/medicinasinc.com\/sl\/product\/buy-ald-52-prah\/\" \/>\n<meta property=\"og:locale\" content=\"en_US\" \/>\n<meta property=\"og:type\" content=\"article\" \/>\n<meta property=\"og:title\" content=\"Kupite ALD-52 v prahu - ALD-52 v prahu na spletu - Najbolj\u0161a zdravila v svetu\" \/>\n<meta property=\"og:description\" content=\"Kupite nakup prahu ALD-52 za \u200b\u200bprodajo v Zdru\u017eenem kraljestvu, Evropi, AU, EU, naro\u010dite poceni\u00a0Kupite prah ALD-52\u00a02022, kje\u00a0kupiti\u00a0visokokakovosten\u00a0nakup prahu ALD-52 \u010dez no\u010d,\u00a0cena prahu ALD-52.\" \/>\n<meta property=\"og:url\" content=\"https:\/\/medicinasinc.com\/sl\/product\/buy-ald-52-prah\/\" \/>\n<meta property=\"og:site_name\" content=\"Medicinas Inc\" \/>\n<meta property=\"article:modified_time\" content=\"2022-03-19T00:21:49+00:00\" \/>\n<meta property=\"og:image\" content=\"https:\/\/medicinasinc.com\/sl\/wp-content\/uploads\/sites\/7\/2022\/02\/Buy-ALD-52-Powder.jpg\" \/>\n\t<meta property=\"og:image:width\" content=\"1080\" \/>\n\t<meta property=\"og:image:height\" content=\"995\" \/>\n\t<meta property=\"og:image:type\" content=\"image\/jpeg\" \/>\n<meta name=\"twitter:card\" content=\"summary_large_image\" \/>\n<meta name=\"twitter:label1\" content=\"Est. reading time\" \/>\n\t<meta name=\"twitter:data1\" content=\"1 minute\" \/>\n<script type=\"application\/ld+json\" class=\"yoast-schema-graph\">{\"@context\":\"https:\\\/\\\/schema.org\",\"@graph\":[{\"@type\":\"WebPage\",\"@id\":\"https:\\\/\\\/medicinasinc.com\\\/sl\\\/product\\\/buy-ald-52-prah\\\/\",\"url\":\"https:\\\/\\\/medicinasinc.com\\\/sl\\\/product\\\/buy-ald-52-prah\\\/\",\"name\":\"Kupite ALD-52 v prahu - ALD-52 v prahu na spletu - Najbolj\u0161a zdravila v svetu\",\"isPartOf\":{\"@id\":\"https:\\\/\\\/medicinasinc.com\\\/sl\\\/#website\"},\"primaryImageOfPage\":{\"@id\":\"https:\\\/\\\/medicinasinc.com\\\/sl\\\/product\\\/buy-ald-52-prah\\\/#primaryimage\"},\"image\":{\"@id\":\"https:\\\/\\\/medicinasinc.com\\\/sl\\\/product\\\/buy-ald-52-prah\\\/#primaryimage\"},\"thumbnailUrl\":\"https:\\\/\\\/medicinasinc.com\\\/sl\\\/wp-content\\\/uploads\\\/sites\\\/7\\\/2022\\\/02\\\/Buy-ALD-52-Powder.jpg\",\"datePublished\":\"2022-02-22T04:12:43+00:00\",\"dateModified\":\"2022-03-19T00:21:49+00:00\",\"description\":\"Kupite nakup prahu ALD-52 za \u200b\u200bprodajo v Zdru\u017eenem kraljestvu, Evropi, AU, EU, naro\u010dite poceni\u00a0Kupite prah ALD-52\u00a02022, kje\u00a0kupiti\u00a0visokokakovosten\u00a0nakup prahu ALD-52 \u010dez no\u010d,\u00a0cena prahu ALD-52.\",\"breadcrumb\":{\"@id\":\"https:\\\/\\\/medicinasinc.com\\\/sl\\\/product\\\/buy-ald-52-prah\\\/#breadcrumb\"},\"inLanguage\":\"en-US\",\"potentialAction\":[{\"@type\":\"ReadAction\",\"target\":[\"https:\\\/\\\/medicinasinc.com\\\/sl\\\/product\\\/buy-ald-52-prah\\\/\"]}]},{\"@type\":\"ImageObject\",\"inLanguage\":\"en-US\",\"@id\":\"https:\\\/\\\/medicinasinc.com\\\/sl\\\/product\\\/buy-ald-52-prah\\\/#primaryimage\",\"url\":\"https:\\\/\\\/medicinasinc.com\\\/sl\\\/wp-content\\\/uploads\\\/sites\\\/7\\\/2022\\\/02\\\/Buy-ALD-52-Powder.jpg\",\"contentUrl\":\"https:\\\/\\\/medicinasinc.com\\\/sl\\\/wp-content\\\/uploads\\\/sites\\\/7\\\/2022\\\/02\\\/Buy-ALD-52-Powder.jpg\",\"width\":1080,\"height\":995},{\"@type\":\"BreadcrumbList\",\"@id\":\"https:\\\/\\\/medicinasinc.com\\\/sl\\\/product\\\/buy-ald-52-prah\\\/#breadcrumb\",\"itemListElement\":[{\"@type\":\"ListItem\",\"position\":1,\"name\":\"Nakupujte\",\"item\":\"https:\\\/\\\/medicinasinc.com\\\/sl\\\/nakupujte\\\/\"},{\"@type\":\"ListItem\",\"position\":2,\"name\":\"Kupite ALD-52 v prahu\"}]},{\"@type\":\"WebSite\",\"@id\":\"https:\\\/\\\/medicinasinc.com\\\/sl\\\/#website\",\"url\":\"https:\\\/\\\/medicinasinc.com\\\/sl\\\/\",\"name\":\"Medicinas Inc\",\"description\":\"Health Medical Clinic\",\"potentialAction\":[{\"@type\":\"SearchAction\",\"target\":{\"@type\":\"EntryPoint\",\"urlTemplate\":\"https:\\\/\\\/medicinasinc.com\\\/sl\\\/?s={search_term_string}\"},\"query-input\":{\"@type\":\"PropertyValueSpecification\",\"valueRequired\":true,\"valueName\":\"search_term_string\"}}],\"inLanguage\":\"en-US\"}]}<\/script>\n<!-- \/ Yoast SEO plugin. -->","yoast_head_json":{"title":"Kupite ALD-52 v prahu - ALD-52 v prahu na spletu - Najbolj\u0161a zdravila v svetu","description":"Kupite nakup prahu ALD-52 za \u200b\u200bprodajo v Zdru\u017eenem kraljestvu, Evropi, AU, EU, naro\u010dite poceni\u00a0Kupite prah ALD-52\u00a02022, kje\u00a0kupiti\u00a0visokokakovosten\u00a0nakup prahu ALD-52 \u010dez no\u010d,\u00a0cena prahu ALD-52.","robots":{"index":"index","follow":"follow","max-snippet":"max-snippet:-1","max-image-preview":"max-image-preview:large","max-video-preview":"max-video-preview:-1"},"canonical":"https:\/\/medicinasinc.com\/sl\/product\/buy-ald-52-prah\/","og_locale":"en_US","og_type":"article","og_title":"Kupite ALD-52 v prahu - ALD-52 v prahu na spletu - Najbolj\u0161a zdravila v svetu","og_description":"Kupite nakup prahu ALD-52 za \u200b\u200bprodajo v Zdru\u017eenem kraljestvu, Evropi, AU, EU, naro\u010dite poceni\u00a0Kupite prah ALD-52\u00a02022, kje\u00a0kupiti\u00a0visokokakovosten\u00a0nakup prahu ALD-52 \u010dez no\u010d,\u00a0cena prahu ALD-52.","og_url":"https:\/\/medicinasinc.com\/sl\/product\/buy-ald-52-prah\/","og_site_name":"Medicinas Inc","article_modified_time":"2022-03-19T00:21:49+00:00","og_image":[{"width":1080,"height":995,"url":"https:\/\/medicinasinc.com\/sl\/wp-content\/uploads\/sites\/7\/2022\/02\/Buy-ALD-52-Powder.jpg","type":"image\/jpeg"}],"twitter_card":"summary_large_image","twitter_misc":{"Est. reading time":"1 minute"},"schema":{"@context":"https:\/\/schema.org","@graph":[{"@type":"WebPage","@id":"https:\/\/medicinasinc.com\/sl\/product\/buy-ald-52-prah\/","url":"https:\/\/medicinasinc.com\/sl\/product\/buy-ald-52-prah\/","name":"Kupite ALD-52 v prahu - ALD-52 v prahu na spletu - Najbolj\u0161a zdravila v svetu","isPartOf":{"@id":"https:\/\/medicinasinc.com\/sl\/#website"},"primaryImageOfPage":{"@id":"https:\/\/medicinasinc.com\/sl\/product\/buy-ald-52-prah\/#primaryimage"},"image":{"@id":"https:\/\/medicinasinc.com\/sl\/product\/buy-ald-52-prah\/#primaryimage"},"thumbnailUrl":"https:\/\/medicinasinc.com\/sl\/wp-content\/uploads\/sites\/7\/2022\/02\/Buy-ALD-52-Powder.jpg","datePublished":"2022-02-22T04:12:43+00:00","dateModified":"2022-03-19T00:21:49+00:00","description":"Kupite nakup prahu ALD-52 za \u200b\u200bprodajo v Zdru\u017eenem kraljestvu, Evropi, AU, EU, naro\u010dite poceni\u00a0Kupite prah ALD-52\u00a02022, kje\u00a0kupiti\u00a0visokokakovosten\u00a0nakup prahu ALD-52 \u010dez no\u010d,\u00a0cena prahu ALD-52.","breadcrumb":{"@id":"https:\/\/medicinasinc.com\/sl\/product\/buy-ald-52-prah\/#breadcrumb"},"inLanguage":"en-US","potentialAction":[{"@type":"ReadAction","target":["https:\/\/medicinasinc.com\/sl\/product\/buy-ald-52-prah\/"]}]},{"@type":"ImageObject","inLanguage":"en-US","@id":"https:\/\/medicinasinc.com\/sl\/product\/buy-ald-52-prah\/#primaryimage","url":"https:\/\/medicinasinc.com\/sl\/wp-content\/uploads\/sites\/7\/2022\/02\/Buy-ALD-52-Powder.jpg","contentUrl":"https:\/\/medicinasinc.com\/sl\/wp-content\/uploads\/sites\/7\/2022\/02\/Buy-ALD-52-Powder.jpg","width":1080,"height":995},{"@type":"BreadcrumbList","@id":"https:\/\/medicinasinc.com\/sl\/product\/buy-ald-52-prah\/#breadcrumb","itemListElement":[{"@type":"ListItem","position":1,"name":"Nakupujte","item":"https:\/\/medicinasinc.com\/sl\/nakupujte\/"},{"@type":"ListItem","position":2,"name":"Kupite ALD-52 v prahu"}]},{"@type":"WebSite","@id":"https:\/\/medicinasinc.com\/sl\/#website","url":"https:\/\/medicinasinc.com\/sl\/","name":"Medicinas Inc","description":"Health Medical Clinic","potentialAction":[{"@type":"SearchAction","target":{"@type":"EntryPoint","urlTemplate":"https:\/\/medicinasinc.com\/sl\/?s={search_term_string}"},"query-input":{"@type":"PropertyValueSpecification","valueRequired":true,"valueName":"search_term_string"}}],"inLanguage":"en-US"}]}},"_links":{"self":[{"href":"https:\/\/medicinasinc.com\/sl\/wp-json\/wp\/v2\/product\/5686","targetHints":{"allow":["GET"]}}],"collection":[{"href":"https:\/\/medicinasinc.com\/sl\/wp-json\/wp\/v2\/product"}],"about":[{"href":"https:\/\/medicinasinc.com\/sl\/wp-json\/wp\/v2\/types\/product"}],"replies":[{"embeddable":true,"href":"https:\/\/medicinasinc.com\/sl\/wp-json\/wp\/v2\/comments?post=5686"}],"wp:featuredmedia":[{"embeddable":true,"href":"https:\/\/medicinasinc.com\/sl\/wp-json\/wp\/v2\/media\/5699"}],"wp:attachment":[{"href":"https:\/\/medicinasinc.com\/sl\/wp-json\/wp\/v2\/media?parent=5686"}],"wp:term":[{"taxonomy":"product_brand","embeddable":true,"href":"https:\/\/medicinasinc.com\/sl\/wp-json\/wp\/v2\/product_brand?post=5686"},{"taxonomy":"product_cat","embeddable":true,"href":"https:\/\/medicinasinc.com\/sl\/wp-json\/wp\/v2\/product_cat?post=5686"},{"taxonomy":"product_tag","embeddable":true,"href":"https:\/\/medicinasinc.com\/sl\/wp-json\/wp\/v2\/product_tag?post=5686"}],"curies":[{"name":"wp","href":"https:\/\/api.w.org\/{rel}","templated":true}]}}