{"id":5685,"date":"2022-02-22T04:11:15","date_gmt":"2022-02-22T04:11:15","guid":{"rendered":"https:\/\/medicinasinc.com\/sl\/?post_type=product&#038;p=5685"},"modified":"2022-03-19T00:22:02","modified_gmt":"2022-03-19T00:22:02","slug":"kupi-pump-it-bath-sol","status":"publish","type":"product","link":"https:\/\/medicinasinc.com\/sl\/product\/kupi-pump-it-bath-sol\/","title":{"rendered":"Kupite kopalno sol Pump It"},"content":{"rendered":"<p>Dobro je kupiti kopalne soli v prahu Pump-It<\/p>\n<p>Kupite kopalne soli v prahu Pump-It iz zaupanja vrednega vira. Prodajamo najbolj\u0161e izdelke za kopanje, kot so kopalne soli. Kopalne soli vam bodo zagotovile gladko, \u010dutno kopel, ki vam bo po uporabi pustila ob\u010dutek \u010distosti. Na\u0161i kupci pa so lahko prepri\u010dani, da bodo dobili najbolj\u0161e izdelke na trgu. Vendar pa prodajamo in kupujemo tudi druge koncentrirane kopalne soli po ugodnih cenah.<\/p>\n<p>Na\u0161e kopalne soli imajo mo\u010dan vonj.<\/p>\n<p>Pump-It Powder Bath Salts je namenjena va\u0161i kopalni izku\u0161nji. \u0161e bolj razburljivo, energi\u010dno in evfori\u010dno. Majhna koli\u010dina je vse, kar je potrebno za veliko razliko. Lahko pa dodate majhno koli\u010dino v vro\u010do kopel, da naravno zmeh\u010date vodo, zaradi \u010desar se boste po njej po\u010dutili zelo energi\u010dni in sre\u010dni. Vendar se uporablja tako, da izgleda kot naravni topli vrelci gr\u0161kega morja. Pump-It Powder sprva uporabljajte zmerno, saj bo va\u0161a voda za kopel umazana in boste nesre\u010dni. Vendar, \u010de pravilno uporabljate Pump-It Powder, vam lahko pomaga priti do krajev, za katere ste mislili, da so nemogo\u010de.<\/p>\n<p>Sorodni elementi:<br \/> Nekaj \u200b\u200bna\u0161ih originalnih kopalnih soli si lahko ogledate na spodnjem seznamu. .<br \/> Gre za 500 mg koncentrirane kopalne soli podjetja Rave On.<br \/> Eight Ballz Bath Salts jih ima 500 mg.<br \/> Vrhunske kopalne soli iz Hollywooda so 1 gram.<br \/> 500 mg DIAMANTNEGA PRAHU<br \/> Ena \u017elica ima 500 mg pra\u0161ka.<br \/> Black Diamond Novost v prahu je narejen iz \u010drnega diamanta.<br \/> Je 500 mg Pump-it Powder iz Eight Ballz.<br \/> 500 mg White Rush Bath Soli<br \/> Kopalne soli Ivory Wave Ultra vsebujejo 500 mg.<br \/> Ivory Wave 500 mg kopalne soli<br \/> V tem primeru je v paketu 500 mg kopalne soli Lady Bubbles.<br \/> Cloud 9 kopalnih soli jih ima 500 mg.<br \/> V tej steklenici je 500 mg Heavenly Soak Euphoric \u2013 Novost v prahu.<br \/> To je 500 mg Heavenly Soak \u2013 Energy \u2013 Fun Powder.<br \/> 500 mg neba \u2013 zabava Pra\u0161ek<br \/> Obstaja 500 mg novosti der in Molly&#8217;s Blend \u2013<\/p>\n<p>&nbsp;<\/p>\n<p>Vanilla Sky kopalne soli 500 mg, Fizz koncentrirana kopalna sol 500 mg, Bolivian Ivory Wave Recharge kopalne soli 500 mg, White Girl koncentrirana kopalna sol Tranquilig Concentrated Bath Salts 500m Kopalne soli 500 mg, X ocenjene kopalne soli 500 mg<br \/> Ivory Smooth 500 mg kopalne soli<br \/> 50 mg kopalne soli Blue Wave<br \/> Blue Silk je 500 mg kopalne soli.<br \/> V tem primeru 500 mg Uporabljene so bile bolivijske kopalne soli.<br \/> Kopalne soli podjetja G Pheonix<\/p>\n<p>&nbsp;<\/p>\n<p>V tem primeru je 500 mg koncentrirane kopalne soli White Girl tisto, kar potrebujete.<br \/> 500 mg kopalne soli White Lady<br \/> Bliss koncentrirane kopalne soli vsebuje 500 mg soli v vsaki vre\u010dki.<br \/> Kopalne soli Snow Leopard jih imajo 500 mg v vsaki vre\u010dki.<br \/> 500 mg dodatnih kopalnih soli iz Lunar val. 500 mg koncentrirane kopalne soli iz Belega konja.<br \/> 500 mg po\u017eivljajo\u010de kopalne soli<br \/> 500 mg kopalne soli Cloud 10<br \/> Blue Magic: 500 mg kopalne soli<br \/> Kopalna sol z imenom Scarface ima 500 mg od tega.<br \/> Tudi veliko ve\u010d ljudi.<\/p>\n","protected":false},"excerpt":{"rendered":"<p>V na\u0161i spletni trgovini Bestglobalmeds.com lahko kupite kopalno sol Pump It za prodajo v Zdru\u017eenem kraljestvu, Evropi in Avstraliji, mi pa jo bomo takoj poslali. Tukaj lahko kupite najbolj\u0161o kopalno sol Pump It!<\/p>\n<p>Varno je kupiti kopalno sol Pump It Up pri Global medicinas Bath Salts. Na internetu prodajamo koncentrirane kopalne soli K2 po nizkih cenah.<\/p>\n<p>Po najbolj\u0161i ceni lahko kupite kopalno sol Pump It v spletni trgovini. Obljubljamo varno in varno po\u0161iljanje po vsem svetu.<\/p>\n<p>Kje \u017eelite kupiti &#8220;Pump-It kopalne soli v prahu&#8221;? Best Global Meds vam daje prilo\u017enost, da kupite oja\u010dene kopalne soli za prodajo na spletu.<\/p>\n","protected":false},"featured_media":5697,"comment_status":"open","ping_status":"closed","template":"","meta":[],"product_brand":[],"product_cat":[2014],"product_tag":[3565,3566,3568,3571,3567,3570,3573,3572,3569],"class_list":{"0":"post-5685","1":"product","2":"type-product","3":"status-publish","4":"has-post-thumbnail","6":"product_cat-nakup-raziskave-kemikalije","7":"product_tag-buy-pump-it-bath-salt","8":"product_tag-buy-pump-it-powder-bath-salts","9":"product_tag-pump-it-bath-salt-buy","10":"product_tag-pump-it-bath-salt-order","11":"product_tag-order-pump-it-bath-salt","12":"product_tag-pump-it-bath-solt-for-salt","13":"product_tag-pump-it-bath-salt-reddit","14":"product_tag-pump-it-bath-salt-pwder","15":"product_tag-uinek-soli-v-kopeli","17":"first","18":"instock","19":"featured","20":"shipping-taxable","21":"purchasable","22":"product-type-variable","23":"has-default-attributes"},"yoast_head":"<!-- This site is optimized with the Yoast SEO plugin v27.3 - https:\/\/yoast.com\/product\/yoast-seo-wordpress\/ -->\n<title>Kupite kopalno sol Pump It - kopalno sol Pump It - najbolj\u0161a zdravila v svetu<\/title>\n<meta name=\"description\" content=\"Kupite kopalno sol Pump It za prodajo v Zdru\u017eenem kraljestvu, Evropi, AU v na\u0161i spletni trgovini Bestglobalmeds s hitro dostavo po vsem svetu! Najbolj\u0161o kopalno sol Pump It za naro\u010danje boste na\u0161li tukaj!\" \/>\n<meta name=\"robots\" content=\"index, follow, max-snippet:-1, max-image-preview:large, max-video-preview:-1\" \/>\n<link rel=\"canonical\" href=\"https:\/\/medicinasinc.com\/sl\/product\/kupi-pump-it-bath-sol\/\" \/>\n<meta property=\"og:locale\" content=\"en_US\" \/>\n<meta property=\"og:type\" content=\"article\" \/>\n<meta property=\"og:title\" content=\"Kupite kopalno sol Pump It - kopalno sol Pump It - najbolj\u0161a zdravila v svetu\" \/>\n<meta property=\"og:description\" content=\"Kupite kopalno sol Pump It za prodajo v Zdru\u017eenem kraljestvu, Evropi, AU v na\u0161i spletni trgovini Bestglobalmeds s hitro dostavo po vsem svetu! Najbolj\u0161o kopalno sol Pump It za naro\u010danje boste na\u0161li tukaj!\" \/>\n<meta property=\"og:url\" content=\"https:\/\/medicinasinc.com\/sl\/product\/kupi-pump-it-bath-sol\/\" \/>\n<meta property=\"og:site_name\" content=\"Medicinas Inc\" \/>\n<meta property=\"article:modified_time\" content=\"2022-03-19T00:22:02+00:00\" \/>\n<meta property=\"og:image\" content=\"https:\/\/medicinasinc.com\/sl\/wp-content\/uploads\/sites\/7\/2022\/02\/Buy-Pump-It-Bath-Salt.jpg\" \/>\n\t<meta property=\"og:image:width\" content=\"600\" \/>\n\t<meta property=\"og:image:height\" content=\"600\" \/>\n\t<meta property=\"og:image:type\" content=\"image\/jpeg\" \/>\n<meta name=\"twitter:card\" content=\"summary_large_image\" \/>\n<meta name=\"twitter:label1\" content=\"Est. reading time\" \/>\n\t<meta name=\"twitter:data1\" content=\"3 minutes\" \/>\n<script type=\"application\/ld+json\" class=\"yoast-schema-graph\">{\"@context\":\"https:\\\/\\\/schema.org\",\"@graph\":[{\"@type\":\"WebPage\",\"@id\":\"https:\\\/\\\/medicinasinc.com\\\/sl\\\/product\\\/kupi-pump-it-bath-sol\\\/\",\"url\":\"https:\\\/\\\/medicinasinc.com\\\/sl\\\/product\\\/kupi-pump-it-bath-sol\\\/\",\"name\":\"Kupite kopalno sol Pump It - kopalno sol Pump It - najbolj\u0161a zdravila v svetu\",\"isPartOf\":{\"@id\":\"https:\\\/\\\/medicinasinc.com\\\/sl\\\/#website\"},\"primaryImageOfPage\":{\"@id\":\"https:\\\/\\\/medicinasinc.com\\\/sl\\\/product\\\/kupi-pump-it-bath-sol\\\/#primaryimage\"},\"image\":{\"@id\":\"https:\\\/\\\/medicinasinc.com\\\/sl\\\/product\\\/kupi-pump-it-bath-sol\\\/#primaryimage\"},\"thumbnailUrl\":\"https:\\\/\\\/medicinasinc.com\\\/sl\\\/wp-content\\\/uploads\\\/sites\\\/7\\\/2022\\\/02\\\/Buy-Pump-It-Bath-Salt.jpg\",\"datePublished\":\"2022-02-22T04:11:15+00:00\",\"dateModified\":\"2022-03-19T00:22:02+00:00\",\"description\":\"Kupite kopalno sol Pump It za prodajo v Zdru\u017eenem kraljestvu, Evropi, AU v na\u0161i spletni trgovini Bestglobalmeds s hitro dostavo po vsem svetu! Najbolj\u0161o kopalno sol Pump It za naro\u010danje boste na\u0161li tukaj!\",\"breadcrumb\":{\"@id\":\"https:\\\/\\\/medicinasinc.com\\\/sl\\\/product\\\/kupi-pump-it-bath-sol\\\/#breadcrumb\"},\"inLanguage\":\"en-US\",\"potentialAction\":[{\"@type\":\"ReadAction\",\"target\":[\"https:\\\/\\\/medicinasinc.com\\\/sl\\\/product\\\/kupi-pump-it-bath-sol\\\/\"]}]},{\"@type\":\"ImageObject\",\"inLanguage\":\"en-US\",\"@id\":\"https:\\\/\\\/medicinasinc.com\\\/sl\\\/product\\\/kupi-pump-it-bath-sol\\\/#primaryimage\",\"url\":\"https:\\\/\\\/medicinasinc.com\\\/sl\\\/wp-content\\\/uploads\\\/sites\\\/7\\\/2022\\\/02\\\/Buy-Pump-It-Bath-Salt.jpg\",\"contentUrl\":\"https:\\\/\\\/medicinasinc.com\\\/sl\\\/wp-content\\\/uploads\\\/sites\\\/7\\\/2022\\\/02\\\/Buy-Pump-It-Bath-Salt.jpg\",\"width\":600,\"height\":600},{\"@type\":\"BreadcrumbList\",\"@id\":\"https:\\\/\\\/medicinasinc.com\\\/sl\\\/product\\\/kupi-pump-it-bath-sol\\\/#breadcrumb\",\"itemListElement\":[{\"@type\":\"ListItem\",\"position\":1,\"name\":\"Nakupujte\",\"item\":\"https:\\\/\\\/medicinasinc.com\\\/sl\\\/nakupujte\\\/\"},{\"@type\":\"ListItem\",\"position\":2,\"name\":\"Kupite kopalno sol Pump It\"}]},{\"@type\":\"WebSite\",\"@id\":\"https:\\\/\\\/medicinasinc.com\\\/sl\\\/#website\",\"url\":\"https:\\\/\\\/medicinasinc.com\\\/sl\\\/\",\"name\":\"Medicinas Inc\",\"description\":\"Health Medical Clinic\",\"potentialAction\":[{\"@type\":\"SearchAction\",\"target\":{\"@type\":\"EntryPoint\",\"urlTemplate\":\"https:\\\/\\\/medicinasinc.com\\\/sl\\\/?s={search_term_string}\"},\"query-input\":{\"@type\":\"PropertyValueSpecification\",\"valueRequired\":true,\"valueName\":\"search_term_string\"}}],\"inLanguage\":\"en-US\"}]}<\/script>\n<!-- \/ Yoast SEO plugin. -->","yoast_head_json":{"title":"Kupite kopalno sol Pump It - kopalno sol Pump It - najbolj\u0161a zdravila v svetu","description":"Kupite kopalno sol Pump It za prodajo v Zdru\u017eenem kraljestvu, Evropi, AU v na\u0161i spletni trgovini Bestglobalmeds s hitro dostavo po vsem svetu! Najbolj\u0161o kopalno sol Pump It za naro\u010danje boste na\u0161li tukaj!","robots":{"index":"index","follow":"follow","max-snippet":"max-snippet:-1","max-image-preview":"max-image-preview:large","max-video-preview":"max-video-preview:-1"},"canonical":"https:\/\/medicinasinc.com\/sl\/product\/kupi-pump-it-bath-sol\/","og_locale":"en_US","og_type":"article","og_title":"Kupite kopalno sol Pump It - kopalno sol Pump It - najbolj\u0161a zdravila v svetu","og_description":"Kupite kopalno sol Pump It za prodajo v Zdru\u017eenem kraljestvu, Evropi, AU v na\u0161i spletni trgovini Bestglobalmeds s hitro dostavo po vsem svetu! Najbolj\u0161o kopalno sol Pump It za naro\u010danje boste na\u0161li tukaj!","og_url":"https:\/\/medicinasinc.com\/sl\/product\/kupi-pump-it-bath-sol\/","og_site_name":"Medicinas Inc","article_modified_time":"2022-03-19T00:22:02+00:00","og_image":[{"width":600,"height":600,"url":"https:\/\/medicinasinc.com\/sl\/wp-content\/uploads\/sites\/7\/2022\/02\/Buy-Pump-It-Bath-Salt.jpg","type":"image\/jpeg"}],"twitter_card":"summary_large_image","twitter_misc":{"Est. reading time":"3 minutes"},"schema":{"@context":"https:\/\/schema.org","@graph":[{"@type":"WebPage","@id":"https:\/\/medicinasinc.com\/sl\/product\/kupi-pump-it-bath-sol\/","url":"https:\/\/medicinasinc.com\/sl\/product\/kupi-pump-it-bath-sol\/","name":"Kupite kopalno sol Pump It - kopalno sol Pump It - najbolj\u0161a zdravila v svetu","isPartOf":{"@id":"https:\/\/medicinasinc.com\/sl\/#website"},"primaryImageOfPage":{"@id":"https:\/\/medicinasinc.com\/sl\/product\/kupi-pump-it-bath-sol\/#primaryimage"},"image":{"@id":"https:\/\/medicinasinc.com\/sl\/product\/kupi-pump-it-bath-sol\/#primaryimage"},"thumbnailUrl":"https:\/\/medicinasinc.com\/sl\/wp-content\/uploads\/sites\/7\/2022\/02\/Buy-Pump-It-Bath-Salt.jpg","datePublished":"2022-02-22T04:11:15+00:00","dateModified":"2022-03-19T00:22:02+00:00","description":"Kupite kopalno sol Pump It za prodajo v Zdru\u017eenem kraljestvu, Evropi, AU v na\u0161i spletni trgovini Bestglobalmeds s hitro dostavo po vsem svetu! Najbolj\u0161o kopalno sol Pump It za naro\u010danje boste na\u0161li tukaj!","breadcrumb":{"@id":"https:\/\/medicinasinc.com\/sl\/product\/kupi-pump-it-bath-sol\/#breadcrumb"},"inLanguage":"en-US","potentialAction":[{"@type":"ReadAction","target":["https:\/\/medicinasinc.com\/sl\/product\/kupi-pump-it-bath-sol\/"]}]},{"@type":"ImageObject","inLanguage":"en-US","@id":"https:\/\/medicinasinc.com\/sl\/product\/kupi-pump-it-bath-sol\/#primaryimage","url":"https:\/\/medicinasinc.com\/sl\/wp-content\/uploads\/sites\/7\/2022\/02\/Buy-Pump-It-Bath-Salt.jpg","contentUrl":"https:\/\/medicinasinc.com\/sl\/wp-content\/uploads\/sites\/7\/2022\/02\/Buy-Pump-It-Bath-Salt.jpg","width":600,"height":600},{"@type":"BreadcrumbList","@id":"https:\/\/medicinasinc.com\/sl\/product\/kupi-pump-it-bath-sol\/#breadcrumb","itemListElement":[{"@type":"ListItem","position":1,"name":"Nakupujte","item":"https:\/\/medicinasinc.com\/sl\/nakupujte\/"},{"@type":"ListItem","position":2,"name":"Kupite kopalno sol Pump It"}]},{"@type":"WebSite","@id":"https:\/\/medicinasinc.com\/sl\/#website","url":"https:\/\/medicinasinc.com\/sl\/","name":"Medicinas Inc","description":"Health Medical Clinic","potentialAction":[{"@type":"SearchAction","target":{"@type":"EntryPoint","urlTemplate":"https:\/\/medicinasinc.com\/sl\/?s={search_term_string}"},"query-input":{"@type":"PropertyValueSpecification","valueRequired":true,"valueName":"search_term_string"}}],"inLanguage":"en-US"}]}},"_links":{"self":[{"href":"https:\/\/medicinasinc.com\/sl\/wp-json\/wp\/v2\/product\/5685","targetHints":{"allow":["GET"]}}],"collection":[{"href":"https:\/\/medicinasinc.com\/sl\/wp-json\/wp\/v2\/product"}],"about":[{"href":"https:\/\/medicinasinc.com\/sl\/wp-json\/wp\/v2\/types\/product"}],"replies":[{"embeddable":true,"href":"https:\/\/medicinasinc.com\/sl\/wp-json\/wp\/v2\/comments?post=5685"}],"wp:featuredmedia":[{"embeddable":true,"href":"https:\/\/medicinasinc.com\/sl\/wp-json\/wp\/v2\/media\/5697"}],"wp:attachment":[{"href":"https:\/\/medicinasinc.com\/sl\/wp-json\/wp\/v2\/media?parent=5685"}],"wp:term":[{"taxonomy":"product_brand","embeddable":true,"href":"https:\/\/medicinasinc.com\/sl\/wp-json\/wp\/v2\/product_brand?post=5685"},{"taxonomy":"product_cat","embeddable":true,"href":"https:\/\/medicinasinc.com\/sl\/wp-json\/wp\/v2\/product_cat?post=5685"},{"taxonomy":"product_tag","embeddable":true,"href":"https:\/\/medicinasinc.com\/sl\/wp-json\/wp\/v2\/product_tag?post=5685"}],"curies":[{"name":"wp","href":"https:\/\/api.w.org\/{rel}","templated":true}]}}