{"id":5684,"date":"2022-02-22T04:10:18","date_gmt":"2022-02-22T04:10:18","guid":{"rendered":"https:\/\/medicinasinc.com\/sl\/?post_type=product&#038;p=5684"},"modified":"2022-03-19T00:22:11","modified_gmt":"2022-03-19T00:22:11","slug":"kupi-mmb-2201-prah","status":"publish","type":"product","link":"https:\/\/medicinasinc.com\/sl\/product\/kupi-mmb-2201-prah\/","title":{"rendered":"Kupite MMB-2201 v prahu"},"content":{"rendered":"<p>MDMB-2201 Drug je vrhunska raziskovalna kemikalija, ki jo lahko dobite na spletu po razumni ceni. Zaupanja vreden dobavitelj bestglobalmed.com ponuja 5F-MDMB-2201 po zni\u017eani ceni. Kot oblikovalsko zdravilo in kot aktivna sestavina v me\u0161anicah sintetizirane konoplje je MMB-2201 mo\u010dan sinteti\u010dni kanabinoid na osnovi indola-3-karboksamida.<\/p>\n<p>Sinteti\u010dni kanabinoid na osnovi indola-3-karboksamida MMB-2201 ( znan tudi kot 5F-MMB-PICA, 5F-AMB-PICA in I-AMB) je bil ogla\u0161evan kot oblikovalsko zdravilo in sestavina me\u0161anic sinteti\u010dne konoplje. O njem so prvi\u010d poro\u010dali v Rusiji in Belorusiji januarja 2014, od takrat pa so ga prodajali v \u0161tevilnih drugih dr\u017eavah. Ta spojina je dvojnik indolnega jedra 5F-AMB. sinteti\u010dne spojine konoplje z N-1-metoksikarbonilno skupino, ki vsebuje indol-3-karboksamidno jedro ali indazol-3-karboksamidno jedro, pa tudi izopropilni ali t-butilni substituent, so se izkazale za bistveno bolj \u0161kodljive kot starej\u0161i sinteti\u010dni kanabinoid spojine<\/p>\n<p>Sinteti\u010dni kanabinoid 5F-MDMB-2201 je izjemno podoben MMB-2201 (dru\u017eina indazolov). Tako na receptorje CB1 kot na CB2 ima 5F-MDMB-2201 pomemben u\u010dinek (agonizem).<\/p>\n<p>Metoboli\u010dno ime: metil 2-metil-1H-indol-3-karboksamido-dimetilbutaneat<\/p>\n<p>Kot oblikovalsko zdravilo in aktivna sestavina v me\u0161anicah sinteti\u010dne konoplje je MMB-2201 sinteti\u010dni kanabinoid na osnovi indola-3-karboksamida.<\/p>\n<p>889493-21-2 \u0160tevilka CAS<\/p>\n<p>C21H29FN2O3 je kemi\u010dna formula.<\/p>\n<p>Najmanj\u0161a \u010distost 99,7 odstotkov<\/p>\n<p>376,49 je molekulska masa<\/p>\n<p>Kristali\/pra\u0161ek na videz<\/p>\n<p> Sinteti\u010dni kanabinoid MMB-2201 na osnovi indola-3-karboksamida (znan tudi kot 5F-MMB-PICA, 5F-AMB-PICA in I-AMB) je oblikovalsko zdravilo in aktivna sestavina v me\u0161anicah sinteti\u010dne konoplje. \u010ceprav so ga januarja letos prvotno poro\u010dali o njem v Rusiji in Belorusiji, je bil pozneje naprodaj v \u0161tevilnih drugih dr\u017eavah. V tej spojini najdemo jedro 5F-indola AMB. Ugotovljeno je bilo, da so novej\u0161e sinteti\u010dne spojine konoplje z indol-3-karboksamidnim ali indazol-3-karboksamidnim jedrom in N-1-metoksikarbonilno skupino, povezano z izopropilnim ali t-butilnim substituentom, veliko bolj \u0161kodljive kot starej\u0161e sinteti\u010dne kanabinoidne spojine. &#8211;<\/p>\n<p>Sinteti\u010dni kanabinoid 5F-MDMB-2201 je izjemno podoben MMB-2201 (dru\u017eina indazolov). Oba receptorja CB1 in CB2 sta zelo antagonisti\u010dna proti 5F-MDMB-2201.<\/p>\n<p>Metoboli\u010dno ime: metil 2-metil-1H-indol-3-karboksamido-dimetilbutanat.<\/p>\n<p>Kot metilbutanat. oblikovalsko zdravilo in aktivna sestavina v me\u0161anicah sinteti\u010dne konoplje, MMB-2201 je sinteti\u010dni kanabinoid na osnovi indola-3-karboksamida.<\/p>\n<p>889493-21-2 \u0160tevilka CAS<\/p>\n<p>C21H29FN2O3 je kemi\u010dna formula .<\/p>\n<p>Najmanj\u0161a \u010distost 99,7 odstotkov<\/p>\n<p>376,49 je molekulska masa<\/p>\n<p>Kristali in prah<\/p>\n","protected":false},"excerpt":{"rendered":"<p>Kupite MMB-2201 pra\u0161ek za prodajo v Zdru\u017eenem kraljestvu, Evropi, AU. nudimo najbolj zanesljivo transakcijo in prodajamo po zelo ugodnih cenah. Naro\u010dite MMB-2201 Powder zdaj po najbolj\u0161ih cenah<\/p>\n<p>Kupite na spletu MMB-2201 Powder Pure na spletu. MMB-2201 Pra\u0161ek je tudi: 5F-MMB-PICA, 5F-AMB-PICA ali I-AMB.<\/p>\n<p>5CAKB48 MMB022,\u00a0<em>MPHP2201<\/em>\u00a0visoka \u010distost in rumen\u00a0<em>pra\u0161ek<\/em>\u00a0na spletu &#8230; <em>Mmbfub<\/em>,\u00a0<em>Mphp2201<\/em>, 5f-mdmb-<em>2201<\/em>, 5feapb\/5feapb, Mmb022, 4-cdc, Fub144,\u00a0<em>Fub2201<\/em>.<\/p>\n<p><em>Nakup<\/em>\u00a05F MDMB na spletu &#8211; 5F-MDMB-<em>2201 prah<\/em>\u00a0po ugodni ceni lahko naro\u010dite pri &#8230; 5F MDMB\u00a0<em>2201<\/em>\u00a0kristali so znani tudi kot 5F-<em>MMB<\/em>-PICA, 5F-AMB-PICA in I-AMB.<\/p>\n<p>&nbsp;<\/em> p&gt;<\/p>\n","protected":false},"featured_media":5695,"comment_status":"open","ping_status":"closed","template":"","meta":[],"product_brand":[],"product_cat":[2596],"product_tag":[2600,2611,2601,2608,2605,2606,2607,2612,2613,2616,2614,2603,2615,2604,2629,2619,2621,2620,2622,3564,3563,2626,2627,2628,2625,2610,2602,2609,2631],"class_list":{"0":"post-5684","1":"product","2":"type-product","3":"status-publish","4":"has-post-thumbnail","6":"product_cat-kanabinoidi-za-prodajo","7":"product_tag-5f-mdmb-2201","8":"product_tag-5f-mdmb-2201-dobavitelj-prahu","9":"product_tag-5f-mdmb-2201-kanabinoidi","10":"product_tag-5f-mdmb-2201-odmerjanje-v-prahu","11":"product_tag-5f-mdmb-2201-powder","12":"product_tag-5f-mdmb-2201-powder-australia","13":"product_tag-5f-mdmb-2201-powder-canada","14":"product_tag-5f-mdmb-2201-powder-uk","15":"product_tag-5f-mdmb-2201-powder-usa","16":"product_tag-5f-mdmb-2201-pregled","17":"product_tag-5f-mdmb-2201-powder-vendor","18":"product_tag-5f-mdmb-2201-prodam","19":"product_tag-5f-mdmb-2201-reddit","20":"product_tag-5f-mdmb-2201-prodaja-spletna","21":"product_tag-isti-5f-mdmb-2201-prah","22":"product_tag-bo-kupil-5f-mdmb-2201","23":"product_tag-kupi-5f-mdmb-2201-na-spletu","24":"product_tag-kupi-5f-mdmb-2201-kanabinoidi","25":"product_tag-kupite-5f-mdmb-2201-powder-online","26":"product_tag-odstrani-term-5f-mdmb-2201-5f-mdmb-2201-praek-za-prodaj","27":"product_tag-odstrani-term-5f-mdmb-2201-5f-mdmb-2201-uinek","28":"product_tag-order-5f-mdmb-2201","29":"product_tag-order-5f-mdmb-2201-online","30":"product_tag-order-5f-mdmb-2201-powder","31":"product_tag-mail-5f-mdmb-2201","32":"product_tag-5f-mdmb-2201-powder-review","33":"product_tag-5f-mdmb-2201-kanabinoidi-na-prodaj","34":"product_tag-5f-mdmb-2201-prah-na-prodaj","35":"product_tag-where-to-buy-5f-mdmb-2201","37":"first","38":"instock","39":"shipping-taxable","40":"purchasable","41":"product-type-variable","42":"has-default-attributes"},"yoast_head":"<!-- This site is optimized with the Yoast SEO plugin v27.3 - https:\/\/yoast.com\/product\/yoast-seo-wordpress\/ -->\n<title>Kupite MMB-2201 v prahu - MMB-2201 za prodajo - najbolj\u0161a zdravila v svetu<\/title>\n<meta name=\"description\" content=\"Kupite MMB-2201 pra\u0161ek za prodajo v Zdru\u017eenem kraljestvu, Evropi, AU. nudimo najbolj zanesljivo transakcijo in prodajamo po zelo ugodnih cenah. Naro\u010dite MMB-2201 Powder zdaj po najbolj\u0161ih cenah\" \/>\n<meta name=\"robots\" content=\"index, follow, max-snippet:-1, max-image-preview:large, max-video-preview:-1\" \/>\n<link rel=\"canonical\" href=\"https:\/\/medicinasinc.com\/sl\/product\/kupi-mmb-2201-prah\/\" \/>\n<meta property=\"og:locale\" content=\"en_US\" \/>\n<meta property=\"og:type\" content=\"article\" \/>\n<meta property=\"og:title\" content=\"Kupite MMB-2201 v prahu - MMB-2201 za prodajo - najbolj\u0161a zdravila v svetu\" \/>\n<meta property=\"og:description\" content=\"Kupite MMB-2201 pra\u0161ek za prodajo v Zdru\u017eenem kraljestvu, Evropi, AU. nudimo najbolj zanesljivo transakcijo in prodajamo po zelo ugodnih cenah. Naro\u010dite MMB-2201 Powder zdaj po najbolj\u0161ih cenah\" \/>\n<meta property=\"og:url\" content=\"https:\/\/medicinasinc.com\/sl\/product\/kupi-mmb-2201-prah\/\" \/>\n<meta property=\"og:site_name\" content=\"Medicinas Inc\" \/>\n<meta property=\"article:modified_time\" content=\"2022-03-19T00:22:11+00:00\" \/>\n<meta property=\"og:image\" content=\"https:\/\/medicinasinc.com\/sl\/wp-content\/uploads\/sites\/7\/2022\/02\/Buy-MMB-2201-Powder.jpg\" \/>\n\t<meta property=\"og:image:width\" content=\"600\" \/>\n\t<meta property=\"og:image:height\" content=\"600\" \/>\n\t<meta property=\"og:image:type\" content=\"image\/jpeg\" \/>\n<meta name=\"twitter:card\" content=\"summary_large_image\" \/>\n<meta name=\"twitter:label1\" content=\"Est. reading time\" \/>\n\t<meta name=\"twitter:data1\" content=\"2 minutes\" \/>\n<script type=\"application\/ld+json\" class=\"yoast-schema-graph\">{\"@context\":\"https:\\\/\\\/schema.org\",\"@graph\":[{\"@type\":\"WebPage\",\"@id\":\"https:\\\/\\\/medicinasinc.com\\\/sl\\\/product\\\/kupi-mmb-2201-prah\\\/\",\"url\":\"https:\\\/\\\/medicinasinc.com\\\/sl\\\/product\\\/kupi-mmb-2201-prah\\\/\",\"name\":\"Kupite MMB-2201 v prahu - MMB-2201 za prodajo - najbolj\u0161a zdravila v svetu\",\"isPartOf\":{\"@id\":\"https:\\\/\\\/medicinasinc.com\\\/sl\\\/#website\"},\"primaryImageOfPage\":{\"@id\":\"https:\\\/\\\/medicinasinc.com\\\/sl\\\/product\\\/kupi-mmb-2201-prah\\\/#primaryimage\"},\"image\":{\"@id\":\"https:\\\/\\\/medicinasinc.com\\\/sl\\\/product\\\/kupi-mmb-2201-prah\\\/#primaryimage\"},\"thumbnailUrl\":\"https:\\\/\\\/medicinasinc.com\\\/sl\\\/wp-content\\\/uploads\\\/sites\\\/7\\\/2022\\\/02\\\/Buy-MMB-2201-Powder.jpg\",\"datePublished\":\"2022-02-22T04:10:18+00:00\",\"dateModified\":\"2022-03-19T00:22:11+00:00\",\"description\":\"Kupite MMB-2201 pra\u0161ek za prodajo v Zdru\u017eenem kraljestvu, Evropi, AU. nudimo najbolj zanesljivo transakcijo in prodajamo po zelo ugodnih cenah. Naro\u010dite MMB-2201 Powder zdaj po najbolj\u0161ih cenah\",\"breadcrumb\":{\"@id\":\"https:\\\/\\\/medicinasinc.com\\\/sl\\\/product\\\/kupi-mmb-2201-prah\\\/#breadcrumb\"},\"inLanguage\":\"en-US\",\"potentialAction\":[{\"@type\":\"ReadAction\",\"target\":[\"https:\\\/\\\/medicinasinc.com\\\/sl\\\/product\\\/kupi-mmb-2201-prah\\\/\"]}]},{\"@type\":\"ImageObject\",\"inLanguage\":\"en-US\",\"@id\":\"https:\\\/\\\/medicinasinc.com\\\/sl\\\/product\\\/kupi-mmb-2201-prah\\\/#primaryimage\",\"url\":\"https:\\\/\\\/medicinasinc.com\\\/sl\\\/wp-content\\\/uploads\\\/sites\\\/7\\\/2022\\\/02\\\/Buy-MMB-2201-Powder.jpg\",\"contentUrl\":\"https:\\\/\\\/medicinasinc.com\\\/sl\\\/wp-content\\\/uploads\\\/sites\\\/7\\\/2022\\\/02\\\/Buy-MMB-2201-Powder.jpg\",\"width\":600,\"height\":600},{\"@type\":\"BreadcrumbList\",\"@id\":\"https:\\\/\\\/medicinasinc.com\\\/sl\\\/product\\\/kupi-mmb-2201-prah\\\/#breadcrumb\",\"itemListElement\":[{\"@type\":\"ListItem\",\"position\":1,\"name\":\"Nakupujte\",\"item\":\"https:\\\/\\\/medicinasinc.com\\\/sl\\\/nakupujte\\\/\"},{\"@type\":\"ListItem\",\"position\":2,\"name\":\"Kupite MMB-2201 v prahu\"}]},{\"@type\":\"WebSite\",\"@id\":\"https:\\\/\\\/medicinasinc.com\\\/sl\\\/#website\",\"url\":\"https:\\\/\\\/medicinasinc.com\\\/sl\\\/\",\"name\":\"Medicinas Inc\",\"description\":\"Health Medical Clinic\",\"potentialAction\":[{\"@type\":\"SearchAction\",\"target\":{\"@type\":\"EntryPoint\",\"urlTemplate\":\"https:\\\/\\\/medicinasinc.com\\\/sl\\\/?s={search_term_string}\"},\"query-input\":{\"@type\":\"PropertyValueSpecification\",\"valueRequired\":true,\"valueName\":\"search_term_string\"}}],\"inLanguage\":\"en-US\"}]}<\/script>\n<!-- \/ Yoast SEO plugin. -->","yoast_head_json":{"title":"Kupite MMB-2201 v prahu - MMB-2201 za prodajo - najbolj\u0161a zdravila v svetu","description":"Kupite MMB-2201 pra\u0161ek za prodajo v Zdru\u017eenem kraljestvu, Evropi, AU. nudimo najbolj zanesljivo transakcijo in prodajamo po zelo ugodnih cenah. Naro\u010dite MMB-2201 Powder zdaj po najbolj\u0161ih cenah","robots":{"index":"index","follow":"follow","max-snippet":"max-snippet:-1","max-image-preview":"max-image-preview:large","max-video-preview":"max-video-preview:-1"},"canonical":"https:\/\/medicinasinc.com\/sl\/product\/kupi-mmb-2201-prah\/","og_locale":"en_US","og_type":"article","og_title":"Kupite MMB-2201 v prahu - MMB-2201 za prodajo - najbolj\u0161a zdravila v svetu","og_description":"Kupite MMB-2201 pra\u0161ek za prodajo v Zdru\u017eenem kraljestvu, Evropi, AU. nudimo najbolj zanesljivo transakcijo in prodajamo po zelo ugodnih cenah. Naro\u010dite MMB-2201 Powder zdaj po najbolj\u0161ih cenah","og_url":"https:\/\/medicinasinc.com\/sl\/product\/kupi-mmb-2201-prah\/","og_site_name":"Medicinas Inc","article_modified_time":"2022-03-19T00:22:11+00:00","og_image":[{"width":600,"height":600,"url":"https:\/\/medicinasinc.com\/sl\/wp-content\/uploads\/sites\/7\/2022\/02\/Buy-MMB-2201-Powder.jpg","type":"image\/jpeg"}],"twitter_card":"summary_large_image","twitter_misc":{"Est. reading time":"2 minutes"},"schema":{"@context":"https:\/\/schema.org","@graph":[{"@type":"WebPage","@id":"https:\/\/medicinasinc.com\/sl\/product\/kupi-mmb-2201-prah\/","url":"https:\/\/medicinasinc.com\/sl\/product\/kupi-mmb-2201-prah\/","name":"Kupite MMB-2201 v prahu - MMB-2201 za prodajo - najbolj\u0161a zdravila v svetu","isPartOf":{"@id":"https:\/\/medicinasinc.com\/sl\/#website"},"primaryImageOfPage":{"@id":"https:\/\/medicinasinc.com\/sl\/product\/kupi-mmb-2201-prah\/#primaryimage"},"image":{"@id":"https:\/\/medicinasinc.com\/sl\/product\/kupi-mmb-2201-prah\/#primaryimage"},"thumbnailUrl":"https:\/\/medicinasinc.com\/sl\/wp-content\/uploads\/sites\/7\/2022\/02\/Buy-MMB-2201-Powder.jpg","datePublished":"2022-02-22T04:10:18+00:00","dateModified":"2022-03-19T00:22:11+00:00","description":"Kupite MMB-2201 pra\u0161ek za prodajo v Zdru\u017eenem kraljestvu, Evropi, AU. nudimo najbolj zanesljivo transakcijo in prodajamo po zelo ugodnih cenah. Naro\u010dite MMB-2201 Powder zdaj po najbolj\u0161ih cenah","breadcrumb":{"@id":"https:\/\/medicinasinc.com\/sl\/product\/kupi-mmb-2201-prah\/#breadcrumb"},"inLanguage":"en-US","potentialAction":[{"@type":"ReadAction","target":["https:\/\/medicinasinc.com\/sl\/product\/kupi-mmb-2201-prah\/"]}]},{"@type":"ImageObject","inLanguage":"en-US","@id":"https:\/\/medicinasinc.com\/sl\/product\/kupi-mmb-2201-prah\/#primaryimage","url":"https:\/\/medicinasinc.com\/sl\/wp-content\/uploads\/sites\/7\/2022\/02\/Buy-MMB-2201-Powder.jpg","contentUrl":"https:\/\/medicinasinc.com\/sl\/wp-content\/uploads\/sites\/7\/2022\/02\/Buy-MMB-2201-Powder.jpg","width":600,"height":600},{"@type":"BreadcrumbList","@id":"https:\/\/medicinasinc.com\/sl\/product\/kupi-mmb-2201-prah\/#breadcrumb","itemListElement":[{"@type":"ListItem","position":1,"name":"Nakupujte","item":"https:\/\/medicinasinc.com\/sl\/nakupujte\/"},{"@type":"ListItem","position":2,"name":"Kupite MMB-2201 v prahu"}]},{"@type":"WebSite","@id":"https:\/\/medicinasinc.com\/sl\/#website","url":"https:\/\/medicinasinc.com\/sl\/","name":"Medicinas Inc","description":"Health Medical Clinic","potentialAction":[{"@type":"SearchAction","target":{"@type":"EntryPoint","urlTemplate":"https:\/\/medicinasinc.com\/sl\/?s={search_term_string}"},"query-input":{"@type":"PropertyValueSpecification","valueRequired":true,"valueName":"search_term_string"}}],"inLanguage":"en-US"}]}},"_links":{"self":[{"href":"https:\/\/medicinasinc.com\/sl\/wp-json\/wp\/v2\/product\/5684","targetHints":{"allow":["GET"]}}],"collection":[{"href":"https:\/\/medicinasinc.com\/sl\/wp-json\/wp\/v2\/product"}],"about":[{"href":"https:\/\/medicinasinc.com\/sl\/wp-json\/wp\/v2\/types\/product"}],"replies":[{"embeddable":true,"href":"https:\/\/medicinasinc.com\/sl\/wp-json\/wp\/v2\/comments?post=5684"}],"wp:featuredmedia":[{"embeddable":true,"href":"https:\/\/medicinasinc.com\/sl\/wp-json\/wp\/v2\/media\/5695"}],"wp:attachment":[{"href":"https:\/\/medicinasinc.com\/sl\/wp-json\/wp\/v2\/media?parent=5684"}],"wp:term":[{"taxonomy":"product_brand","embeddable":true,"href":"https:\/\/medicinasinc.com\/sl\/wp-json\/wp\/v2\/product_brand?post=5684"},{"taxonomy":"product_cat","embeddable":true,"href":"https:\/\/medicinasinc.com\/sl\/wp-json\/wp\/v2\/product_cat?post=5684"},{"taxonomy":"product_tag","embeddable":true,"href":"https:\/\/medicinasinc.com\/sl\/wp-json\/wp\/v2\/product_tag?post=5684"}],"curies":[{"name":"wp","href":"https:\/\/api.w.org\/{rel}","templated":true}]}}