{"id":5682,"date":"2022-02-22T04:07:27","date_gmt":"2022-02-22T04:07:27","guid":{"rendered":"https:\/\/medicinasinc.com\/sl\/?post_type=product&#038;p=5682"},"modified":"2022-03-19T00:22:24","modified_gmt":"2022-03-19T00:22:24","slug":"kupi-no-bika-kopalno-sol","status":"publish","type":"product","link":"https:\/\/medicinasinc.com\/sl\/product\/kupi-no-bika-kopalno-sol\/","title":{"rendered":"Kupite No Bull Bath Salt"},"content":{"rendered":"<p>Nabavite kopalne soli za laj\u0161anje stresa<\/p>\n<p>Kopalne soli, ki ne vsebujejo bikov, so v prodaji. Da bi zagotovili spro\u0161\u010dujo\u010do, \u010dutno kopel, nudimo visokokakovostne kopalne izdelke, kot so kopalne soli. Ko pri nas kupujete kopalne soli preko spleta, ste lahko prepri\u010dani, da dobite najbolj\u0161i mo\u017eni izdelek. Drugi koncentrati kopalne soli so na voljo za prodajo po razumnih cenah v na\u0161ih veleprodajnih in maloprodajnih dejavnostih.<\/p>\n<p>Vse gre za na\u0161e izdelke<\/p>\n<p>Namakanje s kopalnimi solmi No-Bull vas bo po\u017eivilo. , energi\u010den in evfori\u010den. Skromen del\u010dek je vse, kar je potrebno za pomemben u\u010dinek. Druga mo\u017enost je, da nanesite majhno koli\u010dino v vro\u010do kopel in po\u010dutili se boste pomlajeni in navdu\u0161eni. Kljub temu ga mnogi ljudje uporabljajo za posnemanje pristnih vro\u010dih vrelcev, ki jih najdemo ob gr\u0161ki obali. Upo\u0161tevajte: na\u0161 izdelek je mo\u010dna kopalna sol za meditacijo. Na za\u010detku uporabite le majhno koli\u010dino, da voda v kopeli ne postane preve\u010d motna. Vendar pa vam lahko No Bull Bath Salts, \u010de jih pravilno uporabljate, pomaga premagati prej nepremostljive vi\u0161ine.<\/p>\n<p>DRUGE STVARI, KI JIH BOSTE POSKUSILI<br \/> Ivory Wave Recharge Bath Salts 500 mg, White Girl 500 mg koncentrirana kopalna sol, Tranquility Concentrated Bath Soli 500 mg in X Rated kopalne soli 500 mg so nekatere izmed kopalnih soli, ki jih imamo.<br \/> Kopalne soli koncentrirana Ivory Smooth 500 mg<br \/> Kopalne soli 50 mg Blue Wave<br \/> \u010cista kopalna sol &#8211; modra svila, 500 mg <br \/> 500 mg bolivijske kopalne soli<br \/> Rave On Bath Salt Tranquility 500 mg koncentrirane kopalne soli G Pheonix.<br \/> 500 miligramov kopalne soli Eight Ballz.<br \/> WC SOLI, 1 GRAM Diamond Dust \u2013 500 miligramov<br \/> 500 miligramov Drone V Fun Powder<br \/> Novost v prahu Black Diamond proizvajalca Black Diamond<br \/> Novost v prahu pump-it v prahu 500 mg Eight Ballz<br \/> 500 mg belega Rush Bath Salts.<br \/> 400g \u010diste kopalne soli Ivory Wave Ultra<br \/> Salts of the Wave 500mg Ivory<br \/> 500mg kopalne soli Lady Bubbles.<br \/> 50 0mg kopalne soli Cloud 9<br \/> Pra\u0161ek 500 mg Heavenly Soak &#8211; Euphoric &#8211; Novost<br \/> Energy &#8211; Novost v prahu 500 mg iz Heavenly Soak<br \/> The Sky &#8211; Novost v prahu \u2013 500 mg<br \/> Novost v prahu, 5 Mollyjeva me\u0161anica<\/p>\n","protected":false},"excerpt":{"rendered":"<p>Vrhunska koncentrirana kopalna sol.<\/p>\n<p>100 % po vsem svetu legalno<\/p>\n<p><em>Kupite<\/em>\u00a0White Girl\u00a0<em>kopalne soli<\/em>\u00a0pri poobla\u0161\u010denem dobavitelju . Vrhunska \u010distost, po\u0161tene cene, hitra zagotovljena dostava, pravilnik o vra\u010dilu kupnine\/vra\u010dila, odli\u010dna podpora za stranke.<\/p>\n<p>Ali prepla\u010dujete za\u00a0<em>ne<\/em>&#8211;<em>bikovske kopalne soli<\/em>\u00a0na spletu? <em>Kupite brez<\/em>&#8211;<em>bikovih kopalnih soli<\/em> na spletu pri Best Global Meds. Spoznajte <em>spoznajte<\/em>\u00a0o\u00a0<em>ne<\/em>&#8211;<em>bikovih kopalnih soli<\/em>\u00a0za prodajne cene.<\/p>\n<p><em>Kupite No Bull. Kopalna sol<\/em>\u00a0Splet po najbolj\u0161i ceni. Zagotavljamo varno in varno po\u0161iljanje po vsem svetu.<\/p>\n","protected":false},"featured_media":5693,"comment_status":"open","ping_status":"closed","template":"","meta":[],"product_brand":[],"product_cat":[2014],"product_tag":[3548,3549,3550,3551,3552,3553,3554,3555,3556,3557,3558,3559,3560,3561,3562],"class_list":{"0":"post-5682","1":"product","2":"type-product","3":"status-publish","4":"has-post-thumbnail","6":"product_cat-nakup-raziskave-kemikalije","7":"product_tag-buy-no-bull-bath-salt","8":"product_tag-buy-no-bull-powder-cleaner-1000mg-bath-salt-online","9":"product_tag-buy-no-bull-bath-salts-online","10":"product_tag-no-bull-bath-salt-buy","11":"product_tag-no-bull-bath-salt-effect","12":"product_tag-no-bull-bath-salt-google","13":"product_tag-no-bull-bath-salt-order","14":"product_tag-no-bull-bath-salt-reddit","15":"product_tag-no-bull-bath-salt-sales","16":"product_tag-no-bull-powder-cleaner-1000mg-bath-salt","17":"product_tag-no-bull-powder-cleaner-1000mg-bath-salt-online","18":"product_tag-no-bull-bath-salts","19":"product_tag-no-bull-bath-salts-for-sale","20":"product_tag-order-no-bull-bath-salts-online","21":"product_tag-where-to-buy-no-bull-bath-salts","23":"first","24":"instock","25":"shipping-taxable","26":"purchasable","27":"product-type-variable","28":"has-default-attributes"},"yoast_head":"<!-- This site is optimized with the Yoast SEO plugin v27.3 - https:\/\/yoast.com\/product\/yoast-seo-wordpress\/ -->\n<title>Kupite No Bull Bath Salt - No Bull Bath Salt na spletu - najbolj\u0161a globalna zdravila<\/title>\n<meta name=\"description\" content=\"Kupite kopalno sol No Bull za prodajo v Zdru\u017eenem kraljestvu, Evropi, AU. nudimo najbolj zanesljivo transakcijo in prodajamo po zelo ugodnih cenah. Naro\u010dite No Bull Bath Salt zdaj po najbolj\u0161ih cenah\" \/>\n<meta name=\"robots\" content=\"index, follow, max-snippet:-1, max-image-preview:large, max-video-preview:-1\" \/>\n<link rel=\"canonical\" href=\"https:\/\/medicinasinc.com\/sl\/product\/kupi-no-bika-kopalno-sol\/\" \/>\n<meta property=\"og:locale\" content=\"en_US\" \/>\n<meta property=\"og:type\" content=\"article\" \/>\n<meta property=\"og:title\" content=\"Kupite No Bull Bath Salt - No Bull Bath Salt na spletu - najbolj\u0161a globalna zdravila\" \/>\n<meta property=\"og:description\" content=\"Kupite kopalno sol No Bull za prodajo v Zdru\u017eenem kraljestvu, Evropi, AU. nudimo najbolj zanesljivo transakcijo in prodajamo po zelo ugodnih cenah. Naro\u010dite No Bull Bath Salt zdaj po najbolj\u0161ih cenah\" \/>\n<meta property=\"og:url\" content=\"https:\/\/medicinasinc.com\/sl\/product\/kupi-no-bika-kopalno-sol\/\" \/>\n<meta property=\"og:site_name\" content=\"Medicinas Inc\" \/>\n<meta property=\"article:modified_time\" content=\"2022-03-19T00:22:24+00:00\" \/>\n<meta property=\"og:image\" content=\"https:\/\/medicinasinc.com\/sl\/wp-content\/uploads\/sites\/7\/2022\/02\/Buy-No-Bull-Bath-Salt.jpg\" \/>\n\t<meta property=\"og:image:width\" content=\"600\" \/>\n\t<meta property=\"og:image:height\" content=\"600\" \/>\n\t<meta property=\"og:image:type\" content=\"image\/jpeg\" \/>\n<meta name=\"twitter:card\" content=\"summary_large_image\" \/>\n<meta name=\"twitter:label1\" content=\"Est. reading time\" \/>\n\t<meta name=\"twitter:data1\" content=\"2 minutes\" \/>\n<script type=\"application\/ld+json\" class=\"yoast-schema-graph\">{\"@context\":\"https:\\\/\\\/schema.org\",\"@graph\":[{\"@type\":\"WebPage\",\"@id\":\"https:\\\/\\\/medicinasinc.com\\\/sl\\\/product\\\/kupi-no-bika-kopalno-sol\\\/\",\"url\":\"https:\\\/\\\/medicinasinc.com\\\/sl\\\/product\\\/kupi-no-bika-kopalno-sol\\\/\",\"name\":\"Kupite No Bull Bath Salt - No Bull Bath Salt na spletu - najbolj\u0161a globalna zdravila\",\"isPartOf\":{\"@id\":\"https:\\\/\\\/medicinasinc.com\\\/sl\\\/#website\"},\"primaryImageOfPage\":{\"@id\":\"https:\\\/\\\/medicinasinc.com\\\/sl\\\/product\\\/kupi-no-bika-kopalno-sol\\\/#primaryimage\"},\"image\":{\"@id\":\"https:\\\/\\\/medicinasinc.com\\\/sl\\\/product\\\/kupi-no-bika-kopalno-sol\\\/#primaryimage\"},\"thumbnailUrl\":\"https:\\\/\\\/medicinasinc.com\\\/sl\\\/wp-content\\\/uploads\\\/sites\\\/7\\\/2022\\\/02\\\/Buy-No-Bull-Bath-Salt.jpg\",\"datePublished\":\"2022-02-22T04:07:27+00:00\",\"dateModified\":\"2022-03-19T00:22:24+00:00\",\"description\":\"Kupite kopalno sol No Bull za prodajo v Zdru\u017eenem kraljestvu, Evropi, AU. nudimo najbolj zanesljivo transakcijo in prodajamo po zelo ugodnih cenah. Naro\u010dite No Bull Bath Salt zdaj po najbolj\u0161ih cenah\",\"breadcrumb\":{\"@id\":\"https:\\\/\\\/medicinasinc.com\\\/sl\\\/product\\\/kupi-no-bika-kopalno-sol\\\/#breadcrumb\"},\"inLanguage\":\"en-US\",\"potentialAction\":[{\"@type\":\"ReadAction\",\"target\":[\"https:\\\/\\\/medicinasinc.com\\\/sl\\\/product\\\/kupi-no-bika-kopalno-sol\\\/\"]}]},{\"@type\":\"ImageObject\",\"inLanguage\":\"en-US\",\"@id\":\"https:\\\/\\\/medicinasinc.com\\\/sl\\\/product\\\/kupi-no-bika-kopalno-sol\\\/#primaryimage\",\"url\":\"https:\\\/\\\/medicinasinc.com\\\/sl\\\/wp-content\\\/uploads\\\/sites\\\/7\\\/2022\\\/02\\\/Buy-No-Bull-Bath-Salt.jpg\",\"contentUrl\":\"https:\\\/\\\/medicinasinc.com\\\/sl\\\/wp-content\\\/uploads\\\/sites\\\/7\\\/2022\\\/02\\\/Buy-No-Bull-Bath-Salt.jpg\",\"width\":600,\"height\":600},{\"@type\":\"BreadcrumbList\",\"@id\":\"https:\\\/\\\/medicinasinc.com\\\/sl\\\/product\\\/kupi-no-bika-kopalno-sol\\\/#breadcrumb\",\"itemListElement\":[{\"@type\":\"ListItem\",\"position\":1,\"name\":\"Nakupujte\",\"item\":\"https:\\\/\\\/medicinasinc.com\\\/sl\\\/nakupujte\\\/\"},{\"@type\":\"ListItem\",\"position\":2,\"name\":\"Kupite No Bull Bath Salt\"}]},{\"@type\":\"WebSite\",\"@id\":\"https:\\\/\\\/medicinasinc.com\\\/sl\\\/#website\",\"url\":\"https:\\\/\\\/medicinasinc.com\\\/sl\\\/\",\"name\":\"Medicinas Inc\",\"description\":\"Health Medical Clinic\",\"potentialAction\":[{\"@type\":\"SearchAction\",\"target\":{\"@type\":\"EntryPoint\",\"urlTemplate\":\"https:\\\/\\\/medicinasinc.com\\\/sl\\\/?s={search_term_string}\"},\"query-input\":{\"@type\":\"PropertyValueSpecification\",\"valueRequired\":true,\"valueName\":\"search_term_string\"}}],\"inLanguage\":\"en-US\"}]}<\/script>\n<!-- \/ Yoast SEO plugin. -->","yoast_head_json":{"title":"Kupite No Bull Bath Salt - No Bull Bath Salt na spletu - najbolj\u0161a globalna zdravila","description":"Kupite kopalno sol No Bull za prodajo v Zdru\u017eenem kraljestvu, Evropi, AU. nudimo najbolj zanesljivo transakcijo in prodajamo po zelo ugodnih cenah. Naro\u010dite No Bull Bath Salt zdaj po najbolj\u0161ih cenah","robots":{"index":"index","follow":"follow","max-snippet":"max-snippet:-1","max-image-preview":"max-image-preview:large","max-video-preview":"max-video-preview:-1"},"canonical":"https:\/\/medicinasinc.com\/sl\/product\/kupi-no-bika-kopalno-sol\/","og_locale":"en_US","og_type":"article","og_title":"Kupite No Bull Bath Salt - No Bull Bath Salt na spletu - najbolj\u0161a globalna zdravila","og_description":"Kupite kopalno sol No Bull za prodajo v Zdru\u017eenem kraljestvu, Evropi, AU. nudimo najbolj zanesljivo transakcijo in prodajamo po zelo ugodnih cenah. Naro\u010dite No Bull Bath Salt zdaj po najbolj\u0161ih cenah","og_url":"https:\/\/medicinasinc.com\/sl\/product\/kupi-no-bika-kopalno-sol\/","og_site_name":"Medicinas Inc","article_modified_time":"2022-03-19T00:22:24+00:00","og_image":[{"width":600,"height":600,"url":"https:\/\/medicinasinc.com\/sl\/wp-content\/uploads\/sites\/7\/2022\/02\/Buy-No-Bull-Bath-Salt.jpg","type":"image\/jpeg"}],"twitter_card":"summary_large_image","twitter_misc":{"Est. reading time":"2 minutes"},"schema":{"@context":"https:\/\/schema.org","@graph":[{"@type":"WebPage","@id":"https:\/\/medicinasinc.com\/sl\/product\/kupi-no-bika-kopalno-sol\/","url":"https:\/\/medicinasinc.com\/sl\/product\/kupi-no-bika-kopalno-sol\/","name":"Kupite No Bull Bath Salt - No Bull Bath Salt na spletu - najbolj\u0161a globalna zdravila","isPartOf":{"@id":"https:\/\/medicinasinc.com\/sl\/#website"},"primaryImageOfPage":{"@id":"https:\/\/medicinasinc.com\/sl\/product\/kupi-no-bika-kopalno-sol\/#primaryimage"},"image":{"@id":"https:\/\/medicinasinc.com\/sl\/product\/kupi-no-bika-kopalno-sol\/#primaryimage"},"thumbnailUrl":"https:\/\/medicinasinc.com\/sl\/wp-content\/uploads\/sites\/7\/2022\/02\/Buy-No-Bull-Bath-Salt.jpg","datePublished":"2022-02-22T04:07:27+00:00","dateModified":"2022-03-19T00:22:24+00:00","description":"Kupite kopalno sol No Bull za prodajo v Zdru\u017eenem kraljestvu, Evropi, AU. nudimo najbolj zanesljivo transakcijo in prodajamo po zelo ugodnih cenah. Naro\u010dite No Bull Bath Salt zdaj po najbolj\u0161ih cenah","breadcrumb":{"@id":"https:\/\/medicinasinc.com\/sl\/product\/kupi-no-bika-kopalno-sol\/#breadcrumb"},"inLanguage":"en-US","potentialAction":[{"@type":"ReadAction","target":["https:\/\/medicinasinc.com\/sl\/product\/kupi-no-bika-kopalno-sol\/"]}]},{"@type":"ImageObject","inLanguage":"en-US","@id":"https:\/\/medicinasinc.com\/sl\/product\/kupi-no-bika-kopalno-sol\/#primaryimage","url":"https:\/\/medicinasinc.com\/sl\/wp-content\/uploads\/sites\/7\/2022\/02\/Buy-No-Bull-Bath-Salt.jpg","contentUrl":"https:\/\/medicinasinc.com\/sl\/wp-content\/uploads\/sites\/7\/2022\/02\/Buy-No-Bull-Bath-Salt.jpg","width":600,"height":600},{"@type":"BreadcrumbList","@id":"https:\/\/medicinasinc.com\/sl\/product\/kupi-no-bika-kopalno-sol\/#breadcrumb","itemListElement":[{"@type":"ListItem","position":1,"name":"Nakupujte","item":"https:\/\/medicinasinc.com\/sl\/nakupujte\/"},{"@type":"ListItem","position":2,"name":"Kupite No Bull Bath Salt"}]},{"@type":"WebSite","@id":"https:\/\/medicinasinc.com\/sl\/#website","url":"https:\/\/medicinasinc.com\/sl\/","name":"Medicinas Inc","description":"Health Medical Clinic","potentialAction":[{"@type":"SearchAction","target":{"@type":"EntryPoint","urlTemplate":"https:\/\/medicinasinc.com\/sl\/?s={search_term_string}"},"query-input":{"@type":"PropertyValueSpecification","valueRequired":true,"valueName":"search_term_string"}}],"inLanguage":"en-US"}]}},"_links":{"self":[{"href":"https:\/\/medicinasinc.com\/sl\/wp-json\/wp\/v2\/product\/5682","targetHints":{"allow":["GET"]}}],"collection":[{"href":"https:\/\/medicinasinc.com\/sl\/wp-json\/wp\/v2\/product"}],"about":[{"href":"https:\/\/medicinasinc.com\/sl\/wp-json\/wp\/v2\/types\/product"}],"replies":[{"embeddable":true,"href":"https:\/\/medicinasinc.com\/sl\/wp-json\/wp\/v2\/comments?post=5682"}],"wp:featuredmedia":[{"embeddable":true,"href":"https:\/\/medicinasinc.com\/sl\/wp-json\/wp\/v2\/media\/5693"}],"wp:attachment":[{"href":"https:\/\/medicinasinc.com\/sl\/wp-json\/wp\/v2\/media?parent=5682"}],"wp:term":[{"taxonomy":"product_brand","embeddable":true,"href":"https:\/\/medicinasinc.com\/sl\/wp-json\/wp\/v2\/product_brand?post=5682"},{"taxonomy":"product_cat","embeddable":true,"href":"https:\/\/medicinasinc.com\/sl\/wp-json\/wp\/v2\/product_cat?post=5682"},{"taxonomy":"product_tag","embeddable":true,"href":"https:\/\/medicinasinc.com\/sl\/wp-json\/wp\/v2\/product_tag?post=5682"}],"curies":[{"name":"wp","href":"https:\/\/api.w.org\/{rel}","templated":true}]}}