{"id":5677,"date":"2022-02-22T04:00:21","date_gmt":"2022-02-22T04:00:21","guid":{"rendered":"https:\/\/medicinasinc.com\/sl\/?post_type=product&#038;p=5677"},"modified":"2022-03-19T00:22:33","modified_gmt":"2022-03-19T00:22:33","slug":"kupi-metoksetamin","status":"publish","type":"product","link":"https:\/\/medicinasinc.com\/sl\/product\/kupi-metoksetamin\/","title":{"rendered":"Kupite metoksetamin"},"content":{"rendered":"<p>Metoksetamin MXE za prodajo na internetu<\/p>\n<p>Ali veste, kaj je?<\/p>\n<p>Disociativni halucinogen Metoxetamine MXE Online, skraj\u0161ano kot MXE, je bil naprodaj kot oblikovalsko zdravilo. Za farmacevtski trg so bili ustvarjeni disociativi, kot sta ketamin in fenciklidin (PCP), ki sta bila namenjena medicinski uporabi kot anestetiki. Metoxetamin je mogo\u010de kupiti na spletu ali pri lokalnih prodajalcih. Na prodaj je metoksetamin MXE v prahu, ki ga je mogo\u010de kupiti po nizki ceni ali kupiti v razsutem stanju po vi\u0161ji ceni.<\/p>\n<p>Metoksetamin (MXE), halucinogen in anestetik, ki deluje kot antagonist na receptorju NMDA. , je povezan z veterinarskim zdravilom ketamin. U\u010dinki metoksetamina naj bi bili mo\u010dnej\u0161i in dolgotrajnej\u0161i od u\u010dinkov ketamina, zaradi \u010desar je idealna mo\u017enost za \u0161tudente, ki raziskujejo to snov. Metoxetamin je na voljo pri BAC izklju\u010dno za raziskovalne namene. MXE Methoxetamine na spletu brez recepta<\/p>\n<p>Metoksetamin je priljubljeno zdravilo in mnogi posamezniki i\u0161\u010dejo na\u010dine, kako ga dobiti, ne da bi zapustili svoje domove. Posledi\u010dno zahtevajo \u010dim enostavnej\u0161e mo\u017enosti pla\u010dila in dostave. Vendar jih skrbi predvsem to, da ostanejo neopa\u017eeni. Vendar pa lahko metoksetamin anonimno in varno kupite tukaj, tako da denar po\u0161ljete s kreditno kartico. Po\u0161iljanje denarja prek Western Uniona ali Money Grama je preprost na\u010din za to. Morda pa \u017eelimo pogledati na diskretnost. Zato menimo, da je Bitcoin idealno pla\u010dilno sredstvo. Nadaljujte in oddajte svoje naro\u010dilo zdaj, nato pa nam po\u0161ljite potrditev, ko kon\u010date.<\/p>\n<p>Methoxetamine MXE za prodajo na internetu<\/p>\n<p>Kot ugleden dobavitelj raziskovalnih kemikalij in farmacevtskih izdelkov, na\u0161a kemi\u010dna trgovina je bila poslana v skoraj vse dr\u017eave na svetu. Za udobje na\u0161ih strank jemljemo tudi bitcoin in darilne kartice. Spodaj je nekaj na\u0161ih najbolj priljubljenih izdelkov.<\/p>\n<p>MXE prah na trgu za prodajo<br \/> Kupite 25 I-NBOMe na spletu.<br \/> Kristale A-PVP lahko kupite<br \/> Actavis promethazin s kodeinom 32 oz je na voljo za nakup.<br \/> AB-PINACA lahko kupite na spletu.<br \/> Adderall na spletu brez recepta<br \/> Kupite AK-B48<br \/> Kupite amfetamin v prahu.<br \/> Butilonski kristali naprodaj<\/p>\n","protected":false},"excerpt":{"rendered":"<p>Kupite Methoxetamine MXE za prodajo v Zdru\u017eenem kraljestvu, Evropi, AU. nudimo najbolj zanesljivo transakcijo in prodajamo po zelo ugodnih cenah. Naro\u010dite Methoxetamine MXE zdaj po najbolj\u0161ih cenah<\/p>\n<p>Ljudje lahko kupijo Methoxetamine MXE za prodajo v Zdru\u017eenem kraljestvu. Ljudje, ki kupujejo pri nas, so lahko prepri\u010dani, da bodo dobili tisto, za kar pla\u010dajo. Metoxetamine MXE lahko zdaj kupite po najbolj\u0161ih cenah.<\/p>\n<p>Kupite metoksetamin na spletu, naro\u010dite najbolj\u0161o 99-odstotno \u010disto no\u010dno dostavo MXE in ugotovite, kje lahko kupite metoksetamin s kreditno kartico. Cena MXE.<\/p>\n<p>Metoksetamin je zdravilo, ki se uporablja za zdravljenje bole\u010dine. Halucinogen, imenovan Methoxetamine MXE, ali skraj\u0161ano MXE, je bil prodan kot &#8220;oblikovalska droga.&#8221;<\/p>\n","protected":false},"featured_media":5687,"comment_status":"open","ping_status":"closed","template":"","meta":[],"product_brand":[],"product_cat":[2014],"product_tag":[3524,3283,3525,3526,3527,3530,3531,3528,3529,3545,3532,3533,3534,3535,3536,3537,3538,3539,3540,3541,3542,3543,3544,3546,3547],"class_list":{"0":"post-5677","1":"product","2":"type-product","3":"status-publish","4":"has-post-thumbnail","6":"product_cat-nakup-raziskave-kemikalije","7":"product_tag-best-mxe-vendor","8":"product_tag-best-place-to-buy-mxe","9":"product_tag-buy-methoxetamine","10":"product_tag-buy-methoxetamine-mxe-online","11":"product_tag-buy-methoxetamine-online","12":"product_tag-buy-mxe-research-chemical","13":"product_tag-buy-mxe-united-states","14":"product_tag-kupi-mxe-1g","15":"product_tag-buy-mxe-online","16":"product_tag-nakup-metoxetamin","17":"product_tag-kupi-raziskave-kemikalije-metoxetamin","18":"product_tag-methoxetamine-for-sale","19":"product_tag-methoxetamine-online","20":"product_tag-mxe","21":"product_tag-mxe-buy","22":"product_tag-mxe-buy-online","23":"product_tag-mxe-drug-for-sale","24":"product_tag-mxe-drug-info","25":"product_tag-mxe-for-sale","26":"product_tag-mxe-methoxetamine","27":"product_tag-mxe-methoxetamine-erowid","28":"product_tag-mxe-vendor","29":"product_tag-order-methoxetamine-online","30":"product_tag-where-can-i-buy-mxe","31":"product_tag-where-to-buy-mxe-online","33":"first","34":"instock","35":"shipping-taxable","36":"purchasable","37":"product-type-variable","38":"has-default-attributes"},"yoast_head":"<!-- This site is optimized with the Yoast SEO plugin v27.3 - https:\/\/yoast.com\/product\/yoast-seo-wordpress\/ -->\n<title>Kupite Methoxetamine - Methoxetamine - Best Global Meds<\/title>\n<meta name=\"description\" content=\"Kupite Methoxetamine MXE za prodajo v Zdru\u017eenem kraljestvu, Evropi, AU. nudimo najbolj zanesljivo transakcijo in prodajamo po zelo ugodnih cenah. Naro\u010dite Methoxetamine MXE zdaj po najbolj\u0161ih cenah\" \/>\n<meta name=\"robots\" content=\"index, follow, max-snippet:-1, max-image-preview:large, max-video-preview:-1\" \/>\n<link rel=\"canonical\" href=\"https:\/\/medicinasinc.com\/sl\/product\/kupi-metoksetamin\/\" \/>\n<meta property=\"og:locale\" content=\"en_US\" \/>\n<meta property=\"og:type\" content=\"article\" \/>\n<meta property=\"og:title\" content=\"Kupite Methoxetamine - Methoxetamine - Best Global Meds\" \/>\n<meta property=\"og:description\" content=\"Kupite Methoxetamine MXE za prodajo v Zdru\u017eenem kraljestvu, Evropi, AU. nudimo najbolj zanesljivo transakcijo in prodajamo po zelo ugodnih cenah. Naro\u010dite Methoxetamine MXE zdaj po najbolj\u0161ih cenah\" \/>\n<meta property=\"og:url\" content=\"https:\/\/medicinasinc.com\/sl\/product\/kupi-metoksetamin\/\" \/>\n<meta property=\"og:site_name\" content=\"Medicinas Inc\" \/>\n<meta property=\"article:modified_time\" content=\"2022-03-19T00:22:33+00:00\" \/>\n<meta property=\"og:image\" content=\"https:\/\/medicinasinc.com\/sl\/wp-content\/uploads\/sites\/7\/2022\/02\/Buy-Methoxetamine.webp\" \/>\n\t<meta property=\"og:image:width\" content=\"750\" \/>\n\t<meta property=\"og:image:height\" content=\"461\" \/>\n\t<meta property=\"og:image:type\" content=\"image\/webp\" \/>\n<meta name=\"twitter:card\" content=\"summary_large_image\" \/>\n<meta name=\"twitter:label1\" content=\"Est. reading time\" \/>\n\t<meta name=\"twitter:data1\" content=\"2 minutes\" \/>\n<script type=\"application\/ld+json\" class=\"yoast-schema-graph\">{\"@context\":\"https:\\\/\\\/schema.org\",\"@graph\":[{\"@type\":\"WebPage\",\"@id\":\"https:\\\/\\\/medicinasinc.com\\\/sl\\\/product\\\/kupi-metoksetamin\\\/\",\"url\":\"https:\\\/\\\/medicinasinc.com\\\/sl\\\/product\\\/kupi-metoksetamin\\\/\",\"name\":\"Kupite Methoxetamine - Methoxetamine - Best Global Meds\",\"isPartOf\":{\"@id\":\"https:\\\/\\\/medicinasinc.com\\\/sl\\\/#website\"},\"primaryImageOfPage\":{\"@id\":\"https:\\\/\\\/medicinasinc.com\\\/sl\\\/product\\\/kupi-metoksetamin\\\/#primaryimage\"},\"image\":{\"@id\":\"https:\\\/\\\/medicinasinc.com\\\/sl\\\/product\\\/kupi-metoksetamin\\\/#primaryimage\"},\"thumbnailUrl\":\"https:\\\/\\\/medicinasinc.com\\\/sl\\\/wp-content\\\/uploads\\\/sites\\\/7\\\/2022\\\/02\\\/Buy-Methoxetamine.webp\",\"datePublished\":\"2022-02-22T04:00:21+00:00\",\"dateModified\":\"2022-03-19T00:22:33+00:00\",\"description\":\"Kupite Methoxetamine MXE za prodajo v Zdru\u017eenem kraljestvu, Evropi, AU. nudimo najbolj zanesljivo transakcijo in prodajamo po zelo ugodnih cenah. Naro\u010dite Methoxetamine MXE zdaj po najbolj\u0161ih cenah\",\"breadcrumb\":{\"@id\":\"https:\\\/\\\/medicinasinc.com\\\/sl\\\/product\\\/kupi-metoksetamin\\\/#breadcrumb\"},\"inLanguage\":\"en-US\",\"potentialAction\":[{\"@type\":\"ReadAction\",\"target\":[\"https:\\\/\\\/medicinasinc.com\\\/sl\\\/product\\\/kupi-metoksetamin\\\/\"]}]},{\"@type\":\"ImageObject\",\"inLanguage\":\"en-US\",\"@id\":\"https:\\\/\\\/medicinasinc.com\\\/sl\\\/product\\\/kupi-metoksetamin\\\/#primaryimage\",\"url\":\"https:\\\/\\\/medicinasinc.com\\\/sl\\\/wp-content\\\/uploads\\\/sites\\\/7\\\/2022\\\/02\\\/Buy-Methoxetamine.webp\",\"contentUrl\":\"https:\\\/\\\/medicinasinc.com\\\/sl\\\/wp-content\\\/uploads\\\/sites\\\/7\\\/2022\\\/02\\\/Buy-Methoxetamine.webp\",\"width\":750,\"height\":461},{\"@type\":\"BreadcrumbList\",\"@id\":\"https:\\\/\\\/medicinasinc.com\\\/sl\\\/product\\\/kupi-metoksetamin\\\/#breadcrumb\",\"itemListElement\":[{\"@type\":\"ListItem\",\"position\":1,\"name\":\"Nakupujte\",\"item\":\"https:\\\/\\\/medicinasinc.com\\\/sl\\\/nakupujte\\\/\"},{\"@type\":\"ListItem\",\"position\":2,\"name\":\"Kupite metoksetamin\"}]},{\"@type\":\"WebSite\",\"@id\":\"https:\\\/\\\/medicinasinc.com\\\/sl\\\/#website\",\"url\":\"https:\\\/\\\/medicinasinc.com\\\/sl\\\/\",\"name\":\"Medicinas Inc\",\"description\":\"Health Medical Clinic\",\"potentialAction\":[{\"@type\":\"SearchAction\",\"target\":{\"@type\":\"EntryPoint\",\"urlTemplate\":\"https:\\\/\\\/medicinasinc.com\\\/sl\\\/?s={search_term_string}\"},\"query-input\":{\"@type\":\"PropertyValueSpecification\",\"valueRequired\":true,\"valueName\":\"search_term_string\"}}],\"inLanguage\":\"en-US\"}]}<\/script>\n<!-- \/ Yoast SEO plugin. -->","yoast_head_json":{"title":"Kupite Methoxetamine - Methoxetamine - Best Global Meds","description":"Kupite Methoxetamine MXE za prodajo v Zdru\u017eenem kraljestvu, Evropi, AU. nudimo najbolj zanesljivo transakcijo in prodajamo po zelo ugodnih cenah. Naro\u010dite Methoxetamine MXE zdaj po najbolj\u0161ih cenah","robots":{"index":"index","follow":"follow","max-snippet":"max-snippet:-1","max-image-preview":"max-image-preview:large","max-video-preview":"max-video-preview:-1"},"canonical":"https:\/\/medicinasinc.com\/sl\/product\/kupi-metoksetamin\/","og_locale":"en_US","og_type":"article","og_title":"Kupite Methoxetamine - Methoxetamine - Best Global Meds","og_description":"Kupite Methoxetamine MXE za prodajo v Zdru\u017eenem kraljestvu, Evropi, AU. nudimo najbolj zanesljivo transakcijo in prodajamo po zelo ugodnih cenah. Naro\u010dite Methoxetamine MXE zdaj po najbolj\u0161ih cenah","og_url":"https:\/\/medicinasinc.com\/sl\/product\/kupi-metoksetamin\/","og_site_name":"Medicinas Inc","article_modified_time":"2022-03-19T00:22:33+00:00","og_image":[{"width":750,"height":461,"url":"https:\/\/medicinasinc.com\/sl\/wp-content\/uploads\/sites\/7\/2022\/02\/Buy-Methoxetamine.webp","type":"image\/webp"}],"twitter_card":"summary_large_image","twitter_misc":{"Est. reading time":"2 minutes"},"schema":{"@context":"https:\/\/schema.org","@graph":[{"@type":"WebPage","@id":"https:\/\/medicinasinc.com\/sl\/product\/kupi-metoksetamin\/","url":"https:\/\/medicinasinc.com\/sl\/product\/kupi-metoksetamin\/","name":"Kupite Methoxetamine - Methoxetamine - Best Global Meds","isPartOf":{"@id":"https:\/\/medicinasinc.com\/sl\/#website"},"primaryImageOfPage":{"@id":"https:\/\/medicinasinc.com\/sl\/product\/kupi-metoksetamin\/#primaryimage"},"image":{"@id":"https:\/\/medicinasinc.com\/sl\/product\/kupi-metoksetamin\/#primaryimage"},"thumbnailUrl":"https:\/\/medicinasinc.com\/sl\/wp-content\/uploads\/sites\/7\/2022\/02\/Buy-Methoxetamine.webp","datePublished":"2022-02-22T04:00:21+00:00","dateModified":"2022-03-19T00:22:33+00:00","description":"Kupite Methoxetamine MXE za prodajo v Zdru\u017eenem kraljestvu, Evropi, AU. nudimo najbolj zanesljivo transakcijo in prodajamo po zelo ugodnih cenah. Naro\u010dite Methoxetamine MXE zdaj po najbolj\u0161ih cenah","breadcrumb":{"@id":"https:\/\/medicinasinc.com\/sl\/product\/kupi-metoksetamin\/#breadcrumb"},"inLanguage":"en-US","potentialAction":[{"@type":"ReadAction","target":["https:\/\/medicinasinc.com\/sl\/product\/kupi-metoksetamin\/"]}]},{"@type":"ImageObject","inLanguage":"en-US","@id":"https:\/\/medicinasinc.com\/sl\/product\/kupi-metoksetamin\/#primaryimage","url":"https:\/\/medicinasinc.com\/sl\/wp-content\/uploads\/sites\/7\/2022\/02\/Buy-Methoxetamine.webp","contentUrl":"https:\/\/medicinasinc.com\/sl\/wp-content\/uploads\/sites\/7\/2022\/02\/Buy-Methoxetamine.webp","width":750,"height":461},{"@type":"BreadcrumbList","@id":"https:\/\/medicinasinc.com\/sl\/product\/kupi-metoksetamin\/#breadcrumb","itemListElement":[{"@type":"ListItem","position":1,"name":"Nakupujte","item":"https:\/\/medicinasinc.com\/sl\/nakupujte\/"},{"@type":"ListItem","position":2,"name":"Kupite metoksetamin"}]},{"@type":"WebSite","@id":"https:\/\/medicinasinc.com\/sl\/#website","url":"https:\/\/medicinasinc.com\/sl\/","name":"Medicinas Inc","description":"Health Medical Clinic","potentialAction":[{"@type":"SearchAction","target":{"@type":"EntryPoint","urlTemplate":"https:\/\/medicinasinc.com\/sl\/?s={search_term_string}"},"query-input":{"@type":"PropertyValueSpecification","valueRequired":true,"valueName":"search_term_string"}}],"inLanguage":"en-US"}]}},"_links":{"self":[{"href":"https:\/\/medicinasinc.com\/sl\/wp-json\/wp\/v2\/product\/5677","targetHints":{"allow":["GET"]}}],"collection":[{"href":"https:\/\/medicinasinc.com\/sl\/wp-json\/wp\/v2\/product"}],"about":[{"href":"https:\/\/medicinasinc.com\/sl\/wp-json\/wp\/v2\/types\/product"}],"replies":[{"embeddable":true,"href":"https:\/\/medicinasinc.com\/sl\/wp-json\/wp\/v2\/comments?post=5677"}],"wp:featuredmedia":[{"embeddable":true,"href":"https:\/\/medicinasinc.com\/sl\/wp-json\/wp\/v2\/media\/5687"}],"wp:attachment":[{"href":"https:\/\/medicinasinc.com\/sl\/wp-json\/wp\/v2\/media?parent=5677"}],"wp:term":[{"taxonomy":"product_brand","embeddable":true,"href":"https:\/\/medicinasinc.com\/sl\/wp-json\/wp\/v2\/product_brand?post=5677"},{"taxonomy":"product_cat","embeddable":true,"href":"https:\/\/medicinasinc.com\/sl\/wp-json\/wp\/v2\/product_cat?post=5677"},{"taxonomy":"product_tag","embeddable":true,"href":"https:\/\/medicinasinc.com\/sl\/wp-json\/wp\/v2\/product_tag?post=5677"}],"curies":[{"name":"wp","href":"https:\/\/api.w.org\/{rel}","templated":true}]}}