{"id":5673,"date":"2022-02-22T03:54:58","date_gmt":"2022-02-22T03:54:58","guid":{"rendered":"https:\/\/medicinasinc.com\/sl\/?post_type=product&#038;p=5673"},"modified":"2022-03-19T00:22:43","modified_gmt":"2022-03-19T00:22:43","slug":"kupi-alprox-2mg-tablete-xanax","status":"publish","type":"product","link":"https:\/\/medicinasinc.com\/sl\/product\/kupi-alprox-2mg-tablete-xanax\/","title":{"rendered":"Kupite tablete Alprox 2 mg (Xanax)"},"content":{"rendered":"<p>Ljudje, ki \u017eelijo kupiti poceni 2mg XANAX na spletu, naj jih poi\u0161\u010dejo. Naro\u010dite XANAX 2mg pri Global Home Med po nizki ceni in ga dostavite kar na va\u0161a vrata!<\/p>\n<p>Alprazolam je mogo\u010de kupiti v Zdru\u017eenem kraljestvu, tako da lahko to storite. Znamka zdravila Xanax, imenovana Alprazolam, ima 2 mg droga v njej. V Zdru\u017eenem kraljestvu je mo\u010dneje vzeti 2 mg tableto tega dobrega zdravila proti anksioznosti.<\/p>\n<p>Ljudje, ki \u017eelijo kupiti Xanax, ga lahko kupijo na spletu. Xanax plo\u0161\u010dice naprodaj \u2013 Kupite xanax 2mg na spletu \u2013 kupite xanax 1mg na spletu \u2013<\/p>\n<p>Xanax vam lahko povzro\u010di zaspanost in pomiritev, zaradi \u010desar se boste po\u010dutili spro\u0161\u010deno in spro\u0161\u010deno.<\/p>\n<p>Kupite Xanax 2Mg v. Zdru\u017eeno Kraljestvo. Naro\u010dite Xanax \u010dez no\u010d na smiseln na\u010din. Fussy Wilburn spro\u017ei svojo sublimacijsko ponudbo za nakup Xanaxa na Redditu.<\/p>\n<p>Ljudje lahko kupijo poceni Xanax brez zdravni\u0161kega obvestila. Ko kupite zoloft na spletu, ga najdete v najbolj\u0161ih spletnih lekarnah. Prav tako lahko kupite poceni xanax in fentermin na spletu. Na tej sliki lahko vidite generi\u010dne plo\u0161\u010dice Xanax 2mg, ki izgledajo kot prava stvar.<\/p>\n<p>Za zdravljenje pani\u010dnih motenj in anksioznosti kupite Xanax 2mg tablete alprazolam 0,5mg, 1mg ali 2mg. Ljudje, ki se bojijo in so pod stresom, so lahko zelo prestra\u0161eni in pod stresom. Najbolje je, da za\u010dnete z majhno koli\u010dino in nato postopoma pove\u010date koli\u010dino. Ne prenehajte jemati tega zdravila takoj, ker lahko povzro\u010di odtegnitvene simptome, kot so epilepti\u010dni napadi, agresivno vedenje, zamegljen vid in drugo, na primer, ko ga prenehate jemati.<\/p>\n<p>Vzemite tableto Alprazolam 0,5 MG z ali brez nje. hrano, vendar ne jejte ni\u010desar, preden jo vzamete. Ne jemljite ve\u010d, kot vam je naro\u010dil zdravnik. \u010ce imate slabe stranske u\u010dinke, obi\u0161\u010dite zdravnika. Preden prenehate jemati zdravilo, se posvetujte s svojim zdravnikom, ker se lahko zaradi tega po\u010dutite slabo.<\/p>\n<p>Na\u010din delovanja<br \/> To zdravilo se ve\u017ee na kloridne kanale in omogo\u010da pretok kloridnih ionov in. To povzro\u010di, da membrana nevrona postane bolj stabilna in hiperpolarizirana, kar prepre\u010duje, da bi se celica bolj razburila.<\/p>\n","protected":false},"excerpt":{"rendered":"<p>Kupite tablete Alprox xanax 2 mg za prodajo v Zdru\u017eenem kraljestvu, Evropi. kupi Alprox na spletu, kupi xanax na spletu, kupi na spletu alprox, kupi xanax, Alprox 2mg, kje lahko kupim alprox na spletu.<\/p>\n<p>Na spletu lahko kupite tablete Alprox 2mg za prodajo po nizki ceni (Xanax). V tem primeru lahko dobite Alprox na spletu. Dobite ga lahko tudi na spletu, kupite Alprox na spletu, dobite xanax na spletu in ugotovite, kje ga lahko dobite.<\/p>\n<p>Alprazolam Xanax 2 mg tablete lahko kupite v na\u0161i trgovini z zdravili Global in jih hitro dobite v katero koli dr\u017eavo na svetu! Tukaj boste na\u0161li najbolj\u0161e tablete Alprazolam 2 MG, ki jih lahko kupite.<\/p>\n<p>Kupite tableto Xanax 2 MG se uporablja za zdravljenje pani\u010dnih motenj in anksioznosti, kot sta nenaden skrajni strah in stres, ki sta posledica stresa. Najbolje je, da za\u010dnete z majhno koli\u010dino in nato postopoma pove\u010date koli\u010dino. Ne prenehajte jemati tega zdravila takoj, ker lahko povzro\u010di odtegnitvene simptome, kot so kr\u010di, agresivno vedenje, zamegljen vid in drugo, \u010de ga prehitro prenehate jemati.<\/p>\n","protected":false},"featured_media":5683,"comment_status":"open","ping_status":"closed","template":"","meta":[],"product_brand":[],"product_cat":[1117],"product_tag":[1143,3502,3504,3505,3506,1182,1189,1168,3503,1188,3507,1192,1194,3508,3509,3510,3511,3512,3513,3514,3515,3516,3517,3518,3519,3520,3521,3522,3523],"class_list":{"0":"post-5673","1":"product","2":"type-product","3":"status-publish","4":"has-post-thumbnail","6":"product_cat-kupite-tablete-proti-bolecinam-spanju-seksu","7":"product_tag-alprazolam-for-sale","8":"product_tag-best-shop-xanax-2-mg-uk","9":"product_tag-buy-xanax-2-mg-uk","10":"product_tag-buy-xanax-2mg","11":"product_tag-buy-xanax-online","12":"product_tag-kako-kupiti-alprazolam-na-spletu","13":"product_tag-nakup-alprazolam-online","14":"product_tag-kupi-alprazolam-online","15":"product_tag-buy-xanax-2-mg","16":"product_tag-order-alprazolam-online","17":"product_tag-order-xanax-2-mg-uk","18":"product_tag-the-best-place-to-buy-alprazolam-online","19":"product_tag-where-to-buy-alprazolam-online","20":"product_tag-where-to-buy-xanax-2-mg-uk","21":"product_tag-xanax-2-mg-effect","22":"product_tag-xanax-2-mg-europe","23":"product_tag-xanax-2-mg-for-sale","24":"product_tag-xanax-2-mg-for-sale-uk","25":"product_tag-xanax-2-mg-google","26":"product_tag-xanax-2-mg-online-uk","27":"product_tag-xanax-2-mg-pregnant-woman","28":"product_tag-xanax-2-mg-reddit","29":"product_tag-xanax-2-mg-uk","30":"product_tag-xanax-2mg-buy","31":"product_tag-xanax-2mg-effect","32":"product_tag-xanax-2mg-for-sale","33":"product_tag-xanax-2mg-order","34":"product_tag-xanax-2mg-reddit","35":"product_tag-xanax-bar-for-sale","37":"first","38":"instock","39":"shipping-taxable","40":"purchasable","41":"product-type-variable","42":"has-default-attributes"},"yoast_head":"<!-- This site is optimized with the Yoast SEO plugin v27.3 - https:\/\/yoast.com\/product\/yoast-seo-wordpress\/ -->\n<title>Kupite tablete Alprox 2 mg (Xanax) - Xanax 2 mg - Best Global Meds<\/title>\n<meta name=\"description\" content=\"Kupite tablete Alprox xanax 2 mg za prodajo v Zdru\u017eenem kraljestvu, Evropi. kupi Alprox na spletu, kupi xanax na spletu, kupi na spletu alprox, kupi xanax, naro\u010di Alprox 2mg, kje lahko kupim alprox na spletu.\" \/>\n<meta name=\"robots\" content=\"index, follow, max-snippet:-1, max-image-preview:large, max-video-preview:-1\" \/>\n<link rel=\"canonical\" href=\"https:\/\/medicinasinc.com\/sl\/product\/kupi-alprox-2mg-tablete-xanax\/\" \/>\n<meta property=\"og:locale\" content=\"en_US\" \/>\n<meta property=\"og:type\" content=\"article\" \/>\n<meta property=\"og:title\" content=\"Kupite tablete Alprox 2 mg (Xanax) - Xanax 2 mg - Best Global Meds\" \/>\n<meta property=\"og:description\" content=\"Kupite tablete Alprox xanax 2 mg za prodajo v Zdru\u017eenem kraljestvu, Evropi. kupi Alprox na spletu, kupi xanax na spletu, kupi na spletu alprox, kupi xanax, naro\u010di Alprox 2mg, kje lahko kupim alprox na spletu.\" \/>\n<meta property=\"og:url\" content=\"https:\/\/medicinasinc.com\/sl\/product\/kupi-alprox-2mg-tablete-xanax\/\" \/>\n<meta property=\"og:site_name\" content=\"Medicinas Inc\" \/>\n<meta property=\"article:modified_time\" content=\"2022-03-19T00:22:43+00:00\" \/>\n<meta property=\"og:image\" content=\"https:\/\/medicinasinc.com\/sl\/wp-content\/uploads\/sites\/7\/2022\/02\/Buy-xanax-2-mg.jpg\" \/>\n\t<meta property=\"og:image:width\" content=\"400\" \/>\n\t<meta property=\"og:image:height\" content=\"350\" \/>\n\t<meta property=\"og:image:type\" content=\"image\/jpeg\" \/>\n<meta name=\"twitter:card\" content=\"summary_large_image\" \/>\n<meta name=\"twitter:label1\" content=\"Est. reading time\" \/>\n\t<meta name=\"twitter:data1\" content=\"2 minutes\" \/>\n<script type=\"application\/ld+json\" class=\"yoast-schema-graph\">{\"@context\":\"https:\\\/\\\/schema.org\",\"@graph\":[{\"@type\":\"WebPage\",\"@id\":\"https:\\\/\\\/medicinasinc.com\\\/sl\\\/product\\\/kupi-alprox-2mg-tablete-xanax\\\/\",\"url\":\"https:\\\/\\\/medicinasinc.com\\\/sl\\\/product\\\/kupi-alprox-2mg-tablete-xanax\\\/\",\"name\":\"Kupite tablete Alprox 2 mg (Xanax) - Xanax 2 mg - Best Global Meds\",\"isPartOf\":{\"@id\":\"https:\\\/\\\/medicinasinc.com\\\/sl\\\/#website\"},\"primaryImageOfPage\":{\"@id\":\"https:\\\/\\\/medicinasinc.com\\\/sl\\\/product\\\/kupi-alprox-2mg-tablete-xanax\\\/#primaryimage\"},\"image\":{\"@id\":\"https:\\\/\\\/medicinasinc.com\\\/sl\\\/product\\\/kupi-alprox-2mg-tablete-xanax\\\/#primaryimage\"},\"thumbnailUrl\":\"https:\\\/\\\/medicinasinc.com\\\/sl\\\/wp-content\\\/uploads\\\/sites\\\/7\\\/2022\\\/02\\\/Buy-xanax-2-mg.jpg\",\"datePublished\":\"2022-02-22T03:54:58+00:00\",\"dateModified\":\"2022-03-19T00:22:43+00:00\",\"description\":\"Kupite tablete Alprox xanax 2 mg za prodajo v Zdru\u017eenem kraljestvu, Evropi. kupi Alprox na spletu, kupi xanax na spletu, kupi na spletu alprox, kupi xanax, naro\u010di Alprox 2mg, kje lahko kupim alprox na spletu.\",\"breadcrumb\":{\"@id\":\"https:\\\/\\\/medicinasinc.com\\\/sl\\\/product\\\/kupi-alprox-2mg-tablete-xanax\\\/#breadcrumb\"},\"inLanguage\":\"en-US\",\"potentialAction\":[{\"@type\":\"ReadAction\",\"target\":[\"https:\\\/\\\/medicinasinc.com\\\/sl\\\/product\\\/kupi-alprox-2mg-tablete-xanax\\\/\"]}]},{\"@type\":\"ImageObject\",\"inLanguage\":\"en-US\",\"@id\":\"https:\\\/\\\/medicinasinc.com\\\/sl\\\/product\\\/kupi-alprox-2mg-tablete-xanax\\\/#primaryimage\",\"url\":\"https:\\\/\\\/medicinasinc.com\\\/sl\\\/wp-content\\\/uploads\\\/sites\\\/7\\\/2022\\\/02\\\/Buy-xanax-2-mg.jpg\",\"contentUrl\":\"https:\\\/\\\/medicinasinc.com\\\/sl\\\/wp-content\\\/uploads\\\/sites\\\/7\\\/2022\\\/02\\\/Buy-xanax-2-mg.jpg\",\"width\":400,\"height\":350},{\"@type\":\"BreadcrumbList\",\"@id\":\"https:\\\/\\\/medicinasinc.com\\\/sl\\\/product\\\/kupi-alprox-2mg-tablete-xanax\\\/#breadcrumb\",\"itemListElement\":[{\"@type\":\"ListItem\",\"position\":1,\"name\":\"Nakupujte\",\"item\":\"https:\\\/\\\/medicinasinc.com\\\/sl\\\/nakupujte\\\/\"},{\"@type\":\"ListItem\",\"position\":2,\"name\":\"Kupite tablete Alprox 2 mg (Xanax)\"}]},{\"@type\":\"WebSite\",\"@id\":\"https:\\\/\\\/medicinasinc.com\\\/sl\\\/#website\",\"url\":\"https:\\\/\\\/medicinasinc.com\\\/sl\\\/\",\"name\":\"Medicinas Inc\",\"description\":\"Health Medical Clinic\",\"potentialAction\":[{\"@type\":\"SearchAction\",\"target\":{\"@type\":\"EntryPoint\",\"urlTemplate\":\"https:\\\/\\\/medicinasinc.com\\\/sl\\\/?s={search_term_string}\"},\"query-input\":{\"@type\":\"PropertyValueSpecification\",\"valueRequired\":true,\"valueName\":\"search_term_string\"}}],\"inLanguage\":\"en-US\"}]}<\/script>\n<!-- \/ Yoast SEO plugin. -->","yoast_head_json":{"title":"Kupite tablete Alprox 2 mg (Xanax) - Xanax 2 mg - Best Global Meds","description":"Kupite tablete Alprox xanax 2 mg za prodajo v Zdru\u017eenem kraljestvu, Evropi. kupi Alprox na spletu, kupi xanax na spletu, kupi na spletu alprox, kupi xanax, naro\u010di Alprox 2mg, kje lahko kupim alprox na spletu.","robots":{"index":"index","follow":"follow","max-snippet":"max-snippet:-1","max-image-preview":"max-image-preview:large","max-video-preview":"max-video-preview:-1"},"canonical":"https:\/\/medicinasinc.com\/sl\/product\/kupi-alprox-2mg-tablete-xanax\/","og_locale":"en_US","og_type":"article","og_title":"Kupite tablete Alprox 2 mg (Xanax) - Xanax 2 mg - Best Global Meds","og_description":"Kupite tablete Alprox xanax 2 mg za prodajo v Zdru\u017eenem kraljestvu, Evropi. kupi Alprox na spletu, kupi xanax na spletu, kupi na spletu alprox, kupi xanax, naro\u010di Alprox 2mg, kje lahko kupim alprox na spletu.","og_url":"https:\/\/medicinasinc.com\/sl\/product\/kupi-alprox-2mg-tablete-xanax\/","og_site_name":"Medicinas Inc","article_modified_time":"2022-03-19T00:22:43+00:00","og_image":[{"width":400,"height":350,"url":"https:\/\/medicinasinc.com\/sl\/wp-content\/uploads\/sites\/7\/2022\/02\/Buy-xanax-2-mg.jpg","type":"image\/jpeg"}],"twitter_card":"summary_large_image","twitter_misc":{"Est. reading time":"2 minutes"},"schema":{"@context":"https:\/\/schema.org","@graph":[{"@type":"WebPage","@id":"https:\/\/medicinasinc.com\/sl\/product\/kupi-alprox-2mg-tablete-xanax\/","url":"https:\/\/medicinasinc.com\/sl\/product\/kupi-alprox-2mg-tablete-xanax\/","name":"Kupite tablete Alprox 2 mg (Xanax) - Xanax 2 mg - Best Global Meds","isPartOf":{"@id":"https:\/\/medicinasinc.com\/sl\/#website"},"primaryImageOfPage":{"@id":"https:\/\/medicinasinc.com\/sl\/product\/kupi-alprox-2mg-tablete-xanax\/#primaryimage"},"image":{"@id":"https:\/\/medicinasinc.com\/sl\/product\/kupi-alprox-2mg-tablete-xanax\/#primaryimage"},"thumbnailUrl":"https:\/\/medicinasinc.com\/sl\/wp-content\/uploads\/sites\/7\/2022\/02\/Buy-xanax-2-mg.jpg","datePublished":"2022-02-22T03:54:58+00:00","dateModified":"2022-03-19T00:22:43+00:00","description":"Kupite tablete Alprox xanax 2 mg za prodajo v Zdru\u017eenem kraljestvu, Evropi. kupi Alprox na spletu, kupi xanax na spletu, kupi na spletu alprox, kupi xanax, naro\u010di Alprox 2mg, kje lahko kupim alprox na spletu.","breadcrumb":{"@id":"https:\/\/medicinasinc.com\/sl\/product\/kupi-alprox-2mg-tablete-xanax\/#breadcrumb"},"inLanguage":"en-US","potentialAction":[{"@type":"ReadAction","target":["https:\/\/medicinasinc.com\/sl\/product\/kupi-alprox-2mg-tablete-xanax\/"]}]},{"@type":"ImageObject","inLanguage":"en-US","@id":"https:\/\/medicinasinc.com\/sl\/product\/kupi-alprox-2mg-tablete-xanax\/#primaryimage","url":"https:\/\/medicinasinc.com\/sl\/wp-content\/uploads\/sites\/7\/2022\/02\/Buy-xanax-2-mg.jpg","contentUrl":"https:\/\/medicinasinc.com\/sl\/wp-content\/uploads\/sites\/7\/2022\/02\/Buy-xanax-2-mg.jpg","width":400,"height":350},{"@type":"BreadcrumbList","@id":"https:\/\/medicinasinc.com\/sl\/product\/kupi-alprox-2mg-tablete-xanax\/#breadcrumb","itemListElement":[{"@type":"ListItem","position":1,"name":"Nakupujte","item":"https:\/\/medicinasinc.com\/sl\/nakupujte\/"},{"@type":"ListItem","position":2,"name":"Kupite tablete Alprox 2 mg (Xanax)"}]},{"@type":"WebSite","@id":"https:\/\/medicinasinc.com\/sl\/#website","url":"https:\/\/medicinasinc.com\/sl\/","name":"Medicinas Inc","description":"Health Medical Clinic","potentialAction":[{"@type":"SearchAction","target":{"@type":"EntryPoint","urlTemplate":"https:\/\/medicinasinc.com\/sl\/?s={search_term_string}"},"query-input":{"@type":"PropertyValueSpecification","valueRequired":true,"valueName":"search_term_string"}}],"inLanguage":"en-US"}]}},"_links":{"self":[{"href":"https:\/\/medicinasinc.com\/sl\/wp-json\/wp\/v2\/product\/5673","targetHints":{"allow":["GET"]}}],"collection":[{"href":"https:\/\/medicinasinc.com\/sl\/wp-json\/wp\/v2\/product"}],"about":[{"href":"https:\/\/medicinasinc.com\/sl\/wp-json\/wp\/v2\/types\/product"}],"replies":[{"embeddable":true,"href":"https:\/\/medicinasinc.com\/sl\/wp-json\/wp\/v2\/comments?post=5673"}],"wp:featuredmedia":[{"embeddable":true,"href":"https:\/\/medicinasinc.com\/sl\/wp-json\/wp\/v2\/media\/5683"}],"wp:attachment":[{"href":"https:\/\/medicinasinc.com\/sl\/wp-json\/wp\/v2\/media?parent=5673"}],"wp:term":[{"taxonomy":"product_brand","embeddable":true,"href":"https:\/\/medicinasinc.com\/sl\/wp-json\/wp\/v2\/product_brand?post=5673"},{"taxonomy":"product_cat","embeddable":true,"href":"https:\/\/medicinasinc.com\/sl\/wp-json\/wp\/v2\/product_cat?post=5673"},{"taxonomy":"product_tag","embeddable":true,"href":"https:\/\/medicinasinc.com\/sl\/wp-json\/wp\/v2\/product_tag?post=5673"}],"curies":[{"name":"wp","href":"https:\/\/api.w.org\/{rel}","templated":true}]}}