{"id":5667,"date":"2022-02-22T03:49:11","date_gmt":"2022-02-22T03:49:11","guid":{"rendered":"https:\/\/medicinasinc.com\/sl\/?post_type=product&#038;p=5667"},"modified":"2022-03-19T00:22:54","modified_gmt":"2022-03-19T00:22:54","slug":"kupi-kamni-na-sol","status":"publish","type":"product","link":"https:\/\/medicinasinc.com\/sl\/product\/kupi-kamni-na-sol\/","title":{"rendered":"Kupite kameno sol za kopel"},"content":{"rendered":"<p><strong>V tem primeru lahko kupite kopalno sol Rock On Bath Salt na spletu.<\/strong><\/p>\n<p>Kupite Rock On Bath Salt za prodajo v Zdru\u017eenem kraljestvu, Evropi in AU za dobro cena. Ljudje, ki kupujejo pri nas, so lahko prepri\u010dani, da bodo dobili tisto, za kar pla\u010dajo. Ta sol za kopel je zdaj po najbolj\u0161ih cenah.<\/p>\n","protected":false},"excerpt":{"rendered":"<div class=\"woocommerce-product-details__short-description\">\n<p><strong>Cena izdelka je za 10 gramov<\/strong><\/p>\n<p>Kupite kameno sol za kopel za prodajo v Zdru\u017eenem kraljestvu, Evropi, AU nudimo najbolj zanesljivo transakcijo in prodajamo po zelo ugodnih cenah. Rock On Bath Salt zdaj po najbolj\u0161ih cenah<\/p>\n<\/p><\/div>\n","protected":false},"featured_media":5676,"comment_status":"open","ping_status":"closed","template":"","meta":[],"product_brand":[],"product_cat":[2014],"product_tag":[3468,3433,3434,3435,3439,3440,3442,3443,3097,3444,3445,3450,3451,3452,3455,3457,3458,3501,3469,3470,3471,3473,3475,3479,3489,3472,3474,3095,3436,3437,3453,3456,3446,3449,3448,3466,3454,3467,3477,3165,3480,3481,3482,3441,3488,3483,3484,3485,3486,3487,3494,3083,3438,3476,3495,3496,3497,3498,3499,3478,3447],"class_list":{"0":"post-5667","1":"product","2":"type-product","3":"status-publish","4":"has-post-thumbnail","6":"product_cat-nakup-raziskave-kemikalije","7":"product_tag-ali-lahko-kupite-kopalne-soli-v-trgovinah","8":"product_tag-bath-salts-drug","9":"product_tag-bath-salts-drug-for-sale-online","10":"product_tag-bath-salts-drug-sale-online","11":"product_tag-bath-salts-sales-online","12":"product_tag-bathsalts","13":"product_tag-best-quality-online-bath-salts","14":"product_tag-buy-amped-novelty-powder-500mg","15":"product_tag-buy-bath-salts","16":"product_tag-buy-bath-salts-cod","17":"product_tag-buy-bath-salts-drug-online","18":"product_tag-buy-bath-salts-online-with-credit-cards","19":"product_tag-buy-bath-salts-with-paypal-online","20":"product_tag-buy-cheap-bath-salts-order-bath-salts-drug-online","21":"product_tag-buy-ivory-wave-for-sale-online","22":"product_tag-buy-mephedrone-bath-salts-online-with-credit-card","23":"product_tag-buy-pump-it-bath-salt-1000mg","24":"product_tag-buy-rock-on-bath-salt-online","25":"product_tag-can-you-still-buy-bath-salts","26":"product_tag-cheap-bath-salts","27":"product_tag-oblak-9-kopalna-sol","28":"product_tag-discreet-bath-salts-dealers-online","29":"product_tag-find-legit-bath-salts-suppliers-online","30":"product_tag-iem-kupiti-kopalno-sol-sonline","31":"product_tag-kakovostne-kopalne-soli-zdravila-za-prodaj-spletno","32":"product_tag-koncentrirane-kopalne-soli","33":"product_tag-eight-ballz-bath-salt-for-sale-online","34":"product_tag-kopalne-soli-za-prodajo","35":"product_tag-kopalne-soli-za-prodajo-na-spletu","36":"product_tag-kopalne-soli-za-prodaja-spletno-s-kreditno-kartico","37":"product_tag-kupite-eight-ballz-bath-solts-online","38":"product_tag-kupite-k2-kopalne-soli-na-spletu","39":"product_tag-kupi-kopalne-soli-na-spletu","40":"product_tag-kupite-kopalne-soli-na-spletu-s-kreditno-kartico","41":"product_tag-kupi-kopalne-soli-na-spletu-kje-lahko-kupim-kopalne-soli-na-spletu","42":"product_tag-buy-sextacy-bath-solts-online","43":"product_tag-kupi-slonokoena-val-kopel-sol-1000mg","44":"product_tag-kupite-sintetine-kopalne-soli-na-spletu","45":"product_tag-legal-bath-salts-for-sale-online","46":"product_tag-mdpv-bath-salts-for-sale","47":"product_tag-mephedrone-bath-salts-for-sale","48":"product_tag-mephedrone-bath-salts-where-to-buy","49":"product_tag-mephedrone","50":"product_tag-najbolje-kopalne-soli","51":"product_tag-nakup-kopalne-soli-na-spletu","52":"product_tag-order-bath-salts-drug-online","53":"product_tag-order-bath-salts-online","54":"product_tag-order-bath-salts-online-bath-salts-wholesale","55":"product_tag-order-bath-salts-online-cod","56":"product_tag-order-bath-salts-online-with-credit-card","57":"product_tag-safest-online-store-to-buy-bath-salts","58":"product_tag-kopalne-soli-slonokoenih-valov","59":"product_tag-kopalne-soli-spletna-trgovina","60":"product_tag-slonokoeni-val","61":"product_tag-vanilla-sky-bath-salts-for-sale","62":"product_tag-what-do-bath-salts-do","63":"product_tag-where-can-i-buy-bath-salts-online","64":"product_tag-where-can-i-get-bath-salts","65":"product_tag-where-can-i-order-mdpv-bath-salts-online","66":"product_tag-zakoniti-dobavitelji-kopalne-soli-na-spletu","67":"product_tag-kupi-kopalne-soli-spletno-pravno","69":"first","70":"instock","71":"shipping-taxable","72":"purchasable","73":"product-type-variable"},"yoast_head":"<!-- This site is optimized with the Yoast SEO plugin v27.3 - https:\/\/yoast.com\/product\/yoast-seo-wordpress\/ -->\n<title>Kupite kameno sol za kopel na spletu \u2013 kameno sol za kopel \u2013 najbolj\u0161a zdravila na svetu<\/title>\n<meta name=\"description\" content=\"Kupite kameno kopalno sol za prodajo v Zdru\u017eenem kraljestvu, Evropi, AU. nudimo najbolj zanesljivo transakcijo in prodajamo po zelo ugodnih cenah. Rock On Bath Salt zdaj po najbolj\u0161ih cenah\" \/>\n<meta name=\"robots\" content=\"index, follow, max-snippet:-1, max-image-preview:large, max-video-preview:-1\" \/>\n<link rel=\"canonical\" href=\"https:\/\/medicinasinc.com\/sl\/product\/kupi-kamni-na-sol\/\" \/>\n<meta property=\"og:locale\" content=\"en_US\" \/>\n<meta property=\"og:type\" content=\"article\" \/>\n<meta property=\"og:title\" content=\"Kupite kameno sol za kopel na spletu \u2013 kameno sol za kopel \u2013 najbolj\u0161a zdravila na svetu\" \/>\n<meta property=\"og:description\" content=\"Kupite kameno kopalno sol za prodajo v Zdru\u017eenem kraljestvu, Evropi, AU. nudimo najbolj zanesljivo transakcijo in prodajamo po zelo ugodnih cenah. Rock On Bath Salt zdaj po najbolj\u0161ih cenah\" \/>\n<meta property=\"og:url\" content=\"https:\/\/medicinasinc.com\/sl\/product\/kupi-kamni-na-sol\/\" \/>\n<meta property=\"og:site_name\" content=\"Medicinas Inc\" \/>\n<meta property=\"article:modified_time\" content=\"2022-03-19T00:22:54+00:00\" \/>\n<meta property=\"og:image\" content=\"https:\/\/medicinasinc.com\/sl\/wp-content\/uploads\/sites\/7\/2022\/02\/Buy-Rock-On-Bath-Salt.jpeg\" \/>\n\t<meta property=\"og:image:width\" content=\"640\" \/>\n\t<meta property=\"og:image:height\" content=\"428\" \/>\n\t<meta property=\"og:image:type\" content=\"image\/jpeg\" \/>\n<meta name=\"twitter:card\" content=\"summary_large_image\" \/>\n<meta name=\"twitter:label1\" content=\"Est. reading time\" \/>\n\t<meta name=\"twitter:data1\" content=\"1 minute\" \/>\n<script type=\"application\/ld+json\" class=\"yoast-schema-graph\">{\"@context\":\"https:\\\/\\\/schema.org\",\"@graph\":[{\"@type\":\"WebPage\",\"@id\":\"https:\\\/\\\/medicinasinc.com\\\/sl\\\/product\\\/kupi-kamni-na-sol\\\/\",\"url\":\"https:\\\/\\\/medicinasinc.com\\\/sl\\\/product\\\/kupi-kamni-na-sol\\\/\",\"name\":\"Kupite kameno sol za kopel na spletu \u2013 kameno sol za kopel \u2013 najbolj\u0161a zdravila na svetu\",\"isPartOf\":{\"@id\":\"https:\\\/\\\/medicinasinc.com\\\/sl\\\/#website\"},\"primaryImageOfPage\":{\"@id\":\"https:\\\/\\\/medicinasinc.com\\\/sl\\\/product\\\/kupi-kamni-na-sol\\\/#primaryimage\"},\"image\":{\"@id\":\"https:\\\/\\\/medicinasinc.com\\\/sl\\\/product\\\/kupi-kamni-na-sol\\\/#primaryimage\"},\"thumbnailUrl\":\"https:\\\/\\\/medicinasinc.com\\\/sl\\\/wp-content\\\/uploads\\\/sites\\\/7\\\/2022\\\/02\\\/Buy-Rock-On-Bath-Salt.jpeg\",\"datePublished\":\"2022-02-22T03:49:11+00:00\",\"dateModified\":\"2022-03-19T00:22:54+00:00\",\"description\":\"Kupite kameno kopalno sol za prodajo v Zdru\u017eenem kraljestvu, Evropi, AU. nudimo najbolj zanesljivo transakcijo in prodajamo po zelo ugodnih cenah. Rock On Bath Salt zdaj po najbolj\u0161ih cenah\",\"breadcrumb\":{\"@id\":\"https:\\\/\\\/medicinasinc.com\\\/sl\\\/product\\\/kupi-kamni-na-sol\\\/#breadcrumb\"},\"inLanguage\":\"en-US\",\"potentialAction\":[{\"@type\":\"ReadAction\",\"target\":[\"https:\\\/\\\/medicinasinc.com\\\/sl\\\/product\\\/kupi-kamni-na-sol\\\/\"]}]},{\"@type\":\"ImageObject\",\"inLanguage\":\"en-US\",\"@id\":\"https:\\\/\\\/medicinasinc.com\\\/sl\\\/product\\\/kupi-kamni-na-sol\\\/#primaryimage\",\"url\":\"https:\\\/\\\/medicinasinc.com\\\/sl\\\/wp-content\\\/uploads\\\/sites\\\/7\\\/2022\\\/02\\\/Buy-Rock-On-Bath-Salt.jpeg\",\"contentUrl\":\"https:\\\/\\\/medicinasinc.com\\\/sl\\\/wp-content\\\/uploads\\\/sites\\\/7\\\/2022\\\/02\\\/Buy-Rock-On-Bath-Salt.jpeg\",\"width\":640,\"height\":428},{\"@type\":\"BreadcrumbList\",\"@id\":\"https:\\\/\\\/medicinasinc.com\\\/sl\\\/product\\\/kupi-kamni-na-sol\\\/#breadcrumb\",\"itemListElement\":[{\"@type\":\"ListItem\",\"position\":1,\"name\":\"Nakupujte\",\"item\":\"https:\\\/\\\/medicinasinc.com\\\/sl\\\/nakupujte\\\/\"},{\"@type\":\"ListItem\",\"position\":2,\"name\":\"Kupite kameno sol za kopel\"}]},{\"@type\":\"WebSite\",\"@id\":\"https:\\\/\\\/medicinasinc.com\\\/sl\\\/#website\",\"url\":\"https:\\\/\\\/medicinasinc.com\\\/sl\\\/\",\"name\":\"Medicinas Inc\",\"description\":\"Health Medical Clinic\",\"potentialAction\":[{\"@type\":\"SearchAction\",\"target\":{\"@type\":\"EntryPoint\",\"urlTemplate\":\"https:\\\/\\\/medicinasinc.com\\\/sl\\\/?s={search_term_string}\"},\"query-input\":{\"@type\":\"PropertyValueSpecification\",\"valueRequired\":true,\"valueName\":\"search_term_string\"}}],\"inLanguage\":\"en-US\"}]}<\/script>\n<!-- \/ Yoast SEO plugin. -->","yoast_head_json":{"title":"Kupite kameno sol za kopel na spletu \u2013 kameno sol za kopel \u2013 najbolj\u0161a zdravila na svetu","description":"Kupite kameno kopalno sol za prodajo v Zdru\u017eenem kraljestvu, Evropi, AU. nudimo najbolj zanesljivo transakcijo in prodajamo po zelo ugodnih cenah. Rock On Bath Salt zdaj po najbolj\u0161ih cenah","robots":{"index":"index","follow":"follow","max-snippet":"max-snippet:-1","max-image-preview":"max-image-preview:large","max-video-preview":"max-video-preview:-1"},"canonical":"https:\/\/medicinasinc.com\/sl\/product\/kupi-kamni-na-sol\/","og_locale":"en_US","og_type":"article","og_title":"Kupite kameno sol za kopel na spletu \u2013 kameno sol za kopel \u2013 najbolj\u0161a zdravila na svetu","og_description":"Kupite kameno kopalno sol za prodajo v Zdru\u017eenem kraljestvu, Evropi, AU. nudimo najbolj zanesljivo transakcijo in prodajamo po zelo ugodnih cenah. Rock On Bath Salt zdaj po najbolj\u0161ih cenah","og_url":"https:\/\/medicinasinc.com\/sl\/product\/kupi-kamni-na-sol\/","og_site_name":"Medicinas Inc","article_modified_time":"2022-03-19T00:22:54+00:00","og_image":[{"width":640,"height":428,"url":"https:\/\/medicinasinc.com\/sl\/wp-content\/uploads\/sites\/7\/2022\/02\/Buy-Rock-On-Bath-Salt.jpeg","type":"image\/jpeg"}],"twitter_card":"summary_large_image","twitter_misc":{"Est. reading time":"1 minute"},"schema":{"@context":"https:\/\/schema.org","@graph":[{"@type":"WebPage","@id":"https:\/\/medicinasinc.com\/sl\/product\/kupi-kamni-na-sol\/","url":"https:\/\/medicinasinc.com\/sl\/product\/kupi-kamni-na-sol\/","name":"Kupite kameno sol za kopel na spletu \u2013 kameno sol za kopel \u2013 najbolj\u0161a zdravila na svetu","isPartOf":{"@id":"https:\/\/medicinasinc.com\/sl\/#website"},"primaryImageOfPage":{"@id":"https:\/\/medicinasinc.com\/sl\/product\/kupi-kamni-na-sol\/#primaryimage"},"image":{"@id":"https:\/\/medicinasinc.com\/sl\/product\/kupi-kamni-na-sol\/#primaryimage"},"thumbnailUrl":"https:\/\/medicinasinc.com\/sl\/wp-content\/uploads\/sites\/7\/2022\/02\/Buy-Rock-On-Bath-Salt.jpeg","datePublished":"2022-02-22T03:49:11+00:00","dateModified":"2022-03-19T00:22:54+00:00","description":"Kupite kameno kopalno sol za prodajo v Zdru\u017eenem kraljestvu, Evropi, AU. nudimo najbolj zanesljivo transakcijo in prodajamo po zelo ugodnih cenah. Rock On Bath Salt zdaj po najbolj\u0161ih cenah","breadcrumb":{"@id":"https:\/\/medicinasinc.com\/sl\/product\/kupi-kamni-na-sol\/#breadcrumb"},"inLanguage":"en-US","potentialAction":[{"@type":"ReadAction","target":["https:\/\/medicinasinc.com\/sl\/product\/kupi-kamni-na-sol\/"]}]},{"@type":"ImageObject","inLanguage":"en-US","@id":"https:\/\/medicinasinc.com\/sl\/product\/kupi-kamni-na-sol\/#primaryimage","url":"https:\/\/medicinasinc.com\/sl\/wp-content\/uploads\/sites\/7\/2022\/02\/Buy-Rock-On-Bath-Salt.jpeg","contentUrl":"https:\/\/medicinasinc.com\/sl\/wp-content\/uploads\/sites\/7\/2022\/02\/Buy-Rock-On-Bath-Salt.jpeg","width":640,"height":428},{"@type":"BreadcrumbList","@id":"https:\/\/medicinasinc.com\/sl\/product\/kupi-kamni-na-sol\/#breadcrumb","itemListElement":[{"@type":"ListItem","position":1,"name":"Nakupujte","item":"https:\/\/medicinasinc.com\/sl\/nakupujte\/"},{"@type":"ListItem","position":2,"name":"Kupite kameno sol za kopel"}]},{"@type":"WebSite","@id":"https:\/\/medicinasinc.com\/sl\/#website","url":"https:\/\/medicinasinc.com\/sl\/","name":"Medicinas Inc","description":"Health Medical Clinic","potentialAction":[{"@type":"SearchAction","target":{"@type":"EntryPoint","urlTemplate":"https:\/\/medicinasinc.com\/sl\/?s={search_term_string}"},"query-input":{"@type":"PropertyValueSpecification","valueRequired":true,"valueName":"search_term_string"}}],"inLanguage":"en-US"}]}},"_links":{"self":[{"href":"https:\/\/medicinasinc.com\/sl\/wp-json\/wp\/v2\/product\/5667","targetHints":{"allow":["GET"]}}],"collection":[{"href":"https:\/\/medicinasinc.com\/sl\/wp-json\/wp\/v2\/product"}],"about":[{"href":"https:\/\/medicinasinc.com\/sl\/wp-json\/wp\/v2\/types\/product"}],"replies":[{"embeddable":true,"href":"https:\/\/medicinasinc.com\/sl\/wp-json\/wp\/v2\/comments?post=5667"}],"wp:featuredmedia":[{"embeddable":true,"href":"https:\/\/medicinasinc.com\/sl\/wp-json\/wp\/v2\/media\/5676"}],"wp:attachment":[{"href":"https:\/\/medicinasinc.com\/sl\/wp-json\/wp\/v2\/media?parent=5667"}],"wp:term":[{"taxonomy":"product_brand","embeddable":true,"href":"https:\/\/medicinasinc.com\/sl\/wp-json\/wp\/v2\/product_brand?post=5667"},{"taxonomy":"product_cat","embeddable":true,"href":"https:\/\/medicinasinc.com\/sl\/wp-json\/wp\/v2\/product_cat?post=5667"},{"taxonomy":"product_tag","embeddable":true,"href":"https:\/\/medicinasinc.com\/sl\/wp-json\/wp\/v2\/product_tag?post=5667"}],"curies":[{"name":"wp","href":"https:\/\/api.w.org\/{rel}","templated":true}]}}