{"id":5653,"date":"2022-02-22T03:27:38","date_gmt":"2022-02-22T03:27:38","guid":{"rendered":"https:\/\/medicinasinc.com\/sl\/?post_type=product&#038;p=5653"},"modified":"2022-03-19T00:23:08","modified_gmt":"2022-03-19T00:23:08","slug":"kupi-3-mmc-prasek","status":"publish","type":"product","link":"https:\/\/medicinasinc.com\/sl\/product\/kupi-3-mmc-prasek\/","title":{"rendered":"Kupite 3-mmc prah"},"content":{"rendered":"<p>Najbolj\u0161e mesto za nakup prahu 3-MMC na spletu je Best Global Meds, ki je najbolj\u0161e mesto za nakup 3-MMC prahu od dobavitelja kemikalij v Evropi.<\/p>\n<p>Ban\u010dno nakazilo ali pla\u010dila z bitcoini? Oglejte si podrobnosti ob odjavi.<br \/> Upo\u0161tevajte, da ste kriti samo za izgubo pri storitvi, ki se spremlja in je zavarovana. \u010ce se va\u0161 paket izgubi, boste po 30 dneh prejeli brezpla\u010dno ponovno po\u0161iljanje. \u010ce se va\u0161 paket izgubi, ne boste prejeli brezpla\u010dne ponovne po\u0161iljanja.<br \/> Naro\u010dila za bitcoine, opravljena pred 15.30, bodo poslana isti dan.<br \/> Kupite\u00a0 kartice 3MMC.<\/p>\n<p>Lahko kupite Chemical. 3-MMC prah iz www.bestglobalmeds.com v razsutem stanju po ugodni ceni.<\/p>\n<p>3-Methylmethcathinone ali 3-MMC je primer molekule v razredu katinonov, ki so jim bili dodani . So vrsta amfetamina, ki ima fenilni obro\u010d, ki je vezan na amino (NH2) skupino preko etilne verige in dodatno metilno substitucijo pri R.<\/p>\n<p>3-MMC in drugi katinoni se razlikujejo od vsakega od njih. drugo zato, ker imajo ketonske substitucije na beta ogljiku amfetaminskega okostja, zaradi \u010desar so -keto-amfetamini. metilne substitucije: 3-MMC ima dve na svoji katinonski strukturi, enega pri R3 fenilne skupine in enega pri du\u0161ikovi skupini RN, kamor gre metilna skupina. 3-MMC je podoben mefedronu, razen v eni stvari: metilna skupina je postavljena na R3 namesto na R4.<\/p>\n<p>Obstaja veliko razli\u010dnih na\u010dinov, kako lahko uporabite 3-MMC prah, vendar je mi\u0161ljen samo kot uporablja za raziskave. Ni ga mogo\u010de uporabiti za nobeno od teh drugih stvari.<\/p>\n<p>Preden kupite raziskovalne kemikalije, se prepri\u010dajte, da imate ustrezna orodja in da je va\u0161e delovno obmo\u010dje dobro prezra\u010deno.<\/p>\n<p> Za nakup tega izdelka morate biti stari vsaj 18 let.<\/p>\n<p>3-MMC pra\u0161ek je zakonit v na\u0161i domovini, kjer \u017eivimo. Na vas je, da poznate in upo\u0161tevate zakone v svoji dr\u017eavi, okro\u017eju, regiji, dr\u017eavi ali mestu. Nismo odgovorni za to, kar naredite ali kaj se zgodi po naro\u010dilu.<\/p>\n","protected":false},"excerpt":{"rendered":"<p>3-metilmetkatinon, znan tudi kot 3-MMC ali metafedron[1], je novo zdravilo. Hidrokloridna sol 3-MMC je bel prah, ki izgleda kot kosmi\u010di.<\/p>\n<p>Kje lahko kupim 3-mmc prah za prodajo v Zdru\u017eenem kraljestvu in Evropi? V kristalih, peletih in prahu imamo visokokakovosten 3-MMC za prodajo. Kupite ga lahko pri nas v Best Global Meds.<\/p>\n<p>3-MMC prah je enostavno kupiti na spletu pri podjetju Bestglobalmeds.com, ki je eden najbolj\u0161ih dobaviteljev kemikalij v Evropi. Ban\u010dno nakazilo ali pla\u010dila z bitcoini sta dva na\u010dina, na katera lahko pla\u010date stvari.<\/p>\n","protected":false},"featured_media":5664,"comment_status":"open","ping_status":"closed","template":"","meta":[],"product_brand":[],"product_cat":[2014],"product_tag":[2101,2102,2125,2103,2338,2104,2105,2106,2107,2111,2110,2112,2113,2114,2115,2116,2108,2118,2119,2120,2121,2122,2117,2123,2144,2124,2210,2127,2128,2130,2131,2136,2137,2138,2129,2133,2135,2134,2139,2140,2141,2142,2143,2126,2145,2146,2152,2150,2151,2153,2155,2331,2156,2342,2157,2158,2159,2164,2165,2166,2167,2172,2173,2174,2175,2176,2180,2181,2182,2183,2188,2189,2190,2195,2196,2197,2198,2199,2200,2206,2211,2212,2213,2217,2218,2220,2221,2222,2223,2225,2226,2229,2233,2234,2235,2236,2238,2240,2295,2243,2244,2245,2246,2247,2248,2249,2250,2252,2253,2254,2255,2256,2257,2258,2259,2260,2261,2262,2264,2265,2266,2267,2268,2269,2272,2273,2274,2275,2279,2280,2281,2282,2283,2284,2286,2287,2288,2291,2292,2294,2309,2297,2298,2299,2300,2301,2302,2303,2304,2305,2306,2307,2263,2310,2311,2312,2313,2314,2315,2316,2317,2318,2319,2320,2321,2322,2219,2227,2228,2232,2251,2184,2323,2239,2177,2178,2179,2161,2162,2163,2171,2170,2326,2327,2332,2333,2334,2339,2340,2341,2343,2346,2347,2191,2278,2293,2328,2329,2348,2349,2350,2351,2352,2353,2354,2355,2356,2357,2358,2359,2360,2361,2201,2202,2203,2204,2362,2363,2364,2365,2366,2367,2368,2369,2370,2371,2372,2373,2374,2160,2169,2330,2132,3500,2205,2208,2214,2215,2216,2325,2344,2336,2379,2380,2381,2382,2383,2384,2385,2386,2387,2388,2389,2390,2391,2392,2324,2394,2395,2396,2397,2398,2399,2400,2401,2402,2403,2404,2405,2406,2407,2168,2337,2335,2345,2408,2409,2410,2411,2412,2413,2414,2415,2416,2417,2418,2419,2420,2207,2209,2421,2422,2423,2424,2425,2426,2427,2428,2429,2430,2431,2432,2433,2434,2185,2186,2285,2187,2270,2271,2192,2193,2289,2194,2290,2308,2276,2277,2435,2436,2437,2438,2439,2440,2441,2442,2443,2444,2445,2446,2447,2449,2450,2451,2452,2453,2454,2455,2456,2457,2458,2459,2460,2461,2462,2463,2464,2465,2466,2467,2468,2469,2470,2471,2472,2473,2474,2475,2476],"class_list":{"0":"post-5653","1":"product","2":"type-product","3":"status-publish","4":"has-post-thumbnail","6":"product_cat-nakup-raziskave-kemikalije","7":"product_tag-2-fdck","8":"product_tag-2-mmc","9":"product_tag-3-mmc-peleti","10":"product_tag-3-cmc","11":"product_tag-trgovina-3-cmc","12":"product_tag-3-mm","13":"product_tag-3-mmc","14":"product_tag-3-mmc-bitcoin","15":"product_tag-3-mmc-bolgarija","16":"product_tag-3-mmc-eka","17":"product_tag-3-mmc-ciper","18":"product_tag-3-mmc-danski","19":"product_tag-3-mmc-estonija","20":"product_tag-3-mmc-finska","21":"product_tag-3-mmc-francija","22":"product_tag-3-mmc-grija","23":"product_tag-3-mmc-hrvaka","24":"product_tag-3-mmc-ireland","25":"product_tag-3-mmc-italija","26":"product_tag-3-mmc-latvija","27":"product_tag-3-mmc-litva","28":"product_tag-3-mmc-luksemburg","29":"product_tag-3-mmc-madarska","30":"product_tag-3-mmc-malta","31":"product_tag-3-mmc-na-debelo","32":"product_tag-3-mmc-nizozemska","33":"product_tag-razsuti-3-mmc-peleti","34":"product_tag-3-mmc-poljska","35":"product_tag-3-mmc-portugalska","36":"product_tag-3-mmc-powder-bulk","37":"product_tag-3-mmc-powder-effect","38":"product_tag-3-mmc-powder-sale","39":"product_tag-3-mmc-powder-sales","40":"product_tag-3-mmc-powder-wholesale","41":"product_tag-3-mmc-prah","42":"product_tag-3-mmc-powder-online","43":"product_tag-3-mmc-powder-reddit","44":"product_tag-3-mmc-praek-rdea","45":"product_tag-3-mmc-romunija","46":"product_tag-3-mmc-slovaka","47":"product_tag-3-mmc-slovenija","48":"product_tag-3-mmc-panija","49":"product_tag-3-mmc-vedska","50":"product_tag-3-mmc-tableta","51":"product_tag-3mmc","52":"product_tag-3mmc-belgija","53":"product_tag-3mmc-na-debelo","54":"product_tag-3mmc-romunija","55":"product_tag-3mmc-panija","56":"product_tag-3mmc-z-bitcoin","57":"product_tag-4-cmc","58":"product_tag-trgovina-4-cmc","59":"product_tag-5-mmpa","60":"product_tag-trgovina-5-mmpa","61":"product_tag-a-php","62":"product_tag-a-pihp","63":"product_tag-acheter-2-fdck","64":"product_tag-acheter-3-mmc-pellets","65":"product_tag-acheter-3-mmc-pills","66":"product_tag-acheter-4-cmc","67":"product_tag-acheter-5-mmpa","68":"product_tag-acquista-2-fdck","69":"product_tag-acquista-2-mmc","70":"product_tag-acquista-3-cmc","71":"product_tag-acquista-3-mma","72":"product_tag-acquista-3-mmc","73":"product_tag-acquista-5-mmpa","74":"product_tag-acquista-a-php","75":"product_tag-acquista-a-pihp","76":"product_tag-acquista-eutylone","77":"product_tag-al-por-mayor-3-mma","78":"product_tag-al-por-mayor-3-mmc","79":"product_tag-al-por-mayor-3-mmc-pellets","80":"product_tag-al-por-mayor-a-pihp","81":"product_tag-al-por-mayor-eutylone","82":"product_tag-al-por-mayor-hexedrone","83":"product_tag-al-por-mayor-hexen","84":"product_tag-best-3-cmc","85":"product_tag-best-3-mmc","86":"product_tag-bulk-2-mmc","87":"product_tag-bulk-3-mmc-pills","88":"product_tag-bulk-4-cmc","89":"product_tag-bulk-5-mmpa","90":"product_tag-bulk-hexedrone","91":"product_tag-bulk-hexen","92":"product_tag-buy-2-mmc","93":"product_tag-buy-3-cmc","94":"product_tag-buy-3-mma","95":"product_tag-buy-3-mmc","96":"product_tag-buy-3-mmc-pellets","97":"product_tag-buy-3-mmc-pills","98":"product_tag-buy-3mmc","99":"product_tag-buy-4-cmc","100":"product_tag-buy-5-mmpa","101":"product_tag-buy-a-php","102":"product_tag-buy-a-pihp","103":"product_tag-buy-eutylone","104":"product_tag-buy-hexen","105":"product_tag-arovnice","106":"product_tag-comprar-2-fdck","107":"product_tag-comprar-2-mmc","108":"product_tag-comprar-3-cmc","109":"product_tag-comprar-3-mma","110":"product_tag-comprar-3-mmc","111":"product_tag-comprar-3-mmc-pellets","112":"product_tag-comprar-3-mmc-pills","113":"product_tag-comprar-4-cmc","114":"product_tag-comprar-a-php","115":"product_tag-comprar-a-pihp","116":"product_tag-comprar-eutylone","117":"product_tag-comprar-hexedrone","118":"product_tag-comprar-hexen","119":"product_tag-cumpara-2-fdck","120":"product_tag-cumpara-3-cmc","121":"product_tag-cumpara-3-mma","122":"product_tag-cumpara-3-mmc","123":"product_tag-cumpara-4-cmc","124":"product_tag-cumpara-5-mmpa","125":"product_tag-cumpara-a-pihp","126":"product_tag-cumpara-eutylone","127":"product_tag-cumpara-hexedrone","128":"product_tag-cumpara-hexen","129":"product_tag-en-gros-2-fdck","130":"product_tag-en-gros-3-cmc","131":"product_tag-en-gros-4-cmc","132":"product_tag-en-gros-5-mmpa","133":"product_tag-en-gros-a-php","134":"product_tag-en-gros-a-pihp","135":"product_tag-evtilon","136":"product_tag-groothandel-2-fdck","137":"product_tag-groothandel-2-mmc","138":"product_tag-groothandel-3-cmc","139":"product_tag-groothandel-3-mma","140":"product_tag-groothandel-3-mmc","141":"product_tag-groothandel-3-mmc-pills","142":"product_tag-groothandel-4-cmc","143":"product_tag-groothandel-5-mmpa","144":"product_tag-groothandel-eutylone","145":"product_tag-groothandel-hexedrone","146":"product_tag-heksedron","147":"product_tag-ingroso-arovnice","148":"product_tag-ingrosso-2-fdck","149":"product_tag-ingrosso-2-mmc","150":"product_tag-ingrosso-3-cmc","151":"product_tag-ingrosso-3-mma","152":"product_tag-ingrosso-3-mmc","153":"product_tag-ingrosso-3-mmc-peleti","154":"product_tag-ingrosso-3-mmc-tablete","155":"product_tag-ingrosso-4-cmc","156":"product_tag-ingrosso-5-mmpa","157":"product_tag-ingrosso-a-php","158":"product_tag-ingrosso-a-pihp","159":"product_tag-cumpara-a-php","160":"product_tag-koop-2-fdck","161":"product_tag-koop-2-mmc","162":"product_tag-koop-3-cmc","163":"product_tag-koop-3-mma","164":"product_tag-koop-3-mmc","165":"product_tag-koop-3-mmc-peleti","166":"product_tag-koop-3-mmc-pills","167":"product_tag-koop-4-cmc","168":"product_tag-koop-5-mmpa","169":"product_tag-koop-a-php","170":"product_tag-koop-a-pihp","171":"product_tag-koop-eutylone","172":"product_tag-koop-hexedrone","173":"product_tag-buy-2-fdck","174":"product_tag-kupi-3-mmc-powder-europe","175":"product_tag-kupi-3-mmc-powder-uk","176":"product_tag-kupi-3mmc-prah","177":"product_tag-kupi-5-mmpa","178":"product_tag-kupi-heksen","179":"product_tag-kupi-hekse","180":"product_tag-kupi-heksedron","181":"product_tag-kupi-3-mmc-peleti","182":"product_tag-kupi-3-mmc-tablete","183":"product_tag-kupi-4-cmc","184":"product_tag-kupi-3-cmc","185":"product_tag-kupi-3-mma","186":"product_tag-kupi-3-mmc","187":"product_tag-acheter-arovnice","188":"product_tag-kupi-eutilon","189":"product_tag-magasin-3-cmc","190":"product_tag-magasin-3-mma","191":"product_tag-magasin-5-mmpa","192":"product_tag-magasin-a-php","193":"product_tag-magasin-a-pihp","194":"product_tag-magazin-3-mma","195":"product_tag-magazin-3-mmc","196":"product_tag-magazin-4-cmc","197":"product_tag-magazin-a-php","198":"product_tag-magazin-hexedrone","199":"product_tag-magazin-hexen","200":"product_tag-veleprodaja-3-mmc-tablete","201":"product_tag-debelo-heksen","202":"product_tag-na-debelo-hexes","203":"product_tag-revija-3-mmc","204":"product_tag-trgovina-3-mmc-peleti","205":"product_tag-nagykereskedelem-2-fdck","206":"product_tag-nagykereskedelem-2-mmc","207":"product_tag-nagykereskedelem-3-cmc","208":"product_tag-nagykereskedelem-3-mma","209":"product_tag-nagykereskedelem-3-mmc","210":"product_tag-nagykereskedelem-3-mmc-pellets","211":"product_tag-nagykereskedelem-3-mmc-pills","212":"product_tag-nagykereskedelem-4-cmc","213":"product_tag-nagykereskedelem-5-mmpa","214":"product_tag-nagykereskedelem-a-php","215":"product_tag-nagykereskedelem-a-pihp","216":"product_tag-nagykereskedelem-eutylone","217":"product_tag-nagykereskedelem-hexedrone","218":"product_tag-nagykereskedelem-hexen","219":"product_tag-najbolji-4-cmc","220":"product_tag-najbolji-a-pihp","221":"product_tag-najbolji-heksedron","222":"product_tag-najbolji-heksen","223":"product_tag-negozio-2-fdck","224":"product_tag-negozio-2-mmc","225":"product_tag-negozio-3-cmc","226":"product_tag-negozio-3-mma","227":"product_tag-negozio-3-mmc","228":"product_tag-negozio-3-mmc-pellets","229":"product_tag-negozio-3-mmc-pills","230":"product_tag-negozio-4-cmc","231":"product_tag-negozio-5-mmpa","232":"product_tag-negozio-a-php","233":"product_tag-negozio-a-pihp","234":"product_tag-negozio-eutylone","235":"product_tag-negozio-hexen","236":"product_tag-kupi-2-mmc","237":"product_tag-buy-at-pihp","238":"product_tag-revija-3-mmc-tablete","239":"product_tag-3-mmc-pra-c5-a1ek-na-prodaj","240":"product_tag-raziskava-kemikalija-3-mmc-praek","241":"product_tag-bulk-2-fdck","242":"product_tag-v-razsutem-stanju-3-mma","243":"product_tag-bulk-a-php","244":"product_tag-bulk-a-pihp","245":"product_tag-razsuti-eutilon","246":"product_tag-revija-2-mmc","247":"product_tag-revija-a-pihp","248":"product_tag-trgovina-arovnice","249":"product_tag-shop-2-fdck","250":"product_tag-shop-2-mmc","251":"product_tag-shop-3-cmc","252":"product_tag-shop-3-mma","253":"product_tag-shop-3-mmc","254":"product_tag-shop-3-mmc-pellets","255":"product_tag-shop-3-mmc-pills","256":"product_tag-shop-4-cmc","257":"product_tag-shop-5-mmpa","258":"product_tag-shop-a-php","259":"product_tag-shop-a-pihp","260":"product_tag-shop-eutylone","261":"product_tag-shop-hexedrone","262":"product_tag-shop-hexen","263":"product_tag-store-2-fdck","264":"product_tag-tienda-2-fdck","265":"product_tag-tienda-2-mmc","266":"product_tag-tienda-3-cmc","267":"product_tag-tienda-3-mma","268":"product_tag-tienda-3-mmc","269":"product_tag-tienda-3-mmc-pellets","270":"product_tag-tienda-3-mmc-pills","271":"product_tag-tienda-4-cmc","272":"product_tag-tienda-5-mmpa","273":"product_tag-tienda-a-php","274":"product_tag-tienda-a-pihp","275":"product_tag-tienda-eutylone","276":"product_tag-tienda-hexedrone","277":"product_tag-tienda-hexen","278":"product_tag-kupi-php","279":"product_tag-revija-2-fdck","280":"product_tag-trgovina-eutilon","281":"product_tag-trgovina-z-eutilonom","282":"product_tag-uzlet-2-fdck","283":"product_tag-uzlet-2-mmc","284":"product_tag-uzlet-3-cmc","285":"product_tag-uzlet-3-mma","286":"product_tag-uzlet-3-mmc","287":"product_tag-uzlet-3-mmc-pellets","288":"product_tag-uzlet-3-mmc-pills","289":"product_tag-uzlet-4-cmc","290":"product_tag-uzlet-a-php","291":"product_tag-uzlet-a-pihp","292":"product_tag-uzlet-eutylone","293":"product_tag-uzlet-hexedrone","294":"product_tag-uzlet-hexen","295":"product_tag-v-razsutem-stanju-3-cmc","296":"product_tag-v-razsutem-stanju-3-mmc","297":"product_tag-vasarold-meg-2-fdck","298":"product_tag-vasarold-meg-2-mmc","299":"product_tag-vasarold-meg-3-cmc","300":"product_tag-vasarold-meg-3-mma","301":"product_tag-vasarold-meg-3-mmc","302":"product_tag-vasarold-meg-3-mmc-pellets","303":"product_tag-vasarold-meg-3-mmc-pills","304":"product_tag-vasarold-meg-4-cmc","305":"product_tag-vasarold-meg-5-mmpa","306":"product_tag-vasarold-meg-a-php","307":"product_tag-vasarold-meg-a-pihp","308":"product_tag-vasarold-meg-eutylone","309":"product_tag-vasarold-meg-hexedrone","310":"product_tag-vasarold-meg-hexen","311":"product_tag-veleprodaja-2-fdck","312":"product_tag-veleprodaja-2-mmc","313":"product_tag-veleprodaja-3-mmc-peleti","314":"product_tag-veleprodaja-3-cmc","315":"product_tag-veleprodaja-3-mma","316":"product_tag-veleprodaja-3-mmc","317":"product_tag-veleprodaja-4-cmc","318":"product_tag-veleprodaja-5-mmpa","319":"product_tag-veleprodaja-php","320":"product_tag-veleprodaja-v-php","321":"product_tag-veleprodaja-a-pihp","322":"product_tag-ingroso-evtilon","323":"product_tag-veleprodaja-eutilon","324":"product_tag-veleprodaja-heksedron","325":"product_tag-vente-en-gros-2-fdck","326":"product_tag-vente-en-gros-2-mmc","327":"product_tag-vente-en-gros-3-cmc","328":"product_tag-vente-en-gros-3-mma","329":"product_tag-vente-en-gros-3-mmc","330":"product_tag-vente-en-gros-3-mmc-pellets","331":"product_tag-vente-en-gros-3-mmc-pills","332":"product_tag-vente-en-gros-4-cmc","333":"product_tag-vente-en-gros-5-mmpa","334":"product_tag-vente-en-gros-a-php","335":"product_tag-vente-en-gros-a-pihp","336":"product_tag-vente-en-gros-eutylone","337":"product_tag-vente-en-gros-hexen","338":"product_tag-wholesale-2-fdck","339":"product_tag-wholesale-2-mmc","340":"product_tag-wholesale-3-cmc","341":"product_tag-wholesale-3-mma","342":"product_tag-wholesale-3-mmc","343":"product_tag-wholesale-3-mmc-pellets","344":"product_tag-wholesale-3-mmc-pills","345":"product_tag-wholesale-4-cmc","346":"product_tag-wholesale-5-mmpa","347":"product_tag-wholesale-a-php","348":"product_tag-wholesale-a-pihp","349":"product_tag-wholesale-eutylone","350":"product_tag-wholesale-hexedrone","351":"product_tag-wholesale-hexen","352":"product_tag-winkel-2-fdck","353":"product_tag-winkel-2-mmc","354":"product_tag-winkel-3-cmc","355":"product_tag-winkel-3-mma","356":"product_tag-winkel-3-mmc","357":"product_tag-winkel-3-mmc-pellets","358":"product_tag-winkel-3-mmc-pills","359":"product_tag-winkel-4-cmc","360":"product_tag-winkel-5-mmpa","361":"product_tag-winkel-a-php","362":"product_tag-winkel-a-pihp","363":"product_tag-winkel-eutylone","364":"product_tag-winkel-hexedrone","365":"product_tag-winkel-hexen","367":"first","368":"instock","369":"shipping-taxable","370":"purchasable","371":"product-type-variable","372":"has-default-attributes"},"yoast_head":"<!-- This site is optimized with the Yoast SEO plugin v27.3 - https:\/\/yoast.com\/product\/yoast-seo-wordpress\/ -->\n<title>Kupite 3-mmc prah - 3-mmc prah za prodajo - Best Global Meds<\/title>\n<meta name=\"description\" content=\"Kje kupiti 3-mmc prah za prodajo v Zdru\u017eenem kraljestvu, Evropi? Tukaj v Best Global Meds imamo visokokakovosten 3-MMC prah, ki je na voljo za prodajo v obliki kristalov, pelet in prahu.\" \/>\n<meta name=\"robots\" content=\"index, follow, max-snippet:-1, max-image-preview:large, max-video-preview:-1\" \/>\n<link rel=\"canonical\" href=\"https:\/\/medicinasinc.com\/sl\/product\/kupi-3-mmc-prasek\/\" \/>\n<meta property=\"og:locale\" content=\"en_US\" \/>\n<meta property=\"og:type\" content=\"article\" \/>\n<meta property=\"og:title\" content=\"Kupite 3-mmc prah - 3-mmc prah za prodajo - Best Global Meds\" \/>\n<meta property=\"og:description\" content=\"Kje kupiti 3-mmc prah za prodajo v Zdru\u017eenem kraljestvu, Evropi? Tukaj v Best Global Meds imamo visokokakovosten 3-MMC prah, ki je na voljo za prodajo v obliki kristalov, pelet in prahu.\" \/>\n<meta property=\"og:url\" content=\"https:\/\/medicinasinc.com\/sl\/product\/kupi-3-mmc-prasek\/\" \/>\n<meta property=\"og:site_name\" content=\"Medicinas Inc\" \/>\n<meta property=\"article:modified_time\" content=\"2022-03-19T00:23:08+00:00\" \/>\n<meta property=\"og:image\" content=\"https:\/\/medicinasinc.com\/sl\/wp-content\/uploads\/sites\/7\/2022\/02\/3-MMC-powder.jpg\" \/>\n\t<meta property=\"og:image:width\" content=\"350\" \/>\n\t<meta property=\"og:image:height\" content=\"350\" \/>\n\t<meta property=\"og:image:type\" content=\"image\/jpeg\" \/>\n<meta name=\"twitter:card\" content=\"summary_large_image\" \/>\n<meta name=\"twitter:label1\" content=\"Est. reading time\" \/>\n\t<meta name=\"twitter:data1\" content=\"2 minutes\" \/>\n<script type=\"application\/ld+json\" class=\"yoast-schema-graph\">{\"@context\":\"https:\\\/\\\/schema.org\",\"@graph\":[{\"@type\":\"WebPage\",\"@id\":\"https:\\\/\\\/medicinasinc.com\\\/sl\\\/product\\\/kupi-3-mmc-prasek\\\/\",\"url\":\"https:\\\/\\\/medicinasinc.com\\\/sl\\\/product\\\/kupi-3-mmc-prasek\\\/\",\"name\":\"Kupite 3-mmc prah - 3-mmc prah za prodajo - Best Global Meds\",\"isPartOf\":{\"@id\":\"https:\\\/\\\/medicinasinc.com\\\/sl\\\/#website\"},\"primaryImageOfPage\":{\"@id\":\"https:\\\/\\\/medicinasinc.com\\\/sl\\\/product\\\/kupi-3-mmc-prasek\\\/#primaryimage\"},\"image\":{\"@id\":\"https:\\\/\\\/medicinasinc.com\\\/sl\\\/product\\\/kupi-3-mmc-prasek\\\/#primaryimage\"},\"thumbnailUrl\":\"https:\\\/\\\/medicinasinc.com\\\/sl\\\/wp-content\\\/uploads\\\/sites\\\/7\\\/2022\\\/02\\\/3-MMC-powder.jpg\",\"datePublished\":\"2022-02-22T03:27:38+00:00\",\"dateModified\":\"2022-03-19T00:23:08+00:00\",\"description\":\"Kje kupiti 3-mmc prah za prodajo v Zdru\u017eenem kraljestvu, Evropi? Tukaj v Best Global Meds imamo visokokakovosten 3-MMC prah, ki je na voljo za prodajo v obliki kristalov, pelet in prahu.\",\"breadcrumb\":{\"@id\":\"https:\\\/\\\/medicinasinc.com\\\/sl\\\/product\\\/kupi-3-mmc-prasek\\\/#breadcrumb\"},\"inLanguage\":\"en-US\",\"potentialAction\":[{\"@type\":\"ReadAction\",\"target\":[\"https:\\\/\\\/medicinasinc.com\\\/sl\\\/product\\\/kupi-3-mmc-prasek\\\/\"]}]},{\"@type\":\"ImageObject\",\"inLanguage\":\"en-US\",\"@id\":\"https:\\\/\\\/medicinasinc.com\\\/sl\\\/product\\\/kupi-3-mmc-prasek\\\/#primaryimage\",\"url\":\"https:\\\/\\\/medicinasinc.com\\\/sl\\\/wp-content\\\/uploads\\\/sites\\\/7\\\/2022\\\/02\\\/3-MMC-powder.jpg\",\"contentUrl\":\"https:\\\/\\\/medicinasinc.com\\\/sl\\\/wp-content\\\/uploads\\\/sites\\\/7\\\/2022\\\/02\\\/3-MMC-powder.jpg\",\"width\":350,\"height\":350},{\"@type\":\"BreadcrumbList\",\"@id\":\"https:\\\/\\\/medicinasinc.com\\\/sl\\\/product\\\/kupi-3-mmc-prasek\\\/#breadcrumb\",\"itemListElement\":[{\"@type\":\"ListItem\",\"position\":1,\"name\":\"Nakupujte\",\"item\":\"https:\\\/\\\/medicinasinc.com\\\/sl\\\/nakupujte\\\/\"},{\"@type\":\"ListItem\",\"position\":2,\"name\":\"Kupite 3-mmc prah\"}]},{\"@type\":\"WebSite\",\"@id\":\"https:\\\/\\\/medicinasinc.com\\\/sl\\\/#website\",\"url\":\"https:\\\/\\\/medicinasinc.com\\\/sl\\\/\",\"name\":\"Medicinas Inc\",\"description\":\"Health Medical Clinic\",\"potentialAction\":[{\"@type\":\"SearchAction\",\"target\":{\"@type\":\"EntryPoint\",\"urlTemplate\":\"https:\\\/\\\/medicinasinc.com\\\/sl\\\/?s={search_term_string}\"},\"query-input\":{\"@type\":\"PropertyValueSpecification\",\"valueRequired\":true,\"valueName\":\"search_term_string\"}}],\"inLanguage\":\"en-US\"}]}<\/script>\n<!-- \/ Yoast SEO plugin. -->","yoast_head_json":{"title":"Kupite 3-mmc prah - 3-mmc prah za prodajo - Best Global Meds","description":"Kje kupiti 3-mmc prah za prodajo v Zdru\u017eenem kraljestvu, Evropi? Tukaj v Best Global Meds imamo visokokakovosten 3-MMC prah, ki je na voljo za prodajo v obliki kristalov, pelet in prahu.","robots":{"index":"index","follow":"follow","max-snippet":"max-snippet:-1","max-image-preview":"max-image-preview:large","max-video-preview":"max-video-preview:-1"},"canonical":"https:\/\/medicinasinc.com\/sl\/product\/kupi-3-mmc-prasek\/","og_locale":"en_US","og_type":"article","og_title":"Kupite 3-mmc prah - 3-mmc prah za prodajo - Best Global Meds","og_description":"Kje kupiti 3-mmc prah za prodajo v Zdru\u017eenem kraljestvu, Evropi? Tukaj v Best Global Meds imamo visokokakovosten 3-MMC prah, ki je na voljo za prodajo v obliki kristalov, pelet in prahu.","og_url":"https:\/\/medicinasinc.com\/sl\/product\/kupi-3-mmc-prasek\/","og_site_name":"Medicinas Inc","article_modified_time":"2022-03-19T00:23:08+00:00","og_image":[{"width":350,"height":350,"url":"https:\/\/medicinasinc.com\/sl\/wp-content\/uploads\/sites\/7\/2022\/02\/3-MMC-powder.jpg","type":"image\/jpeg"}],"twitter_card":"summary_large_image","twitter_misc":{"Est. reading time":"2 minutes"},"schema":{"@context":"https:\/\/schema.org","@graph":[{"@type":"WebPage","@id":"https:\/\/medicinasinc.com\/sl\/product\/kupi-3-mmc-prasek\/","url":"https:\/\/medicinasinc.com\/sl\/product\/kupi-3-mmc-prasek\/","name":"Kupite 3-mmc prah - 3-mmc prah za prodajo - Best Global Meds","isPartOf":{"@id":"https:\/\/medicinasinc.com\/sl\/#website"},"primaryImageOfPage":{"@id":"https:\/\/medicinasinc.com\/sl\/product\/kupi-3-mmc-prasek\/#primaryimage"},"image":{"@id":"https:\/\/medicinasinc.com\/sl\/product\/kupi-3-mmc-prasek\/#primaryimage"},"thumbnailUrl":"https:\/\/medicinasinc.com\/sl\/wp-content\/uploads\/sites\/7\/2022\/02\/3-MMC-powder.jpg","datePublished":"2022-02-22T03:27:38+00:00","dateModified":"2022-03-19T00:23:08+00:00","description":"Kje kupiti 3-mmc prah za prodajo v Zdru\u017eenem kraljestvu, Evropi? Tukaj v Best Global Meds imamo visokokakovosten 3-MMC prah, ki je na voljo za prodajo v obliki kristalov, pelet in prahu.","breadcrumb":{"@id":"https:\/\/medicinasinc.com\/sl\/product\/kupi-3-mmc-prasek\/#breadcrumb"},"inLanguage":"en-US","potentialAction":[{"@type":"ReadAction","target":["https:\/\/medicinasinc.com\/sl\/product\/kupi-3-mmc-prasek\/"]}]},{"@type":"ImageObject","inLanguage":"en-US","@id":"https:\/\/medicinasinc.com\/sl\/product\/kupi-3-mmc-prasek\/#primaryimage","url":"https:\/\/medicinasinc.com\/sl\/wp-content\/uploads\/sites\/7\/2022\/02\/3-MMC-powder.jpg","contentUrl":"https:\/\/medicinasinc.com\/sl\/wp-content\/uploads\/sites\/7\/2022\/02\/3-MMC-powder.jpg","width":350,"height":350},{"@type":"BreadcrumbList","@id":"https:\/\/medicinasinc.com\/sl\/product\/kupi-3-mmc-prasek\/#breadcrumb","itemListElement":[{"@type":"ListItem","position":1,"name":"Nakupujte","item":"https:\/\/medicinasinc.com\/sl\/nakupujte\/"},{"@type":"ListItem","position":2,"name":"Kupite 3-mmc prah"}]},{"@type":"WebSite","@id":"https:\/\/medicinasinc.com\/sl\/#website","url":"https:\/\/medicinasinc.com\/sl\/","name":"Medicinas Inc","description":"Health Medical Clinic","potentialAction":[{"@type":"SearchAction","target":{"@type":"EntryPoint","urlTemplate":"https:\/\/medicinasinc.com\/sl\/?s={search_term_string}"},"query-input":{"@type":"PropertyValueSpecification","valueRequired":true,"valueName":"search_term_string"}}],"inLanguage":"en-US"}]}},"_links":{"self":[{"href":"https:\/\/medicinasinc.com\/sl\/wp-json\/wp\/v2\/product\/5653","targetHints":{"allow":["GET"]}}],"collection":[{"href":"https:\/\/medicinasinc.com\/sl\/wp-json\/wp\/v2\/product"}],"about":[{"href":"https:\/\/medicinasinc.com\/sl\/wp-json\/wp\/v2\/types\/product"}],"replies":[{"embeddable":true,"href":"https:\/\/medicinasinc.com\/sl\/wp-json\/wp\/v2\/comments?post=5653"}],"wp:featuredmedia":[{"embeddable":true,"href":"https:\/\/medicinasinc.com\/sl\/wp-json\/wp\/v2\/media\/5664"}],"wp:attachment":[{"href":"https:\/\/medicinasinc.com\/sl\/wp-json\/wp\/v2\/media?parent=5653"}],"wp:term":[{"taxonomy":"product_brand","embeddable":true,"href":"https:\/\/medicinasinc.com\/sl\/wp-json\/wp\/v2\/product_brand?post=5653"},{"taxonomy":"product_cat","embeddable":true,"href":"https:\/\/medicinasinc.com\/sl\/wp-json\/wp\/v2\/product_cat?post=5653"},{"taxonomy":"product_tag","embeddable":true,"href":"https:\/\/medicinasinc.com\/sl\/wp-json\/wp\/v2\/product_tag?post=5653"}],"curies":[{"name":"wp","href":"https:\/\/api.w.org\/{rel}","templated":true}]}}