{"id":5651,"date":"2022-02-22T03:22:57","date_gmt":"2022-02-22T03:22:57","guid":{"rendered":"https:\/\/medicinasinc.com\/sl\/?post_type=product&#038;p=5651"},"modified":"2022-03-19T00:23:29","modified_gmt":"2022-03-19T00:23:29","slug":"kupi-oksikodon-prah","status":"publish","type":"product","link":"https:\/\/medicinasinc.com\/sl\/product\/kupi-oksikodon-prah\/","title":{"rendered":"Kupite oksikodon v prahu"},"content":{"rendered":"<p>Kakovostni oksikodon v prahu lahko kupite na spletnem mestu, kot je to:<br \/> Oksikodon v prahu za prodajo vam lahko pomaga odpraviti bole\u010dino in se izbolj\u0161ati.<\/p>\n<p>Oksikodon je v skupini zdravil, imenovanih narkoti\u010dni analgetiki. Uporablja se za zdravljenje kroni\u010dne bole\u010dine, ki je zelo huda, kadar druga zdravljenja ne delujejo dovolj dobro. Oblike tega zdravila na recept so namenjene pomo\u010di ljudem, ki imajo ves dan artritis, raka ali druge telesne te\u017eave. Na\u010din delovanja je podoben delovanju drugih opiatov. Ve\u017ee se na receptorje v mo\u017eganih in spremeni na\u010din, kako se mo\u017egani odzivajo na bole\u010dino.<\/p>\n<p>Oksikodon v prahu za prodajo je mo\u010dna sestavina razli\u010dnih protibole\u010dinskih zdravil, ki so na voljo v razli\u010dnih oblikah in velikostih. Obi\u010dajno se daje skupaj z ibuprofenom in aspirinom, lahko pa se daje tudi samostojno.<\/p>\n<p>Oksikodon v prahu lahko kupite na spletu v najbolj znani trgovini v Zdru\u017eenih dr\u017eavah.<\/p>\n<p>Bestgoalmeds. com\u00a0Shop je podjetje, ki temelji na vrednosti, ki \u017ee ve\u010d kot 15 let prodaja najbolj\u0161a zdravila. V na\u0161i trgovini lahko kupite oksikodon v prahu, ki je bil preverjen glede kakovosti v poobla\u0161\u010denem laboratoriju. Od ZDA do Azije slu\u017eimo strankam z vsega sveta. Na\u0161e izdelke je enostavno kupiti, ker so zakoniti in vam ni treba ni\u010desar skrbeti. Ko gre za nas, ohranjamo vse zasebno, ker cenimo va\u0161o zasebnost. \u010ce imate kakr\u0161na koli vpra\u0161anja ali pomisleke, nas kontaktirajte!<\/p>\n","protected":false},"excerpt":{"rendered":"<div class=\"woocommerce-product-details__short-description\">\n<p>Nakupujte oksikodon v prahu v Zdru\u017eenem kraljestvu in Evropi na Bestglobalmeds.com, kjer ga lahko hitro dobite z vsega sveta. Tukaj lahko kupite najbolj\u0161i oksikodon v prahu, ki ga lahko najdete.<\/p>\n<p>Na spletu lahko kupite visokokakovosten oksikodon v prahu za zmerne do hude bole\u010dine, ko morate biti dolgo nebole\u010di ves dan in no\u010d \u010das.<\/p>\n<p>Oxycodone prah lahko kupite na internetu po najbolj\u0161i ceni. USpharma Shop je znana spletna lekarna, ki prodaja legalna zdravila. Naro\u010dite na spletu in si prihranite \u010das in denar.<\/p>\n<p>Oxycodone (Bulk) je 100 % pra\u0161ek. Oksikodon je generi\u010dno ime (v razsutem stanju). Oglejte si brezpla\u010dni kupon. V tem razdelku boste izvedeli, kako uporabljati, kaj po\u010dne, kaj lahko naredi in kako se mu izogniti.<\/p>\n<p>Eden od \u0161tevilnih alkaloidov v perzijskem maku se imenuje tebain, oksikodon v prahu pa je pra\u0161ek. narejen iz tega alkaloida. Oksikodon v prahu je bel kristalini\u010dni prah brez vonja, ki je narejen iz tega alkaloida. Oksikodon hidroklorid se raztopi v vodi (1 g v 6 do 7 ml) in je malo topen v alkoholu, vendar ne zelo (porazdelitveni koeficient oktanol vode je 0,7).<\/p>\n<p>Oksikodon hidroklorid je sestavljen iz 4 , 5a-epoksi-14-hidroksi-3-metoksi-17-metilmorfinan-6-on hidroklorid, kar je kemi\u010dno ime.<\/p>\n<p>Polsinteti\u010dni opioidni analgetik, imenovan oksikodon v prahu, se uporablja za zdravljenje zmernih do zmernih do huda bole\u010dina. Oksikodon v prahu se obi\u010dajno uporablja za zdravljenje zmerne do hude bole\u010dine. Ko je bil oksikodon leta 1917 izdelan v Nem\u010diji, je bil eden od skupine polsinteti\u010dnih opioidov, ki so bili narejeni za izbolj\u0161anje obstoje\u010dih opioidov.<\/p>\n<\/p><\/div>\n","protected":false},"featured_media":5660,"comment_status":"open","ping_status":"closed","template":"","meta":[],"product_brand":[],"product_cat":[2014],"product_tag":[3415,3416,3417,3418,3419,3420,3421,3422,3423,3424,3425,3426,3427,3428,3429,3430,3431],"class_list":{"0":"post-5651","1":"product","2":"type-product","3":"status-publish","4":"has-post-thumbnail","6":"product_cat-nakup-raziskave-kemikalije","7":"product_tag-best-place-to-buy-oxycodone-powder","8":"product_tag-buy-oxycodone-powder","9":"product_tag-order-oxycodone-powder","10":"product_tag-oxycodone-powder-buy","11":"product_tag-oxycodone-powder-effect","12":"product_tag-oxycodone-powder-europe","13":"product_tag-oxycodone-powder-for-sale","14":"product_tag-oxycodone-powder-for-sale-uk","15":"product_tag-oxycodone-powder-germany","16":"product_tag-oxycodone-powder-mail","17":"product_tag-oxycodone-powder-mail-order","18":"product_tag-oxycodone-powder-online","19":"product_tag-oxycodone-powder-order","20":"product_tag-oxycodone-powder-order-uk","21":"product_tag-oxycodone-powder-reddit","22":"product_tag-oxycodone-powder-sale","23":"product_tag-where-to-buy-oxycodone-powder","25":"first","26":"instock","27":"shipping-taxable","28":"purchasable","29":"product-type-variable","30":"has-default-attributes"},"yoast_head":"<!-- This site is optimized with the Yoast SEO plugin v27.3 - https:\/\/yoast.com\/product\/yoast-seo-wordpress\/ -->\n<title>Kupite oksikodon v prahu - oksikodon v prahu - Best Global Meds<\/title>\n<meta name=\"description\" content=\"Kupite oksikodon v prahu UK, Evropa v na\u0161i spletni trgovini Bestglobalmeds.com s hitro dostavo po vsem svetu! Najbolj\u0161i oksikodon v prahu za naro\u010danje boste na\u0161li tukaj!\" \/>\n<meta name=\"robots\" content=\"index, follow, max-snippet:-1, max-image-preview:large, max-video-preview:-1\" \/>\n<link rel=\"canonical\" href=\"https:\/\/medicinasinc.com\/sl\/product\/kupi-oksikodon-prah\/\" \/>\n<meta property=\"og:locale\" content=\"en_US\" \/>\n<meta property=\"og:type\" content=\"article\" \/>\n<meta property=\"og:title\" content=\"Kupite oksikodon v prahu - oksikodon v prahu - Best Global Meds\" \/>\n<meta property=\"og:description\" content=\"Kupite oksikodon v prahu UK, Evropa v na\u0161i spletni trgovini Bestglobalmeds.com s hitro dostavo po vsem svetu! Najbolj\u0161i oksikodon v prahu za naro\u010danje boste na\u0161li tukaj!\" \/>\n<meta property=\"og:url\" content=\"https:\/\/medicinasinc.com\/sl\/product\/kupi-oksikodon-prah\/\" \/>\n<meta property=\"og:site_name\" content=\"Medicinas Inc\" \/>\n<meta property=\"article:modified_time\" content=\"2022-03-19T00:23:29+00:00\" \/>\n<meta property=\"og:image\" content=\"https:\/\/medicinasinc.com\/sl\/wp-content\/uploads\/sites\/7\/2022\/02\/Buy-oxycodone-powder.jpeg\" \/>\n\t<meta property=\"og:image:width\" content=\"510\" \/>\n\t<meta property=\"og:image:height\" content=\"389\" \/>\n\t<meta property=\"og:image:type\" content=\"image\/jpeg\" \/>\n<meta name=\"twitter:card\" content=\"summary_large_image\" \/>\n<meta name=\"twitter:label1\" content=\"Est. reading time\" \/>\n\t<meta name=\"twitter:data1\" content=\"2 minutes\" \/>\n<script type=\"application\/ld+json\" class=\"yoast-schema-graph\">{\"@context\":\"https:\\\/\\\/schema.org\",\"@graph\":[{\"@type\":\"WebPage\",\"@id\":\"https:\\\/\\\/medicinasinc.com\\\/sl\\\/product\\\/kupi-oksikodon-prah\\\/\",\"url\":\"https:\\\/\\\/medicinasinc.com\\\/sl\\\/product\\\/kupi-oksikodon-prah\\\/\",\"name\":\"Kupite oksikodon v prahu - oksikodon v prahu - Best Global Meds\",\"isPartOf\":{\"@id\":\"https:\\\/\\\/medicinasinc.com\\\/sl\\\/#website\"},\"primaryImageOfPage\":{\"@id\":\"https:\\\/\\\/medicinasinc.com\\\/sl\\\/product\\\/kupi-oksikodon-prah\\\/#primaryimage\"},\"image\":{\"@id\":\"https:\\\/\\\/medicinasinc.com\\\/sl\\\/product\\\/kupi-oksikodon-prah\\\/#primaryimage\"},\"thumbnailUrl\":\"https:\\\/\\\/medicinasinc.com\\\/sl\\\/wp-content\\\/uploads\\\/sites\\\/7\\\/2022\\\/02\\\/Buy-oxycodone-powder.jpeg\",\"datePublished\":\"2022-02-22T03:22:57+00:00\",\"dateModified\":\"2022-03-19T00:23:29+00:00\",\"description\":\"Kupite oksikodon v prahu UK, Evropa v na\u0161i spletni trgovini Bestglobalmeds.com s hitro dostavo po vsem svetu! Najbolj\u0161i oksikodon v prahu za naro\u010danje boste na\u0161li tukaj!\",\"breadcrumb\":{\"@id\":\"https:\\\/\\\/medicinasinc.com\\\/sl\\\/product\\\/kupi-oksikodon-prah\\\/#breadcrumb\"},\"inLanguage\":\"en-US\",\"potentialAction\":[{\"@type\":\"ReadAction\",\"target\":[\"https:\\\/\\\/medicinasinc.com\\\/sl\\\/product\\\/kupi-oksikodon-prah\\\/\"]}]},{\"@type\":\"ImageObject\",\"inLanguage\":\"en-US\",\"@id\":\"https:\\\/\\\/medicinasinc.com\\\/sl\\\/product\\\/kupi-oksikodon-prah\\\/#primaryimage\",\"url\":\"https:\\\/\\\/medicinasinc.com\\\/sl\\\/wp-content\\\/uploads\\\/sites\\\/7\\\/2022\\\/02\\\/Buy-oxycodone-powder.jpeg\",\"contentUrl\":\"https:\\\/\\\/medicinasinc.com\\\/sl\\\/wp-content\\\/uploads\\\/sites\\\/7\\\/2022\\\/02\\\/Buy-oxycodone-powder.jpeg\",\"width\":510,\"height\":389},{\"@type\":\"BreadcrumbList\",\"@id\":\"https:\\\/\\\/medicinasinc.com\\\/sl\\\/product\\\/kupi-oksikodon-prah\\\/#breadcrumb\",\"itemListElement\":[{\"@type\":\"ListItem\",\"position\":1,\"name\":\"Nakupujte\",\"item\":\"https:\\\/\\\/medicinasinc.com\\\/sl\\\/nakupujte\\\/\"},{\"@type\":\"ListItem\",\"position\":2,\"name\":\"Kupite oksikodon v prahu\"}]},{\"@type\":\"WebSite\",\"@id\":\"https:\\\/\\\/medicinasinc.com\\\/sl\\\/#website\",\"url\":\"https:\\\/\\\/medicinasinc.com\\\/sl\\\/\",\"name\":\"Medicinas Inc\",\"description\":\"Health Medical Clinic\",\"potentialAction\":[{\"@type\":\"SearchAction\",\"target\":{\"@type\":\"EntryPoint\",\"urlTemplate\":\"https:\\\/\\\/medicinasinc.com\\\/sl\\\/?s={search_term_string}\"},\"query-input\":{\"@type\":\"PropertyValueSpecification\",\"valueRequired\":true,\"valueName\":\"search_term_string\"}}],\"inLanguage\":\"en-US\"}]}<\/script>\n<!-- \/ Yoast SEO plugin. -->","yoast_head_json":{"title":"Kupite oksikodon v prahu - oksikodon v prahu - Best Global Meds","description":"Kupite oksikodon v prahu UK, Evropa v na\u0161i spletni trgovini Bestglobalmeds.com s hitro dostavo po vsem svetu! Najbolj\u0161i oksikodon v prahu za naro\u010danje boste na\u0161li tukaj!","robots":{"index":"index","follow":"follow","max-snippet":"max-snippet:-1","max-image-preview":"max-image-preview:large","max-video-preview":"max-video-preview:-1"},"canonical":"https:\/\/medicinasinc.com\/sl\/product\/kupi-oksikodon-prah\/","og_locale":"en_US","og_type":"article","og_title":"Kupite oksikodon v prahu - oksikodon v prahu - Best Global Meds","og_description":"Kupite oksikodon v prahu UK, Evropa v na\u0161i spletni trgovini Bestglobalmeds.com s hitro dostavo po vsem svetu! Najbolj\u0161i oksikodon v prahu za naro\u010danje boste na\u0161li tukaj!","og_url":"https:\/\/medicinasinc.com\/sl\/product\/kupi-oksikodon-prah\/","og_site_name":"Medicinas Inc","article_modified_time":"2022-03-19T00:23:29+00:00","og_image":[{"width":510,"height":389,"url":"https:\/\/medicinasinc.com\/sl\/wp-content\/uploads\/sites\/7\/2022\/02\/Buy-oxycodone-powder.jpeg","type":"image\/jpeg"}],"twitter_card":"summary_large_image","twitter_misc":{"Est. reading time":"2 minutes"},"schema":{"@context":"https:\/\/schema.org","@graph":[{"@type":"WebPage","@id":"https:\/\/medicinasinc.com\/sl\/product\/kupi-oksikodon-prah\/","url":"https:\/\/medicinasinc.com\/sl\/product\/kupi-oksikodon-prah\/","name":"Kupite oksikodon v prahu - oksikodon v prahu - Best Global Meds","isPartOf":{"@id":"https:\/\/medicinasinc.com\/sl\/#website"},"primaryImageOfPage":{"@id":"https:\/\/medicinasinc.com\/sl\/product\/kupi-oksikodon-prah\/#primaryimage"},"image":{"@id":"https:\/\/medicinasinc.com\/sl\/product\/kupi-oksikodon-prah\/#primaryimage"},"thumbnailUrl":"https:\/\/medicinasinc.com\/sl\/wp-content\/uploads\/sites\/7\/2022\/02\/Buy-oxycodone-powder.jpeg","datePublished":"2022-02-22T03:22:57+00:00","dateModified":"2022-03-19T00:23:29+00:00","description":"Kupite oksikodon v prahu UK, Evropa v na\u0161i spletni trgovini Bestglobalmeds.com s hitro dostavo po vsem svetu! Najbolj\u0161i oksikodon v prahu za naro\u010danje boste na\u0161li tukaj!","breadcrumb":{"@id":"https:\/\/medicinasinc.com\/sl\/product\/kupi-oksikodon-prah\/#breadcrumb"},"inLanguage":"en-US","potentialAction":[{"@type":"ReadAction","target":["https:\/\/medicinasinc.com\/sl\/product\/kupi-oksikodon-prah\/"]}]},{"@type":"ImageObject","inLanguage":"en-US","@id":"https:\/\/medicinasinc.com\/sl\/product\/kupi-oksikodon-prah\/#primaryimage","url":"https:\/\/medicinasinc.com\/sl\/wp-content\/uploads\/sites\/7\/2022\/02\/Buy-oxycodone-powder.jpeg","contentUrl":"https:\/\/medicinasinc.com\/sl\/wp-content\/uploads\/sites\/7\/2022\/02\/Buy-oxycodone-powder.jpeg","width":510,"height":389},{"@type":"BreadcrumbList","@id":"https:\/\/medicinasinc.com\/sl\/product\/kupi-oksikodon-prah\/#breadcrumb","itemListElement":[{"@type":"ListItem","position":1,"name":"Nakupujte","item":"https:\/\/medicinasinc.com\/sl\/nakupujte\/"},{"@type":"ListItem","position":2,"name":"Kupite oksikodon v prahu"}]},{"@type":"WebSite","@id":"https:\/\/medicinasinc.com\/sl\/#website","url":"https:\/\/medicinasinc.com\/sl\/","name":"Medicinas Inc","description":"Health Medical Clinic","potentialAction":[{"@type":"SearchAction","target":{"@type":"EntryPoint","urlTemplate":"https:\/\/medicinasinc.com\/sl\/?s={search_term_string}"},"query-input":{"@type":"PropertyValueSpecification","valueRequired":true,"valueName":"search_term_string"}}],"inLanguage":"en-US"}]}},"_links":{"self":[{"href":"https:\/\/medicinasinc.com\/sl\/wp-json\/wp\/v2\/product\/5651","targetHints":{"allow":["GET"]}}],"collection":[{"href":"https:\/\/medicinasinc.com\/sl\/wp-json\/wp\/v2\/product"}],"about":[{"href":"https:\/\/medicinasinc.com\/sl\/wp-json\/wp\/v2\/types\/product"}],"replies":[{"embeddable":true,"href":"https:\/\/medicinasinc.com\/sl\/wp-json\/wp\/v2\/comments?post=5651"}],"wp:featuredmedia":[{"embeddable":true,"href":"https:\/\/medicinasinc.com\/sl\/wp-json\/wp\/v2\/media\/5660"}],"wp:attachment":[{"href":"https:\/\/medicinasinc.com\/sl\/wp-json\/wp\/v2\/media?parent=5651"}],"wp:term":[{"taxonomy":"product_brand","embeddable":true,"href":"https:\/\/medicinasinc.com\/sl\/wp-json\/wp\/v2\/product_brand?post=5651"},{"taxonomy":"product_cat","embeddable":true,"href":"https:\/\/medicinasinc.com\/sl\/wp-json\/wp\/v2\/product_cat?post=5651"},{"taxonomy":"product_tag","embeddable":true,"href":"https:\/\/medicinasinc.com\/sl\/wp-json\/wp\/v2\/product_tag?post=5651"}],"curies":[{"name":"wp","href":"https:\/\/api.w.org\/{rel}","templated":true}]}}