{"id":5638,"date":"2022-02-22T03:11:29","date_gmt":"2022-02-22T03:11:29","guid":{"rendered":"https:\/\/medicinasinc.com\/sl\/?post_type=product&#038;p=5638"},"modified":"2022-03-19T00:23:39","modified_gmt":"2022-03-19T00:23:39","slug":"buy-sextacy-bath-solt","status":"publish","type":"product","link":"https:\/\/medicinasinc.com\/sl\/product\/buy-sextacy-bath-solt\/","title":{"rendered":"Kupite kopalno sol Sextacy"},"content":{"rendered":"<p>Kupite kopalno sol Sextacy v spletni trgovini, kot je ta:<br \/> Kupite kopalno sol Sextacy za uporabo v kopeli.<\/p>\n<p>To je koncentrirana kopalna sol. Vendar se lahko \u0161e vedno sprostite in pustite, da vam Sextacy za nekaj \u010dasa odvrne misli od stvari. Vzemite si vro\u010do kopel in dodajte vsebino. To bo naravno zmeh\u010dalo vodo, zaradi \u010desar se boste po\u010dutili zelo umirjene in pomirjene.<\/p>\n<p>Zelo pomembno je, da za\u010dnete z zelo majhno koli\u010dino kopalne soli Sextacy, da vidite, kako se va\u0161e telo odzove. Ker je Sextacy Ultimate tako mo\u010dan, ga boste morda morali uporabiti ve\u010d v svoji kopeli, da dose\u017eete popolno sprostitev, ki si jo \u017eelite.<\/p>\n<p>Sextacy je velika stvar.<\/p>\n<p>V MP testu. , se je zgodilo naslednje:<\/p>\n<p>\u010ce vam Ivory Wave ni dovolj, je to mo\u010dnej\u0161a razli\u010dica odli\u010dnega in vrhunskega izdelka. Je zelo podoben Ivory Waveu, vendar ima nekaj dodatnih sestavin, zaradi katerih je \u0161e bolj\u0161i. Vendar pa te zelo zelo poholi in da se po\u010duti\u0161, kot da si v sanjah sredi kopeli. Zelo mo\u010dan bo in bodite previdni pri uporabi. Va\u0161a kopel bo zelo hitra. Za\u010dnite z zelo malo. Za 6 do 9 ur pride v pribli\u017eno 10 minutah in traja toliko \u010dasa. Je pa kopalna sol Sextacy zelo podobna Ivory Ultra, vendar ima \u0161e vedno svoj \u010darobni pridih LOL. Vendar pa je to odli\u010den izdelek, zato ga priporo\u010dam previdno in \u0161e naprej prihajajo povratne informacije! Obvezno!<\/p>\n<p>Natrijev bikarbonat, natrijev klorid, globokomorska sol, minerali in drugi naravno prisotni elementi v sledovih so nekatere od sestavin.<\/p>\n<p>Zakonitost: Ta izdelek je zakonit v dr\u017eavi. vsako dr\u017eavo, ker je narejena z zeli\u0161\u010di.<\/p>\n<p>V tem primeru je White Girl 500 mg koncentrirane kopalne soli tisto, kar potrebujete.<br \/> 500 mg kopalne soli White Lady<br \/> Bliss koncentrirane kopalne soli ima 500 mg soli v vsaki vre\u010dki.<br \/> Kopalne soli Snow Leopard jih imajo 500 mg v vsaki vre\u010dki.<br \/> 500 mg dodatne kopalne soli iz Lunar Wave. 500 mg koncentrirane kopalne soli iz Belega konja.<br \/> 500 mg po\u017eivljajo\u010de kopalne soli<br \/> 500 mg kopalne soli Cloud 10<br \/> Blue Magic: 500 mg kopalne soli<br \/> Kopalna sol z imenom Scarface ima 500 mg od tega.<br \/> Tudi veliko ve\u010d ljudi.<\/p>\n","protected":false},"excerpt":{"rendered":"<div class=\"woocommerce-product-details__short-description\">\n<p>Sextacy kopalno sol je enostavno kupiti v na\u0161i trgovini Bestglobalmeds.com in jo hitro dostaviti na dom v Evropi in Zdru\u017eenem kraljestvu. Najbolj\u0161e mesto za nakup kopalne soli Sextacy je tukaj!<\/p>\n<p>Kupite 50 paketov koncentrirane kopalne soli sextacy na internetu. Koncentrirani sextacy: 10 paketov po 10 Kupite koncentriran sextacy 20 paketov kopalne soli na internetu.<\/p>\n<p>Obstaja veliko spletnih mest, kjer lahko kupite veliko kopalne soli za veliko denarja.<\/p>\n<p>Na spletu lahko kupite kopalne soli sextacy pri Global Medicine. Prodajne cene kopalne soli Sextacy lahko izveste tako, da preberete to besedilo<\/p>\n<\/p><\/div>\n","protected":false},"featured_media":5650,"comment_status":"open","ping_status":"closed","template":"","meta":[],"product_brand":[],"product_cat":[2014],"product_tag":[3397,3399,3398,3396,3400,3401,3402,3403,3404,3405,3406,3407,3408,3409,3410,3411,3412,3413,3414],"class_list":{"0":"post-5638","1":"product","2":"type-product","3":"status-publish","4":"has-post-thumbnail","6":"product_cat-nakup-raziskave-kemikalije","7":"product_tag-best-sextacy-bath-salt","8":"product_tag-buy-sextacy-bath-solts-uk","9":"product_tag-buy-sextacy-bath-solt","10":"product_tag-najbolje-mesto-za-kup-sextacy-bath-salt","11":"product_tag-order-sextacy-bath-salt","12":"product_tag-preprodaja-sextacy-bath-salt","13":"product_tag-sextacy-bath-salt","14":"product_tag-sextacy-bath-salt-alibaba","15":"product_tag-sextacy-bath-salt-buy","16":"product_tag-sextacy-bath-salt-china","17":"product_tag-sextacy-bath-salt-effect","18":"product_tag-sextacy-bath-salt-europe","19":"product_tag-sextacy-bath-salt-for-sale","20":"product_tag-sextacy-bath-salt-online","21":"product_tag-sextacy-bath-salt-order","22":"product_tag-sextacy-bath-salt-reddit","23":"product_tag-sextacy-bath-salt-sale","24":"product_tag-sextacy-bath-salt-supplier","25":"product_tag-sextacy-bath-salt-wholesale","27":"first","28":"instock","29":"shipping-taxable","30":"purchasable","31":"product-type-variable"},"yoast_head":"<!-- This site is optimized with the Yoast SEO plugin v27.3 - https:\/\/yoast.com\/product\/yoast-seo-wordpress\/ -->\n<title>Kupite kopalno sol Sextacy - kopalno sol Sextacy - najbolj\u0161a globalna zdravila<\/title>\n<meta name=\"description\" content=\"Kupite kopalno sol Sextacy za prodajo v Veliki Britaniji, Evropi v na\u0161i spletni trgovini Bestglobalmeds.com s hitro dostavo po vsem svetu! Najbolj\u0161o kopalno sol Sextacy, ki jo lahko naro\u010dite, boste na\u0161li!\" \/>\n<meta name=\"robots\" content=\"index, follow, max-snippet:-1, max-image-preview:large, max-video-preview:-1\" \/>\n<link rel=\"canonical\" href=\"https:\/\/medicinasinc.com\/sl\/product\/buy-sextacy-bath-solt\/\" \/>\n<meta property=\"og:locale\" content=\"en_US\" \/>\n<meta property=\"og:type\" content=\"article\" \/>\n<meta property=\"og:title\" content=\"Kupite kopalno sol Sextacy - kopalno sol Sextacy - najbolj\u0161a globalna zdravila\" \/>\n<meta property=\"og:description\" content=\"Kupite kopalno sol Sextacy za prodajo v Veliki Britaniji, Evropi v na\u0161i spletni trgovini Bestglobalmeds.com s hitro dostavo po vsem svetu! Najbolj\u0161o kopalno sol Sextacy, ki jo lahko naro\u010dite, boste na\u0161li!\" \/>\n<meta property=\"og:url\" content=\"https:\/\/medicinasinc.com\/sl\/product\/buy-sextacy-bath-solt\/\" \/>\n<meta property=\"og:site_name\" content=\"Medicinas Inc\" \/>\n<meta property=\"article:modified_time\" content=\"2022-03-19T00:23:39+00:00\" \/>\n<meta property=\"og:image\" content=\"https:\/\/medicinasinc.com\/sl\/wp-content\/uploads\/sites\/7\/2022\/02\/Buy-Sextacy-Bath-Salt.jpg\" \/>\n\t<meta property=\"og:image:width\" content=\"600\" \/>\n\t<meta property=\"og:image:height\" content=\"600\" \/>\n\t<meta property=\"og:image:type\" content=\"image\/jpeg\" \/>\n<meta name=\"twitter:card\" content=\"summary_large_image\" \/>\n<meta name=\"twitter:label1\" content=\"Est. reading time\" \/>\n\t<meta name=\"twitter:data1\" content=\"2 minutes\" \/>\n<script type=\"application\/ld+json\" class=\"yoast-schema-graph\">{\"@context\":\"https:\\\/\\\/schema.org\",\"@graph\":[{\"@type\":\"WebPage\",\"@id\":\"https:\\\/\\\/medicinasinc.com\\\/sl\\\/product\\\/buy-sextacy-bath-solt\\\/\",\"url\":\"https:\\\/\\\/medicinasinc.com\\\/sl\\\/product\\\/buy-sextacy-bath-solt\\\/\",\"name\":\"Kupite kopalno sol Sextacy - kopalno sol Sextacy - najbolj\u0161a globalna zdravila\",\"isPartOf\":{\"@id\":\"https:\\\/\\\/medicinasinc.com\\\/sl\\\/#website\"},\"primaryImageOfPage\":{\"@id\":\"https:\\\/\\\/medicinasinc.com\\\/sl\\\/product\\\/buy-sextacy-bath-solt\\\/#primaryimage\"},\"image\":{\"@id\":\"https:\\\/\\\/medicinasinc.com\\\/sl\\\/product\\\/buy-sextacy-bath-solt\\\/#primaryimage\"},\"thumbnailUrl\":\"https:\\\/\\\/medicinasinc.com\\\/sl\\\/wp-content\\\/uploads\\\/sites\\\/7\\\/2022\\\/02\\\/Buy-Sextacy-Bath-Salt.jpg\",\"datePublished\":\"2022-02-22T03:11:29+00:00\",\"dateModified\":\"2022-03-19T00:23:39+00:00\",\"description\":\"Kupite kopalno sol Sextacy za prodajo v Veliki Britaniji, Evropi v na\u0161i spletni trgovini Bestglobalmeds.com s hitro dostavo po vsem svetu! Najbolj\u0161o kopalno sol Sextacy, ki jo lahko naro\u010dite, boste na\u0161li!\",\"breadcrumb\":{\"@id\":\"https:\\\/\\\/medicinasinc.com\\\/sl\\\/product\\\/buy-sextacy-bath-solt\\\/#breadcrumb\"},\"inLanguage\":\"en-US\",\"potentialAction\":[{\"@type\":\"ReadAction\",\"target\":[\"https:\\\/\\\/medicinasinc.com\\\/sl\\\/product\\\/buy-sextacy-bath-solt\\\/\"]}]},{\"@type\":\"ImageObject\",\"inLanguage\":\"en-US\",\"@id\":\"https:\\\/\\\/medicinasinc.com\\\/sl\\\/product\\\/buy-sextacy-bath-solt\\\/#primaryimage\",\"url\":\"https:\\\/\\\/medicinasinc.com\\\/sl\\\/wp-content\\\/uploads\\\/sites\\\/7\\\/2022\\\/02\\\/Buy-Sextacy-Bath-Salt.jpg\",\"contentUrl\":\"https:\\\/\\\/medicinasinc.com\\\/sl\\\/wp-content\\\/uploads\\\/sites\\\/7\\\/2022\\\/02\\\/Buy-Sextacy-Bath-Salt.jpg\",\"width\":600,\"height\":600},{\"@type\":\"BreadcrumbList\",\"@id\":\"https:\\\/\\\/medicinasinc.com\\\/sl\\\/product\\\/buy-sextacy-bath-solt\\\/#breadcrumb\",\"itemListElement\":[{\"@type\":\"ListItem\",\"position\":1,\"name\":\"Nakupujte\",\"item\":\"https:\\\/\\\/medicinasinc.com\\\/sl\\\/nakupujte\\\/\"},{\"@type\":\"ListItem\",\"position\":2,\"name\":\"Kupite kopalno sol Sextacy\"}]},{\"@type\":\"WebSite\",\"@id\":\"https:\\\/\\\/medicinasinc.com\\\/sl\\\/#website\",\"url\":\"https:\\\/\\\/medicinasinc.com\\\/sl\\\/\",\"name\":\"Medicinas Inc\",\"description\":\"Health Medical Clinic\",\"potentialAction\":[{\"@type\":\"SearchAction\",\"target\":{\"@type\":\"EntryPoint\",\"urlTemplate\":\"https:\\\/\\\/medicinasinc.com\\\/sl\\\/?s={search_term_string}\"},\"query-input\":{\"@type\":\"PropertyValueSpecification\",\"valueRequired\":true,\"valueName\":\"search_term_string\"}}],\"inLanguage\":\"en-US\"}]}<\/script>\n<!-- \/ Yoast SEO plugin. -->","yoast_head_json":{"title":"Kupite kopalno sol Sextacy - kopalno sol Sextacy - najbolj\u0161a globalna zdravila","description":"Kupite kopalno sol Sextacy za prodajo v Veliki Britaniji, Evropi v na\u0161i spletni trgovini Bestglobalmeds.com s hitro dostavo po vsem svetu! Najbolj\u0161o kopalno sol Sextacy, ki jo lahko naro\u010dite, boste na\u0161li!","robots":{"index":"index","follow":"follow","max-snippet":"max-snippet:-1","max-image-preview":"max-image-preview:large","max-video-preview":"max-video-preview:-1"},"canonical":"https:\/\/medicinasinc.com\/sl\/product\/buy-sextacy-bath-solt\/","og_locale":"en_US","og_type":"article","og_title":"Kupite kopalno sol Sextacy - kopalno sol Sextacy - najbolj\u0161a globalna zdravila","og_description":"Kupite kopalno sol Sextacy za prodajo v Veliki Britaniji, Evropi v na\u0161i spletni trgovini Bestglobalmeds.com s hitro dostavo po vsem svetu! Najbolj\u0161o kopalno sol Sextacy, ki jo lahko naro\u010dite, boste na\u0161li!","og_url":"https:\/\/medicinasinc.com\/sl\/product\/buy-sextacy-bath-solt\/","og_site_name":"Medicinas Inc","article_modified_time":"2022-03-19T00:23:39+00:00","og_image":[{"width":600,"height":600,"url":"https:\/\/medicinasinc.com\/sl\/wp-content\/uploads\/sites\/7\/2022\/02\/Buy-Sextacy-Bath-Salt.jpg","type":"image\/jpeg"}],"twitter_card":"summary_large_image","twitter_misc":{"Est. reading time":"2 minutes"},"schema":{"@context":"https:\/\/schema.org","@graph":[{"@type":"WebPage","@id":"https:\/\/medicinasinc.com\/sl\/product\/buy-sextacy-bath-solt\/","url":"https:\/\/medicinasinc.com\/sl\/product\/buy-sextacy-bath-solt\/","name":"Kupite kopalno sol Sextacy - kopalno sol Sextacy - najbolj\u0161a globalna zdravila","isPartOf":{"@id":"https:\/\/medicinasinc.com\/sl\/#website"},"primaryImageOfPage":{"@id":"https:\/\/medicinasinc.com\/sl\/product\/buy-sextacy-bath-solt\/#primaryimage"},"image":{"@id":"https:\/\/medicinasinc.com\/sl\/product\/buy-sextacy-bath-solt\/#primaryimage"},"thumbnailUrl":"https:\/\/medicinasinc.com\/sl\/wp-content\/uploads\/sites\/7\/2022\/02\/Buy-Sextacy-Bath-Salt.jpg","datePublished":"2022-02-22T03:11:29+00:00","dateModified":"2022-03-19T00:23:39+00:00","description":"Kupite kopalno sol Sextacy za prodajo v Veliki Britaniji, Evropi v na\u0161i spletni trgovini Bestglobalmeds.com s hitro dostavo po vsem svetu! Najbolj\u0161o kopalno sol Sextacy, ki jo lahko naro\u010dite, boste na\u0161li!","breadcrumb":{"@id":"https:\/\/medicinasinc.com\/sl\/product\/buy-sextacy-bath-solt\/#breadcrumb"},"inLanguage":"en-US","potentialAction":[{"@type":"ReadAction","target":["https:\/\/medicinasinc.com\/sl\/product\/buy-sextacy-bath-solt\/"]}]},{"@type":"ImageObject","inLanguage":"en-US","@id":"https:\/\/medicinasinc.com\/sl\/product\/buy-sextacy-bath-solt\/#primaryimage","url":"https:\/\/medicinasinc.com\/sl\/wp-content\/uploads\/sites\/7\/2022\/02\/Buy-Sextacy-Bath-Salt.jpg","contentUrl":"https:\/\/medicinasinc.com\/sl\/wp-content\/uploads\/sites\/7\/2022\/02\/Buy-Sextacy-Bath-Salt.jpg","width":600,"height":600},{"@type":"BreadcrumbList","@id":"https:\/\/medicinasinc.com\/sl\/product\/buy-sextacy-bath-solt\/#breadcrumb","itemListElement":[{"@type":"ListItem","position":1,"name":"Nakupujte","item":"https:\/\/medicinasinc.com\/sl\/nakupujte\/"},{"@type":"ListItem","position":2,"name":"Kupite kopalno sol Sextacy"}]},{"@type":"WebSite","@id":"https:\/\/medicinasinc.com\/sl\/#website","url":"https:\/\/medicinasinc.com\/sl\/","name":"Medicinas Inc","description":"Health Medical Clinic","potentialAction":[{"@type":"SearchAction","target":{"@type":"EntryPoint","urlTemplate":"https:\/\/medicinasinc.com\/sl\/?s={search_term_string}"},"query-input":{"@type":"PropertyValueSpecification","valueRequired":true,"valueName":"search_term_string"}}],"inLanguage":"en-US"}]}},"_links":{"self":[{"href":"https:\/\/medicinasinc.com\/sl\/wp-json\/wp\/v2\/product\/5638","targetHints":{"allow":["GET"]}}],"collection":[{"href":"https:\/\/medicinasinc.com\/sl\/wp-json\/wp\/v2\/product"}],"about":[{"href":"https:\/\/medicinasinc.com\/sl\/wp-json\/wp\/v2\/types\/product"}],"replies":[{"embeddable":true,"href":"https:\/\/medicinasinc.com\/sl\/wp-json\/wp\/v2\/comments?post=5638"}],"wp:featuredmedia":[{"embeddable":true,"href":"https:\/\/medicinasinc.com\/sl\/wp-json\/wp\/v2\/media\/5650"}],"wp:attachment":[{"href":"https:\/\/medicinasinc.com\/sl\/wp-json\/wp\/v2\/media?parent=5638"}],"wp:term":[{"taxonomy":"product_brand","embeddable":true,"href":"https:\/\/medicinasinc.com\/sl\/wp-json\/wp\/v2\/product_brand?post=5638"},{"taxonomy":"product_cat","embeddable":true,"href":"https:\/\/medicinasinc.com\/sl\/wp-json\/wp\/v2\/product_cat?post=5638"},{"taxonomy":"product_tag","embeddable":true,"href":"https:\/\/medicinasinc.com\/sl\/wp-json\/wp\/v2\/product_tag?post=5638"}],"curies":[{"name":"wp","href":"https:\/\/api.w.org\/{rel}","templated":true}]}}