{"id":5637,"date":"2022-02-22T03:10:06","date_gmt":"2022-02-22T03:10:06","guid":{"rendered":"https:\/\/medicinasinc.com\/sl\/?post_type=product&#038;p=5637"},"modified":"2022-03-19T00:23:53","modified_gmt":"2022-03-19T00:23:53","slug":"kupi-iskri-kopel-sol","status":"publish","type":"product","link":"https:\/\/medicinasinc.com\/sl\/product\/kupi-iskri-kopel-sol\/","title":{"rendered":"Kupite Sparkle Bath Salt"},"content":{"rendered":"<p>Podrobnosti o izdelku<\/p>\n<p>\u010ce uporabljate na\u0161o PEN\u010cO KOPALNO SOLI, lahko naredite svoj \u010das v kadi bolj prijeten. Ta vrhunski aditiv za kopel vsebuje soli mrtvega morja in epsom soli, ki pomagajo telesu, da se znebi toksinov. Kokosovo mleko v prahu, ovsene beljakovine in kaolinska glina ko\u017eo meh\u010dajo in negujejo. Olja evkaliptusa, brina in sivke pomagajo ljudem, da se sprostijo, bolje spijo in imajo koristi za aromaterapijo.<\/p>\n<p>PENE\u010cE KOPALNE SOLI so na voljo v stekleni vr\u010di velikosti 10 oz, ki je zavita v morsko travo. Notranjost pokrova se uporablja za merjenje soli.<\/p>\n<p>VRE\u010cKA ZA PONOVNO POLNJENJE ZERO WASTE je narejena iz papirja, ki ga lahko kompostirate doma. To je na\u0161 odgovor na plasti\u010dne vre\u010dke za kopalno sol za enkratno uporabo, ki smo jih izdelovali prej. \u010ce ima vre\u010dka avstrijski certifikat OK HOME, to pomeni, da se bo na va\u0161em vrtnem kompostnem kupu popolnoma pokvarila. Vre\u010dka ZERO WASTE REFILL vsebuje 10 oz soli.<\/p>\n<p>Kako jo uporabljati<\/p>\n<p>Nalijte 2-3 do tri zama\u0161ke v skodelico tople vode s pokrovom na notranji strani zajemalka. Po ne\u017enih mehur\u010dkih in ble\u0161\u010dici lahko ugotovite, kdaj je \u010das, da spravite svoje telo.<\/p>\n<p>Po kopeli ni treba izpirati. Z brisa\u010do lahko potegnete svoje telo. Nadaljujte z oljem za telo, da ohranite vlago.<\/p>\n<p>Sestavine<\/p>\n<p>Magnezijev sulfat, ekstrakt Cocos Nucifera, kaolinska glina, sljuda v prahu in natrijev natrij so nekatere od sestavin v Maris Salu , ki je znana tudi kot sol Mrtvega morja ali morska sol.<\/p>\n<p>Hidrirane ovsene beljakovine (ovsene beljakovine) in bikarbonat<\/p>\n<p>PRA\u0160EK: koloidno srebro, izvle\u010dek sadja Vaccinium angustifolium (izvle\u010dek borovnice), Koko-glukozid, olje listov Eucalyptus globulus, olje cvetov Lavandula angustifolia, olje lesa Juniperus communis in olje cvetov Lavandula angustifolia (eteri\u010dno olje brina)<\/p>\n<div class=\"product-next-previous\">\n<div class=\" izdelek-prev\"><\/div><\/div>\n","protected":false},"excerpt":{"rendered":"<p>V Zdru\u017eenem kraljestvu, EU in Avstraliji lahko kupite pene\u010do kopalno sol. Ljudje, ki kupujejo pri nas, so lahko prepri\u010dani, da bodo dobili tisto, za kar pla\u010dajo. Po najbolj\u0161ih cenah kupite Sparkle Bath Salt zdaj!<\/p>\n<p>Prepri\u010dajte se, da kupite JENAM LIVE LOVE LOVE SPARKLE BATH SALT CUP po najbolj\u0161i ceni na spletu tako na Nizozemskem kot v ZDA. Kupite nekaj pri Best Global Meds zdaj. Imajo odli\u010dne cene!<\/p>\n<p>Koncentrirana kopalna sol najbolj\u0161ih blagovnih znamk. Obvezno za vsakega opazovalca zvezd. Po\u010dutili se boste svetli kot zvezde.<\/p>\n","protected":false},"featured_media":5648,"comment_status":"open","ping_status":"closed","template":"","meta":[],"product_brand":[],"product_cat":[610,2014],"product_tag":[3382,3380,3381,3383,3384,3385,3386,3387,3388,3389,3390,3391,3392,3393,3394,3395],"class_list":{"0":"post-5637","1":"product","2":"type-product","3":"status-publish","4":"has-post-thumbnail","6":"product_cat-kupi-hash-hashish","7":"product_cat-nakup-raziskave-kemikalije","8":"product_tag-buy-sparkle-bath-salt-uk","9":"product_tag-kupi-iskre-kopel-sol","10":"product_tag-kupi-skrij-kopel-sol-europa","11":"product_tag-order-sparkle-bath-salt","12":"product_tag-sparkle-bath-salt-buy","13":"product_tag-sparkle-bath-salt-effect","14":"product_tag-sparkle-bath-salt-germany","15":"product_tag-sparkle-bath-salt-online","16":"product_tag-sparkle-bath-salt-order","17":"product_tag-sparkle-bath-salt-poland","18":"product_tag-sparkle-bath-salt-purchase","19":"product_tag-sparkle-bath-salt-reddit","20":"product_tag-sparkle-bath-salt-sale","21":"product_tag-sparkle-bath-salt-sweden","22":"product_tag-where-to-buy-sparkle-bath-salt","23":"product_tag-where-to-order-sparkle-bath-salt","25":"first","26":"instock","27":"shipping-taxable","28":"purchasable","29":"product-type-variable","30":"has-default-attributes"},"yoast_head":"<!-- This site is optimized with the Yoast SEO plugin v27.3 - https:\/\/yoast.com\/product\/yoast-seo-wordpress\/ -->\n<title>Kupite Sparkle Bath Salt - Sparkle Bath Salt - Best Global Meds<\/title>\n<meta name=\"description\" content=\"Kupite Sparkle Bath Salt za prodajo v Zdru\u017eenem kraljestvu, Evropi, AU. nudimo najbolj zanesljivo transakcijo in prodajamo po zelo ugodnih cenah. Naro\u010dite Sparkle Bath Salt zdaj po najbolj\u0161ih cenah\" \/>\n<meta name=\"robots\" content=\"index, follow, max-snippet:-1, max-image-preview:large, max-video-preview:-1\" \/>\n<link rel=\"canonical\" href=\"https:\/\/medicinasinc.com\/sl\/product\/kupi-iskri-kopel-sol\/\" \/>\n<meta property=\"og:locale\" content=\"en_US\" \/>\n<meta property=\"og:type\" content=\"article\" \/>\n<meta property=\"og:title\" content=\"Kupite Sparkle Bath Salt - Sparkle Bath Salt - Best Global Meds\" \/>\n<meta property=\"og:description\" content=\"Kupite Sparkle Bath Salt za prodajo v Zdru\u017eenem kraljestvu, Evropi, AU. nudimo najbolj zanesljivo transakcijo in prodajamo po zelo ugodnih cenah. Naro\u010dite Sparkle Bath Salt zdaj po najbolj\u0161ih cenah\" \/>\n<meta property=\"og:url\" content=\"https:\/\/medicinasinc.com\/sl\/product\/kupi-iskri-kopel-sol\/\" \/>\n<meta property=\"og:site_name\" content=\"Medicinas Inc\" \/>\n<meta property=\"article:modified_time\" content=\"2022-03-19T00:23:53+00:00\" \/>\n<meta property=\"og:image\" content=\"https:\/\/medicinasinc.com\/sl\/wp-content\/uploads\/sites\/7\/2022\/02\/Buy-Sparkle-Bath-Salt.jpg\" \/>\n\t<meta property=\"og:image:width\" content=\"750\" \/>\n\t<meta property=\"og:image:height\" content=\"750\" \/>\n\t<meta property=\"og:image:type\" content=\"image\/jpeg\" \/>\n<meta name=\"twitter:card\" content=\"summary_large_image\" \/>\n<meta name=\"twitter:label1\" content=\"Est. reading time\" \/>\n\t<meta name=\"twitter:data1\" content=\"2 minutes\" \/>\n<script type=\"application\/ld+json\" class=\"yoast-schema-graph\">{\"@context\":\"https:\\\/\\\/schema.org\",\"@graph\":[{\"@type\":\"WebPage\",\"@id\":\"https:\\\/\\\/medicinasinc.com\\\/sl\\\/product\\\/kupi-iskri-kopel-sol\\\/\",\"url\":\"https:\\\/\\\/medicinasinc.com\\\/sl\\\/product\\\/kupi-iskri-kopel-sol\\\/\",\"name\":\"Kupite Sparkle Bath Salt - Sparkle Bath Salt - Best Global Meds\",\"isPartOf\":{\"@id\":\"https:\\\/\\\/medicinasinc.com\\\/sl\\\/#website\"},\"primaryImageOfPage\":{\"@id\":\"https:\\\/\\\/medicinasinc.com\\\/sl\\\/product\\\/kupi-iskri-kopel-sol\\\/#primaryimage\"},\"image\":{\"@id\":\"https:\\\/\\\/medicinasinc.com\\\/sl\\\/product\\\/kupi-iskri-kopel-sol\\\/#primaryimage\"},\"thumbnailUrl\":\"https:\\\/\\\/medicinasinc.com\\\/sl\\\/wp-content\\\/uploads\\\/sites\\\/7\\\/2022\\\/02\\\/Buy-Sparkle-Bath-Salt.jpg\",\"datePublished\":\"2022-02-22T03:10:06+00:00\",\"dateModified\":\"2022-03-19T00:23:53+00:00\",\"description\":\"Kupite Sparkle Bath Salt za prodajo v Zdru\u017eenem kraljestvu, Evropi, AU. nudimo najbolj zanesljivo transakcijo in prodajamo po zelo ugodnih cenah. Naro\u010dite Sparkle Bath Salt zdaj po najbolj\u0161ih cenah\",\"breadcrumb\":{\"@id\":\"https:\\\/\\\/medicinasinc.com\\\/sl\\\/product\\\/kupi-iskri-kopel-sol\\\/#breadcrumb\"},\"inLanguage\":\"en-US\",\"potentialAction\":[{\"@type\":\"ReadAction\",\"target\":[\"https:\\\/\\\/medicinasinc.com\\\/sl\\\/product\\\/kupi-iskri-kopel-sol\\\/\"]}]},{\"@type\":\"ImageObject\",\"inLanguage\":\"en-US\",\"@id\":\"https:\\\/\\\/medicinasinc.com\\\/sl\\\/product\\\/kupi-iskri-kopel-sol\\\/#primaryimage\",\"url\":\"https:\\\/\\\/medicinasinc.com\\\/sl\\\/wp-content\\\/uploads\\\/sites\\\/7\\\/2022\\\/02\\\/Buy-Sparkle-Bath-Salt.jpg\",\"contentUrl\":\"https:\\\/\\\/medicinasinc.com\\\/sl\\\/wp-content\\\/uploads\\\/sites\\\/7\\\/2022\\\/02\\\/Buy-Sparkle-Bath-Salt.jpg\",\"width\":750,\"height\":750},{\"@type\":\"BreadcrumbList\",\"@id\":\"https:\\\/\\\/medicinasinc.com\\\/sl\\\/product\\\/kupi-iskri-kopel-sol\\\/#breadcrumb\",\"itemListElement\":[{\"@type\":\"ListItem\",\"position\":1,\"name\":\"Nakupujte\",\"item\":\"https:\\\/\\\/medicinasinc.com\\\/sl\\\/nakupujte\\\/\"},{\"@type\":\"ListItem\",\"position\":2,\"name\":\"Kupite Sparkle Bath Salt\"}]},{\"@type\":\"WebSite\",\"@id\":\"https:\\\/\\\/medicinasinc.com\\\/sl\\\/#website\",\"url\":\"https:\\\/\\\/medicinasinc.com\\\/sl\\\/\",\"name\":\"Medicinas Inc\",\"description\":\"Health Medical Clinic\",\"potentialAction\":[{\"@type\":\"SearchAction\",\"target\":{\"@type\":\"EntryPoint\",\"urlTemplate\":\"https:\\\/\\\/medicinasinc.com\\\/sl\\\/?s={search_term_string}\"},\"query-input\":{\"@type\":\"PropertyValueSpecification\",\"valueRequired\":true,\"valueName\":\"search_term_string\"}}],\"inLanguage\":\"en-US\"}]}<\/script>\n<!-- \/ Yoast SEO plugin. -->","yoast_head_json":{"title":"Kupite Sparkle Bath Salt - Sparkle Bath Salt - Best Global Meds","description":"Kupite Sparkle Bath Salt za prodajo v Zdru\u017eenem kraljestvu, Evropi, AU. nudimo najbolj zanesljivo transakcijo in prodajamo po zelo ugodnih cenah. Naro\u010dite Sparkle Bath Salt zdaj po najbolj\u0161ih cenah","robots":{"index":"index","follow":"follow","max-snippet":"max-snippet:-1","max-image-preview":"max-image-preview:large","max-video-preview":"max-video-preview:-1"},"canonical":"https:\/\/medicinasinc.com\/sl\/product\/kupi-iskri-kopel-sol\/","og_locale":"en_US","og_type":"article","og_title":"Kupite Sparkle Bath Salt - Sparkle Bath Salt - Best Global Meds","og_description":"Kupite Sparkle Bath Salt za prodajo v Zdru\u017eenem kraljestvu, Evropi, AU. nudimo najbolj zanesljivo transakcijo in prodajamo po zelo ugodnih cenah. Naro\u010dite Sparkle Bath Salt zdaj po najbolj\u0161ih cenah","og_url":"https:\/\/medicinasinc.com\/sl\/product\/kupi-iskri-kopel-sol\/","og_site_name":"Medicinas Inc","article_modified_time":"2022-03-19T00:23:53+00:00","og_image":[{"width":750,"height":750,"url":"https:\/\/medicinasinc.com\/sl\/wp-content\/uploads\/sites\/7\/2022\/02\/Buy-Sparkle-Bath-Salt.jpg","type":"image\/jpeg"}],"twitter_card":"summary_large_image","twitter_misc":{"Est. reading time":"2 minutes"},"schema":{"@context":"https:\/\/schema.org","@graph":[{"@type":"WebPage","@id":"https:\/\/medicinasinc.com\/sl\/product\/kupi-iskri-kopel-sol\/","url":"https:\/\/medicinasinc.com\/sl\/product\/kupi-iskri-kopel-sol\/","name":"Kupite Sparkle Bath Salt - Sparkle Bath Salt - Best Global Meds","isPartOf":{"@id":"https:\/\/medicinasinc.com\/sl\/#website"},"primaryImageOfPage":{"@id":"https:\/\/medicinasinc.com\/sl\/product\/kupi-iskri-kopel-sol\/#primaryimage"},"image":{"@id":"https:\/\/medicinasinc.com\/sl\/product\/kupi-iskri-kopel-sol\/#primaryimage"},"thumbnailUrl":"https:\/\/medicinasinc.com\/sl\/wp-content\/uploads\/sites\/7\/2022\/02\/Buy-Sparkle-Bath-Salt.jpg","datePublished":"2022-02-22T03:10:06+00:00","dateModified":"2022-03-19T00:23:53+00:00","description":"Kupite Sparkle Bath Salt za prodajo v Zdru\u017eenem kraljestvu, Evropi, AU. nudimo najbolj zanesljivo transakcijo in prodajamo po zelo ugodnih cenah. Naro\u010dite Sparkle Bath Salt zdaj po najbolj\u0161ih cenah","breadcrumb":{"@id":"https:\/\/medicinasinc.com\/sl\/product\/kupi-iskri-kopel-sol\/#breadcrumb"},"inLanguage":"en-US","potentialAction":[{"@type":"ReadAction","target":["https:\/\/medicinasinc.com\/sl\/product\/kupi-iskri-kopel-sol\/"]}]},{"@type":"ImageObject","inLanguage":"en-US","@id":"https:\/\/medicinasinc.com\/sl\/product\/kupi-iskri-kopel-sol\/#primaryimage","url":"https:\/\/medicinasinc.com\/sl\/wp-content\/uploads\/sites\/7\/2022\/02\/Buy-Sparkle-Bath-Salt.jpg","contentUrl":"https:\/\/medicinasinc.com\/sl\/wp-content\/uploads\/sites\/7\/2022\/02\/Buy-Sparkle-Bath-Salt.jpg","width":750,"height":750},{"@type":"BreadcrumbList","@id":"https:\/\/medicinasinc.com\/sl\/product\/kupi-iskri-kopel-sol\/#breadcrumb","itemListElement":[{"@type":"ListItem","position":1,"name":"Nakupujte","item":"https:\/\/medicinasinc.com\/sl\/nakupujte\/"},{"@type":"ListItem","position":2,"name":"Kupite Sparkle Bath Salt"}]},{"@type":"WebSite","@id":"https:\/\/medicinasinc.com\/sl\/#website","url":"https:\/\/medicinasinc.com\/sl\/","name":"Medicinas Inc","description":"Health Medical Clinic","potentialAction":[{"@type":"SearchAction","target":{"@type":"EntryPoint","urlTemplate":"https:\/\/medicinasinc.com\/sl\/?s={search_term_string}"},"query-input":{"@type":"PropertyValueSpecification","valueRequired":true,"valueName":"search_term_string"}}],"inLanguage":"en-US"}]}},"_links":{"self":[{"href":"https:\/\/medicinasinc.com\/sl\/wp-json\/wp\/v2\/product\/5637","targetHints":{"allow":["GET"]}}],"collection":[{"href":"https:\/\/medicinasinc.com\/sl\/wp-json\/wp\/v2\/product"}],"about":[{"href":"https:\/\/medicinasinc.com\/sl\/wp-json\/wp\/v2\/types\/product"}],"replies":[{"embeddable":true,"href":"https:\/\/medicinasinc.com\/sl\/wp-json\/wp\/v2\/comments?post=5637"}],"wp:featuredmedia":[{"embeddable":true,"href":"https:\/\/medicinasinc.com\/sl\/wp-json\/wp\/v2\/media\/5648"}],"wp:attachment":[{"href":"https:\/\/medicinasinc.com\/sl\/wp-json\/wp\/v2\/media?parent=5637"}],"wp:term":[{"taxonomy":"product_brand","embeddable":true,"href":"https:\/\/medicinasinc.com\/sl\/wp-json\/wp\/v2\/product_brand?post=5637"},{"taxonomy":"product_cat","embeddable":true,"href":"https:\/\/medicinasinc.com\/sl\/wp-json\/wp\/v2\/product_cat?post=5637"},{"taxonomy":"product_tag","embeddable":true,"href":"https:\/\/medicinasinc.com\/sl\/wp-json\/wp\/v2\/product_tag?post=5637"}],"curies":[{"name":"wp","href":"https:\/\/api.w.org\/{rel}","templated":true}]}}