{"id":5636,"date":"2022-02-22T03:08:33","date_gmt":"2022-02-22T03:08:33","guid":{"rendered":"https:\/\/medicinasinc.com\/sl\/?post_type=product&#038;p=5636"},"modified":"2022-03-19T00:24:02","modified_gmt":"2022-03-19T00:24:02","slug":"kupi-sintakain-v-prahu","status":"publish","type":"product","link":"https:\/\/medicinasinc.com\/sl\/product\/kupi-sintakain-v-prahu\/","title":{"rendered":"Kupite Synthacaine v prahu"},"content":{"rendered":"<p>ZA UPORABO KUPI SYNTHACAINE POWDER OF SYNTHACAINE<br \/> Synthacaine Powder je raziskovalna kemikalija, ki jo prodaja veletrgovec.<br \/> Ob odjavi se lahko odlo\u010dite za pla\u010dilo z ban\u010dnim nakazilom ali z bitcoini.<br \/> Upo\u0161tevajte, da ste zavarovani le, \u010de je va\u0161 paket izgubljen. \u010ce uporabljate storitev Tracked Insured in je va\u0161 paket izgubljen, vam ga bomo brezpla\u010dno poslali nazaj.<br \/> Preverite zakonodajo va\u0161e dr\u017eave o uvozu kemikalij.<br \/> Naro\u010dila za bitcoine, ki so oddana od ponedeljka do petka do 15.30 bodo odposlani isti dan, ko so postavljeni.<\/p>\n<p>Ko je bil Synthacaine prvi\u010d uporabljen v raziskavah, je imel slab sloves. To je predvsem zato, ker so \u0161tevilna podjetja prodajala njegove vzorce nizke kakovosti. Vendar ne tukaj na Highstore.net!<\/p>\n<p>Sodelujemo z dobrim laboratorijem, da zagotovimo, da je ves sintakain, ki ga izdelamo, vsaj 98 % \u010dist. To\u010dnega recepta za ta izdelek ne razkrivamo, ker je skrivna me\u0161anica.<\/p>\n<p>Gr8 Research Chems sintakain ima dober ugled. Z veseljem lahko povemo, da na\u0161e zaloge prihajajo iz istega vira.<\/p>\n<p>O tej kemikaliji \u0161e vedno veliko ne vemo, a zaenkrat testi ka\u017eejo, da lahko zelo hitro osre\u010di ljudi. .<\/p>\n<p>Lahko je tudi po\u017eivilo, zato je pomembno, da raziskovalci sprejmejo ukrepe, da se izogibajo temu in da testirajo le dve seriji naenkrat.<\/p>\n<p>Kemikalije. ki jih prodajamo, niso odobreni za kakr\u0161no koli vrsto raziskav in vivo (tj. ne pri ljudeh ali \u017eivalih) ali klini\u010dnih presku\u0161anj, zato morate v primeru nenamernega zau\u017eitja nemudoma poiskati zdravni\u0161ko pomo\u010d. To velja za vse kemikalije, ki jih prodajamo. Prosimo, upo\u0161tevajte standardna laboratorijska varnostna pravila, kot je no\u0161enje ustrezne za\u0161\u010dite za ko\u017eo, o\u010di in obla\u010dila.<\/p>\n<p>\u010ce ga jeste, morate takoj poiskati zdravni\u0161ko pomo\u010d.<\/p>\n<p>Ljudje lahko kupijo. ta izdelek v koli\u010dinah 500 mg in 1 gram. Kupijo ga lahko tudi v koli\u010dinah po 500 mg in 2 grama.<\/p>\n<p>Mora biti starej\u0161i od 18 let in ga ne smejo jesti ljudje.<\/p>\n","protected":false},"excerpt":{"rendered":"<div class=\"woocommerce-product-details__short-description\">\n<p>Synthacaine v prahu lahko kupite v na\u0161i spletni trgovini Best Global Meds v Zdru\u017eenem kraljestvu, Evropi, Aziji, na Kitajskem in vam ga hitro dostavijo po vsem svetu! Tukaj boste na\u0161li najbolj\u0161i Synthacaine za nakup.<\/p>\n<p>Synthacaine Powder: Kupite Synthacaine Powder, Synthacaine Powder Research Chemical Wholesaler. Ob odjavi se lahko odlo\u010dite za pla\u010dilo z ban\u010dnim nakazilom ali z bitcoini.<\/p>\n<p>Synthacaine za spletni nakup Synthacaine lahko kupite v spletnih trgovinah s kemikalijami. Lahko jih najdete. Spletne trgovine Chemicals so najbolj\u0161e mesto za nakup raziskovalnih kemikalij, saj jih lahko tam dobite.<\/p>\n<p>Kaj je Synthacaine? Kje ga lahko kupim? Best Global Meds je eno najbolj\u0161ih mest za nakup Synthacaine na spletu. Za prodajo: Naprodaj imamo visokokakovosten Synthacaine.<\/p>\n<p>Kupite Synthacaine v prahu po nizki ceni na spletu.<\/p>\n<p>Synthacaine je 99,8 % \u010dist. Synthacaine se uporablja v raziskavah. Pri 100 mg je zelo mo\u010dan.<\/p>\n<\/p><\/div>\n","protected":false},"featured_media":5646,"comment_status":"open","ping_status":"closed","template":"","meta":[],"product_brand":[],"product_cat":[2014],"product_tag":[3359,3360,3361,3362,3363,3364,3365,3366,3367,3368,3369,3370,3371,3372,3373,3374,3375,3376,3377,3378,3379],"class_list":{"0":"post-5636","1":"product","2":"type-product","3":"status-publish","4":"has-post-thumbnail","6":"product_cat-nakup-raziskave-kemikalije","7":"product_tag-buy-research-chemical-synthacaine-powder","8":"product_tag-buy-research-chemical-synthacaine-powder-online","9":"product_tag-buy-synthacaine-powder","10":"product_tag-buy-synthacaine-powder-uk","11":"product_tag-order-synthacaine-powder-europe","12":"product_tag-raziskave-kem-sintakain-prah","13":"product_tag-raziskava-kemika-novo-sproanje-sintakain-praek","14":"product_tag-raziskave-kemika-sintakain-prah","15":"product_tag-raziskave-kemikalije-online","16":"product_tag-synthacaine-powder","17":"product_tag-synthacaine-powder-buy","18":"product_tag-synthacaine-powder-china","19":"product_tag-synthacaine-powder-effect","20":"product_tag-synthacaine-powder-for-sale","21":"product_tag-synthacaine-powder-online","22":"product_tag-synthacaine-powder-order","23":"product_tag-synthacaine-powder-reddit","24":"product_tag-synthacaine-powder-research-chemical","25":"product_tag-synthacaine-powder-sale","26":"product_tag-synthacaine-powder-wholesale","27":"product_tag-where-to-buy-synthacaine-powder","29":"first","30":"instock","31":"shipping-taxable","32":"purchasable","33":"product-type-variable","34":"has-default-attributes"},"yoast_head":"<!-- This site is optimized with the Yoast SEO plugin v27.3 - https:\/\/yoast.com\/product\/yoast-seo-wordpress\/ -->\n<title>Kupite Synthacaine v prahu - Synthacaine v prahu - Best Global Meds<\/title>\n<meta name=\"description\" content=\"Kupite Synthacaine Powder UK, Evropa, Azija, Kitajska v na\u0161i Best Global Meds spletni trgovini s hitro dostavo po vsem svetu! Najbolj\u0161i Synthacaine za naro\u010danje boste na\u0161li tukaj!\" \/>\n<meta name=\"robots\" content=\"index, follow, max-snippet:-1, max-image-preview:large, max-video-preview:-1\" \/>\n<link rel=\"canonical\" href=\"https:\/\/medicinasinc.com\/sl\/product\/kupi-sintakain-v-prahu\/\" \/>\n<meta property=\"og:locale\" content=\"en_US\" \/>\n<meta property=\"og:type\" content=\"article\" \/>\n<meta property=\"og:title\" content=\"Kupite Synthacaine v prahu - Synthacaine v prahu - Best Global Meds\" \/>\n<meta property=\"og:description\" content=\"Kupite Synthacaine Powder UK, Evropa, Azija, Kitajska v na\u0161i Best Global Meds spletni trgovini s hitro dostavo po vsem svetu! Najbolj\u0161i Synthacaine za naro\u010danje boste na\u0161li tukaj!\" \/>\n<meta property=\"og:url\" content=\"https:\/\/medicinasinc.com\/sl\/product\/kupi-sintakain-v-prahu\/\" \/>\n<meta property=\"og:site_name\" content=\"Medicinas Inc\" \/>\n<meta property=\"article:modified_time\" content=\"2022-03-19T00:24:02+00:00\" \/>\n<meta property=\"og:image\" content=\"https:\/\/medicinasinc.com\/sl\/wp-content\/uploads\/sites\/7\/2022\/02\/Buy-Synthacaine-Powder.jpg\" \/>\n\t<meta property=\"og:image:width\" content=\"600\" \/>\n\t<meta property=\"og:image:height\" content=\"600\" \/>\n\t<meta property=\"og:image:type\" content=\"image\/jpeg\" \/>\n<meta name=\"twitter:card\" content=\"summary_large_image\" \/>\n<meta name=\"twitter:label1\" content=\"Est. reading time\" \/>\n\t<meta name=\"twitter:data1\" content=\"2 minutes\" \/>\n<script type=\"application\/ld+json\" class=\"yoast-schema-graph\">{\"@context\":\"https:\\\/\\\/schema.org\",\"@graph\":[{\"@type\":\"WebPage\",\"@id\":\"https:\\\/\\\/medicinasinc.com\\\/sl\\\/product\\\/kupi-sintakain-v-prahu\\\/\",\"url\":\"https:\\\/\\\/medicinasinc.com\\\/sl\\\/product\\\/kupi-sintakain-v-prahu\\\/\",\"name\":\"Kupite Synthacaine v prahu - Synthacaine v prahu - Best Global Meds\",\"isPartOf\":{\"@id\":\"https:\\\/\\\/medicinasinc.com\\\/sl\\\/#website\"},\"primaryImageOfPage\":{\"@id\":\"https:\\\/\\\/medicinasinc.com\\\/sl\\\/product\\\/kupi-sintakain-v-prahu\\\/#primaryimage\"},\"image\":{\"@id\":\"https:\\\/\\\/medicinasinc.com\\\/sl\\\/product\\\/kupi-sintakain-v-prahu\\\/#primaryimage\"},\"thumbnailUrl\":\"https:\\\/\\\/medicinasinc.com\\\/sl\\\/wp-content\\\/uploads\\\/sites\\\/7\\\/2022\\\/02\\\/Buy-Synthacaine-Powder.jpg\",\"datePublished\":\"2022-02-22T03:08:33+00:00\",\"dateModified\":\"2022-03-19T00:24:02+00:00\",\"description\":\"Kupite Synthacaine Powder UK, Evropa, Azija, Kitajska v na\u0161i Best Global Meds spletni trgovini s hitro dostavo po vsem svetu! Najbolj\u0161i Synthacaine za naro\u010danje boste na\u0161li tukaj!\",\"breadcrumb\":{\"@id\":\"https:\\\/\\\/medicinasinc.com\\\/sl\\\/product\\\/kupi-sintakain-v-prahu\\\/#breadcrumb\"},\"inLanguage\":\"en-US\",\"potentialAction\":[{\"@type\":\"ReadAction\",\"target\":[\"https:\\\/\\\/medicinasinc.com\\\/sl\\\/product\\\/kupi-sintakain-v-prahu\\\/\"]}]},{\"@type\":\"ImageObject\",\"inLanguage\":\"en-US\",\"@id\":\"https:\\\/\\\/medicinasinc.com\\\/sl\\\/product\\\/kupi-sintakain-v-prahu\\\/#primaryimage\",\"url\":\"https:\\\/\\\/medicinasinc.com\\\/sl\\\/wp-content\\\/uploads\\\/sites\\\/7\\\/2022\\\/02\\\/Buy-Synthacaine-Powder.jpg\",\"contentUrl\":\"https:\\\/\\\/medicinasinc.com\\\/sl\\\/wp-content\\\/uploads\\\/sites\\\/7\\\/2022\\\/02\\\/Buy-Synthacaine-Powder.jpg\",\"width\":600,\"height\":600},{\"@type\":\"BreadcrumbList\",\"@id\":\"https:\\\/\\\/medicinasinc.com\\\/sl\\\/product\\\/kupi-sintakain-v-prahu\\\/#breadcrumb\",\"itemListElement\":[{\"@type\":\"ListItem\",\"position\":1,\"name\":\"Nakupujte\",\"item\":\"https:\\\/\\\/medicinasinc.com\\\/sl\\\/nakupujte\\\/\"},{\"@type\":\"ListItem\",\"position\":2,\"name\":\"Kupite Synthacaine v prahu\"}]},{\"@type\":\"WebSite\",\"@id\":\"https:\\\/\\\/medicinasinc.com\\\/sl\\\/#website\",\"url\":\"https:\\\/\\\/medicinasinc.com\\\/sl\\\/\",\"name\":\"Medicinas Inc\",\"description\":\"Health Medical Clinic\",\"potentialAction\":[{\"@type\":\"SearchAction\",\"target\":{\"@type\":\"EntryPoint\",\"urlTemplate\":\"https:\\\/\\\/medicinasinc.com\\\/sl\\\/?s={search_term_string}\"},\"query-input\":{\"@type\":\"PropertyValueSpecification\",\"valueRequired\":true,\"valueName\":\"search_term_string\"}}],\"inLanguage\":\"en-US\"}]}<\/script>\n<!-- \/ Yoast SEO plugin. -->","yoast_head_json":{"title":"Kupite Synthacaine v prahu - Synthacaine v prahu - Best Global Meds","description":"Kupite Synthacaine Powder UK, Evropa, Azija, Kitajska v na\u0161i Best Global Meds spletni trgovini s hitro dostavo po vsem svetu! Najbolj\u0161i Synthacaine za naro\u010danje boste na\u0161li tukaj!","robots":{"index":"index","follow":"follow","max-snippet":"max-snippet:-1","max-image-preview":"max-image-preview:large","max-video-preview":"max-video-preview:-1"},"canonical":"https:\/\/medicinasinc.com\/sl\/product\/kupi-sintakain-v-prahu\/","og_locale":"en_US","og_type":"article","og_title":"Kupite Synthacaine v prahu - Synthacaine v prahu - Best Global Meds","og_description":"Kupite Synthacaine Powder UK, Evropa, Azija, Kitajska v na\u0161i Best Global Meds spletni trgovini s hitro dostavo po vsem svetu! Najbolj\u0161i Synthacaine za naro\u010danje boste na\u0161li tukaj!","og_url":"https:\/\/medicinasinc.com\/sl\/product\/kupi-sintakain-v-prahu\/","og_site_name":"Medicinas Inc","article_modified_time":"2022-03-19T00:24:02+00:00","og_image":[{"width":600,"height":600,"url":"https:\/\/medicinasinc.com\/sl\/wp-content\/uploads\/sites\/7\/2022\/02\/Buy-Synthacaine-Powder.jpg","type":"image\/jpeg"}],"twitter_card":"summary_large_image","twitter_misc":{"Est. reading time":"2 minutes"},"schema":{"@context":"https:\/\/schema.org","@graph":[{"@type":"WebPage","@id":"https:\/\/medicinasinc.com\/sl\/product\/kupi-sintakain-v-prahu\/","url":"https:\/\/medicinasinc.com\/sl\/product\/kupi-sintakain-v-prahu\/","name":"Kupite Synthacaine v prahu - Synthacaine v prahu - Best Global Meds","isPartOf":{"@id":"https:\/\/medicinasinc.com\/sl\/#website"},"primaryImageOfPage":{"@id":"https:\/\/medicinasinc.com\/sl\/product\/kupi-sintakain-v-prahu\/#primaryimage"},"image":{"@id":"https:\/\/medicinasinc.com\/sl\/product\/kupi-sintakain-v-prahu\/#primaryimage"},"thumbnailUrl":"https:\/\/medicinasinc.com\/sl\/wp-content\/uploads\/sites\/7\/2022\/02\/Buy-Synthacaine-Powder.jpg","datePublished":"2022-02-22T03:08:33+00:00","dateModified":"2022-03-19T00:24:02+00:00","description":"Kupite Synthacaine Powder UK, Evropa, Azija, Kitajska v na\u0161i Best Global Meds spletni trgovini s hitro dostavo po vsem svetu! Najbolj\u0161i Synthacaine za naro\u010danje boste na\u0161li tukaj!","breadcrumb":{"@id":"https:\/\/medicinasinc.com\/sl\/product\/kupi-sintakain-v-prahu\/#breadcrumb"},"inLanguage":"en-US","potentialAction":[{"@type":"ReadAction","target":["https:\/\/medicinasinc.com\/sl\/product\/kupi-sintakain-v-prahu\/"]}]},{"@type":"ImageObject","inLanguage":"en-US","@id":"https:\/\/medicinasinc.com\/sl\/product\/kupi-sintakain-v-prahu\/#primaryimage","url":"https:\/\/medicinasinc.com\/sl\/wp-content\/uploads\/sites\/7\/2022\/02\/Buy-Synthacaine-Powder.jpg","contentUrl":"https:\/\/medicinasinc.com\/sl\/wp-content\/uploads\/sites\/7\/2022\/02\/Buy-Synthacaine-Powder.jpg","width":600,"height":600},{"@type":"BreadcrumbList","@id":"https:\/\/medicinasinc.com\/sl\/product\/kupi-sintakain-v-prahu\/#breadcrumb","itemListElement":[{"@type":"ListItem","position":1,"name":"Nakupujte","item":"https:\/\/medicinasinc.com\/sl\/nakupujte\/"},{"@type":"ListItem","position":2,"name":"Kupite Synthacaine v prahu"}]},{"@type":"WebSite","@id":"https:\/\/medicinasinc.com\/sl\/#website","url":"https:\/\/medicinasinc.com\/sl\/","name":"Medicinas Inc","description":"Health Medical Clinic","potentialAction":[{"@type":"SearchAction","target":{"@type":"EntryPoint","urlTemplate":"https:\/\/medicinasinc.com\/sl\/?s={search_term_string}"},"query-input":{"@type":"PropertyValueSpecification","valueRequired":true,"valueName":"search_term_string"}}],"inLanguage":"en-US"}]}},"_links":{"self":[{"href":"https:\/\/medicinasinc.com\/sl\/wp-json\/wp\/v2\/product\/5636","targetHints":{"allow":["GET"]}}],"collection":[{"href":"https:\/\/medicinasinc.com\/sl\/wp-json\/wp\/v2\/product"}],"about":[{"href":"https:\/\/medicinasinc.com\/sl\/wp-json\/wp\/v2\/types\/product"}],"replies":[{"embeddable":true,"href":"https:\/\/medicinasinc.com\/sl\/wp-json\/wp\/v2\/comments?post=5636"}],"wp:featuredmedia":[{"embeddable":true,"href":"https:\/\/medicinasinc.com\/sl\/wp-json\/wp\/v2\/media\/5646"}],"wp:attachment":[{"href":"https:\/\/medicinasinc.com\/sl\/wp-json\/wp\/v2\/media?parent=5636"}],"wp:term":[{"taxonomy":"product_brand","embeddable":true,"href":"https:\/\/medicinasinc.com\/sl\/wp-json\/wp\/v2\/product_brand?post=5636"},{"taxonomy":"product_cat","embeddable":true,"href":"https:\/\/medicinasinc.com\/sl\/wp-json\/wp\/v2\/product_cat?post=5636"},{"taxonomy":"product_tag","embeddable":true,"href":"https:\/\/medicinasinc.com\/sl\/wp-json\/wp\/v2\/product_tag?post=5636"}],"curies":[{"name":"wp","href":"https:\/\/api.w.org\/{rel}","templated":true}]}}