{"id":5635,"date":"2022-02-22T03:07:02","date_gmt":"2022-02-22T03:07:02","guid":{"rendered":"https:\/\/medicinasinc.com\/sl\/?post_type=product&#038;p=5635"},"modified":"2022-03-19T00:24:13","modified_gmt":"2022-03-19T00:24:13","slug":"kupi-mirnost-kopel-sol","status":"publish","type":"product","link":"https:\/\/medicinasinc.com\/sl\/product\/kupi-mirnost-kopel-sol\/","title":{"rendered":"Kupite kopalno sol Tranquility"},"content":{"rendered":"<p>Kupite kopalne soli Tranquility na spletu: kako jih kupiti?<\/p>\n<p>Best Best Global Meds prodaja visokokakovostne kopalne soli, ki vam bodo zagotovile gladko, \u010dutno kopel, ob kateri se boste po\u010dutili \u010diste.<\/p>\n<p> &gt; <\/p>\n<p>Ko pri nas &#8220;kupite mirne kopalne soli na spletu&#8221;, ste lahko prepri\u010dani, da so najbolj\u0161e, kar lahko dobite. Prodajamo in kupujemo druge koncentrirane kopalne soli po ugodnih cenah.<\/p>\n<p>Na\u0161e kopalne soli imajo mo\u010dan vonj.<\/p>\n<p>Ali i\u0161\u010dete mesto za nakup umirjenih kopalnih soli na spletu? Chemicals Lab vam daje mo\u017enost, da na spletu kupite mirne kopalne soli, ne da bi se morali soo\u010diti s kakr\u0161nimi koli te\u017eavami ali nerodnostmi. Delamo 24 ur na dan in poskrbimo, da boste prihranili denar vsaki\u010d, ko kupite umirjene kopalne soli v na\u0161i spletni lekarni. Ko kupite nekaj pri Chemicals Lab, \u017eelimo, da pla\u010date manj in dobite ve\u010d.<\/p>\n<div class=\"product-next-previous\">\n<div class=\"product-prev\"><\/div><\/div>\n","protected":false},"excerpt":{"rendered":"<p>Na na\u0161em spletnem mestu bestglobalmeds lahko kupite kopalno sol Tranquility iz Zdru\u017eenega kraljestva, Evrope, Azije in Kitajske ter jo hitro dostavite po vsem svetu! Tukaj lahko kupite najbolj\u0161o kopalno sol Tranquility po naro\u010dilu.<\/p>\n<p>Kopalno sol Tranquility lahko kupite na spletu pri uglednem dobavitelju. Prodajamo najbolj\u0161e izdelke za kopanje, kot so kopalne soli.<\/p>\n<p>Kupite kopalne soli Tranquility na spletu ZDAJ! Ponujamo vam najbolj\u0161e izdelke za kopanje, kot so kopalne soli.<\/p>\n","protected":false},"featured_media":5644,"comment_status":"open","ping_status":"closed","template":"","meta":[],"product_brand":[],"product_cat":[2014],"product_tag":[3344,3345,3346,3347,3348,3349,3350,3351,3352,3353,3354,3355,3356,3357,3358],"class_list":{"0":"post-5635","1":"product","2":"type-product","3":"status-publish","4":"has-post-thumbnail","6":"product_cat-nakup-raziskave-kemikalije","7":"product_tag-buy-tranquility-bath-salts","8":"product_tag-buy-tranquility-bath-salts-online","9":"product_tag-buy-tranquility-bath-salts-uk","10":"product_tag-order-tranquility-bath-salts","11":"product_tag-order-tranquility-bath-salts-online","12":"product_tag-tranquility-bath-salts","13":"product_tag-tranquility-bath-salts-for-sale","14":"product_tag-tranquility-bath-salts-online","15":"product_tag-tranquility-bath-salts-order-europe","16":"product_tag-tranquility-bath-salts-reddit","17":"product_tag-tranquility-bath-salts-retailer","18":"product_tag-tranquility-bath-salts-sale","19":"product_tag-tranquility-bath-salts-supplier","20":"product_tag-tranquility-bath-salts-wholesale","21":"product_tag-where-to-buy-tranquility-bath-salts","23":"first","24":"instock","25":"shipping-taxable","26":"purchasable","27":"product-type-variable"},"yoast_head":"<!-- This site is optimized with the Yoast SEO plugin v27.3 - https:\/\/yoast.com\/product\/yoast-seo-wordpress\/ -->\n<title>Kupite Tranquility Bath Salt - Tranquility Bath Salt - Best Global Meds<\/title>\n<meta name=\"description\" content=\"Kupite Tranquility Bath Salt UK, Evropa, Azija, Kitajska v na\u0161i spletni trgovini bestglobalmeds s hitro dostavo po vsem svetu! Najbolj\u0161o kopalno sol Tranquility za naro\u010danje boste na\u0161li tukaj!\" \/>\n<meta name=\"robots\" content=\"index, follow, max-snippet:-1, max-image-preview:large, max-video-preview:-1\" \/>\n<link rel=\"canonical\" href=\"https:\/\/medicinasinc.com\/sl\/product\/kupi-mirnost-kopel-sol\/\" \/>\n<meta property=\"og:locale\" content=\"en_US\" \/>\n<meta property=\"og:type\" content=\"article\" \/>\n<meta property=\"og:title\" content=\"Kupite Tranquility Bath Salt - Tranquility Bath Salt - Best Global Meds\" \/>\n<meta property=\"og:description\" content=\"Kupite Tranquility Bath Salt UK, Evropa, Azija, Kitajska v na\u0161i spletni trgovini bestglobalmeds s hitro dostavo po vsem svetu! Najbolj\u0161o kopalno sol Tranquility za naro\u010danje boste na\u0161li tukaj!\" \/>\n<meta property=\"og:url\" content=\"https:\/\/medicinasinc.com\/sl\/product\/kupi-mirnost-kopel-sol\/\" \/>\n<meta property=\"og:site_name\" content=\"Medicinas Inc\" \/>\n<meta property=\"article:modified_time\" content=\"2022-03-19T00:24:13+00:00\" \/>\n<meta property=\"og:image\" content=\"https:\/\/medicinasinc.com\/sl\/wp-content\/uploads\/sites\/7\/2022\/02\/Buy-Tranquility-Bath-Salt.jpg\" \/>\n\t<meta property=\"og:image:width\" content=\"236\" \/>\n\t<meta property=\"og:image:height\" content=\"225\" \/>\n\t<meta property=\"og:image:type\" content=\"image\/jpeg\" \/>\n<meta name=\"twitter:card\" content=\"summary_large_image\" \/>\n<meta name=\"twitter:label1\" content=\"Est. reading time\" \/>\n\t<meta name=\"twitter:data1\" content=\"1 minute\" \/>\n<script type=\"application\/ld+json\" class=\"yoast-schema-graph\">{\"@context\":\"https:\\\/\\\/schema.org\",\"@graph\":[{\"@type\":\"WebPage\",\"@id\":\"https:\\\/\\\/medicinasinc.com\\\/sl\\\/product\\\/kupi-mirnost-kopel-sol\\\/\",\"url\":\"https:\\\/\\\/medicinasinc.com\\\/sl\\\/product\\\/kupi-mirnost-kopel-sol\\\/\",\"name\":\"Kupite Tranquility Bath Salt - Tranquility Bath Salt - Best Global Meds\",\"isPartOf\":{\"@id\":\"https:\\\/\\\/medicinasinc.com\\\/sl\\\/#website\"},\"primaryImageOfPage\":{\"@id\":\"https:\\\/\\\/medicinasinc.com\\\/sl\\\/product\\\/kupi-mirnost-kopel-sol\\\/#primaryimage\"},\"image\":{\"@id\":\"https:\\\/\\\/medicinasinc.com\\\/sl\\\/product\\\/kupi-mirnost-kopel-sol\\\/#primaryimage\"},\"thumbnailUrl\":\"https:\\\/\\\/medicinasinc.com\\\/sl\\\/wp-content\\\/uploads\\\/sites\\\/7\\\/2022\\\/02\\\/Buy-Tranquility-Bath-Salt.jpg\",\"datePublished\":\"2022-02-22T03:07:02+00:00\",\"dateModified\":\"2022-03-19T00:24:13+00:00\",\"description\":\"Kupite Tranquility Bath Salt UK, Evropa, Azija, Kitajska v na\u0161i spletni trgovini bestglobalmeds s hitro dostavo po vsem svetu! Najbolj\u0161o kopalno sol Tranquility za naro\u010danje boste na\u0161li tukaj!\",\"breadcrumb\":{\"@id\":\"https:\\\/\\\/medicinasinc.com\\\/sl\\\/product\\\/kupi-mirnost-kopel-sol\\\/#breadcrumb\"},\"inLanguage\":\"en-US\",\"potentialAction\":[{\"@type\":\"ReadAction\",\"target\":[\"https:\\\/\\\/medicinasinc.com\\\/sl\\\/product\\\/kupi-mirnost-kopel-sol\\\/\"]}]},{\"@type\":\"ImageObject\",\"inLanguage\":\"en-US\",\"@id\":\"https:\\\/\\\/medicinasinc.com\\\/sl\\\/product\\\/kupi-mirnost-kopel-sol\\\/#primaryimage\",\"url\":\"https:\\\/\\\/medicinasinc.com\\\/sl\\\/wp-content\\\/uploads\\\/sites\\\/7\\\/2022\\\/02\\\/Buy-Tranquility-Bath-Salt.jpg\",\"contentUrl\":\"https:\\\/\\\/medicinasinc.com\\\/sl\\\/wp-content\\\/uploads\\\/sites\\\/7\\\/2022\\\/02\\\/Buy-Tranquility-Bath-Salt.jpg\",\"width\":236,\"height\":225},{\"@type\":\"BreadcrumbList\",\"@id\":\"https:\\\/\\\/medicinasinc.com\\\/sl\\\/product\\\/kupi-mirnost-kopel-sol\\\/#breadcrumb\",\"itemListElement\":[{\"@type\":\"ListItem\",\"position\":1,\"name\":\"Nakupujte\",\"item\":\"https:\\\/\\\/medicinasinc.com\\\/sl\\\/nakupujte\\\/\"},{\"@type\":\"ListItem\",\"position\":2,\"name\":\"Kupite kopalno sol Tranquility\"}]},{\"@type\":\"WebSite\",\"@id\":\"https:\\\/\\\/medicinasinc.com\\\/sl\\\/#website\",\"url\":\"https:\\\/\\\/medicinasinc.com\\\/sl\\\/\",\"name\":\"Medicinas Inc\",\"description\":\"Health Medical Clinic\",\"potentialAction\":[{\"@type\":\"SearchAction\",\"target\":{\"@type\":\"EntryPoint\",\"urlTemplate\":\"https:\\\/\\\/medicinasinc.com\\\/sl\\\/?s={search_term_string}\"},\"query-input\":{\"@type\":\"PropertyValueSpecification\",\"valueRequired\":true,\"valueName\":\"search_term_string\"}}],\"inLanguage\":\"en-US\"}]}<\/script>\n<!-- \/ Yoast SEO plugin. -->","yoast_head_json":{"title":"Kupite Tranquility Bath Salt - Tranquility Bath Salt - Best Global Meds","description":"Kupite Tranquility Bath Salt UK, Evropa, Azija, Kitajska v na\u0161i spletni trgovini bestglobalmeds s hitro dostavo po vsem svetu! Najbolj\u0161o kopalno sol Tranquility za naro\u010danje boste na\u0161li tukaj!","robots":{"index":"index","follow":"follow","max-snippet":"max-snippet:-1","max-image-preview":"max-image-preview:large","max-video-preview":"max-video-preview:-1"},"canonical":"https:\/\/medicinasinc.com\/sl\/product\/kupi-mirnost-kopel-sol\/","og_locale":"en_US","og_type":"article","og_title":"Kupite Tranquility Bath Salt - Tranquility Bath Salt - Best Global Meds","og_description":"Kupite Tranquility Bath Salt UK, Evropa, Azija, Kitajska v na\u0161i spletni trgovini bestglobalmeds s hitro dostavo po vsem svetu! Najbolj\u0161o kopalno sol Tranquility za naro\u010danje boste na\u0161li tukaj!","og_url":"https:\/\/medicinasinc.com\/sl\/product\/kupi-mirnost-kopel-sol\/","og_site_name":"Medicinas Inc","article_modified_time":"2022-03-19T00:24:13+00:00","og_image":[{"width":236,"height":225,"url":"https:\/\/medicinasinc.com\/sl\/wp-content\/uploads\/sites\/7\/2022\/02\/Buy-Tranquility-Bath-Salt.jpg","type":"image\/jpeg"}],"twitter_card":"summary_large_image","twitter_misc":{"Est. reading time":"1 minute"},"schema":{"@context":"https:\/\/schema.org","@graph":[{"@type":"WebPage","@id":"https:\/\/medicinasinc.com\/sl\/product\/kupi-mirnost-kopel-sol\/","url":"https:\/\/medicinasinc.com\/sl\/product\/kupi-mirnost-kopel-sol\/","name":"Kupite Tranquility Bath Salt - Tranquility Bath Salt - Best Global Meds","isPartOf":{"@id":"https:\/\/medicinasinc.com\/sl\/#website"},"primaryImageOfPage":{"@id":"https:\/\/medicinasinc.com\/sl\/product\/kupi-mirnost-kopel-sol\/#primaryimage"},"image":{"@id":"https:\/\/medicinasinc.com\/sl\/product\/kupi-mirnost-kopel-sol\/#primaryimage"},"thumbnailUrl":"https:\/\/medicinasinc.com\/sl\/wp-content\/uploads\/sites\/7\/2022\/02\/Buy-Tranquility-Bath-Salt.jpg","datePublished":"2022-02-22T03:07:02+00:00","dateModified":"2022-03-19T00:24:13+00:00","description":"Kupite Tranquility Bath Salt UK, Evropa, Azija, Kitajska v na\u0161i spletni trgovini bestglobalmeds s hitro dostavo po vsem svetu! Najbolj\u0161o kopalno sol Tranquility za naro\u010danje boste na\u0161li tukaj!","breadcrumb":{"@id":"https:\/\/medicinasinc.com\/sl\/product\/kupi-mirnost-kopel-sol\/#breadcrumb"},"inLanguage":"en-US","potentialAction":[{"@type":"ReadAction","target":["https:\/\/medicinasinc.com\/sl\/product\/kupi-mirnost-kopel-sol\/"]}]},{"@type":"ImageObject","inLanguage":"en-US","@id":"https:\/\/medicinasinc.com\/sl\/product\/kupi-mirnost-kopel-sol\/#primaryimage","url":"https:\/\/medicinasinc.com\/sl\/wp-content\/uploads\/sites\/7\/2022\/02\/Buy-Tranquility-Bath-Salt.jpg","contentUrl":"https:\/\/medicinasinc.com\/sl\/wp-content\/uploads\/sites\/7\/2022\/02\/Buy-Tranquility-Bath-Salt.jpg","width":236,"height":225},{"@type":"BreadcrumbList","@id":"https:\/\/medicinasinc.com\/sl\/product\/kupi-mirnost-kopel-sol\/#breadcrumb","itemListElement":[{"@type":"ListItem","position":1,"name":"Nakupujte","item":"https:\/\/medicinasinc.com\/sl\/nakupujte\/"},{"@type":"ListItem","position":2,"name":"Kupite kopalno sol Tranquility"}]},{"@type":"WebSite","@id":"https:\/\/medicinasinc.com\/sl\/#website","url":"https:\/\/medicinasinc.com\/sl\/","name":"Medicinas Inc","description":"Health Medical Clinic","potentialAction":[{"@type":"SearchAction","target":{"@type":"EntryPoint","urlTemplate":"https:\/\/medicinasinc.com\/sl\/?s={search_term_string}"},"query-input":{"@type":"PropertyValueSpecification","valueRequired":true,"valueName":"search_term_string"}}],"inLanguage":"en-US"}]}},"_links":{"self":[{"href":"https:\/\/medicinasinc.com\/sl\/wp-json\/wp\/v2\/product\/5635","targetHints":{"allow":["GET"]}}],"collection":[{"href":"https:\/\/medicinasinc.com\/sl\/wp-json\/wp\/v2\/product"}],"about":[{"href":"https:\/\/medicinasinc.com\/sl\/wp-json\/wp\/v2\/types\/product"}],"replies":[{"embeddable":true,"href":"https:\/\/medicinasinc.com\/sl\/wp-json\/wp\/v2\/comments?post=5635"}],"wp:featuredmedia":[{"embeddable":true,"href":"https:\/\/medicinasinc.com\/sl\/wp-json\/wp\/v2\/media\/5644"}],"wp:attachment":[{"href":"https:\/\/medicinasinc.com\/sl\/wp-json\/wp\/v2\/media?parent=5635"}],"wp:term":[{"taxonomy":"product_brand","embeddable":true,"href":"https:\/\/medicinasinc.com\/sl\/wp-json\/wp\/v2\/product_brand?post=5635"},{"taxonomy":"product_cat","embeddable":true,"href":"https:\/\/medicinasinc.com\/sl\/wp-json\/wp\/v2\/product_cat?post=5635"},{"taxonomy":"product_tag","embeddable":true,"href":"https:\/\/medicinasinc.com\/sl\/wp-json\/wp\/v2\/product_tag?post=5635"}],"curies":[{"name":"wp","href":"https:\/\/api.w.org\/{rel}","templated":true}]}}