{"id":5617,"date":"2022-02-22T02:48:56","date_gmt":"2022-02-22T02:48:56","guid":{"rendered":"https:\/\/medicinasinc.com\/sl\/?post_type=product&#038;p=5617"},"modified":"2022-03-19T00:24:23","modified_gmt":"2022-03-19T00:24:23","slug":"buy-u-47700-prah","status":"publish","type":"product","link":"https:\/\/medicinasinc.com\/sl\/product\/buy-u-47700-prah\/","title":{"rendered":"Kupite prah U-47700"},"content":{"rendered":"<p>Na spletu lahko kupite prah U-47700 po zelo nizki ceni.<\/p>\n<p>Kupite U-47700 pri bestglobalmeds.com.<br \/> Protibole\u010dinsko sredstvo U-47700 je del opioidov dru\u017eina. Prvi\u010d ga je izdelal Upjohn pred pribli\u017eno 40 leti. Narejen je bil iz AH-7921, ki je podoben opioid. U-47700 je bil pomemben pri razvoju tega razreda opioidov, vendar ni bil testiran na ljudeh ali \u017eivalih.<\/p>\n<p>Farmakologija: U-47700 je zelo dober pri ciljanju na -opioidni receptor. Menijo, da je 7 do 8-krat mo\u010dnej\u0161i od odmerka morfija na odmerek. Menijo, da je mo\u010dan kapa agonist, kar pomeni, da ne bi smel povzro\u010dati veliko disforije ali drugih te\u017eav.<\/p>\n<p>Ljudje, ki izdelujejo enake vrste kemikalij<\/p>\n<p>U-50488<br \/> AH-7921<br \/> U-69,593<br \/> \u0160vedska je U-47700 prepovedala od januarja 2016, vendar tega ni storila nobena druga ve\u010dja dr\u017eava.<\/p>\n<p>U-47700, tako kot ve\u010dina opioidi in njihovi derivati, ni varna za ljudi. Prodaja se samo raziskovalnim kemikom in ljudem, ki delajo v laboratorijih.<\/p>\n","protected":false},"excerpt":{"rendered":"<div class=\"woocommerce-product-details__short-description\">\n<p>U-47700 pra\u0161ek je enostavno kupiti v na\u0161i trgovini bestglobalmeds.com in ga hitro dostaviti v katero koli dr\u017eavo na svetu! Najbolj\u0161i prah U-47700, ki ga lahko kupite, je tukaj!<\/p>\n<p>Kupite prah u-47700 na spletu. Ta rjavi prah je zelo \u010dist. V 99,8 % \u010dasa je to naravno.<\/p>\n<p>Na spletu lahko poceni kupite 1 oz prahu U-47700. Obi\u010dajni odmerek je nekaj miligramov. Preverite, v kaj se spu\u0161\u010date.<\/p>\n<div class=\"char\">SPECIFIKACIJA<\/div>\n<div class=\"specification\">\n<div class=\"sprow\"><span class=\"spname \">Ime izdelka:<\/span><span class=\"sptext\">U-47700<\/span><\/div>\n<div class=\"sprow\"><span class=\"spname\">Ime IUPAC:<\/span><span class=\"sptext\">trans-3,4-dikloro-N-(2-(dimetilamino)cikloheksil)-N-metilbenzamid<\/span><\/div>\n<div class=\"sprow\"><span>Druga imena:<\/span><span class=\"sptext\">Pink, Pinky, U-47700<\/span><\/div>\n<div class=\"sprow\"><span class=\"spname\">Cas \u0161tevilka:<\/span><span class=\"sptext\">121348-98-9<\/span><\/div>\n<div class=\"sprow\"><span class=\"spname\">Molekularna formula:<\/span><span class=\"sptext\">C16H22Cl2N2O<\/span><\/div>\n<div class=\"sprow\"><span class=\"spname\">Molarna masa:<\/span><span class=\"sptext\"> 329,265 g\/mol<\/span><\/div>\n<div class=\"sprow\"><span class=\"spname\">U\u010dinek:<\/span><span class=\"sptext\">pomirjevalo<\/span><\/div>\n<div class=\"sprow\"><span class=\"spname\">\u010cistost snovi:<\/span><span class=\"sptext\"> 99,9 %<\/span><\/div>\n<div class=\"sprow\"><span class=\"spname\">Fizikalne lastnosti:<\/span><span class=\"sptext\">Kristalni prah<\/span><\/div>\n<\/p><\/div>\n<\/p><\/div>\n","protected":false},"featured_media":5629,"comment_status":"open","ping_status":"closed","template":"","meta":[],"product_brand":[],"product_cat":[2014],"product_tag":[3323,3324,3325,3327,3322,3326,3328,3329,3330,3331,3332,3333,3334,3335,3336,3337,3338,3339,3340,3341,3342,3343],"class_list":{"0":"post-5617","1":"product","2":"type-product","3":"status-publish","4":"has-post-thumbnail","6":"product_cat-nakup-raziskave-kemikalije","7":"product_tag-buy-in-47700-prah","8":"product_tag-buy-u-47700-powder-europe","9":"product_tag-buy-u-47700-powder-uk","10":"product_tag-maloprodaja-u-47700-prah","11":"product_tag-najbolje-mesto-za-nakup-u-47700-prah","12":"product_tag-order-u-47700-powder","13":"product_tag-u-47700-powder-buy","14":"product_tag-u-47700-powder-buy-uk","15":"product_tag-u-47700-powder-effect","16":"product_tag-u-47700-powder-europe","17":"product_tag-u-47700-powder-for-sale","18":"product_tag-u-47700-powder-for-sale-online","19":"product_tag-u-47700-powder-germany","20":"product_tag-u-47700-powder-google","21":"product_tag-u-47700-powder-lithuania","22":"product_tag-u-47700-powder-near-me","23":"product_tag-u-47700-powder-online","24":"product_tag-u-47700-powder-order","25":"product_tag-u-47700-powder-reddit","26":"product_tag-u-47700-powder-sale","27":"product_tag-where-to-buy-u-47700-powder","28":"product_tag-wholesale-u-47700-powder","30":"first","31":"instock","32":"shipping-taxable","33":"purchasable","34":"product-type-variable","35":"has-default-attributes"},"yoast_head":"<!-- This site is optimized with the Yoast SEO plugin v27.3 - https:\/\/yoast.com\/product\/yoast-seo-wordpress\/ -->\n<title>Nakup U-47700 v prahu - U-47700 v prahu na spletu - Najbolj\u0161a zdravila v svetu<\/title>\n<meta name=\"description\" content=\"Kupite U-47700 Powder UK, Evropa, Azija, Kitajska v na\u0161i spletni trgovini bestglobalmeds.com s hitro dostavo po vsem svetu! Najbolj\u0161i prah U-47700 za naro\u010danje boste na\u0161li tukaj!\" \/>\n<meta name=\"robots\" content=\"index, follow, max-snippet:-1, max-image-preview:large, max-video-preview:-1\" \/>\n<link rel=\"canonical\" href=\"https:\/\/medicinasinc.com\/sl\/product\/buy-u-47700-prah\/\" \/>\n<meta property=\"og:locale\" content=\"en_US\" \/>\n<meta property=\"og:type\" content=\"article\" \/>\n<meta property=\"og:title\" content=\"Nakup U-47700 v prahu - U-47700 v prahu na spletu - Najbolj\u0161a zdravila v svetu\" \/>\n<meta property=\"og:description\" content=\"Kupite U-47700 Powder UK, Evropa, Azija, Kitajska v na\u0161i spletni trgovini bestglobalmeds.com s hitro dostavo po vsem svetu! Najbolj\u0161i prah U-47700 za naro\u010danje boste na\u0161li tukaj!\" \/>\n<meta property=\"og:url\" content=\"https:\/\/medicinasinc.com\/sl\/product\/buy-u-47700-prah\/\" \/>\n<meta property=\"og:site_name\" content=\"Medicinas Inc\" \/>\n<meta property=\"article:modified_time\" content=\"2022-03-19T00:24:23+00:00\" \/>\n<meta property=\"og:image\" content=\"https:\/\/medicinasinc.com\/sl\/wp-content\/uploads\/sites\/7\/2022\/02\/Buy-U-47700-POWDER.jpg\" \/>\n\t<meta property=\"og:image:width\" content=\"600\" \/>\n\t<meta property=\"og:image:height\" content=\"600\" \/>\n\t<meta property=\"og:image:type\" content=\"image\/jpeg\" \/>\n<meta name=\"twitter:card\" content=\"summary_large_image\" \/>\n<meta name=\"twitter:label1\" content=\"Est. reading time\" \/>\n\t<meta name=\"twitter:data1\" content=\"1 minute\" \/>\n<script type=\"application\/ld+json\" class=\"yoast-schema-graph\">{\"@context\":\"https:\\\/\\\/schema.org\",\"@graph\":[{\"@type\":\"WebPage\",\"@id\":\"https:\\\/\\\/medicinasinc.com\\\/sl\\\/product\\\/buy-u-47700-prah\\\/\",\"url\":\"https:\\\/\\\/medicinasinc.com\\\/sl\\\/product\\\/buy-u-47700-prah\\\/\",\"name\":\"Nakup U-47700 v prahu - U-47700 v prahu na spletu - Najbolj\u0161a zdravila v svetu\",\"isPartOf\":{\"@id\":\"https:\\\/\\\/medicinasinc.com\\\/sl\\\/#website\"},\"primaryImageOfPage\":{\"@id\":\"https:\\\/\\\/medicinasinc.com\\\/sl\\\/product\\\/buy-u-47700-prah\\\/#primaryimage\"},\"image\":{\"@id\":\"https:\\\/\\\/medicinasinc.com\\\/sl\\\/product\\\/buy-u-47700-prah\\\/#primaryimage\"},\"thumbnailUrl\":\"https:\\\/\\\/medicinasinc.com\\\/sl\\\/wp-content\\\/uploads\\\/sites\\\/7\\\/2022\\\/02\\\/Buy-U-47700-POWDER.jpg\",\"datePublished\":\"2022-02-22T02:48:56+00:00\",\"dateModified\":\"2022-03-19T00:24:23+00:00\",\"description\":\"Kupite U-47700 Powder UK, Evropa, Azija, Kitajska v na\u0161i spletni trgovini bestglobalmeds.com s hitro dostavo po vsem svetu! Najbolj\u0161i prah U-47700 za naro\u010danje boste na\u0161li tukaj!\",\"breadcrumb\":{\"@id\":\"https:\\\/\\\/medicinasinc.com\\\/sl\\\/product\\\/buy-u-47700-prah\\\/#breadcrumb\"},\"inLanguage\":\"en-US\",\"potentialAction\":[{\"@type\":\"ReadAction\",\"target\":[\"https:\\\/\\\/medicinasinc.com\\\/sl\\\/product\\\/buy-u-47700-prah\\\/\"]}]},{\"@type\":\"ImageObject\",\"inLanguage\":\"en-US\",\"@id\":\"https:\\\/\\\/medicinasinc.com\\\/sl\\\/product\\\/buy-u-47700-prah\\\/#primaryimage\",\"url\":\"https:\\\/\\\/medicinasinc.com\\\/sl\\\/wp-content\\\/uploads\\\/sites\\\/7\\\/2022\\\/02\\\/Buy-U-47700-POWDER.jpg\",\"contentUrl\":\"https:\\\/\\\/medicinasinc.com\\\/sl\\\/wp-content\\\/uploads\\\/sites\\\/7\\\/2022\\\/02\\\/Buy-U-47700-POWDER.jpg\",\"width\":600,\"height\":600},{\"@type\":\"BreadcrumbList\",\"@id\":\"https:\\\/\\\/medicinasinc.com\\\/sl\\\/product\\\/buy-u-47700-prah\\\/#breadcrumb\",\"itemListElement\":[{\"@type\":\"ListItem\",\"position\":1,\"name\":\"Nakupujte\",\"item\":\"https:\\\/\\\/medicinasinc.com\\\/sl\\\/nakupujte\\\/\"},{\"@type\":\"ListItem\",\"position\":2,\"name\":\"Kupite prah U-47700\"}]},{\"@type\":\"WebSite\",\"@id\":\"https:\\\/\\\/medicinasinc.com\\\/sl\\\/#website\",\"url\":\"https:\\\/\\\/medicinasinc.com\\\/sl\\\/\",\"name\":\"Medicinas Inc\",\"description\":\"Health Medical Clinic\",\"potentialAction\":[{\"@type\":\"SearchAction\",\"target\":{\"@type\":\"EntryPoint\",\"urlTemplate\":\"https:\\\/\\\/medicinasinc.com\\\/sl\\\/?s={search_term_string}\"},\"query-input\":{\"@type\":\"PropertyValueSpecification\",\"valueRequired\":true,\"valueName\":\"search_term_string\"}}],\"inLanguage\":\"en-US\"}]}<\/script>\n<!-- \/ Yoast SEO plugin. -->","yoast_head_json":{"title":"Nakup U-47700 v prahu - U-47700 v prahu na spletu - Najbolj\u0161a zdravila v svetu","description":"Kupite U-47700 Powder UK, Evropa, Azija, Kitajska v na\u0161i spletni trgovini bestglobalmeds.com s hitro dostavo po vsem svetu! Najbolj\u0161i prah U-47700 za naro\u010danje boste na\u0161li tukaj!","robots":{"index":"index","follow":"follow","max-snippet":"max-snippet:-1","max-image-preview":"max-image-preview:large","max-video-preview":"max-video-preview:-1"},"canonical":"https:\/\/medicinasinc.com\/sl\/product\/buy-u-47700-prah\/","og_locale":"en_US","og_type":"article","og_title":"Nakup U-47700 v prahu - U-47700 v prahu na spletu - Najbolj\u0161a zdravila v svetu","og_description":"Kupite U-47700 Powder UK, Evropa, Azija, Kitajska v na\u0161i spletni trgovini bestglobalmeds.com s hitro dostavo po vsem svetu! Najbolj\u0161i prah U-47700 za naro\u010danje boste na\u0161li tukaj!","og_url":"https:\/\/medicinasinc.com\/sl\/product\/buy-u-47700-prah\/","og_site_name":"Medicinas Inc","article_modified_time":"2022-03-19T00:24:23+00:00","og_image":[{"width":600,"height":600,"url":"https:\/\/medicinasinc.com\/sl\/wp-content\/uploads\/sites\/7\/2022\/02\/Buy-U-47700-POWDER.jpg","type":"image\/jpeg"}],"twitter_card":"summary_large_image","twitter_misc":{"Est. reading time":"1 minute"},"schema":{"@context":"https:\/\/schema.org","@graph":[{"@type":"WebPage","@id":"https:\/\/medicinasinc.com\/sl\/product\/buy-u-47700-prah\/","url":"https:\/\/medicinasinc.com\/sl\/product\/buy-u-47700-prah\/","name":"Nakup U-47700 v prahu - U-47700 v prahu na spletu - Najbolj\u0161a zdravila v svetu","isPartOf":{"@id":"https:\/\/medicinasinc.com\/sl\/#website"},"primaryImageOfPage":{"@id":"https:\/\/medicinasinc.com\/sl\/product\/buy-u-47700-prah\/#primaryimage"},"image":{"@id":"https:\/\/medicinasinc.com\/sl\/product\/buy-u-47700-prah\/#primaryimage"},"thumbnailUrl":"https:\/\/medicinasinc.com\/sl\/wp-content\/uploads\/sites\/7\/2022\/02\/Buy-U-47700-POWDER.jpg","datePublished":"2022-02-22T02:48:56+00:00","dateModified":"2022-03-19T00:24:23+00:00","description":"Kupite U-47700 Powder UK, Evropa, Azija, Kitajska v na\u0161i spletni trgovini bestglobalmeds.com s hitro dostavo po vsem svetu! Najbolj\u0161i prah U-47700 za naro\u010danje boste na\u0161li tukaj!","breadcrumb":{"@id":"https:\/\/medicinasinc.com\/sl\/product\/buy-u-47700-prah\/#breadcrumb"},"inLanguage":"en-US","potentialAction":[{"@type":"ReadAction","target":["https:\/\/medicinasinc.com\/sl\/product\/buy-u-47700-prah\/"]}]},{"@type":"ImageObject","inLanguage":"en-US","@id":"https:\/\/medicinasinc.com\/sl\/product\/buy-u-47700-prah\/#primaryimage","url":"https:\/\/medicinasinc.com\/sl\/wp-content\/uploads\/sites\/7\/2022\/02\/Buy-U-47700-POWDER.jpg","contentUrl":"https:\/\/medicinasinc.com\/sl\/wp-content\/uploads\/sites\/7\/2022\/02\/Buy-U-47700-POWDER.jpg","width":600,"height":600},{"@type":"BreadcrumbList","@id":"https:\/\/medicinasinc.com\/sl\/product\/buy-u-47700-prah\/#breadcrumb","itemListElement":[{"@type":"ListItem","position":1,"name":"Nakupujte","item":"https:\/\/medicinasinc.com\/sl\/nakupujte\/"},{"@type":"ListItem","position":2,"name":"Kupite prah U-47700"}]},{"@type":"WebSite","@id":"https:\/\/medicinasinc.com\/sl\/#website","url":"https:\/\/medicinasinc.com\/sl\/","name":"Medicinas Inc","description":"Health Medical Clinic","potentialAction":[{"@type":"SearchAction","target":{"@type":"EntryPoint","urlTemplate":"https:\/\/medicinasinc.com\/sl\/?s={search_term_string}"},"query-input":{"@type":"PropertyValueSpecification","valueRequired":true,"valueName":"search_term_string"}}],"inLanguage":"en-US"}]}},"_links":{"self":[{"href":"https:\/\/medicinasinc.com\/sl\/wp-json\/wp\/v2\/product\/5617","targetHints":{"allow":["GET"]}}],"collection":[{"href":"https:\/\/medicinasinc.com\/sl\/wp-json\/wp\/v2\/product"}],"about":[{"href":"https:\/\/medicinasinc.com\/sl\/wp-json\/wp\/v2\/types\/product"}],"replies":[{"embeddable":true,"href":"https:\/\/medicinasinc.com\/sl\/wp-json\/wp\/v2\/comments?post=5617"}],"wp:featuredmedia":[{"embeddable":true,"href":"https:\/\/medicinasinc.com\/sl\/wp-json\/wp\/v2\/media\/5629"}],"wp:attachment":[{"href":"https:\/\/medicinasinc.com\/sl\/wp-json\/wp\/v2\/media?parent=5617"}],"wp:term":[{"taxonomy":"product_brand","embeddable":true,"href":"https:\/\/medicinasinc.com\/sl\/wp-json\/wp\/v2\/product_brand?post=5617"},{"taxonomy":"product_cat","embeddable":true,"href":"https:\/\/medicinasinc.com\/sl\/wp-json\/wp\/v2\/product_cat?post=5617"},{"taxonomy":"product_tag","embeddable":true,"href":"https:\/\/medicinasinc.com\/sl\/wp-json\/wp\/v2\/product_tag?post=5617"}],"curies":[{"name":"wp","href":"https:\/\/api.w.org\/{rel}","templated":true}]}}