{"id":5616,"date":"2022-02-22T02:47:20","date_gmt":"2022-02-22T02:47:20","guid":{"rendered":"https:\/\/medicinasinc.com\/sl\/?post_type=product&#038;p=5616"},"modified":"2022-03-19T00:24:37","modified_gmt":"2022-03-19T00:24:37","slug":"kupi-w-18-tablete","status":"publish","type":"product","link":"https:\/\/medicinasinc.com\/sl\/product\/kupi-w-18-tablete\/","title":{"rendered":"Kupite tablete W-18"},"content":{"rendered":"<p>Tablete W-18 lahko kupite.<\/p>\n<p>Kupite tablete W-18 tukaj. To je kemikalija, ki ni namenjena ljudem.<\/p>\n<p>Funkcije<br \/> Ta izdelek je bil izdelan in preizku\u0161en, da izpolnjuje standarde ISO17025:2005 in Vodnik 34:2009.<br \/> Ta izdelek je namenjen uporabiti kot analiti\u010dni referen\u010dni standard.<br \/> Na dolo\u010denih institucijah je na voljo veliko gradiva za akademske raziskave. Za cene se obrnite na na\u0161 prodajni oddelek.<br \/> W-18 (\u0161t. artikla 15480) je material, ki se lahko uporablja za testiranje. Zaradi tega je lahko zelo u\u010dinkovit pri laj\u0161anju bole\u010din. V testu zvijanja fenilkinona pri mi\u0161ih je bilo ugotovljeno, da je zelo u\u010dinkovit pri laj\u0161anju bole\u010din. 1 Ko gre za ljudi, ne vemo, kako ta snov vpliva na njihovo telo ali kako jih lahko po\u0161koduje. To je izdelek, ki se lahko uporablja za forenzi\u010dne in raziskovalne namene.<\/p>\n","protected":false},"excerpt":{"rendered":"<div class=\"woocommerce-product-details__short-description\">\n<p>Kupite tablete W-18 za prodajo v Zdru\u017eenem kraljestvu, Evropi na spletu Na\u0161i stro\u0161ki po\u0161iljanja in dostave so 100 % varni in priro\u010dni. oddajte naro\u010dilo za tablete W-18 in pridobite neverjetno kakovost pri nas<\/p>\n<p>W-18 naprodaj | Kupite W-18 na spletu | Kje kupiti W-18 na spletu &#8211; Kje kupiti tablete W-18 na spletu. Ta izdelek je bil izdelan in preizku\u0161en v skladu s smernicami ISO17025:2005 in Guide 34:2009<\/p>\n<\/p><\/div>\n","protected":false},"featured_media":5627,"comment_status":"open","ping_status":"closed","template":"","meta":[],"product_brand":[],"product_cat":[1117],"product_tag":[3308,3309,3307,3310,3311,3312,3313,3314,3315,3316,3317,3318,3319,3320,3321],"class_list":{"0":"post-5616","1":"product","2":"type-product","3":"status-publish","4":"has-post-thumbnail","6":"product_cat-kupite-tablete-proti-bolecinam-spanju-seksu","7":"product_tag-kupi-w-18-zdravila","8":"product_tag-bo-kupil-18-tablet","9":"product_tag-kupi-w-18","10":"product_tag-w-18-buy","11":"product_tag-w-18-drugs","12":"product_tag-w-18-drugs-for-sale","13":"product_tag-w-18-effect","14":"product_tag-w-18-for-sale","15":"product_tag-w-18-online","16":"product_tag-w-18-order","17":"product_tag-w-18-pills-buy","18":"product_tag-w-18-pills-effect","19":"product_tag-w-18-pills-order","20":"product_tag-w-18-pills-wholesale","21":"product_tag-w-18-reddit","23":"first","24":"instock","25":"shipping-taxable","26":"purchasable","27":"product-type-variable"},"yoast_head":"<!-- This site is optimized with the Yoast SEO plugin v27.3 - https:\/\/yoast.com\/product\/yoast-seo-wordpress\/ -->\n<title>Kupite tablete W-18 - tablete W-18 za prodajo - Best Global Meds<\/title>\n<meta name=\"description\" content=\"Kupite tablete W-18 za prodajo UK, Evropa na spletu. Na\u0161i stro\u0161ki po\u0161iljanja in dostave so 100 % varni in priro\u010dni. naro\u010dite tablete W-18 in pridobite neverjetno kakovost pri nas\" \/>\n<meta name=\"robots\" content=\"index, follow, max-snippet:-1, max-image-preview:large, max-video-preview:-1\" \/>\n<link rel=\"canonical\" href=\"https:\/\/medicinasinc.com\/sl\/product\/kupi-w-18-tablete\/\" \/>\n<meta property=\"og:locale\" content=\"en_US\" \/>\n<meta property=\"og:type\" content=\"article\" \/>\n<meta property=\"og:title\" content=\"Kupite tablete W-18 - tablete W-18 za prodajo - Best Global Meds\" \/>\n<meta property=\"og:description\" content=\"Kupite tablete W-18 za prodajo UK, Evropa na spletu. Na\u0161i stro\u0161ki po\u0161iljanja in dostave so 100 % varni in priro\u010dni. naro\u010dite tablete W-18 in pridobite neverjetno kakovost pri nas\" \/>\n<meta property=\"og:url\" content=\"https:\/\/medicinasinc.com\/sl\/product\/kupi-w-18-tablete\/\" \/>\n<meta property=\"og:site_name\" content=\"Medicinas Inc\" \/>\n<meta property=\"article:modified_time\" content=\"2022-03-19T00:24:37+00:00\" \/>\n<meta property=\"og:image\" content=\"https:\/\/medicinasinc.com\/sl\/wp-content\/uploads\/sites\/7\/2022\/02\/Buy-W-18-Pills.jpg\" \/>\n\t<meta property=\"og:image:width\" content=\"840\" \/>\n\t<meta property=\"og:image:height\" content=\"781\" \/>\n\t<meta property=\"og:image:type\" content=\"image\/jpeg\" \/>\n<meta name=\"twitter:card\" content=\"summary_large_image\" \/>\n<meta name=\"twitter:label1\" content=\"Est. reading time\" \/>\n\t<meta name=\"twitter:data1\" content=\"1 minute\" \/>\n<script type=\"application\/ld+json\" class=\"yoast-schema-graph\">{\"@context\":\"https:\\\/\\\/schema.org\",\"@graph\":[{\"@type\":\"WebPage\",\"@id\":\"https:\\\/\\\/medicinasinc.com\\\/sl\\\/product\\\/kupi-w-18-tablete\\\/\",\"url\":\"https:\\\/\\\/medicinasinc.com\\\/sl\\\/product\\\/kupi-w-18-tablete\\\/\",\"name\":\"Kupite tablete W-18 - tablete W-18 za prodajo - Best Global Meds\",\"isPartOf\":{\"@id\":\"https:\\\/\\\/medicinasinc.com\\\/sl\\\/#website\"},\"primaryImageOfPage\":{\"@id\":\"https:\\\/\\\/medicinasinc.com\\\/sl\\\/product\\\/kupi-w-18-tablete\\\/#primaryimage\"},\"image\":{\"@id\":\"https:\\\/\\\/medicinasinc.com\\\/sl\\\/product\\\/kupi-w-18-tablete\\\/#primaryimage\"},\"thumbnailUrl\":\"https:\\\/\\\/medicinasinc.com\\\/sl\\\/wp-content\\\/uploads\\\/sites\\\/7\\\/2022\\\/02\\\/Buy-W-18-Pills.jpg\",\"datePublished\":\"2022-02-22T02:47:20+00:00\",\"dateModified\":\"2022-03-19T00:24:37+00:00\",\"description\":\"Kupite tablete W-18 za prodajo UK, Evropa na spletu. Na\u0161i stro\u0161ki po\u0161iljanja in dostave so 100 % varni in priro\u010dni. naro\u010dite tablete W-18 in pridobite neverjetno kakovost pri nas\",\"breadcrumb\":{\"@id\":\"https:\\\/\\\/medicinasinc.com\\\/sl\\\/product\\\/kupi-w-18-tablete\\\/#breadcrumb\"},\"inLanguage\":\"en-US\",\"potentialAction\":[{\"@type\":\"ReadAction\",\"target\":[\"https:\\\/\\\/medicinasinc.com\\\/sl\\\/product\\\/kupi-w-18-tablete\\\/\"]}]},{\"@type\":\"ImageObject\",\"inLanguage\":\"en-US\",\"@id\":\"https:\\\/\\\/medicinasinc.com\\\/sl\\\/product\\\/kupi-w-18-tablete\\\/#primaryimage\",\"url\":\"https:\\\/\\\/medicinasinc.com\\\/sl\\\/wp-content\\\/uploads\\\/sites\\\/7\\\/2022\\\/02\\\/Buy-W-18-Pills.jpg\",\"contentUrl\":\"https:\\\/\\\/medicinasinc.com\\\/sl\\\/wp-content\\\/uploads\\\/sites\\\/7\\\/2022\\\/02\\\/Buy-W-18-Pills.jpg\",\"width\":840,\"height\":781},{\"@type\":\"BreadcrumbList\",\"@id\":\"https:\\\/\\\/medicinasinc.com\\\/sl\\\/product\\\/kupi-w-18-tablete\\\/#breadcrumb\",\"itemListElement\":[{\"@type\":\"ListItem\",\"position\":1,\"name\":\"Nakupujte\",\"item\":\"https:\\\/\\\/medicinasinc.com\\\/sl\\\/nakupujte\\\/\"},{\"@type\":\"ListItem\",\"position\":2,\"name\":\"Kupite tablete W-18\"}]},{\"@type\":\"WebSite\",\"@id\":\"https:\\\/\\\/medicinasinc.com\\\/sl\\\/#website\",\"url\":\"https:\\\/\\\/medicinasinc.com\\\/sl\\\/\",\"name\":\"Medicinas Inc\",\"description\":\"Health Medical Clinic\",\"potentialAction\":[{\"@type\":\"SearchAction\",\"target\":{\"@type\":\"EntryPoint\",\"urlTemplate\":\"https:\\\/\\\/medicinasinc.com\\\/sl\\\/?s={search_term_string}\"},\"query-input\":{\"@type\":\"PropertyValueSpecification\",\"valueRequired\":true,\"valueName\":\"search_term_string\"}}],\"inLanguage\":\"en-US\"}]}<\/script>\n<!-- \/ Yoast SEO plugin. -->","yoast_head_json":{"title":"Kupite tablete W-18 - tablete W-18 za prodajo - Best Global Meds","description":"Kupite tablete W-18 za prodajo UK, Evropa na spletu. Na\u0161i stro\u0161ki po\u0161iljanja in dostave so 100 % varni in priro\u010dni. naro\u010dite tablete W-18 in pridobite neverjetno kakovost pri nas","robots":{"index":"index","follow":"follow","max-snippet":"max-snippet:-1","max-image-preview":"max-image-preview:large","max-video-preview":"max-video-preview:-1"},"canonical":"https:\/\/medicinasinc.com\/sl\/product\/kupi-w-18-tablete\/","og_locale":"en_US","og_type":"article","og_title":"Kupite tablete W-18 - tablete W-18 za prodajo - Best Global Meds","og_description":"Kupite tablete W-18 za prodajo UK, Evropa na spletu. Na\u0161i stro\u0161ki po\u0161iljanja in dostave so 100 % varni in priro\u010dni. naro\u010dite tablete W-18 in pridobite neverjetno kakovost pri nas","og_url":"https:\/\/medicinasinc.com\/sl\/product\/kupi-w-18-tablete\/","og_site_name":"Medicinas Inc","article_modified_time":"2022-03-19T00:24:37+00:00","og_image":[{"width":840,"height":781,"url":"https:\/\/medicinasinc.com\/sl\/wp-content\/uploads\/sites\/7\/2022\/02\/Buy-W-18-Pills.jpg","type":"image\/jpeg"}],"twitter_card":"summary_large_image","twitter_misc":{"Est. reading time":"1 minute"},"schema":{"@context":"https:\/\/schema.org","@graph":[{"@type":"WebPage","@id":"https:\/\/medicinasinc.com\/sl\/product\/kupi-w-18-tablete\/","url":"https:\/\/medicinasinc.com\/sl\/product\/kupi-w-18-tablete\/","name":"Kupite tablete W-18 - tablete W-18 za prodajo - Best Global Meds","isPartOf":{"@id":"https:\/\/medicinasinc.com\/sl\/#website"},"primaryImageOfPage":{"@id":"https:\/\/medicinasinc.com\/sl\/product\/kupi-w-18-tablete\/#primaryimage"},"image":{"@id":"https:\/\/medicinasinc.com\/sl\/product\/kupi-w-18-tablete\/#primaryimage"},"thumbnailUrl":"https:\/\/medicinasinc.com\/sl\/wp-content\/uploads\/sites\/7\/2022\/02\/Buy-W-18-Pills.jpg","datePublished":"2022-02-22T02:47:20+00:00","dateModified":"2022-03-19T00:24:37+00:00","description":"Kupite tablete W-18 za prodajo UK, Evropa na spletu. Na\u0161i stro\u0161ki po\u0161iljanja in dostave so 100 % varni in priro\u010dni. naro\u010dite tablete W-18 in pridobite neverjetno kakovost pri nas","breadcrumb":{"@id":"https:\/\/medicinasinc.com\/sl\/product\/kupi-w-18-tablete\/#breadcrumb"},"inLanguage":"en-US","potentialAction":[{"@type":"ReadAction","target":["https:\/\/medicinasinc.com\/sl\/product\/kupi-w-18-tablete\/"]}]},{"@type":"ImageObject","inLanguage":"en-US","@id":"https:\/\/medicinasinc.com\/sl\/product\/kupi-w-18-tablete\/#primaryimage","url":"https:\/\/medicinasinc.com\/sl\/wp-content\/uploads\/sites\/7\/2022\/02\/Buy-W-18-Pills.jpg","contentUrl":"https:\/\/medicinasinc.com\/sl\/wp-content\/uploads\/sites\/7\/2022\/02\/Buy-W-18-Pills.jpg","width":840,"height":781},{"@type":"BreadcrumbList","@id":"https:\/\/medicinasinc.com\/sl\/product\/kupi-w-18-tablete\/#breadcrumb","itemListElement":[{"@type":"ListItem","position":1,"name":"Nakupujte","item":"https:\/\/medicinasinc.com\/sl\/nakupujte\/"},{"@type":"ListItem","position":2,"name":"Kupite tablete W-18"}]},{"@type":"WebSite","@id":"https:\/\/medicinasinc.com\/sl\/#website","url":"https:\/\/medicinasinc.com\/sl\/","name":"Medicinas Inc","description":"Health Medical Clinic","potentialAction":[{"@type":"SearchAction","target":{"@type":"EntryPoint","urlTemplate":"https:\/\/medicinasinc.com\/sl\/?s={search_term_string}"},"query-input":{"@type":"PropertyValueSpecification","valueRequired":true,"valueName":"search_term_string"}}],"inLanguage":"en-US"}]}},"_links":{"self":[{"href":"https:\/\/medicinasinc.com\/sl\/wp-json\/wp\/v2\/product\/5616","targetHints":{"allow":["GET"]}}],"collection":[{"href":"https:\/\/medicinasinc.com\/sl\/wp-json\/wp\/v2\/product"}],"about":[{"href":"https:\/\/medicinasinc.com\/sl\/wp-json\/wp\/v2\/types\/product"}],"replies":[{"embeddable":true,"href":"https:\/\/medicinasinc.com\/sl\/wp-json\/wp\/v2\/comments?post=5616"}],"wp:featuredmedia":[{"embeddable":true,"href":"https:\/\/medicinasinc.com\/sl\/wp-json\/wp\/v2\/media\/5627"}],"wp:attachment":[{"href":"https:\/\/medicinasinc.com\/sl\/wp-json\/wp\/v2\/media?parent=5616"}],"wp:term":[{"taxonomy":"product_brand","embeddable":true,"href":"https:\/\/medicinasinc.com\/sl\/wp-json\/wp\/v2\/product_brand?post=5616"},{"taxonomy":"product_cat","embeddable":true,"href":"https:\/\/medicinasinc.com\/sl\/wp-json\/wp\/v2\/product_cat?post=5616"},{"taxonomy":"product_tag","embeddable":true,"href":"https:\/\/medicinasinc.com\/sl\/wp-json\/wp\/v2\/product_tag?post=5616"}],"curies":[{"name":"wp","href":"https:\/\/api.w.org\/{rel}","templated":true}]}}